{"id":13771,"date":"2022-02-28T15:21:00","date_gmt":"2022-02-28T13:21:00","guid":{"rendered":"https:\/\/drasanvi.com\/fr\/?post_type=product&#038;p=13771"},"modified":"2022-03-15T17:36:01","modified_gmt":"2022-03-15T15:36:01","slug":"vitamolas-defensas-ninos","status":"publish","type":"product","link":"https:\/\/drasanvi.com\/fr\/producto\/vitamolas-defensas-ninos\/","title":{"rendered":"Vitamolas defensas ni\u00f1os"},"content":{"rendered":"<h2>Ingredientes<\/h2>\n<p>Ingredientes mg \/ Dosis diaria) Extractos seco Acerola Malpighia punicifolia L. (Extracto 10:1) con aporte en Vitamina C (25%) 160mg. 40mg Pr\u00f3polis (al 10% galangina) 50mg. 5mg Extracto seco Equinacea Echinacea P\u00farpurea con aporte al 4%flavonoides 2% \u00e1cido chic\u00f3rico 50mg 2mg1mg Jalea real liofilizada al 4% 10HDA 50mg 2mg Otros Ingredientes: Jarabe maltitol (edulcorante), jarabe sorbitol (edulcorante), maltitol en polvo (edulcorante), pectina (gelificante), agua, \u00e1cido c\u00edtrico (acidificante), aroma de cereza, carmin y di\u00f3xido de titanio (colorante). Sin conservantes ni az\u00facares a\u00f1adidos.<\/p>\n<h2>Modo de uso<\/h2>\n<p>Tomar 2 gominolas al d\u00eda, 1 en el desayuno y 1 al mediod\u00eda.<\/p>\n<h3>Presentaci\u00f3n<\/h3>\n<p>Envase de 60\u00a0gominolas de 2,5 g. Peso total 150 g (5,2 oz)<\/p>\n<h3>Advertencias<\/h3>\n<p>Complemento alimenticio a base de plantas con edulcorantes. Los complementos alimenticios no deben utilizarse como sustituto de una dieta equilibrada. No superar la dosis diaria expresamente recomendada. Mantener fuera del alcance de los ni\u00f1os m\u00e1s peque\u00f1os. Conservar en un lugar fresco y seco. Tomar el producto con mucha agua para asegurarse de que la sustancia llega al est\u00f3mago. Se advierte de peligro de asfixia para personas con problemas de degluci\u00f3n. Evitar el consumo junto con medicamentos y otros complementos alimenticios a base de fibra.<\/p>\n<h2>Informaci\u00f3n adicional<\/h2>\n<p>Ingrediente Descripcion Cantidad dosis diaria (2 gominolas) Edulcorante (Jarabe de maltitol) 3063 mg \u00a0 (Jarabe de sorbitol) 950 mg \u00a0 (Maltitol en polvo) 500 mg Extracto seco Acerola (Malpighia punicifolia L. ratio 10:1, Vitamina C 25%) 160 mg Pectina de frutas \u00a0 100 mg Pr\u00f3polis (galangina 10%) 50 mg Extracto seco Equinacena (Echinacea p\u00farpurea (L) Moench.\u00a04%flavonoides 2% \u00e1cido chic\u00f3rico) 50 mg Jalea real liofilizada (4% 10HDA) 50 mg Agua \u00a0 25 mg Acidultane (\u00c1cido c\u00edtrico) 25 mg Aroma\u00a0 (Aroma cereza) 20 mg Colorante (carm\u00edn y di\u00f3xido de titanio) 7 mg<\/p>\n<p>Por 100 g Por dosis diaria (2 gominolas) Valor energ\u00e9tico 1456 kJ &#8211; 347 kcal 73 kJ-17,35 kcal Grasas<\/p>\n","protected":false},"excerpt":{"rendered":"<p>Las Vitamolas de Drasanvi son gominolas elaboradas a base de pectina de fruta (sin gelatina) sin az\u00facares y sin al\u00e9rgenos.Complemento alimenticio en forma de gominola creada para ni\u00f1os, con Acerola, Echinacea, Pr\u00f3polis (estandarizo al 10% en galangina, la cual indica la calidad del extracto) y Jalea Real (con el fin de conservar todas las propiedades hemos utilizado Jalea Real liofilizada).Por su contenido en Vitamina C contribuye al funcionamiento normal del sistema inmunitario<br \/>\n<a id=\"boton-ficha\" href=\"https:\/\/panel.drasanvi.com\/fichas\/1\/032050593\" target=\"_blank\" rel=\"noopener\">Ficha t\u00e9cnica<\/a><\/p>\n","protected":false},"featured_media":20921,"template":"","meta":{"inline_featured_image":false},"product_cat":[96,108,118],"product_tag":[],"class_list":["post-13771","product","type-product","status-publish","has-post-thumbnail","hentry","product_cat-defensa-invierno","product_cat-ninos","product_cat-vitaminas-minerales","pa_contiene-altramuces-no","pa_contiene-apio-no","pa_contiene-cacahuetes-no","pa_contiene-crustaceos-no","pa_contiene-frutos-secos-no","pa_contiene-huevo-no","pa_contiene-leche-no","pa_contiene-moluscos-no","pa_contiene-mostaza-no","pa_contiene-pescado-no","pa_contiene-sesamo-no","pa_contiene-soja-no","pa_producto-bio-no","pa_producto-sin-gluten-si","pa_producto-vegano-no","pa_producto-vegetariano-no"],"yoast_head":"<!-- This site is optimized with the Yoast SEO plugin v27.5 - https:\/\/yoast.com\/product\/yoast-seo-wordpress\/ -->\n<title>Vitamolas defensas ni\u00f1os - Drasanvi Francia<\/title>\n<meta name=\"robots\" content=\"index, follow, max-snippet:-1, max-image-preview:large, max-video-preview:-1\" \/>\n<link rel=\"canonical\" href=\"https:\/\/drasanvi.com\/fr\/producto\/vitamolas-defensas-ninos\/\" \/>\n<meta property=\"og:locale\" content=\"fr_FR\" \/>\n<meta property=\"og:type\" content=\"article\" \/>\n<meta property=\"og:title\" content=\"Vitamolas defensas ni\u00f1os - Drasanvi Francia\" \/>\n<meta property=\"og:description\" content=\"Las Vitamolas de Drasanvi son gominolas elaboradas a base de pectina de fruta (sin gelatina) sin az\u00facares y sin al\u00e9rgenos.Complemento alimenticio en forma de gominola creada para ni\u00f1os, con Acerola, Echinacea, Pr\u00f3polis (estandarizo al 10% en galangina, la cual indica la calidad del extracto) y Jalea Real (con el fin de conservar todas las propiedades hemos utilizado Jalea Real liofilizada).Por su contenido en Vitamina C contribuye al funcionamiento normal del sistema inmunitario Ficha t\u00e9cnica\" \/>\n<meta property=\"og:url\" content=\"https:\/\/drasanvi.com\/fr\/producto\/vitamolas-defensas-ninos\/\" \/>\n<meta property=\"og:site_name\" content=\"Drasanvi Francia\" \/>\n<meta property=\"article:modified_time\" content=\"2022-03-15T15:36:01+00:00\" \/>\n<meta property=\"og:image\" content=\"https:\/\/drasanvi.com\/wp-content\/uploads\/sites\/7\/2022\/02\/032050593.png\" \/>\n\t<meta property=\"og:image:width\" content=\"1000\" \/>\n\t<meta property=\"og:image:height\" content=\"1000\" \/>\n\t<meta property=\"og:image:type\" content=\"image\/png\" \/>\n<meta name=\"twitter:card\" content=\"summary_large_image\" \/>\n<script type=\"application\/ld+json\" class=\"yoast-schema-graph\">{\"@context\":\"https:\\\/\\\/schema.org\",\"@graph\":[{\"@type\":\"WebPage\",\"@id\":\"https:\\\/\\\/drasanvi.com\\\/fr\\\/producto\\\/vitamolas-defensas-ninos\\\/\",\"url\":\"https:\\\/\\\/drasanvi.com\\\/fr\\\/producto\\\/vitamolas-defensas-ninos\\\/\",\"name\":\"Vitamolas defensas ni\u00f1os - Drasanvi Francia\",\"isPartOf\":{\"@id\":\"https:\\\/\\\/drasanvi.com\\\/fr\\\/#website\"},\"primaryImageOfPage\":{\"@id\":\"https:\\\/\\\/drasanvi.com\\\/fr\\\/producto\\\/vitamolas-defensas-ninos\\\/#primaryimage\"},\"image\":{\"@id\":\"https:\\\/\\\/drasanvi.com\\\/fr\\\/producto\\\/vitamolas-defensas-ninos\\\/#primaryimage\"},\"thumbnailUrl\":\"https:\\\/\\\/drasanvi.com\\\/fr\\\/wp-content\\\/uploads\\\/sites\\\/7\\\/2022\\\/02\\\/032050593.png\",\"datePublished\":\"2022-02-28T13:21:00+00:00\",\"dateModified\":\"2022-03-15T15:36:01+00:00\",\"breadcrumb\":{\"@id\":\"https:\\\/\\\/drasanvi.com\\\/fr\\\/producto\\\/vitamolas-defensas-ninos\\\/#breadcrumb\"},\"inLanguage\":\"fr-FR\",\"potentialAction\":[{\"@type\":\"ReadAction\",\"target\":[\"https:\\\/\\\/drasanvi.com\\\/fr\\\/producto\\\/vitamolas-defensas-ninos\\\/\"]}]},{\"@type\":\"ImageObject\",\"inLanguage\":\"fr-FR\",\"@id\":\"https:\\\/\\\/drasanvi.com\\\/fr\\\/producto\\\/vitamolas-defensas-ninos\\\/#primaryimage\",\"url\":\"https:\\\/\\\/drasanvi.com\\\/fr\\\/wp-content\\\/uploads\\\/sites\\\/7\\\/2022\\\/02\\\/032050593.png\",\"contentUrl\":\"https:\\\/\\\/drasanvi.com\\\/fr\\\/wp-content\\\/uploads\\\/sites\\\/7\\\/2022\\\/02\\\/032050593.png\",\"width\":1000,\"height\":1000},{\"@type\":\"BreadcrumbList\",\"@id\":\"https:\\\/\\\/drasanvi.com\\\/fr\\\/producto\\\/vitamolas-defensas-ninos\\\/#breadcrumb\",\"itemListElement\":[{\"@type\":\"ListItem\",\"position\":1,\"name\":\"Portada\",\"item\":\"https:\\\/\\\/drasanvi.com\\\/fr\\\/\"},{\"@type\":\"ListItem\",\"position\":2,\"name\":\"Tienda\",\"item\":\"https:\\\/\\\/drasanvi.com\\\/fr\\\/tienda\\\/\"},{\"@type\":\"ListItem\",\"position\":3,\"name\":\"Vitamolas defensas ni\u00f1os\"}]},{\"@type\":\"WebSite\",\"@id\":\"https:\\\/\\\/drasanvi.com\\\/fr\\\/#website\",\"url\":\"https:\\\/\\\/drasanvi.com\\\/fr\\\/\",\"name\":\"Drasanvi Francia\",\"description\":\"L\u00edder en complementos alimenticios y cosm\u00e9tica natural.\",\"publisher\":{\"@id\":\"https:\\\/\\\/drasanvi.com\\\/fr\\\/#organization\"},\"potentialAction\":[{\"@type\":\"SearchAction\",\"target\":{\"@type\":\"EntryPoint\",\"urlTemplate\":\"https:\\\/\\\/drasanvi.com\\\/fr\\\/?s={search_term_string}\"},\"query-input\":{\"@type\":\"PropertyValueSpecification\",\"valueRequired\":true,\"valueName\":\"search_term_string\"}}],\"inLanguage\":\"fr-FR\"},{\"@type\":\"Organization\",\"@id\":\"https:\\\/\\\/drasanvi.com\\\/fr\\\/#organization\",\"name\":\"Drasanvi\",\"url\":\"https:\\\/\\\/drasanvi.com\\\/fr\\\/\",\"logo\":{\"@type\":\"ImageObject\",\"inLanguage\":\"fr-FR\",\"@id\":\"https:\\\/\\\/drasanvi.com\\\/fr\\\/#\\\/schema\\\/logo\\\/image\\\/\",\"url\":\"https:\\\/\\\/drasanvi.com\\\/wp-content\\\/uploads\\\/sites\\\/7\\\/2021\\\/07\\\/logo-drasanvi.png\",\"contentUrl\":\"https:\\\/\\\/drasanvi.com\\\/wp-content\\\/uploads\\\/sites\\\/7\\\/2021\\\/07\\\/logo-drasanvi.png\",\"width\":900,\"height\":300,\"caption\":\"Drasanvi\"},\"image\":{\"@id\":\"https:\\\/\\\/drasanvi.com\\\/fr\\\/#\\\/schema\\\/logo\\\/image\\\/\"}}]}<\/script>\n<!-- \/ Yoast SEO plugin. -->","yoast_head_json":{"title":"Vitamolas defensas ni\u00f1os - Drasanvi Francia","robots":{"index":"index","follow":"follow","max-snippet":"max-snippet:-1","max-image-preview":"max-image-preview:large","max-video-preview":"max-video-preview:-1"},"canonical":"https:\/\/drasanvi.com\/fr\/producto\/vitamolas-defensas-ninos\/","og_locale":"fr_FR","og_type":"article","og_title":"Vitamolas defensas ni\u00f1os - Drasanvi Francia","og_description":"Las Vitamolas de Drasanvi son gominolas elaboradas a base de pectina de fruta (sin gelatina) sin az\u00facares y sin al\u00e9rgenos.Complemento alimenticio en forma de gominola creada para ni\u00f1os, con Acerola, Echinacea, Pr\u00f3polis (estandarizo al 10% en galangina, la cual indica la calidad del extracto) y Jalea Real (con el fin de conservar todas las propiedades hemos utilizado Jalea Real liofilizada).Por su contenido en Vitamina C contribuye al funcionamiento normal del sistema inmunitario Ficha t\u00e9cnica","og_url":"https:\/\/drasanvi.com\/fr\/producto\/vitamolas-defensas-ninos\/","og_site_name":"Drasanvi Francia","article_modified_time":"2022-03-15T15:36:01+00:00","og_image":[{"width":1000,"height":1000,"url":"https:\/\/drasanvi.com\/wp-content\/uploads\/sites\/7\/2022\/02\/032050593.png","type":"image\/png"}],"twitter_card":"summary_large_image","schema":{"@context":"https:\/\/schema.org","@graph":[{"@type":"WebPage","@id":"https:\/\/drasanvi.com\/fr\/producto\/vitamolas-defensas-ninos\/","url":"https:\/\/drasanvi.com\/fr\/producto\/vitamolas-defensas-ninos\/","name":"Vitamolas defensas ni\u00f1os - Drasanvi Francia","isPartOf":{"@id":"https:\/\/drasanvi.com\/fr\/#website"},"primaryImageOfPage":{"@id":"https:\/\/drasanvi.com\/fr\/producto\/vitamolas-defensas-ninos\/#primaryimage"},"image":{"@id":"https:\/\/drasanvi.com\/fr\/producto\/vitamolas-defensas-ninos\/#primaryimage"},"thumbnailUrl":"https:\/\/drasanvi.com\/fr\/wp-content\/uploads\/sites\/7\/2022\/02\/032050593.png","datePublished":"2022-02-28T13:21:00+00:00","dateModified":"2022-03-15T15:36:01+00:00","breadcrumb":{"@id":"https:\/\/drasanvi.com\/fr\/producto\/vitamolas-defensas-ninos\/#breadcrumb"},"inLanguage":"fr-FR","potentialAction":[{"@type":"ReadAction","target":["https:\/\/drasanvi.com\/fr\/producto\/vitamolas-defensas-ninos\/"]}]},{"@type":"ImageObject","inLanguage":"fr-FR","@id":"https:\/\/drasanvi.com\/fr\/producto\/vitamolas-defensas-ninos\/#primaryimage","url":"https:\/\/drasanvi.com\/fr\/wp-content\/uploads\/sites\/7\/2022\/02\/032050593.png","contentUrl":"https:\/\/drasanvi.com\/fr\/wp-content\/uploads\/sites\/7\/2022\/02\/032050593.png","width":1000,"height":1000},{"@type":"BreadcrumbList","@id":"https:\/\/drasanvi.com\/fr\/producto\/vitamolas-defensas-ninos\/#breadcrumb","itemListElement":[{"@type":"ListItem","position":1,"name":"Portada","item":"https:\/\/drasanvi.com\/fr\/"},{"@type":"ListItem","position":2,"name":"Tienda","item":"https:\/\/drasanvi.com\/fr\/tienda\/"},{"@type":"ListItem","position":3,"name":"Vitamolas defensas ni\u00f1os"}]},{"@type":"WebSite","@id":"https:\/\/drasanvi.com\/fr\/#website","url":"https:\/\/drasanvi.com\/fr\/","name":"Drasanvi Francia","description":"L\u00edder en complementos alimenticios y cosm\u00e9tica natural.","publisher":{"@id":"https:\/\/drasanvi.com\/fr\/#organization"},"potentialAction":[{"@type":"SearchAction","target":{"@type":"EntryPoint","urlTemplate":"https:\/\/drasanvi.com\/fr\/?s={search_term_string}"},"query-input":{"@type":"PropertyValueSpecification","valueRequired":true,"valueName":"search_term_string"}}],"inLanguage":"fr-FR"},{"@type":"Organization","@id":"https:\/\/drasanvi.com\/fr\/#organization","name":"Drasanvi","url":"https:\/\/drasanvi.com\/fr\/","logo":{"@type":"ImageObject","inLanguage":"fr-FR","@id":"https:\/\/drasanvi.com\/fr\/#\/schema\/logo\/image\/","url":"https:\/\/drasanvi.com\/wp-content\/uploads\/sites\/7\/2021\/07\/logo-drasanvi.png","contentUrl":"https:\/\/drasanvi.com\/wp-content\/uploads\/sites\/7\/2021\/07\/logo-drasanvi.png","width":900,"height":300,"caption":"Drasanvi"},"image":{"@id":"https:\/\/drasanvi.com\/fr\/#\/schema\/logo\/image\/"}}]}},"_links":{"self":[{"href":"https:\/\/drasanvi.com\/fr\/wp-json\/wp\/v2\/product\/13771","targetHints":{"allow":["GET"]}}],"collection":[{"href":"https:\/\/drasanvi.com\/fr\/wp-json\/wp\/v2\/product"}],"about":[{"href":"https:\/\/drasanvi.com\/fr\/wp-json\/wp\/v2\/types\/product"}],"version-history":[{"count":0,"href":"https:\/\/drasanvi.com\/fr\/wp-json\/wp\/v2\/product\/13771\/revisions"}],"wp:featuredmedia":[{"embeddable":true,"href":"https:\/\/drasanvi.com\/fr\/wp-json\/wp\/v2\/media\/20921"}],"wp:attachment":[{"href":"https:\/\/drasanvi.com\/fr\/wp-json\/wp\/v2\/media?parent=13771"}],"wp:term":[{"taxonomy":"product_cat","embeddable":true,"href":"https:\/\/drasanvi.com\/fr\/wp-json\/wp\/v2\/product_cat?post=13771"},{"taxonomy":"product_tag","embeddable":true,"href":"https:\/\/drasanvi.com\/fr\/wp-json\/wp\/v2\/product_tag?post=13771"}],"curies":[{"name":"wp","href":"https:\/\/api.w.org\/{rel}","templated":true}]}}