{"id":13763,"date":"2022-02-28T15:21:00","date_gmt":"2022-02-28T13:21:00","guid":{"rendered":"https:\/\/drasanvi.com\/fr\/?post_type=product&#038;p=13763"},"modified":"2022-03-15T17:36:22","modified_gmt":"2022-03-15T15:36:22","slug":"vitamolas-melatonina-19-mg-adultos","status":"publish","type":"product","link":"https:\/\/drasanvi.com\/fr\/producto\/vitamolas-melatonina-19-mg-adultos\/","title":{"rendered":"Vitamolas Melatonina 1,9 mg Adultos"},"content":{"rendered":"<h2>Ingredientes<\/h2>\n<p>Ingredientes (mg \/ dosis diaria) Melatonina (Libre de procedencia animal) 1,9 mg Otros Ingredientes: Jarabe de Maltitol, Jarabe de Sorbitol, Maltitol en polvo, Pectina, Agua, \u00c1cido c\u00edtrico, Aroma ciruela y Colorante. Sin az\u00facar<\/p>\n<h2>Modo de uso<\/h2>\n<p>Tomar 1 gominola, preferiblemente, una hora antes de acostarse.<\/p>\n<h3>Presentaci\u00f3n<\/h3>\n<p>Envase de 60 gominolas de 2,5 g. Peso total 150 g (5,2 oz)<\/p>\n<h3>Advertencias<\/h3>\n<p>Complemento alimenticio a base de melatonina y edulcorantes. Los complementos alimenticios no deben utilizarse como sustitutivos de una dieta equilibrada. No superar la dosis diaria expresamente recomendada. Mantener fuera del alcance de los ni\u00f1os m\u00e1s peque\u00f1os.Conservar en un lugar fresco y seco. Tomar el producto con mucha agua para asegurarse de que la sustancia llega al est\u00f3mago. Se advierte de peligro de asfixia para personas con problemas de degluci\u00f3n. Evitar el consumo junto con medicamentos y otros complementos alimenticios a base de fibra.<\/p>\n<h2>Informaci\u00f3n adicional<\/h2>\n<p>Ingrediente Descripcion Cantidad dosis diaria (1 gominola) Edulcorante (Jarabe de maltitol) 1639 mg Edulcorante (Jarabe sorbitol) 525 mg Edulcorante (Maltitol en polvo) 250 mg Pectina de frutas \u00a0 52,5 mg Agua \u00a0 12.5mg Acidulante (\u00c1cido c\u00edtrico) 12.5 mg Aroma\u00a0 (Aroma ciruela) 6.25 mg Melatonina (libre de procedencia animal) 1.9 mg Colorante azul FCF \u00a0 0.05 mg<\/p>\n<p>Por 100 g Por dosis diaria (1 gominola) Valor energ\u00e9tico 1531 kJ-360 kcal 38 kJ-9 kcal Grasas 0,6 g 0,015 g \u00a0de las cuales saturadas 0 g 0 g Hidratos de carbono 88,62 g 2,22 g de los cuales az\u00facares 0 g 0 g Fibra 0 g 0 g Prote\u00ednas 0,11 g 0,003 g Sal 0,63 g 0,016 g<\/p>\n","protected":false},"excerpt":{"rendered":"<p>Las Vitamolas de Drasanvi son gominolas elaboradas a base de pectina de fruta (sin gelatina) sin az\u00facares y sin al\u00e9rgenos. Las Vitamolas con Melatonina de Drasanvi contienen 1,9 mg de Melatonina pura por gominola. Estas gominolas contienen como \u00fanico principio activo la Melatonina. Esta sustancia es una hormona que, de manera natural, es segregada por la hip\u00f3fisis y regulada por la presencia de luz. Esta hormona se relaciona con el control del reloj biol\u00f3gico, sue\u00f1o-vigilia. La Melatonina tradicionalmente ha sido empleada para contribuir a aliviar la sensaci\u00f3n subjetiva del jetlag. La Melatonina contribuye a disminuir el tiempo necesario para conciliar el sue\u00f1o.<br \/>\n<a id=\"boton-ficha\" href=\"https:\/\/panel.drasanvi.com\/fichas\/1\/032050594\" target=\"_blank\" rel=\"noopener\">Ficha t\u00e9cnica<\/a><\/p>\n","protected":false},"featured_media":20923,"template":"","meta":{"inline_featured_image":false},"product_cat":[98,118],"product_tag":[],"class_list":["post-13763","product","type-product","status-publish","has-post-thumbnail","hentry","product_cat-descanso-relax","product_cat-vitaminas-minerales","pa_contiene-altramuces-no","pa_contiene-apio-no","pa_contiene-cacahuetes-no","pa_contiene-crustaceos-no","pa_contiene-frutos-secos-no","pa_contiene-huevo-no","pa_contiene-leche-no","pa_contiene-moluscos-no","pa_contiene-mostaza-no","pa_contiene-pescado-no","pa_contiene-sesamo-no","pa_contiene-soja-no","pa_producto-bio-no","pa_producto-sin-gluten-si","pa_producto-vegano-si","pa_producto-vegetariano-no"],"yoast_head":"<!-- This site is optimized with the Yoast SEO plugin v27.5 - https:\/\/yoast.com\/product\/yoast-seo-wordpress\/ -->\n<title>Vitamolas Melatonina 1,9 mg Adultos - Drasanvi Francia<\/title>\n<meta name=\"robots\" content=\"index, follow, max-snippet:-1, max-image-preview:large, max-video-preview:-1\" \/>\n<link rel=\"canonical\" href=\"https:\/\/drasanvi.com\/fr\/producto\/vitamolas-melatonina-19-mg-adultos\/\" \/>\n<meta property=\"og:locale\" content=\"fr_FR\" \/>\n<meta property=\"og:type\" content=\"article\" \/>\n<meta property=\"og:title\" content=\"Vitamolas Melatonina 1,9 mg Adultos - Drasanvi Francia\" \/>\n<meta property=\"og:description\" content=\"Las Vitamolas de Drasanvi son gominolas elaboradas a base de pectina de fruta (sin gelatina) sin az\u00facares y sin al\u00e9rgenos. Las Vitamolas con Melatonina de Drasanvi contienen 1,9 mg de Melatonina pura por gominola. Estas gominolas contienen como \u00fanico principio activo la Melatonina. Esta sustancia es una hormona que, de manera natural, es segregada por la hip\u00f3fisis y regulada por la presencia de luz. Esta hormona se relaciona con el control del reloj biol\u00f3gico, sue\u00f1o-vigilia. La Melatonina tradicionalmente ha sido empleada para contribuir a aliviar la sensaci\u00f3n subjetiva del jetlag. La Melatonina contribuye a disminuir el tiempo necesario para conciliar el sue\u00f1o. Ficha t\u00e9cnica\" \/>\n<meta property=\"og:url\" content=\"https:\/\/drasanvi.com\/fr\/producto\/vitamolas-melatonina-19-mg-adultos\/\" \/>\n<meta property=\"og:site_name\" content=\"Drasanvi Francia\" \/>\n<meta property=\"article:modified_time\" content=\"2022-03-15T15:36:22+00:00\" \/>\n<meta property=\"og:image\" content=\"https:\/\/drasanvi.com\/wp-content\/uploads\/sites\/7\/2022\/02\/032050594.png\" \/>\n\t<meta property=\"og:image:width\" content=\"1000\" \/>\n\t<meta property=\"og:image:height\" content=\"1000\" \/>\n\t<meta property=\"og:image:type\" content=\"image\/png\" \/>\n<meta name=\"twitter:card\" content=\"summary_large_image\" \/>\n<script type=\"application\/ld+json\" class=\"yoast-schema-graph\">{\"@context\":\"https:\\\/\\\/schema.org\",\"@graph\":[{\"@type\":\"WebPage\",\"@id\":\"https:\\\/\\\/drasanvi.com\\\/fr\\\/producto\\\/vitamolas-melatonina-19-mg-adultos\\\/\",\"url\":\"https:\\\/\\\/drasanvi.com\\\/fr\\\/producto\\\/vitamolas-melatonina-19-mg-adultos\\\/\",\"name\":\"Vitamolas Melatonina 1,9 mg Adultos - Drasanvi Francia\",\"isPartOf\":{\"@id\":\"https:\\\/\\\/drasanvi.com\\\/fr\\\/#website\"},\"primaryImageOfPage\":{\"@id\":\"https:\\\/\\\/drasanvi.com\\\/fr\\\/producto\\\/vitamolas-melatonina-19-mg-adultos\\\/#primaryimage\"},\"image\":{\"@id\":\"https:\\\/\\\/drasanvi.com\\\/fr\\\/producto\\\/vitamolas-melatonina-19-mg-adultos\\\/#primaryimage\"},\"thumbnailUrl\":\"https:\\\/\\\/drasanvi.com\\\/fr\\\/wp-content\\\/uploads\\\/sites\\\/7\\\/2022\\\/02\\\/032050594.png\",\"datePublished\":\"2022-02-28T13:21:00+00:00\",\"dateModified\":\"2022-03-15T15:36:22+00:00\",\"breadcrumb\":{\"@id\":\"https:\\\/\\\/drasanvi.com\\\/fr\\\/producto\\\/vitamolas-melatonina-19-mg-adultos\\\/#breadcrumb\"},\"inLanguage\":\"fr-FR\",\"potentialAction\":[{\"@type\":\"ReadAction\",\"target\":[\"https:\\\/\\\/drasanvi.com\\\/fr\\\/producto\\\/vitamolas-melatonina-19-mg-adultos\\\/\"]}]},{\"@type\":\"ImageObject\",\"inLanguage\":\"fr-FR\",\"@id\":\"https:\\\/\\\/drasanvi.com\\\/fr\\\/producto\\\/vitamolas-melatonina-19-mg-adultos\\\/#primaryimage\",\"url\":\"https:\\\/\\\/drasanvi.com\\\/fr\\\/wp-content\\\/uploads\\\/sites\\\/7\\\/2022\\\/02\\\/032050594.png\",\"contentUrl\":\"https:\\\/\\\/drasanvi.com\\\/fr\\\/wp-content\\\/uploads\\\/sites\\\/7\\\/2022\\\/02\\\/032050594.png\",\"width\":1000,\"height\":1000},{\"@type\":\"BreadcrumbList\",\"@id\":\"https:\\\/\\\/drasanvi.com\\\/fr\\\/producto\\\/vitamolas-melatonina-19-mg-adultos\\\/#breadcrumb\",\"itemListElement\":[{\"@type\":\"ListItem\",\"position\":1,\"name\":\"Portada\",\"item\":\"https:\\\/\\\/drasanvi.com\\\/fr\\\/\"},{\"@type\":\"ListItem\",\"position\":2,\"name\":\"Tienda\",\"item\":\"https:\\\/\\\/drasanvi.com\\\/fr\\\/tienda\\\/\"},{\"@type\":\"ListItem\",\"position\":3,\"name\":\"Vitamolas Melatonina 1,9 mg Adultos\"}]},{\"@type\":\"WebSite\",\"@id\":\"https:\\\/\\\/drasanvi.com\\\/fr\\\/#website\",\"url\":\"https:\\\/\\\/drasanvi.com\\\/fr\\\/\",\"name\":\"Drasanvi Francia\",\"description\":\"L\u00edder en complementos alimenticios y cosm\u00e9tica natural.\",\"publisher\":{\"@id\":\"https:\\\/\\\/drasanvi.com\\\/fr\\\/#organization\"},\"potentialAction\":[{\"@type\":\"SearchAction\",\"target\":{\"@type\":\"EntryPoint\",\"urlTemplate\":\"https:\\\/\\\/drasanvi.com\\\/fr\\\/?s={search_term_string}\"},\"query-input\":{\"@type\":\"PropertyValueSpecification\",\"valueRequired\":true,\"valueName\":\"search_term_string\"}}],\"inLanguage\":\"fr-FR\"},{\"@type\":\"Organization\",\"@id\":\"https:\\\/\\\/drasanvi.com\\\/fr\\\/#organization\",\"name\":\"Drasanvi\",\"url\":\"https:\\\/\\\/drasanvi.com\\\/fr\\\/\",\"logo\":{\"@type\":\"ImageObject\",\"inLanguage\":\"fr-FR\",\"@id\":\"https:\\\/\\\/drasanvi.com\\\/fr\\\/#\\\/schema\\\/logo\\\/image\\\/\",\"url\":\"https:\\\/\\\/drasanvi.com\\\/wp-content\\\/uploads\\\/sites\\\/7\\\/2021\\\/07\\\/logo-drasanvi.png\",\"contentUrl\":\"https:\\\/\\\/drasanvi.com\\\/wp-content\\\/uploads\\\/sites\\\/7\\\/2021\\\/07\\\/logo-drasanvi.png\",\"width\":900,\"height\":300,\"caption\":\"Drasanvi\"},\"image\":{\"@id\":\"https:\\\/\\\/drasanvi.com\\\/fr\\\/#\\\/schema\\\/logo\\\/image\\\/\"}}]}<\/script>\n<!-- \/ Yoast SEO plugin. -->","yoast_head_json":{"title":"Vitamolas Melatonina 1,9 mg Adultos - Drasanvi Francia","robots":{"index":"index","follow":"follow","max-snippet":"max-snippet:-1","max-image-preview":"max-image-preview:large","max-video-preview":"max-video-preview:-1"},"canonical":"https:\/\/drasanvi.com\/fr\/producto\/vitamolas-melatonina-19-mg-adultos\/","og_locale":"fr_FR","og_type":"article","og_title":"Vitamolas Melatonina 1,9 mg Adultos - Drasanvi Francia","og_description":"Las Vitamolas de Drasanvi son gominolas elaboradas a base de pectina de fruta (sin gelatina) sin az\u00facares y sin al\u00e9rgenos. Las Vitamolas con Melatonina de Drasanvi contienen 1,9 mg de Melatonina pura por gominola. Estas gominolas contienen como \u00fanico principio activo la Melatonina. Esta sustancia es una hormona que, de manera natural, es segregada por la hip\u00f3fisis y regulada por la presencia de luz. Esta hormona se relaciona con el control del reloj biol\u00f3gico, sue\u00f1o-vigilia. La Melatonina tradicionalmente ha sido empleada para contribuir a aliviar la sensaci\u00f3n subjetiva del jetlag. La Melatonina contribuye a disminuir el tiempo necesario para conciliar el sue\u00f1o. Ficha t\u00e9cnica","og_url":"https:\/\/drasanvi.com\/fr\/producto\/vitamolas-melatonina-19-mg-adultos\/","og_site_name":"Drasanvi Francia","article_modified_time":"2022-03-15T15:36:22+00:00","og_image":[{"width":1000,"height":1000,"url":"https:\/\/drasanvi.com\/wp-content\/uploads\/sites\/7\/2022\/02\/032050594.png","type":"image\/png"}],"twitter_card":"summary_large_image","schema":{"@context":"https:\/\/schema.org","@graph":[{"@type":"WebPage","@id":"https:\/\/drasanvi.com\/fr\/producto\/vitamolas-melatonina-19-mg-adultos\/","url":"https:\/\/drasanvi.com\/fr\/producto\/vitamolas-melatonina-19-mg-adultos\/","name":"Vitamolas Melatonina 1,9 mg Adultos - Drasanvi Francia","isPartOf":{"@id":"https:\/\/drasanvi.com\/fr\/#website"},"primaryImageOfPage":{"@id":"https:\/\/drasanvi.com\/fr\/producto\/vitamolas-melatonina-19-mg-adultos\/#primaryimage"},"image":{"@id":"https:\/\/drasanvi.com\/fr\/producto\/vitamolas-melatonina-19-mg-adultos\/#primaryimage"},"thumbnailUrl":"https:\/\/drasanvi.com\/fr\/wp-content\/uploads\/sites\/7\/2022\/02\/032050594.png","datePublished":"2022-02-28T13:21:00+00:00","dateModified":"2022-03-15T15:36:22+00:00","breadcrumb":{"@id":"https:\/\/drasanvi.com\/fr\/producto\/vitamolas-melatonina-19-mg-adultos\/#breadcrumb"},"inLanguage":"fr-FR","potentialAction":[{"@type":"ReadAction","target":["https:\/\/drasanvi.com\/fr\/producto\/vitamolas-melatonina-19-mg-adultos\/"]}]},{"@type":"ImageObject","inLanguage":"fr-FR","@id":"https:\/\/drasanvi.com\/fr\/producto\/vitamolas-melatonina-19-mg-adultos\/#primaryimage","url":"https:\/\/drasanvi.com\/fr\/wp-content\/uploads\/sites\/7\/2022\/02\/032050594.png","contentUrl":"https:\/\/drasanvi.com\/fr\/wp-content\/uploads\/sites\/7\/2022\/02\/032050594.png","width":1000,"height":1000},{"@type":"BreadcrumbList","@id":"https:\/\/drasanvi.com\/fr\/producto\/vitamolas-melatonina-19-mg-adultos\/#breadcrumb","itemListElement":[{"@type":"ListItem","position":1,"name":"Portada","item":"https:\/\/drasanvi.com\/fr\/"},{"@type":"ListItem","position":2,"name":"Tienda","item":"https:\/\/drasanvi.com\/fr\/tienda\/"},{"@type":"ListItem","position":3,"name":"Vitamolas Melatonina 1,9 mg Adultos"}]},{"@type":"WebSite","@id":"https:\/\/drasanvi.com\/fr\/#website","url":"https:\/\/drasanvi.com\/fr\/","name":"Drasanvi Francia","description":"L\u00edder en complementos alimenticios y cosm\u00e9tica natural.","publisher":{"@id":"https:\/\/drasanvi.com\/fr\/#organization"},"potentialAction":[{"@type":"SearchAction","target":{"@type":"EntryPoint","urlTemplate":"https:\/\/drasanvi.com\/fr\/?s={search_term_string}"},"query-input":{"@type":"PropertyValueSpecification","valueRequired":true,"valueName":"search_term_string"}}],"inLanguage":"fr-FR"},{"@type":"Organization","@id":"https:\/\/drasanvi.com\/fr\/#organization","name":"Drasanvi","url":"https:\/\/drasanvi.com\/fr\/","logo":{"@type":"ImageObject","inLanguage":"fr-FR","@id":"https:\/\/drasanvi.com\/fr\/#\/schema\/logo\/image\/","url":"https:\/\/drasanvi.com\/wp-content\/uploads\/sites\/7\/2021\/07\/logo-drasanvi.png","contentUrl":"https:\/\/drasanvi.com\/wp-content\/uploads\/sites\/7\/2021\/07\/logo-drasanvi.png","width":900,"height":300,"caption":"Drasanvi"},"image":{"@id":"https:\/\/drasanvi.com\/fr\/#\/schema\/logo\/image\/"}}]}},"_links":{"self":[{"href":"https:\/\/drasanvi.com\/fr\/wp-json\/wp\/v2\/product\/13763","targetHints":{"allow":["GET"]}}],"collection":[{"href":"https:\/\/drasanvi.com\/fr\/wp-json\/wp\/v2\/product"}],"about":[{"href":"https:\/\/drasanvi.com\/fr\/wp-json\/wp\/v2\/types\/product"}],"version-history":[{"count":0,"href":"https:\/\/drasanvi.com\/fr\/wp-json\/wp\/v2\/product\/13763\/revisions"}],"wp:featuredmedia":[{"embeddable":true,"href":"https:\/\/drasanvi.com\/fr\/wp-json\/wp\/v2\/media\/20923"}],"wp:attachment":[{"href":"https:\/\/drasanvi.com\/fr\/wp-json\/wp\/v2\/media?parent=13763"}],"wp:term":[{"taxonomy":"product_cat","embeddable":true,"href":"https:\/\/drasanvi.com\/fr\/wp-json\/wp\/v2\/product_cat?post=13763"},{"taxonomy":"product_tag","embeddable":true,"href":"https:\/\/drasanvi.com\/fr\/wp-json\/wp\/v2\/product_tag?post=13763"}],"curies":[{"name":"wp","href":"https:\/\/api.w.org\/{rel}","templated":true}]}}