{"id":13755,"date":"2022-02-28T15:21:38","date_gmt":"2022-02-28T13:21:38","guid":{"rendered":"https:\/\/drasanvi.com\/fr\/?post_type=product&#038;p=13755"},"modified":"2022-03-15T17:37:23","modified_gmt":"2022-03-15T15:37:23","slug":"vitamolas-probiotic-kids","status":"publish","type":"product","link":"https:\/\/drasanvi.com\/fr\/producto\/vitamolas-probiotic-kids\/","title":{"rendered":"Vitamolas Probiotic kids"},"content":{"rendered":"<h2>Ingredientes<\/h2>\n<p>Ingredientes (mg \/ dosis diaria) Pectina de frutas 110 mg Fermentos l\u00e1cticos\u00a0(Proviene de 9 cepas diferentes y una matriz de gastroprotecci\u00f3n) Almid\u00f3n de ma\u00edz, Maltodextrina de ma\u00edz, Fructooligosac\u00e1ridos, Inulina, Dextrina de ma\u00edz, Cloruro de potasio, Proteina vegetal hidrolizada, Sulfato de magnesio) cepas bacterianas (Bifidobacterium lactis (2 cepas), Enterococcus faecium, Lactobacillus acidophilus, Lactobacillus paracasei, Lactobacillus plantarum (2 cepas), Lactobacillus salivarius, Lactococcus lactis), Enzima amilasa, Aroma de Vainilla, Sulfato de manganeso. 1 g aporta 1000 millones de c\u00e9lulas vivas. 55 mg Otros Ingredientes: Jarabe de Maltitol, Jarabe de Sorbitol, Maltitol en polvo, Agua, \u00c1cido c\u00edtrico, Aroma y Colorante. \u00a0 Sin az\u00facares<\/p>\n<h2>Modo de uso<\/h2>\n<p>Tomar 2 gominolas al d\u00eda, 1 en el desayuno y 1 al mediod\u00eda.<\/p>\n<h3>Presentaci\u00f3n<\/h3>\n<p>Envase de 60\u00a0gominolas de 2,5 g. Peso total 150 g (5,2 oz)<\/p>\n<h3>Advertencias<\/h3>\n<p>Complemento alimenticio a base de fermentos l\u00e1cticos con edulcorantes.Los complementos alimenticios no deben utilizarse como sustitutivos de una dieta equilibrada. No superar la dosis diaria expresamente recomendada. Mantener fuera del alcance de los ni\u00f1os m\u00e1s peque\u00f1os.\u00a0Conservar en un lugar fresco y seco. Tomar el producto con mucha agua para asegurarse de que la sustancia llega al est\u00f3mago. Se advierte de peligro de asfixia para personas con problemas de degluci\u00f3n. Evitar el consumo junto con medicamentos y otros complementos alimenticios a base de fibra.<\/p>\n<h2>Informaci\u00f3n adicional<\/h2>\n<p>Ingredientes Descripci\u00f3n cantidad\/dosis diaria Edulcorante (Jarabe de maltitol) 3230 mg Edulcorante (Jarabe de sorbitol) 1030 mg Edulcorante (Maltitol en polvo) 505 mg Pectina de frutas \u00a0 110 mg Fermentos L\u00e1cticos Proviene de 9 cepas diferentes y una matriz de gastroprotecci\u00f3n) Almid\u00f3n de ma\u00edz, Maltodextrina de ma\u00edz, Fructooligosac\u00e1ridos, Inulina, Dextrina de ma\u00edz, Cloruro de potasio, Proteina vegetal hidrolizada, Sulfato de magnesio) cepas bacterianas (Bifidobacterium lactis (2 cepas), Enterococcus faecium, Lactobacillus acidophilus, Lactobacillus paracasei, Lactobacillus plantarum (2 cepas), Lactobacillus salivarius, Lactococcus lactis), Enzima amilasa, Aroma de Vainilla, Sulfato de manganeso. 1 g aporta 1000 millones de c\u00e9lulas vivas. 55 mg Agua \u00a0 30 mg Acidulante (\u00c1cido c\u00edtrico) 30 mg Aroma (Aroma yogur) 25 mg<\/p>\n<p>Por 100 g Por dosis diaria (2 gominolas) Valor energ\u00e9tico 1471 kJ &#8211; 350 kcal 73 kJ-17,5 kcal Grasas<\/p>\n","protected":false},"excerpt":{"rendered":"<p>Las Vitamolas de Drasanvi son gominolas elaboradas a base de pectina de fruta (sin gelatina) sin az\u00facares y sin al\u00e9rgenos. Seg\u00fan recogen la FAO y la OMS los probi\u00f3ticos son microorganismo vivos que, administrados en cantidades adecuadas, confieren un beneficio a la salud. Los probi\u00f3ticos act\u00faan en el ecosistema intestinal equilibrando la composici\u00f3n de la flora y regener\u00e1ndola y favorecen la regulaci\u00f3n del tr\u00e1nsito intestinal. Estas gominolas han sido cuidadosamente elegidas para los m\u00e1s peque\u00f1os.<br \/>\n<a id=\"boton-ficha\" href=\"https:\/\/panel.drasanvi.com\/fichas\/1\/032050597\" target=\"_blank\" rel=\"noopener\">Ficha t\u00e9cnica<\/a><\/p>\n","protected":false},"featured_media":20929,"template":"","meta":{"inline_featured_image":false},"product_cat":[96,108],"product_tag":[],"class_list":["post-13755","product","type-product","status-publish","has-post-thumbnail","hentry","product_cat-defensa-invierno","product_cat-ninos","pa_contiene-altramuces-no","pa_contiene-apio-no","pa_contiene-cacahuetes-no","pa_contiene-crustaceos-no","pa_contiene-frutos-secos-no","pa_contiene-huevo-no","pa_contiene-leche-no","pa_contiene-moluscos-no","pa_contiene-mostaza-no","pa_contiene-pescado-no","pa_contiene-sesamo-no","pa_contiene-soja-no","pa_producto-bio-no","pa_producto-sin-gluten-si","pa_producto-vegano-no","pa_producto-vegetariano-no"],"yoast_head":"<!-- This site is optimized with the Yoast SEO plugin v27.5 - https:\/\/yoast.com\/product\/yoast-seo-wordpress\/ -->\n<title>Vitamolas Probiotic kids - Drasanvi Francia<\/title>\n<meta name=\"robots\" content=\"index, follow, max-snippet:-1, max-image-preview:large, max-video-preview:-1\" \/>\n<link rel=\"canonical\" href=\"https:\/\/drasanvi.com\/fr\/producto\/vitamolas-probiotic-kids\/\" \/>\n<meta property=\"og:locale\" content=\"fr_FR\" \/>\n<meta property=\"og:type\" content=\"article\" \/>\n<meta property=\"og:title\" content=\"Vitamolas Probiotic kids - Drasanvi Francia\" \/>\n<meta property=\"og:description\" content=\"Las Vitamolas de Drasanvi son gominolas elaboradas a base de pectina de fruta (sin gelatina) sin az\u00facares y sin al\u00e9rgenos. Seg\u00fan recogen la FAO y la OMS los probi\u00f3ticos son microorganismo vivos que, administrados en cantidades adecuadas, confieren un beneficio a la salud. Los probi\u00f3ticos act\u00faan en el ecosistema intestinal equilibrando la composici\u00f3n de la flora y regener\u00e1ndola y favorecen la regulaci\u00f3n del tr\u00e1nsito intestinal. Estas gominolas han sido cuidadosamente elegidas para los m\u00e1s peque\u00f1os. Ficha t\u00e9cnica\" \/>\n<meta property=\"og:url\" content=\"https:\/\/drasanvi.com\/fr\/producto\/vitamolas-probiotic-kids\/\" \/>\n<meta property=\"og:site_name\" content=\"Drasanvi Francia\" \/>\n<meta property=\"article:modified_time\" content=\"2022-03-15T15:37:23+00:00\" \/>\n<meta property=\"og:image\" content=\"https:\/\/drasanvi.com\/wp-content\/uploads\/sites\/7\/2022\/02\/032050597.png\" \/>\n\t<meta property=\"og:image:width\" content=\"1000\" \/>\n\t<meta property=\"og:image:height\" content=\"1000\" \/>\n\t<meta property=\"og:image:type\" content=\"image\/png\" \/>\n<meta name=\"twitter:card\" content=\"summary_large_image\" \/>\n<script type=\"application\/ld+json\" class=\"yoast-schema-graph\">{\"@context\":\"https:\\\/\\\/schema.org\",\"@graph\":[{\"@type\":\"WebPage\",\"@id\":\"https:\\\/\\\/drasanvi.com\\\/fr\\\/producto\\\/vitamolas-probiotic-kids\\\/\",\"url\":\"https:\\\/\\\/drasanvi.com\\\/fr\\\/producto\\\/vitamolas-probiotic-kids\\\/\",\"name\":\"Vitamolas Probiotic kids - Drasanvi Francia\",\"isPartOf\":{\"@id\":\"https:\\\/\\\/drasanvi.com\\\/fr\\\/#website\"},\"primaryImageOfPage\":{\"@id\":\"https:\\\/\\\/drasanvi.com\\\/fr\\\/producto\\\/vitamolas-probiotic-kids\\\/#primaryimage\"},\"image\":{\"@id\":\"https:\\\/\\\/drasanvi.com\\\/fr\\\/producto\\\/vitamolas-probiotic-kids\\\/#primaryimage\"},\"thumbnailUrl\":\"https:\\\/\\\/drasanvi.com\\\/fr\\\/wp-content\\\/uploads\\\/sites\\\/7\\\/2022\\\/02\\\/032050597.png\",\"datePublished\":\"2022-02-28T13:21:38+00:00\",\"dateModified\":\"2022-03-15T15:37:23+00:00\",\"breadcrumb\":{\"@id\":\"https:\\\/\\\/drasanvi.com\\\/fr\\\/producto\\\/vitamolas-probiotic-kids\\\/#breadcrumb\"},\"inLanguage\":\"fr-FR\",\"potentialAction\":[{\"@type\":\"ReadAction\",\"target\":[\"https:\\\/\\\/drasanvi.com\\\/fr\\\/producto\\\/vitamolas-probiotic-kids\\\/\"]}]},{\"@type\":\"ImageObject\",\"inLanguage\":\"fr-FR\",\"@id\":\"https:\\\/\\\/drasanvi.com\\\/fr\\\/producto\\\/vitamolas-probiotic-kids\\\/#primaryimage\",\"url\":\"https:\\\/\\\/drasanvi.com\\\/fr\\\/wp-content\\\/uploads\\\/sites\\\/7\\\/2022\\\/02\\\/032050597.png\",\"contentUrl\":\"https:\\\/\\\/drasanvi.com\\\/fr\\\/wp-content\\\/uploads\\\/sites\\\/7\\\/2022\\\/02\\\/032050597.png\",\"width\":1000,\"height\":1000},{\"@type\":\"BreadcrumbList\",\"@id\":\"https:\\\/\\\/drasanvi.com\\\/fr\\\/producto\\\/vitamolas-probiotic-kids\\\/#breadcrumb\",\"itemListElement\":[{\"@type\":\"ListItem\",\"position\":1,\"name\":\"Portada\",\"item\":\"https:\\\/\\\/drasanvi.com\\\/fr\\\/\"},{\"@type\":\"ListItem\",\"position\":2,\"name\":\"Tienda\",\"item\":\"https:\\\/\\\/drasanvi.com\\\/fr\\\/tienda\\\/\"},{\"@type\":\"ListItem\",\"position\":3,\"name\":\"Vitamolas Probiotic kids\"}]},{\"@type\":\"WebSite\",\"@id\":\"https:\\\/\\\/drasanvi.com\\\/fr\\\/#website\",\"url\":\"https:\\\/\\\/drasanvi.com\\\/fr\\\/\",\"name\":\"Drasanvi Francia\",\"description\":\"L\u00edder en complementos alimenticios y cosm\u00e9tica natural.\",\"publisher\":{\"@id\":\"https:\\\/\\\/drasanvi.com\\\/fr\\\/#organization\"},\"potentialAction\":[{\"@type\":\"SearchAction\",\"target\":{\"@type\":\"EntryPoint\",\"urlTemplate\":\"https:\\\/\\\/drasanvi.com\\\/fr\\\/?s={search_term_string}\"},\"query-input\":{\"@type\":\"PropertyValueSpecification\",\"valueRequired\":true,\"valueName\":\"search_term_string\"}}],\"inLanguage\":\"fr-FR\"},{\"@type\":\"Organization\",\"@id\":\"https:\\\/\\\/drasanvi.com\\\/fr\\\/#organization\",\"name\":\"Drasanvi\",\"url\":\"https:\\\/\\\/drasanvi.com\\\/fr\\\/\",\"logo\":{\"@type\":\"ImageObject\",\"inLanguage\":\"fr-FR\",\"@id\":\"https:\\\/\\\/drasanvi.com\\\/fr\\\/#\\\/schema\\\/logo\\\/image\\\/\",\"url\":\"https:\\\/\\\/drasanvi.com\\\/wp-content\\\/uploads\\\/sites\\\/7\\\/2021\\\/07\\\/logo-drasanvi.png\",\"contentUrl\":\"https:\\\/\\\/drasanvi.com\\\/wp-content\\\/uploads\\\/sites\\\/7\\\/2021\\\/07\\\/logo-drasanvi.png\",\"width\":900,\"height\":300,\"caption\":\"Drasanvi\"},\"image\":{\"@id\":\"https:\\\/\\\/drasanvi.com\\\/fr\\\/#\\\/schema\\\/logo\\\/image\\\/\"}}]}<\/script>\n<!-- \/ Yoast SEO plugin. -->","yoast_head_json":{"title":"Vitamolas Probiotic kids - Drasanvi Francia","robots":{"index":"index","follow":"follow","max-snippet":"max-snippet:-1","max-image-preview":"max-image-preview:large","max-video-preview":"max-video-preview:-1"},"canonical":"https:\/\/drasanvi.com\/fr\/producto\/vitamolas-probiotic-kids\/","og_locale":"fr_FR","og_type":"article","og_title":"Vitamolas Probiotic kids - Drasanvi Francia","og_description":"Las Vitamolas de Drasanvi son gominolas elaboradas a base de pectina de fruta (sin gelatina) sin az\u00facares y sin al\u00e9rgenos. Seg\u00fan recogen la FAO y la OMS los probi\u00f3ticos son microorganismo vivos que, administrados en cantidades adecuadas, confieren un beneficio a la salud. Los probi\u00f3ticos act\u00faan en el ecosistema intestinal equilibrando la composici\u00f3n de la flora y regener\u00e1ndola y favorecen la regulaci\u00f3n del tr\u00e1nsito intestinal. Estas gominolas han sido cuidadosamente elegidas para los m\u00e1s peque\u00f1os. Ficha t\u00e9cnica","og_url":"https:\/\/drasanvi.com\/fr\/producto\/vitamolas-probiotic-kids\/","og_site_name":"Drasanvi Francia","article_modified_time":"2022-03-15T15:37:23+00:00","og_image":[{"width":1000,"height":1000,"url":"https:\/\/drasanvi.com\/wp-content\/uploads\/sites\/7\/2022\/02\/032050597.png","type":"image\/png"}],"twitter_card":"summary_large_image","schema":{"@context":"https:\/\/schema.org","@graph":[{"@type":"WebPage","@id":"https:\/\/drasanvi.com\/fr\/producto\/vitamolas-probiotic-kids\/","url":"https:\/\/drasanvi.com\/fr\/producto\/vitamolas-probiotic-kids\/","name":"Vitamolas Probiotic kids - Drasanvi Francia","isPartOf":{"@id":"https:\/\/drasanvi.com\/fr\/#website"},"primaryImageOfPage":{"@id":"https:\/\/drasanvi.com\/fr\/producto\/vitamolas-probiotic-kids\/#primaryimage"},"image":{"@id":"https:\/\/drasanvi.com\/fr\/producto\/vitamolas-probiotic-kids\/#primaryimage"},"thumbnailUrl":"https:\/\/drasanvi.com\/fr\/wp-content\/uploads\/sites\/7\/2022\/02\/032050597.png","datePublished":"2022-02-28T13:21:38+00:00","dateModified":"2022-03-15T15:37:23+00:00","breadcrumb":{"@id":"https:\/\/drasanvi.com\/fr\/producto\/vitamolas-probiotic-kids\/#breadcrumb"},"inLanguage":"fr-FR","potentialAction":[{"@type":"ReadAction","target":["https:\/\/drasanvi.com\/fr\/producto\/vitamolas-probiotic-kids\/"]}]},{"@type":"ImageObject","inLanguage":"fr-FR","@id":"https:\/\/drasanvi.com\/fr\/producto\/vitamolas-probiotic-kids\/#primaryimage","url":"https:\/\/drasanvi.com\/fr\/wp-content\/uploads\/sites\/7\/2022\/02\/032050597.png","contentUrl":"https:\/\/drasanvi.com\/fr\/wp-content\/uploads\/sites\/7\/2022\/02\/032050597.png","width":1000,"height":1000},{"@type":"BreadcrumbList","@id":"https:\/\/drasanvi.com\/fr\/producto\/vitamolas-probiotic-kids\/#breadcrumb","itemListElement":[{"@type":"ListItem","position":1,"name":"Portada","item":"https:\/\/drasanvi.com\/fr\/"},{"@type":"ListItem","position":2,"name":"Tienda","item":"https:\/\/drasanvi.com\/fr\/tienda\/"},{"@type":"ListItem","position":3,"name":"Vitamolas Probiotic kids"}]},{"@type":"WebSite","@id":"https:\/\/drasanvi.com\/fr\/#website","url":"https:\/\/drasanvi.com\/fr\/","name":"Drasanvi Francia","description":"L\u00edder en complementos alimenticios y cosm\u00e9tica natural.","publisher":{"@id":"https:\/\/drasanvi.com\/fr\/#organization"},"potentialAction":[{"@type":"SearchAction","target":{"@type":"EntryPoint","urlTemplate":"https:\/\/drasanvi.com\/fr\/?s={search_term_string}"},"query-input":{"@type":"PropertyValueSpecification","valueRequired":true,"valueName":"search_term_string"}}],"inLanguage":"fr-FR"},{"@type":"Organization","@id":"https:\/\/drasanvi.com\/fr\/#organization","name":"Drasanvi","url":"https:\/\/drasanvi.com\/fr\/","logo":{"@type":"ImageObject","inLanguage":"fr-FR","@id":"https:\/\/drasanvi.com\/fr\/#\/schema\/logo\/image\/","url":"https:\/\/drasanvi.com\/wp-content\/uploads\/sites\/7\/2021\/07\/logo-drasanvi.png","contentUrl":"https:\/\/drasanvi.com\/wp-content\/uploads\/sites\/7\/2021\/07\/logo-drasanvi.png","width":900,"height":300,"caption":"Drasanvi"},"image":{"@id":"https:\/\/drasanvi.com\/fr\/#\/schema\/logo\/image\/"}}]}},"_links":{"self":[{"href":"https:\/\/drasanvi.com\/fr\/wp-json\/wp\/v2\/product\/13755","targetHints":{"allow":["GET"]}}],"collection":[{"href":"https:\/\/drasanvi.com\/fr\/wp-json\/wp\/v2\/product"}],"about":[{"href":"https:\/\/drasanvi.com\/fr\/wp-json\/wp\/v2\/types\/product"}],"version-history":[{"count":0,"href":"https:\/\/drasanvi.com\/fr\/wp-json\/wp\/v2\/product\/13755\/revisions"}],"wp:featuredmedia":[{"embeddable":true,"href":"https:\/\/drasanvi.com\/fr\/wp-json\/wp\/v2\/media\/20929"}],"wp:attachment":[{"href":"https:\/\/drasanvi.com\/fr\/wp-json\/wp\/v2\/media?parent=13755"}],"wp:term":[{"taxonomy":"product_cat","embeddable":true,"href":"https:\/\/drasanvi.com\/fr\/wp-json\/wp\/v2\/product_cat?post=13755"},{"taxonomy":"product_tag","embeddable":true,"href":"https:\/\/drasanvi.com\/fr\/wp-json\/wp\/v2\/product_tag?post=13755"}],"curies":[{"name":"wp","href":"https:\/\/api.w.org\/{rel}","templated":true}]}}