{"id":13738,"date":"2022-02-28T15:02:27","date_gmt":"2022-02-28T13:02:27","guid":{"rendered":"https:\/\/drasanvi.com\/fr\/?post_type=product&#038;p=13738"},"modified":"2022-03-15T17:33:14","modified_gmt":"2022-03-15T15:33:14","slug":"champu-xplendor","status":"publish","type":"product","link":"https:\/\/drasanvi.com\/fr\/producto\/champu-xplendor\/","title":{"rendered":"Champ\u00fa Xplendor"},"content":{"rendered":"<h2>Ingredientes<\/h2>\n<h2>Modo de uso<\/h2>\n<p>Aplicar el champ\u00fa sobre el cabello h\u00famedo, y masajear el cuero cabelludo hasta formar espuma. Dejar actuar de 2-3 minutos. Aclarar con abundante agua (preferiblemente templada).\u00a0 Repetir de nuevo el proceso.<\/p>\n<h3>Presentaci\u00f3n<\/h3>\n<p>Envase de 300 ml (10.14 fl oz)<\/p>\n<h3>Advertencias<\/h3>\n<p>Uso t\u00f3pico. producto destinado a la higiene personal.<\/p>\n<h2>Informaci\u00f3n adicional<\/h2>\n<p>Aqua, Sodium Lauroyl Methyl Isethionate, Cocamidopropyl Betaine, Glycerin, Cocamide Dea, Sodium Lauryl Sulfoacetate, Disodium Lauryl Sulfosuccinate, Coco-Glucoside, Potassium Olivoyl Hydrolyzed Wheat Protein, Myristyl Lactate, Parfum, Sodium Citrate, Panicum Miliaceum Extract, Ginkgo Biloba Leaf Extract,Quaternium-80, Propylene Glycol, Sodium Benzoate, Diazolidinyl Urea, Guar Hydroxypropyltrimonium Chloride, Cucurbita Pepo (Pumpkin) Seed Oil, Potassium Sorbate, Polyquaternium-7, Citric Acid, Curcuma Longa Callus Conditioned Media, Benzyl Salicylate, Linalool, Limonene, Hexylcinnamal, Alpha Isomethyl Ionone, Pentylene Glycol, Citronellol, Hydroxycitronellal, Gluconolactone, Phytic Acid, Benzyl Benzoate.<\/p>\n<p>Curcuma, Ginkgo biloba, Mijo<\/p>\n","protected":false},"excerpt":{"rendered":"<p>Nuestro Champ\u00fa Xplendor es un champ\u00fa enriquecido con extractos vegetales que fortalecen la fibra capilar desde la raiz hasta las puntas.\u00a0 Entre sus ingredientes activos se encuentran un innovador sistema antica\u00edda epigen\u00e9tico, basado en p\u00e9ptidos de c\u00farcuma que act\u00faa reactivando la raiz de la fibra ayudando as\u00ed a aumentar la densidad capilar.\u00a0 Este activo, es conocido como Capilia Longa, un peptido vegetal obtenido del rizoma de c\u00farcuma. que act\u00faa sobre el bulbo piloso, aumentando la fase an\u00e1gena (Crecimiento del cabello) y reduciendo la fase cat\u00e1gena (ca\u00edda del cabello)<br \/>\n<a id=\"boton-ficha\" href=\"https:\/\/panel.drasanvi.com\/fichas\/1\/032060652\" target=\"_blank\" rel=\"noopener\">Ficha t\u00e9cnica<\/a><\/p>\n","protected":false},"featured_media":19921,"template":"","meta":{"inline_featured_image":false},"product_cat":[91,94],"product_tag":[],"class_list":["post-13738","product","type-product","status-publish","has-post-thumbnail","hentry","product_cat-cabello-piel-unas","product_cat-cosmetica","pa_contiene-altramuces-no","pa_contiene-apio-no","pa_contiene-cacahuetes-no","pa_contiene-crustaceos-no","pa_contiene-frutos-secos-no","pa_contiene-huevo-no","pa_contiene-leche-no","pa_contiene-moluscos-no","pa_contiene-mostaza-no","pa_contiene-pescado-no","pa_contiene-sesamo-no","pa_contiene-soja-no","pa_producto-bio-no","pa_producto-sin-gluten-si","pa_producto-vegano-no","pa_producto-vegetariano-no"],"yoast_head":"<!-- This site is optimized with the Yoast SEO plugin v27.5 - https:\/\/yoast.com\/product\/yoast-seo-wordpress\/ -->\n<title>Champ\u00fa Xplendor - Drasanvi Francia<\/title>\n<meta name=\"robots\" content=\"index, follow, max-snippet:-1, max-image-preview:large, max-video-preview:-1\" \/>\n<link rel=\"canonical\" href=\"https:\/\/drasanvi.com\/fr\/producto\/champu-xplendor\/\" \/>\n<meta property=\"og:locale\" content=\"fr_FR\" \/>\n<meta property=\"og:type\" content=\"article\" \/>\n<meta property=\"og:title\" content=\"Champ\u00fa Xplendor - Drasanvi Francia\" \/>\n<meta property=\"og:description\" content=\"Nuestro Champ\u00fa Xplendor es un champ\u00fa enriquecido con extractos vegetales que fortalecen la fibra capilar desde la raiz hasta las puntas.\u00a0 Entre sus ingredientes activos se encuentran un innovador sistema antica\u00edda epigen\u00e9tico, basado en p\u00e9ptidos de c\u00farcuma que act\u00faa reactivando la raiz de la fibra ayudando as\u00ed a aumentar la densidad capilar.\u00a0 Este activo, es conocido como Capilia Longa, un peptido vegetal obtenido del rizoma de c\u00farcuma. que act\u00faa sobre el bulbo piloso, aumentando la fase an\u00e1gena (Crecimiento del cabello) y reduciendo la fase cat\u00e1gena (ca\u00edda del cabello) Ficha t\u00e9cnica\" \/>\n<meta property=\"og:url\" content=\"https:\/\/drasanvi.com\/fr\/producto\/champu-xplendor\/\" \/>\n<meta property=\"og:site_name\" content=\"Drasanvi Francia\" \/>\n<meta property=\"article:modified_time\" content=\"2022-03-15T15:33:14+00:00\" \/>\n<meta property=\"og:image\" content=\"https:\/\/drasanvi.com\/wp-content\/uploads\/sites\/7\/2022\/02\/032060652.png\" \/>\n\t<meta property=\"og:image:width\" content=\"768\" \/>\n\t<meta property=\"og:image:height\" content=\"768\" \/>\n\t<meta property=\"og:image:type\" content=\"image\/png\" \/>\n<meta name=\"twitter:card\" content=\"summary_large_image\" \/>\n<script type=\"application\/ld+json\" class=\"yoast-schema-graph\">{\"@context\":\"https:\\\/\\\/schema.org\",\"@graph\":[{\"@type\":\"WebPage\",\"@id\":\"https:\\\/\\\/drasanvi.com\\\/fr\\\/producto\\\/champu-xplendor\\\/\",\"url\":\"https:\\\/\\\/drasanvi.com\\\/fr\\\/producto\\\/champu-xplendor\\\/\",\"name\":\"Champ\u00fa Xplendor - Drasanvi Francia\",\"isPartOf\":{\"@id\":\"https:\\\/\\\/drasanvi.com\\\/fr\\\/#website\"},\"primaryImageOfPage\":{\"@id\":\"https:\\\/\\\/drasanvi.com\\\/fr\\\/producto\\\/champu-xplendor\\\/#primaryimage\"},\"image\":{\"@id\":\"https:\\\/\\\/drasanvi.com\\\/fr\\\/producto\\\/champu-xplendor\\\/#primaryimage\"},\"thumbnailUrl\":\"https:\\\/\\\/drasanvi.com\\\/fr\\\/wp-content\\\/uploads\\\/sites\\\/7\\\/2022\\\/02\\\/032060652.png\",\"datePublished\":\"2022-02-28T13:02:27+00:00\",\"dateModified\":\"2022-03-15T15:33:14+00:00\",\"breadcrumb\":{\"@id\":\"https:\\\/\\\/drasanvi.com\\\/fr\\\/producto\\\/champu-xplendor\\\/#breadcrumb\"},\"inLanguage\":\"fr-FR\",\"potentialAction\":[{\"@type\":\"ReadAction\",\"target\":[\"https:\\\/\\\/drasanvi.com\\\/fr\\\/producto\\\/champu-xplendor\\\/\"]}]},{\"@type\":\"ImageObject\",\"inLanguage\":\"fr-FR\",\"@id\":\"https:\\\/\\\/drasanvi.com\\\/fr\\\/producto\\\/champu-xplendor\\\/#primaryimage\",\"url\":\"https:\\\/\\\/drasanvi.com\\\/fr\\\/wp-content\\\/uploads\\\/sites\\\/7\\\/2022\\\/02\\\/032060652.png\",\"contentUrl\":\"https:\\\/\\\/drasanvi.com\\\/fr\\\/wp-content\\\/uploads\\\/sites\\\/7\\\/2022\\\/02\\\/032060652.png\",\"width\":768,\"height\":768},{\"@type\":\"BreadcrumbList\",\"@id\":\"https:\\\/\\\/drasanvi.com\\\/fr\\\/producto\\\/champu-xplendor\\\/#breadcrumb\",\"itemListElement\":[{\"@type\":\"ListItem\",\"position\":1,\"name\":\"Portada\",\"item\":\"https:\\\/\\\/drasanvi.com\\\/fr\\\/\"},{\"@type\":\"ListItem\",\"position\":2,\"name\":\"Tienda\",\"item\":\"https:\\\/\\\/drasanvi.com\\\/fr\\\/tienda\\\/\"},{\"@type\":\"ListItem\",\"position\":3,\"name\":\"Champ\u00fa Xplendor\"}]},{\"@type\":\"WebSite\",\"@id\":\"https:\\\/\\\/drasanvi.com\\\/fr\\\/#website\",\"url\":\"https:\\\/\\\/drasanvi.com\\\/fr\\\/\",\"name\":\"Drasanvi Francia\",\"description\":\"L\u00edder en complementos alimenticios y cosm\u00e9tica natural.\",\"publisher\":{\"@id\":\"https:\\\/\\\/drasanvi.com\\\/fr\\\/#organization\"},\"potentialAction\":[{\"@type\":\"SearchAction\",\"target\":{\"@type\":\"EntryPoint\",\"urlTemplate\":\"https:\\\/\\\/drasanvi.com\\\/fr\\\/?s={search_term_string}\"},\"query-input\":{\"@type\":\"PropertyValueSpecification\",\"valueRequired\":true,\"valueName\":\"search_term_string\"}}],\"inLanguage\":\"fr-FR\"},{\"@type\":\"Organization\",\"@id\":\"https:\\\/\\\/drasanvi.com\\\/fr\\\/#organization\",\"name\":\"Drasanvi\",\"url\":\"https:\\\/\\\/drasanvi.com\\\/fr\\\/\",\"logo\":{\"@type\":\"ImageObject\",\"inLanguage\":\"fr-FR\",\"@id\":\"https:\\\/\\\/drasanvi.com\\\/fr\\\/#\\\/schema\\\/logo\\\/image\\\/\",\"url\":\"https:\\\/\\\/drasanvi.com\\\/wp-content\\\/uploads\\\/sites\\\/7\\\/2021\\\/07\\\/logo-drasanvi.png\",\"contentUrl\":\"https:\\\/\\\/drasanvi.com\\\/wp-content\\\/uploads\\\/sites\\\/7\\\/2021\\\/07\\\/logo-drasanvi.png\",\"width\":900,\"height\":300,\"caption\":\"Drasanvi\"},\"image\":{\"@id\":\"https:\\\/\\\/drasanvi.com\\\/fr\\\/#\\\/schema\\\/logo\\\/image\\\/\"}}]}<\/script>\n<!-- \/ Yoast SEO plugin. -->","yoast_head_json":{"title":"Champ\u00fa Xplendor - Drasanvi Francia","robots":{"index":"index","follow":"follow","max-snippet":"max-snippet:-1","max-image-preview":"max-image-preview:large","max-video-preview":"max-video-preview:-1"},"canonical":"https:\/\/drasanvi.com\/fr\/producto\/champu-xplendor\/","og_locale":"fr_FR","og_type":"article","og_title":"Champ\u00fa Xplendor - Drasanvi Francia","og_description":"Nuestro Champ\u00fa Xplendor es un champ\u00fa enriquecido con extractos vegetales que fortalecen la fibra capilar desde la raiz hasta las puntas.\u00a0 Entre sus ingredientes activos se encuentran un innovador sistema antica\u00edda epigen\u00e9tico, basado en p\u00e9ptidos de c\u00farcuma que act\u00faa reactivando la raiz de la fibra ayudando as\u00ed a aumentar la densidad capilar.\u00a0 Este activo, es conocido como Capilia Longa, un peptido vegetal obtenido del rizoma de c\u00farcuma. que act\u00faa sobre el bulbo piloso, aumentando la fase an\u00e1gena (Crecimiento del cabello) y reduciendo la fase cat\u00e1gena (ca\u00edda del cabello) Ficha t\u00e9cnica","og_url":"https:\/\/drasanvi.com\/fr\/producto\/champu-xplendor\/","og_site_name":"Drasanvi Francia","article_modified_time":"2022-03-15T15:33:14+00:00","og_image":[{"width":768,"height":768,"url":"https:\/\/drasanvi.com\/wp-content\/uploads\/sites\/7\/2022\/02\/032060652.png","type":"image\/png"}],"twitter_card":"summary_large_image","schema":{"@context":"https:\/\/schema.org","@graph":[{"@type":"WebPage","@id":"https:\/\/drasanvi.com\/fr\/producto\/champu-xplendor\/","url":"https:\/\/drasanvi.com\/fr\/producto\/champu-xplendor\/","name":"Champ\u00fa Xplendor - Drasanvi Francia","isPartOf":{"@id":"https:\/\/drasanvi.com\/fr\/#website"},"primaryImageOfPage":{"@id":"https:\/\/drasanvi.com\/fr\/producto\/champu-xplendor\/#primaryimage"},"image":{"@id":"https:\/\/drasanvi.com\/fr\/producto\/champu-xplendor\/#primaryimage"},"thumbnailUrl":"https:\/\/drasanvi.com\/fr\/wp-content\/uploads\/sites\/7\/2022\/02\/032060652.png","datePublished":"2022-02-28T13:02:27+00:00","dateModified":"2022-03-15T15:33:14+00:00","breadcrumb":{"@id":"https:\/\/drasanvi.com\/fr\/producto\/champu-xplendor\/#breadcrumb"},"inLanguage":"fr-FR","potentialAction":[{"@type":"ReadAction","target":["https:\/\/drasanvi.com\/fr\/producto\/champu-xplendor\/"]}]},{"@type":"ImageObject","inLanguage":"fr-FR","@id":"https:\/\/drasanvi.com\/fr\/producto\/champu-xplendor\/#primaryimage","url":"https:\/\/drasanvi.com\/fr\/wp-content\/uploads\/sites\/7\/2022\/02\/032060652.png","contentUrl":"https:\/\/drasanvi.com\/fr\/wp-content\/uploads\/sites\/7\/2022\/02\/032060652.png","width":768,"height":768},{"@type":"BreadcrumbList","@id":"https:\/\/drasanvi.com\/fr\/producto\/champu-xplendor\/#breadcrumb","itemListElement":[{"@type":"ListItem","position":1,"name":"Portada","item":"https:\/\/drasanvi.com\/fr\/"},{"@type":"ListItem","position":2,"name":"Tienda","item":"https:\/\/drasanvi.com\/fr\/tienda\/"},{"@type":"ListItem","position":3,"name":"Champ\u00fa Xplendor"}]},{"@type":"WebSite","@id":"https:\/\/drasanvi.com\/fr\/#website","url":"https:\/\/drasanvi.com\/fr\/","name":"Drasanvi Francia","description":"L\u00edder en complementos alimenticios y cosm\u00e9tica natural.","publisher":{"@id":"https:\/\/drasanvi.com\/fr\/#organization"},"potentialAction":[{"@type":"SearchAction","target":{"@type":"EntryPoint","urlTemplate":"https:\/\/drasanvi.com\/fr\/?s={search_term_string}"},"query-input":{"@type":"PropertyValueSpecification","valueRequired":true,"valueName":"search_term_string"}}],"inLanguage":"fr-FR"},{"@type":"Organization","@id":"https:\/\/drasanvi.com\/fr\/#organization","name":"Drasanvi","url":"https:\/\/drasanvi.com\/fr\/","logo":{"@type":"ImageObject","inLanguage":"fr-FR","@id":"https:\/\/drasanvi.com\/fr\/#\/schema\/logo\/image\/","url":"https:\/\/drasanvi.com\/wp-content\/uploads\/sites\/7\/2021\/07\/logo-drasanvi.png","contentUrl":"https:\/\/drasanvi.com\/wp-content\/uploads\/sites\/7\/2021\/07\/logo-drasanvi.png","width":900,"height":300,"caption":"Drasanvi"},"image":{"@id":"https:\/\/drasanvi.com\/fr\/#\/schema\/logo\/image\/"}}]}},"_links":{"self":[{"href":"https:\/\/drasanvi.com\/fr\/wp-json\/wp\/v2\/product\/13738","targetHints":{"allow":["GET"]}}],"collection":[{"href":"https:\/\/drasanvi.com\/fr\/wp-json\/wp\/v2\/product"}],"about":[{"href":"https:\/\/drasanvi.com\/fr\/wp-json\/wp\/v2\/types\/product"}],"version-history":[{"count":0,"href":"https:\/\/drasanvi.com\/fr\/wp-json\/wp\/v2\/product\/13738\/revisions"}],"wp:featuredmedia":[{"embeddable":true,"href":"https:\/\/drasanvi.com\/fr\/wp-json\/wp\/v2\/media\/19921"}],"wp:attachment":[{"href":"https:\/\/drasanvi.com\/fr\/wp-json\/wp\/v2\/media?parent=13738"}],"wp:term":[{"taxonomy":"product_cat","embeddable":true,"href":"https:\/\/drasanvi.com\/fr\/wp-json\/wp\/v2\/product_cat?post=13738"},{"taxonomy":"product_tag","embeddable":true,"href":"https:\/\/drasanvi.com\/fr\/wp-json\/wp\/v2\/product_tag?post=13738"}],"curies":[{"name":"wp","href":"https:\/\/api.w.org\/{rel}","templated":true}]}}