{"id":13706,"date":"2022-02-28T15:00:22","date_gmt":"2022-02-28T13:00:22","guid":{"rendered":"https:\/\/drasanvi.com\/fr\/?post_type=product&#038;p=13706"},"modified":"2022-03-15T14:53:26","modified_gmt":"2022-03-15T12:53:26","slug":"bronze-natural","status":"publish","type":"product","link":"https:\/\/drasanvi.com\/fr\/producto\/bronze-natural\/","title":{"rendered":"Bronze Natural"},"content":{"rendered":"<h2>Ingredientes<\/h2>\n<p>Ingrediente Cantidad \/ dosis diaria Aceite de Rosa Mosqueta Rosa Aff Rubiginosa rica en \u00e1cidos grasos 170 mg L-tirosina 100 mg Aceite de Girasol Helianthus annuus L. 100 mg Vitamina C En forma de Ascorbato de C\u00e1lcio 58,9 mg Hierro En forma de Sulfato Ferroso 21,25 mg Extracto seco de Tomate Lycopersicum licopersicum (L) H. Karst 18 mg Extracto seco de Zanahoria Daucus carota L. 18 mg Tomate (Solanum lycopersicum L. Licopeno 6%) 18 mg 1,08 mg Extracto seco de Alga Dunaliella Dunaliella teodoresco L con aporte en Betacarotenos (20%) 18 mg 3,6mg Luteina 16 mg Aceite de Soja Glycine max (L)Merr 15 mg Zinc En forma de Sulfato de Zinc 13,72 mg Vitamina E En forma de Acetato de Tocoferol 8,95 mg Vitamina A En forma de Palmitato de Retinol 1,34 mg Vitamina B2 En forma de Riboflavina 0,7 mg Cromo En forma de Cloruro de Cromo 0,11 mg Otros ingredientes: Gelatina de Pescado, Glicerina, Colorantes (agente de recubrimiento) y Di\u00f3xido de Silicio. Sin az\u00facares a\u00f1adidos, edulcorantes ni conservantes<\/p>\n<h2>Modo de uso<\/h2>\n<p>Una perla al d\u00eda, antes, durante y despu\u00e9s de los meses de exposici\u00f3n al sol. Se recomienda empezar un mes antes de comenzar a tomar el sol y prolongar el consumo hasta un mes despu\u00e9s.<\/p>\n<h3>Presentaci\u00f3n<\/h3>\n<p>Envase de 30 perlas de 780 mg. Peso total: 23,4 g (0.82 oz)<\/p>\n<h3>Advertencias<\/h3>\n<p>Complemento alimenticio a base de plantas, vitaminas y minerales. No superar la dosis diaria expresamente recomendada; Los complementos alimenticios no deben utilizarse como sustituto de una dieta equilibrada; Mantener fuera del alcance de los ni\u00f1os m\u00e1s peque\u00f1os. Conservar en un lugar fresco y seco. Contiene pescado y soja.<\/p>\n<h2>Informaci\u00f3n adicional<\/h2>\n<p>Ingredientes Descripci\u00f3n Cantidad\/ Dosis diaria Agente de recubrimiento (Contiene pescado, Gelatina de Pescado, Glicerina, Cardurin Orange Ambar, Cardurin Silver Lustre) 210 mg Aceite Rosa Mosqueta (Rosa Aff Rubiginosa) 170 mg L-Tirosina \u00a0 100 mg Aceite de Girasol (Helianthus annuus L.) 100 mg Vitamina C (82.16% \u00c1cido asc\u00f3rbico) 58,9 mg Sultato de Hierro (Hierro 32,94%) 21,25 mg Extracto seco de Tomate (Solanum lycopersicum L.) 18 mg Extracto seco de Zanahoria (Daucus carota L., ) 18 mg Tomate (Solanum lycopersicum L. Licopeno 6%) 18 mg Extracto seco de Alga Dunaliella (Dunaliella salina, Betacaroteno 20%) 18 mg Lute\u00edna \u00a0 16 mg Aceite de Soja (\u00a0Contiene soja\u00a0Glycine max (L) Merr) 15 mg Sulfato de Zinc (Zinc 36,44%) 13,72 mg Vitamina E (67% D-alfa-tocoferol) 8,95 mg Vitamina A (Palminato de retinol) 1,34 mg Vitamina B2 (Riboflavina) 0,7 mg Cloruro de Cromo (19.5% Cromo) 0,11 mg Antiaglomerante\u00a0 (Di\u00f3xido de Silicio) 5 mg<\/p>\n<p>Por dosis diaria (1 perla) Ingrediente Porcentaje Cantidad Vitamina C 60.5% 48.40 mg Hierro 50% 7 mg Zinc 50% 5 mg Vitamina E 50% 6 mg Vitamina A 50% 400 \u00b5g Vitamina B2 50% 0,7 mg Cromo 50% 20 \u00b5g % VRN (Valores de Referencia de Nutrientes)<\/p>\n","protected":false},"excerpt":{"rendered":"<p>Bronze Natural es un complemento alimenticio a base de aceite de Rosa de Mosqueta, rica en \u00e1cidos grasos esenciales, extracto seco de Tomate, Zanahoria y Alga Dunaliella, extractos ricos en pigmentos como el Licopeno, Betacarotenos y Lute\u00edna.Adem\u00e1s, incorpora una fuente de Vitaminas (A, E, C y B2), destacando la Vitamina E, que contribuye a la protecci\u00f3n de las c\u00e9lulas frente al da\u00f1o oxidativo. Por su importancia, es necesario mencionar la presencia del amino\u00e1cido L-tirosina, precursor de la Melanina (pigmento responsable del color de la piel).<br \/>\n<a id=\"boton-ficha\" href=\"https:\/\/panel.drasanvi.com\/fichas\/1\/032050094\" target=\"_blank\" rel=\"noopener\">Ficha t\u00e9cnica<\/a><\/p>\n","protected":false},"featured_media":19820,"template":"","meta":{"inline_featured_image":false},"product_cat":[91],"product_tag":[],"class_list":["post-13706","product","type-product","status-publish","has-post-thumbnail","hentry","product_cat-cabello-piel-unas","pa_contiene-altramuces-no","pa_contiene-apio-no","pa_contiene-cacahuetes-no","pa_contiene-crustaceos-no","pa_contiene-frutos-secos-no","pa_contiene-huevo-no","pa_contiene-leche-no","pa_contiene-moluscos-no","pa_contiene-mostaza-no","pa_contiene-pescado-si","pa_contiene-sesamo-no","pa_contiene-soja-si","pa_producto-bio-no","pa_producto-sin-gluten-si","pa_producto-vegano-no","pa_producto-vegetariano-no"],"yoast_head":"<!-- This site is optimized with the Yoast SEO plugin v27.5 - https:\/\/yoast.com\/product\/yoast-seo-wordpress\/ -->\n<title>Bronze Natural - Drasanvi Francia<\/title>\n<meta name=\"robots\" content=\"index, follow, max-snippet:-1, max-image-preview:large, max-video-preview:-1\" \/>\n<link rel=\"canonical\" href=\"https:\/\/drasanvi.com\/fr\/producto\/bronze-natural\/\" \/>\n<meta property=\"og:locale\" content=\"fr_FR\" \/>\n<meta property=\"og:type\" content=\"article\" \/>\n<meta property=\"og:title\" content=\"Bronze Natural - Drasanvi Francia\" \/>\n<meta property=\"og:description\" content=\"Bronze Natural es un complemento alimenticio a base de aceite de Rosa de Mosqueta, rica en \u00e1cidos grasos esenciales, extracto seco de Tomate, Zanahoria y Alga Dunaliella, extractos ricos en pigmentos como el Licopeno, Betacarotenos y Lute\u00edna.Adem\u00e1s, incorpora una fuente de Vitaminas (A, E, C y B2), destacando la Vitamina E, que contribuye a la protecci\u00f3n de las c\u00e9lulas frente al da\u00f1o oxidativo. Por su importancia, es necesario mencionar la presencia del amino\u00e1cido L-tirosina, precursor de la Melanina (pigmento responsable del color de la piel). Ficha t\u00e9cnica\" \/>\n<meta property=\"og:url\" content=\"https:\/\/drasanvi.com\/fr\/producto\/bronze-natural\/\" \/>\n<meta property=\"og:site_name\" content=\"Drasanvi Francia\" \/>\n<meta property=\"article:modified_time\" content=\"2022-03-15T12:53:26+00:00\" \/>\n<meta property=\"og:image\" content=\"https:\/\/drasanvi.com\/wp-content\/uploads\/sites\/7\/2022\/02\/032050094.png\" \/>\n\t<meta property=\"og:image:width\" content=\"1000\" \/>\n\t<meta property=\"og:image:height\" content=\"1000\" \/>\n\t<meta property=\"og:image:type\" content=\"image\/png\" \/>\n<meta name=\"twitter:card\" content=\"summary_large_image\" \/>\n<script type=\"application\/ld+json\" class=\"yoast-schema-graph\">{\"@context\":\"https:\\\/\\\/schema.org\",\"@graph\":[{\"@type\":\"WebPage\",\"@id\":\"https:\\\/\\\/drasanvi.com\\\/fr\\\/producto\\\/bronze-natural\\\/\",\"url\":\"https:\\\/\\\/drasanvi.com\\\/fr\\\/producto\\\/bronze-natural\\\/\",\"name\":\"Bronze Natural - Drasanvi Francia\",\"isPartOf\":{\"@id\":\"https:\\\/\\\/drasanvi.com\\\/fr\\\/#website\"},\"primaryImageOfPage\":{\"@id\":\"https:\\\/\\\/drasanvi.com\\\/fr\\\/producto\\\/bronze-natural\\\/#primaryimage\"},\"image\":{\"@id\":\"https:\\\/\\\/drasanvi.com\\\/fr\\\/producto\\\/bronze-natural\\\/#primaryimage\"},\"thumbnailUrl\":\"https:\\\/\\\/drasanvi.com\\\/fr\\\/wp-content\\\/uploads\\\/sites\\\/7\\\/2022\\\/02\\\/032050094.png\",\"datePublished\":\"2022-02-28T13:00:22+00:00\",\"dateModified\":\"2022-03-15T12:53:26+00:00\",\"breadcrumb\":{\"@id\":\"https:\\\/\\\/drasanvi.com\\\/fr\\\/producto\\\/bronze-natural\\\/#breadcrumb\"},\"inLanguage\":\"fr-FR\",\"potentialAction\":[{\"@type\":\"ReadAction\",\"target\":[\"https:\\\/\\\/drasanvi.com\\\/fr\\\/producto\\\/bronze-natural\\\/\"]}]},{\"@type\":\"ImageObject\",\"inLanguage\":\"fr-FR\",\"@id\":\"https:\\\/\\\/drasanvi.com\\\/fr\\\/producto\\\/bronze-natural\\\/#primaryimage\",\"url\":\"https:\\\/\\\/drasanvi.com\\\/fr\\\/wp-content\\\/uploads\\\/sites\\\/7\\\/2022\\\/02\\\/032050094.png\",\"contentUrl\":\"https:\\\/\\\/drasanvi.com\\\/fr\\\/wp-content\\\/uploads\\\/sites\\\/7\\\/2022\\\/02\\\/032050094.png\",\"width\":1000,\"height\":1000},{\"@type\":\"BreadcrumbList\",\"@id\":\"https:\\\/\\\/drasanvi.com\\\/fr\\\/producto\\\/bronze-natural\\\/#breadcrumb\",\"itemListElement\":[{\"@type\":\"ListItem\",\"position\":1,\"name\":\"Portada\",\"item\":\"https:\\\/\\\/drasanvi.com\\\/fr\\\/\"},{\"@type\":\"ListItem\",\"position\":2,\"name\":\"Tienda\",\"item\":\"https:\\\/\\\/drasanvi.com\\\/fr\\\/tienda\\\/\"},{\"@type\":\"ListItem\",\"position\":3,\"name\":\"Bronze Natural\"}]},{\"@type\":\"WebSite\",\"@id\":\"https:\\\/\\\/drasanvi.com\\\/fr\\\/#website\",\"url\":\"https:\\\/\\\/drasanvi.com\\\/fr\\\/\",\"name\":\"Drasanvi Francia\",\"description\":\"L\u00edder en complementos alimenticios y cosm\u00e9tica natural.\",\"publisher\":{\"@id\":\"https:\\\/\\\/drasanvi.com\\\/fr\\\/#organization\"},\"potentialAction\":[{\"@type\":\"SearchAction\",\"target\":{\"@type\":\"EntryPoint\",\"urlTemplate\":\"https:\\\/\\\/drasanvi.com\\\/fr\\\/?s={search_term_string}\"},\"query-input\":{\"@type\":\"PropertyValueSpecification\",\"valueRequired\":true,\"valueName\":\"search_term_string\"}}],\"inLanguage\":\"fr-FR\"},{\"@type\":\"Organization\",\"@id\":\"https:\\\/\\\/drasanvi.com\\\/fr\\\/#organization\",\"name\":\"Drasanvi\",\"url\":\"https:\\\/\\\/drasanvi.com\\\/fr\\\/\",\"logo\":{\"@type\":\"ImageObject\",\"inLanguage\":\"fr-FR\",\"@id\":\"https:\\\/\\\/drasanvi.com\\\/fr\\\/#\\\/schema\\\/logo\\\/image\\\/\",\"url\":\"https:\\\/\\\/drasanvi.com\\\/wp-content\\\/uploads\\\/sites\\\/7\\\/2021\\\/07\\\/logo-drasanvi.png\",\"contentUrl\":\"https:\\\/\\\/drasanvi.com\\\/wp-content\\\/uploads\\\/sites\\\/7\\\/2021\\\/07\\\/logo-drasanvi.png\",\"width\":900,\"height\":300,\"caption\":\"Drasanvi\"},\"image\":{\"@id\":\"https:\\\/\\\/drasanvi.com\\\/fr\\\/#\\\/schema\\\/logo\\\/image\\\/\"}}]}<\/script>\n<!-- \/ Yoast SEO plugin. -->","yoast_head_json":{"title":"Bronze Natural - Drasanvi Francia","robots":{"index":"index","follow":"follow","max-snippet":"max-snippet:-1","max-image-preview":"max-image-preview:large","max-video-preview":"max-video-preview:-1"},"canonical":"https:\/\/drasanvi.com\/fr\/producto\/bronze-natural\/","og_locale":"fr_FR","og_type":"article","og_title":"Bronze Natural - Drasanvi Francia","og_description":"Bronze Natural es un complemento alimenticio a base de aceite de Rosa de Mosqueta, rica en \u00e1cidos grasos esenciales, extracto seco de Tomate, Zanahoria y Alga Dunaliella, extractos ricos en pigmentos como el Licopeno, Betacarotenos y Lute\u00edna.Adem\u00e1s, incorpora una fuente de Vitaminas (A, E, C y B2), destacando la Vitamina E, que contribuye a la protecci\u00f3n de las c\u00e9lulas frente al da\u00f1o oxidativo. Por su importancia, es necesario mencionar la presencia del amino\u00e1cido L-tirosina, precursor de la Melanina (pigmento responsable del color de la piel). Ficha t\u00e9cnica","og_url":"https:\/\/drasanvi.com\/fr\/producto\/bronze-natural\/","og_site_name":"Drasanvi Francia","article_modified_time":"2022-03-15T12:53:26+00:00","og_image":[{"width":1000,"height":1000,"url":"https:\/\/drasanvi.com\/wp-content\/uploads\/sites\/7\/2022\/02\/032050094.png","type":"image\/png"}],"twitter_card":"summary_large_image","schema":{"@context":"https:\/\/schema.org","@graph":[{"@type":"WebPage","@id":"https:\/\/drasanvi.com\/fr\/producto\/bronze-natural\/","url":"https:\/\/drasanvi.com\/fr\/producto\/bronze-natural\/","name":"Bronze Natural - Drasanvi Francia","isPartOf":{"@id":"https:\/\/drasanvi.com\/fr\/#website"},"primaryImageOfPage":{"@id":"https:\/\/drasanvi.com\/fr\/producto\/bronze-natural\/#primaryimage"},"image":{"@id":"https:\/\/drasanvi.com\/fr\/producto\/bronze-natural\/#primaryimage"},"thumbnailUrl":"https:\/\/drasanvi.com\/fr\/wp-content\/uploads\/sites\/7\/2022\/02\/032050094.png","datePublished":"2022-02-28T13:00:22+00:00","dateModified":"2022-03-15T12:53:26+00:00","breadcrumb":{"@id":"https:\/\/drasanvi.com\/fr\/producto\/bronze-natural\/#breadcrumb"},"inLanguage":"fr-FR","potentialAction":[{"@type":"ReadAction","target":["https:\/\/drasanvi.com\/fr\/producto\/bronze-natural\/"]}]},{"@type":"ImageObject","inLanguage":"fr-FR","@id":"https:\/\/drasanvi.com\/fr\/producto\/bronze-natural\/#primaryimage","url":"https:\/\/drasanvi.com\/fr\/wp-content\/uploads\/sites\/7\/2022\/02\/032050094.png","contentUrl":"https:\/\/drasanvi.com\/fr\/wp-content\/uploads\/sites\/7\/2022\/02\/032050094.png","width":1000,"height":1000},{"@type":"BreadcrumbList","@id":"https:\/\/drasanvi.com\/fr\/producto\/bronze-natural\/#breadcrumb","itemListElement":[{"@type":"ListItem","position":1,"name":"Portada","item":"https:\/\/drasanvi.com\/fr\/"},{"@type":"ListItem","position":2,"name":"Tienda","item":"https:\/\/drasanvi.com\/fr\/tienda\/"},{"@type":"ListItem","position":3,"name":"Bronze Natural"}]},{"@type":"WebSite","@id":"https:\/\/drasanvi.com\/fr\/#website","url":"https:\/\/drasanvi.com\/fr\/","name":"Drasanvi Francia","description":"L\u00edder en complementos alimenticios y cosm\u00e9tica natural.","publisher":{"@id":"https:\/\/drasanvi.com\/fr\/#organization"},"potentialAction":[{"@type":"SearchAction","target":{"@type":"EntryPoint","urlTemplate":"https:\/\/drasanvi.com\/fr\/?s={search_term_string}"},"query-input":{"@type":"PropertyValueSpecification","valueRequired":true,"valueName":"search_term_string"}}],"inLanguage":"fr-FR"},{"@type":"Organization","@id":"https:\/\/drasanvi.com\/fr\/#organization","name":"Drasanvi","url":"https:\/\/drasanvi.com\/fr\/","logo":{"@type":"ImageObject","inLanguage":"fr-FR","@id":"https:\/\/drasanvi.com\/fr\/#\/schema\/logo\/image\/","url":"https:\/\/drasanvi.com\/wp-content\/uploads\/sites\/7\/2021\/07\/logo-drasanvi.png","contentUrl":"https:\/\/drasanvi.com\/wp-content\/uploads\/sites\/7\/2021\/07\/logo-drasanvi.png","width":900,"height":300,"caption":"Drasanvi"},"image":{"@id":"https:\/\/drasanvi.com\/fr\/#\/schema\/logo\/image\/"}}]}},"_links":{"self":[{"href":"https:\/\/drasanvi.com\/fr\/wp-json\/wp\/v2\/product\/13706","targetHints":{"allow":["GET"]}}],"collection":[{"href":"https:\/\/drasanvi.com\/fr\/wp-json\/wp\/v2\/product"}],"about":[{"href":"https:\/\/drasanvi.com\/fr\/wp-json\/wp\/v2\/types\/product"}],"version-history":[{"count":0,"href":"https:\/\/drasanvi.com\/fr\/wp-json\/wp\/v2\/product\/13706\/revisions"}],"wp:featuredmedia":[{"embeddable":true,"href":"https:\/\/drasanvi.com\/fr\/wp-json\/wp\/v2\/media\/19820"}],"wp:attachment":[{"href":"https:\/\/drasanvi.com\/fr\/wp-json\/wp\/v2\/media?parent=13706"}],"wp:term":[{"taxonomy":"product_cat","embeddable":true,"href":"https:\/\/drasanvi.com\/fr\/wp-json\/wp\/v2\/product_cat?post=13706"},{"taxonomy":"product_tag","embeddable":true,"href":"https:\/\/drasanvi.com\/fr\/wp-json\/wp\/v2\/product_tag?post=13706"}],"curies":[{"name":"wp","href":"https:\/\/api.w.org\/{rel}","templated":true}]}}