{"id":13698,"date":"2022-02-28T15:13:41","date_gmt":"2022-02-28T13:13:41","guid":{"rendered":"https:\/\/drasanvi.com\/fr\/?post_type=product&#038;p=13698"},"modified":"2022-03-15T16:56:24","modified_gmt":"2022-03-15T14:56:24","slug":"phytocyst-15-comprimidos","status":"publish","type":"product","link":"https:\/\/drasanvi.com\/fr\/producto\/phytocyst-15-comprimidos\/","title":{"rendered":"Phytocyst 15 comprimidos"},"content":{"rendered":"<h2>Ingredientes<\/h2>\n<p>Ingrediente Cantidad \/ dosis diaria Extracto seco de Ar\u00e1ndano Rojo Americano Vaccinium macrocarpon Ait. Aporta 40% de proantocianidinas tipo A (PAC-A) 150 mg 60 mg Fructooligosac\u00e1ridos Procedente de frutas y verduras 50 mg Vitamina C Como \u00c1cido Asc\u00f3rbico 40 mg Fermentos l\u00e1cticos\u00a0(Proviene de 9 cepas diferentes y una matriz de gastroprotecci\u00f3n) Almid\u00f3n de ma\u00edz, Maltodextrina de ma\u00edz, Fructooligosac\u00e1ridos, Inulina, Dextrina de ma\u00edz, Cloruro de potasio, Proteina vegetal hidrolizada, Sulfato de magnesio) cepas bacterianas (Bifidobacterium lactis (2 cepas), Enterococcus faecium, Lactobacillus acidophilus, Lactobacillus paracasei, Lactobacillus plantarum (2 cepas), Lactobacillus salivarius, Lactococcus lactis), Enzima amilasa, Aroma de Vainilla, Sulfato de manganeso. 1 g aporta 1000 millones de c\u00e9lulas vivas. 5 mg \u00c1cido f\u00f3lico En forma de \u00c1cido pteroilmonoglut\u00e1mico 100 \u00b5g Otros ingredientes: Celulosa Microcristalina, Magnesio Estearato y Di\u00f3xido de Sil\u00edcio. Sin az\u00facares, edulcorantes, colorantes ni conservantes.<\/p>\n<h2>Modo de uso<\/h2>\n<p>Al inicio, tomar 2 comprimidos al d\u00eda, cada 12 horas y durante 7 d\u00edas. Se recomienda ingerir 1 comprimido a media ma\u00f1ana y otro una hora antes de acostarse.Transcurridos los 7 d\u00edas, se recomienda tomar 1 al d\u00eda, antes de acostarse, durante seis meses.<\/p>\n<h3>Presentaci\u00f3n<\/h3>\n<p>Envase de 15 comprimidos de 550 mg. Peso total: 8,25 g (0.29 oz)<\/p>\n<h3>Advertencias<\/h3>\n<p>Complemento alimenticio a base de plantas, fructooligosac\u00e1ridos, fermentos l\u00e1cticos y vitaminas. 120 mg de PACs en dos comprimidos. Los complementos alimenticios no deben utilizarse como sustitutivos de una dieta equilibrada. No superar la dosis diaria expresamente recomendada. Mantener fuera del alcance de los ni\u00f1os m\u00e1s peque\u00f1os. Conservar en un lugar fresco y seco.Un consumo excesivo puede causar malestar intestinal. Evitar el consumo junto con medicamentos y otros complementos alimenticios a base de fibra.<\/p>\n<h2>Informaci\u00f3n adicional<\/h2>\n<p>Ingredientes Descripci\u00f3n Cantidad\/ dosis d\u00eda Agente de carga (Celulosa microcristalina) 280,9 mg Extracto seco de Ar\u00e1ndano Rojo (Vaccinium macrocarpon Ait.,Proantocianidinas tipo A, PAC40%) 150 mg Fructooligosac\u00e1ridos \u00a0 50 mg Vitamina C (\u00c1cido Asc\u00f3rbico) 40 mg Agente de carga (Estearato de magnesio) 18 mg Antiaglomerante (Di\u00f3xido de silicio) 6 mg Fermentos L\u00e1cticos (Almid\u00f3n de ma\u00edz, Maltodextrina de ma\u00edz, Fructooligosac\u00e1ridos, Inulina, Dextrina de ma\u00edz, Cloruro de potasio, Proteina vegetal hidrolizada, Sulfato de magnesio), Bifidobacterium lactis (2 cepas), Enterococcus faecium, Lactobacillus acidophilus, Lactobacillus paracasei, Lactobacillus plantarum (2 cepas), Lactobacillus salivarius, Lactococcus lactis, Enzima amilasa, Aroma de Vainilla, Sulfato de manganeso) 5 mg \u00c1cido f\u00f3lico (\u00c1cido pteroilmonoglut\u00e1mico) 100 \u00b5g<\/p>\n<p>Por dosis diaria (1 ccomprimido) Ingrediente Porcentaje Cantidad Vitamina C 50% 40 mg \u00c1cido F\u00f3lico 50% 100 \u00b5g % VRN (Valores Recomendados de Nutrientes)<\/p>\n","protected":false},"excerpt":{"rendered":"<p>Phytocyst es un complemento alimenticio que se basa en el uso de extracto seco de Ar\u00e1ndano Rojo Americano, Vaccimium macrocarpom, conocido tambi\u00e9n como Cranberry.El inter\u00e9s por el Ar\u00e1ndano Rojo, en general, \u00a0radica en su gran valor nutricional: fibra, vitaminas y minerales. Pero son las Proantocianidinas (PACs-A), el principio activo m\u00e1s importante presente en los Ar\u00e1ndanos Rojos Americanos.Por eso, el extracto utilizado en Phytocyst\u00ae est\u00e1 titulado en 40% en dicha sustancia. De esta manera, nos aseguramos un gran aporte.Adem\u00e1s de este extracto de primera calidad, se han a\u00f1adido fructooligosac\u00e1ridos, fermentos l\u00e1cticos y Vitamina C, que contribuye al funcionamiento normal del sistema inmunitario.<br \/>\n<a id=\"boton-ficha\" href=\"https:\/\/panel.drasanvi.com\/fichas\/1\/032050560\" target=\"_blank\" rel=\"noopener\">Ficha t\u00e9cnica<\/a><\/p>\n","protected":false},"featured_media":20510,"template":"","meta":{"inline_featured_image":false},"product_cat":[114],"product_tag":[],"class_list":["post-13698","product","type-product","status-publish","has-post-thumbnail","hentry","product_cat-sistema-urinario","pa_contiene-altramuces-no","pa_contiene-apio-no","pa_contiene-cacahuetes-no","pa_contiene-crustaceos-no","pa_contiene-frutos-secos-no","pa_contiene-huevo-no","pa_contiene-leche-no","pa_contiene-moluscos-no","pa_contiene-mostaza-no","pa_contiene-pescado-no","pa_contiene-sesamo-no","pa_contiene-soja-no","pa_producto-bio-no","pa_producto-sin-gluten-si","pa_producto-vegano-no","pa_producto-vegetariano-no"],"yoast_head":"<!-- This site is optimized with the Yoast SEO plugin v27.5 - https:\/\/yoast.com\/product\/yoast-seo-wordpress\/ -->\n<title>Phytocyst 15 comprimidos - Drasanvi Francia<\/title>\n<meta name=\"robots\" content=\"index, follow, max-snippet:-1, max-image-preview:large, max-video-preview:-1\" \/>\n<link rel=\"canonical\" href=\"https:\/\/drasanvi.com\/fr\/producto\/phytocyst-15-comprimidos\/\" \/>\n<meta property=\"og:locale\" content=\"fr_FR\" \/>\n<meta property=\"og:type\" content=\"article\" \/>\n<meta property=\"og:title\" content=\"Phytocyst 15 comprimidos - Drasanvi Francia\" \/>\n<meta property=\"og:description\" content=\"Phytocyst es un complemento alimenticio que se basa en el uso de extracto seco de Ar\u00e1ndano Rojo Americano, Vaccimium macrocarpom, conocido tambi\u00e9n como Cranberry.El inter\u00e9s por el Ar\u00e1ndano Rojo, en general, \u00a0radica en su gran valor nutricional: fibra, vitaminas y minerales. Pero son las Proantocianidinas (PACs-A), el principio activo m\u00e1s importante presente en los Ar\u00e1ndanos Rojos Americanos.Por eso, el extracto utilizado en Phytocyst\u00ae est\u00e1 titulado en 40% en dicha sustancia. De esta manera, nos aseguramos un gran aporte.Adem\u00e1s de este extracto de primera calidad, se han a\u00f1adido fructooligosac\u00e1ridos, fermentos l\u00e1cticos y Vitamina C, que contribuye al funcionamiento normal del sistema inmunitario. Ficha t\u00e9cnica\" \/>\n<meta property=\"og:url\" content=\"https:\/\/drasanvi.com\/fr\/producto\/phytocyst-15-comprimidos\/\" \/>\n<meta property=\"og:site_name\" content=\"Drasanvi Francia\" \/>\n<meta property=\"article:modified_time\" content=\"2022-03-15T14:56:24+00:00\" \/>\n<meta property=\"og:image\" content=\"https:\/\/drasanvi.com\/wp-content\/uploads\/sites\/7\/2022\/02\/032050560.png\" \/>\n\t<meta property=\"og:image:width\" content=\"1000\" \/>\n\t<meta property=\"og:image:height\" content=\"1000\" \/>\n\t<meta property=\"og:image:type\" content=\"image\/png\" \/>\n<meta name=\"twitter:card\" content=\"summary_large_image\" \/>\n<script type=\"application\/ld+json\" class=\"yoast-schema-graph\">{\"@context\":\"https:\\\/\\\/schema.org\",\"@graph\":[{\"@type\":\"WebPage\",\"@id\":\"https:\\\/\\\/drasanvi.com\\\/fr\\\/producto\\\/phytocyst-15-comprimidos\\\/\",\"url\":\"https:\\\/\\\/drasanvi.com\\\/fr\\\/producto\\\/phytocyst-15-comprimidos\\\/\",\"name\":\"Phytocyst 15 comprimidos - Drasanvi Francia\",\"isPartOf\":{\"@id\":\"https:\\\/\\\/drasanvi.com\\\/fr\\\/#website\"},\"primaryImageOfPage\":{\"@id\":\"https:\\\/\\\/drasanvi.com\\\/fr\\\/producto\\\/phytocyst-15-comprimidos\\\/#primaryimage\"},\"image\":{\"@id\":\"https:\\\/\\\/drasanvi.com\\\/fr\\\/producto\\\/phytocyst-15-comprimidos\\\/#primaryimage\"},\"thumbnailUrl\":\"https:\\\/\\\/drasanvi.com\\\/fr\\\/wp-content\\\/uploads\\\/sites\\\/7\\\/2022\\\/02\\\/032050560.png\",\"datePublished\":\"2022-02-28T13:13:41+00:00\",\"dateModified\":\"2022-03-15T14:56:24+00:00\",\"breadcrumb\":{\"@id\":\"https:\\\/\\\/drasanvi.com\\\/fr\\\/producto\\\/phytocyst-15-comprimidos\\\/#breadcrumb\"},\"inLanguage\":\"fr-FR\",\"potentialAction\":[{\"@type\":\"ReadAction\",\"target\":[\"https:\\\/\\\/drasanvi.com\\\/fr\\\/producto\\\/phytocyst-15-comprimidos\\\/\"]}]},{\"@type\":\"ImageObject\",\"inLanguage\":\"fr-FR\",\"@id\":\"https:\\\/\\\/drasanvi.com\\\/fr\\\/producto\\\/phytocyst-15-comprimidos\\\/#primaryimage\",\"url\":\"https:\\\/\\\/drasanvi.com\\\/fr\\\/wp-content\\\/uploads\\\/sites\\\/7\\\/2022\\\/02\\\/032050560.png\",\"contentUrl\":\"https:\\\/\\\/drasanvi.com\\\/fr\\\/wp-content\\\/uploads\\\/sites\\\/7\\\/2022\\\/02\\\/032050560.png\",\"width\":1000,\"height\":1000},{\"@type\":\"BreadcrumbList\",\"@id\":\"https:\\\/\\\/drasanvi.com\\\/fr\\\/producto\\\/phytocyst-15-comprimidos\\\/#breadcrumb\",\"itemListElement\":[{\"@type\":\"ListItem\",\"position\":1,\"name\":\"Portada\",\"item\":\"https:\\\/\\\/drasanvi.com\\\/fr\\\/\"},{\"@type\":\"ListItem\",\"position\":2,\"name\":\"Tienda\",\"item\":\"https:\\\/\\\/drasanvi.com\\\/fr\\\/tienda\\\/\"},{\"@type\":\"ListItem\",\"position\":3,\"name\":\"Phytocyst 15 comprimidos\"}]},{\"@type\":\"WebSite\",\"@id\":\"https:\\\/\\\/drasanvi.com\\\/fr\\\/#website\",\"url\":\"https:\\\/\\\/drasanvi.com\\\/fr\\\/\",\"name\":\"Drasanvi Francia\",\"description\":\"L\u00edder en complementos alimenticios y cosm\u00e9tica natural.\",\"publisher\":{\"@id\":\"https:\\\/\\\/drasanvi.com\\\/fr\\\/#organization\"},\"potentialAction\":[{\"@type\":\"SearchAction\",\"target\":{\"@type\":\"EntryPoint\",\"urlTemplate\":\"https:\\\/\\\/drasanvi.com\\\/fr\\\/?s={search_term_string}\"},\"query-input\":{\"@type\":\"PropertyValueSpecification\",\"valueRequired\":true,\"valueName\":\"search_term_string\"}}],\"inLanguage\":\"fr-FR\"},{\"@type\":\"Organization\",\"@id\":\"https:\\\/\\\/drasanvi.com\\\/fr\\\/#organization\",\"name\":\"Drasanvi\",\"url\":\"https:\\\/\\\/drasanvi.com\\\/fr\\\/\",\"logo\":{\"@type\":\"ImageObject\",\"inLanguage\":\"fr-FR\",\"@id\":\"https:\\\/\\\/drasanvi.com\\\/fr\\\/#\\\/schema\\\/logo\\\/image\\\/\",\"url\":\"https:\\\/\\\/drasanvi.com\\\/wp-content\\\/uploads\\\/sites\\\/7\\\/2021\\\/07\\\/logo-drasanvi.png\",\"contentUrl\":\"https:\\\/\\\/drasanvi.com\\\/wp-content\\\/uploads\\\/sites\\\/7\\\/2021\\\/07\\\/logo-drasanvi.png\",\"width\":900,\"height\":300,\"caption\":\"Drasanvi\"},\"image\":{\"@id\":\"https:\\\/\\\/drasanvi.com\\\/fr\\\/#\\\/schema\\\/logo\\\/image\\\/\"}}]}<\/script>\n<!-- \/ Yoast SEO plugin. -->","yoast_head_json":{"title":"Phytocyst 15 comprimidos - Drasanvi Francia","robots":{"index":"index","follow":"follow","max-snippet":"max-snippet:-1","max-image-preview":"max-image-preview:large","max-video-preview":"max-video-preview:-1"},"canonical":"https:\/\/drasanvi.com\/fr\/producto\/phytocyst-15-comprimidos\/","og_locale":"fr_FR","og_type":"article","og_title":"Phytocyst 15 comprimidos - Drasanvi Francia","og_description":"Phytocyst es un complemento alimenticio que se basa en el uso de extracto seco de Ar\u00e1ndano Rojo Americano, Vaccimium macrocarpom, conocido tambi\u00e9n como Cranberry.El inter\u00e9s por el Ar\u00e1ndano Rojo, en general, \u00a0radica en su gran valor nutricional: fibra, vitaminas y minerales. Pero son las Proantocianidinas (PACs-A), el principio activo m\u00e1s importante presente en los Ar\u00e1ndanos Rojos Americanos.Por eso, el extracto utilizado en Phytocyst\u00ae est\u00e1 titulado en 40% en dicha sustancia. De esta manera, nos aseguramos un gran aporte.Adem\u00e1s de este extracto de primera calidad, se han a\u00f1adido fructooligosac\u00e1ridos, fermentos l\u00e1cticos y Vitamina C, que contribuye al funcionamiento normal del sistema inmunitario. Ficha t\u00e9cnica","og_url":"https:\/\/drasanvi.com\/fr\/producto\/phytocyst-15-comprimidos\/","og_site_name":"Drasanvi Francia","article_modified_time":"2022-03-15T14:56:24+00:00","og_image":[{"width":1000,"height":1000,"url":"https:\/\/drasanvi.com\/wp-content\/uploads\/sites\/7\/2022\/02\/032050560.png","type":"image\/png"}],"twitter_card":"summary_large_image","schema":{"@context":"https:\/\/schema.org","@graph":[{"@type":"WebPage","@id":"https:\/\/drasanvi.com\/fr\/producto\/phytocyst-15-comprimidos\/","url":"https:\/\/drasanvi.com\/fr\/producto\/phytocyst-15-comprimidos\/","name":"Phytocyst 15 comprimidos - Drasanvi Francia","isPartOf":{"@id":"https:\/\/drasanvi.com\/fr\/#website"},"primaryImageOfPage":{"@id":"https:\/\/drasanvi.com\/fr\/producto\/phytocyst-15-comprimidos\/#primaryimage"},"image":{"@id":"https:\/\/drasanvi.com\/fr\/producto\/phytocyst-15-comprimidos\/#primaryimage"},"thumbnailUrl":"https:\/\/drasanvi.com\/fr\/wp-content\/uploads\/sites\/7\/2022\/02\/032050560.png","datePublished":"2022-02-28T13:13:41+00:00","dateModified":"2022-03-15T14:56:24+00:00","breadcrumb":{"@id":"https:\/\/drasanvi.com\/fr\/producto\/phytocyst-15-comprimidos\/#breadcrumb"},"inLanguage":"fr-FR","potentialAction":[{"@type":"ReadAction","target":["https:\/\/drasanvi.com\/fr\/producto\/phytocyst-15-comprimidos\/"]}]},{"@type":"ImageObject","inLanguage":"fr-FR","@id":"https:\/\/drasanvi.com\/fr\/producto\/phytocyst-15-comprimidos\/#primaryimage","url":"https:\/\/drasanvi.com\/fr\/wp-content\/uploads\/sites\/7\/2022\/02\/032050560.png","contentUrl":"https:\/\/drasanvi.com\/fr\/wp-content\/uploads\/sites\/7\/2022\/02\/032050560.png","width":1000,"height":1000},{"@type":"BreadcrumbList","@id":"https:\/\/drasanvi.com\/fr\/producto\/phytocyst-15-comprimidos\/#breadcrumb","itemListElement":[{"@type":"ListItem","position":1,"name":"Portada","item":"https:\/\/drasanvi.com\/fr\/"},{"@type":"ListItem","position":2,"name":"Tienda","item":"https:\/\/drasanvi.com\/fr\/tienda\/"},{"@type":"ListItem","position":3,"name":"Phytocyst 15 comprimidos"}]},{"@type":"WebSite","@id":"https:\/\/drasanvi.com\/fr\/#website","url":"https:\/\/drasanvi.com\/fr\/","name":"Drasanvi Francia","description":"L\u00edder en complementos alimenticios y cosm\u00e9tica natural.","publisher":{"@id":"https:\/\/drasanvi.com\/fr\/#organization"},"potentialAction":[{"@type":"SearchAction","target":{"@type":"EntryPoint","urlTemplate":"https:\/\/drasanvi.com\/fr\/?s={search_term_string}"},"query-input":{"@type":"PropertyValueSpecification","valueRequired":true,"valueName":"search_term_string"}}],"inLanguage":"fr-FR"},{"@type":"Organization","@id":"https:\/\/drasanvi.com\/fr\/#organization","name":"Drasanvi","url":"https:\/\/drasanvi.com\/fr\/","logo":{"@type":"ImageObject","inLanguage":"fr-FR","@id":"https:\/\/drasanvi.com\/fr\/#\/schema\/logo\/image\/","url":"https:\/\/drasanvi.com\/wp-content\/uploads\/sites\/7\/2021\/07\/logo-drasanvi.png","contentUrl":"https:\/\/drasanvi.com\/wp-content\/uploads\/sites\/7\/2021\/07\/logo-drasanvi.png","width":900,"height":300,"caption":"Drasanvi"},"image":{"@id":"https:\/\/drasanvi.com\/fr\/#\/schema\/logo\/image\/"}}]}},"_links":{"self":[{"href":"https:\/\/drasanvi.com\/fr\/wp-json\/wp\/v2\/product\/13698","targetHints":{"allow":["GET"]}}],"collection":[{"href":"https:\/\/drasanvi.com\/fr\/wp-json\/wp\/v2\/product"}],"about":[{"href":"https:\/\/drasanvi.com\/fr\/wp-json\/wp\/v2\/types\/product"}],"version-history":[{"count":0,"href":"https:\/\/drasanvi.com\/fr\/wp-json\/wp\/v2\/product\/13698\/revisions"}],"wp:featuredmedia":[{"embeddable":true,"href":"https:\/\/drasanvi.com\/fr\/wp-json\/wp\/v2\/media\/20510"}],"wp:attachment":[{"href":"https:\/\/drasanvi.com\/fr\/wp-json\/wp\/v2\/media?parent=13698"}],"wp:term":[{"taxonomy":"product_cat","embeddable":true,"href":"https:\/\/drasanvi.com\/fr\/wp-json\/wp\/v2\/product_cat?post=13698"},{"taxonomy":"product_tag","embeddable":true,"href":"https:\/\/drasanvi.com\/fr\/wp-json\/wp\/v2\/product_tag?post=13698"}],"curies":[{"name":"wp","href":"https:\/\/api.w.org\/{rel}","templated":true}]}}