{"id":13666,"date":"2022-02-28T15:19:09","date_gmt":"2022-02-28T13:19:09","guid":{"rendered":"https:\/\/drasanvi.com\/fr\/?post_type=product&#038;p=13666"},"modified":"2022-03-15T17:20:26","modified_gmt":"2022-03-15T15:20:26","slug":"venox-roll-on","status":"publish","type":"product","link":"https:\/\/drasanvi.com\/fr\/producto\/venox-roll-on\/","title":{"rendered":"Venox Roll On"},"content":{"rendered":"<h2>Ingredientes<\/h2>\n<p>Aqua,\u00a0Aloe Barbadensis\u00a0Leaf Extract*,\u00a0Olea Europaea\u00a0Fruit Extract*, Algin,\u00a0Rosmarinus Officianlis\u00a0Leaf Extract*,\u00a0Lavandula Angustifolia\u00a0Leaf Extract*,\u00a0Triticum Vulgare\u00a0Germ Oil*, Sodium Hyaluronate, Butyrospermum Parkii Butter*, Menthol, Mentha Piperita Leaf Extract,\u00a0Aesculus Hippocastanum\u00a0Seed Extract,\u00a0Vaccinium Myrtillus\u00a0Fruit Extract,\u00a0Centella Asiatica\u00a0Extract, Sodium Benzoate, Parfum, Linalool, Limonene, Geraniol. *De agricultura biol\u00f3gica<\/p>\n<h2>Modo de uso<\/h2>\n<p>Aplicar directamente el roll-on y masajear hasta su total absorci\u00f3n.<\/p>\n<h3>Presentaci\u00f3n<\/h3>\n<p>Envase de 60 ml (2.02 fl oz)<\/p>\n<h3>Advertencias<\/h3>\n<h2>Informaci\u00f3n adicional<\/h2>\n<p>Aqua, Aloe Barbadensis Leaf Extract*, Olea Europaea Fruit Extract*, Algin, Rosmarinus Officianlis Leaf Extract*, Lavandula Angustifolia Leaf Extract*, Triticum Vulgare Germ Oil*, Sodium Hyaluronate, Butyrospermum Parkii Butter*, Menthol, Mentha Piperita Leaf Extract, Aesculus Hippocastanum Seed Extract, Vaccinium Myrtillus Fruit Extract, Centella Asiatica Extract, Sodium Benzoate, Parfum, Linalool, Limonene, Geraniol. *De agricultura biol\u00f3gica<\/p>\n<p>Componente Acci\u00f3n Efecto Aloe vera Planta rica en muc\u00edlagos. Suaviza, hidrata y ayuda a recuperar la piel da\u00f1ada. Germen de trigo El germen de trigo tiene muchas propiedades pero destaca por su grand\u00edsimo aporte en Vitamina E, gran antioxidante. Adem\u00e1s aporta Zinc y varias vitaminas de grupo B. Aporta propiedades antioxidantes, que contrarrestan los radicales libres que causan envejecimiento prematuro en estructuras tales como los capilares sangu\u00edneos. Menta Aporta frescor y sensaci\u00f3n de alivio. Aporta bienestar natural a tus piernas. Casta\u00f1o de Indias Planta rica en aescina, que protege los vasos sangu\u00edneos. Participa en procesos circulatorios. Ar\u00e1ndano (Mirtilo) Protege y fortalece los vasos sangu\u00edneos. Aumenta la resistencia de los vasos sangu\u00edneos. Es astringente por lo que reduce la salida de l\u00edquidos evitando los edemas. Centella asi\u00e1tica Estimula la proliferaci\u00f3n del fibroblasto, que es la c\u00e9lula precursora del col\u00e1geno. Estimula la proliferaci\u00f3n del fibroblasto, que es la c\u00e9lula precursora del col\u00e1geno.<\/p>\n","protected":false},"excerpt":{"rendered":"<p>Venox\u00ae Gel Fr\u00edo de Drasanvi aporta una sensaci\u00f3n de bienestar, frescor y relajaci\u00f3n para tus piernas, gracias a la acci\u00f3n combinada de sus ingredientes. Adem\u00e1s, su uso aporta suavidad e hidrataci\u00f3n a tu piel.<br \/>\n<a id=\"boton-ficha\" href=\"https:\/\/panel.drasanvi.com\/fichas\/1\/032060005\" target=\"_blank\" rel=\"noopener\">Ficha t\u00e9cnica<\/a><\/p>\n","protected":false},"featured_media":20851,"template":"","meta":{"inline_featured_image":false},"product_cat":[93,94],"product_tag":[],"class_list":["post-13666","product","type-product","status-publish","has-post-thumbnail","hentry","product_cat-circulacion","product_cat-cosmetica","pa_contiene-altramuces-no","pa_contiene-apio-no","pa_contiene-cacahuetes-no","pa_contiene-crustaceos-no","pa_contiene-frutos-secos-no","pa_contiene-huevo-no","pa_contiene-leche-no","pa_contiene-moluscos-no","pa_contiene-mostaza-no","pa_contiene-pescado-no","pa_contiene-sesamo-no","pa_contiene-soja-no","pa_producto-bio-no","pa_producto-sin-gluten-si","pa_producto-vegano-si","pa_producto-vegetariano-no"],"yoast_head":"<!-- This site is optimized with the Yoast SEO plugin v27.5 - https:\/\/yoast.com\/product\/yoast-seo-wordpress\/ -->\n<title>Venox Roll On - Drasanvi Francia<\/title>\n<meta name=\"robots\" content=\"index, follow, max-snippet:-1, max-image-preview:large, max-video-preview:-1\" \/>\n<link rel=\"canonical\" href=\"https:\/\/drasanvi.com\/fr\/producto\/venox-roll-on\/\" \/>\n<meta property=\"og:locale\" content=\"fr_FR\" \/>\n<meta property=\"og:type\" content=\"article\" \/>\n<meta property=\"og:title\" content=\"Venox Roll On - Drasanvi Francia\" \/>\n<meta property=\"og:description\" content=\"Venox\u00ae Gel Fr\u00edo de Drasanvi aporta una sensaci\u00f3n de bienestar, frescor y relajaci\u00f3n para tus piernas, gracias a la acci\u00f3n combinada de sus ingredientes. Adem\u00e1s, su uso aporta suavidad e hidrataci\u00f3n a tu piel. Ficha t\u00e9cnica\" \/>\n<meta property=\"og:url\" content=\"https:\/\/drasanvi.com\/fr\/producto\/venox-roll-on\/\" \/>\n<meta property=\"og:site_name\" content=\"Drasanvi Francia\" \/>\n<meta property=\"article:modified_time\" content=\"2022-03-15T15:20:26+00:00\" \/>\n<meta property=\"og:image\" content=\"https:\/\/drasanvi.com\/wp-content\/uploads\/sites\/7\/2022\/02\/032060005.png\" \/>\n\t<meta property=\"og:image:width\" content=\"1000\" \/>\n\t<meta property=\"og:image:height\" content=\"1000\" \/>\n\t<meta property=\"og:image:type\" content=\"image\/png\" \/>\n<meta name=\"twitter:card\" content=\"summary_large_image\" \/>\n<script type=\"application\/ld+json\" class=\"yoast-schema-graph\">{\"@context\":\"https:\\\/\\\/schema.org\",\"@graph\":[{\"@type\":\"WebPage\",\"@id\":\"https:\\\/\\\/drasanvi.com\\\/fr\\\/producto\\\/venox-roll-on\\\/\",\"url\":\"https:\\\/\\\/drasanvi.com\\\/fr\\\/producto\\\/venox-roll-on\\\/\",\"name\":\"Venox Roll On - Drasanvi Francia\",\"isPartOf\":{\"@id\":\"https:\\\/\\\/drasanvi.com\\\/fr\\\/#website\"},\"primaryImageOfPage\":{\"@id\":\"https:\\\/\\\/drasanvi.com\\\/fr\\\/producto\\\/venox-roll-on\\\/#primaryimage\"},\"image\":{\"@id\":\"https:\\\/\\\/drasanvi.com\\\/fr\\\/producto\\\/venox-roll-on\\\/#primaryimage\"},\"thumbnailUrl\":\"https:\\\/\\\/drasanvi.com\\\/fr\\\/wp-content\\\/uploads\\\/sites\\\/7\\\/2022\\\/02\\\/032060005.png\",\"datePublished\":\"2022-02-28T13:19:09+00:00\",\"dateModified\":\"2022-03-15T15:20:26+00:00\",\"breadcrumb\":{\"@id\":\"https:\\\/\\\/drasanvi.com\\\/fr\\\/producto\\\/venox-roll-on\\\/#breadcrumb\"},\"inLanguage\":\"fr-FR\",\"potentialAction\":[{\"@type\":\"ReadAction\",\"target\":[\"https:\\\/\\\/drasanvi.com\\\/fr\\\/producto\\\/venox-roll-on\\\/\"]}]},{\"@type\":\"ImageObject\",\"inLanguage\":\"fr-FR\",\"@id\":\"https:\\\/\\\/drasanvi.com\\\/fr\\\/producto\\\/venox-roll-on\\\/#primaryimage\",\"url\":\"https:\\\/\\\/drasanvi.com\\\/fr\\\/wp-content\\\/uploads\\\/sites\\\/7\\\/2022\\\/02\\\/032060005.png\",\"contentUrl\":\"https:\\\/\\\/drasanvi.com\\\/fr\\\/wp-content\\\/uploads\\\/sites\\\/7\\\/2022\\\/02\\\/032060005.png\",\"width\":1000,\"height\":1000},{\"@type\":\"BreadcrumbList\",\"@id\":\"https:\\\/\\\/drasanvi.com\\\/fr\\\/producto\\\/venox-roll-on\\\/#breadcrumb\",\"itemListElement\":[{\"@type\":\"ListItem\",\"position\":1,\"name\":\"Portada\",\"item\":\"https:\\\/\\\/drasanvi.com\\\/fr\\\/\"},{\"@type\":\"ListItem\",\"position\":2,\"name\":\"Tienda\",\"item\":\"https:\\\/\\\/drasanvi.com\\\/fr\\\/tienda\\\/\"},{\"@type\":\"ListItem\",\"position\":3,\"name\":\"Venox Roll On\"}]},{\"@type\":\"WebSite\",\"@id\":\"https:\\\/\\\/drasanvi.com\\\/fr\\\/#website\",\"url\":\"https:\\\/\\\/drasanvi.com\\\/fr\\\/\",\"name\":\"Drasanvi Francia\",\"description\":\"L\u00edder en complementos alimenticios y cosm\u00e9tica natural.\",\"publisher\":{\"@id\":\"https:\\\/\\\/drasanvi.com\\\/fr\\\/#organization\"},\"potentialAction\":[{\"@type\":\"SearchAction\",\"target\":{\"@type\":\"EntryPoint\",\"urlTemplate\":\"https:\\\/\\\/drasanvi.com\\\/fr\\\/?s={search_term_string}\"},\"query-input\":{\"@type\":\"PropertyValueSpecification\",\"valueRequired\":true,\"valueName\":\"search_term_string\"}}],\"inLanguage\":\"fr-FR\"},{\"@type\":\"Organization\",\"@id\":\"https:\\\/\\\/drasanvi.com\\\/fr\\\/#organization\",\"name\":\"Drasanvi\",\"url\":\"https:\\\/\\\/drasanvi.com\\\/fr\\\/\",\"logo\":{\"@type\":\"ImageObject\",\"inLanguage\":\"fr-FR\",\"@id\":\"https:\\\/\\\/drasanvi.com\\\/fr\\\/#\\\/schema\\\/logo\\\/image\\\/\",\"url\":\"https:\\\/\\\/drasanvi.com\\\/wp-content\\\/uploads\\\/sites\\\/7\\\/2021\\\/07\\\/logo-drasanvi.png\",\"contentUrl\":\"https:\\\/\\\/drasanvi.com\\\/wp-content\\\/uploads\\\/sites\\\/7\\\/2021\\\/07\\\/logo-drasanvi.png\",\"width\":900,\"height\":300,\"caption\":\"Drasanvi\"},\"image\":{\"@id\":\"https:\\\/\\\/drasanvi.com\\\/fr\\\/#\\\/schema\\\/logo\\\/image\\\/\"}}]}<\/script>\n<!-- \/ Yoast SEO plugin. -->","yoast_head_json":{"title":"Venox Roll On - Drasanvi Francia","robots":{"index":"index","follow":"follow","max-snippet":"max-snippet:-1","max-image-preview":"max-image-preview:large","max-video-preview":"max-video-preview:-1"},"canonical":"https:\/\/drasanvi.com\/fr\/producto\/venox-roll-on\/","og_locale":"fr_FR","og_type":"article","og_title":"Venox Roll On - Drasanvi Francia","og_description":"Venox\u00ae Gel Fr\u00edo de Drasanvi aporta una sensaci\u00f3n de bienestar, frescor y relajaci\u00f3n para tus piernas, gracias a la acci\u00f3n combinada de sus ingredientes. Adem\u00e1s, su uso aporta suavidad e hidrataci\u00f3n a tu piel. Ficha t\u00e9cnica","og_url":"https:\/\/drasanvi.com\/fr\/producto\/venox-roll-on\/","og_site_name":"Drasanvi Francia","article_modified_time":"2022-03-15T15:20:26+00:00","og_image":[{"width":1000,"height":1000,"url":"https:\/\/drasanvi.com\/wp-content\/uploads\/sites\/7\/2022\/02\/032060005.png","type":"image\/png"}],"twitter_card":"summary_large_image","schema":{"@context":"https:\/\/schema.org","@graph":[{"@type":"WebPage","@id":"https:\/\/drasanvi.com\/fr\/producto\/venox-roll-on\/","url":"https:\/\/drasanvi.com\/fr\/producto\/venox-roll-on\/","name":"Venox Roll On - Drasanvi Francia","isPartOf":{"@id":"https:\/\/drasanvi.com\/fr\/#website"},"primaryImageOfPage":{"@id":"https:\/\/drasanvi.com\/fr\/producto\/venox-roll-on\/#primaryimage"},"image":{"@id":"https:\/\/drasanvi.com\/fr\/producto\/venox-roll-on\/#primaryimage"},"thumbnailUrl":"https:\/\/drasanvi.com\/fr\/wp-content\/uploads\/sites\/7\/2022\/02\/032060005.png","datePublished":"2022-02-28T13:19:09+00:00","dateModified":"2022-03-15T15:20:26+00:00","breadcrumb":{"@id":"https:\/\/drasanvi.com\/fr\/producto\/venox-roll-on\/#breadcrumb"},"inLanguage":"fr-FR","potentialAction":[{"@type":"ReadAction","target":["https:\/\/drasanvi.com\/fr\/producto\/venox-roll-on\/"]}]},{"@type":"ImageObject","inLanguage":"fr-FR","@id":"https:\/\/drasanvi.com\/fr\/producto\/venox-roll-on\/#primaryimage","url":"https:\/\/drasanvi.com\/fr\/wp-content\/uploads\/sites\/7\/2022\/02\/032060005.png","contentUrl":"https:\/\/drasanvi.com\/fr\/wp-content\/uploads\/sites\/7\/2022\/02\/032060005.png","width":1000,"height":1000},{"@type":"BreadcrumbList","@id":"https:\/\/drasanvi.com\/fr\/producto\/venox-roll-on\/#breadcrumb","itemListElement":[{"@type":"ListItem","position":1,"name":"Portada","item":"https:\/\/drasanvi.com\/fr\/"},{"@type":"ListItem","position":2,"name":"Tienda","item":"https:\/\/drasanvi.com\/fr\/tienda\/"},{"@type":"ListItem","position":3,"name":"Venox Roll On"}]},{"@type":"WebSite","@id":"https:\/\/drasanvi.com\/fr\/#website","url":"https:\/\/drasanvi.com\/fr\/","name":"Drasanvi Francia","description":"L\u00edder en complementos alimenticios y cosm\u00e9tica natural.","publisher":{"@id":"https:\/\/drasanvi.com\/fr\/#organization"},"potentialAction":[{"@type":"SearchAction","target":{"@type":"EntryPoint","urlTemplate":"https:\/\/drasanvi.com\/fr\/?s={search_term_string}"},"query-input":{"@type":"PropertyValueSpecification","valueRequired":true,"valueName":"search_term_string"}}],"inLanguage":"fr-FR"},{"@type":"Organization","@id":"https:\/\/drasanvi.com\/fr\/#organization","name":"Drasanvi","url":"https:\/\/drasanvi.com\/fr\/","logo":{"@type":"ImageObject","inLanguage":"fr-FR","@id":"https:\/\/drasanvi.com\/fr\/#\/schema\/logo\/image\/","url":"https:\/\/drasanvi.com\/wp-content\/uploads\/sites\/7\/2021\/07\/logo-drasanvi.png","contentUrl":"https:\/\/drasanvi.com\/wp-content\/uploads\/sites\/7\/2021\/07\/logo-drasanvi.png","width":900,"height":300,"caption":"Drasanvi"},"image":{"@id":"https:\/\/drasanvi.com\/fr\/#\/schema\/logo\/image\/"}}]}},"_links":{"self":[{"href":"https:\/\/drasanvi.com\/fr\/wp-json\/wp\/v2\/product\/13666","targetHints":{"allow":["GET"]}}],"collection":[{"href":"https:\/\/drasanvi.com\/fr\/wp-json\/wp\/v2\/product"}],"about":[{"href":"https:\/\/drasanvi.com\/fr\/wp-json\/wp\/v2\/types\/product"}],"version-history":[{"count":0,"href":"https:\/\/drasanvi.com\/fr\/wp-json\/wp\/v2\/product\/13666\/revisions"}],"wp:featuredmedia":[{"embeddable":true,"href":"https:\/\/drasanvi.com\/fr\/wp-json\/wp\/v2\/media\/20851"}],"wp:attachment":[{"href":"https:\/\/drasanvi.com\/fr\/wp-json\/wp\/v2\/media?parent=13666"}],"wp:term":[{"taxonomy":"product_cat","embeddable":true,"href":"https:\/\/drasanvi.com\/fr\/wp-json\/wp\/v2\/product_cat?post=13666"},{"taxonomy":"product_tag","embeddable":true,"href":"https:\/\/drasanvi.com\/fr\/wp-json\/wp\/v2\/product_tag?post=13666"}],"curies":[{"name":"wp","href":"https:\/\/api.w.org\/{rel}","templated":true}]}}