{"id":13659,"date":"2022-02-28T15:19:09","date_gmt":"2022-02-28T13:19:09","guid":{"rendered":"https:\/\/drasanvi.com\/fr\/?post_type=product&#038;p=13659"},"modified":"2022-03-15T17:20:07","modified_gmt":"2022-03-15T15:20:07","slug":"venox-capsulas","status":"publish","type":"product","link":"https:\/\/drasanvi.com\/fr\/producto\/venox-capsulas\/","title":{"rendered":"Venox C\u00e1psulas"},"content":{"rendered":"<h2>Ingredientes<\/h2>\n<p>Ingrediente Cantidad \/ dosis diaria Extracto seco de Pepita de Uva Vitis viniffera var. tinctoria que aporta 95% en Polifenoles 40 mg 38 mg Extracto seco de Casta\u00f1o de Indias Aesculus hippocastanum L. con aporte de Aescina (10%) 40 mg 4 mg Extracto seco de Ruscus Ruscus aculeatus L. con aporte en Ruscogenosidos (20%) 40 mg 8 mg Extracto seco de Hammamelis Hamamelis virginiana L. con aporte en Taninos (15%) 40 mg 6 mg Extracto seco de Grosellero Negro Ribes nigrum L. con aporte en Rutina (1%) 40 mg 0,4 mg Extracto seco de Ar\u00e1ndano (Mirtilo) Vaccinium myrtillus L. con aporte en Antocianidinas (1%) 30 mg 0,3 mg Vitamina E En forma de Acetato de Tocoferol 24 mg Vitamina C En forma de \u00c1cido Asc\u00f3rbico 17,50 mg Manganeso En forma de Sulfato de Manganeso 5,5 mg Extracto seco de Ginkgo Ginkgo biloba L. con aporte en Flavonoides (3%) 2,5 mg 0,075 mg Vitamina A En forma de Acetato de Retinol 0,25 mg Otros ingredientes: Hidroxipropilmetilcelulosa (agente de recubrimiento), Celulosa Microcristalina, Magnesio Estearato y Di\u00f3xido de Sil\u00edcio. Sin colorantes, edulcorantes, az\u00facares a\u00f1adidos ni conservantes.<\/p>\n<h2>Modo de uso<\/h2>\n<p>Tomar de 1 a 2 c\u00e1psulas al d\u00eda acompa\u00f1adas de agua o zumo.<\/p>\n<h3>Presentaci\u00f3n<\/h3>\n<p>Envase de 45 c\u00e1psulas de 472 mg. Peso total: 21,24 g (0.74 oz)<\/p>\n<h3>Advertencias<\/h3>\n<p>Complemento alimenticio a base de plantas, vitaminas y minerales.Los complementos alimenticios no deben utilizarse como sustituto de una dieta equilibrada. No superar la dosis diaria expresamente recomendada. Consulte a su m\u00e9dico en caso de toma simult\u00e1nea de anticoagulantes. Mantener fuera del alcance de los ni\u00f1os m\u00e1s peque\u00f1os. Conservar en un lugar fresco y seco. No tomar durante el embarazo o la lactancia.<\/p>\n<h2>Informaci\u00f3n adicional<\/h2>\n<p>ingredientes descripcion dosis d\u00eda Agente de recubriemiento (Hidroxipropilmetilcelulosa) 96 mg Agente de carga (Celulosa microcristalina) 86,25 mg Extracto seco Pepita Uva (Vitis viniffera var. tinctoria, Polifenoles 95%) 40 mg Extracto seco Casta\u00f1o de Indias (Aesculus hippocastanum L., Aescina 10%) 40 mg Extracto seco de Rucus (Ruscus aculeatus L., Ruscogenosidos 20%) 40 mg Extracto seco Hammamelis (Hamamelis virginiana L., Taninos 15%) 40 mg Extracto seco Grosellero negro (Ribes nigrum L., Rutina 1%) 40 mg Extracto seco Ar\u00e1ndano (Vaccinium myrtillus L., Antocianidinas 1%) 30 mg Vitamina E (Acetato de Tocoferol) 24 mg Vitamina C (\u00c1cido Asc\u00f3rbico) 17,5 mg Agente de carga (Estearato de magnesio) 6 mg Sulfato de Manganeso (Manganeso 36,4%) 5,5 mg Antiaglomerante (Di\u00f3xido de silicio) 4 mg Extracto seco Ginkgo Biloba (Ginkgo biloba L., Flavonoides 3%) 2,5 mg Vitamina A (Acetato de Retinol) 0,25 mg<\/p>\n<p>Por dosis diaria (2 c\u00e1psulas) Ingrediente Porcentaje Cantidad Vitamina E 100% 12 mg Manganeso 100% 2 mg Vitamina A 62.5% 0.25 mg Vitamina C 43.75% 35 mg % VRN (Valores Recomendados de Nutrientes)<\/p>\n","protected":false},"excerpt":{"rendered":"<p>Venox\u00ae c\u00e1psulas es un complemento alimenticio con una excelente formulaci\u00f3n a base de extractos de Frutos Rojos (Vid Roja, Ar\u00e1ndanos y Grosellero negro) y plantas de gran uso tradicional como el Hammamelis, Casta\u00f1o de Indias y Ruscus. Todo ello, reforzado con vitaminas A, C y E.<br \/>\n<a id=\"boton-ficha\" href=\"https:\/\/panel.drasanvi.com\/fichas\/1\/032050011\" target=\"_blank\" rel=\"noopener\">Ficha t\u00e9cnica<\/a><\/p>\n","protected":false},"featured_media":20849,"template":"","meta":{"inline_featured_image":false},"product_cat":[93],"product_tag":[],"class_list":["post-13659","product","type-product","status-publish","has-post-thumbnail","hentry","product_cat-circulacion","pa_contiene-altramuces-no","pa_contiene-apio-no","pa_contiene-cacahuetes-no","pa_contiene-crustaceos-no","pa_contiene-frutos-secos-no","pa_contiene-huevo-no","pa_contiene-leche-no","pa_contiene-moluscos-no","pa_contiene-mostaza-no","pa_contiene-pescado-no","pa_contiene-sesamo-no","pa_contiene-soja-no","pa_producto-bio-no","pa_producto-sin-gluten-si","pa_producto-vegano-si","pa_producto-vegetariano-no"],"yoast_head":"<!-- This site is optimized with the Yoast SEO plugin v27.5 - https:\/\/yoast.com\/product\/yoast-seo-wordpress\/ -->\n<title>Venox C\u00e1psulas - Drasanvi Francia<\/title>\n<meta name=\"robots\" content=\"index, follow, max-snippet:-1, max-image-preview:large, max-video-preview:-1\" \/>\n<link rel=\"canonical\" href=\"https:\/\/drasanvi.com\/fr\/producto\/venox-capsulas\/\" \/>\n<meta property=\"og:locale\" content=\"fr_FR\" \/>\n<meta property=\"og:type\" content=\"article\" \/>\n<meta property=\"og:title\" content=\"Venox C\u00e1psulas - Drasanvi Francia\" \/>\n<meta property=\"og:description\" content=\"Venox\u00ae c\u00e1psulas es un complemento alimenticio con una excelente formulaci\u00f3n a base de extractos de Frutos Rojos (Vid Roja, Ar\u00e1ndanos y Grosellero negro) y plantas de gran uso tradicional como el Hammamelis, Casta\u00f1o de Indias y Ruscus. Todo ello, reforzado con vitaminas A, C y E. Ficha t\u00e9cnica\" \/>\n<meta property=\"og:url\" content=\"https:\/\/drasanvi.com\/fr\/producto\/venox-capsulas\/\" \/>\n<meta property=\"og:site_name\" content=\"Drasanvi Francia\" \/>\n<meta property=\"article:modified_time\" content=\"2022-03-15T15:20:07+00:00\" \/>\n<meta property=\"og:image\" content=\"https:\/\/drasanvi.com\/wp-content\/uploads\/sites\/7\/2022\/02\/032050011.png\" \/>\n\t<meta property=\"og:image:width\" content=\"1000\" \/>\n\t<meta property=\"og:image:height\" content=\"1000\" \/>\n\t<meta property=\"og:image:type\" content=\"image\/png\" \/>\n<meta name=\"twitter:card\" content=\"summary_large_image\" \/>\n<script type=\"application\/ld+json\" class=\"yoast-schema-graph\">{\"@context\":\"https:\\\/\\\/schema.org\",\"@graph\":[{\"@type\":\"WebPage\",\"@id\":\"https:\\\/\\\/drasanvi.com\\\/fr\\\/producto\\\/venox-capsulas\\\/\",\"url\":\"https:\\\/\\\/drasanvi.com\\\/fr\\\/producto\\\/venox-capsulas\\\/\",\"name\":\"Venox C\u00e1psulas - Drasanvi Francia\",\"isPartOf\":{\"@id\":\"https:\\\/\\\/drasanvi.com\\\/fr\\\/#website\"},\"primaryImageOfPage\":{\"@id\":\"https:\\\/\\\/drasanvi.com\\\/fr\\\/producto\\\/venox-capsulas\\\/#primaryimage\"},\"image\":{\"@id\":\"https:\\\/\\\/drasanvi.com\\\/fr\\\/producto\\\/venox-capsulas\\\/#primaryimage\"},\"thumbnailUrl\":\"https:\\\/\\\/drasanvi.com\\\/fr\\\/wp-content\\\/uploads\\\/sites\\\/7\\\/2022\\\/02\\\/032050011.png\",\"datePublished\":\"2022-02-28T13:19:09+00:00\",\"dateModified\":\"2022-03-15T15:20:07+00:00\",\"breadcrumb\":{\"@id\":\"https:\\\/\\\/drasanvi.com\\\/fr\\\/producto\\\/venox-capsulas\\\/#breadcrumb\"},\"inLanguage\":\"fr-FR\",\"potentialAction\":[{\"@type\":\"ReadAction\",\"target\":[\"https:\\\/\\\/drasanvi.com\\\/fr\\\/producto\\\/venox-capsulas\\\/\"]}]},{\"@type\":\"ImageObject\",\"inLanguage\":\"fr-FR\",\"@id\":\"https:\\\/\\\/drasanvi.com\\\/fr\\\/producto\\\/venox-capsulas\\\/#primaryimage\",\"url\":\"https:\\\/\\\/drasanvi.com\\\/fr\\\/wp-content\\\/uploads\\\/sites\\\/7\\\/2022\\\/02\\\/032050011.png\",\"contentUrl\":\"https:\\\/\\\/drasanvi.com\\\/fr\\\/wp-content\\\/uploads\\\/sites\\\/7\\\/2022\\\/02\\\/032050011.png\",\"width\":1000,\"height\":1000},{\"@type\":\"BreadcrumbList\",\"@id\":\"https:\\\/\\\/drasanvi.com\\\/fr\\\/producto\\\/venox-capsulas\\\/#breadcrumb\",\"itemListElement\":[{\"@type\":\"ListItem\",\"position\":1,\"name\":\"Portada\",\"item\":\"https:\\\/\\\/drasanvi.com\\\/fr\\\/\"},{\"@type\":\"ListItem\",\"position\":2,\"name\":\"Tienda\",\"item\":\"https:\\\/\\\/drasanvi.com\\\/fr\\\/tienda\\\/\"},{\"@type\":\"ListItem\",\"position\":3,\"name\":\"Venox C\u00e1psulas\"}]},{\"@type\":\"WebSite\",\"@id\":\"https:\\\/\\\/drasanvi.com\\\/fr\\\/#website\",\"url\":\"https:\\\/\\\/drasanvi.com\\\/fr\\\/\",\"name\":\"Drasanvi Francia\",\"description\":\"L\u00edder en complementos alimenticios y cosm\u00e9tica natural.\",\"publisher\":{\"@id\":\"https:\\\/\\\/drasanvi.com\\\/fr\\\/#organization\"},\"potentialAction\":[{\"@type\":\"SearchAction\",\"target\":{\"@type\":\"EntryPoint\",\"urlTemplate\":\"https:\\\/\\\/drasanvi.com\\\/fr\\\/?s={search_term_string}\"},\"query-input\":{\"@type\":\"PropertyValueSpecification\",\"valueRequired\":true,\"valueName\":\"search_term_string\"}}],\"inLanguage\":\"fr-FR\"},{\"@type\":\"Organization\",\"@id\":\"https:\\\/\\\/drasanvi.com\\\/fr\\\/#organization\",\"name\":\"Drasanvi\",\"url\":\"https:\\\/\\\/drasanvi.com\\\/fr\\\/\",\"logo\":{\"@type\":\"ImageObject\",\"inLanguage\":\"fr-FR\",\"@id\":\"https:\\\/\\\/drasanvi.com\\\/fr\\\/#\\\/schema\\\/logo\\\/image\\\/\",\"url\":\"https:\\\/\\\/drasanvi.com\\\/wp-content\\\/uploads\\\/sites\\\/7\\\/2021\\\/07\\\/logo-drasanvi.png\",\"contentUrl\":\"https:\\\/\\\/drasanvi.com\\\/wp-content\\\/uploads\\\/sites\\\/7\\\/2021\\\/07\\\/logo-drasanvi.png\",\"width\":900,\"height\":300,\"caption\":\"Drasanvi\"},\"image\":{\"@id\":\"https:\\\/\\\/drasanvi.com\\\/fr\\\/#\\\/schema\\\/logo\\\/image\\\/\"}}]}<\/script>\n<!-- \/ Yoast SEO plugin. -->","yoast_head_json":{"title":"Venox C\u00e1psulas - Drasanvi Francia","robots":{"index":"index","follow":"follow","max-snippet":"max-snippet:-1","max-image-preview":"max-image-preview:large","max-video-preview":"max-video-preview:-1"},"canonical":"https:\/\/drasanvi.com\/fr\/producto\/venox-capsulas\/","og_locale":"fr_FR","og_type":"article","og_title":"Venox C\u00e1psulas - Drasanvi Francia","og_description":"Venox\u00ae c\u00e1psulas es un complemento alimenticio con una excelente formulaci\u00f3n a base de extractos de Frutos Rojos (Vid Roja, Ar\u00e1ndanos y Grosellero negro) y plantas de gran uso tradicional como el Hammamelis, Casta\u00f1o de Indias y Ruscus. Todo ello, reforzado con vitaminas A, C y E. Ficha t\u00e9cnica","og_url":"https:\/\/drasanvi.com\/fr\/producto\/venox-capsulas\/","og_site_name":"Drasanvi Francia","article_modified_time":"2022-03-15T15:20:07+00:00","og_image":[{"width":1000,"height":1000,"url":"https:\/\/drasanvi.com\/wp-content\/uploads\/sites\/7\/2022\/02\/032050011.png","type":"image\/png"}],"twitter_card":"summary_large_image","schema":{"@context":"https:\/\/schema.org","@graph":[{"@type":"WebPage","@id":"https:\/\/drasanvi.com\/fr\/producto\/venox-capsulas\/","url":"https:\/\/drasanvi.com\/fr\/producto\/venox-capsulas\/","name":"Venox C\u00e1psulas - Drasanvi Francia","isPartOf":{"@id":"https:\/\/drasanvi.com\/fr\/#website"},"primaryImageOfPage":{"@id":"https:\/\/drasanvi.com\/fr\/producto\/venox-capsulas\/#primaryimage"},"image":{"@id":"https:\/\/drasanvi.com\/fr\/producto\/venox-capsulas\/#primaryimage"},"thumbnailUrl":"https:\/\/drasanvi.com\/fr\/wp-content\/uploads\/sites\/7\/2022\/02\/032050011.png","datePublished":"2022-02-28T13:19:09+00:00","dateModified":"2022-03-15T15:20:07+00:00","breadcrumb":{"@id":"https:\/\/drasanvi.com\/fr\/producto\/venox-capsulas\/#breadcrumb"},"inLanguage":"fr-FR","potentialAction":[{"@type":"ReadAction","target":["https:\/\/drasanvi.com\/fr\/producto\/venox-capsulas\/"]}]},{"@type":"ImageObject","inLanguage":"fr-FR","@id":"https:\/\/drasanvi.com\/fr\/producto\/venox-capsulas\/#primaryimage","url":"https:\/\/drasanvi.com\/fr\/wp-content\/uploads\/sites\/7\/2022\/02\/032050011.png","contentUrl":"https:\/\/drasanvi.com\/fr\/wp-content\/uploads\/sites\/7\/2022\/02\/032050011.png","width":1000,"height":1000},{"@type":"BreadcrumbList","@id":"https:\/\/drasanvi.com\/fr\/producto\/venox-capsulas\/#breadcrumb","itemListElement":[{"@type":"ListItem","position":1,"name":"Portada","item":"https:\/\/drasanvi.com\/fr\/"},{"@type":"ListItem","position":2,"name":"Tienda","item":"https:\/\/drasanvi.com\/fr\/tienda\/"},{"@type":"ListItem","position":3,"name":"Venox C\u00e1psulas"}]},{"@type":"WebSite","@id":"https:\/\/drasanvi.com\/fr\/#website","url":"https:\/\/drasanvi.com\/fr\/","name":"Drasanvi Francia","description":"L\u00edder en complementos alimenticios y cosm\u00e9tica natural.","publisher":{"@id":"https:\/\/drasanvi.com\/fr\/#organization"},"potentialAction":[{"@type":"SearchAction","target":{"@type":"EntryPoint","urlTemplate":"https:\/\/drasanvi.com\/fr\/?s={search_term_string}"},"query-input":{"@type":"PropertyValueSpecification","valueRequired":true,"valueName":"search_term_string"}}],"inLanguage":"fr-FR"},{"@type":"Organization","@id":"https:\/\/drasanvi.com\/fr\/#organization","name":"Drasanvi","url":"https:\/\/drasanvi.com\/fr\/","logo":{"@type":"ImageObject","inLanguage":"fr-FR","@id":"https:\/\/drasanvi.com\/fr\/#\/schema\/logo\/image\/","url":"https:\/\/drasanvi.com\/wp-content\/uploads\/sites\/7\/2021\/07\/logo-drasanvi.png","contentUrl":"https:\/\/drasanvi.com\/wp-content\/uploads\/sites\/7\/2021\/07\/logo-drasanvi.png","width":900,"height":300,"caption":"Drasanvi"},"image":{"@id":"https:\/\/drasanvi.com\/fr\/#\/schema\/logo\/image\/"}}]}},"_links":{"self":[{"href":"https:\/\/drasanvi.com\/fr\/wp-json\/wp\/v2\/product\/13659","targetHints":{"allow":["GET"]}}],"collection":[{"href":"https:\/\/drasanvi.com\/fr\/wp-json\/wp\/v2\/product"}],"about":[{"href":"https:\/\/drasanvi.com\/fr\/wp-json\/wp\/v2\/types\/product"}],"version-history":[{"count":0,"href":"https:\/\/drasanvi.com\/fr\/wp-json\/wp\/v2\/product\/13659\/revisions"}],"wp:featuredmedia":[{"embeddable":true,"href":"https:\/\/drasanvi.com\/fr\/wp-json\/wp\/v2\/media\/20849"}],"wp:attachment":[{"href":"https:\/\/drasanvi.com\/fr\/wp-json\/wp\/v2\/media?parent=13659"}],"wp:term":[{"taxonomy":"product_cat","embeddable":true,"href":"https:\/\/drasanvi.com\/fr\/wp-json\/wp\/v2\/product_cat?post=13659"},{"taxonomy":"product_tag","embeddable":true,"href":"https:\/\/drasanvi.com\/fr\/wp-json\/wp\/v2\/product_tag?post=13659"}],"curies":[{"name":"wp","href":"https:\/\/api.w.org\/{rel}","templated":true}]}}