{"id":13621,"date":"2022-02-28T15:10:25","date_gmt":"2022-02-28T13:10:25","guid":{"rendered":"https:\/\/drasanvi.com\/fr\/?post_type=product&#038;p=13621"},"modified":"2022-03-10T14:13:30","modified_gmt":"2022-03-10T12:13:30","slug":"melatonina-15-capsulas-1-9-mg","status":"publish","type":"product","link":"https:\/\/drasanvi.com\/fr\/producto\/melatonina-15-capsulas-1-9-mg\/","title":{"rendered":"Melatonina 15 c\u00e1psulas 1.9 mg"},"content":{"rendered":"<h2>Ingredientes<\/h2>\n<p>Ingredientes  dosis diaria      Melatonina  1,9 mg      Otros ingredientes: Celulosa Microcristalina, Hidroxipropilmetilcelulosa (Envoltura), Estearato de Magnesio, Di\u00f3xido de Silicio.        Sin conservantes, colorantes, edulcorantes ni az\u00facares a\u00f1adidos.<\/p>\n<h2>Modo de uso<\/h2>\n<p>Tomar 1 c\u00e1psula al d\u00eda con abundante agua, preferiblemente, una hora antes de acostarse.<\/p>\n<h3>Presentaci\u00f3n<\/h3>\n<p>Envase de 15 c\u00e1psulas de 457 mg. Peso total 6,85 g (0,24 oz).<\/p>\n<h3>Advertencias<\/h3>\n<p>Complemento alimenticio a base de melatonina.Los complementos alimenticios no deben utilizarse como sustituto de una dieta equilibrada. No superar la dosis diaria expresamente recomendada. Producto apto para vegetarianos. Mantener fuera del alcance de los ni&ntilde;os m&aacute;s peque&ntilde;os. Conservar en un lugar fresco y seco.<\/p>\n<h2>Informaci\u00f3n adicional<\/h2>\n<p>Ingredientes  descripci\u00f3n  dosis diaria      Agente de carga  (Celulosa microcristalina)  300 mg      Agente de recubrimiento  (Hidroxipropilmetilcelulosa)  96 mg      Agente de carga  (Estearato de magnesio)  50 mg      Antiaglomarante  (Di\u00f3xido de silicio)  10 mg      Melatonina  (Libre procedencia animal)  1,9 mg<\/p>\n","protected":false},"excerpt":{"rendered":"<p>La Melatonina contribuye a disminuir el tiempo necesario para conciliar el sue\u00f1o.Melatonina de Drasanvi contiene 1,9 mg de Melatonina pura por dosis diaria.Es un complemento alimenticio cuyo \u00fanico principio activo es la Melatonina. Esta sustancia es una hormona que, de manera natural, es segregada por la hip\u00f3fisis y regulada por la presencia de luz. Esta hormona se relaciona con el control del reloj biol\u00f3gico, sue\u00f1o-vigilia. La\u00a0Melatonina tradicionalmente ha sido empleada para contribuir a aliviar la sensaci\u00f3n subjetiva del jetlag.<br \/><a id=\"boton-ficha\" href=\"https:\/\/panel.drasanvi.com\/fichas\/1\/032050562\" target=\"_blank\" rel=\"noopener\">Ficha t\u00e9cnica<\/a><\/p>\n","protected":false},"featured_media":20328,"template":"","meta":{"inline_featured_image":false},"product_cat":[98],"product_tag":[],"class_list":["post-13621","product","type-product","status-publish","has-post-thumbnail","hentry","product_cat-descanso-relax","pa_contiene-altramuces-no","pa_contiene-apio-no","pa_contiene-cacahuetes-no","pa_contiene-crustaceos-no","pa_contiene-frutos-secos-no","pa_contiene-huevo-no","pa_contiene-leche-no","pa_contiene-moluscos-no","pa_contiene-mostaza-no","pa_contiene-pescado-no","pa_contiene-sesamo-no","pa_contiene-soja-no","pa_producto-bio-no","pa_producto-sin-gluten-si","pa_producto-vegano-si","pa_producto-vegetariano-no"],"yoast_head":"<!-- This site is optimized with the Yoast SEO plugin v27.5 - https:\/\/yoast.com\/product\/yoast-seo-wordpress\/ -->\n<title>Melatonina 15 c\u00e1psulas 1.9 mg - Drasanvi Francia<\/title>\n<meta name=\"robots\" content=\"index, follow, max-snippet:-1, max-image-preview:large, max-video-preview:-1\" \/>\n<link rel=\"canonical\" href=\"https:\/\/drasanvi.com\/fr\/producto\/melatonina-15-capsulas-1-9-mg\/\" \/>\n<meta property=\"og:locale\" content=\"fr_FR\" \/>\n<meta property=\"og:type\" content=\"article\" \/>\n<meta property=\"og:title\" content=\"Melatonina 15 c\u00e1psulas 1.9 mg - Drasanvi Francia\" \/>\n<meta property=\"og:description\" content=\"La Melatonina contribuye a disminuir el tiempo necesario para conciliar el sue\u00f1o.Melatonina de Drasanvi contiene 1,9 mg de Melatonina pura por dosis diaria.Es un complemento alimenticio cuyo \u00fanico principio activo es la Melatonina. Esta sustancia es una hormona que, de manera natural, es segregada por la hip\u00f3fisis y regulada por la presencia de luz. Esta hormona se relaciona con el control del reloj biol\u00f3gico, sue\u00f1o-vigilia. La\u00a0Melatonina tradicionalmente ha sido empleada para contribuir a aliviar la sensaci\u00f3n subjetiva del jetlag.Ficha t\u00e9cnica\" \/>\n<meta property=\"og:url\" content=\"https:\/\/drasanvi.com\/fr\/producto\/melatonina-15-capsulas-1-9-mg\/\" \/>\n<meta property=\"og:site_name\" content=\"Drasanvi Francia\" \/>\n<meta property=\"article:modified_time\" content=\"2022-03-10T12:13:30+00:00\" \/>\n<meta property=\"og:image\" content=\"https:\/\/drasanvi.com\/wp-content\/uploads\/sites\/7\/2022\/02\/032050562.png\" \/>\n\t<meta property=\"og:image:width\" content=\"1000\" \/>\n\t<meta property=\"og:image:height\" content=\"1000\" \/>\n\t<meta property=\"og:image:type\" content=\"image\/png\" \/>\n<meta name=\"twitter:card\" content=\"summary_large_image\" \/>\n<script type=\"application\/ld+json\" class=\"yoast-schema-graph\">{\"@context\":\"https:\\\/\\\/schema.org\",\"@graph\":[{\"@type\":\"WebPage\",\"@id\":\"https:\\\/\\\/drasanvi.com\\\/fr\\\/producto\\\/melatonina-15-capsulas-1-9-mg\\\/\",\"url\":\"https:\\\/\\\/drasanvi.com\\\/fr\\\/producto\\\/melatonina-15-capsulas-1-9-mg\\\/\",\"name\":\"Melatonina 15 c\u00e1psulas 1.9 mg - Drasanvi Francia\",\"isPartOf\":{\"@id\":\"https:\\\/\\\/drasanvi.com\\\/fr\\\/#website\"},\"primaryImageOfPage\":{\"@id\":\"https:\\\/\\\/drasanvi.com\\\/fr\\\/producto\\\/melatonina-15-capsulas-1-9-mg\\\/#primaryimage\"},\"image\":{\"@id\":\"https:\\\/\\\/drasanvi.com\\\/fr\\\/producto\\\/melatonina-15-capsulas-1-9-mg\\\/#primaryimage\"},\"thumbnailUrl\":\"https:\\\/\\\/drasanvi.com\\\/fr\\\/wp-content\\\/uploads\\\/sites\\\/7\\\/2022\\\/02\\\/032050562.png\",\"datePublished\":\"2022-02-28T13:10:25+00:00\",\"dateModified\":\"2022-03-10T12:13:30+00:00\",\"breadcrumb\":{\"@id\":\"https:\\\/\\\/drasanvi.com\\\/fr\\\/producto\\\/melatonina-15-capsulas-1-9-mg\\\/#breadcrumb\"},\"inLanguage\":\"fr-FR\",\"potentialAction\":[{\"@type\":\"ReadAction\",\"target\":[\"https:\\\/\\\/drasanvi.com\\\/fr\\\/producto\\\/melatonina-15-capsulas-1-9-mg\\\/\"]}]},{\"@type\":\"ImageObject\",\"inLanguage\":\"fr-FR\",\"@id\":\"https:\\\/\\\/drasanvi.com\\\/fr\\\/producto\\\/melatonina-15-capsulas-1-9-mg\\\/#primaryimage\",\"url\":\"https:\\\/\\\/drasanvi.com\\\/fr\\\/wp-content\\\/uploads\\\/sites\\\/7\\\/2022\\\/02\\\/032050562.png\",\"contentUrl\":\"https:\\\/\\\/drasanvi.com\\\/fr\\\/wp-content\\\/uploads\\\/sites\\\/7\\\/2022\\\/02\\\/032050562.png\",\"width\":1000,\"height\":1000},{\"@type\":\"BreadcrumbList\",\"@id\":\"https:\\\/\\\/drasanvi.com\\\/fr\\\/producto\\\/melatonina-15-capsulas-1-9-mg\\\/#breadcrumb\",\"itemListElement\":[{\"@type\":\"ListItem\",\"position\":1,\"name\":\"Portada\",\"item\":\"https:\\\/\\\/drasanvi.com\\\/fr\\\/\"},{\"@type\":\"ListItem\",\"position\":2,\"name\":\"Tienda\",\"item\":\"https:\\\/\\\/drasanvi.com\\\/fr\\\/tienda\\\/\"},{\"@type\":\"ListItem\",\"position\":3,\"name\":\"Melatonina 15 c\u00e1psulas 1.9 mg\"}]},{\"@type\":\"WebSite\",\"@id\":\"https:\\\/\\\/drasanvi.com\\\/fr\\\/#website\",\"url\":\"https:\\\/\\\/drasanvi.com\\\/fr\\\/\",\"name\":\"Drasanvi Francia\",\"description\":\"L\u00edder en complementos alimenticios y cosm\u00e9tica natural.\",\"publisher\":{\"@id\":\"https:\\\/\\\/drasanvi.com\\\/fr\\\/#organization\"},\"potentialAction\":[{\"@type\":\"SearchAction\",\"target\":{\"@type\":\"EntryPoint\",\"urlTemplate\":\"https:\\\/\\\/drasanvi.com\\\/fr\\\/?s={search_term_string}\"},\"query-input\":{\"@type\":\"PropertyValueSpecification\",\"valueRequired\":true,\"valueName\":\"search_term_string\"}}],\"inLanguage\":\"fr-FR\"},{\"@type\":\"Organization\",\"@id\":\"https:\\\/\\\/drasanvi.com\\\/fr\\\/#organization\",\"name\":\"Drasanvi\",\"url\":\"https:\\\/\\\/drasanvi.com\\\/fr\\\/\",\"logo\":{\"@type\":\"ImageObject\",\"inLanguage\":\"fr-FR\",\"@id\":\"https:\\\/\\\/drasanvi.com\\\/fr\\\/#\\\/schema\\\/logo\\\/image\\\/\",\"url\":\"https:\\\/\\\/drasanvi.com\\\/wp-content\\\/uploads\\\/sites\\\/7\\\/2021\\\/07\\\/logo-drasanvi.png\",\"contentUrl\":\"https:\\\/\\\/drasanvi.com\\\/wp-content\\\/uploads\\\/sites\\\/7\\\/2021\\\/07\\\/logo-drasanvi.png\",\"width\":900,\"height\":300,\"caption\":\"Drasanvi\"},\"image\":{\"@id\":\"https:\\\/\\\/drasanvi.com\\\/fr\\\/#\\\/schema\\\/logo\\\/image\\\/\"}}]}<\/script>\n<!-- \/ Yoast SEO plugin. -->","yoast_head_json":{"title":"Melatonina 15 c\u00e1psulas 1.9 mg - Drasanvi Francia","robots":{"index":"index","follow":"follow","max-snippet":"max-snippet:-1","max-image-preview":"max-image-preview:large","max-video-preview":"max-video-preview:-1"},"canonical":"https:\/\/drasanvi.com\/fr\/producto\/melatonina-15-capsulas-1-9-mg\/","og_locale":"fr_FR","og_type":"article","og_title":"Melatonina 15 c\u00e1psulas 1.9 mg - Drasanvi Francia","og_description":"La Melatonina contribuye a disminuir el tiempo necesario para conciliar el sue\u00f1o.Melatonina de Drasanvi contiene 1,9 mg de Melatonina pura por dosis diaria.Es un complemento alimenticio cuyo \u00fanico principio activo es la Melatonina. Esta sustancia es una hormona que, de manera natural, es segregada por la hip\u00f3fisis y regulada por la presencia de luz. Esta hormona se relaciona con el control del reloj biol\u00f3gico, sue\u00f1o-vigilia. La\u00a0Melatonina tradicionalmente ha sido empleada para contribuir a aliviar la sensaci\u00f3n subjetiva del jetlag.Ficha t\u00e9cnica","og_url":"https:\/\/drasanvi.com\/fr\/producto\/melatonina-15-capsulas-1-9-mg\/","og_site_name":"Drasanvi Francia","article_modified_time":"2022-03-10T12:13:30+00:00","og_image":[{"width":1000,"height":1000,"url":"https:\/\/drasanvi.com\/wp-content\/uploads\/sites\/7\/2022\/02\/032050562.png","type":"image\/png"}],"twitter_card":"summary_large_image","schema":{"@context":"https:\/\/schema.org","@graph":[{"@type":"WebPage","@id":"https:\/\/drasanvi.com\/fr\/producto\/melatonina-15-capsulas-1-9-mg\/","url":"https:\/\/drasanvi.com\/fr\/producto\/melatonina-15-capsulas-1-9-mg\/","name":"Melatonina 15 c\u00e1psulas 1.9 mg - Drasanvi Francia","isPartOf":{"@id":"https:\/\/drasanvi.com\/fr\/#website"},"primaryImageOfPage":{"@id":"https:\/\/drasanvi.com\/fr\/producto\/melatonina-15-capsulas-1-9-mg\/#primaryimage"},"image":{"@id":"https:\/\/drasanvi.com\/fr\/producto\/melatonina-15-capsulas-1-9-mg\/#primaryimage"},"thumbnailUrl":"https:\/\/drasanvi.com\/fr\/wp-content\/uploads\/sites\/7\/2022\/02\/032050562.png","datePublished":"2022-02-28T13:10:25+00:00","dateModified":"2022-03-10T12:13:30+00:00","breadcrumb":{"@id":"https:\/\/drasanvi.com\/fr\/producto\/melatonina-15-capsulas-1-9-mg\/#breadcrumb"},"inLanguage":"fr-FR","potentialAction":[{"@type":"ReadAction","target":["https:\/\/drasanvi.com\/fr\/producto\/melatonina-15-capsulas-1-9-mg\/"]}]},{"@type":"ImageObject","inLanguage":"fr-FR","@id":"https:\/\/drasanvi.com\/fr\/producto\/melatonina-15-capsulas-1-9-mg\/#primaryimage","url":"https:\/\/drasanvi.com\/fr\/wp-content\/uploads\/sites\/7\/2022\/02\/032050562.png","contentUrl":"https:\/\/drasanvi.com\/fr\/wp-content\/uploads\/sites\/7\/2022\/02\/032050562.png","width":1000,"height":1000},{"@type":"BreadcrumbList","@id":"https:\/\/drasanvi.com\/fr\/producto\/melatonina-15-capsulas-1-9-mg\/#breadcrumb","itemListElement":[{"@type":"ListItem","position":1,"name":"Portada","item":"https:\/\/drasanvi.com\/fr\/"},{"@type":"ListItem","position":2,"name":"Tienda","item":"https:\/\/drasanvi.com\/fr\/tienda\/"},{"@type":"ListItem","position":3,"name":"Melatonina 15 c\u00e1psulas 1.9 mg"}]},{"@type":"WebSite","@id":"https:\/\/drasanvi.com\/fr\/#website","url":"https:\/\/drasanvi.com\/fr\/","name":"Drasanvi Francia","description":"L\u00edder en complementos alimenticios y cosm\u00e9tica natural.","publisher":{"@id":"https:\/\/drasanvi.com\/fr\/#organization"},"potentialAction":[{"@type":"SearchAction","target":{"@type":"EntryPoint","urlTemplate":"https:\/\/drasanvi.com\/fr\/?s={search_term_string}"},"query-input":{"@type":"PropertyValueSpecification","valueRequired":true,"valueName":"search_term_string"}}],"inLanguage":"fr-FR"},{"@type":"Organization","@id":"https:\/\/drasanvi.com\/fr\/#organization","name":"Drasanvi","url":"https:\/\/drasanvi.com\/fr\/","logo":{"@type":"ImageObject","inLanguage":"fr-FR","@id":"https:\/\/drasanvi.com\/fr\/#\/schema\/logo\/image\/","url":"https:\/\/drasanvi.com\/wp-content\/uploads\/sites\/7\/2021\/07\/logo-drasanvi.png","contentUrl":"https:\/\/drasanvi.com\/wp-content\/uploads\/sites\/7\/2021\/07\/logo-drasanvi.png","width":900,"height":300,"caption":"Drasanvi"},"image":{"@id":"https:\/\/drasanvi.com\/fr\/#\/schema\/logo\/image\/"}}]}},"_links":{"self":[{"href":"https:\/\/drasanvi.com\/fr\/wp-json\/wp\/v2\/product\/13621","targetHints":{"allow":["GET"]}}],"collection":[{"href":"https:\/\/drasanvi.com\/fr\/wp-json\/wp\/v2\/product"}],"about":[{"href":"https:\/\/drasanvi.com\/fr\/wp-json\/wp\/v2\/types\/product"}],"version-history":[{"count":0,"href":"https:\/\/drasanvi.com\/fr\/wp-json\/wp\/v2\/product\/13621\/revisions"}],"wp:featuredmedia":[{"embeddable":true,"href":"https:\/\/drasanvi.com\/fr\/wp-json\/wp\/v2\/media\/20328"}],"wp:attachment":[{"href":"https:\/\/drasanvi.com\/fr\/wp-json\/wp\/v2\/media?parent=13621"}],"wp:term":[{"taxonomy":"product_cat","embeddable":true,"href":"https:\/\/drasanvi.com\/fr\/wp-json\/wp\/v2\/product_cat?post=13621"},{"taxonomy":"product_tag","embeddable":true,"href":"https:\/\/drasanvi.com\/fr\/wp-json\/wp\/v2\/product_tag?post=13621"}],"curies":[{"name":"wp","href":"https:\/\/api.w.org\/{rel}","templated":true}]}}