{"id":13598,"date":"2022-02-28T15:21:38","date_gmt":"2022-02-28T13:21:38","guid":{"rendered":"https:\/\/drasanvi.com\/fr\/?post_type=product&#038;p=13598"},"modified":"2022-03-15T17:31:35","modified_gmt":"2022-03-15T15:31:35","slug":"ynergy-mujer","status":"publish","type":"product","link":"https:\/\/drasanvi.com\/fr\/producto\/ynergy-mujer\/","title":{"rendered":"Ynergy mujer"},"content":{"rendered":"<h2>Ingredientes<\/h2>\n<p>INGREDIENTE CANTIDAD (DOSIS\/DIA) C\u00e1lcioEn forma de Carbonato de Calcio 300 mg ZincEn forma de Gluconato de Zinc 70 mg Vitamina CEn forma de \u00c1cido Asc\u00f3rbico 60 mg Vitamina E En forma de D-Alfa Tocoferol 36 mg HierroEn forma de Sulfato Ferroso 35 mg Vitamina B3En forma de Nicotinamida 16 mg Vitamina K En forma de Menaquinona 7,5 mg Vitamina DEn forma de Colecalciferol 7 mg Vitamina B5En forma de D-pantotenato C\u00e1lcico 6 mg NADH 5 mg CobreEn forma de Gluconato C\u00faprico 5 mg Vitamina B6En forma de Clorhidrato de Piridoxina 2,8mg Vitamina B12En forma de Cianocobalamina 2,5 mg Vitamina B2En forma de Riboflavina 2,1 mg ManganesoEn forma de Sulfato de Manganeso 2 mg Vitamina B1En forma Clorhidrato de Tiamina 1,43 mg SelenioEn forma de Selenito S\u00f3dico 1,2 mg Vitamina AEn forma de Acetato de Retinol 0,8 mg CromoEn forma de Picolinato de Cromo 0,34 mg \u00c1cido F\u00f3lico 0,3 mg BiotinaEn forma de D-biotina 0,1 mg MolibdenoEn forma de Molibdato S\u00f3dico 0,095 mg Otros ingredientes: Estearato de Magnesio y Di\u00f3xido de Silicio. \u00a0 Sin Colorantes, Conservantes ni Az\u00facares A\u00f1adidos.<\/p>\n<h2>Modo de uso<\/h2>\n<p>Tomar una c\u00e1psula al d\u00eda, preferiblemente, en el desayuno.<\/p>\n<h3>Presentaci\u00f3n<\/h3>\n<p>Envase de 24 C\u00e1psulas de 697.46 mg. Peso total 16.74 g (0.59 oz)<\/p>\n<h3>Advertencias<\/h3>\n<p>Complemento Alimenticio a base de Vitaminas y Minerales.Los complementos alimenticios no deben utilizarse como sustituto de una dieta equilibrada. No superar la dosis diaria expresamente recomendada. Mantener fuera del alcance de los ni\u00f1os m\u00e1s peque\u00f1os. Conservar en un lugar fresco y seco.<\/p>\n<h2>Informaci\u00f3n adicional<\/h2>\n<p>INGREDIENTE DESCRIPCION CANTIDAD (DOSIS\/DIA) Carbonato de Calcio (C\u00e1lcio 40%) 300 mg Agente de recubrimiento (Hidroxipropilmetilcelulosa) 120 mg Gluconato de Zinc (Zinc 14,26%) 70 mg \u00c1cido asc\u00f3rbico (Vitamina C) 60 mg D-Alfa tocoferol (Vitamina E 50%) 36 mg Sulfato Ferroso (Hierro 20%) 35 mg Nicotinamida (Vitamina B3) 16 mg Agente de carga (Estearato de magnesio) 16 mg Menaquinona (Vitamina K) 7,5 mg Colecalciferol (Vitamina D) 7 mg D-pantotenato C\u00e1lcico (Vitamina B5) 6 mg Sulfato de Manganeso \u00a0 5,5 mg NADH \u00a0 5 mg Gluconato C\u00faprico (Cobre 14%) 5 mg Antiaglomerante (Di\u00f3xido de silicio) 4 mg Clorhidrato de Piridoxina (Vitamina B6) 2,8 mg Cianocobalamida (Vitamina B12 0.1%) 2,5 mg Rivoflavina (Vitamina B2) 2,1 mg Clorhidrato de Tiamina (Vitamina B1) 1,43 mg Selenito S\u00f3dico (Selenio 45,7%) 1,2 mg Acetato de Retinol (Vitamina A) 0,8 mg Picolinato de Cromo (Cromo 11,76%) 0,34 mg \u00c1cido F\u00f3lico \u00a0 0,3 mg Biotina (D-biotina) 0,1 mg Molibdato S\u00f3dico (Molibdeno 52.63%) 0,095 mg<\/p>\n<p>cantidad % VRN Vitamina A 0.8 mg 100% Vitamina E 18 mg 150% Vitamina C 60 mg 75% Vitamina K 15 \u00b5g 20% Vitamina B1 1,43 mg 130% Vitamina B2 2,1 mg 150% Vitamina B6 2,8 mg 200% Vitamina B12 2,5 \u00b5g 100% Vitamina D 7 \u00b5g 140% Biotina 100 \u00b5g 200% \u00c1cido folico 300 \u00b5g 150% Vitamina B3 16 mg 100% Vitamina B5 6 mg 100% Calcio 120 mg 15% Hierro 7 mg 50% Cobre 0,7 mg 70% Manganeso 2 mg 100% Cromo 40 \u00b5g 100% Molibdeno 50 \u00b5g 100% Selenio 55 \u00b5g 100% Zinc 10 mg 100%<\/p>\n","protected":false},"excerpt":{"rendered":"<p>Ynergy\u00ae\u00a0mujer es un multivitam\u00ednico de nueva generaci\u00f3n con una estudiada composici\u00f3n que\u00a0combina la acci\u00f3n de vitaminas y minerales, reforz\u00e1ndola\u00a0 con NADH. Est\u00e1 pensado para todas las mujeres que precisen de un aporte vitam\u00ednico y mineral. Ynergy\u00ae\u00a0mujer viene en un envase de 24 c\u00e1psulas y s\u00f3lo es necesario consumir una al d\u00eda. Las c\u00e1psulas son de origen vegetal, convirtiendo al producto en ideal para personas vegetarianas y veganas.<br \/>\n<a id=\"boton-ficha\" href=\"https:\/\/panel.drasanvi.com\/fichas\/1\/032050203\" target=\"_blank\" rel=\"noopener\">Ficha t\u00e9cnica<\/a><\/p>\n","protected":false},"featured_media":20952,"template":"","meta":{"inline_featured_image":false},"product_cat":[99,107,118],"product_tag":[],"class_list":["post-13598","product","type-product","status-publish","has-post-thumbnail","hentry","product_cat-energia-vitalidad","product_cat-mujer","product_cat-vitaminas-minerales","pa_contiene-altramuces-no","pa_contiene-apio-no","pa_contiene-cacahuetes-no","pa_contiene-crustaceos-no","pa_contiene-frutos-secos-no","pa_contiene-huevo-no","pa_contiene-leche-no","pa_contiene-moluscos-no","pa_contiene-mostaza-no","pa_contiene-pescado-no","pa_contiene-sesamo-no","pa_contiene-soja-no","pa_producto-bio-no","pa_producto-sin-gluten-si","pa_producto-vegano-no","pa_producto-vegetariano-no"],"yoast_head":"<!-- This site is optimized with the Yoast SEO plugin v27.5 - https:\/\/yoast.com\/product\/yoast-seo-wordpress\/ -->\n<title>Ynergy mujer - Drasanvi Francia<\/title>\n<meta name=\"robots\" content=\"index, follow, max-snippet:-1, max-image-preview:large, max-video-preview:-1\" \/>\n<link rel=\"canonical\" href=\"https:\/\/drasanvi.com\/fr\/producto\/ynergy-mujer\/\" \/>\n<meta property=\"og:locale\" content=\"fr_FR\" \/>\n<meta property=\"og:type\" content=\"article\" \/>\n<meta property=\"og:title\" content=\"Ynergy mujer - Drasanvi Francia\" \/>\n<meta property=\"og:description\" content=\"Ynergy\u00ae\u00a0mujer es un multivitam\u00ednico de nueva generaci\u00f3n con una estudiada composici\u00f3n que\u00a0combina la acci\u00f3n de vitaminas y minerales, reforz\u00e1ndola\u00a0 con NADH. Est\u00e1 pensado para todas las mujeres que precisen de un aporte vitam\u00ednico y mineral. Ynergy\u00ae\u00a0mujer viene en un envase de 24 c\u00e1psulas y s\u00f3lo es necesario consumir una al d\u00eda. Las c\u00e1psulas son de origen vegetal, convirtiendo al producto en ideal para personas vegetarianas y veganas. Ficha t\u00e9cnica\" \/>\n<meta property=\"og:url\" content=\"https:\/\/drasanvi.com\/fr\/producto\/ynergy-mujer\/\" \/>\n<meta property=\"og:site_name\" content=\"Drasanvi Francia\" \/>\n<meta property=\"article:modified_time\" content=\"2022-03-15T15:31:35+00:00\" \/>\n<meta property=\"og:image\" content=\"https:\/\/drasanvi.com\/wp-content\/uploads\/sites\/7\/2022\/02\/032050203.png\" \/>\n\t<meta property=\"og:image:width\" content=\"1000\" \/>\n\t<meta property=\"og:image:height\" content=\"1000\" \/>\n\t<meta property=\"og:image:type\" content=\"image\/png\" \/>\n<meta name=\"twitter:card\" content=\"summary_large_image\" \/>\n<script type=\"application\/ld+json\" class=\"yoast-schema-graph\">{\"@context\":\"https:\\\/\\\/schema.org\",\"@graph\":[{\"@type\":\"WebPage\",\"@id\":\"https:\\\/\\\/drasanvi.com\\\/fr\\\/producto\\\/ynergy-mujer\\\/\",\"url\":\"https:\\\/\\\/drasanvi.com\\\/fr\\\/producto\\\/ynergy-mujer\\\/\",\"name\":\"Ynergy mujer - Drasanvi Francia\",\"isPartOf\":{\"@id\":\"https:\\\/\\\/drasanvi.com\\\/fr\\\/#website\"},\"primaryImageOfPage\":{\"@id\":\"https:\\\/\\\/drasanvi.com\\\/fr\\\/producto\\\/ynergy-mujer\\\/#primaryimage\"},\"image\":{\"@id\":\"https:\\\/\\\/drasanvi.com\\\/fr\\\/producto\\\/ynergy-mujer\\\/#primaryimage\"},\"thumbnailUrl\":\"https:\\\/\\\/drasanvi.com\\\/fr\\\/wp-content\\\/uploads\\\/sites\\\/7\\\/2022\\\/02\\\/032050203.png\",\"datePublished\":\"2022-02-28T13:21:38+00:00\",\"dateModified\":\"2022-03-15T15:31:35+00:00\",\"breadcrumb\":{\"@id\":\"https:\\\/\\\/drasanvi.com\\\/fr\\\/producto\\\/ynergy-mujer\\\/#breadcrumb\"},\"inLanguage\":\"fr-FR\",\"potentialAction\":[{\"@type\":\"ReadAction\",\"target\":[\"https:\\\/\\\/drasanvi.com\\\/fr\\\/producto\\\/ynergy-mujer\\\/\"]}]},{\"@type\":\"ImageObject\",\"inLanguage\":\"fr-FR\",\"@id\":\"https:\\\/\\\/drasanvi.com\\\/fr\\\/producto\\\/ynergy-mujer\\\/#primaryimage\",\"url\":\"https:\\\/\\\/drasanvi.com\\\/fr\\\/wp-content\\\/uploads\\\/sites\\\/7\\\/2022\\\/02\\\/032050203.png\",\"contentUrl\":\"https:\\\/\\\/drasanvi.com\\\/fr\\\/wp-content\\\/uploads\\\/sites\\\/7\\\/2022\\\/02\\\/032050203.png\",\"width\":1000,\"height\":1000},{\"@type\":\"BreadcrumbList\",\"@id\":\"https:\\\/\\\/drasanvi.com\\\/fr\\\/producto\\\/ynergy-mujer\\\/#breadcrumb\",\"itemListElement\":[{\"@type\":\"ListItem\",\"position\":1,\"name\":\"Portada\",\"item\":\"https:\\\/\\\/drasanvi.com\\\/fr\\\/\"},{\"@type\":\"ListItem\",\"position\":2,\"name\":\"Tienda\",\"item\":\"https:\\\/\\\/drasanvi.com\\\/fr\\\/tienda\\\/\"},{\"@type\":\"ListItem\",\"position\":3,\"name\":\"Ynergy mujer\"}]},{\"@type\":\"WebSite\",\"@id\":\"https:\\\/\\\/drasanvi.com\\\/fr\\\/#website\",\"url\":\"https:\\\/\\\/drasanvi.com\\\/fr\\\/\",\"name\":\"Drasanvi Francia\",\"description\":\"L\u00edder en complementos alimenticios y cosm\u00e9tica natural.\",\"publisher\":{\"@id\":\"https:\\\/\\\/drasanvi.com\\\/fr\\\/#organization\"},\"potentialAction\":[{\"@type\":\"SearchAction\",\"target\":{\"@type\":\"EntryPoint\",\"urlTemplate\":\"https:\\\/\\\/drasanvi.com\\\/fr\\\/?s={search_term_string}\"},\"query-input\":{\"@type\":\"PropertyValueSpecification\",\"valueRequired\":true,\"valueName\":\"search_term_string\"}}],\"inLanguage\":\"fr-FR\"},{\"@type\":\"Organization\",\"@id\":\"https:\\\/\\\/drasanvi.com\\\/fr\\\/#organization\",\"name\":\"Drasanvi\",\"url\":\"https:\\\/\\\/drasanvi.com\\\/fr\\\/\",\"logo\":{\"@type\":\"ImageObject\",\"inLanguage\":\"fr-FR\",\"@id\":\"https:\\\/\\\/drasanvi.com\\\/fr\\\/#\\\/schema\\\/logo\\\/image\\\/\",\"url\":\"https:\\\/\\\/drasanvi.com\\\/wp-content\\\/uploads\\\/sites\\\/7\\\/2021\\\/07\\\/logo-drasanvi.png\",\"contentUrl\":\"https:\\\/\\\/drasanvi.com\\\/wp-content\\\/uploads\\\/sites\\\/7\\\/2021\\\/07\\\/logo-drasanvi.png\",\"width\":900,\"height\":300,\"caption\":\"Drasanvi\"},\"image\":{\"@id\":\"https:\\\/\\\/drasanvi.com\\\/fr\\\/#\\\/schema\\\/logo\\\/image\\\/\"}}]}<\/script>\n<!-- \/ Yoast SEO plugin. -->","yoast_head_json":{"title":"Ynergy mujer - Drasanvi Francia","robots":{"index":"index","follow":"follow","max-snippet":"max-snippet:-1","max-image-preview":"max-image-preview:large","max-video-preview":"max-video-preview:-1"},"canonical":"https:\/\/drasanvi.com\/fr\/producto\/ynergy-mujer\/","og_locale":"fr_FR","og_type":"article","og_title":"Ynergy mujer - Drasanvi Francia","og_description":"Ynergy\u00ae\u00a0mujer es un multivitam\u00ednico de nueva generaci\u00f3n con una estudiada composici\u00f3n que\u00a0combina la acci\u00f3n de vitaminas y minerales, reforz\u00e1ndola\u00a0 con NADH. Est\u00e1 pensado para todas las mujeres que precisen de un aporte vitam\u00ednico y mineral. Ynergy\u00ae\u00a0mujer viene en un envase de 24 c\u00e1psulas y s\u00f3lo es necesario consumir una al d\u00eda. Las c\u00e1psulas son de origen vegetal, convirtiendo al producto en ideal para personas vegetarianas y veganas. Ficha t\u00e9cnica","og_url":"https:\/\/drasanvi.com\/fr\/producto\/ynergy-mujer\/","og_site_name":"Drasanvi Francia","article_modified_time":"2022-03-15T15:31:35+00:00","og_image":[{"width":1000,"height":1000,"url":"https:\/\/drasanvi.com\/wp-content\/uploads\/sites\/7\/2022\/02\/032050203.png","type":"image\/png"}],"twitter_card":"summary_large_image","schema":{"@context":"https:\/\/schema.org","@graph":[{"@type":"WebPage","@id":"https:\/\/drasanvi.com\/fr\/producto\/ynergy-mujer\/","url":"https:\/\/drasanvi.com\/fr\/producto\/ynergy-mujer\/","name":"Ynergy mujer - Drasanvi Francia","isPartOf":{"@id":"https:\/\/drasanvi.com\/fr\/#website"},"primaryImageOfPage":{"@id":"https:\/\/drasanvi.com\/fr\/producto\/ynergy-mujer\/#primaryimage"},"image":{"@id":"https:\/\/drasanvi.com\/fr\/producto\/ynergy-mujer\/#primaryimage"},"thumbnailUrl":"https:\/\/drasanvi.com\/fr\/wp-content\/uploads\/sites\/7\/2022\/02\/032050203.png","datePublished":"2022-02-28T13:21:38+00:00","dateModified":"2022-03-15T15:31:35+00:00","breadcrumb":{"@id":"https:\/\/drasanvi.com\/fr\/producto\/ynergy-mujer\/#breadcrumb"},"inLanguage":"fr-FR","potentialAction":[{"@type":"ReadAction","target":["https:\/\/drasanvi.com\/fr\/producto\/ynergy-mujer\/"]}]},{"@type":"ImageObject","inLanguage":"fr-FR","@id":"https:\/\/drasanvi.com\/fr\/producto\/ynergy-mujer\/#primaryimage","url":"https:\/\/drasanvi.com\/fr\/wp-content\/uploads\/sites\/7\/2022\/02\/032050203.png","contentUrl":"https:\/\/drasanvi.com\/fr\/wp-content\/uploads\/sites\/7\/2022\/02\/032050203.png","width":1000,"height":1000},{"@type":"BreadcrumbList","@id":"https:\/\/drasanvi.com\/fr\/producto\/ynergy-mujer\/#breadcrumb","itemListElement":[{"@type":"ListItem","position":1,"name":"Portada","item":"https:\/\/drasanvi.com\/fr\/"},{"@type":"ListItem","position":2,"name":"Tienda","item":"https:\/\/drasanvi.com\/fr\/tienda\/"},{"@type":"ListItem","position":3,"name":"Ynergy mujer"}]},{"@type":"WebSite","@id":"https:\/\/drasanvi.com\/fr\/#website","url":"https:\/\/drasanvi.com\/fr\/","name":"Drasanvi Francia","description":"L\u00edder en complementos alimenticios y cosm\u00e9tica natural.","publisher":{"@id":"https:\/\/drasanvi.com\/fr\/#organization"},"potentialAction":[{"@type":"SearchAction","target":{"@type":"EntryPoint","urlTemplate":"https:\/\/drasanvi.com\/fr\/?s={search_term_string}"},"query-input":{"@type":"PropertyValueSpecification","valueRequired":true,"valueName":"search_term_string"}}],"inLanguage":"fr-FR"},{"@type":"Organization","@id":"https:\/\/drasanvi.com\/fr\/#organization","name":"Drasanvi","url":"https:\/\/drasanvi.com\/fr\/","logo":{"@type":"ImageObject","inLanguage":"fr-FR","@id":"https:\/\/drasanvi.com\/fr\/#\/schema\/logo\/image\/","url":"https:\/\/drasanvi.com\/wp-content\/uploads\/sites\/7\/2021\/07\/logo-drasanvi.png","contentUrl":"https:\/\/drasanvi.com\/wp-content\/uploads\/sites\/7\/2021\/07\/logo-drasanvi.png","width":900,"height":300,"caption":"Drasanvi"},"image":{"@id":"https:\/\/drasanvi.com\/fr\/#\/schema\/logo\/image\/"}}]}},"_links":{"self":[{"href":"https:\/\/drasanvi.com\/fr\/wp-json\/wp\/v2\/product\/13598","targetHints":{"allow":["GET"]}}],"collection":[{"href":"https:\/\/drasanvi.com\/fr\/wp-json\/wp\/v2\/product"}],"about":[{"href":"https:\/\/drasanvi.com\/fr\/wp-json\/wp\/v2\/types\/product"}],"version-history":[{"count":0,"href":"https:\/\/drasanvi.com\/fr\/wp-json\/wp\/v2\/product\/13598\/revisions"}],"wp:featuredmedia":[{"embeddable":true,"href":"https:\/\/drasanvi.com\/fr\/wp-json\/wp\/v2\/media\/20952"}],"wp:attachment":[{"href":"https:\/\/drasanvi.com\/fr\/wp-json\/wp\/v2\/media?parent=13598"}],"wp:term":[{"taxonomy":"product_cat","embeddable":true,"href":"https:\/\/drasanvi.com\/fr\/wp-json\/wp\/v2\/product_cat?post=13598"},{"taxonomy":"product_tag","embeddable":true,"href":"https:\/\/drasanvi.com\/fr\/wp-json\/wp\/v2\/product_tag?post=13598"}],"curies":[{"name":"wp","href":"https:\/\/api.w.org\/{rel}","templated":true}]}}