{"id":13590,"date":"2022-02-28T15:21:38","date_gmt":"2022-02-28T13:21:38","guid":{"rendered":"https:\/\/drasanvi.com\/fr\/?post_type=product&#038;p=13590"},"modified":"2022-03-15T17:31:51","modified_gmt":"2022-03-15T15:31:51","slug":"ynergy-senior","status":"publish","type":"product","link":"https:\/\/drasanvi.com\/fr\/producto\/ynergy-senior\/","title":{"rendered":"Ynergy &#8211; Senior"},"content":{"rendered":"<h2>Ingredientes<\/h2>\n<p>Ingrediente Cantidad \/ dosis diaria Calcio En forma de Carbonato de Calcio 300 mg Vitamina C En forma de \u00c1cido Asc\u00f3rbico 80 mg Hierro En forma de Gluconato de Hierro 55,95 mg Glutamina En forma de L-glutamina 50 mg Lute\u00edna (10%) A partir de extracto de Cal\u00e9ndula 50 mg Fructooligosac\u00e1ridos Procedente de una mezcla de frutas y verduras 50 mg Vitamina E En forma de Acetato de Tocoferol 24 mg Vitamina B3 En forma de Nicotinamida 16 mg Zinc En forma de \u00d3xido de Zinc 12,5 mg Coenzima Q10 En forma de Ubiquinona 10 mg Manganeso En forma de Sulfato de Manganeso 6,15 mg Vitamina A En forma de Palmitato de Retinilo 6,12 mg Vitamina B5 En forma de D-pantotenato de Calcio 6 mg Vitamina B12 En forma de Cianocabalamina 2,5 mg Vitamina D En forma de Colecalciferol 2,08 mg Vitamina B6 En forma de Piridoxina Clorhidrato 1,4 mg Vitamina B2 En forma de Riboflavina 1,4 mg Vitamina B1 En forma de Tiamina Clorhidrato 1,1 mg \u00c1cido F\u00f3lico En forma de \u00c1cido Pteroil-L-glut\u00e1mico 200 \u00b5g Selenio En forma de Selenito S\u00f3dico 120 \u00b5g Molibdeno En forma de Molibdato S\u00f3dico 107 \u00b5g Biotina En forma de D-biotina 50 \u00b5g Otros ingredientes: Celulosa (envoltura), Magnesio estearato y Di\u00f3xido de Sil\u00edcio Sin az\u00facares, edulcorantes, conservantes ni colorantes<\/p>\n<h2>Modo de uso<\/h2>\n<p>Se recomienda tomar 1 c\u00e1psula al d\u00eda, preferiblemente, con el desayuno. Se puede consumir diariamente.<\/p>\n<h3>Presentaci\u00f3n<\/h3>\n<p>Envase de 36 c\u00e1psulas vegetales de 792,68 mg. Peso total: 28,5 g (0.99 oz)<\/p>\n<h3>Advertencias<\/h3>\n<p>Complemento alimenticio a base de vitaminas y minerales. No superar la dosis diaria expresamente recomendada; Los complementos alimenticios no deben utilizarse como sustituto de una dieta equilibrada; Mantener fuera del alcance de los ni\u00f1os m\u00e1s peque\u00f1os. Conservar en un lugar fresco y seco.<\/p>\n<h2>Informaci\u00f3n adicional<\/h2>\n<p>ingredientes descripci\u00f3n dosis diaria Carbonato de calcio (Calcio 40%) 300 mg Agente de recubrimiento (Hidroxipropilmetilcelulosa) 100 mg Vitamina C (\u00c1cido asc\u00f3rbico) 80 mg Gluconato de Hierro (Hierro 12,5%) 55,95 mg L-Glutamina \u00a0 50 mg Luteina \u00a0 50 mg Fructooligosacaridos \u00a0 50 mg Vitamina E (Acetato de tocoferol) 24 mg Vitamina B3 (Nicotinamida) 16 mg Agente de carga (Estearato de magnesio) 14 mg \u00d3xido de Zinc (Zinc 80%) 12,5 mg Coenzima Q10 \u00a0 10 mg Sulfato de manganeso (Manganeso 32,5%) 6,15 mg Vitamina A (Palmitato de retinilo) 6,12 mg Vitamina B5 (D-pantotenato de calcio) 6 mg Antiaglomerante (Di\u00f3xido de silicio) 3 mg Vitamina B12 (Cianocobalamina) 2,5 mg Vitamina D (Colecalciferol) 2,08 mg Vitamina B6 Clorhidrato de piridoxina 1,4 mg Vitamina B2 (Riboflavina) 1,4 mg Vitamina B1 (Clorhidrato de tiamina) 1,1 mg \u00c1cido f\u00f3lico (\u00c1cido pteroil-L-glut\u00e1mico) 0,2 mg Selenito s\u00f3dico (Selenio 45,8%) 0,12 mg Molibdato s\u00f3dico (Molibdato 46,7%) 0,107 mg D-Biotina (Biotina) 0,05 mg<\/p>\n<p>Por dosis diaria (1 c\u00e1psula) Ingrediente Porcentaje Cantidad Zinc 100% 10 mg Manganeso 100% 2 mg Selenio 100% 55 \u00b5g Molibdeno 100% 50 \u00b5g Vitamina C 100% 80 mg Vitamina D 100% 5 \u00b5g Vitamina A 100% 800 \u00b5g Vitamina B3 100% 16 mg Vitamina E 100% 12 mg Vitamina B6 100% 1.4 mg Vitamina B2 100% 1.4 mg Vitamina B1 100% 1.1 mg Vitamina B5 100% 6 mg Vitamina B12 100% 2.5 \u00b5g Biotina 100% 50 \u00b5g \u00c1cido F\u00f3lico 100% 200 \u00b5g Hierro 50% 7 mg Calcio 15% 120 mg % VRN (Valores de Referencia de Nutrientes)<\/p>\n","protected":false},"excerpt":{"rendered":"<p>Ynergy senior es un complejo multivitam\u00ednico de \u00faltima generaci\u00f3n con una estudiada composici\u00f3n especialmente formulada para personas mayores de 50 a\u00f1os. Ynergy senior fusiona el poder de vitaminas y minerales con la acci\u00f3n de sustancias como Luteina y Coenzima Q10. Esta magn\u00edfica combinaci\u00f3n se ve enriquecida con fibra prebi\u00f3tica. Ynergy senior est\u00e1 indicado para todos los adultos mayores de 50 a\u00f1os que quieran continuar con una vida plena y llena de energ\u00eda. Ynergy \u00a0senior viene en un envase de 30 c\u00e1psulas y s\u00f3lo es necesario consumir una al d\u00eda. Las c\u00e1psulas son de origen vegetal, convirtiendo al producto en ideal para personas vegetarianas y veganas.<br \/>\n<a id=\"boton-ficha\" href=\"https:\/\/panel.drasanvi.com\/fichas\/1\/032050283\" target=\"_blank\" rel=\"noopener\">Ficha t\u00e9cnica<\/a><\/p>\n","protected":false},"featured_media":20950,"template":"","meta":{"inline_featured_image":false},"product_cat":[99,118],"product_tag":[],"class_list":["post-13590","product","type-product","status-publish","has-post-thumbnail","hentry","product_cat-energia-vitalidad","product_cat-vitaminas-minerales","pa_contiene-altramuces-no","pa_contiene-apio-no","pa_contiene-cacahuetes-no","pa_contiene-crustaceos-no","pa_contiene-frutos-secos-no","pa_contiene-huevo-no","pa_contiene-leche-no","pa_contiene-moluscos-no","pa_contiene-mostaza-no","pa_contiene-pescado-no","pa_contiene-sesamo-no","pa_contiene-soja-no","pa_producto-bio-no","pa_producto-sin-gluten-si","pa_producto-vegano-si","pa_producto-vegetariano-no"],"yoast_head":"<!-- This site is optimized with the Yoast SEO plugin v27.5 - https:\/\/yoast.com\/product\/yoast-seo-wordpress\/ -->\n<title>Ynergy - Senior - Drasanvi Francia<\/title>\n<meta name=\"robots\" content=\"index, follow, max-snippet:-1, max-image-preview:large, max-video-preview:-1\" \/>\n<link rel=\"canonical\" href=\"https:\/\/drasanvi.com\/fr\/producto\/ynergy-senior\/\" \/>\n<meta property=\"og:locale\" content=\"fr_FR\" \/>\n<meta property=\"og:type\" content=\"article\" \/>\n<meta property=\"og:title\" content=\"Ynergy - Senior - Drasanvi Francia\" \/>\n<meta property=\"og:description\" content=\"Ynergy senior es un complejo multivitam\u00ednico de \u00faltima generaci\u00f3n con una estudiada composici\u00f3n especialmente formulada para personas mayores de 50 a\u00f1os. Ynergy senior fusiona el poder de vitaminas y minerales con la acci\u00f3n de sustancias como Luteina y Coenzima Q10. Esta magn\u00edfica combinaci\u00f3n se ve enriquecida con fibra prebi\u00f3tica. Ynergy senior est\u00e1 indicado para todos los adultos mayores de 50 a\u00f1os que quieran continuar con una vida plena y llena de energ\u00eda. Ynergy \u00a0senior viene en un envase de 30 c\u00e1psulas y s\u00f3lo es necesario consumir una al d\u00eda. Las c\u00e1psulas son de origen vegetal, convirtiendo al producto en ideal para personas vegetarianas y veganas. Ficha t\u00e9cnica\" \/>\n<meta property=\"og:url\" content=\"https:\/\/drasanvi.com\/fr\/producto\/ynergy-senior\/\" \/>\n<meta property=\"og:site_name\" content=\"Drasanvi Francia\" \/>\n<meta property=\"article:modified_time\" content=\"2022-03-15T15:31:51+00:00\" \/>\n<meta property=\"og:image\" content=\"https:\/\/drasanvi.com\/wp-content\/uploads\/sites\/7\/2022\/02\/032050283.png\" \/>\n\t<meta property=\"og:image:width\" content=\"1000\" \/>\n\t<meta property=\"og:image:height\" content=\"1000\" \/>\n\t<meta property=\"og:image:type\" content=\"image\/png\" \/>\n<meta name=\"twitter:card\" content=\"summary_large_image\" \/>\n<script type=\"application\/ld+json\" class=\"yoast-schema-graph\">{\"@context\":\"https:\\\/\\\/schema.org\",\"@graph\":[{\"@type\":\"WebPage\",\"@id\":\"https:\\\/\\\/drasanvi.com\\\/fr\\\/producto\\\/ynergy-senior\\\/\",\"url\":\"https:\\\/\\\/drasanvi.com\\\/fr\\\/producto\\\/ynergy-senior\\\/\",\"name\":\"Ynergy - Senior - Drasanvi Francia\",\"isPartOf\":{\"@id\":\"https:\\\/\\\/drasanvi.com\\\/fr\\\/#website\"},\"primaryImageOfPage\":{\"@id\":\"https:\\\/\\\/drasanvi.com\\\/fr\\\/producto\\\/ynergy-senior\\\/#primaryimage\"},\"image\":{\"@id\":\"https:\\\/\\\/drasanvi.com\\\/fr\\\/producto\\\/ynergy-senior\\\/#primaryimage\"},\"thumbnailUrl\":\"https:\\\/\\\/drasanvi.com\\\/fr\\\/wp-content\\\/uploads\\\/sites\\\/7\\\/2022\\\/02\\\/032050283.png\",\"datePublished\":\"2022-02-28T13:21:38+00:00\",\"dateModified\":\"2022-03-15T15:31:51+00:00\",\"breadcrumb\":{\"@id\":\"https:\\\/\\\/drasanvi.com\\\/fr\\\/producto\\\/ynergy-senior\\\/#breadcrumb\"},\"inLanguage\":\"fr-FR\",\"potentialAction\":[{\"@type\":\"ReadAction\",\"target\":[\"https:\\\/\\\/drasanvi.com\\\/fr\\\/producto\\\/ynergy-senior\\\/\"]}]},{\"@type\":\"ImageObject\",\"inLanguage\":\"fr-FR\",\"@id\":\"https:\\\/\\\/drasanvi.com\\\/fr\\\/producto\\\/ynergy-senior\\\/#primaryimage\",\"url\":\"https:\\\/\\\/drasanvi.com\\\/fr\\\/wp-content\\\/uploads\\\/sites\\\/7\\\/2022\\\/02\\\/032050283.png\",\"contentUrl\":\"https:\\\/\\\/drasanvi.com\\\/fr\\\/wp-content\\\/uploads\\\/sites\\\/7\\\/2022\\\/02\\\/032050283.png\",\"width\":1000,\"height\":1000},{\"@type\":\"BreadcrumbList\",\"@id\":\"https:\\\/\\\/drasanvi.com\\\/fr\\\/producto\\\/ynergy-senior\\\/#breadcrumb\",\"itemListElement\":[{\"@type\":\"ListItem\",\"position\":1,\"name\":\"Portada\",\"item\":\"https:\\\/\\\/drasanvi.com\\\/fr\\\/\"},{\"@type\":\"ListItem\",\"position\":2,\"name\":\"Tienda\",\"item\":\"https:\\\/\\\/drasanvi.com\\\/fr\\\/tienda\\\/\"},{\"@type\":\"ListItem\",\"position\":3,\"name\":\"Ynergy &#8211; Senior\"}]},{\"@type\":\"WebSite\",\"@id\":\"https:\\\/\\\/drasanvi.com\\\/fr\\\/#website\",\"url\":\"https:\\\/\\\/drasanvi.com\\\/fr\\\/\",\"name\":\"Drasanvi Francia\",\"description\":\"L\u00edder en complementos alimenticios y cosm\u00e9tica natural.\",\"publisher\":{\"@id\":\"https:\\\/\\\/drasanvi.com\\\/fr\\\/#organization\"},\"potentialAction\":[{\"@type\":\"SearchAction\",\"target\":{\"@type\":\"EntryPoint\",\"urlTemplate\":\"https:\\\/\\\/drasanvi.com\\\/fr\\\/?s={search_term_string}\"},\"query-input\":{\"@type\":\"PropertyValueSpecification\",\"valueRequired\":true,\"valueName\":\"search_term_string\"}}],\"inLanguage\":\"fr-FR\"},{\"@type\":\"Organization\",\"@id\":\"https:\\\/\\\/drasanvi.com\\\/fr\\\/#organization\",\"name\":\"Drasanvi\",\"url\":\"https:\\\/\\\/drasanvi.com\\\/fr\\\/\",\"logo\":{\"@type\":\"ImageObject\",\"inLanguage\":\"fr-FR\",\"@id\":\"https:\\\/\\\/drasanvi.com\\\/fr\\\/#\\\/schema\\\/logo\\\/image\\\/\",\"url\":\"https:\\\/\\\/drasanvi.com\\\/wp-content\\\/uploads\\\/sites\\\/7\\\/2021\\\/07\\\/logo-drasanvi.png\",\"contentUrl\":\"https:\\\/\\\/drasanvi.com\\\/wp-content\\\/uploads\\\/sites\\\/7\\\/2021\\\/07\\\/logo-drasanvi.png\",\"width\":900,\"height\":300,\"caption\":\"Drasanvi\"},\"image\":{\"@id\":\"https:\\\/\\\/drasanvi.com\\\/fr\\\/#\\\/schema\\\/logo\\\/image\\\/\"}}]}<\/script>\n<!-- \/ Yoast SEO plugin. -->","yoast_head_json":{"title":"Ynergy - Senior - Drasanvi Francia","robots":{"index":"index","follow":"follow","max-snippet":"max-snippet:-1","max-image-preview":"max-image-preview:large","max-video-preview":"max-video-preview:-1"},"canonical":"https:\/\/drasanvi.com\/fr\/producto\/ynergy-senior\/","og_locale":"fr_FR","og_type":"article","og_title":"Ynergy - Senior - Drasanvi Francia","og_description":"Ynergy senior es un complejo multivitam\u00ednico de \u00faltima generaci\u00f3n con una estudiada composici\u00f3n especialmente formulada para personas mayores de 50 a\u00f1os. Ynergy senior fusiona el poder de vitaminas y minerales con la acci\u00f3n de sustancias como Luteina y Coenzima Q10. Esta magn\u00edfica combinaci\u00f3n se ve enriquecida con fibra prebi\u00f3tica. Ynergy senior est\u00e1 indicado para todos los adultos mayores de 50 a\u00f1os que quieran continuar con una vida plena y llena de energ\u00eda. Ynergy \u00a0senior viene en un envase de 30 c\u00e1psulas y s\u00f3lo es necesario consumir una al d\u00eda. Las c\u00e1psulas son de origen vegetal, convirtiendo al producto en ideal para personas vegetarianas y veganas. Ficha t\u00e9cnica","og_url":"https:\/\/drasanvi.com\/fr\/producto\/ynergy-senior\/","og_site_name":"Drasanvi Francia","article_modified_time":"2022-03-15T15:31:51+00:00","og_image":[{"width":1000,"height":1000,"url":"https:\/\/drasanvi.com\/wp-content\/uploads\/sites\/7\/2022\/02\/032050283.png","type":"image\/png"}],"twitter_card":"summary_large_image","schema":{"@context":"https:\/\/schema.org","@graph":[{"@type":"WebPage","@id":"https:\/\/drasanvi.com\/fr\/producto\/ynergy-senior\/","url":"https:\/\/drasanvi.com\/fr\/producto\/ynergy-senior\/","name":"Ynergy - Senior - Drasanvi Francia","isPartOf":{"@id":"https:\/\/drasanvi.com\/fr\/#website"},"primaryImageOfPage":{"@id":"https:\/\/drasanvi.com\/fr\/producto\/ynergy-senior\/#primaryimage"},"image":{"@id":"https:\/\/drasanvi.com\/fr\/producto\/ynergy-senior\/#primaryimage"},"thumbnailUrl":"https:\/\/drasanvi.com\/fr\/wp-content\/uploads\/sites\/7\/2022\/02\/032050283.png","datePublished":"2022-02-28T13:21:38+00:00","dateModified":"2022-03-15T15:31:51+00:00","breadcrumb":{"@id":"https:\/\/drasanvi.com\/fr\/producto\/ynergy-senior\/#breadcrumb"},"inLanguage":"fr-FR","potentialAction":[{"@type":"ReadAction","target":["https:\/\/drasanvi.com\/fr\/producto\/ynergy-senior\/"]}]},{"@type":"ImageObject","inLanguage":"fr-FR","@id":"https:\/\/drasanvi.com\/fr\/producto\/ynergy-senior\/#primaryimage","url":"https:\/\/drasanvi.com\/fr\/wp-content\/uploads\/sites\/7\/2022\/02\/032050283.png","contentUrl":"https:\/\/drasanvi.com\/fr\/wp-content\/uploads\/sites\/7\/2022\/02\/032050283.png","width":1000,"height":1000},{"@type":"BreadcrumbList","@id":"https:\/\/drasanvi.com\/fr\/producto\/ynergy-senior\/#breadcrumb","itemListElement":[{"@type":"ListItem","position":1,"name":"Portada","item":"https:\/\/drasanvi.com\/fr\/"},{"@type":"ListItem","position":2,"name":"Tienda","item":"https:\/\/drasanvi.com\/fr\/tienda\/"},{"@type":"ListItem","position":3,"name":"Ynergy &#8211; Senior"}]},{"@type":"WebSite","@id":"https:\/\/drasanvi.com\/fr\/#website","url":"https:\/\/drasanvi.com\/fr\/","name":"Drasanvi Francia","description":"L\u00edder en complementos alimenticios y cosm\u00e9tica natural.","publisher":{"@id":"https:\/\/drasanvi.com\/fr\/#organization"},"potentialAction":[{"@type":"SearchAction","target":{"@type":"EntryPoint","urlTemplate":"https:\/\/drasanvi.com\/fr\/?s={search_term_string}"},"query-input":{"@type":"PropertyValueSpecification","valueRequired":true,"valueName":"search_term_string"}}],"inLanguage":"fr-FR"},{"@type":"Organization","@id":"https:\/\/drasanvi.com\/fr\/#organization","name":"Drasanvi","url":"https:\/\/drasanvi.com\/fr\/","logo":{"@type":"ImageObject","inLanguage":"fr-FR","@id":"https:\/\/drasanvi.com\/fr\/#\/schema\/logo\/image\/","url":"https:\/\/drasanvi.com\/wp-content\/uploads\/sites\/7\/2021\/07\/logo-drasanvi.png","contentUrl":"https:\/\/drasanvi.com\/wp-content\/uploads\/sites\/7\/2021\/07\/logo-drasanvi.png","width":900,"height":300,"caption":"Drasanvi"},"image":{"@id":"https:\/\/drasanvi.com\/fr\/#\/schema\/logo\/image\/"}}]}},"_links":{"self":[{"href":"https:\/\/drasanvi.com\/fr\/wp-json\/wp\/v2\/product\/13590","targetHints":{"allow":["GET"]}}],"collection":[{"href":"https:\/\/drasanvi.com\/fr\/wp-json\/wp\/v2\/product"}],"about":[{"href":"https:\/\/drasanvi.com\/fr\/wp-json\/wp\/v2\/types\/product"}],"version-history":[{"count":0,"href":"https:\/\/drasanvi.com\/fr\/wp-json\/wp\/v2\/product\/13590\/revisions"}],"wp:featuredmedia":[{"embeddable":true,"href":"https:\/\/drasanvi.com\/fr\/wp-json\/wp\/v2\/media\/20950"}],"wp:attachment":[{"href":"https:\/\/drasanvi.com\/fr\/wp-json\/wp\/v2\/media?parent=13590"}],"wp:term":[{"taxonomy":"product_cat","embeddable":true,"href":"https:\/\/drasanvi.com\/fr\/wp-json\/wp\/v2\/product_cat?post=13590"},{"taxonomy":"product_tag","embeddable":true,"href":"https:\/\/drasanvi.com\/fr\/wp-json\/wp\/v2\/product_tag?post=13590"}],"curies":[{"name":"wp","href":"https:\/\/api.w.org\/{rel}","templated":true}]}}