{"id":13581,"date":"2022-02-28T15:21:38","date_gmt":"2022-02-28T13:21:38","guid":{"rendered":"https:\/\/drasanvi.com\/fr\/?post_type=product&#038;p=13581"},"modified":"2022-03-15T17:32:24","modified_gmt":"2022-03-15T15:32:24","slug":"ynergy-energia-inmediata","status":"publish","type":"product","link":"https:\/\/drasanvi.com\/fr\/producto\/ynergy-energia-inmediata\/","title":{"rendered":"Ynergy &#8211; Energ\u00eda Inmediata"},"content":{"rendered":"<h2>Ingredientes<\/h2>\n<p>Ingrediente Cantidad \/ dosis diaria Fructooligosac\u00e1ridos Procedente de una mezcla de frutas y verduras 500 mg Extracto seco de Guaran\u00e1 Paullina cupana Kunth ex Humb Bonpl. Et. Kunth con aporte en cafe\u00edna (20%) 150 mg 30 mg Maca Lepidium peruvianum Chacon. Analizada la ausencia de alcaloides. 150 mg Taurina 150 mg Vitamina C En forma de \u00c1cido Asc\u00f3rbico 80 mg Zinc En forma de Gluconato de Zinc 70 mg Extracto seco de Gingseng Panax Ginseng C.A Meyer con aporte en Ginsen\u00f3sidos 50 mg 7,5 mg Vitamina B3 En forma de Nicotinamida 16 mg Vitamina B12 En forma de Cianocabalamina 2,5 mg Vitamina B6 En forma de Piridoxina Clorhidrato 1,4 mg Vitamina B2 En forma de Riboflavina 1,4 mg Vitamina B1 En forma de Tiamina Clorhidrato 1,1 mg Otros ingredientes: Agua, Concentrado de uva roja, Sorbato de Potasio, Sucralosa y \u00c1cido C\u00edtrico Sin az\u00facares, ni colorantes<\/p>\n<h2>Modo de uso<\/h2>\n<p>Agitar antes de usar. Tomar un vial en caso de fatiga repentina. Se puede tomar directamente o diluido en un vaso de leche, agua o zumo de frutas. Se recomienda consumir en caso de fatiga o cansancio puntual.<\/p>\n<h3>Presentaci\u00f3n<\/h3>\n<p>Envase de 20 viales de 15 ml. Peso total: 300 ml (10.5 fl oz).<\/p>\n<h3>Advertencias<\/h3>\n<p>Complemento alimenticio a base de plantas, vitaminas y minerales con edulcorante.Los complementos alimenticios no deben utilizarse como sustituto de una dieta equilibrada. No superar la dosis diaria expresamente recomendada. Mantener fuera del alcance de los ni\u00f1os m\u00e1s peque\u00f1os. Conservar en un lugar fresco y seco. Un consumo excesivo puede causar malestar intestinal. Evitar el consumo junto con medicamentos y otros complementos alimenticios a base de fibra. Contiene cafe\u00edna (30 mg \/ dosis diaria), no se aconseja su uso en ni\u00f1os, embarazadas o en per\u00edodo de lactancia. Contiene edulcorante.<\/p>\n<h2>Informaci\u00f3n adicional<\/h2>\n<p>ingredientes descripcion cantidad\/dosis diaria Agua desmineralizada \u00a0 14040mg Fructooligosacaridos \u00a0 500mg Concentrado uva roja \u00a0 500mg Extracto seco de Guaran\u00e1 (Paullina cupana kunth ex Humb Bonpl. Et. Kunth, cafe\u00edna 20%) 150mg Maca (Lepidium peruvianum Chacon.) 150mg L-Taurina \u00a0 150mg Vitamina C (\u00c1cido asc\u00f3rbico) 80mg Gluconato de Zinc (Zinc 14,3%) 70mg Extracto seco de Gingseng (Panax gingseng C.A. Meyer, Gingseng 20%) 50mg Conservador (Sorbato pot\u00e1sico) 30mg (Vitamina B3) (Nicotinamida) 16mg Edulcorante (Sucralosa) 8mg Vitamina B12 (Cianocobalamida 0,1%) 2,5mg Vitamima B6 (Piridoxina Clorhidrato) 1,4mg Vitamina B2 (Rivoflavina) 1,4mg Vitamina B1 (Clorhidrato de Tiamina) 1,1mg<\/p>\n<p>por dosis diaria (15 ml) Ingredientes Porcentaje Cantidad Zinc 100% 10 mg Vitamina C 100% 80 mg Vitamina B3 100% 16 mg Vitamina B6 100% 1,4 mg Vitamina B2 100% 1,4 mg Vitamina B1 100% 1,1 mg Vitamina B12 100% 2,5 \u00b5g %VRN (Valores Recomendados de Nutrientes)<\/p>\n","protected":false},"excerpt":{"rendered":"<p>Disminuye el cansancio y la fatiga. Ynergy energ\u00eda Inmediata es un complejo multivitam\u00ednico de nueva generaci\u00f3n que incorpora vitaminas y minerales relacionados con la energ\u00eda, as\u00ed como la mezcla de plantas como la Maca, el Ginseng y el Guaran\u00e1. Ynergy\u00a0Energ\u00eda Inmediata est\u00e1 indicado para disminuir la fatiga y evitar el cansancio. Gracias a su c\u00f3modo envase, Ynergy\u00a0Energ\u00eda Inmediata, puede transportarse donde quiera. De esta manera, podremos consumirlo cuando nos encontremos con falta de energ\u00eda.<br \/>\n<a id=\"boton-ficha\" href=\"https:\/\/panel.drasanvi.com\/fichas\/1\/032050204\" target=\"_blank\" rel=\"noopener\">Ficha t\u00e9cnica<\/a><\/p>\n","protected":false},"featured_media":20948,"template":"","meta":{"inline_featured_image":false},"product_cat":[99,118],"product_tag":[],"class_list":["post-13581","product","type-product","status-publish","has-post-thumbnail","hentry","product_cat-energia-vitalidad","product_cat-vitaminas-minerales","pa_contiene-altramuces-no","pa_contiene-apio-no","pa_contiene-cacahuetes-no","pa_contiene-crustaceos-no","pa_contiene-frutos-secos-no","pa_contiene-huevo-no","pa_contiene-leche-no","pa_contiene-moluscos-no","pa_contiene-mostaza-no","pa_contiene-pescado-no","pa_contiene-sesamo-no","pa_contiene-soja-no","pa_producto-bio-no","pa_producto-sin-gluten-si","pa_producto-vegano-si","pa_producto-vegetariano-no"],"yoast_head":"<!-- This site is optimized with the Yoast SEO plugin v27.5 - https:\/\/yoast.com\/product\/yoast-seo-wordpress\/ -->\n<title>Ynergy - Energ\u00eda Inmediata - Drasanvi Francia<\/title>\n<meta name=\"robots\" content=\"index, follow, max-snippet:-1, max-image-preview:large, max-video-preview:-1\" \/>\n<link rel=\"canonical\" href=\"https:\/\/drasanvi.com\/fr\/producto\/ynergy-energia-inmediata\/\" \/>\n<meta property=\"og:locale\" content=\"fr_FR\" \/>\n<meta property=\"og:type\" content=\"article\" \/>\n<meta property=\"og:title\" content=\"Ynergy - Energ\u00eda Inmediata - Drasanvi Francia\" \/>\n<meta property=\"og:description\" content=\"Disminuye el cansancio y la fatiga. Ynergy energ\u00eda Inmediata es un complejo multivitam\u00ednico de nueva generaci\u00f3n que incorpora vitaminas y minerales relacionados con la energ\u00eda, as\u00ed como la mezcla de plantas como la Maca, el Ginseng y el Guaran\u00e1. Ynergy\u00a0Energ\u00eda Inmediata est\u00e1 indicado para disminuir la fatiga y evitar el cansancio. Gracias a su c\u00f3modo envase, Ynergy\u00a0Energ\u00eda Inmediata, puede transportarse donde quiera. De esta manera, podremos consumirlo cuando nos encontremos con falta de energ\u00eda. Ficha t\u00e9cnica\" \/>\n<meta property=\"og:url\" content=\"https:\/\/drasanvi.com\/fr\/producto\/ynergy-energia-inmediata\/\" \/>\n<meta property=\"og:site_name\" content=\"Drasanvi Francia\" \/>\n<meta property=\"article:modified_time\" content=\"2022-03-15T15:32:24+00:00\" \/>\n<meta property=\"og:image\" content=\"https:\/\/drasanvi.com\/wp-content\/uploads\/sites\/7\/2022\/02\/032050204.png\" \/>\n\t<meta property=\"og:image:width\" content=\"1000\" \/>\n\t<meta property=\"og:image:height\" content=\"1000\" \/>\n\t<meta property=\"og:image:type\" content=\"image\/png\" \/>\n<meta name=\"twitter:card\" content=\"summary_large_image\" \/>\n<script type=\"application\/ld+json\" class=\"yoast-schema-graph\">{\"@context\":\"https:\\\/\\\/schema.org\",\"@graph\":[{\"@type\":\"WebPage\",\"@id\":\"https:\\\/\\\/drasanvi.com\\\/fr\\\/producto\\\/ynergy-energia-inmediata\\\/\",\"url\":\"https:\\\/\\\/drasanvi.com\\\/fr\\\/producto\\\/ynergy-energia-inmediata\\\/\",\"name\":\"Ynergy - Energ\u00eda Inmediata - Drasanvi Francia\",\"isPartOf\":{\"@id\":\"https:\\\/\\\/drasanvi.com\\\/fr\\\/#website\"},\"primaryImageOfPage\":{\"@id\":\"https:\\\/\\\/drasanvi.com\\\/fr\\\/producto\\\/ynergy-energia-inmediata\\\/#primaryimage\"},\"image\":{\"@id\":\"https:\\\/\\\/drasanvi.com\\\/fr\\\/producto\\\/ynergy-energia-inmediata\\\/#primaryimage\"},\"thumbnailUrl\":\"https:\\\/\\\/drasanvi.com\\\/fr\\\/wp-content\\\/uploads\\\/sites\\\/7\\\/2022\\\/02\\\/032050204.png\",\"datePublished\":\"2022-02-28T13:21:38+00:00\",\"dateModified\":\"2022-03-15T15:32:24+00:00\",\"breadcrumb\":{\"@id\":\"https:\\\/\\\/drasanvi.com\\\/fr\\\/producto\\\/ynergy-energia-inmediata\\\/#breadcrumb\"},\"inLanguage\":\"fr-FR\",\"potentialAction\":[{\"@type\":\"ReadAction\",\"target\":[\"https:\\\/\\\/drasanvi.com\\\/fr\\\/producto\\\/ynergy-energia-inmediata\\\/\"]}]},{\"@type\":\"ImageObject\",\"inLanguage\":\"fr-FR\",\"@id\":\"https:\\\/\\\/drasanvi.com\\\/fr\\\/producto\\\/ynergy-energia-inmediata\\\/#primaryimage\",\"url\":\"https:\\\/\\\/drasanvi.com\\\/fr\\\/wp-content\\\/uploads\\\/sites\\\/7\\\/2022\\\/02\\\/032050204.png\",\"contentUrl\":\"https:\\\/\\\/drasanvi.com\\\/fr\\\/wp-content\\\/uploads\\\/sites\\\/7\\\/2022\\\/02\\\/032050204.png\",\"width\":1000,\"height\":1000},{\"@type\":\"BreadcrumbList\",\"@id\":\"https:\\\/\\\/drasanvi.com\\\/fr\\\/producto\\\/ynergy-energia-inmediata\\\/#breadcrumb\",\"itemListElement\":[{\"@type\":\"ListItem\",\"position\":1,\"name\":\"Portada\",\"item\":\"https:\\\/\\\/drasanvi.com\\\/fr\\\/\"},{\"@type\":\"ListItem\",\"position\":2,\"name\":\"Tienda\",\"item\":\"https:\\\/\\\/drasanvi.com\\\/fr\\\/tienda\\\/\"},{\"@type\":\"ListItem\",\"position\":3,\"name\":\"Ynergy &#8211; Energ\u00eda Inmediata\"}]},{\"@type\":\"WebSite\",\"@id\":\"https:\\\/\\\/drasanvi.com\\\/fr\\\/#website\",\"url\":\"https:\\\/\\\/drasanvi.com\\\/fr\\\/\",\"name\":\"Drasanvi Francia\",\"description\":\"L\u00edder en complementos alimenticios y cosm\u00e9tica natural.\",\"publisher\":{\"@id\":\"https:\\\/\\\/drasanvi.com\\\/fr\\\/#organization\"},\"potentialAction\":[{\"@type\":\"SearchAction\",\"target\":{\"@type\":\"EntryPoint\",\"urlTemplate\":\"https:\\\/\\\/drasanvi.com\\\/fr\\\/?s={search_term_string}\"},\"query-input\":{\"@type\":\"PropertyValueSpecification\",\"valueRequired\":true,\"valueName\":\"search_term_string\"}}],\"inLanguage\":\"fr-FR\"},{\"@type\":\"Organization\",\"@id\":\"https:\\\/\\\/drasanvi.com\\\/fr\\\/#organization\",\"name\":\"Drasanvi\",\"url\":\"https:\\\/\\\/drasanvi.com\\\/fr\\\/\",\"logo\":{\"@type\":\"ImageObject\",\"inLanguage\":\"fr-FR\",\"@id\":\"https:\\\/\\\/drasanvi.com\\\/fr\\\/#\\\/schema\\\/logo\\\/image\\\/\",\"url\":\"https:\\\/\\\/drasanvi.com\\\/wp-content\\\/uploads\\\/sites\\\/7\\\/2021\\\/07\\\/logo-drasanvi.png\",\"contentUrl\":\"https:\\\/\\\/drasanvi.com\\\/wp-content\\\/uploads\\\/sites\\\/7\\\/2021\\\/07\\\/logo-drasanvi.png\",\"width\":900,\"height\":300,\"caption\":\"Drasanvi\"},\"image\":{\"@id\":\"https:\\\/\\\/drasanvi.com\\\/fr\\\/#\\\/schema\\\/logo\\\/image\\\/\"}}]}<\/script>\n<!-- \/ Yoast SEO plugin. -->","yoast_head_json":{"title":"Ynergy - Energ\u00eda Inmediata - Drasanvi Francia","robots":{"index":"index","follow":"follow","max-snippet":"max-snippet:-1","max-image-preview":"max-image-preview:large","max-video-preview":"max-video-preview:-1"},"canonical":"https:\/\/drasanvi.com\/fr\/producto\/ynergy-energia-inmediata\/","og_locale":"fr_FR","og_type":"article","og_title":"Ynergy - Energ\u00eda Inmediata - Drasanvi Francia","og_description":"Disminuye el cansancio y la fatiga. Ynergy energ\u00eda Inmediata es un complejo multivitam\u00ednico de nueva generaci\u00f3n que incorpora vitaminas y minerales relacionados con la energ\u00eda, as\u00ed como la mezcla de plantas como la Maca, el Ginseng y el Guaran\u00e1. Ynergy\u00a0Energ\u00eda Inmediata est\u00e1 indicado para disminuir la fatiga y evitar el cansancio. Gracias a su c\u00f3modo envase, Ynergy\u00a0Energ\u00eda Inmediata, puede transportarse donde quiera. De esta manera, podremos consumirlo cuando nos encontremos con falta de energ\u00eda. Ficha t\u00e9cnica","og_url":"https:\/\/drasanvi.com\/fr\/producto\/ynergy-energia-inmediata\/","og_site_name":"Drasanvi Francia","article_modified_time":"2022-03-15T15:32:24+00:00","og_image":[{"width":1000,"height":1000,"url":"https:\/\/drasanvi.com\/wp-content\/uploads\/sites\/7\/2022\/02\/032050204.png","type":"image\/png"}],"twitter_card":"summary_large_image","schema":{"@context":"https:\/\/schema.org","@graph":[{"@type":"WebPage","@id":"https:\/\/drasanvi.com\/fr\/producto\/ynergy-energia-inmediata\/","url":"https:\/\/drasanvi.com\/fr\/producto\/ynergy-energia-inmediata\/","name":"Ynergy - Energ\u00eda Inmediata - Drasanvi Francia","isPartOf":{"@id":"https:\/\/drasanvi.com\/fr\/#website"},"primaryImageOfPage":{"@id":"https:\/\/drasanvi.com\/fr\/producto\/ynergy-energia-inmediata\/#primaryimage"},"image":{"@id":"https:\/\/drasanvi.com\/fr\/producto\/ynergy-energia-inmediata\/#primaryimage"},"thumbnailUrl":"https:\/\/drasanvi.com\/fr\/wp-content\/uploads\/sites\/7\/2022\/02\/032050204.png","datePublished":"2022-02-28T13:21:38+00:00","dateModified":"2022-03-15T15:32:24+00:00","breadcrumb":{"@id":"https:\/\/drasanvi.com\/fr\/producto\/ynergy-energia-inmediata\/#breadcrumb"},"inLanguage":"fr-FR","potentialAction":[{"@type":"ReadAction","target":["https:\/\/drasanvi.com\/fr\/producto\/ynergy-energia-inmediata\/"]}]},{"@type":"ImageObject","inLanguage":"fr-FR","@id":"https:\/\/drasanvi.com\/fr\/producto\/ynergy-energia-inmediata\/#primaryimage","url":"https:\/\/drasanvi.com\/fr\/wp-content\/uploads\/sites\/7\/2022\/02\/032050204.png","contentUrl":"https:\/\/drasanvi.com\/fr\/wp-content\/uploads\/sites\/7\/2022\/02\/032050204.png","width":1000,"height":1000},{"@type":"BreadcrumbList","@id":"https:\/\/drasanvi.com\/fr\/producto\/ynergy-energia-inmediata\/#breadcrumb","itemListElement":[{"@type":"ListItem","position":1,"name":"Portada","item":"https:\/\/drasanvi.com\/fr\/"},{"@type":"ListItem","position":2,"name":"Tienda","item":"https:\/\/drasanvi.com\/fr\/tienda\/"},{"@type":"ListItem","position":3,"name":"Ynergy &#8211; Energ\u00eda Inmediata"}]},{"@type":"WebSite","@id":"https:\/\/drasanvi.com\/fr\/#website","url":"https:\/\/drasanvi.com\/fr\/","name":"Drasanvi Francia","description":"L\u00edder en complementos alimenticios y cosm\u00e9tica natural.","publisher":{"@id":"https:\/\/drasanvi.com\/fr\/#organization"},"potentialAction":[{"@type":"SearchAction","target":{"@type":"EntryPoint","urlTemplate":"https:\/\/drasanvi.com\/fr\/?s={search_term_string}"},"query-input":{"@type":"PropertyValueSpecification","valueRequired":true,"valueName":"search_term_string"}}],"inLanguage":"fr-FR"},{"@type":"Organization","@id":"https:\/\/drasanvi.com\/fr\/#organization","name":"Drasanvi","url":"https:\/\/drasanvi.com\/fr\/","logo":{"@type":"ImageObject","inLanguage":"fr-FR","@id":"https:\/\/drasanvi.com\/fr\/#\/schema\/logo\/image\/","url":"https:\/\/drasanvi.com\/wp-content\/uploads\/sites\/7\/2021\/07\/logo-drasanvi.png","contentUrl":"https:\/\/drasanvi.com\/wp-content\/uploads\/sites\/7\/2021\/07\/logo-drasanvi.png","width":900,"height":300,"caption":"Drasanvi"},"image":{"@id":"https:\/\/drasanvi.com\/fr\/#\/schema\/logo\/image\/"}}]}},"_links":{"self":[{"href":"https:\/\/drasanvi.com\/fr\/wp-json\/wp\/v2\/product\/13581","targetHints":{"allow":["GET"]}}],"collection":[{"href":"https:\/\/drasanvi.com\/fr\/wp-json\/wp\/v2\/product"}],"about":[{"href":"https:\/\/drasanvi.com\/fr\/wp-json\/wp\/v2\/types\/product"}],"version-history":[{"count":0,"href":"https:\/\/drasanvi.com\/fr\/wp-json\/wp\/v2\/product\/13581\/revisions"}],"wp:featuredmedia":[{"embeddable":true,"href":"https:\/\/drasanvi.com\/fr\/wp-json\/wp\/v2\/media\/20948"}],"wp:attachment":[{"href":"https:\/\/drasanvi.com\/fr\/wp-json\/wp\/v2\/media?parent=13581"}],"wp:term":[{"taxonomy":"product_cat","embeddable":true,"href":"https:\/\/drasanvi.com\/fr\/wp-json\/wp\/v2\/product_cat?post=13581"},{"taxonomy":"product_tag","embeddable":true,"href":"https:\/\/drasanvi.com\/fr\/wp-json\/wp\/v2\/product_tag?post=13581"}],"curies":[{"name":"wp","href":"https:\/\/api.w.org\/{rel}","templated":true}]}}