{"id":13567,"date":"2022-02-28T15:15:00","date_gmt":"2022-02-28T13:15:00","guid":{"rendered":"https:\/\/drasanvi.com\/fr\/?post_type=product&#038;p=13567"},"modified":"2022-03-15T14:46:05","modified_gmt":"2022-03-15T12:46:05","slug":"sananitos-regutrans","status":"publish","type":"product","link":"https:\/\/drasanvi.com\/fr\/producto\/sananitos-regutrans\/","title":{"rendered":"Sananitos &#8211; Regutrans"},"content":{"rendered":"<h2>Ingredientes<\/h2>\n<p>INGREDIENTES INGREDIENTES (MG\/D\u00d3SIS DIARIA) Fructooligosac\u00e1ridos 600 mg Zumo de Ciruela de Concentrado Prunus domestica (L.) 600 mg Zumo de Manzana de Concentrado Pyrus malus (L.) 600 mg Zumo de Kiwi de Concentrado Actinidia deliciosa (A.Chev.) 600 mg Extracto Seco de Malva Malva sylvestris (L.) Con aporte en polifenoles 40 mg.0,2 mg Extracto seco de Tamarindo Tamarindus indica (L.) (ratio 10:1) 30 mg Otros Ingredientes: Agua, Az\u00facar Integral de Ca\u00f1a, Sorbato Pot\u00e1sico, Aroma de Manzana y Goma Xantana.<\/p>\n<h2>Modo de uso<\/h2>\n<p>A partir de 3 a\u00f1os. Tomar 20 ml, dos cucharadas en una sola toma al d\u00eda o bien se puede repartir en dos tomas, una cucharada de 10 ml antes de la comida y otra cucharada de 10 ml antes de la cena. Puede tomarse solo o disuelto en alg\u00fan otro l\u00edquido.<\/p>\n<h3>Presentaci\u00f3n<\/h3>\n<p>L\u00edquido contenido en un envase 150 ml. (5,25 fl oz)<\/p>\n<h3>Advertencias<\/h3>\n<p>Complemento alimenticio a base de plantas.Los complementos alimenticios no deben utilizarse como sustituto de una dieta equilibrada. No superar la dosis diaria expresamente recomendada. Mantener fuera del alcance de los ni\u00f1os m\u00e1s peque\u00f1os. Conservar en un lugar fresco y seco.<\/p>\n<h2>Informaci\u00f3n adicional<\/h2>\n<p>INGREDIENTES INFORMACION BOT\u00c1NICA FUNCI\u00d3N INGREDIENTES (MG\/D\u00d3SIS DIARIA) Agua \u00a0 20.000 mg Az\u00facar de ca\u00f1a Integral \u00a0 4.000 mg Fructooligosac\u00e1ridos \u00a0 600 mg Zumo de Ciruela concentrado (Prunus domestica (L.)) 600 mg Zumo de Manzana concentrado (Pyrus malus (L.)) 600 mg Zumo de Kiwi concentrado (Actinidia deliciosa (A.Chev.)) 600 mg Extracto seco Malva (Malva sylvestris (L.), polifenoles 0,5%) 40 mg Conservador (Sorbato pot\u00e1sico) 40 mg Aroma (Aroma manzana) 40 mg Extracto seco Tamarindo (Tamarindus indica (L.), ratio 10:1) 30 mg Espesante (Goma xantana) 20 mg<\/p>\n","protected":false},"excerpt":{"rendered":"<p>La ciruela, la\u00a0 manzana y el kiwi son tres frutas populares por su alto contenido en fibra. Adem\u00e1s, se le ha a\u00f1adido fructooligosac\u00e1ridos. Gracias a su aporte en Tamarindo, contribuye a incrementar el tr\u00e1nsito intestinal.<br \/>\n<a id=\"boton-ficha\" href=\"https:\/\/panel.drasanvi.com\/fichas\/1\/032050297\" target=\"_blank\" rel=\"noopener\">Ficha t\u00e9cnica<\/a><\/p>\n","protected":false},"featured_media":20601,"template":"","meta":{"inline_featured_image":false},"product_cat":[108],"product_tag":[],"class_list":["post-13567","product","type-product","status-publish","has-post-thumbnail","hentry","product_cat-ninos","pa_contiene-altramuces-no","pa_contiene-apio-no","pa_contiene-cacahuetes-no","pa_contiene-crustaceos-no","pa_contiene-frutos-secos-no","pa_contiene-huevo-no","pa_contiene-leche-no","pa_contiene-moluscos-no","pa_contiene-mostaza-no","pa_contiene-pescado-no","pa_contiene-sesamo-no","pa_contiene-soja-no","pa_producto-bio-no","pa_producto-sin-gluten-si","pa_producto-vegano-si","pa_producto-vegetariano-no"],"yoast_head":"<!-- This site is optimized with the Yoast SEO plugin v27.5 - https:\/\/yoast.com\/product\/yoast-seo-wordpress\/ -->\n<title>Sananitos - Regutrans - Drasanvi Francia<\/title>\n<meta name=\"robots\" content=\"index, follow, max-snippet:-1, max-image-preview:large, max-video-preview:-1\" \/>\n<link rel=\"canonical\" href=\"https:\/\/drasanvi.com\/fr\/producto\/sananitos-regutrans\/\" \/>\n<meta property=\"og:locale\" content=\"fr_FR\" \/>\n<meta property=\"og:type\" content=\"article\" \/>\n<meta property=\"og:title\" content=\"Sananitos - Regutrans - Drasanvi Francia\" \/>\n<meta property=\"og:description\" content=\"La ciruela, la\u00a0 manzana y el kiwi son tres frutas populares por su alto contenido en fibra. Adem\u00e1s, se le ha a\u00f1adido fructooligosac\u00e1ridos. Gracias a su aporte en Tamarindo, contribuye a incrementar el tr\u00e1nsito intestinal. Ficha t\u00e9cnica\" \/>\n<meta property=\"og:url\" content=\"https:\/\/drasanvi.com\/fr\/producto\/sananitos-regutrans\/\" \/>\n<meta property=\"og:site_name\" content=\"Drasanvi Francia\" \/>\n<meta property=\"article:modified_time\" content=\"2022-03-15T12:46:05+00:00\" \/>\n<meta property=\"og:image\" content=\"https:\/\/drasanvi.com\/wp-content\/uploads\/sites\/7\/2022\/02\/032050297.png\" \/>\n\t<meta property=\"og:image:width\" content=\"1000\" \/>\n\t<meta property=\"og:image:height\" content=\"1000\" \/>\n\t<meta property=\"og:image:type\" content=\"image\/png\" \/>\n<meta name=\"twitter:card\" content=\"summary_large_image\" \/>\n<script type=\"application\/ld+json\" class=\"yoast-schema-graph\">{\"@context\":\"https:\\\/\\\/schema.org\",\"@graph\":[{\"@type\":\"WebPage\",\"@id\":\"https:\\\/\\\/drasanvi.com\\\/fr\\\/producto\\\/sananitos-regutrans\\\/\",\"url\":\"https:\\\/\\\/drasanvi.com\\\/fr\\\/producto\\\/sananitos-regutrans\\\/\",\"name\":\"Sananitos - Regutrans - Drasanvi Francia\",\"isPartOf\":{\"@id\":\"https:\\\/\\\/drasanvi.com\\\/fr\\\/#website\"},\"primaryImageOfPage\":{\"@id\":\"https:\\\/\\\/drasanvi.com\\\/fr\\\/producto\\\/sananitos-regutrans\\\/#primaryimage\"},\"image\":{\"@id\":\"https:\\\/\\\/drasanvi.com\\\/fr\\\/producto\\\/sananitos-regutrans\\\/#primaryimage\"},\"thumbnailUrl\":\"https:\\\/\\\/drasanvi.com\\\/fr\\\/wp-content\\\/uploads\\\/sites\\\/7\\\/2022\\\/02\\\/032050297.png\",\"datePublished\":\"2022-02-28T13:15:00+00:00\",\"dateModified\":\"2022-03-15T12:46:05+00:00\",\"breadcrumb\":{\"@id\":\"https:\\\/\\\/drasanvi.com\\\/fr\\\/producto\\\/sananitos-regutrans\\\/#breadcrumb\"},\"inLanguage\":\"fr-FR\",\"potentialAction\":[{\"@type\":\"ReadAction\",\"target\":[\"https:\\\/\\\/drasanvi.com\\\/fr\\\/producto\\\/sananitos-regutrans\\\/\"]}]},{\"@type\":\"ImageObject\",\"inLanguage\":\"fr-FR\",\"@id\":\"https:\\\/\\\/drasanvi.com\\\/fr\\\/producto\\\/sananitos-regutrans\\\/#primaryimage\",\"url\":\"https:\\\/\\\/drasanvi.com\\\/fr\\\/wp-content\\\/uploads\\\/sites\\\/7\\\/2022\\\/02\\\/032050297.png\",\"contentUrl\":\"https:\\\/\\\/drasanvi.com\\\/fr\\\/wp-content\\\/uploads\\\/sites\\\/7\\\/2022\\\/02\\\/032050297.png\",\"width\":1000,\"height\":1000},{\"@type\":\"BreadcrumbList\",\"@id\":\"https:\\\/\\\/drasanvi.com\\\/fr\\\/producto\\\/sananitos-regutrans\\\/#breadcrumb\",\"itemListElement\":[{\"@type\":\"ListItem\",\"position\":1,\"name\":\"Portada\",\"item\":\"https:\\\/\\\/drasanvi.com\\\/fr\\\/\"},{\"@type\":\"ListItem\",\"position\":2,\"name\":\"Tienda\",\"item\":\"https:\\\/\\\/drasanvi.com\\\/fr\\\/tienda\\\/\"},{\"@type\":\"ListItem\",\"position\":3,\"name\":\"Sananitos &#8211; Regutrans\"}]},{\"@type\":\"WebSite\",\"@id\":\"https:\\\/\\\/drasanvi.com\\\/fr\\\/#website\",\"url\":\"https:\\\/\\\/drasanvi.com\\\/fr\\\/\",\"name\":\"Drasanvi Francia\",\"description\":\"L\u00edder en complementos alimenticios y cosm\u00e9tica natural.\",\"publisher\":{\"@id\":\"https:\\\/\\\/drasanvi.com\\\/fr\\\/#organization\"},\"potentialAction\":[{\"@type\":\"SearchAction\",\"target\":{\"@type\":\"EntryPoint\",\"urlTemplate\":\"https:\\\/\\\/drasanvi.com\\\/fr\\\/?s={search_term_string}\"},\"query-input\":{\"@type\":\"PropertyValueSpecification\",\"valueRequired\":true,\"valueName\":\"search_term_string\"}}],\"inLanguage\":\"fr-FR\"},{\"@type\":\"Organization\",\"@id\":\"https:\\\/\\\/drasanvi.com\\\/fr\\\/#organization\",\"name\":\"Drasanvi\",\"url\":\"https:\\\/\\\/drasanvi.com\\\/fr\\\/\",\"logo\":{\"@type\":\"ImageObject\",\"inLanguage\":\"fr-FR\",\"@id\":\"https:\\\/\\\/drasanvi.com\\\/fr\\\/#\\\/schema\\\/logo\\\/image\\\/\",\"url\":\"https:\\\/\\\/drasanvi.com\\\/wp-content\\\/uploads\\\/sites\\\/7\\\/2021\\\/07\\\/logo-drasanvi.png\",\"contentUrl\":\"https:\\\/\\\/drasanvi.com\\\/wp-content\\\/uploads\\\/sites\\\/7\\\/2021\\\/07\\\/logo-drasanvi.png\",\"width\":900,\"height\":300,\"caption\":\"Drasanvi\"},\"image\":{\"@id\":\"https:\\\/\\\/drasanvi.com\\\/fr\\\/#\\\/schema\\\/logo\\\/image\\\/\"}}]}<\/script>\n<!-- \/ Yoast SEO plugin. -->","yoast_head_json":{"title":"Sananitos - Regutrans - Drasanvi Francia","robots":{"index":"index","follow":"follow","max-snippet":"max-snippet:-1","max-image-preview":"max-image-preview:large","max-video-preview":"max-video-preview:-1"},"canonical":"https:\/\/drasanvi.com\/fr\/producto\/sananitos-regutrans\/","og_locale":"fr_FR","og_type":"article","og_title":"Sananitos - Regutrans - Drasanvi Francia","og_description":"La ciruela, la\u00a0 manzana y el kiwi son tres frutas populares por su alto contenido en fibra. Adem\u00e1s, se le ha a\u00f1adido fructooligosac\u00e1ridos. Gracias a su aporte en Tamarindo, contribuye a incrementar el tr\u00e1nsito intestinal. Ficha t\u00e9cnica","og_url":"https:\/\/drasanvi.com\/fr\/producto\/sananitos-regutrans\/","og_site_name":"Drasanvi Francia","article_modified_time":"2022-03-15T12:46:05+00:00","og_image":[{"width":1000,"height":1000,"url":"https:\/\/drasanvi.com\/wp-content\/uploads\/sites\/7\/2022\/02\/032050297.png","type":"image\/png"}],"twitter_card":"summary_large_image","schema":{"@context":"https:\/\/schema.org","@graph":[{"@type":"WebPage","@id":"https:\/\/drasanvi.com\/fr\/producto\/sananitos-regutrans\/","url":"https:\/\/drasanvi.com\/fr\/producto\/sananitos-regutrans\/","name":"Sananitos - Regutrans - Drasanvi Francia","isPartOf":{"@id":"https:\/\/drasanvi.com\/fr\/#website"},"primaryImageOfPage":{"@id":"https:\/\/drasanvi.com\/fr\/producto\/sananitos-regutrans\/#primaryimage"},"image":{"@id":"https:\/\/drasanvi.com\/fr\/producto\/sananitos-regutrans\/#primaryimage"},"thumbnailUrl":"https:\/\/drasanvi.com\/fr\/wp-content\/uploads\/sites\/7\/2022\/02\/032050297.png","datePublished":"2022-02-28T13:15:00+00:00","dateModified":"2022-03-15T12:46:05+00:00","breadcrumb":{"@id":"https:\/\/drasanvi.com\/fr\/producto\/sananitos-regutrans\/#breadcrumb"},"inLanguage":"fr-FR","potentialAction":[{"@type":"ReadAction","target":["https:\/\/drasanvi.com\/fr\/producto\/sananitos-regutrans\/"]}]},{"@type":"ImageObject","inLanguage":"fr-FR","@id":"https:\/\/drasanvi.com\/fr\/producto\/sananitos-regutrans\/#primaryimage","url":"https:\/\/drasanvi.com\/fr\/wp-content\/uploads\/sites\/7\/2022\/02\/032050297.png","contentUrl":"https:\/\/drasanvi.com\/fr\/wp-content\/uploads\/sites\/7\/2022\/02\/032050297.png","width":1000,"height":1000},{"@type":"BreadcrumbList","@id":"https:\/\/drasanvi.com\/fr\/producto\/sananitos-regutrans\/#breadcrumb","itemListElement":[{"@type":"ListItem","position":1,"name":"Portada","item":"https:\/\/drasanvi.com\/fr\/"},{"@type":"ListItem","position":2,"name":"Tienda","item":"https:\/\/drasanvi.com\/fr\/tienda\/"},{"@type":"ListItem","position":3,"name":"Sananitos &#8211; Regutrans"}]},{"@type":"WebSite","@id":"https:\/\/drasanvi.com\/fr\/#website","url":"https:\/\/drasanvi.com\/fr\/","name":"Drasanvi Francia","description":"L\u00edder en complementos alimenticios y cosm\u00e9tica natural.","publisher":{"@id":"https:\/\/drasanvi.com\/fr\/#organization"},"potentialAction":[{"@type":"SearchAction","target":{"@type":"EntryPoint","urlTemplate":"https:\/\/drasanvi.com\/fr\/?s={search_term_string}"},"query-input":{"@type":"PropertyValueSpecification","valueRequired":true,"valueName":"search_term_string"}}],"inLanguage":"fr-FR"},{"@type":"Organization","@id":"https:\/\/drasanvi.com\/fr\/#organization","name":"Drasanvi","url":"https:\/\/drasanvi.com\/fr\/","logo":{"@type":"ImageObject","inLanguage":"fr-FR","@id":"https:\/\/drasanvi.com\/fr\/#\/schema\/logo\/image\/","url":"https:\/\/drasanvi.com\/wp-content\/uploads\/sites\/7\/2021\/07\/logo-drasanvi.png","contentUrl":"https:\/\/drasanvi.com\/wp-content\/uploads\/sites\/7\/2021\/07\/logo-drasanvi.png","width":900,"height":300,"caption":"Drasanvi"},"image":{"@id":"https:\/\/drasanvi.com\/fr\/#\/schema\/logo\/image\/"}}]}},"_links":{"self":[{"href":"https:\/\/drasanvi.com\/fr\/wp-json\/wp\/v2\/product\/13567","targetHints":{"allow":["GET"]}}],"collection":[{"href":"https:\/\/drasanvi.com\/fr\/wp-json\/wp\/v2\/product"}],"about":[{"href":"https:\/\/drasanvi.com\/fr\/wp-json\/wp\/v2\/types\/product"}],"version-history":[{"count":0,"href":"https:\/\/drasanvi.com\/fr\/wp-json\/wp\/v2\/product\/13567\/revisions"}],"wp:featuredmedia":[{"embeddable":true,"href":"https:\/\/drasanvi.com\/fr\/wp-json\/wp\/v2\/media\/20601"}],"wp:attachment":[{"href":"https:\/\/drasanvi.com\/fr\/wp-json\/wp\/v2\/media?parent=13567"}],"wp:term":[{"taxonomy":"product_cat","embeddable":true,"href":"https:\/\/drasanvi.com\/fr\/wp-json\/wp\/v2\/product_cat?post=13567"},{"taxonomy":"product_tag","embeddable":true,"href":"https:\/\/drasanvi.com\/fr\/wp-json\/wp\/v2\/product_tag?post=13567"}],"curies":[{"name":"wp","href":"https:\/\/api.w.org\/{rel}","templated":true}]}}