{"id":13559,"date":"2022-02-28T15:15:00","date_gmt":"2022-02-28T13:15:00","guid":{"rendered":"https:\/\/drasanvi.com\/fr\/?post_type=product&#038;p=13559"},"modified":"2022-03-15T14:45:07","modified_gmt":"2022-03-15T12:45:07","slug":"sananitos-lbc","status":"publish","type":"product","link":"https:\/\/drasanvi.com\/fr\/producto\/sananitos-lbc\/","title":{"rendered":"Sananitos &#8211; LBC"},"content":{"rendered":"<h2>Ingredientes<\/h2>\n<p>INGREDIENTES mg\/dosis d\u00eda Extracto Glicerinado de An\u00edsPimpinella Anisum (L.) 150 mg Zumo Concentrado de PapayaCarica Papaya (L.) 150 mg Extracto Seco de CalabazaCucurbita Lutea (L.) 50 mg Extracto Seco de GencianaGentiana Lutea (L.) (ratio 10:1) 30 mg Otros ingredientes: Agua, Az\u00facar de Ca\u00f1a Integral, Sorbato Pot\u00e1sico, Aroma de Melocot\u00f3n, \u00c1cido C\u00edtrico y Goma Xantana.<\/p>\n<h2>Modo de uso<\/h2>\n<p>A partir de 3 a\u00f1os. Tomar 20 ml, dos cucharadas en una sola toma al d\u00eda o bien se puede repartir en dos tomas, una cucharada de 10 ml antes de la comida y otra cucharada de 10 ml antes de la cena. Puede tomarse solo o disuelto en alg\u00fan otro l\u00edquido.<\/p>\n<h3>Presentaci\u00f3n<\/h3>\n<p>Liquido contenido en un envase 150 ml. (5,25 fl oz)<\/p>\n<h3>Advertencias<\/h3>\n<p>Complemento alimenticio a base de plantas.Los complementos alimenticios no deben utilizarse como sustituto de una dieta equilibrada. No superar la dosis diaria expresamente recomendada. Mantener fuera del alcance de los ni\u00f1os m\u00e1s peque\u00f1os. Conservar en un lugar fresco y seco.<\/p>\n<h2>Informaci\u00f3n adicional<\/h2>\n<p>INGREDIENTES INFORMACION INGREDIENTES (MG\/dosis d\u00eda) Agua \u00a0 20.000 mg Az\u00facar de Ca\u00f1a Integral \u00a0 3.000 mg Extracto Glicerinados An\u00eds (Pimpinella anisum (L.)) 150 mg Zumo Concentrado Papaya (Carica papaya (L.)) 150 mg Extracto Seco Calabaza (Cucurbita pepo (L)) 50 mg Conservador (Sorbarto pot\u00e1sico) 40 mg Extracto Seco Genciana (Gentiana lutea (L.), ratio 10:1) 30 mg Aroma\u00a0 (Aroma de melocot\u00f3n) 24 mg Acidulante (\u00c1cido c\u00edtrico) 20 mg Espesante (Goma xantana) 20 mg<\/p>\n","protected":false},"excerpt":{"rendered":"<p>El An\u00eds, la Calabaza y la Genciana son plantas muy valoradas.El An\u00eds \u00a0es una hierba originaria del Asia suroccidental y la cuenca mediterr\u00e1nea oriental.\u00a0Sus semillas se utilizan como condimento en alimentaci\u00f3n para panader\u00eda y reposter\u00eda, en la elaboraci\u00f3n de licores, etc.\u00a0 Todas las partes vegetales de la planta joven son comestibles.La Calabaza es nativa de Norteam\u00e9rica. Es una planta rastrera que puede llegar a los 10 metros de longitud. Rica en minerales, sobre todo Potasio, Vitamina C y BetaCaroteno.La Genciana es una especie nativa de las monta\u00f1as del centro y sur de Europa. Se trata de una planta perenne, que puede alcanzar los dos metros de altura, con hojas lanceoladas anchas a el\u00edpticas de 10 a 30 cm de longitud y 4 a 12 cm de anchura.<br \/>\n<a id=\"boton-ficha\" href=\"https:\/\/panel.drasanvi.com\/fichas\/1\/032050298\" target=\"_blank\" rel=\"noopener\">Ficha t\u00e9cnica<\/a><\/p>\n","protected":false},"featured_media":20599,"template":"","meta":{"inline_featured_image":false},"product_cat":[108],"product_tag":[],"class_list":["post-13559","product","type-product","status-publish","has-post-thumbnail","hentry","product_cat-ninos","pa_contiene-altramuces-no","pa_contiene-apio-no","pa_contiene-cacahuetes-no","pa_contiene-crustaceos-no","pa_contiene-frutos-secos-no","pa_contiene-huevo-no","pa_contiene-leche-no","pa_contiene-moluscos-no","pa_contiene-mostaza-no","pa_contiene-pescado-no","pa_contiene-sesamo-no","pa_contiene-soja-no","pa_producto-bio-no","pa_producto-sin-gluten-si","pa_producto-vegano-si","pa_producto-vegetariano-no"],"yoast_head":"<!-- This site is optimized with the Yoast SEO plugin v27.5 - https:\/\/yoast.com\/product\/yoast-seo-wordpress\/ -->\n<title>Sananitos - LBC - Drasanvi Francia<\/title>\n<meta name=\"robots\" content=\"index, follow, max-snippet:-1, max-image-preview:large, max-video-preview:-1\" \/>\n<link rel=\"canonical\" href=\"https:\/\/drasanvi.com\/fr\/producto\/sananitos-lbc\/\" \/>\n<meta property=\"og:locale\" content=\"fr_FR\" \/>\n<meta property=\"og:type\" content=\"article\" \/>\n<meta property=\"og:title\" content=\"Sananitos - LBC - Drasanvi Francia\" \/>\n<meta property=\"og:description\" content=\"El An\u00eds, la Calabaza y la Genciana son plantas muy valoradas.El An\u00eds \u00a0es una hierba originaria del Asia suroccidental y la cuenca mediterr\u00e1nea oriental.\u00a0Sus semillas se utilizan como condimento en alimentaci\u00f3n para panader\u00eda y reposter\u00eda, en la elaboraci\u00f3n de licores, etc.\u00a0 Todas las partes vegetales de la planta joven son comestibles.La Calabaza es nativa de Norteam\u00e9rica. Es una planta rastrera que puede llegar a los 10 metros de longitud. Rica en minerales, sobre todo Potasio, Vitamina C y BetaCaroteno.La Genciana es una especie nativa de las monta\u00f1as del centro y sur de Europa. Se trata de una planta perenne, que puede alcanzar los dos metros de altura, con hojas lanceoladas anchas a el\u00edpticas de 10 a 30 cm de longitud y 4 a 12 cm de anchura. Ficha t\u00e9cnica\" \/>\n<meta property=\"og:url\" content=\"https:\/\/drasanvi.com\/fr\/producto\/sananitos-lbc\/\" \/>\n<meta property=\"og:site_name\" content=\"Drasanvi Francia\" \/>\n<meta property=\"article:modified_time\" content=\"2022-03-15T12:45:07+00:00\" \/>\n<meta property=\"og:image\" content=\"https:\/\/drasanvi.com\/wp-content\/uploads\/sites\/7\/2022\/02\/032050298.png\" \/>\n\t<meta property=\"og:image:width\" content=\"1000\" \/>\n\t<meta property=\"og:image:height\" content=\"1000\" \/>\n\t<meta property=\"og:image:type\" content=\"image\/png\" \/>\n<meta name=\"twitter:card\" content=\"summary_large_image\" \/>\n<script type=\"application\/ld+json\" class=\"yoast-schema-graph\">{\"@context\":\"https:\\\/\\\/schema.org\",\"@graph\":[{\"@type\":\"WebPage\",\"@id\":\"https:\\\/\\\/drasanvi.com\\\/fr\\\/producto\\\/sananitos-lbc\\\/\",\"url\":\"https:\\\/\\\/drasanvi.com\\\/fr\\\/producto\\\/sananitos-lbc\\\/\",\"name\":\"Sananitos - LBC - Drasanvi Francia\",\"isPartOf\":{\"@id\":\"https:\\\/\\\/drasanvi.com\\\/fr\\\/#website\"},\"primaryImageOfPage\":{\"@id\":\"https:\\\/\\\/drasanvi.com\\\/fr\\\/producto\\\/sananitos-lbc\\\/#primaryimage\"},\"image\":{\"@id\":\"https:\\\/\\\/drasanvi.com\\\/fr\\\/producto\\\/sananitos-lbc\\\/#primaryimage\"},\"thumbnailUrl\":\"https:\\\/\\\/drasanvi.com\\\/fr\\\/wp-content\\\/uploads\\\/sites\\\/7\\\/2022\\\/02\\\/032050298.png\",\"datePublished\":\"2022-02-28T13:15:00+00:00\",\"dateModified\":\"2022-03-15T12:45:07+00:00\",\"breadcrumb\":{\"@id\":\"https:\\\/\\\/drasanvi.com\\\/fr\\\/producto\\\/sananitos-lbc\\\/#breadcrumb\"},\"inLanguage\":\"fr-FR\",\"potentialAction\":[{\"@type\":\"ReadAction\",\"target\":[\"https:\\\/\\\/drasanvi.com\\\/fr\\\/producto\\\/sananitos-lbc\\\/\"]}]},{\"@type\":\"ImageObject\",\"inLanguage\":\"fr-FR\",\"@id\":\"https:\\\/\\\/drasanvi.com\\\/fr\\\/producto\\\/sananitos-lbc\\\/#primaryimage\",\"url\":\"https:\\\/\\\/drasanvi.com\\\/fr\\\/wp-content\\\/uploads\\\/sites\\\/7\\\/2022\\\/02\\\/032050298.png\",\"contentUrl\":\"https:\\\/\\\/drasanvi.com\\\/fr\\\/wp-content\\\/uploads\\\/sites\\\/7\\\/2022\\\/02\\\/032050298.png\",\"width\":1000,\"height\":1000},{\"@type\":\"BreadcrumbList\",\"@id\":\"https:\\\/\\\/drasanvi.com\\\/fr\\\/producto\\\/sananitos-lbc\\\/#breadcrumb\",\"itemListElement\":[{\"@type\":\"ListItem\",\"position\":1,\"name\":\"Portada\",\"item\":\"https:\\\/\\\/drasanvi.com\\\/fr\\\/\"},{\"@type\":\"ListItem\",\"position\":2,\"name\":\"Tienda\",\"item\":\"https:\\\/\\\/drasanvi.com\\\/fr\\\/tienda\\\/\"},{\"@type\":\"ListItem\",\"position\":3,\"name\":\"Sananitos &#8211; LBC\"}]},{\"@type\":\"WebSite\",\"@id\":\"https:\\\/\\\/drasanvi.com\\\/fr\\\/#website\",\"url\":\"https:\\\/\\\/drasanvi.com\\\/fr\\\/\",\"name\":\"Drasanvi Francia\",\"description\":\"L\u00edder en complementos alimenticios y cosm\u00e9tica natural.\",\"publisher\":{\"@id\":\"https:\\\/\\\/drasanvi.com\\\/fr\\\/#organization\"},\"potentialAction\":[{\"@type\":\"SearchAction\",\"target\":{\"@type\":\"EntryPoint\",\"urlTemplate\":\"https:\\\/\\\/drasanvi.com\\\/fr\\\/?s={search_term_string}\"},\"query-input\":{\"@type\":\"PropertyValueSpecification\",\"valueRequired\":true,\"valueName\":\"search_term_string\"}}],\"inLanguage\":\"fr-FR\"},{\"@type\":\"Organization\",\"@id\":\"https:\\\/\\\/drasanvi.com\\\/fr\\\/#organization\",\"name\":\"Drasanvi\",\"url\":\"https:\\\/\\\/drasanvi.com\\\/fr\\\/\",\"logo\":{\"@type\":\"ImageObject\",\"inLanguage\":\"fr-FR\",\"@id\":\"https:\\\/\\\/drasanvi.com\\\/fr\\\/#\\\/schema\\\/logo\\\/image\\\/\",\"url\":\"https:\\\/\\\/drasanvi.com\\\/wp-content\\\/uploads\\\/sites\\\/7\\\/2021\\\/07\\\/logo-drasanvi.png\",\"contentUrl\":\"https:\\\/\\\/drasanvi.com\\\/wp-content\\\/uploads\\\/sites\\\/7\\\/2021\\\/07\\\/logo-drasanvi.png\",\"width\":900,\"height\":300,\"caption\":\"Drasanvi\"},\"image\":{\"@id\":\"https:\\\/\\\/drasanvi.com\\\/fr\\\/#\\\/schema\\\/logo\\\/image\\\/\"}}]}<\/script>\n<!-- \/ Yoast SEO plugin. -->","yoast_head_json":{"title":"Sananitos - LBC - Drasanvi Francia","robots":{"index":"index","follow":"follow","max-snippet":"max-snippet:-1","max-image-preview":"max-image-preview:large","max-video-preview":"max-video-preview:-1"},"canonical":"https:\/\/drasanvi.com\/fr\/producto\/sananitos-lbc\/","og_locale":"fr_FR","og_type":"article","og_title":"Sananitos - LBC - Drasanvi Francia","og_description":"El An\u00eds, la Calabaza y la Genciana son plantas muy valoradas.El An\u00eds \u00a0es una hierba originaria del Asia suroccidental y la cuenca mediterr\u00e1nea oriental.\u00a0Sus semillas se utilizan como condimento en alimentaci\u00f3n para panader\u00eda y reposter\u00eda, en la elaboraci\u00f3n de licores, etc.\u00a0 Todas las partes vegetales de la planta joven son comestibles.La Calabaza es nativa de Norteam\u00e9rica. Es una planta rastrera que puede llegar a los 10 metros de longitud. Rica en minerales, sobre todo Potasio, Vitamina C y BetaCaroteno.La Genciana es una especie nativa de las monta\u00f1as del centro y sur de Europa. Se trata de una planta perenne, que puede alcanzar los dos metros de altura, con hojas lanceoladas anchas a el\u00edpticas de 10 a 30 cm de longitud y 4 a 12 cm de anchura. Ficha t\u00e9cnica","og_url":"https:\/\/drasanvi.com\/fr\/producto\/sananitos-lbc\/","og_site_name":"Drasanvi Francia","article_modified_time":"2022-03-15T12:45:07+00:00","og_image":[{"width":1000,"height":1000,"url":"https:\/\/drasanvi.com\/wp-content\/uploads\/sites\/7\/2022\/02\/032050298.png","type":"image\/png"}],"twitter_card":"summary_large_image","schema":{"@context":"https:\/\/schema.org","@graph":[{"@type":"WebPage","@id":"https:\/\/drasanvi.com\/fr\/producto\/sananitos-lbc\/","url":"https:\/\/drasanvi.com\/fr\/producto\/sananitos-lbc\/","name":"Sananitos - LBC - Drasanvi Francia","isPartOf":{"@id":"https:\/\/drasanvi.com\/fr\/#website"},"primaryImageOfPage":{"@id":"https:\/\/drasanvi.com\/fr\/producto\/sananitos-lbc\/#primaryimage"},"image":{"@id":"https:\/\/drasanvi.com\/fr\/producto\/sananitos-lbc\/#primaryimage"},"thumbnailUrl":"https:\/\/drasanvi.com\/fr\/wp-content\/uploads\/sites\/7\/2022\/02\/032050298.png","datePublished":"2022-02-28T13:15:00+00:00","dateModified":"2022-03-15T12:45:07+00:00","breadcrumb":{"@id":"https:\/\/drasanvi.com\/fr\/producto\/sananitos-lbc\/#breadcrumb"},"inLanguage":"fr-FR","potentialAction":[{"@type":"ReadAction","target":["https:\/\/drasanvi.com\/fr\/producto\/sananitos-lbc\/"]}]},{"@type":"ImageObject","inLanguage":"fr-FR","@id":"https:\/\/drasanvi.com\/fr\/producto\/sananitos-lbc\/#primaryimage","url":"https:\/\/drasanvi.com\/fr\/wp-content\/uploads\/sites\/7\/2022\/02\/032050298.png","contentUrl":"https:\/\/drasanvi.com\/fr\/wp-content\/uploads\/sites\/7\/2022\/02\/032050298.png","width":1000,"height":1000},{"@type":"BreadcrumbList","@id":"https:\/\/drasanvi.com\/fr\/producto\/sananitos-lbc\/#breadcrumb","itemListElement":[{"@type":"ListItem","position":1,"name":"Portada","item":"https:\/\/drasanvi.com\/fr\/"},{"@type":"ListItem","position":2,"name":"Tienda","item":"https:\/\/drasanvi.com\/fr\/tienda\/"},{"@type":"ListItem","position":3,"name":"Sananitos &#8211; LBC"}]},{"@type":"WebSite","@id":"https:\/\/drasanvi.com\/fr\/#website","url":"https:\/\/drasanvi.com\/fr\/","name":"Drasanvi Francia","description":"L\u00edder en complementos alimenticios y cosm\u00e9tica natural.","publisher":{"@id":"https:\/\/drasanvi.com\/fr\/#organization"},"potentialAction":[{"@type":"SearchAction","target":{"@type":"EntryPoint","urlTemplate":"https:\/\/drasanvi.com\/fr\/?s={search_term_string}"},"query-input":{"@type":"PropertyValueSpecification","valueRequired":true,"valueName":"search_term_string"}}],"inLanguage":"fr-FR"},{"@type":"Organization","@id":"https:\/\/drasanvi.com\/fr\/#organization","name":"Drasanvi","url":"https:\/\/drasanvi.com\/fr\/","logo":{"@type":"ImageObject","inLanguage":"fr-FR","@id":"https:\/\/drasanvi.com\/fr\/#\/schema\/logo\/image\/","url":"https:\/\/drasanvi.com\/wp-content\/uploads\/sites\/7\/2021\/07\/logo-drasanvi.png","contentUrl":"https:\/\/drasanvi.com\/wp-content\/uploads\/sites\/7\/2021\/07\/logo-drasanvi.png","width":900,"height":300,"caption":"Drasanvi"},"image":{"@id":"https:\/\/drasanvi.com\/fr\/#\/schema\/logo\/image\/"}}]}},"_links":{"self":[{"href":"https:\/\/drasanvi.com\/fr\/wp-json\/wp\/v2\/product\/13559","targetHints":{"allow":["GET"]}}],"collection":[{"href":"https:\/\/drasanvi.com\/fr\/wp-json\/wp\/v2\/product"}],"about":[{"href":"https:\/\/drasanvi.com\/fr\/wp-json\/wp\/v2\/types\/product"}],"version-history":[{"count":0,"href":"https:\/\/drasanvi.com\/fr\/wp-json\/wp\/v2\/product\/13559\/revisions"}],"wp:featuredmedia":[{"embeddable":true,"href":"https:\/\/drasanvi.com\/fr\/wp-json\/wp\/v2\/media\/20599"}],"wp:attachment":[{"href":"https:\/\/drasanvi.com\/fr\/wp-json\/wp\/v2\/media?parent=13559"}],"wp:term":[{"taxonomy":"product_cat","embeddable":true,"href":"https:\/\/drasanvi.com\/fr\/wp-json\/wp\/v2\/product_cat?post=13559"},{"taxonomy":"product_tag","embeddable":true,"href":"https:\/\/drasanvi.com\/fr\/wp-json\/wp\/v2\/product_tag?post=13559"}],"curies":[{"name":"wp","href":"https:\/\/api.w.org\/{rel}","templated":true}]}}