{"id":13535,"date":"2022-02-28T15:15:00","date_gmt":"2022-02-28T13:15:00","guid":{"rendered":"https:\/\/drasanvi.com\/fr\/?post_type=product&#038;p=13535"},"modified":"2022-03-15T14:43:07","modified_gmt":"2022-03-15T12:43:07","slug":"sananitos-crecimiento-y-apetito","status":"publish","type":"product","link":"https:\/\/drasanvi.com\/fr\/producto\/sananitos-crecimiento-y-apetito\/","title":{"rendered":"Sananitos &#8211; Crecimiento y apetito"},"content":{"rendered":"<h2>Ingredientes<\/h2>\n<p>ingredientes cantitdad\/dosis d\u00eda Fructooligosacaridos 500 mg Extracto seco Mejorana Origanum majorana 260 mg Jalea Real Liofilizada Ratio 3:1Con aporte en Omega 3 en forma de 10-HDA 200 mg.8 mg Extracto Glicerinado Polen 200 mg Extracto Seco Acerola Malpighia glabra (L.)Con aporte en Vitamina C 112 mg.56 mg Extracto Seco Cilantro Coriandrum sativum (L) 62,4 mg Extracto Seco Berro Nasturtium officinale R. Brown 25 mg Vitamina C En forma de \u00c1cido Asc\u00f3rbico .24 mg Gluconato de Manganeso Con aporte en Manganeso 5,28 mg0,6 mg Vitamina B3 En forma de Nicotinamida .4,8 mg Vitamina B5 En forma de D-Pantotetato C\u00e1lcico .1,8 mg Vitamina B2 En forma de Rivoflavina .0,42 mg Vitamina B6 En forma de Clorhidrato de Piroxidina .0,42 mg Vitamina B1 En forma de Clorhidrato de Tiamina .0,33 mg Vitamina B9 En forma de \u00c1cido pteroilmonoglut\u00e1mico .60 \u00b5g Biotina En forma de D-biotina .15 \u00b5g Vitamina B12 En forma de Cianocobalamina .0,75 \u00b5g Otros Ingredientes: Agua, Az\u00facar Integral de ca\u00f1a, Goma Xantana, Aroma de Pl\u00e1tano, Sorbato Pot\u00e1sico y \u00c1cido C\u00edtrico<\/p>\n<h2>Modo de uso<\/h2>\n<p>A partir de 3 a\u00f1os. Tomar 20 ml, dos cucharadas en una sola toma al d\u00eda o bien se puede repartir en dos tomas, una cucharada de 10 ml antes de la comida y otra cucharada de 10 ml antes de la cena. Puede tomarse solo o disuelto en alg\u00fan otro l\u00edquido.<\/p>\n<h3>Presentaci\u00f3n<\/h3>\n<p>L\u00edquido contenido en un envase de 150 ml. (5,25 fl oz)<\/p>\n<h3>Advertencias<\/h3>\n<p>Complemento alimenticio a base de plantas, vitaminas y minerales.Los complementos alimenticios no deben utilizarse como sustituto de una dieta equilibrada. No superar la dosis diaria expresamente recomendada. Mantener fuera del alcance de los ni\u00f1os m\u00e1s peque\u00f1os. Conservar en un lugar fresco y seco.<\/p>\n<h2>Informaci\u00f3n adicional<\/h2>\n<p>ingredientes descripcion mg\/dosis d\u00eda Agua \u00a0 20.000 mg \u00c1zucar integral de ca\u00f1a \u00a0 3.000 mg Fructooligosacaridos \u00a0 500 mg Extrato seco Mejorana (Origanum majorana) 260 mg Jalea Real Liofilizada Ratio 3:1 (10-HDA 4%) 200 mg Extracto Glicerinado de Polen (Ratio 1:1) 200 mg Extracto Seco Acerola (Malpighia glabra (L.), Vitamina C 50%) 112 mg Extracto Seco Cilantro (Coriandrum sativum (L), ratio 5:1) 62,4 mg Espesante (Goma xantana) 44 mg Aroma\u00a0 (Aroma de pl\u00e1tano) 40 mg Conservador (Sorbato pot\u00e1sico) 40 mg Extrato seco Berro (Nasturtium officinale R. Brown, Ratio 4:1) 25 mg Vitamina C (\u00c1cido Asc\u00f3rbico) 24 mg Acidulante (\u00c1cido c\u00edtrico) 12 mg Gluconato de Manganeso (Manganeso 11,36%) 5,28 mg Vitamina B3 (Nicotinamida) 4,8 mg Vitamina B5 (D-Pantotetato C\u00e1lcico) 1,8 mg Vitamina B2 (Riboflavina) 0,42 mg Vitamina B6 (Clorhidrato de Piroxidina) 0,42 mg Vitamina B1 (Clorhidrato de Tiamina) 0,33 mg Vitamina B9 (\u00c1cido pteroilmonoglut\u00e1mico) 60 \u00b5g Biotina (D-biotina) 15 \u00b5g Vitamina B12 (Cianocobalamina) 0,75 \u00b5g<\/p>\n<p>Vitamina C 100% 80 mg Manganeso 30% 0,6 mg Vitamina B3 30% 4,8 mg Vitamina B5 30% 1,8 mg Vitamina B2 30% 0,42 mg Vitamina B6 30% 0,42 mg Vitamina B1 30% 0,33 mg Vitamina B9 30% 60 \u00b5g Vitamina B12 30% 0,75 \u00b5g Biotina 30% 15 \u00b5g<\/p>\n","protected":false},"excerpt":{"rendered":"<p>La Acerola crece, de forma salvaje, en Am\u00e9rica Central, las Antillas y en las zonas tropicales h\u00famedas de Sudam\u00e9rica. Se trata de uno de los frutos con mayor contenido en Vitamina C. Tambi\u00e9n es rica en Vitamina B6, Vitamina B1, Vitamina A, flavonoides y minerales esenciales como Hierro, Calcio, F\u00f3sforo, Potasio y Magnesio.El Cilantro\u00a0\u00a0es de uso com\u00fan en la cocina mediterr\u00e1nea, \u00c1merica del Sur y Sudeste asi\u00e1tico. Todas las partes de la planta son comestibles, pero generalmente, se usan las hojas frescas y las semillas secas.El Berro\u00a0 es una planta perenne com\u00fan en arroyos, torrentes de aguas claras y pantanos, originaria de Europa y Asia Central. Se considera uno de los vegetales m\u00e1s antiguos consumidos por el ser humano.El Manganeso, la Tiamina, la Riboflavina, el \u00c1cido pantot\u00e9nico, la Vitamina B6, la Biotina, la Vitamina B12 y la Vitamina B3 \u00a0contribuyen al metabolismo energ\u00e9tico normal.<br \/>\n<a id=\"boton-ficha\" href=\"https:\/\/panel.drasanvi.com\/fichas\/1\/032050296\" target=\"_blank\" rel=\"noopener\">Ficha t\u00e9cnica<\/a><\/p>\n","protected":false},"featured_media":20593,"template":"","meta":{"inline_featured_image":false},"product_cat":[102,108],"product_tag":[],"class_list":["post-13535","product","type-product","status-publish","has-post-thumbnail","hentry","product_cat-jalea-real","product_cat-ninos","pa_contiene-altramuces-no","pa_contiene-apio-no","pa_contiene-cacahuetes-no","pa_contiene-crustaceos-no","pa_contiene-frutos-secos-no","pa_contiene-huevo-no","pa_contiene-leche-no","pa_contiene-moluscos-no","pa_contiene-mostaza-no","pa_contiene-pescado-no","pa_contiene-sesamo-no","pa_contiene-soja-no","pa_producto-bio-no","pa_producto-sin-gluten-si","pa_producto-vegano-no","pa_producto-vegetariano-si"],"yoast_head":"<!-- This site is optimized with the Yoast SEO plugin v27.5 - https:\/\/yoast.com\/product\/yoast-seo-wordpress\/ -->\n<title>Sananitos - Crecimiento y apetito - Drasanvi Francia<\/title>\n<meta name=\"robots\" content=\"index, follow, max-snippet:-1, max-image-preview:large, max-video-preview:-1\" \/>\n<link rel=\"canonical\" href=\"https:\/\/drasanvi.com\/fr\/producto\/sananitos-crecimiento-y-apetito\/\" \/>\n<meta property=\"og:locale\" content=\"fr_FR\" \/>\n<meta property=\"og:type\" content=\"article\" \/>\n<meta property=\"og:title\" content=\"Sananitos - Crecimiento y apetito - Drasanvi Francia\" \/>\n<meta property=\"og:description\" content=\"La Acerola crece, de forma salvaje, en Am\u00e9rica Central, las Antillas y en las zonas tropicales h\u00famedas de Sudam\u00e9rica. Se trata de uno de los frutos con mayor contenido en Vitamina C. Tambi\u00e9n es rica en Vitamina B6, Vitamina B1, Vitamina A, flavonoides y minerales esenciales como Hierro, Calcio, F\u00f3sforo, Potasio y Magnesio.El Cilantro\u00a0\u00a0es de uso com\u00fan en la cocina mediterr\u00e1nea, \u00c1merica del Sur y Sudeste asi\u00e1tico. Todas las partes de la planta son comestibles, pero generalmente, se usan las hojas frescas y las semillas secas.El Berro\u00a0 es una planta perenne com\u00fan en arroyos, torrentes de aguas claras y pantanos, originaria de Europa y Asia Central. Se considera uno de los vegetales m\u00e1s antiguos consumidos por el ser humano.El Manganeso, la Tiamina, la Riboflavina, el \u00c1cido pantot\u00e9nico, la Vitamina B6, la Biotina, la Vitamina B12 y la Vitamina B3 \u00a0contribuyen al metabolismo energ\u00e9tico normal. Ficha t\u00e9cnica\" \/>\n<meta property=\"og:url\" content=\"https:\/\/drasanvi.com\/fr\/producto\/sananitos-crecimiento-y-apetito\/\" \/>\n<meta property=\"og:site_name\" content=\"Drasanvi Francia\" \/>\n<meta property=\"article:modified_time\" content=\"2022-03-15T12:43:07+00:00\" \/>\n<meta property=\"og:image\" content=\"https:\/\/drasanvi.com\/wp-content\/uploads\/sites\/7\/2022\/02\/032050296.png\" \/>\n\t<meta property=\"og:image:width\" content=\"1000\" \/>\n\t<meta property=\"og:image:height\" content=\"1000\" \/>\n\t<meta property=\"og:image:type\" content=\"image\/png\" \/>\n<meta name=\"twitter:card\" content=\"summary_large_image\" \/>\n<script type=\"application\/ld+json\" class=\"yoast-schema-graph\">{\"@context\":\"https:\\\/\\\/schema.org\",\"@graph\":[{\"@type\":\"WebPage\",\"@id\":\"https:\\\/\\\/drasanvi.com\\\/fr\\\/producto\\\/sananitos-crecimiento-y-apetito\\\/\",\"url\":\"https:\\\/\\\/drasanvi.com\\\/fr\\\/producto\\\/sananitos-crecimiento-y-apetito\\\/\",\"name\":\"Sananitos - Crecimiento y apetito - Drasanvi Francia\",\"isPartOf\":{\"@id\":\"https:\\\/\\\/drasanvi.com\\\/fr\\\/#website\"},\"primaryImageOfPage\":{\"@id\":\"https:\\\/\\\/drasanvi.com\\\/fr\\\/producto\\\/sananitos-crecimiento-y-apetito\\\/#primaryimage\"},\"image\":{\"@id\":\"https:\\\/\\\/drasanvi.com\\\/fr\\\/producto\\\/sananitos-crecimiento-y-apetito\\\/#primaryimage\"},\"thumbnailUrl\":\"https:\\\/\\\/drasanvi.com\\\/fr\\\/wp-content\\\/uploads\\\/sites\\\/7\\\/2022\\\/02\\\/032050296.png\",\"datePublished\":\"2022-02-28T13:15:00+00:00\",\"dateModified\":\"2022-03-15T12:43:07+00:00\",\"breadcrumb\":{\"@id\":\"https:\\\/\\\/drasanvi.com\\\/fr\\\/producto\\\/sananitos-crecimiento-y-apetito\\\/#breadcrumb\"},\"inLanguage\":\"fr-FR\",\"potentialAction\":[{\"@type\":\"ReadAction\",\"target\":[\"https:\\\/\\\/drasanvi.com\\\/fr\\\/producto\\\/sananitos-crecimiento-y-apetito\\\/\"]}]},{\"@type\":\"ImageObject\",\"inLanguage\":\"fr-FR\",\"@id\":\"https:\\\/\\\/drasanvi.com\\\/fr\\\/producto\\\/sananitos-crecimiento-y-apetito\\\/#primaryimage\",\"url\":\"https:\\\/\\\/drasanvi.com\\\/fr\\\/wp-content\\\/uploads\\\/sites\\\/7\\\/2022\\\/02\\\/032050296.png\",\"contentUrl\":\"https:\\\/\\\/drasanvi.com\\\/fr\\\/wp-content\\\/uploads\\\/sites\\\/7\\\/2022\\\/02\\\/032050296.png\",\"width\":1000,\"height\":1000},{\"@type\":\"BreadcrumbList\",\"@id\":\"https:\\\/\\\/drasanvi.com\\\/fr\\\/producto\\\/sananitos-crecimiento-y-apetito\\\/#breadcrumb\",\"itemListElement\":[{\"@type\":\"ListItem\",\"position\":1,\"name\":\"Portada\",\"item\":\"https:\\\/\\\/drasanvi.com\\\/fr\\\/\"},{\"@type\":\"ListItem\",\"position\":2,\"name\":\"Tienda\",\"item\":\"https:\\\/\\\/drasanvi.com\\\/fr\\\/tienda\\\/\"},{\"@type\":\"ListItem\",\"position\":3,\"name\":\"Sananitos &#8211; Crecimiento y apetito\"}]},{\"@type\":\"WebSite\",\"@id\":\"https:\\\/\\\/drasanvi.com\\\/fr\\\/#website\",\"url\":\"https:\\\/\\\/drasanvi.com\\\/fr\\\/\",\"name\":\"Drasanvi Francia\",\"description\":\"L\u00edder en complementos alimenticios y cosm\u00e9tica natural.\",\"publisher\":{\"@id\":\"https:\\\/\\\/drasanvi.com\\\/fr\\\/#organization\"},\"potentialAction\":[{\"@type\":\"SearchAction\",\"target\":{\"@type\":\"EntryPoint\",\"urlTemplate\":\"https:\\\/\\\/drasanvi.com\\\/fr\\\/?s={search_term_string}\"},\"query-input\":{\"@type\":\"PropertyValueSpecification\",\"valueRequired\":true,\"valueName\":\"search_term_string\"}}],\"inLanguage\":\"fr-FR\"},{\"@type\":\"Organization\",\"@id\":\"https:\\\/\\\/drasanvi.com\\\/fr\\\/#organization\",\"name\":\"Drasanvi\",\"url\":\"https:\\\/\\\/drasanvi.com\\\/fr\\\/\",\"logo\":{\"@type\":\"ImageObject\",\"inLanguage\":\"fr-FR\",\"@id\":\"https:\\\/\\\/drasanvi.com\\\/fr\\\/#\\\/schema\\\/logo\\\/image\\\/\",\"url\":\"https:\\\/\\\/drasanvi.com\\\/wp-content\\\/uploads\\\/sites\\\/7\\\/2021\\\/07\\\/logo-drasanvi.png\",\"contentUrl\":\"https:\\\/\\\/drasanvi.com\\\/wp-content\\\/uploads\\\/sites\\\/7\\\/2021\\\/07\\\/logo-drasanvi.png\",\"width\":900,\"height\":300,\"caption\":\"Drasanvi\"},\"image\":{\"@id\":\"https:\\\/\\\/drasanvi.com\\\/fr\\\/#\\\/schema\\\/logo\\\/image\\\/\"}}]}<\/script>\n<!-- \/ Yoast SEO plugin. -->","yoast_head_json":{"title":"Sananitos - Crecimiento y apetito - Drasanvi Francia","robots":{"index":"index","follow":"follow","max-snippet":"max-snippet:-1","max-image-preview":"max-image-preview:large","max-video-preview":"max-video-preview:-1"},"canonical":"https:\/\/drasanvi.com\/fr\/producto\/sananitos-crecimiento-y-apetito\/","og_locale":"fr_FR","og_type":"article","og_title":"Sananitos - Crecimiento y apetito - Drasanvi Francia","og_description":"La Acerola crece, de forma salvaje, en Am\u00e9rica Central, las Antillas y en las zonas tropicales h\u00famedas de Sudam\u00e9rica. Se trata de uno de los frutos con mayor contenido en Vitamina C. Tambi\u00e9n es rica en Vitamina B6, Vitamina B1, Vitamina A, flavonoides y minerales esenciales como Hierro, Calcio, F\u00f3sforo, Potasio y Magnesio.El Cilantro\u00a0\u00a0es de uso com\u00fan en la cocina mediterr\u00e1nea, \u00c1merica del Sur y Sudeste asi\u00e1tico. Todas las partes de la planta son comestibles, pero generalmente, se usan las hojas frescas y las semillas secas.El Berro\u00a0 es una planta perenne com\u00fan en arroyos, torrentes de aguas claras y pantanos, originaria de Europa y Asia Central. Se considera uno de los vegetales m\u00e1s antiguos consumidos por el ser humano.El Manganeso, la Tiamina, la Riboflavina, el \u00c1cido pantot\u00e9nico, la Vitamina B6, la Biotina, la Vitamina B12 y la Vitamina B3 \u00a0contribuyen al metabolismo energ\u00e9tico normal. Ficha t\u00e9cnica","og_url":"https:\/\/drasanvi.com\/fr\/producto\/sananitos-crecimiento-y-apetito\/","og_site_name":"Drasanvi Francia","article_modified_time":"2022-03-15T12:43:07+00:00","og_image":[{"width":1000,"height":1000,"url":"https:\/\/drasanvi.com\/wp-content\/uploads\/sites\/7\/2022\/02\/032050296.png","type":"image\/png"}],"twitter_card":"summary_large_image","schema":{"@context":"https:\/\/schema.org","@graph":[{"@type":"WebPage","@id":"https:\/\/drasanvi.com\/fr\/producto\/sananitos-crecimiento-y-apetito\/","url":"https:\/\/drasanvi.com\/fr\/producto\/sananitos-crecimiento-y-apetito\/","name":"Sananitos - Crecimiento y apetito - Drasanvi Francia","isPartOf":{"@id":"https:\/\/drasanvi.com\/fr\/#website"},"primaryImageOfPage":{"@id":"https:\/\/drasanvi.com\/fr\/producto\/sananitos-crecimiento-y-apetito\/#primaryimage"},"image":{"@id":"https:\/\/drasanvi.com\/fr\/producto\/sananitos-crecimiento-y-apetito\/#primaryimage"},"thumbnailUrl":"https:\/\/drasanvi.com\/fr\/wp-content\/uploads\/sites\/7\/2022\/02\/032050296.png","datePublished":"2022-02-28T13:15:00+00:00","dateModified":"2022-03-15T12:43:07+00:00","breadcrumb":{"@id":"https:\/\/drasanvi.com\/fr\/producto\/sananitos-crecimiento-y-apetito\/#breadcrumb"},"inLanguage":"fr-FR","potentialAction":[{"@type":"ReadAction","target":["https:\/\/drasanvi.com\/fr\/producto\/sananitos-crecimiento-y-apetito\/"]}]},{"@type":"ImageObject","inLanguage":"fr-FR","@id":"https:\/\/drasanvi.com\/fr\/producto\/sananitos-crecimiento-y-apetito\/#primaryimage","url":"https:\/\/drasanvi.com\/fr\/wp-content\/uploads\/sites\/7\/2022\/02\/032050296.png","contentUrl":"https:\/\/drasanvi.com\/fr\/wp-content\/uploads\/sites\/7\/2022\/02\/032050296.png","width":1000,"height":1000},{"@type":"BreadcrumbList","@id":"https:\/\/drasanvi.com\/fr\/producto\/sananitos-crecimiento-y-apetito\/#breadcrumb","itemListElement":[{"@type":"ListItem","position":1,"name":"Portada","item":"https:\/\/drasanvi.com\/fr\/"},{"@type":"ListItem","position":2,"name":"Tienda","item":"https:\/\/drasanvi.com\/fr\/tienda\/"},{"@type":"ListItem","position":3,"name":"Sananitos &#8211; Crecimiento y apetito"}]},{"@type":"WebSite","@id":"https:\/\/drasanvi.com\/fr\/#website","url":"https:\/\/drasanvi.com\/fr\/","name":"Drasanvi Francia","description":"L\u00edder en complementos alimenticios y cosm\u00e9tica natural.","publisher":{"@id":"https:\/\/drasanvi.com\/fr\/#organization"},"potentialAction":[{"@type":"SearchAction","target":{"@type":"EntryPoint","urlTemplate":"https:\/\/drasanvi.com\/fr\/?s={search_term_string}"},"query-input":{"@type":"PropertyValueSpecification","valueRequired":true,"valueName":"search_term_string"}}],"inLanguage":"fr-FR"},{"@type":"Organization","@id":"https:\/\/drasanvi.com\/fr\/#organization","name":"Drasanvi","url":"https:\/\/drasanvi.com\/fr\/","logo":{"@type":"ImageObject","inLanguage":"fr-FR","@id":"https:\/\/drasanvi.com\/fr\/#\/schema\/logo\/image\/","url":"https:\/\/drasanvi.com\/wp-content\/uploads\/sites\/7\/2021\/07\/logo-drasanvi.png","contentUrl":"https:\/\/drasanvi.com\/wp-content\/uploads\/sites\/7\/2021\/07\/logo-drasanvi.png","width":900,"height":300,"caption":"Drasanvi"},"image":{"@id":"https:\/\/drasanvi.com\/fr\/#\/schema\/logo\/image\/"}}]}},"_links":{"self":[{"href":"https:\/\/drasanvi.com\/fr\/wp-json\/wp\/v2\/product\/13535","targetHints":{"allow":["GET"]}}],"collection":[{"href":"https:\/\/drasanvi.com\/fr\/wp-json\/wp\/v2\/product"}],"about":[{"href":"https:\/\/drasanvi.com\/fr\/wp-json\/wp\/v2\/types\/product"}],"version-history":[{"count":0,"href":"https:\/\/drasanvi.com\/fr\/wp-json\/wp\/v2\/product\/13535\/revisions"}],"wp:featuredmedia":[{"embeddable":true,"href":"https:\/\/drasanvi.com\/fr\/wp-json\/wp\/v2\/media\/20593"}],"wp:attachment":[{"href":"https:\/\/drasanvi.com\/fr\/wp-json\/wp\/v2\/media?parent=13535"}],"wp:term":[{"taxonomy":"product_cat","embeddable":true,"href":"https:\/\/drasanvi.com\/fr\/wp-json\/wp\/v2\/product_cat?post=13535"},{"taxonomy":"product_tag","embeddable":true,"href":"https:\/\/drasanvi.com\/fr\/wp-json\/wp\/v2\/product_tag?post=13535"}],"curies":[{"name":"wp","href":"https:\/\/api.w.org\/{rel}","templated":true}]}}