{"id":13459,"date":"2021-08-04T11:20:20","date_gmt":"2021-08-04T09:20:20","guid":{"rendered":"https:\/\/drasanvi.com\/fr\/?post_type=product&#038;p=13459"},"modified":"2022-03-10T14:13:20","modified_gmt":"2022-03-10T12:13:20","slug":"l-glutamina-sabor-sandia-sport-live-300-g","status":"publish","type":"product","link":"https:\/\/drasanvi.com\/fr\/producto\/l-glutamina-sabor-sandia-sport-live-300-g\/","title":{"rendered":"L-Glutamina Sabor Sandia Sport Live 300 g"},"content":{"rendered":"<div class=\"table-responsive\">\n<table>\n<tbody>\n<tr>\n<td>Ingredientes<\/td>\n<td>mg \/ Dosis diaria<\/td>\n<\/tr>\n<tr>\n<td><strong>L-Glutamina Kyowa<\/strong><\/td>\n<td><strong>8697,2mg <\/strong><\/td>\n<\/tr>\n<tr>\n<td><strong>Otros Ingredientes: <\/strong>Aroma de sand\u00eda, sucralosa y remolacha<\/td>\n<\/tr>\n<\/tbody>\n<\/table>\n<p>Sin conservantes ni az\u00facares a\u00f1adidos.<\/p>\n<\/div>\n","protected":false},"excerpt":{"rendered":"<p>La L- Glutamina es un amino\u00e1cido no esencial. Es decir, nuestro cuerpo es capaz de sintetizarlo aunque, en determinadas situaciones,el organismo puede necesitar m\u00e1s cantidad y ser dependiente del aporte nutricionalLa L-Glutamina entra a formar parte de diversas prote\u00ednas, las cuales son esenciales para nuestro organismo: entran a formar parte de los m\u00fasculos o forman parte del sistema inmunitario.Nuestra L-Glutamina se encuentran de forma libre, al igual que en nuestro organismo.Utilizamos Glutamina de marca Kyowa,  una marca que une calidad e innovaci\u00f3n en sus procesos de fabricaci\u00f3n.<br \/>\nn<br \/>\nn<br \/>\nn<br \/>\nn<br \/>\nn<br \/>\nn<br \/>\nn<\/p>\n","protected":false},"featured_media":13465,"template":"","meta":{"inline_featured_image":false},"product_cat":[97],"product_tag":[],"class_list":["post-13459","product","type-product","status-publish","has-post-thumbnail","hentry","product_cat-deporte"],"yoast_head":"<!-- This site is optimized with the Yoast SEO plugin v27.4 - https:\/\/yoast.com\/product\/yoast-seo-wordpress\/ -->\n<title>L-Glutamina Sabor Sandia Sport Live 300 g - Drasanvi Francia<\/title>\n<meta name=\"robots\" content=\"index, follow, max-snippet:-1, max-image-preview:large, max-video-preview:-1\" \/>\n<link rel=\"canonical\" href=\"https:\/\/drasanvi.com\/fr\/producto\/l-glutamina-sabor-sandia-sport-live-300-g\/\" \/>\n<meta property=\"og:locale\" content=\"fr_FR\" \/>\n<meta property=\"og:type\" content=\"article\" \/>\n<meta property=\"og:title\" content=\"L-Glutamina Sabor Sandia Sport Live 300 g - Drasanvi Francia\" \/>\n<meta property=\"og:description\" content=\"La L- Glutamina es un amino\u00e1cido no esencial. Es decir, nuestro cuerpo es capaz de sintetizarlo aunque, en determinadas situaciones,el organismo puede necesitar m\u00e1s cantidad y ser dependiente del aporte nutricionalLa L-Glutamina entra a formar parte de diversas prote\u00ednas, las cuales son esenciales para nuestro organismo: entran a formar parte de los m\u00fasculos o forman parte del sistema inmunitario.Nuestra L-Glutamina se encuentran de forma libre, al igual que en nuestro organismo.Utilizamos Glutamina de marca Kyowa, una marca que une calidad e innovaci\u00f3n en sus procesos de fabricaci\u00f3n. n n n n n n n\" \/>\n<meta property=\"og:url\" content=\"https:\/\/drasanvi.com\/fr\/producto\/l-glutamina-sabor-sandia-sport-live-300-g\/\" \/>\n<meta property=\"og:site_name\" content=\"Drasanvi Francia\" \/>\n<meta property=\"article:modified_time\" content=\"2022-03-10T12:13:20+00:00\" \/>\n<meta property=\"og:image\" content=\"https:\/\/drasanvi.com\/wp-content\/uploads\/sites\/7\/2021\/08\/l-glutamina-sabor-sandia-sport-live-300-g.png\" \/>\n\t<meta property=\"og:image:width\" content=\"1000\" \/>\n\t<meta property=\"og:image:height\" content=\"1000\" \/>\n\t<meta property=\"og:image:type\" content=\"image\/png\" \/>\n<meta name=\"twitter:card\" content=\"summary_large_image\" \/>\n<script type=\"application\/ld+json\" class=\"yoast-schema-graph\">{\"@context\":\"https:\\\/\\\/schema.org\",\"@graph\":[{\"@type\":\"WebPage\",\"@id\":\"https:\\\/\\\/drasanvi.com\\\/fr\\\/producto\\\/l-glutamina-sabor-sandia-sport-live-300-g\\\/\",\"url\":\"https:\\\/\\\/drasanvi.com\\\/fr\\\/producto\\\/l-glutamina-sabor-sandia-sport-live-300-g\\\/\",\"name\":\"L-Glutamina Sabor Sandia Sport Live 300 g - Drasanvi Francia\",\"isPartOf\":{\"@id\":\"https:\\\/\\\/drasanvi.com\\\/fr\\\/#website\"},\"primaryImageOfPage\":{\"@id\":\"https:\\\/\\\/drasanvi.com\\\/fr\\\/producto\\\/l-glutamina-sabor-sandia-sport-live-300-g\\\/#primaryimage\"},\"image\":{\"@id\":\"https:\\\/\\\/drasanvi.com\\\/fr\\\/producto\\\/l-glutamina-sabor-sandia-sport-live-300-g\\\/#primaryimage\"},\"thumbnailUrl\":\"https:\\\/\\\/drasanvi.com\\\/fr\\\/wp-content\\\/uploads\\\/sites\\\/7\\\/2021\\\/08\\\/l-glutamina-sabor-sandia-sport-live-300-g.png\",\"datePublished\":\"2021-08-04T09:20:20+00:00\",\"dateModified\":\"2022-03-10T12:13:20+00:00\",\"breadcrumb\":{\"@id\":\"https:\\\/\\\/drasanvi.com\\\/fr\\\/producto\\\/l-glutamina-sabor-sandia-sport-live-300-g\\\/#breadcrumb\"},\"inLanguage\":\"fr-FR\",\"potentialAction\":[{\"@type\":\"ReadAction\",\"target\":[\"https:\\\/\\\/drasanvi.com\\\/fr\\\/producto\\\/l-glutamina-sabor-sandia-sport-live-300-g\\\/\"]}]},{\"@type\":\"ImageObject\",\"inLanguage\":\"fr-FR\",\"@id\":\"https:\\\/\\\/drasanvi.com\\\/fr\\\/producto\\\/l-glutamina-sabor-sandia-sport-live-300-g\\\/#primaryimage\",\"url\":\"https:\\\/\\\/drasanvi.com\\\/fr\\\/wp-content\\\/uploads\\\/sites\\\/7\\\/2021\\\/08\\\/l-glutamina-sabor-sandia-sport-live-300-g.png\",\"contentUrl\":\"https:\\\/\\\/drasanvi.com\\\/fr\\\/wp-content\\\/uploads\\\/sites\\\/7\\\/2021\\\/08\\\/l-glutamina-sabor-sandia-sport-live-300-g.png\",\"width\":1000,\"height\":1000,\"caption\":\"L-Glutamina Sabor Sandia Sport Live 300 g\"},{\"@type\":\"BreadcrumbList\",\"@id\":\"https:\\\/\\\/drasanvi.com\\\/fr\\\/producto\\\/l-glutamina-sabor-sandia-sport-live-300-g\\\/#breadcrumb\",\"itemListElement\":[{\"@type\":\"ListItem\",\"position\":1,\"name\":\"Portada\",\"item\":\"https:\\\/\\\/drasanvi.com\\\/fr\\\/\"},{\"@type\":\"ListItem\",\"position\":2,\"name\":\"Tienda\",\"item\":\"https:\\\/\\\/drasanvi.com\\\/fr\\\/tienda\\\/\"},{\"@type\":\"ListItem\",\"position\":3,\"name\":\"L-Glutamina Sabor Sandia Sport Live 300 g\"}]},{\"@type\":\"WebSite\",\"@id\":\"https:\\\/\\\/drasanvi.com\\\/fr\\\/#website\",\"url\":\"https:\\\/\\\/drasanvi.com\\\/fr\\\/\",\"name\":\"Drasanvi Francia\",\"description\":\"L\u00edder en complementos alimenticios y cosm\u00e9tica natural.\",\"publisher\":{\"@id\":\"https:\\\/\\\/drasanvi.com\\\/fr\\\/#organization\"},\"potentialAction\":[{\"@type\":\"SearchAction\",\"target\":{\"@type\":\"EntryPoint\",\"urlTemplate\":\"https:\\\/\\\/drasanvi.com\\\/fr\\\/?s={search_term_string}\"},\"query-input\":{\"@type\":\"PropertyValueSpecification\",\"valueRequired\":true,\"valueName\":\"search_term_string\"}}],\"inLanguage\":\"fr-FR\"},{\"@type\":\"Organization\",\"@id\":\"https:\\\/\\\/drasanvi.com\\\/fr\\\/#organization\",\"name\":\"Drasanvi\",\"url\":\"https:\\\/\\\/drasanvi.com\\\/fr\\\/\",\"logo\":{\"@type\":\"ImageObject\",\"inLanguage\":\"fr-FR\",\"@id\":\"https:\\\/\\\/drasanvi.com\\\/fr\\\/#\\\/schema\\\/logo\\\/image\\\/\",\"url\":\"https:\\\/\\\/drasanvi.com\\\/wp-content\\\/uploads\\\/sites\\\/7\\\/2021\\\/07\\\/logo-drasanvi.png\",\"contentUrl\":\"https:\\\/\\\/drasanvi.com\\\/wp-content\\\/uploads\\\/sites\\\/7\\\/2021\\\/07\\\/logo-drasanvi.png\",\"width\":900,\"height\":300,\"caption\":\"Drasanvi\"},\"image\":{\"@id\":\"https:\\\/\\\/drasanvi.com\\\/fr\\\/#\\\/schema\\\/logo\\\/image\\\/\"}}]}<\/script>\n<!-- \/ Yoast SEO plugin. -->","yoast_head_json":{"title":"L-Glutamina Sabor Sandia Sport Live 300 g - Drasanvi Francia","robots":{"index":"index","follow":"follow","max-snippet":"max-snippet:-1","max-image-preview":"max-image-preview:large","max-video-preview":"max-video-preview:-1"},"canonical":"https:\/\/drasanvi.com\/fr\/producto\/l-glutamina-sabor-sandia-sport-live-300-g\/","og_locale":"fr_FR","og_type":"article","og_title":"L-Glutamina Sabor Sandia Sport Live 300 g - Drasanvi Francia","og_description":"La L- Glutamina es un amino\u00e1cido no esencial. Es decir, nuestro cuerpo es capaz de sintetizarlo aunque, en determinadas situaciones,el organismo puede necesitar m\u00e1s cantidad y ser dependiente del aporte nutricionalLa L-Glutamina entra a formar parte de diversas prote\u00ednas, las cuales son esenciales para nuestro organismo: entran a formar parte de los m\u00fasculos o forman parte del sistema inmunitario.Nuestra L-Glutamina se encuentran de forma libre, al igual que en nuestro organismo.Utilizamos Glutamina de marca Kyowa, una marca que une calidad e innovaci\u00f3n en sus procesos de fabricaci\u00f3n. n n n n n n n","og_url":"https:\/\/drasanvi.com\/fr\/producto\/l-glutamina-sabor-sandia-sport-live-300-g\/","og_site_name":"Drasanvi Francia","article_modified_time":"2022-03-10T12:13:20+00:00","og_image":[{"width":1000,"height":1000,"url":"https:\/\/drasanvi.com\/wp-content\/uploads\/sites\/7\/2021\/08\/l-glutamina-sabor-sandia-sport-live-300-g.png","type":"image\/png"}],"twitter_card":"summary_large_image","schema":{"@context":"https:\/\/schema.org","@graph":[{"@type":"WebPage","@id":"https:\/\/drasanvi.com\/fr\/producto\/l-glutamina-sabor-sandia-sport-live-300-g\/","url":"https:\/\/drasanvi.com\/fr\/producto\/l-glutamina-sabor-sandia-sport-live-300-g\/","name":"L-Glutamina Sabor Sandia Sport Live 300 g - Drasanvi Francia","isPartOf":{"@id":"https:\/\/drasanvi.com\/fr\/#website"},"primaryImageOfPage":{"@id":"https:\/\/drasanvi.com\/fr\/producto\/l-glutamina-sabor-sandia-sport-live-300-g\/#primaryimage"},"image":{"@id":"https:\/\/drasanvi.com\/fr\/producto\/l-glutamina-sabor-sandia-sport-live-300-g\/#primaryimage"},"thumbnailUrl":"https:\/\/drasanvi.com\/fr\/wp-content\/uploads\/sites\/7\/2021\/08\/l-glutamina-sabor-sandia-sport-live-300-g.png","datePublished":"2021-08-04T09:20:20+00:00","dateModified":"2022-03-10T12:13:20+00:00","breadcrumb":{"@id":"https:\/\/drasanvi.com\/fr\/producto\/l-glutamina-sabor-sandia-sport-live-300-g\/#breadcrumb"},"inLanguage":"fr-FR","potentialAction":[{"@type":"ReadAction","target":["https:\/\/drasanvi.com\/fr\/producto\/l-glutamina-sabor-sandia-sport-live-300-g\/"]}]},{"@type":"ImageObject","inLanguage":"fr-FR","@id":"https:\/\/drasanvi.com\/fr\/producto\/l-glutamina-sabor-sandia-sport-live-300-g\/#primaryimage","url":"https:\/\/drasanvi.com\/fr\/wp-content\/uploads\/sites\/7\/2021\/08\/l-glutamina-sabor-sandia-sport-live-300-g.png","contentUrl":"https:\/\/drasanvi.com\/fr\/wp-content\/uploads\/sites\/7\/2021\/08\/l-glutamina-sabor-sandia-sport-live-300-g.png","width":1000,"height":1000,"caption":"L-Glutamina Sabor Sandia Sport Live 300 g"},{"@type":"BreadcrumbList","@id":"https:\/\/drasanvi.com\/fr\/producto\/l-glutamina-sabor-sandia-sport-live-300-g\/#breadcrumb","itemListElement":[{"@type":"ListItem","position":1,"name":"Portada","item":"https:\/\/drasanvi.com\/fr\/"},{"@type":"ListItem","position":2,"name":"Tienda","item":"https:\/\/drasanvi.com\/fr\/tienda\/"},{"@type":"ListItem","position":3,"name":"L-Glutamina Sabor Sandia Sport Live 300 g"}]},{"@type":"WebSite","@id":"https:\/\/drasanvi.com\/fr\/#website","url":"https:\/\/drasanvi.com\/fr\/","name":"Drasanvi Francia","description":"L\u00edder en complementos alimenticios y cosm\u00e9tica natural.","publisher":{"@id":"https:\/\/drasanvi.com\/fr\/#organization"},"potentialAction":[{"@type":"SearchAction","target":{"@type":"EntryPoint","urlTemplate":"https:\/\/drasanvi.com\/fr\/?s={search_term_string}"},"query-input":{"@type":"PropertyValueSpecification","valueRequired":true,"valueName":"search_term_string"}}],"inLanguage":"fr-FR"},{"@type":"Organization","@id":"https:\/\/drasanvi.com\/fr\/#organization","name":"Drasanvi","url":"https:\/\/drasanvi.com\/fr\/","logo":{"@type":"ImageObject","inLanguage":"fr-FR","@id":"https:\/\/drasanvi.com\/fr\/#\/schema\/logo\/image\/","url":"https:\/\/drasanvi.com\/wp-content\/uploads\/sites\/7\/2021\/07\/logo-drasanvi.png","contentUrl":"https:\/\/drasanvi.com\/wp-content\/uploads\/sites\/7\/2021\/07\/logo-drasanvi.png","width":900,"height":300,"caption":"Drasanvi"},"image":{"@id":"https:\/\/drasanvi.com\/fr\/#\/schema\/logo\/image\/"}}]}},"_links":{"self":[{"href":"https:\/\/drasanvi.com\/fr\/wp-json\/wp\/v2\/product\/13459","targetHints":{"allow":["GET"]}}],"collection":[{"href":"https:\/\/drasanvi.com\/fr\/wp-json\/wp\/v2\/product"}],"about":[{"href":"https:\/\/drasanvi.com\/fr\/wp-json\/wp\/v2\/types\/product"}],"version-history":[{"count":0,"href":"https:\/\/drasanvi.com\/fr\/wp-json\/wp\/v2\/product\/13459\/revisions"}],"wp:featuredmedia":[{"embeddable":true,"href":"https:\/\/drasanvi.com\/fr\/wp-json\/wp\/v2\/media\/13465"}],"wp:attachment":[{"href":"https:\/\/drasanvi.com\/fr\/wp-json\/wp\/v2\/media?parent=13459"}],"wp:term":[{"taxonomy":"product_cat","embeddable":true,"href":"https:\/\/drasanvi.com\/fr\/wp-json\/wp\/v2\/product_cat?post=13459"},{"taxonomy":"product_tag","embeddable":true,"href":"https:\/\/drasanvi.com\/fr\/wp-json\/wp\/v2\/product_tag?post=13459"}],"curies":[{"name":"wp","href":"https:\/\/api.w.org\/{rel}","templated":true}]}}