{"id":13391,"date":"2021-08-04T11:03:25","date_gmt":"2021-08-04T09:03:25","guid":{"rendered":"https:\/\/drasanvi.com\/fr\/?post_type=product&#038;p=13391"},"modified":"2022-03-10T14:17:48","modified_gmt":"2022-03-10T12:17:48","slug":"proteina-vegetal-sport-live-sabor-frambuesa","status":"publish","type":"product","link":"https:\/\/drasanvi.com\/fr\/producto\/proteina-vegetal-sport-live-sabor-frambuesa\/","title":{"rendered":"Prote\u00edna Vegetal Sport Live sabor frambuesa"},"content":{"rendered":"<div class=\"table-responsive\">\n<table>\n<tbody>\n<tr>\n<td>Ingredientes<\/td>\n<td>mg \/ Dosis diaria<\/td>\n<\/tr>\n<tr>\n<td><strong>Prote\u00edna de guisante aislada<\/strong>&nbsp;<em>Pisum sativum L<\/em><\/td>\n<td>22285.8 mg<\/td>\n<\/tr>\n<tr>\n<td><strong>Prote\u00edna&nbsp;de arroz&nbsp;<\/strong><em>Oryza sativa L.<\/em><\/td>\n<td>3428,7 &nbsp;mg<\/td>\n<\/tr>\n<tr>\n<td><strong>Prote\u00edna&nbsp;de semilla de calabaza*<\/strong>&nbsp;<em>Cucurbita pepo<\/em><\/td>\n<td>857,1 mg<\/td>\n<\/tr>\n<tr>\n<td><strong>Prote\u00edna de &nbsp;semillas de girasol*<em>&nbsp;<\/em><\/strong><em>Helianthus annuus&nbsp;L<\/em><\/td>\n<td>857,1 mg<\/td>\n<\/tr>\n<tr>\n<td><strong>Otros Ingredientes: <\/strong><em>Aroma de frambuesa, Remolacha, Goma Xantana y Glucosidos de Steviol.&nbsp;<\/em><\/td>\n<\/tr>\n<\/tbody>\n<\/table>\n<p>Sin conservantes ni az\u00facares a\u00f1adidos.<\/p>\n<\/div>\n","protected":false},"excerpt":{"rendered":"<p>Las nuevas tendencias del mercado abogan por la importancia de las prote\u00ednas en la alimentaci\u00f3n diaria. Sin embargo, el exceso de prote\u00ednas animales o diversas formas de alimentaci\u00f3n han colocado a las prote\u00ednas vegetales entre las sustancias m\u00e1s demandadas al no poder satisfacer la cantidad necesaria a trav\u00e9s de la dieta.Las prote\u00ednas entran a formar parte de todas las estructuras del organismo, entre las que destacamos, por su importancia en el deporte, la conservaci\u00f3n de la masa muscular.<br \/><a id=\"boton-ficha\" href=\"https:\/\/panel.drasanvi.com\/fichas\/1\/032050374\" target=\"_blank\" rel=\"noopener\">Ficha t\u00e9cnica<\/a><\/p>\n","protected":false},"featured_media":13396,"template":"","meta":{"inline_featured_image":false},"product_cat":[97],"product_tag":[],"class_list":["post-13391","product","type-product","status-publish","has-post-thumbnail","hentry","product_cat-deporte"],"yoast_head":"<!-- This site is optimized with the Yoast SEO plugin v27.4 - https:\/\/yoast.com\/product\/yoast-seo-wordpress\/ -->\n<title>Prote\u00edna Vegetal Sport Live sabor frambuesa - Drasanvi Francia<\/title>\n<meta name=\"robots\" content=\"index, follow, max-snippet:-1, max-image-preview:large, max-video-preview:-1\" \/>\n<link rel=\"canonical\" href=\"https:\/\/drasanvi.com\/fr\/producto\/proteina-vegetal-sport-live-sabor-frambuesa\/\" \/>\n<meta property=\"og:locale\" content=\"fr_FR\" \/>\n<meta property=\"og:type\" content=\"article\" \/>\n<meta property=\"og:title\" content=\"Prote\u00edna Vegetal Sport Live sabor frambuesa - Drasanvi Francia\" \/>\n<meta property=\"og:description\" content=\"Las nuevas tendencias del mercado abogan por la importancia de las prote\u00ednas en la alimentaci\u00f3n diaria. Sin embargo, el exceso de prote\u00ednas animales o diversas formas de alimentaci\u00f3n han colocado a las prote\u00ednas vegetales entre las sustancias m\u00e1s demandadas al no poder satisfacer la cantidad necesaria a trav\u00e9s de la dieta.Las prote\u00ednas entran a formar parte de todas las estructuras del organismo, entre las que destacamos, por su importancia en el deporte, la conservaci\u00f3n de la masa muscular.Ficha t\u00e9cnica\" \/>\n<meta property=\"og:url\" content=\"https:\/\/drasanvi.com\/fr\/producto\/proteina-vegetal-sport-live-sabor-frambuesa\/\" \/>\n<meta property=\"og:site_name\" content=\"Drasanvi Francia\" \/>\n<meta property=\"article:modified_time\" content=\"2022-03-10T12:17:48+00:00\" \/>\n<meta property=\"og:image\" content=\"https:\/\/drasanvi.com\/wp-content\/uploads\/sites\/7\/2021\/08\/proteina-vegetal-sport-live-sabor-frambuesa-sport-live.png\" \/>\n\t<meta property=\"og:image:width\" content=\"1000\" \/>\n\t<meta property=\"og:image:height\" content=\"1000\" \/>\n\t<meta property=\"og:image:type\" content=\"image\/png\" \/>\n<meta name=\"twitter:card\" content=\"summary_large_image\" \/>\n<script type=\"application\/ld+json\" class=\"yoast-schema-graph\">{\"@context\":\"https:\\\/\\\/schema.org\",\"@graph\":[{\"@type\":\"WebPage\",\"@id\":\"https:\\\/\\\/drasanvi.com\\\/fr\\\/producto\\\/proteina-vegetal-sport-live-sabor-frambuesa\\\/\",\"url\":\"https:\\\/\\\/drasanvi.com\\\/fr\\\/producto\\\/proteina-vegetal-sport-live-sabor-frambuesa\\\/\",\"name\":\"Prote\u00edna Vegetal Sport Live sabor frambuesa - Drasanvi Francia\",\"isPartOf\":{\"@id\":\"https:\\\/\\\/drasanvi.com\\\/fr\\\/#website\"},\"primaryImageOfPage\":{\"@id\":\"https:\\\/\\\/drasanvi.com\\\/fr\\\/producto\\\/proteina-vegetal-sport-live-sabor-frambuesa\\\/#primaryimage\"},\"image\":{\"@id\":\"https:\\\/\\\/drasanvi.com\\\/fr\\\/producto\\\/proteina-vegetal-sport-live-sabor-frambuesa\\\/#primaryimage\"},\"thumbnailUrl\":\"https:\\\/\\\/drasanvi.com\\\/fr\\\/wp-content\\\/uploads\\\/sites\\\/7\\\/2021\\\/08\\\/proteina-vegetal-sport-live-sabor-frambuesa-sport-live.png\",\"datePublished\":\"2021-08-04T09:03:25+00:00\",\"dateModified\":\"2022-03-10T12:17:48+00:00\",\"breadcrumb\":{\"@id\":\"https:\\\/\\\/drasanvi.com\\\/fr\\\/producto\\\/proteina-vegetal-sport-live-sabor-frambuesa\\\/#breadcrumb\"},\"inLanguage\":\"fr-FR\",\"potentialAction\":[{\"@type\":\"ReadAction\",\"target\":[\"https:\\\/\\\/drasanvi.com\\\/fr\\\/producto\\\/proteina-vegetal-sport-live-sabor-frambuesa\\\/\"]}]},{\"@type\":\"ImageObject\",\"inLanguage\":\"fr-FR\",\"@id\":\"https:\\\/\\\/drasanvi.com\\\/fr\\\/producto\\\/proteina-vegetal-sport-live-sabor-frambuesa\\\/#primaryimage\",\"url\":\"https:\\\/\\\/drasanvi.com\\\/fr\\\/wp-content\\\/uploads\\\/sites\\\/7\\\/2021\\\/08\\\/proteina-vegetal-sport-live-sabor-frambuesa-sport-live.png\",\"contentUrl\":\"https:\\\/\\\/drasanvi.com\\\/fr\\\/wp-content\\\/uploads\\\/sites\\\/7\\\/2021\\\/08\\\/proteina-vegetal-sport-live-sabor-frambuesa-sport-live.png\",\"width\":1000,\"height\":1000,\"caption\":\"Prote\u00edna Vegetal Sport Live sabor frambuesa\"},{\"@type\":\"BreadcrumbList\",\"@id\":\"https:\\\/\\\/drasanvi.com\\\/fr\\\/producto\\\/proteina-vegetal-sport-live-sabor-frambuesa\\\/#breadcrumb\",\"itemListElement\":[{\"@type\":\"ListItem\",\"position\":1,\"name\":\"Portada\",\"item\":\"https:\\\/\\\/drasanvi.com\\\/fr\\\/\"},{\"@type\":\"ListItem\",\"position\":2,\"name\":\"Tienda\",\"item\":\"https:\\\/\\\/drasanvi.com\\\/fr\\\/tienda\\\/\"},{\"@type\":\"ListItem\",\"position\":3,\"name\":\"Prote\u00edna Vegetal Sport Live sabor frambuesa\"}]},{\"@type\":\"WebSite\",\"@id\":\"https:\\\/\\\/drasanvi.com\\\/fr\\\/#website\",\"url\":\"https:\\\/\\\/drasanvi.com\\\/fr\\\/\",\"name\":\"Drasanvi Francia\",\"description\":\"L\u00edder en complementos alimenticios y cosm\u00e9tica natural.\",\"publisher\":{\"@id\":\"https:\\\/\\\/drasanvi.com\\\/fr\\\/#organization\"},\"potentialAction\":[{\"@type\":\"SearchAction\",\"target\":{\"@type\":\"EntryPoint\",\"urlTemplate\":\"https:\\\/\\\/drasanvi.com\\\/fr\\\/?s={search_term_string}\"},\"query-input\":{\"@type\":\"PropertyValueSpecification\",\"valueRequired\":true,\"valueName\":\"search_term_string\"}}],\"inLanguage\":\"fr-FR\"},{\"@type\":\"Organization\",\"@id\":\"https:\\\/\\\/drasanvi.com\\\/fr\\\/#organization\",\"name\":\"Drasanvi\",\"url\":\"https:\\\/\\\/drasanvi.com\\\/fr\\\/\",\"logo\":{\"@type\":\"ImageObject\",\"inLanguage\":\"fr-FR\",\"@id\":\"https:\\\/\\\/drasanvi.com\\\/fr\\\/#\\\/schema\\\/logo\\\/image\\\/\",\"url\":\"https:\\\/\\\/drasanvi.com\\\/wp-content\\\/uploads\\\/sites\\\/7\\\/2021\\\/07\\\/logo-drasanvi.png\",\"contentUrl\":\"https:\\\/\\\/drasanvi.com\\\/wp-content\\\/uploads\\\/sites\\\/7\\\/2021\\\/07\\\/logo-drasanvi.png\",\"width\":900,\"height\":300,\"caption\":\"Drasanvi\"},\"image\":{\"@id\":\"https:\\\/\\\/drasanvi.com\\\/fr\\\/#\\\/schema\\\/logo\\\/image\\\/\"}}]}<\/script>\n<!-- \/ Yoast SEO plugin. -->","yoast_head_json":{"title":"Prote\u00edna Vegetal Sport Live sabor frambuesa - Drasanvi Francia","robots":{"index":"index","follow":"follow","max-snippet":"max-snippet:-1","max-image-preview":"max-image-preview:large","max-video-preview":"max-video-preview:-1"},"canonical":"https:\/\/drasanvi.com\/fr\/producto\/proteina-vegetal-sport-live-sabor-frambuesa\/","og_locale":"fr_FR","og_type":"article","og_title":"Prote\u00edna Vegetal Sport Live sabor frambuesa - Drasanvi Francia","og_description":"Las nuevas tendencias del mercado abogan por la importancia de las prote\u00ednas en la alimentaci\u00f3n diaria. Sin embargo, el exceso de prote\u00ednas animales o diversas formas de alimentaci\u00f3n han colocado a las prote\u00ednas vegetales entre las sustancias m\u00e1s demandadas al no poder satisfacer la cantidad necesaria a trav\u00e9s de la dieta.Las prote\u00ednas entran a formar parte de todas las estructuras del organismo, entre las que destacamos, por su importancia en el deporte, la conservaci\u00f3n de la masa muscular.Ficha t\u00e9cnica","og_url":"https:\/\/drasanvi.com\/fr\/producto\/proteina-vegetal-sport-live-sabor-frambuesa\/","og_site_name":"Drasanvi Francia","article_modified_time":"2022-03-10T12:17:48+00:00","og_image":[{"width":1000,"height":1000,"url":"https:\/\/drasanvi.com\/wp-content\/uploads\/sites\/7\/2021\/08\/proteina-vegetal-sport-live-sabor-frambuesa-sport-live.png","type":"image\/png"}],"twitter_card":"summary_large_image","schema":{"@context":"https:\/\/schema.org","@graph":[{"@type":"WebPage","@id":"https:\/\/drasanvi.com\/fr\/producto\/proteina-vegetal-sport-live-sabor-frambuesa\/","url":"https:\/\/drasanvi.com\/fr\/producto\/proteina-vegetal-sport-live-sabor-frambuesa\/","name":"Prote\u00edna Vegetal Sport Live sabor frambuesa - Drasanvi Francia","isPartOf":{"@id":"https:\/\/drasanvi.com\/fr\/#website"},"primaryImageOfPage":{"@id":"https:\/\/drasanvi.com\/fr\/producto\/proteina-vegetal-sport-live-sabor-frambuesa\/#primaryimage"},"image":{"@id":"https:\/\/drasanvi.com\/fr\/producto\/proteina-vegetal-sport-live-sabor-frambuesa\/#primaryimage"},"thumbnailUrl":"https:\/\/drasanvi.com\/fr\/wp-content\/uploads\/sites\/7\/2021\/08\/proteina-vegetal-sport-live-sabor-frambuesa-sport-live.png","datePublished":"2021-08-04T09:03:25+00:00","dateModified":"2022-03-10T12:17:48+00:00","breadcrumb":{"@id":"https:\/\/drasanvi.com\/fr\/producto\/proteina-vegetal-sport-live-sabor-frambuesa\/#breadcrumb"},"inLanguage":"fr-FR","potentialAction":[{"@type":"ReadAction","target":["https:\/\/drasanvi.com\/fr\/producto\/proteina-vegetal-sport-live-sabor-frambuesa\/"]}]},{"@type":"ImageObject","inLanguage":"fr-FR","@id":"https:\/\/drasanvi.com\/fr\/producto\/proteina-vegetal-sport-live-sabor-frambuesa\/#primaryimage","url":"https:\/\/drasanvi.com\/fr\/wp-content\/uploads\/sites\/7\/2021\/08\/proteina-vegetal-sport-live-sabor-frambuesa-sport-live.png","contentUrl":"https:\/\/drasanvi.com\/fr\/wp-content\/uploads\/sites\/7\/2021\/08\/proteina-vegetal-sport-live-sabor-frambuesa-sport-live.png","width":1000,"height":1000,"caption":"Prote\u00edna Vegetal Sport Live sabor frambuesa"},{"@type":"BreadcrumbList","@id":"https:\/\/drasanvi.com\/fr\/producto\/proteina-vegetal-sport-live-sabor-frambuesa\/#breadcrumb","itemListElement":[{"@type":"ListItem","position":1,"name":"Portada","item":"https:\/\/drasanvi.com\/fr\/"},{"@type":"ListItem","position":2,"name":"Tienda","item":"https:\/\/drasanvi.com\/fr\/tienda\/"},{"@type":"ListItem","position":3,"name":"Prote\u00edna Vegetal Sport Live sabor frambuesa"}]},{"@type":"WebSite","@id":"https:\/\/drasanvi.com\/fr\/#website","url":"https:\/\/drasanvi.com\/fr\/","name":"Drasanvi Francia","description":"L\u00edder en complementos alimenticios y cosm\u00e9tica natural.","publisher":{"@id":"https:\/\/drasanvi.com\/fr\/#organization"},"potentialAction":[{"@type":"SearchAction","target":{"@type":"EntryPoint","urlTemplate":"https:\/\/drasanvi.com\/fr\/?s={search_term_string}"},"query-input":{"@type":"PropertyValueSpecification","valueRequired":true,"valueName":"search_term_string"}}],"inLanguage":"fr-FR"},{"@type":"Organization","@id":"https:\/\/drasanvi.com\/fr\/#organization","name":"Drasanvi","url":"https:\/\/drasanvi.com\/fr\/","logo":{"@type":"ImageObject","inLanguage":"fr-FR","@id":"https:\/\/drasanvi.com\/fr\/#\/schema\/logo\/image\/","url":"https:\/\/drasanvi.com\/wp-content\/uploads\/sites\/7\/2021\/07\/logo-drasanvi.png","contentUrl":"https:\/\/drasanvi.com\/wp-content\/uploads\/sites\/7\/2021\/07\/logo-drasanvi.png","width":900,"height":300,"caption":"Drasanvi"},"image":{"@id":"https:\/\/drasanvi.com\/fr\/#\/schema\/logo\/image\/"}}]}},"_links":{"self":[{"href":"https:\/\/drasanvi.com\/fr\/wp-json\/wp\/v2\/product\/13391","targetHints":{"allow":["GET"]}}],"collection":[{"href":"https:\/\/drasanvi.com\/fr\/wp-json\/wp\/v2\/product"}],"about":[{"href":"https:\/\/drasanvi.com\/fr\/wp-json\/wp\/v2\/types\/product"}],"version-history":[{"count":0,"href":"https:\/\/drasanvi.com\/fr\/wp-json\/wp\/v2\/product\/13391\/revisions"}],"wp:featuredmedia":[{"embeddable":true,"href":"https:\/\/drasanvi.com\/fr\/wp-json\/wp\/v2\/media\/13396"}],"wp:attachment":[{"href":"https:\/\/drasanvi.com\/fr\/wp-json\/wp\/v2\/media?parent=13391"}],"wp:term":[{"taxonomy":"product_cat","embeddable":true,"href":"https:\/\/drasanvi.com\/fr\/wp-json\/wp\/v2\/product_cat?post=13391"},{"taxonomy":"product_tag","embeddable":true,"href":"https:\/\/drasanvi.com\/fr\/wp-json\/wp\/v2\/product_tag?post=13391"}],"curies":[{"name":"wp","href":"https:\/\/api.w.org\/{rel}","templated":true}]}}