{"id":13351,"date":"2022-02-28T15:17:26","date_gmt":"2022-02-28T13:17:26","guid":{"rendered":"https:\/\/drasanvi.com\/fr\/?post_type=product&#038;p=13351"},"modified":"2022-03-10T14:13:14","modified_gmt":"2022-03-10T12:13:14","slug":"sport-live-recuperador-muscular","status":"publish","type":"product","link":"https:\/\/drasanvi.com\/fr\/producto\/sport-live-recuperador-muscular\/","title":{"rendered":"Sport Live &#8211; Recuperador Muscular"},"content":{"rendered":"<h2>Ingredientes<\/h2>\n<p>Ingredientes  mg \/ dosis diaria      Amilopectina  30000 mg      Prote\u00edna de guisante  7000 mg      Prote\u00edna de arroz  4000 mg      Col\u00e1geno marino hidrolizado  3000 mg      Agua de coco (Cocos nucifera)  1000 mg      Omega 3 (DHA)  100 mg      Otros Ingredientes: Aroma Sandia y Sucralosa        Sin colorantes ni conservantes<\/p>\n<h2>Modo de uso<\/h2>\n<p>Consumir 2 cacitos (50 g) disueltos en 500 ml de agua despu\u00e9s del ejercicio fisco. Alimento destinado a personas adultas que hayan realizado un ejercicio f\u00edsico de gran intensidad o de larga duraci\u00f3n que conduzca a la fatiga muscular y al agotamiento del gluc\u00f3geno almacenado en los m\u00fasculos esquel\u00e9ticos<\/p>\n<h3>Presentaci\u00f3n<\/h3>\n<p>Envase de 750 g (26.46 oz)<\/p>\n<h3>Advertencias<\/h3>\n<p>Complemento alimenticio a base de proteinas vegetales, col&aacute;geno y DHA con edulcorante.Los complementos alimenticios no deben utilizarse como sustituto de una dieta equilibrada. No superar la dosis diaria expresamente recomendada. Mantener fuera del alcance de los ni&ntilde;os m&aacute;s peque&ntilde;os Conservar en un lugar fresco y seco. Contiene pescado El efecto ben&eacute;ficioso se obtiene al consumir hidratos de carbono de todas las fuentes en una ingesta total de 4 g por kg de peso corporal, en dosis tomadas antes de transcurridas cuatro horas (o, como m&aacute;ximo, seis) despu&eacute;s de finalizar un ejercicio f&iacute;sico de gran intensidad o de larga duraci&oacute;n que conduzca a la fatiga muscular y al agotamiento del gluc&oacute;geno almacenado en los m&uacute;sculos esquel&eacute;ticos<\/p>\n<h2>Informaci\u00f3n adicional<\/h2>\n<p>ingrediente  Descripci\u00f3n  Dosis diaria      Amilopectina  \u00a0  32880 mg      Prote\u00edna de guisante  \u00a0  7000 mg      Prote\u00edna de arroz  \u00a0  4000 mg        Col\u00e1geno marino hidrolizado de bajo peso molecular    (Contiene pescado)  3000 mg      Aroma  (Aroma de sandia)  2000 mg       Agua de coco  (Cocos nucifera)  1000 mg      Omega 3 (DHA)  \u00a0  100 mg      Edulcorante  (Sucralosa)  20 mg<\/p>\n<p>por cada 100 g        \u00a0  Por 100 g  Por dosis diaria (50 g)      Valor energ\u00e9tico  1563,98 KJ (373,8 Kcal)  782 KJ (186,9 Kcal)      Grasas  0,2 g  0,1 g      De las cuales saturadas  0 g  0 g      Hidratos de carbono  64 g  32 g      De los cuales az\u00facares  1 g  0,5 g      Prote\u00ednas  29 g  14,5 g      Sal  0,18 g  0,09 g        \u00a0<\/p>\n","protected":false},"excerpt":{"rendered":"<p>Despu\u00e9s de la realizaci\u00f3n de ejercicio f\u00edsico, nuestro cuerpo humano necesita reponerse.Para ello, es fundamental suministrar al organismo aquellas sustancias gastadas durante el deporte.Nuestro recuperador muscular aporta hidratos de carbono de gran peso molecular, como es la amilopectina y prote\u00ednas vegetales en una proporci\u00f3n 3:1.<br \/><a id=\"boton-ficha\" href=\"https:\/\/panel.drasanvi.com\/fichas\/1\/032050331\" target=\"_blank\" rel=\"noopener\">Ficha t\u00e9cnica<\/a><\/p>\n","protected":false},"featured_media":20724,"template":"","meta":{"inline_featured_image":false},"product_cat":[97],"product_tag":[],"class_list":["post-13351","product","type-product","status-publish","has-post-thumbnail","hentry","product_cat-deporte","pa_contiene-altramuces-no","pa_contiene-apio-no","pa_contiene-cacahuetes-no","pa_contiene-crustaceos-no","pa_contiene-frutos-secos-no","pa_contiene-huevo-no","pa_contiene-leche-no","pa_contiene-moluscos-no","pa_contiene-mostaza-no","pa_contiene-pescado-si","pa_contiene-sesamo-no","pa_contiene-soja-no","pa_producto-bio-no","pa_producto-sin-gluten-si","pa_producto-vegano-no","pa_producto-vegetariano-no"],"yoast_head":"<!-- This site is optimized with the Yoast SEO plugin v27.5 - https:\/\/yoast.com\/product\/yoast-seo-wordpress\/ -->\n<title>Sport Live - Recuperador Muscular - Drasanvi Francia<\/title>\n<meta name=\"robots\" content=\"index, follow, max-snippet:-1, max-image-preview:large, max-video-preview:-1\" \/>\n<link rel=\"canonical\" href=\"https:\/\/drasanvi.com\/fr\/producto\/sport-live-recuperador-muscular\/\" \/>\n<meta property=\"og:locale\" content=\"fr_FR\" \/>\n<meta property=\"og:type\" content=\"article\" \/>\n<meta property=\"og:title\" content=\"Sport Live - Recuperador Muscular - Drasanvi Francia\" \/>\n<meta property=\"og:description\" content=\"Despu\u00e9s de la realizaci\u00f3n de ejercicio f\u00edsico, nuestro cuerpo humano necesita reponerse.Para ello, es fundamental suministrar al organismo aquellas sustancias gastadas durante el deporte.Nuestro recuperador muscular aporta hidratos de carbono de gran peso molecular, como es la amilopectina y prote\u00ednas vegetales en una proporci\u00f3n 3:1.Ficha t\u00e9cnica\" \/>\n<meta property=\"og:url\" content=\"https:\/\/drasanvi.com\/fr\/producto\/sport-live-recuperador-muscular\/\" \/>\n<meta property=\"og:site_name\" content=\"Drasanvi Francia\" \/>\n<meta property=\"article:modified_time\" content=\"2022-03-10T12:13:14+00:00\" \/>\n<meta property=\"og:image\" content=\"https:\/\/drasanvi.com\/wp-content\/uploads\/sites\/7\/2022\/02\/032050331.png\" \/>\n\t<meta property=\"og:image:width\" content=\"1000\" \/>\n\t<meta property=\"og:image:height\" content=\"1000\" \/>\n\t<meta property=\"og:image:type\" content=\"image\/png\" \/>\n<meta name=\"twitter:card\" content=\"summary_large_image\" \/>\n<script type=\"application\/ld+json\" class=\"yoast-schema-graph\">{\"@context\":\"https:\\\/\\\/schema.org\",\"@graph\":[{\"@type\":\"WebPage\",\"@id\":\"https:\\\/\\\/drasanvi.com\\\/fr\\\/producto\\\/sport-live-recuperador-muscular\\\/\",\"url\":\"https:\\\/\\\/drasanvi.com\\\/fr\\\/producto\\\/sport-live-recuperador-muscular\\\/\",\"name\":\"Sport Live - Recuperador Muscular - Drasanvi Francia\",\"isPartOf\":{\"@id\":\"https:\\\/\\\/drasanvi.com\\\/fr\\\/#website\"},\"primaryImageOfPage\":{\"@id\":\"https:\\\/\\\/drasanvi.com\\\/fr\\\/producto\\\/sport-live-recuperador-muscular\\\/#primaryimage\"},\"image\":{\"@id\":\"https:\\\/\\\/drasanvi.com\\\/fr\\\/producto\\\/sport-live-recuperador-muscular\\\/#primaryimage\"},\"thumbnailUrl\":\"https:\\\/\\\/drasanvi.com\\\/fr\\\/wp-content\\\/uploads\\\/sites\\\/7\\\/2022\\\/02\\\/032050331.png\",\"datePublished\":\"2022-02-28T13:17:26+00:00\",\"dateModified\":\"2022-03-10T12:13:14+00:00\",\"breadcrumb\":{\"@id\":\"https:\\\/\\\/drasanvi.com\\\/fr\\\/producto\\\/sport-live-recuperador-muscular\\\/#breadcrumb\"},\"inLanguage\":\"fr-FR\",\"potentialAction\":[{\"@type\":\"ReadAction\",\"target\":[\"https:\\\/\\\/drasanvi.com\\\/fr\\\/producto\\\/sport-live-recuperador-muscular\\\/\"]}]},{\"@type\":\"ImageObject\",\"inLanguage\":\"fr-FR\",\"@id\":\"https:\\\/\\\/drasanvi.com\\\/fr\\\/producto\\\/sport-live-recuperador-muscular\\\/#primaryimage\",\"url\":\"https:\\\/\\\/drasanvi.com\\\/fr\\\/wp-content\\\/uploads\\\/sites\\\/7\\\/2022\\\/02\\\/032050331.png\",\"contentUrl\":\"https:\\\/\\\/drasanvi.com\\\/fr\\\/wp-content\\\/uploads\\\/sites\\\/7\\\/2022\\\/02\\\/032050331.png\",\"width\":1000,\"height\":1000},{\"@type\":\"BreadcrumbList\",\"@id\":\"https:\\\/\\\/drasanvi.com\\\/fr\\\/producto\\\/sport-live-recuperador-muscular\\\/#breadcrumb\",\"itemListElement\":[{\"@type\":\"ListItem\",\"position\":1,\"name\":\"Portada\",\"item\":\"https:\\\/\\\/drasanvi.com\\\/fr\\\/\"},{\"@type\":\"ListItem\",\"position\":2,\"name\":\"Tienda\",\"item\":\"https:\\\/\\\/drasanvi.com\\\/fr\\\/tienda\\\/\"},{\"@type\":\"ListItem\",\"position\":3,\"name\":\"Sport Live &#8211; Recuperador Muscular\"}]},{\"@type\":\"WebSite\",\"@id\":\"https:\\\/\\\/drasanvi.com\\\/fr\\\/#website\",\"url\":\"https:\\\/\\\/drasanvi.com\\\/fr\\\/\",\"name\":\"Drasanvi Francia\",\"description\":\"L\u00edder en complementos alimenticios y cosm\u00e9tica natural.\",\"publisher\":{\"@id\":\"https:\\\/\\\/drasanvi.com\\\/fr\\\/#organization\"},\"potentialAction\":[{\"@type\":\"SearchAction\",\"target\":{\"@type\":\"EntryPoint\",\"urlTemplate\":\"https:\\\/\\\/drasanvi.com\\\/fr\\\/?s={search_term_string}\"},\"query-input\":{\"@type\":\"PropertyValueSpecification\",\"valueRequired\":true,\"valueName\":\"search_term_string\"}}],\"inLanguage\":\"fr-FR\"},{\"@type\":\"Organization\",\"@id\":\"https:\\\/\\\/drasanvi.com\\\/fr\\\/#organization\",\"name\":\"Drasanvi\",\"url\":\"https:\\\/\\\/drasanvi.com\\\/fr\\\/\",\"logo\":{\"@type\":\"ImageObject\",\"inLanguage\":\"fr-FR\",\"@id\":\"https:\\\/\\\/drasanvi.com\\\/fr\\\/#\\\/schema\\\/logo\\\/image\\\/\",\"url\":\"https:\\\/\\\/drasanvi.com\\\/wp-content\\\/uploads\\\/sites\\\/7\\\/2021\\\/07\\\/logo-drasanvi.png\",\"contentUrl\":\"https:\\\/\\\/drasanvi.com\\\/wp-content\\\/uploads\\\/sites\\\/7\\\/2021\\\/07\\\/logo-drasanvi.png\",\"width\":900,\"height\":300,\"caption\":\"Drasanvi\"},\"image\":{\"@id\":\"https:\\\/\\\/drasanvi.com\\\/fr\\\/#\\\/schema\\\/logo\\\/image\\\/\"}}]}<\/script>\n<!-- \/ Yoast SEO plugin. -->","yoast_head_json":{"title":"Sport Live - Recuperador Muscular - Drasanvi Francia","robots":{"index":"index","follow":"follow","max-snippet":"max-snippet:-1","max-image-preview":"max-image-preview:large","max-video-preview":"max-video-preview:-1"},"canonical":"https:\/\/drasanvi.com\/fr\/producto\/sport-live-recuperador-muscular\/","og_locale":"fr_FR","og_type":"article","og_title":"Sport Live - Recuperador Muscular - Drasanvi Francia","og_description":"Despu\u00e9s de la realizaci\u00f3n de ejercicio f\u00edsico, nuestro cuerpo humano necesita reponerse.Para ello, es fundamental suministrar al organismo aquellas sustancias gastadas durante el deporte.Nuestro recuperador muscular aporta hidratos de carbono de gran peso molecular, como es la amilopectina y prote\u00ednas vegetales en una proporci\u00f3n 3:1.Ficha t\u00e9cnica","og_url":"https:\/\/drasanvi.com\/fr\/producto\/sport-live-recuperador-muscular\/","og_site_name":"Drasanvi Francia","article_modified_time":"2022-03-10T12:13:14+00:00","og_image":[{"width":1000,"height":1000,"url":"https:\/\/drasanvi.com\/wp-content\/uploads\/sites\/7\/2022\/02\/032050331.png","type":"image\/png"}],"twitter_card":"summary_large_image","schema":{"@context":"https:\/\/schema.org","@graph":[{"@type":"WebPage","@id":"https:\/\/drasanvi.com\/fr\/producto\/sport-live-recuperador-muscular\/","url":"https:\/\/drasanvi.com\/fr\/producto\/sport-live-recuperador-muscular\/","name":"Sport Live - Recuperador Muscular - Drasanvi Francia","isPartOf":{"@id":"https:\/\/drasanvi.com\/fr\/#website"},"primaryImageOfPage":{"@id":"https:\/\/drasanvi.com\/fr\/producto\/sport-live-recuperador-muscular\/#primaryimage"},"image":{"@id":"https:\/\/drasanvi.com\/fr\/producto\/sport-live-recuperador-muscular\/#primaryimage"},"thumbnailUrl":"https:\/\/drasanvi.com\/fr\/wp-content\/uploads\/sites\/7\/2022\/02\/032050331.png","datePublished":"2022-02-28T13:17:26+00:00","dateModified":"2022-03-10T12:13:14+00:00","breadcrumb":{"@id":"https:\/\/drasanvi.com\/fr\/producto\/sport-live-recuperador-muscular\/#breadcrumb"},"inLanguage":"fr-FR","potentialAction":[{"@type":"ReadAction","target":["https:\/\/drasanvi.com\/fr\/producto\/sport-live-recuperador-muscular\/"]}]},{"@type":"ImageObject","inLanguage":"fr-FR","@id":"https:\/\/drasanvi.com\/fr\/producto\/sport-live-recuperador-muscular\/#primaryimage","url":"https:\/\/drasanvi.com\/fr\/wp-content\/uploads\/sites\/7\/2022\/02\/032050331.png","contentUrl":"https:\/\/drasanvi.com\/fr\/wp-content\/uploads\/sites\/7\/2022\/02\/032050331.png","width":1000,"height":1000},{"@type":"BreadcrumbList","@id":"https:\/\/drasanvi.com\/fr\/producto\/sport-live-recuperador-muscular\/#breadcrumb","itemListElement":[{"@type":"ListItem","position":1,"name":"Portada","item":"https:\/\/drasanvi.com\/fr\/"},{"@type":"ListItem","position":2,"name":"Tienda","item":"https:\/\/drasanvi.com\/fr\/tienda\/"},{"@type":"ListItem","position":3,"name":"Sport Live &#8211; Recuperador Muscular"}]},{"@type":"WebSite","@id":"https:\/\/drasanvi.com\/fr\/#website","url":"https:\/\/drasanvi.com\/fr\/","name":"Drasanvi Francia","description":"L\u00edder en complementos alimenticios y cosm\u00e9tica natural.","publisher":{"@id":"https:\/\/drasanvi.com\/fr\/#organization"},"potentialAction":[{"@type":"SearchAction","target":{"@type":"EntryPoint","urlTemplate":"https:\/\/drasanvi.com\/fr\/?s={search_term_string}"},"query-input":{"@type":"PropertyValueSpecification","valueRequired":true,"valueName":"search_term_string"}}],"inLanguage":"fr-FR"},{"@type":"Organization","@id":"https:\/\/drasanvi.com\/fr\/#organization","name":"Drasanvi","url":"https:\/\/drasanvi.com\/fr\/","logo":{"@type":"ImageObject","inLanguage":"fr-FR","@id":"https:\/\/drasanvi.com\/fr\/#\/schema\/logo\/image\/","url":"https:\/\/drasanvi.com\/wp-content\/uploads\/sites\/7\/2021\/07\/logo-drasanvi.png","contentUrl":"https:\/\/drasanvi.com\/wp-content\/uploads\/sites\/7\/2021\/07\/logo-drasanvi.png","width":900,"height":300,"caption":"Drasanvi"},"image":{"@id":"https:\/\/drasanvi.com\/fr\/#\/schema\/logo\/image\/"}}]}},"_links":{"self":[{"href":"https:\/\/drasanvi.com\/fr\/wp-json\/wp\/v2\/product\/13351","targetHints":{"allow":["GET"]}}],"collection":[{"href":"https:\/\/drasanvi.com\/fr\/wp-json\/wp\/v2\/product"}],"about":[{"href":"https:\/\/drasanvi.com\/fr\/wp-json\/wp\/v2\/types\/product"}],"version-history":[{"count":0,"href":"https:\/\/drasanvi.com\/fr\/wp-json\/wp\/v2\/product\/13351\/revisions"}],"wp:featuredmedia":[{"embeddable":true,"href":"https:\/\/drasanvi.com\/fr\/wp-json\/wp\/v2\/media\/20724"}],"wp:attachment":[{"href":"https:\/\/drasanvi.com\/fr\/wp-json\/wp\/v2\/media?parent=13351"}],"wp:term":[{"taxonomy":"product_cat","embeddable":true,"href":"https:\/\/drasanvi.com\/fr\/wp-json\/wp\/v2\/product_cat?post=13351"},{"taxonomy":"product_tag","embeddable":true,"href":"https:\/\/drasanvi.com\/fr\/wp-json\/wp\/v2\/product_tag?post=13351"}],"curies":[{"name":"wp","href":"https:\/\/api.w.org\/{rel}","templated":true}]}}