{"id":13343,"date":"2022-02-28T15:16:42","date_gmt":"2022-02-28T13:16:42","guid":{"rendered":"https:\/\/drasanvi.com\/fr\/?post_type=product&#038;p=13343"},"modified":"2022-03-10T14:13:14","modified_gmt":"2022-03-10T12:13:14","slug":"sport-live-bcaas","status":"publish","type":"product","link":"https:\/\/drasanvi.com\/fr\/producto\/sport-live-bcaas\/","title":{"rendered":"Sport Live &#8211; BCAA\u00b4s"},"content":{"rendered":"<h2>Ingredientes<\/h2>\n<p>Ingredientes  mg \/ Dosis Diaria      L-Leucina Kyowa  4500 mg       L-Glutamina Kyowa  4373 mg      L-Isoleucina Kyowa  563 mg       L-Valina Kyowa  563 mg       Vitamina B6\u00a0Clorhidrato de piridoxina  1,6 mg         \u00a0\u00a0<\/p>\n<h2>Modo de uso<\/h2>\n<p>En entrenamientos de fuerza: Consumir 10 gramos (2 cacitos rasos) una vez finalizado el esfuerzo.En entrenamientos de fondo: Consumir 10 gramos (2 cacitos) repartidos en dos tomas, 5 gramos 30 minutos antes del entrenamiento y 5 gramos despu\u00e9s del entrenamiento.*Un cazo dosificador enrasado corresponde a 5 g.Puede tomarse, simult\u00e1neamente, con nuestro batido de prote\u00ednas.\u00a0<\/p>\n<h3>Presentaci\u00f3n<\/h3>\n<p>Envase de 300 g (10.58 oz)<\/p>\n<h3>Advertencias<\/h3>\n<p>No superar la dosis diaria expresamente recomendada; Los complementos alimenticios no deben utilizarse como sustituto de una dieta equilibrada; Mantener fuera del alcance de los ni&ntilde;os m&aacute;s peque&ntilde;os. Conservar en un lugar fresco y seco.<\/p>\n<h2>Informaci\u00f3n adicional<\/h2>\n<p>Ingredientes  Descripci\u00f3n  Dosis Diaria      L-Leucina  (Kyowa)  4500 mg      L-Glutamina  (Kyowa)  4373 mg      L-Isoleucina  (Kyowa)  563 mg      L-Valina  (Kyowa)  563 mg      Vitamina B6  (Clorhidrato de piridoxina)  1,6 mg<\/p>\n<p>por dosis diaria        Ingrediente  Porcentaje  Cantidad      Vitamina B6  114%  1,6 mg        % CDR (Cantidad Diaria Recomendada)<\/p>\n","protected":false},"excerpt":{"rendered":"<p>Los amino\u00e1cidos ramificados, tambi\u00e9n llamados BCAA2 s (Las siglas de\u00a0Branched-Chain Amino Acids) son tres: Leucina, Isoleucina y Valina.Se trata de amino\u00e1cidos \u00a0esenciales que nuestro cuerpo no es capaz\u00a0de sintetizar\u00a0por s\u00ed mismo, siendo necesario incorporarlos en nuestra dieta.Los amino\u00e1cidos son las unidades esenciales de las prote\u00ednas, que posteriormente entran a formar parte de m\u00fasculos, cart\u00edlagos e, incluso, son fundamentales para el sistema inmunitario.En ciertas situaciones como el ejercicio intenso, nuestro cuerpo degrada los amino\u00e1cidos que forman parte de nuestras prote\u00ednas musculares. Por\u00a0este motivo, y en esta situaci\u00f3n, es interesante el consumo de amino\u00e1cidos ramificados.Siguiendo las recomendaciones de los \u00faltimos estudios publicados, incluimos una\u00a0proporci\u00f3n de BCAA2 s \u00a08:1:1\u00a0(L-Leucina, L-Isoleucina y L-Valina, respectivamente), con mayor cantidad de L-Leucina que la proporci\u00f3n utilizada tradicionalmente, de 2:1:1.La f\u00f3rmula est\u00e1 reforzada con L-Glutamina.<br \/><a id=\"boton-ficha\" href=\"https:\/\/panel.drasanvi.com\/fichas\/1\/032050324\" target=\"_blank\" rel=\"noopener\">Ficha t\u00e9cnica<\/a><\/p>\n","protected":false},"featured_media":20685,"template":"","meta":{"inline_featured_image":false},"product_cat":[97],"product_tag":[],"class_list":["post-13343","product","type-product","status-publish","has-post-thumbnail","hentry","product_cat-deporte","pa_contiene-altramuces-no","pa_contiene-apio-no","pa_contiene-cacahuetes-no","pa_contiene-crustaceos-no","pa_contiene-frutos-secos-no","pa_contiene-huevo-no","pa_contiene-leche-no","pa_contiene-moluscos-no","pa_contiene-mostaza-no","pa_contiene-pescado-no","pa_contiene-sesamo-no","pa_contiene-soja-no","pa_producto-bio-no","pa_producto-sin-gluten-si","pa_producto-vegano-si","pa_producto-vegetariano-no"],"yoast_head":"<!-- This site is optimized with the Yoast SEO plugin v27.4 - https:\/\/yoast.com\/product\/yoast-seo-wordpress\/ -->\n<title>Sport Live - BCAA\u00b4s - Drasanvi Francia<\/title>\n<meta name=\"robots\" content=\"index, follow, max-snippet:-1, max-image-preview:large, max-video-preview:-1\" \/>\n<link rel=\"canonical\" href=\"https:\/\/drasanvi.com\/fr\/producto\/sport-live-bcaas\/\" \/>\n<meta property=\"og:locale\" content=\"fr_FR\" \/>\n<meta property=\"og:type\" content=\"article\" \/>\n<meta property=\"og:title\" content=\"Sport Live - BCAA\u00b4s - Drasanvi Francia\" \/>\n<meta property=\"og:description\" content=\"Los amino\u00e1cidos ramificados, tambi\u00e9n llamados BCAA2 s (Las siglas de\u00a0Branched-Chain Amino Acids) son tres: Leucina, Isoleucina y Valina.Se trata de amino\u00e1cidos \u00a0esenciales que nuestro cuerpo no es capaz\u00a0de sintetizar\u00a0por s\u00ed mismo, siendo necesario incorporarlos en nuestra dieta.Los amino\u00e1cidos son las unidades esenciales de las prote\u00ednas, que posteriormente entran a formar parte de m\u00fasculos, cart\u00edlagos e, incluso, son fundamentales para el sistema inmunitario.En ciertas situaciones como el ejercicio intenso, nuestro cuerpo degrada los amino\u00e1cidos que forman parte de nuestras prote\u00ednas musculares. Por\u00a0este motivo, y en esta situaci\u00f3n, es interesante el consumo de amino\u00e1cidos ramificados.Siguiendo las recomendaciones de los \u00faltimos estudios publicados, incluimos una\u00a0proporci\u00f3n de BCAA2 s \u00a08:1:1\u00a0(L-Leucina, L-Isoleucina y L-Valina, respectivamente), con mayor cantidad de L-Leucina que la proporci\u00f3n utilizada tradicionalmente, de 2:1:1.La f\u00f3rmula est\u00e1 reforzada con L-Glutamina.Ficha t\u00e9cnica\" \/>\n<meta property=\"og:url\" content=\"https:\/\/drasanvi.com\/fr\/producto\/sport-live-bcaas\/\" \/>\n<meta property=\"og:site_name\" content=\"Drasanvi Francia\" \/>\n<meta property=\"article:modified_time\" content=\"2022-03-10T12:13:14+00:00\" \/>\n<meta property=\"og:image\" content=\"https:\/\/drasanvi.com\/wp-content\/uploads\/sites\/7\/2022\/02\/032050324.png\" \/>\n\t<meta property=\"og:image:width\" content=\"1000\" \/>\n\t<meta property=\"og:image:height\" content=\"1000\" \/>\n\t<meta property=\"og:image:type\" content=\"image\/png\" \/>\n<meta name=\"twitter:card\" content=\"summary_large_image\" \/>\n<script type=\"application\/ld+json\" class=\"yoast-schema-graph\">{\"@context\":\"https:\\\/\\\/schema.org\",\"@graph\":[{\"@type\":\"WebPage\",\"@id\":\"https:\\\/\\\/drasanvi.com\\\/fr\\\/producto\\\/sport-live-bcaas\\\/\",\"url\":\"https:\\\/\\\/drasanvi.com\\\/fr\\\/producto\\\/sport-live-bcaas\\\/\",\"name\":\"Sport Live - BCAA\u00b4s - Drasanvi Francia\",\"isPartOf\":{\"@id\":\"https:\\\/\\\/drasanvi.com\\\/fr\\\/#website\"},\"primaryImageOfPage\":{\"@id\":\"https:\\\/\\\/drasanvi.com\\\/fr\\\/producto\\\/sport-live-bcaas\\\/#primaryimage\"},\"image\":{\"@id\":\"https:\\\/\\\/drasanvi.com\\\/fr\\\/producto\\\/sport-live-bcaas\\\/#primaryimage\"},\"thumbnailUrl\":\"https:\\\/\\\/drasanvi.com\\\/fr\\\/wp-content\\\/uploads\\\/sites\\\/7\\\/2022\\\/02\\\/032050324.png\",\"datePublished\":\"2022-02-28T13:16:42+00:00\",\"dateModified\":\"2022-03-10T12:13:14+00:00\",\"breadcrumb\":{\"@id\":\"https:\\\/\\\/drasanvi.com\\\/fr\\\/producto\\\/sport-live-bcaas\\\/#breadcrumb\"},\"inLanguage\":\"fr-FR\",\"potentialAction\":[{\"@type\":\"ReadAction\",\"target\":[\"https:\\\/\\\/drasanvi.com\\\/fr\\\/producto\\\/sport-live-bcaas\\\/\"]}]},{\"@type\":\"ImageObject\",\"inLanguage\":\"fr-FR\",\"@id\":\"https:\\\/\\\/drasanvi.com\\\/fr\\\/producto\\\/sport-live-bcaas\\\/#primaryimage\",\"url\":\"https:\\\/\\\/drasanvi.com\\\/fr\\\/wp-content\\\/uploads\\\/sites\\\/7\\\/2022\\\/02\\\/032050324.png\",\"contentUrl\":\"https:\\\/\\\/drasanvi.com\\\/fr\\\/wp-content\\\/uploads\\\/sites\\\/7\\\/2022\\\/02\\\/032050324.png\",\"width\":1000,\"height\":1000},{\"@type\":\"BreadcrumbList\",\"@id\":\"https:\\\/\\\/drasanvi.com\\\/fr\\\/producto\\\/sport-live-bcaas\\\/#breadcrumb\",\"itemListElement\":[{\"@type\":\"ListItem\",\"position\":1,\"name\":\"Portada\",\"item\":\"https:\\\/\\\/drasanvi.com\\\/fr\\\/\"},{\"@type\":\"ListItem\",\"position\":2,\"name\":\"Tienda\",\"item\":\"https:\\\/\\\/drasanvi.com\\\/fr\\\/tienda\\\/\"},{\"@type\":\"ListItem\",\"position\":3,\"name\":\"Sport Live &#8211; BCAA\u00b4s\"}]},{\"@type\":\"WebSite\",\"@id\":\"https:\\\/\\\/drasanvi.com\\\/fr\\\/#website\",\"url\":\"https:\\\/\\\/drasanvi.com\\\/fr\\\/\",\"name\":\"Drasanvi Francia\",\"description\":\"L\u00edder en complementos alimenticios y cosm\u00e9tica natural.\",\"publisher\":{\"@id\":\"https:\\\/\\\/drasanvi.com\\\/fr\\\/#organization\"},\"potentialAction\":[{\"@type\":\"SearchAction\",\"target\":{\"@type\":\"EntryPoint\",\"urlTemplate\":\"https:\\\/\\\/drasanvi.com\\\/fr\\\/?s={search_term_string}\"},\"query-input\":{\"@type\":\"PropertyValueSpecification\",\"valueRequired\":true,\"valueName\":\"search_term_string\"}}],\"inLanguage\":\"fr-FR\"},{\"@type\":\"Organization\",\"@id\":\"https:\\\/\\\/drasanvi.com\\\/fr\\\/#organization\",\"name\":\"Drasanvi\",\"url\":\"https:\\\/\\\/drasanvi.com\\\/fr\\\/\",\"logo\":{\"@type\":\"ImageObject\",\"inLanguage\":\"fr-FR\",\"@id\":\"https:\\\/\\\/drasanvi.com\\\/fr\\\/#\\\/schema\\\/logo\\\/image\\\/\",\"url\":\"https:\\\/\\\/drasanvi.com\\\/wp-content\\\/uploads\\\/sites\\\/7\\\/2021\\\/07\\\/logo-drasanvi.png\",\"contentUrl\":\"https:\\\/\\\/drasanvi.com\\\/wp-content\\\/uploads\\\/sites\\\/7\\\/2021\\\/07\\\/logo-drasanvi.png\",\"width\":900,\"height\":300,\"caption\":\"Drasanvi\"},\"image\":{\"@id\":\"https:\\\/\\\/drasanvi.com\\\/fr\\\/#\\\/schema\\\/logo\\\/image\\\/\"}}]}<\/script>\n<!-- \/ Yoast SEO plugin. -->","yoast_head_json":{"title":"Sport Live - BCAA\u00b4s - Drasanvi Francia","robots":{"index":"index","follow":"follow","max-snippet":"max-snippet:-1","max-image-preview":"max-image-preview:large","max-video-preview":"max-video-preview:-1"},"canonical":"https:\/\/drasanvi.com\/fr\/producto\/sport-live-bcaas\/","og_locale":"fr_FR","og_type":"article","og_title":"Sport Live - BCAA\u00b4s - Drasanvi Francia","og_description":"Los amino\u00e1cidos ramificados, tambi\u00e9n llamados BCAA2 s (Las siglas de\u00a0Branched-Chain Amino Acids) son tres: Leucina, Isoleucina y Valina.Se trata de amino\u00e1cidos \u00a0esenciales que nuestro cuerpo no es capaz\u00a0de sintetizar\u00a0por s\u00ed mismo, siendo necesario incorporarlos en nuestra dieta.Los amino\u00e1cidos son las unidades esenciales de las prote\u00ednas, que posteriormente entran a formar parte de m\u00fasculos, cart\u00edlagos e, incluso, son fundamentales para el sistema inmunitario.En ciertas situaciones como el ejercicio intenso, nuestro cuerpo degrada los amino\u00e1cidos que forman parte de nuestras prote\u00ednas musculares. Por\u00a0este motivo, y en esta situaci\u00f3n, es interesante el consumo de amino\u00e1cidos ramificados.Siguiendo las recomendaciones de los \u00faltimos estudios publicados, incluimos una\u00a0proporci\u00f3n de BCAA2 s \u00a08:1:1\u00a0(L-Leucina, L-Isoleucina y L-Valina, respectivamente), con mayor cantidad de L-Leucina que la proporci\u00f3n utilizada tradicionalmente, de 2:1:1.La f\u00f3rmula est\u00e1 reforzada con L-Glutamina.Ficha t\u00e9cnica","og_url":"https:\/\/drasanvi.com\/fr\/producto\/sport-live-bcaas\/","og_site_name":"Drasanvi Francia","article_modified_time":"2022-03-10T12:13:14+00:00","og_image":[{"width":1000,"height":1000,"url":"https:\/\/drasanvi.com\/wp-content\/uploads\/sites\/7\/2022\/02\/032050324.png","type":"image\/png"}],"twitter_card":"summary_large_image","schema":{"@context":"https:\/\/schema.org","@graph":[{"@type":"WebPage","@id":"https:\/\/drasanvi.com\/fr\/producto\/sport-live-bcaas\/","url":"https:\/\/drasanvi.com\/fr\/producto\/sport-live-bcaas\/","name":"Sport Live - BCAA\u00b4s - Drasanvi Francia","isPartOf":{"@id":"https:\/\/drasanvi.com\/fr\/#website"},"primaryImageOfPage":{"@id":"https:\/\/drasanvi.com\/fr\/producto\/sport-live-bcaas\/#primaryimage"},"image":{"@id":"https:\/\/drasanvi.com\/fr\/producto\/sport-live-bcaas\/#primaryimage"},"thumbnailUrl":"https:\/\/drasanvi.com\/fr\/wp-content\/uploads\/sites\/7\/2022\/02\/032050324.png","datePublished":"2022-02-28T13:16:42+00:00","dateModified":"2022-03-10T12:13:14+00:00","breadcrumb":{"@id":"https:\/\/drasanvi.com\/fr\/producto\/sport-live-bcaas\/#breadcrumb"},"inLanguage":"fr-FR","potentialAction":[{"@type":"ReadAction","target":["https:\/\/drasanvi.com\/fr\/producto\/sport-live-bcaas\/"]}]},{"@type":"ImageObject","inLanguage":"fr-FR","@id":"https:\/\/drasanvi.com\/fr\/producto\/sport-live-bcaas\/#primaryimage","url":"https:\/\/drasanvi.com\/fr\/wp-content\/uploads\/sites\/7\/2022\/02\/032050324.png","contentUrl":"https:\/\/drasanvi.com\/fr\/wp-content\/uploads\/sites\/7\/2022\/02\/032050324.png","width":1000,"height":1000},{"@type":"BreadcrumbList","@id":"https:\/\/drasanvi.com\/fr\/producto\/sport-live-bcaas\/#breadcrumb","itemListElement":[{"@type":"ListItem","position":1,"name":"Portada","item":"https:\/\/drasanvi.com\/fr\/"},{"@type":"ListItem","position":2,"name":"Tienda","item":"https:\/\/drasanvi.com\/fr\/tienda\/"},{"@type":"ListItem","position":3,"name":"Sport Live &#8211; BCAA\u00b4s"}]},{"@type":"WebSite","@id":"https:\/\/drasanvi.com\/fr\/#website","url":"https:\/\/drasanvi.com\/fr\/","name":"Drasanvi Francia","description":"L\u00edder en complementos alimenticios y cosm\u00e9tica natural.","publisher":{"@id":"https:\/\/drasanvi.com\/fr\/#organization"},"potentialAction":[{"@type":"SearchAction","target":{"@type":"EntryPoint","urlTemplate":"https:\/\/drasanvi.com\/fr\/?s={search_term_string}"},"query-input":{"@type":"PropertyValueSpecification","valueRequired":true,"valueName":"search_term_string"}}],"inLanguage":"fr-FR"},{"@type":"Organization","@id":"https:\/\/drasanvi.com\/fr\/#organization","name":"Drasanvi","url":"https:\/\/drasanvi.com\/fr\/","logo":{"@type":"ImageObject","inLanguage":"fr-FR","@id":"https:\/\/drasanvi.com\/fr\/#\/schema\/logo\/image\/","url":"https:\/\/drasanvi.com\/wp-content\/uploads\/sites\/7\/2021\/07\/logo-drasanvi.png","contentUrl":"https:\/\/drasanvi.com\/wp-content\/uploads\/sites\/7\/2021\/07\/logo-drasanvi.png","width":900,"height":300,"caption":"Drasanvi"},"image":{"@id":"https:\/\/drasanvi.com\/fr\/#\/schema\/logo\/image\/"}}]}},"_links":{"self":[{"href":"https:\/\/drasanvi.com\/fr\/wp-json\/wp\/v2\/product\/13343","targetHints":{"allow":["GET"]}}],"collection":[{"href":"https:\/\/drasanvi.com\/fr\/wp-json\/wp\/v2\/product"}],"about":[{"href":"https:\/\/drasanvi.com\/fr\/wp-json\/wp\/v2\/types\/product"}],"version-history":[{"count":0,"href":"https:\/\/drasanvi.com\/fr\/wp-json\/wp\/v2\/product\/13343\/revisions"}],"wp:featuredmedia":[{"embeddable":true,"href":"https:\/\/drasanvi.com\/fr\/wp-json\/wp\/v2\/media\/20685"}],"wp:attachment":[{"href":"https:\/\/drasanvi.com\/fr\/wp-json\/wp\/v2\/media?parent=13343"}],"wp:term":[{"taxonomy":"product_cat","embeddable":true,"href":"https:\/\/drasanvi.com\/fr\/wp-json\/wp\/v2\/product_cat?post=13343"},{"taxonomy":"product_tag","embeddable":true,"href":"https:\/\/drasanvi.com\/fr\/wp-json\/wp\/v2\/product_tag?post=13343"}],"curies":[{"name":"wp","href":"https:\/\/api.w.org\/{rel}","templated":true}]}}