{"id":13336,"date":"2022-02-28T15:16:42","date_gmt":"2022-02-28T13:16:42","guid":{"rendered":"https:\/\/drasanvi.com\/fr\/?post_type=product&#038;p=13336"},"modified":"2022-03-10T14:13:13","modified_gmt":"2022-03-10T12:13:13","slug":"sport-live-l-carnitina-3000mg-viales","status":"publish","type":"product","link":"https:\/\/drasanvi.com\/fr\/producto\/sport-live-l-carnitina-3000mg-viales\/","title":{"rendered":"Sport Live &#8211; L-Carnitina 3000mg viales"},"content":{"rendered":"<h2>Ingredientes<\/h2>\n<p>Ingredientes  mg \/ Dosis diaria)      L-Carnitina   1.500 mg       Acetil L-Carnitina   1.500 mg       Coenzima Q10  30 mg\u00a0      Otros Ingredientes: Sucralosa, Aroma, sorbato pot\u00e1sico y \u00e1cido c\u00edtrico         Sin colorantes ni az\u00facares a\u00f1adidos.<\/p>\n<h2>Modo de uso<\/h2>\n<p>Consumir un vial de L-Carnitina antes de la realizaci\u00f3n de ejercicio o entrenamiento.<\/p>\n<h3>Presentaci\u00f3n<\/h3>\n<p>vial de 25ml<\/p>\n<h3>Advertencias<\/h3>\n<p>Complemento alimenticio a base de L-carnitina y coenzima Q10 con edulcorante. No superar la dosis diaria expresamente recomendada; Los complementos alimenticios no deben utilizarse como sustituto de una dieta equilibrada; Mantener fuera del alcance de los ni&ntilde;os m&aacute;s peque&ntilde;os. Conservar en un lugar fresco y seco.<\/p>\n<h2>Informaci\u00f3n adicional<\/h2>\n<p>Ingredientes  Descripci\u00f3n  Dosis diaria      Agua  \u00a0  23000 mg      L-Carnitina  \u00a0  1500 mg      Acetil L-Carnitina  \u00a0  1500 mg      Coenzima Q10  \u00a0  30 mg      Aroma  (Aroma de lim\u00f3n)   30 mg       Conservador  (Sorbato pot\u00e1sico)  15 mg       Acidulante  (\u00c1cido c\u00edtrico)  15 mg       Edulcorante  (Sucralosa)   3,6 mg<\/p>\n","protected":false},"excerpt":{"rendered":"<p>La L-Carnitina es una mol\u00e9cula sintetizada en nuestro organismo a partir de Lisina y Metionina. La funci\u00f3n de la L-Carnitina en el organismo es la de transportar los \u00e1cidos grasos hacia \u00a0las c\u00e9lulas musculares, concretamente, a las mitocondrias, donde los \u00e1cidos grasos se utilizan para la producci\u00f3n de energ\u00eda.Esta es la raz\u00f3n por la que la Carnitina se ha convertido en un complemento vital para los deportistas. Sin embargo, desde Drasanvi hemos dado un paso m\u00e1s a\u00f1adiendo al producto Coenzima Q10, una sustancia de similares caracter\u00edsticas a la vitamina y que media en numerosos procesos enzim\u00e1ticos del organismo.<br \/><a id=\"boton-ficha\" href=\"https:\/\/panel.drasanvi.com\/fichas\/1\/032050362\" target=\"_blank\" rel=\"noopener\">Ficha t\u00e9cnica<\/a><\/p>\n","protected":false},"featured_media":20707,"template":"","meta":{"inline_featured_image":false},"product_cat":[97],"product_tag":[],"class_list":["post-13336","product","type-product","status-publish","has-post-thumbnail","hentry","product_cat-deporte","pa_contiene-altramuces-no","pa_contiene-apio-no","pa_contiene-cacahuetes-no","pa_contiene-crustaceos-no","pa_contiene-frutos-secos-no","pa_contiene-huevo-no","pa_contiene-leche-no","pa_contiene-moluscos-no","pa_contiene-mostaza-no","pa_contiene-pescado-no","pa_contiene-sesamo-no","pa_contiene-soja-no","pa_producto-bio-no","pa_producto-sin-gluten-si","pa_producto-vegano-si","pa_producto-vegetariano-si"],"yoast_head":"<!-- This site is optimized with the Yoast SEO plugin v27.4 - https:\/\/yoast.com\/product\/yoast-seo-wordpress\/ -->\n<title>Sport Live - L-Carnitina 3000mg viales - Drasanvi Francia<\/title>\n<meta name=\"robots\" content=\"index, follow, max-snippet:-1, max-image-preview:large, max-video-preview:-1\" \/>\n<link rel=\"canonical\" href=\"https:\/\/drasanvi.com\/fr\/producto\/sport-live-l-carnitina-3000mg-viales\/\" \/>\n<meta property=\"og:locale\" content=\"fr_FR\" \/>\n<meta property=\"og:type\" content=\"article\" \/>\n<meta property=\"og:title\" content=\"Sport Live - L-Carnitina 3000mg viales - Drasanvi Francia\" \/>\n<meta property=\"og:description\" content=\"La L-Carnitina es una mol\u00e9cula sintetizada en nuestro organismo a partir de Lisina y Metionina. La funci\u00f3n de la L-Carnitina en el organismo es la de transportar los \u00e1cidos grasos hacia \u00a0las c\u00e9lulas musculares, concretamente, a las mitocondrias, donde los \u00e1cidos grasos se utilizan para la producci\u00f3n de energ\u00eda.Esta es la raz\u00f3n por la que la Carnitina se ha convertido en un complemento vital para los deportistas. Sin embargo, desde Drasanvi hemos dado un paso m\u00e1s a\u00f1adiendo al producto Coenzima Q10, una sustancia de similares caracter\u00edsticas a la vitamina y que media en numerosos procesos enzim\u00e1ticos del organismo.Ficha t\u00e9cnica\" \/>\n<meta property=\"og:url\" content=\"https:\/\/drasanvi.com\/fr\/producto\/sport-live-l-carnitina-3000mg-viales\/\" \/>\n<meta property=\"og:site_name\" content=\"Drasanvi Francia\" \/>\n<meta property=\"article:modified_time\" content=\"2022-03-10T12:13:13+00:00\" \/>\n<meta property=\"og:image\" content=\"https:\/\/drasanvi.com\/wp-content\/uploads\/sites\/7\/2022\/02\/032050362.png\" \/>\n\t<meta property=\"og:image:width\" content=\"1000\" \/>\n\t<meta property=\"og:image:height\" content=\"1000\" \/>\n\t<meta property=\"og:image:type\" content=\"image\/png\" \/>\n<meta name=\"twitter:card\" content=\"summary_large_image\" \/>\n<script type=\"application\/ld+json\" class=\"yoast-schema-graph\">{\"@context\":\"https:\\\/\\\/schema.org\",\"@graph\":[{\"@type\":\"WebPage\",\"@id\":\"https:\\\/\\\/drasanvi.com\\\/fr\\\/producto\\\/sport-live-l-carnitina-3000mg-viales\\\/\",\"url\":\"https:\\\/\\\/drasanvi.com\\\/fr\\\/producto\\\/sport-live-l-carnitina-3000mg-viales\\\/\",\"name\":\"Sport Live - L-Carnitina 3000mg viales - Drasanvi Francia\",\"isPartOf\":{\"@id\":\"https:\\\/\\\/drasanvi.com\\\/fr\\\/#website\"},\"primaryImageOfPage\":{\"@id\":\"https:\\\/\\\/drasanvi.com\\\/fr\\\/producto\\\/sport-live-l-carnitina-3000mg-viales\\\/#primaryimage\"},\"image\":{\"@id\":\"https:\\\/\\\/drasanvi.com\\\/fr\\\/producto\\\/sport-live-l-carnitina-3000mg-viales\\\/#primaryimage\"},\"thumbnailUrl\":\"https:\\\/\\\/drasanvi.com\\\/fr\\\/wp-content\\\/uploads\\\/sites\\\/7\\\/2022\\\/02\\\/032050362.png\",\"datePublished\":\"2022-02-28T13:16:42+00:00\",\"dateModified\":\"2022-03-10T12:13:13+00:00\",\"breadcrumb\":{\"@id\":\"https:\\\/\\\/drasanvi.com\\\/fr\\\/producto\\\/sport-live-l-carnitina-3000mg-viales\\\/#breadcrumb\"},\"inLanguage\":\"fr-FR\",\"potentialAction\":[{\"@type\":\"ReadAction\",\"target\":[\"https:\\\/\\\/drasanvi.com\\\/fr\\\/producto\\\/sport-live-l-carnitina-3000mg-viales\\\/\"]}]},{\"@type\":\"ImageObject\",\"inLanguage\":\"fr-FR\",\"@id\":\"https:\\\/\\\/drasanvi.com\\\/fr\\\/producto\\\/sport-live-l-carnitina-3000mg-viales\\\/#primaryimage\",\"url\":\"https:\\\/\\\/drasanvi.com\\\/fr\\\/wp-content\\\/uploads\\\/sites\\\/7\\\/2022\\\/02\\\/032050362.png\",\"contentUrl\":\"https:\\\/\\\/drasanvi.com\\\/fr\\\/wp-content\\\/uploads\\\/sites\\\/7\\\/2022\\\/02\\\/032050362.png\",\"width\":1000,\"height\":1000},{\"@type\":\"BreadcrumbList\",\"@id\":\"https:\\\/\\\/drasanvi.com\\\/fr\\\/producto\\\/sport-live-l-carnitina-3000mg-viales\\\/#breadcrumb\",\"itemListElement\":[{\"@type\":\"ListItem\",\"position\":1,\"name\":\"Portada\",\"item\":\"https:\\\/\\\/drasanvi.com\\\/fr\\\/\"},{\"@type\":\"ListItem\",\"position\":2,\"name\":\"Tienda\",\"item\":\"https:\\\/\\\/drasanvi.com\\\/fr\\\/tienda\\\/\"},{\"@type\":\"ListItem\",\"position\":3,\"name\":\"Sport Live &#8211; L-Carnitina 3000mg viales\"}]},{\"@type\":\"WebSite\",\"@id\":\"https:\\\/\\\/drasanvi.com\\\/fr\\\/#website\",\"url\":\"https:\\\/\\\/drasanvi.com\\\/fr\\\/\",\"name\":\"Drasanvi Francia\",\"description\":\"L\u00edder en complementos alimenticios y cosm\u00e9tica natural.\",\"publisher\":{\"@id\":\"https:\\\/\\\/drasanvi.com\\\/fr\\\/#organization\"},\"potentialAction\":[{\"@type\":\"SearchAction\",\"target\":{\"@type\":\"EntryPoint\",\"urlTemplate\":\"https:\\\/\\\/drasanvi.com\\\/fr\\\/?s={search_term_string}\"},\"query-input\":{\"@type\":\"PropertyValueSpecification\",\"valueRequired\":true,\"valueName\":\"search_term_string\"}}],\"inLanguage\":\"fr-FR\"},{\"@type\":\"Organization\",\"@id\":\"https:\\\/\\\/drasanvi.com\\\/fr\\\/#organization\",\"name\":\"Drasanvi\",\"url\":\"https:\\\/\\\/drasanvi.com\\\/fr\\\/\",\"logo\":{\"@type\":\"ImageObject\",\"inLanguage\":\"fr-FR\",\"@id\":\"https:\\\/\\\/drasanvi.com\\\/fr\\\/#\\\/schema\\\/logo\\\/image\\\/\",\"url\":\"https:\\\/\\\/drasanvi.com\\\/wp-content\\\/uploads\\\/sites\\\/7\\\/2021\\\/07\\\/logo-drasanvi.png\",\"contentUrl\":\"https:\\\/\\\/drasanvi.com\\\/wp-content\\\/uploads\\\/sites\\\/7\\\/2021\\\/07\\\/logo-drasanvi.png\",\"width\":900,\"height\":300,\"caption\":\"Drasanvi\"},\"image\":{\"@id\":\"https:\\\/\\\/drasanvi.com\\\/fr\\\/#\\\/schema\\\/logo\\\/image\\\/\"}}]}<\/script>\n<!-- \/ Yoast SEO plugin. -->","yoast_head_json":{"title":"Sport Live - L-Carnitina 3000mg viales - Drasanvi Francia","robots":{"index":"index","follow":"follow","max-snippet":"max-snippet:-1","max-image-preview":"max-image-preview:large","max-video-preview":"max-video-preview:-1"},"canonical":"https:\/\/drasanvi.com\/fr\/producto\/sport-live-l-carnitina-3000mg-viales\/","og_locale":"fr_FR","og_type":"article","og_title":"Sport Live - L-Carnitina 3000mg viales - Drasanvi Francia","og_description":"La L-Carnitina es una mol\u00e9cula sintetizada en nuestro organismo a partir de Lisina y Metionina. La funci\u00f3n de la L-Carnitina en el organismo es la de transportar los \u00e1cidos grasos hacia \u00a0las c\u00e9lulas musculares, concretamente, a las mitocondrias, donde los \u00e1cidos grasos se utilizan para la producci\u00f3n de energ\u00eda.Esta es la raz\u00f3n por la que la Carnitina se ha convertido en un complemento vital para los deportistas. Sin embargo, desde Drasanvi hemos dado un paso m\u00e1s a\u00f1adiendo al producto Coenzima Q10, una sustancia de similares caracter\u00edsticas a la vitamina y que media en numerosos procesos enzim\u00e1ticos del organismo.Ficha t\u00e9cnica","og_url":"https:\/\/drasanvi.com\/fr\/producto\/sport-live-l-carnitina-3000mg-viales\/","og_site_name":"Drasanvi Francia","article_modified_time":"2022-03-10T12:13:13+00:00","og_image":[{"width":1000,"height":1000,"url":"https:\/\/drasanvi.com\/wp-content\/uploads\/sites\/7\/2022\/02\/032050362.png","type":"image\/png"}],"twitter_card":"summary_large_image","schema":{"@context":"https:\/\/schema.org","@graph":[{"@type":"WebPage","@id":"https:\/\/drasanvi.com\/fr\/producto\/sport-live-l-carnitina-3000mg-viales\/","url":"https:\/\/drasanvi.com\/fr\/producto\/sport-live-l-carnitina-3000mg-viales\/","name":"Sport Live - L-Carnitina 3000mg viales - Drasanvi Francia","isPartOf":{"@id":"https:\/\/drasanvi.com\/fr\/#website"},"primaryImageOfPage":{"@id":"https:\/\/drasanvi.com\/fr\/producto\/sport-live-l-carnitina-3000mg-viales\/#primaryimage"},"image":{"@id":"https:\/\/drasanvi.com\/fr\/producto\/sport-live-l-carnitina-3000mg-viales\/#primaryimage"},"thumbnailUrl":"https:\/\/drasanvi.com\/fr\/wp-content\/uploads\/sites\/7\/2022\/02\/032050362.png","datePublished":"2022-02-28T13:16:42+00:00","dateModified":"2022-03-10T12:13:13+00:00","breadcrumb":{"@id":"https:\/\/drasanvi.com\/fr\/producto\/sport-live-l-carnitina-3000mg-viales\/#breadcrumb"},"inLanguage":"fr-FR","potentialAction":[{"@type":"ReadAction","target":["https:\/\/drasanvi.com\/fr\/producto\/sport-live-l-carnitina-3000mg-viales\/"]}]},{"@type":"ImageObject","inLanguage":"fr-FR","@id":"https:\/\/drasanvi.com\/fr\/producto\/sport-live-l-carnitina-3000mg-viales\/#primaryimage","url":"https:\/\/drasanvi.com\/fr\/wp-content\/uploads\/sites\/7\/2022\/02\/032050362.png","contentUrl":"https:\/\/drasanvi.com\/fr\/wp-content\/uploads\/sites\/7\/2022\/02\/032050362.png","width":1000,"height":1000},{"@type":"BreadcrumbList","@id":"https:\/\/drasanvi.com\/fr\/producto\/sport-live-l-carnitina-3000mg-viales\/#breadcrumb","itemListElement":[{"@type":"ListItem","position":1,"name":"Portada","item":"https:\/\/drasanvi.com\/fr\/"},{"@type":"ListItem","position":2,"name":"Tienda","item":"https:\/\/drasanvi.com\/fr\/tienda\/"},{"@type":"ListItem","position":3,"name":"Sport Live &#8211; L-Carnitina 3000mg viales"}]},{"@type":"WebSite","@id":"https:\/\/drasanvi.com\/fr\/#website","url":"https:\/\/drasanvi.com\/fr\/","name":"Drasanvi Francia","description":"L\u00edder en complementos alimenticios y cosm\u00e9tica natural.","publisher":{"@id":"https:\/\/drasanvi.com\/fr\/#organization"},"potentialAction":[{"@type":"SearchAction","target":{"@type":"EntryPoint","urlTemplate":"https:\/\/drasanvi.com\/fr\/?s={search_term_string}"},"query-input":{"@type":"PropertyValueSpecification","valueRequired":true,"valueName":"search_term_string"}}],"inLanguage":"fr-FR"},{"@type":"Organization","@id":"https:\/\/drasanvi.com\/fr\/#organization","name":"Drasanvi","url":"https:\/\/drasanvi.com\/fr\/","logo":{"@type":"ImageObject","inLanguage":"fr-FR","@id":"https:\/\/drasanvi.com\/fr\/#\/schema\/logo\/image\/","url":"https:\/\/drasanvi.com\/wp-content\/uploads\/sites\/7\/2021\/07\/logo-drasanvi.png","contentUrl":"https:\/\/drasanvi.com\/wp-content\/uploads\/sites\/7\/2021\/07\/logo-drasanvi.png","width":900,"height":300,"caption":"Drasanvi"},"image":{"@id":"https:\/\/drasanvi.com\/fr\/#\/schema\/logo\/image\/"}}]}},"_links":{"self":[{"href":"https:\/\/drasanvi.com\/fr\/wp-json\/wp\/v2\/product\/13336","targetHints":{"allow":["GET"]}}],"collection":[{"href":"https:\/\/drasanvi.com\/fr\/wp-json\/wp\/v2\/product"}],"about":[{"href":"https:\/\/drasanvi.com\/fr\/wp-json\/wp\/v2\/types\/product"}],"version-history":[{"count":0,"href":"https:\/\/drasanvi.com\/fr\/wp-json\/wp\/v2\/product\/13336\/revisions"}],"wp:featuredmedia":[{"embeddable":true,"href":"https:\/\/drasanvi.com\/fr\/wp-json\/wp\/v2\/media\/20707"}],"wp:attachment":[{"href":"https:\/\/drasanvi.com\/fr\/wp-json\/wp\/v2\/media?parent=13336"}],"wp:term":[{"taxonomy":"product_cat","embeddable":true,"href":"https:\/\/drasanvi.com\/fr\/wp-json\/wp\/v2\/product_cat?post=13336"},{"taxonomy":"product_tag","embeddable":true,"href":"https:\/\/drasanvi.com\/fr\/wp-json\/wp\/v2\/product_tag?post=13336"}],"curies":[{"name":"wp","href":"https:\/\/api.w.org\/{rel}","templated":true}]}}