{"id":13329,"date":"2022-02-28T15:16:42","date_gmt":"2022-02-28T13:16:42","guid":{"rendered":"https:\/\/drasanvi.com\/fr\/?post_type=product&#038;p=13329"},"modified":"2022-03-10T14:13:13","modified_gmt":"2022-03-10T12:13:13","slug":"sport-live-creatina","status":"publish","type":"product","link":"https:\/\/drasanvi.com\/fr\/producto\/sport-live-creatina\/","title":{"rendered":"Sport Live &#8211; Creatina"},"content":{"rendered":"<h2>Ingredientes<\/h2>\n<p>Ingredientes  (mg\/dosis diaria)       Monohidrato de Creatina (Creapure \u00ae)   5.000 mg        Sin colorantes, conservantes ni az\u00facares a\u00f1adidos.<\/p>\n<h2>Modo de uso<\/h2>\n<p>Fase de carga: Consumir 20 g (en 4 tomas de 5 gramos) a lo largo del d\u00eda.Fase de mantenimiento: Consumir de 3-5 g al d\u00eda despu\u00e9s del ejercicio. Puede suministrarse con la bebida recuperadora o batido de prote\u00ednas.Un cazo dosificador enrasado corresponde a 7 g.<\/p>\n<h3>Presentaci\u00f3n<\/h3>\n<p>Envase de 300 g (10.58 oz.)<\/p>\n<h3>Advertencias<\/h3>\n<p>Complemento alimenticio a base de creatina.Los complementos alimenticios no deben utilizarse como sustituto de una dieta equilibrada. No superar la dosis diaria expresamente recomendada. Mantener fuera del alcance de los ni&ntilde;os m&aacute;s peque&ntilde;os. Conservar en un lugar fresco y seco.<\/p>\n<h2>Informaci\u00f3n adicional<\/h2>\n<p>Ingredientes  (mg\/dosis diaria)      Creatina (Creapure \u00ae)   5.000 mg<\/p>\n","protected":false},"excerpt":{"rendered":"<p>La Creatina es una sustancia producida por nuestro cuerpo (principalmente, en h\u00edgado, ri\u00f1ones y p\u00e1ncreas) a partir de tres amino\u00e1cidos: Glicina, Arginina y Metionina. \u00a0Esta sustancia\u00a0es segregada al torrente sangu\u00edneo y distribuida a las diferentes c\u00e9lulas del organismo.Por sus funciones en el organismo, la Creatina es uno de los complementos m\u00e1s utilizados en deportistas.\u00a0De hecho, est\u00e1 demostrado que el consumo de 3 gramos de Creatina mejora el rendimiento f\u00edsico en series sucesivas de ejercicios breves de alta intensidad.Sin embargo, el tipo de\u00a0Creatina utilizado es de vital importancia para obtener los resultados esperados. Drasanvi, en busca de la m\u00e1xima calidad, ha seleccionado para su l\u00ednea Sport Live Creatina de la marca Creapure\u00ae,\u00a0libre de impurezas y con el aval de\u00a0rigurosos estudios anal\u00edticos.\u00a0\u00a0<br \/><a id=\"boton-ficha\" href=\"https:\/\/panel.drasanvi.com\/fichas\/1\/032050326\" target=\"_blank\" rel=\"noopener\">Ficha t\u00e9cnica<\/a><\/p>\n","protected":false},"featured_media":20687,"template":"","meta":{"inline_featured_image":false},"product_cat":[97],"product_tag":[],"class_list":["post-13329","product","type-product","status-publish","has-post-thumbnail","hentry","product_cat-deporte","pa_contiene-altramuces-no","pa_contiene-apio-no","pa_contiene-cacahuetes-no","pa_contiene-crustaceos-no","pa_contiene-frutos-secos-no","pa_contiene-huevo-no","pa_contiene-leche-no","pa_contiene-moluscos-no","pa_contiene-mostaza-no","pa_contiene-pescado-no","pa_contiene-sesamo-no","pa_contiene-soja-no","pa_producto-bio-no","pa_producto-sin-gluten-si","pa_producto-vegano-si","pa_producto-vegetariano-no"],"yoast_head":"<!-- This site is optimized with the Yoast SEO plugin v27.5 - https:\/\/yoast.com\/product\/yoast-seo-wordpress\/ -->\n<title>Sport Live - Creatina - Drasanvi Francia<\/title>\n<meta name=\"robots\" content=\"index, follow, max-snippet:-1, max-image-preview:large, max-video-preview:-1\" \/>\n<link rel=\"canonical\" href=\"https:\/\/drasanvi.com\/fr\/producto\/sport-live-creatina\/\" \/>\n<meta property=\"og:locale\" content=\"fr_FR\" \/>\n<meta property=\"og:type\" content=\"article\" \/>\n<meta property=\"og:title\" content=\"Sport Live - Creatina - Drasanvi Francia\" \/>\n<meta property=\"og:description\" content=\"La Creatina es una sustancia producida por nuestro cuerpo (principalmente, en h\u00edgado, ri\u00f1ones y p\u00e1ncreas) a partir de tres amino\u00e1cidos: Glicina, Arginina y Metionina. \u00a0Esta sustancia\u00a0es segregada al torrente sangu\u00edneo y distribuida a las diferentes c\u00e9lulas del organismo.Por sus funciones en el organismo, la Creatina es uno de los complementos m\u00e1s utilizados en deportistas.\u00a0De hecho, est\u00e1 demostrado que el consumo de 3 gramos de Creatina mejora el rendimiento f\u00edsico en series sucesivas de ejercicios breves de alta intensidad.Sin embargo, el tipo de\u00a0Creatina utilizado es de vital importancia para obtener los resultados esperados. Drasanvi, en busca de la m\u00e1xima calidad, ha seleccionado para su l\u00ednea Sport Live Creatina de la marca Creapure\u00ae,\u00a0libre de impurezas y con el aval de\u00a0rigurosos estudios anal\u00edticos.\u00a0\u00a0Ficha t\u00e9cnica\" \/>\n<meta property=\"og:url\" content=\"https:\/\/drasanvi.com\/fr\/producto\/sport-live-creatina\/\" \/>\n<meta property=\"og:site_name\" content=\"Drasanvi Francia\" \/>\n<meta property=\"article:modified_time\" content=\"2022-03-10T12:13:13+00:00\" \/>\n<meta property=\"og:image\" content=\"https:\/\/drasanvi.com\/wp-content\/uploads\/sites\/7\/2022\/02\/032050326.png\" \/>\n\t<meta property=\"og:image:width\" content=\"1000\" \/>\n\t<meta property=\"og:image:height\" content=\"1000\" \/>\n\t<meta property=\"og:image:type\" content=\"image\/png\" \/>\n<meta name=\"twitter:card\" content=\"summary_large_image\" \/>\n<script type=\"application\/ld+json\" class=\"yoast-schema-graph\">{\"@context\":\"https:\\\/\\\/schema.org\",\"@graph\":[{\"@type\":\"WebPage\",\"@id\":\"https:\\\/\\\/drasanvi.com\\\/fr\\\/producto\\\/sport-live-creatina\\\/\",\"url\":\"https:\\\/\\\/drasanvi.com\\\/fr\\\/producto\\\/sport-live-creatina\\\/\",\"name\":\"Sport Live - Creatina - Drasanvi Francia\",\"isPartOf\":{\"@id\":\"https:\\\/\\\/drasanvi.com\\\/fr\\\/#website\"},\"primaryImageOfPage\":{\"@id\":\"https:\\\/\\\/drasanvi.com\\\/fr\\\/producto\\\/sport-live-creatina\\\/#primaryimage\"},\"image\":{\"@id\":\"https:\\\/\\\/drasanvi.com\\\/fr\\\/producto\\\/sport-live-creatina\\\/#primaryimage\"},\"thumbnailUrl\":\"https:\\\/\\\/drasanvi.com\\\/fr\\\/wp-content\\\/uploads\\\/sites\\\/7\\\/2022\\\/02\\\/032050326.png\",\"datePublished\":\"2022-02-28T13:16:42+00:00\",\"dateModified\":\"2022-03-10T12:13:13+00:00\",\"breadcrumb\":{\"@id\":\"https:\\\/\\\/drasanvi.com\\\/fr\\\/producto\\\/sport-live-creatina\\\/#breadcrumb\"},\"inLanguage\":\"fr-FR\",\"potentialAction\":[{\"@type\":\"ReadAction\",\"target\":[\"https:\\\/\\\/drasanvi.com\\\/fr\\\/producto\\\/sport-live-creatina\\\/\"]}]},{\"@type\":\"ImageObject\",\"inLanguage\":\"fr-FR\",\"@id\":\"https:\\\/\\\/drasanvi.com\\\/fr\\\/producto\\\/sport-live-creatina\\\/#primaryimage\",\"url\":\"https:\\\/\\\/drasanvi.com\\\/fr\\\/wp-content\\\/uploads\\\/sites\\\/7\\\/2022\\\/02\\\/032050326.png\",\"contentUrl\":\"https:\\\/\\\/drasanvi.com\\\/fr\\\/wp-content\\\/uploads\\\/sites\\\/7\\\/2022\\\/02\\\/032050326.png\",\"width\":1000,\"height\":1000},{\"@type\":\"BreadcrumbList\",\"@id\":\"https:\\\/\\\/drasanvi.com\\\/fr\\\/producto\\\/sport-live-creatina\\\/#breadcrumb\",\"itemListElement\":[{\"@type\":\"ListItem\",\"position\":1,\"name\":\"Portada\",\"item\":\"https:\\\/\\\/drasanvi.com\\\/fr\\\/\"},{\"@type\":\"ListItem\",\"position\":2,\"name\":\"Tienda\",\"item\":\"https:\\\/\\\/drasanvi.com\\\/fr\\\/tienda\\\/\"},{\"@type\":\"ListItem\",\"position\":3,\"name\":\"Sport Live &#8211; Creatina\"}]},{\"@type\":\"WebSite\",\"@id\":\"https:\\\/\\\/drasanvi.com\\\/fr\\\/#website\",\"url\":\"https:\\\/\\\/drasanvi.com\\\/fr\\\/\",\"name\":\"Drasanvi Francia\",\"description\":\"L\u00edder en complementos alimenticios y cosm\u00e9tica natural.\",\"publisher\":{\"@id\":\"https:\\\/\\\/drasanvi.com\\\/fr\\\/#organization\"},\"potentialAction\":[{\"@type\":\"SearchAction\",\"target\":{\"@type\":\"EntryPoint\",\"urlTemplate\":\"https:\\\/\\\/drasanvi.com\\\/fr\\\/?s={search_term_string}\"},\"query-input\":{\"@type\":\"PropertyValueSpecification\",\"valueRequired\":true,\"valueName\":\"search_term_string\"}}],\"inLanguage\":\"fr-FR\"},{\"@type\":\"Organization\",\"@id\":\"https:\\\/\\\/drasanvi.com\\\/fr\\\/#organization\",\"name\":\"Drasanvi\",\"url\":\"https:\\\/\\\/drasanvi.com\\\/fr\\\/\",\"logo\":{\"@type\":\"ImageObject\",\"inLanguage\":\"fr-FR\",\"@id\":\"https:\\\/\\\/drasanvi.com\\\/fr\\\/#\\\/schema\\\/logo\\\/image\\\/\",\"url\":\"https:\\\/\\\/drasanvi.com\\\/wp-content\\\/uploads\\\/sites\\\/7\\\/2021\\\/07\\\/logo-drasanvi.png\",\"contentUrl\":\"https:\\\/\\\/drasanvi.com\\\/wp-content\\\/uploads\\\/sites\\\/7\\\/2021\\\/07\\\/logo-drasanvi.png\",\"width\":900,\"height\":300,\"caption\":\"Drasanvi\"},\"image\":{\"@id\":\"https:\\\/\\\/drasanvi.com\\\/fr\\\/#\\\/schema\\\/logo\\\/image\\\/\"}}]}<\/script>\n<!-- \/ Yoast SEO plugin. -->","yoast_head_json":{"title":"Sport Live - Creatina - Drasanvi Francia","robots":{"index":"index","follow":"follow","max-snippet":"max-snippet:-1","max-image-preview":"max-image-preview:large","max-video-preview":"max-video-preview:-1"},"canonical":"https:\/\/drasanvi.com\/fr\/producto\/sport-live-creatina\/","og_locale":"fr_FR","og_type":"article","og_title":"Sport Live - Creatina - Drasanvi Francia","og_description":"La Creatina es una sustancia producida por nuestro cuerpo (principalmente, en h\u00edgado, ri\u00f1ones y p\u00e1ncreas) a partir de tres amino\u00e1cidos: Glicina, Arginina y Metionina. \u00a0Esta sustancia\u00a0es segregada al torrente sangu\u00edneo y distribuida a las diferentes c\u00e9lulas del organismo.Por sus funciones en el organismo, la Creatina es uno de los complementos m\u00e1s utilizados en deportistas.\u00a0De hecho, est\u00e1 demostrado que el consumo de 3 gramos de Creatina mejora el rendimiento f\u00edsico en series sucesivas de ejercicios breves de alta intensidad.Sin embargo, el tipo de\u00a0Creatina utilizado es de vital importancia para obtener los resultados esperados. Drasanvi, en busca de la m\u00e1xima calidad, ha seleccionado para su l\u00ednea Sport Live Creatina de la marca Creapure\u00ae,\u00a0libre de impurezas y con el aval de\u00a0rigurosos estudios anal\u00edticos.\u00a0\u00a0Ficha t\u00e9cnica","og_url":"https:\/\/drasanvi.com\/fr\/producto\/sport-live-creatina\/","og_site_name":"Drasanvi Francia","article_modified_time":"2022-03-10T12:13:13+00:00","og_image":[{"width":1000,"height":1000,"url":"https:\/\/drasanvi.com\/wp-content\/uploads\/sites\/7\/2022\/02\/032050326.png","type":"image\/png"}],"twitter_card":"summary_large_image","schema":{"@context":"https:\/\/schema.org","@graph":[{"@type":"WebPage","@id":"https:\/\/drasanvi.com\/fr\/producto\/sport-live-creatina\/","url":"https:\/\/drasanvi.com\/fr\/producto\/sport-live-creatina\/","name":"Sport Live - Creatina - Drasanvi Francia","isPartOf":{"@id":"https:\/\/drasanvi.com\/fr\/#website"},"primaryImageOfPage":{"@id":"https:\/\/drasanvi.com\/fr\/producto\/sport-live-creatina\/#primaryimage"},"image":{"@id":"https:\/\/drasanvi.com\/fr\/producto\/sport-live-creatina\/#primaryimage"},"thumbnailUrl":"https:\/\/drasanvi.com\/fr\/wp-content\/uploads\/sites\/7\/2022\/02\/032050326.png","datePublished":"2022-02-28T13:16:42+00:00","dateModified":"2022-03-10T12:13:13+00:00","breadcrumb":{"@id":"https:\/\/drasanvi.com\/fr\/producto\/sport-live-creatina\/#breadcrumb"},"inLanguage":"fr-FR","potentialAction":[{"@type":"ReadAction","target":["https:\/\/drasanvi.com\/fr\/producto\/sport-live-creatina\/"]}]},{"@type":"ImageObject","inLanguage":"fr-FR","@id":"https:\/\/drasanvi.com\/fr\/producto\/sport-live-creatina\/#primaryimage","url":"https:\/\/drasanvi.com\/fr\/wp-content\/uploads\/sites\/7\/2022\/02\/032050326.png","contentUrl":"https:\/\/drasanvi.com\/fr\/wp-content\/uploads\/sites\/7\/2022\/02\/032050326.png","width":1000,"height":1000},{"@type":"BreadcrumbList","@id":"https:\/\/drasanvi.com\/fr\/producto\/sport-live-creatina\/#breadcrumb","itemListElement":[{"@type":"ListItem","position":1,"name":"Portada","item":"https:\/\/drasanvi.com\/fr\/"},{"@type":"ListItem","position":2,"name":"Tienda","item":"https:\/\/drasanvi.com\/fr\/tienda\/"},{"@type":"ListItem","position":3,"name":"Sport Live &#8211; Creatina"}]},{"@type":"WebSite","@id":"https:\/\/drasanvi.com\/fr\/#website","url":"https:\/\/drasanvi.com\/fr\/","name":"Drasanvi Francia","description":"L\u00edder en complementos alimenticios y cosm\u00e9tica natural.","publisher":{"@id":"https:\/\/drasanvi.com\/fr\/#organization"},"potentialAction":[{"@type":"SearchAction","target":{"@type":"EntryPoint","urlTemplate":"https:\/\/drasanvi.com\/fr\/?s={search_term_string}"},"query-input":{"@type":"PropertyValueSpecification","valueRequired":true,"valueName":"search_term_string"}}],"inLanguage":"fr-FR"},{"@type":"Organization","@id":"https:\/\/drasanvi.com\/fr\/#organization","name":"Drasanvi","url":"https:\/\/drasanvi.com\/fr\/","logo":{"@type":"ImageObject","inLanguage":"fr-FR","@id":"https:\/\/drasanvi.com\/fr\/#\/schema\/logo\/image\/","url":"https:\/\/drasanvi.com\/wp-content\/uploads\/sites\/7\/2021\/07\/logo-drasanvi.png","contentUrl":"https:\/\/drasanvi.com\/wp-content\/uploads\/sites\/7\/2021\/07\/logo-drasanvi.png","width":900,"height":300,"caption":"Drasanvi"},"image":{"@id":"https:\/\/drasanvi.com\/fr\/#\/schema\/logo\/image\/"}}]}},"_links":{"self":[{"href":"https:\/\/drasanvi.com\/fr\/wp-json\/wp\/v2\/product\/13329","targetHints":{"allow":["GET"]}}],"collection":[{"href":"https:\/\/drasanvi.com\/fr\/wp-json\/wp\/v2\/product"}],"about":[{"href":"https:\/\/drasanvi.com\/fr\/wp-json\/wp\/v2\/types\/product"}],"version-history":[{"count":0,"href":"https:\/\/drasanvi.com\/fr\/wp-json\/wp\/v2\/product\/13329\/revisions"}],"wp:featuredmedia":[{"embeddable":true,"href":"https:\/\/drasanvi.com\/fr\/wp-json\/wp\/v2\/media\/20687"}],"wp:attachment":[{"href":"https:\/\/drasanvi.com\/fr\/wp-json\/wp\/v2\/media?parent=13329"}],"wp:term":[{"taxonomy":"product_cat","embeddable":true,"href":"https:\/\/drasanvi.com\/fr\/wp-json\/wp\/v2\/product_cat?post=13329"},{"taxonomy":"product_tag","embeddable":true,"href":"https:\/\/drasanvi.com\/fr\/wp-json\/wp\/v2\/product_tag?post=13329"}],"curies":[{"name":"wp","href":"https:\/\/api.w.org\/{rel}","templated":true}]}}