{"id":13266,"date":"2022-02-28T14:56:21","date_gmt":"2022-02-28T12:56:21","guid":{"rendered":"https:\/\/drasanvi.com\/fr\/?post_type=product&#038;p=13266"},"modified":"2022-03-10T14:13:08","modified_gmt":"2022-03-10T12:13:08","slug":"aceite-mct-coco-500-ml-keto","status":"publish","type":"product","link":"https:\/\/drasanvi.com\/fr\/producto\/aceite-mct-coco-500-ml-keto\/","title":{"rendered":"Aceite MCT coco 500 ml Keto"},"content":{"rendered":"<h2>Ingredientes<\/h2>\n<p>100%\u00a0 Aceite MCT procedente de aceite e cocoSin colorantes, conservantes ni az\u00facares a\u00f1adidos.<\/p>\n<h2>Modo de uso<\/h2>\n<p>A\u00f1ade una cucharada al caf\u00e9, bebidas o util\u00edzalo como aderezo para tus ensaladas.<\/p>\n<h3>Presentaci\u00f3n<\/h3>\n<p>Envase 500 ml<\/p>\n<h3>Advertencias<\/h3>\n<p>Almacenar en un lugar fresco.Usar en crudo, nunca utilizar para cocinar.<\/p>\n<h2>Informaci\u00f3n adicional<\/h2>\n<p>100% Aceite MCT procedente del aceite de coco<\/p>\n<p>Por cada 100 g        Ingrediente  Cantidad \/ dosis diaria      Valor energ\u00e9tico  3751 KJ\/ 891 kcal      GrasasDe las cuales saturadas\u00a0\u00a0  100 g100 g\u00a0\u00a0      Hidratos de carbonoDe los cuales az\u00facares   0 g0 g      Fibra   0 g      Prote\u00ednas  0 g      Sal  0 mg      \u00c1cido Caprilico C8  70%      \u00c1cido C\u00e1prico C10  30%<\/p>\n","protected":false},"excerpt":{"rendered":"<p>MCT (\u00c1cidos grasos de cadena Media) son una fuente de energ\u00eda de f\u00e1cil absorci\u00f3n, entre los que destacan el \u00c1cido caprilico C8 (70%) y c\u00e1prico C10 (30%)Nuestros MCT son extra\u00eddos exclusivamente del Aceite de Coco, cumpliendo con la m\u00e1s alta calidad.Nuestro MCT Oil no posee sabor ni color, por lo que combina perfectamente con gran variedad de alimentos y bebidas.\u00a0<br \/><a id=\"boton-ficha\" href=\"https:\/\/panel.drasanvi.com\/fichas\/1\/032050548\" target=\"_blank\" rel=\"noopener\">Ficha t\u00e9cnica<\/a><\/p>\n","protected":false},"featured_media":19580,"template":"","meta":{"inline_featured_image":false},"product_cat":[110],"product_tag":[],"class_list":["post-13266","product","type-product","status-publish","has-post-thumbnail","hentry","product_cat-productos-keto","pa_contiene-altramuces-no","pa_contiene-apio-no","pa_contiene-cacahuetes-no","pa_contiene-crustaceos-no","pa_contiene-frutos-secos-no","pa_contiene-huevo-no","pa_contiene-leche-no","pa_contiene-moluscos-no","pa_contiene-mostaza-no","pa_contiene-pescado-no","pa_contiene-sesamo-no","pa_contiene-soja-no","pa_producto-bio-no","pa_producto-sin-gluten-si","pa_producto-vegano-si","pa_producto-vegetariano-no"],"yoast_head":"<!-- This site is optimized with the Yoast SEO plugin v27.4 - https:\/\/yoast.com\/product\/yoast-seo-wordpress\/ -->\n<title>Aceite MCT coco 500 ml Keto - Drasanvi Francia<\/title>\n<meta name=\"robots\" content=\"index, follow, max-snippet:-1, max-image-preview:large, max-video-preview:-1\" \/>\n<link rel=\"canonical\" href=\"https:\/\/drasanvi.com\/fr\/producto\/aceite-mct-coco-500-ml-keto\/\" \/>\n<meta property=\"og:locale\" content=\"fr_FR\" \/>\n<meta property=\"og:type\" content=\"article\" \/>\n<meta property=\"og:title\" content=\"Aceite MCT coco 500 ml Keto - Drasanvi Francia\" \/>\n<meta property=\"og:description\" content=\"MCT (\u00c1cidos grasos de cadena Media) son una fuente de energ\u00eda de f\u00e1cil absorci\u00f3n, entre los que destacan el \u00c1cido caprilico C8 (70%) y c\u00e1prico C10 (30%)Nuestros MCT son extra\u00eddos exclusivamente del Aceite de Coco, cumpliendo con la m\u00e1s alta calidad.Nuestro MCT Oil no posee sabor ni color, por lo que combina perfectamente con gran variedad de alimentos y bebidas.\u00a0Ficha t\u00e9cnica\" \/>\n<meta property=\"og:url\" content=\"https:\/\/drasanvi.com\/fr\/producto\/aceite-mct-coco-500-ml-keto\/\" \/>\n<meta property=\"og:site_name\" content=\"Drasanvi Francia\" \/>\n<meta property=\"article:modified_time\" content=\"2022-03-10T12:13:08+00:00\" \/>\n<meta property=\"og:image\" content=\"https:\/\/drasanvi.com\/wp-content\/uploads\/sites\/7\/2022\/02\/032050548.png\" \/>\n\t<meta property=\"og:image:width\" content=\"1000\" \/>\n\t<meta property=\"og:image:height\" content=\"1000\" \/>\n\t<meta property=\"og:image:type\" content=\"image\/png\" \/>\n<meta name=\"twitter:card\" content=\"summary_large_image\" \/>\n<script type=\"application\/ld+json\" class=\"yoast-schema-graph\">{\"@context\":\"https:\\\/\\\/schema.org\",\"@graph\":[{\"@type\":\"WebPage\",\"@id\":\"https:\\\/\\\/drasanvi.com\\\/fr\\\/producto\\\/aceite-mct-coco-500-ml-keto\\\/\",\"url\":\"https:\\\/\\\/drasanvi.com\\\/fr\\\/producto\\\/aceite-mct-coco-500-ml-keto\\\/\",\"name\":\"Aceite MCT coco 500 ml Keto - Drasanvi Francia\",\"isPartOf\":{\"@id\":\"https:\\\/\\\/drasanvi.com\\\/fr\\\/#website\"},\"primaryImageOfPage\":{\"@id\":\"https:\\\/\\\/drasanvi.com\\\/fr\\\/producto\\\/aceite-mct-coco-500-ml-keto\\\/#primaryimage\"},\"image\":{\"@id\":\"https:\\\/\\\/drasanvi.com\\\/fr\\\/producto\\\/aceite-mct-coco-500-ml-keto\\\/#primaryimage\"},\"thumbnailUrl\":\"https:\\\/\\\/drasanvi.com\\\/fr\\\/wp-content\\\/uploads\\\/sites\\\/7\\\/2022\\\/02\\\/032050548.png\",\"datePublished\":\"2022-02-28T12:56:21+00:00\",\"dateModified\":\"2022-03-10T12:13:08+00:00\",\"breadcrumb\":{\"@id\":\"https:\\\/\\\/drasanvi.com\\\/fr\\\/producto\\\/aceite-mct-coco-500-ml-keto\\\/#breadcrumb\"},\"inLanguage\":\"fr-FR\",\"potentialAction\":[{\"@type\":\"ReadAction\",\"target\":[\"https:\\\/\\\/drasanvi.com\\\/fr\\\/producto\\\/aceite-mct-coco-500-ml-keto\\\/\"]}]},{\"@type\":\"ImageObject\",\"inLanguage\":\"fr-FR\",\"@id\":\"https:\\\/\\\/drasanvi.com\\\/fr\\\/producto\\\/aceite-mct-coco-500-ml-keto\\\/#primaryimage\",\"url\":\"https:\\\/\\\/drasanvi.com\\\/fr\\\/wp-content\\\/uploads\\\/sites\\\/7\\\/2022\\\/02\\\/032050548.png\",\"contentUrl\":\"https:\\\/\\\/drasanvi.com\\\/fr\\\/wp-content\\\/uploads\\\/sites\\\/7\\\/2022\\\/02\\\/032050548.png\",\"width\":1000,\"height\":1000},{\"@type\":\"BreadcrumbList\",\"@id\":\"https:\\\/\\\/drasanvi.com\\\/fr\\\/producto\\\/aceite-mct-coco-500-ml-keto\\\/#breadcrumb\",\"itemListElement\":[{\"@type\":\"ListItem\",\"position\":1,\"name\":\"Portada\",\"item\":\"https:\\\/\\\/drasanvi.com\\\/fr\\\/\"},{\"@type\":\"ListItem\",\"position\":2,\"name\":\"Tienda\",\"item\":\"https:\\\/\\\/drasanvi.com\\\/fr\\\/tienda\\\/\"},{\"@type\":\"ListItem\",\"position\":3,\"name\":\"Aceite MCT coco 500 ml Keto\"}]},{\"@type\":\"WebSite\",\"@id\":\"https:\\\/\\\/drasanvi.com\\\/fr\\\/#website\",\"url\":\"https:\\\/\\\/drasanvi.com\\\/fr\\\/\",\"name\":\"Drasanvi Francia\",\"description\":\"L\u00edder en complementos alimenticios y cosm\u00e9tica natural.\",\"publisher\":{\"@id\":\"https:\\\/\\\/drasanvi.com\\\/fr\\\/#organization\"},\"potentialAction\":[{\"@type\":\"SearchAction\",\"target\":{\"@type\":\"EntryPoint\",\"urlTemplate\":\"https:\\\/\\\/drasanvi.com\\\/fr\\\/?s={search_term_string}\"},\"query-input\":{\"@type\":\"PropertyValueSpecification\",\"valueRequired\":true,\"valueName\":\"search_term_string\"}}],\"inLanguage\":\"fr-FR\"},{\"@type\":\"Organization\",\"@id\":\"https:\\\/\\\/drasanvi.com\\\/fr\\\/#organization\",\"name\":\"Drasanvi\",\"url\":\"https:\\\/\\\/drasanvi.com\\\/fr\\\/\",\"logo\":{\"@type\":\"ImageObject\",\"inLanguage\":\"fr-FR\",\"@id\":\"https:\\\/\\\/drasanvi.com\\\/fr\\\/#\\\/schema\\\/logo\\\/image\\\/\",\"url\":\"https:\\\/\\\/drasanvi.com\\\/wp-content\\\/uploads\\\/sites\\\/7\\\/2021\\\/07\\\/logo-drasanvi.png\",\"contentUrl\":\"https:\\\/\\\/drasanvi.com\\\/wp-content\\\/uploads\\\/sites\\\/7\\\/2021\\\/07\\\/logo-drasanvi.png\",\"width\":900,\"height\":300,\"caption\":\"Drasanvi\"},\"image\":{\"@id\":\"https:\\\/\\\/drasanvi.com\\\/fr\\\/#\\\/schema\\\/logo\\\/image\\\/\"}}]}<\/script>\n<!-- \/ Yoast SEO plugin. -->","yoast_head_json":{"title":"Aceite MCT coco 500 ml Keto - Drasanvi Francia","robots":{"index":"index","follow":"follow","max-snippet":"max-snippet:-1","max-image-preview":"max-image-preview:large","max-video-preview":"max-video-preview:-1"},"canonical":"https:\/\/drasanvi.com\/fr\/producto\/aceite-mct-coco-500-ml-keto\/","og_locale":"fr_FR","og_type":"article","og_title":"Aceite MCT coco 500 ml Keto - Drasanvi Francia","og_description":"MCT (\u00c1cidos grasos de cadena Media) son una fuente de energ\u00eda de f\u00e1cil absorci\u00f3n, entre los que destacan el \u00c1cido caprilico C8 (70%) y c\u00e1prico C10 (30%)Nuestros MCT son extra\u00eddos exclusivamente del Aceite de Coco, cumpliendo con la m\u00e1s alta calidad.Nuestro MCT Oil no posee sabor ni color, por lo que combina perfectamente con gran variedad de alimentos y bebidas.\u00a0Ficha t\u00e9cnica","og_url":"https:\/\/drasanvi.com\/fr\/producto\/aceite-mct-coco-500-ml-keto\/","og_site_name":"Drasanvi Francia","article_modified_time":"2022-03-10T12:13:08+00:00","og_image":[{"width":1000,"height":1000,"url":"https:\/\/drasanvi.com\/wp-content\/uploads\/sites\/7\/2022\/02\/032050548.png","type":"image\/png"}],"twitter_card":"summary_large_image","schema":{"@context":"https:\/\/schema.org","@graph":[{"@type":"WebPage","@id":"https:\/\/drasanvi.com\/fr\/producto\/aceite-mct-coco-500-ml-keto\/","url":"https:\/\/drasanvi.com\/fr\/producto\/aceite-mct-coco-500-ml-keto\/","name":"Aceite MCT coco 500 ml Keto - Drasanvi Francia","isPartOf":{"@id":"https:\/\/drasanvi.com\/fr\/#website"},"primaryImageOfPage":{"@id":"https:\/\/drasanvi.com\/fr\/producto\/aceite-mct-coco-500-ml-keto\/#primaryimage"},"image":{"@id":"https:\/\/drasanvi.com\/fr\/producto\/aceite-mct-coco-500-ml-keto\/#primaryimage"},"thumbnailUrl":"https:\/\/drasanvi.com\/fr\/wp-content\/uploads\/sites\/7\/2022\/02\/032050548.png","datePublished":"2022-02-28T12:56:21+00:00","dateModified":"2022-03-10T12:13:08+00:00","breadcrumb":{"@id":"https:\/\/drasanvi.com\/fr\/producto\/aceite-mct-coco-500-ml-keto\/#breadcrumb"},"inLanguage":"fr-FR","potentialAction":[{"@type":"ReadAction","target":["https:\/\/drasanvi.com\/fr\/producto\/aceite-mct-coco-500-ml-keto\/"]}]},{"@type":"ImageObject","inLanguage":"fr-FR","@id":"https:\/\/drasanvi.com\/fr\/producto\/aceite-mct-coco-500-ml-keto\/#primaryimage","url":"https:\/\/drasanvi.com\/fr\/wp-content\/uploads\/sites\/7\/2022\/02\/032050548.png","contentUrl":"https:\/\/drasanvi.com\/fr\/wp-content\/uploads\/sites\/7\/2022\/02\/032050548.png","width":1000,"height":1000},{"@type":"BreadcrumbList","@id":"https:\/\/drasanvi.com\/fr\/producto\/aceite-mct-coco-500-ml-keto\/#breadcrumb","itemListElement":[{"@type":"ListItem","position":1,"name":"Portada","item":"https:\/\/drasanvi.com\/fr\/"},{"@type":"ListItem","position":2,"name":"Tienda","item":"https:\/\/drasanvi.com\/fr\/tienda\/"},{"@type":"ListItem","position":3,"name":"Aceite MCT coco 500 ml Keto"}]},{"@type":"WebSite","@id":"https:\/\/drasanvi.com\/fr\/#website","url":"https:\/\/drasanvi.com\/fr\/","name":"Drasanvi Francia","description":"L\u00edder en complementos alimenticios y cosm\u00e9tica natural.","publisher":{"@id":"https:\/\/drasanvi.com\/fr\/#organization"},"potentialAction":[{"@type":"SearchAction","target":{"@type":"EntryPoint","urlTemplate":"https:\/\/drasanvi.com\/fr\/?s={search_term_string}"},"query-input":{"@type":"PropertyValueSpecification","valueRequired":true,"valueName":"search_term_string"}}],"inLanguage":"fr-FR"},{"@type":"Organization","@id":"https:\/\/drasanvi.com\/fr\/#organization","name":"Drasanvi","url":"https:\/\/drasanvi.com\/fr\/","logo":{"@type":"ImageObject","inLanguage":"fr-FR","@id":"https:\/\/drasanvi.com\/fr\/#\/schema\/logo\/image\/","url":"https:\/\/drasanvi.com\/wp-content\/uploads\/sites\/7\/2021\/07\/logo-drasanvi.png","contentUrl":"https:\/\/drasanvi.com\/wp-content\/uploads\/sites\/7\/2021\/07\/logo-drasanvi.png","width":900,"height":300,"caption":"Drasanvi"},"image":{"@id":"https:\/\/drasanvi.com\/fr\/#\/schema\/logo\/image\/"}}]}},"_links":{"self":[{"href":"https:\/\/drasanvi.com\/fr\/wp-json\/wp\/v2\/product\/13266","targetHints":{"allow":["GET"]}}],"collection":[{"href":"https:\/\/drasanvi.com\/fr\/wp-json\/wp\/v2\/product"}],"about":[{"href":"https:\/\/drasanvi.com\/fr\/wp-json\/wp\/v2\/types\/product"}],"version-history":[{"count":0,"href":"https:\/\/drasanvi.com\/fr\/wp-json\/wp\/v2\/product\/13266\/revisions"}],"wp:featuredmedia":[{"embeddable":true,"href":"https:\/\/drasanvi.com\/fr\/wp-json\/wp\/v2\/media\/19580"}],"wp:attachment":[{"href":"https:\/\/drasanvi.com\/fr\/wp-json\/wp\/v2\/media?parent=13266"}],"wp:term":[{"taxonomy":"product_cat","embeddable":true,"href":"https:\/\/drasanvi.com\/fr\/wp-json\/wp\/v2\/product_cat?post=13266"},{"taxonomy":"product_tag","embeddable":true,"href":"https:\/\/drasanvi.com\/fr\/wp-json\/wp\/v2\/product_tag?post=13266"}],"curies":[{"name":"wp","href":"https:\/\/api.w.org\/{rel}","templated":true}]}}