{"id":13250,"date":"2022-02-28T15:13:41","date_gmt":"2022-02-28T13:13:41","guid":{"rendered":"https:\/\/drasanvi.com\/fr\/?post_type=product&#038;p=13250"},"modified":"2022-03-10T14:13:07","modified_gmt":"2022-03-10T12:13:07","slug":"pack-keto","status":"publish","type":"product","link":"https:\/\/drasanvi.com\/fr\/producto\/pack-keto\/","title":{"rendered":"Pack Keto"},"content":{"rendered":"<h2>Ingredientes<\/h2>\n<p>Electrolitos        INGREDIENTE  CANTIDAD (DOSIS\/DIA)      Cloro En forma de Cloruro s\u00f3dico y Cloruro pot\u00e1sico  271 mg      Sodio En forma de Cloruro s\u00f3dico y Fosfato s\u00f3dico  168\u00a0 mg      Potasio En forma de Cloruro pot\u00e1sico  \u00a098,8 mg      F\u00f3sforo En forma de F\u00f3sfato s\u00f3dico  \u00a037 mg      Calcio En forma de Carbonato c\u00e1lcico\u00a0  25 mg      Vitamina D3En forma de Colecalciferol  5 \u00b5g      Otros ingredientes:\u00a0 Celulosa microcristalina, Estearato de Magnesio y Di\u00f3xido de Silicio.        Magnesio        Ingredientes  CANTIDAD (DOSIS\/DIA)      Magnesio En forma de citrato\u00a0  9876 mg\/63.720\u00a0      Otros Ingredientes: Celulosa microcristalina, estearato de magnesio y dioxido de de silicio\u00a0        Omega 3        INGREDIENTES  CANTIDAD (DOSIS\/DIA)      Aceite de pescado. Con aporte en: EPA DHA   1.000 mg.180 mg120 mg      Vitamina E natural ( 67%) Como D-alpha tocoferol  20 mg       Otros Ingredientes: Gelatina y Glicerina        Sin colorantes, conservantes ni az\u00facares a\u00f1adidos.<\/p>\n<h2>Modo de uso<\/h2>\n<p>Electrolitos: Tomar 2 capsulas al d\u00eda, preferiblemente en el desayuno.  Magnesio: Tomar 2 comprimidos al d\u00eda, preferiblemente en ayunas.  Omega 3: Tomar una perla al d\u00eda, preferiblemente con la comida.<\/p>\n<h3>Presentaci\u00f3n<\/h3>\n<p>Pack de 3 botes con:  60 c\u00e1psulas de 714 mg  60 comprimidos de 850 mg  30 perlas de 1400 mg  Peso total 136 g (4,79 oz)<\/p>\n<h3>Advertencias<\/h3>\n<p>Complemento alimenticio a base de minerales, magnesio, EPA y DHA. Los complementos alimenticios no deben utilizarse como sustitutivos de una dieta equilibrada. No superar la dosis diaria expresamente recomendada. Mantener fuera del alcance de los ni&ntilde;os m&aacute;s peque&ntilde;os.&nbsp;Conservar en un lugar fresco y seco.Contiene pescado.<\/p>\n<h2>Informaci\u00f3n adicional<\/h2>\n<p>Electrolitos        Ingredientes  Descripci\u00f3n  Cantidad\/Dosis diaria      Agente de carga  (Celulosa microcristalina)  400 mg      Cloruro s\u00f3dico  (Cloro 60,7%, Sodio 39,3%)  298 mg      Agente de recubrimiento  (Hidroxipropilmetilcelulosa)  240 mg      Fosfato s\u00f3dico  (19% F\u00f3sforo, 42% sodio)  195 mg      Cloruro pot\u00e1sico  (Cloro 47,7%, Pot\u00e1sico 52,3%)  190 mg      Carbonato de Calcio  (Calcio 40%)  62,5 mg      Agente de carga  (Estearato de magnesio)  40 mg      Antiaglomerante  (Di\u00f3xido de silicio)  20 mg      Vitamina D3  (Colecalciferol)  4 mg        Magnesio        Ingrediente  Descripci\u00f3n  Dosis 2 comprimidos      Citrato de magnesio  (Magnesio 15,5%)  1062 mg      Agente de carga  (Celulosa microcristalina)   467,5 mg      Agente de carga  (Estearato de magnesio)   100 mg       Antiaglomerante  (Di\u00f3xido de silicio)  60 mg\u00a0        Omega 3        INGREDIENTES  descripcion  mg\/dosis d\u00eda        Aceite de pescado    (Contiene pescado, EPA 18% y DHA 12%)  1.000 mg      Agente de recubrimiento  (Gelatina y Glicerina)  63,5 mg      Vitamina E Natural  Como D-alpha tocoferol  20 mg<\/p>\n<p>Electrolitos        Ingrediente  \u00a0%VRN  Cantidad      Vitamina D3  100%  5 \u00b5g      Cloro  33,9%  271 mg      Sodio  &#8211;  168 mg        Magnesio        Ingrediente  %VRN  Cantidad      Magnesio  43,90%  164,61 mg        Omega 3        Ingrediente  Porcentaje  Cantidad      Vitamina E  111%  13,4 mg<\/p>\n","protected":false},"excerpt":{"rendered":"<p><a id=\"boton-ficha\" href=\"https:\/\/panel.drasanvi.com\/fichas\/1\/032050558\" target=\"_blank\" rel=\"noopener\">Ficha t\u00e9cnica<\/a><\/p>\n","protected":false},"featured_media":20501,"template":"","meta":{"inline_featured_image":false},"product_cat":[110],"product_tag":[],"class_list":["post-13250","product","type-product","status-publish","has-post-thumbnail","hentry","product_cat-productos-keto","pa_contiene-altramuces-no","pa_contiene-apio-no","pa_contiene-cacahuetes-no","pa_contiene-crustaceos-no","pa_contiene-frutos-secos-no","pa_contiene-huevo-no","pa_contiene-leche-no","pa_contiene-moluscos-no","pa_contiene-mostaza-no","pa_contiene-pescado-si","pa_contiene-sesamo-no","pa_contiene-soja-no","pa_producto-bio-no","pa_producto-sin-gluten-si","pa_producto-vegano-no","pa_producto-vegetariano-no"],"yoast_head":"<!-- This site is optimized with the Yoast SEO plugin v27.5 - https:\/\/yoast.com\/product\/yoast-seo-wordpress\/ -->\n<title>Pack Keto - Drasanvi Francia<\/title>\n<meta name=\"robots\" content=\"index, follow, max-snippet:-1, max-image-preview:large, max-video-preview:-1\" \/>\n<link rel=\"canonical\" href=\"https:\/\/drasanvi.com\/fr\/producto\/pack-keto\/\" \/>\n<meta property=\"og:locale\" content=\"fr_FR\" \/>\n<meta property=\"og:type\" content=\"article\" \/>\n<meta property=\"og:title\" content=\"Pack Keto - Drasanvi Francia\" \/>\n<meta property=\"og:description\" content=\"Ficha t\u00e9cnica\" \/>\n<meta property=\"og:url\" content=\"https:\/\/drasanvi.com\/fr\/producto\/pack-keto\/\" \/>\n<meta property=\"og:site_name\" content=\"Drasanvi Francia\" \/>\n<meta property=\"article:modified_time\" content=\"2022-03-10T12:13:07+00:00\" \/>\n<meta property=\"og:image\" content=\"https:\/\/drasanvi.com\/wp-content\/uploads\/sites\/7\/2022\/02\/032050558.png\" \/>\n\t<meta property=\"og:image:width\" content=\"1000\" \/>\n\t<meta property=\"og:image:height\" content=\"1000\" \/>\n\t<meta property=\"og:image:type\" content=\"image\/png\" \/>\n<meta name=\"twitter:card\" content=\"summary_large_image\" \/>\n<script type=\"application\/ld+json\" class=\"yoast-schema-graph\">{\"@context\":\"https:\\\/\\\/schema.org\",\"@graph\":[{\"@type\":\"WebPage\",\"@id\":\"https:\\\/\\\/drasanvi.com\\\/fr\\\/producto\\\/pack-keto\\\/\",\"url\":\"https:\\\/\\\/drasanvi.com\\\/fr\\\/producto\\\/pack-keto\\\/\",\"name\":\"Pack Keto - Drasanvi Francia\",\"isPartOf\":{\"@id\":\"https:\\\/\\\/drasanvi.com\\\/fr\\\/#website\"},\"primaryImageOfPage\":{\"@id\":\"https:\\\/\\\/drasanvi.com\\\/fr\\\/producto\\\/pack-keto\\\/#primaryimage\"},\"image\":{\"@id\":\"https:\\\/\\\/drasanvi.com\\\/fr\\\/producto\\\/pack-keto\\\/#primaryimage\"},\"thumbnailUrl\":\"https:\\\/\\\/drasanvi.com\\\/fr\\\/wp-content\\\/uploads\\\/sites\\\/7\\\/2022\\\/02\\\/032050558.png\",\"datePublished\":\"2022-02-28T13:13:41+00:00\",\"dateModified\":\"2022-03-10T12:13:07+00:00\",\"breadcrumb\":{\"@id\":\"https:\\\/\\\/drasanvi.com\\\/fr\\\/producto\\\/pack-keto\\\/#breadcrumb\"},\"inLanguage\":\"fr-FR\",\"potentialAction\":[{\"@type\":\"ReadAction\",\"target\":[\"https:\\\/\\\/drasanvi.com\\\/fr\\\/producto\\\/pack-keto\\\/\"]}]},{\"@type\":\"ImageObject\",\"inLanguage\":\"fr-FR\",\"@id\":\"https:\\\/\\\/drasanvi.com\\\/fr\\\/producto\\\/pack-keto\\\/#primaryimage\",\"url\":\"https:\\\/\\\/drasanvi.com\\\/fr\\\/wp-content\\\/uploads\\\/sites\\\/7\\\/2022\\\/02\\\/032050558.png\",\"contentUrl\":\"https:\\\/\\\/drasanvi.com\\\/fr\\\/wp-content\\\/uploads\\\/sites\\\/7\\\/2022\\\/02\\\/032050558.png\",\"width\":1000,\"height\":1000},{\"@type\":\"BreadcrumbList\",\"@id\":\"https:\\\/\\\/drasanvi.com\\\/fr\\\/producto\\\/pack-keto\\\/#breadcrumb\",\"itemListElement\":[{\"@type\":\"ListItem\",\"position\":1,\"name\":\"Portada\",\"item\":\"https:\\\/\\\/drasanvi.com\\\/fr\\\/\"},{\"@type\":\"ListItem\",\"position\":2,\"name\":\"Tienda\",\"item\":\"https:\\\/\\\/drasanvi.com\\\/fr\\\/tienda\\\/\"},{\"@type\":\"ListItem\",\"position\":3,\"name\":\"Pack Keto\"}]},{\"@type\":\"WebSite\",\"@id\":\"https:\\\/\\\/drasanvi.com\\\/fr\\\/#website\",\"url\":\"https:\\\/\\\/drasanvi.com\\\/fr\\\/\",\"name\":\"Drasanvi Francia\",\"description\":\"L\u00edder en complementos alimenticios y cosm\u00e9tica natural.\",\"publisher\":{\"@id\":\"https:\\\/\\\/drasanvi.com\\\/fr\\\/#organization\"},\"potentialAction\":[{\"@type\":\"SearchAction\",\"target\":{\"@type\":\"EntryPoint\",\"urlTemplate\":\"https:\\\/\\\/drasanvi.com\\\/fr\\\/?s={search_term_string}\"},\"query-input\":{\"@type\":\"PropertyValueSpecification\",\"valueRequired\":true,\"valueName\":\"search_term_string\"}}],\"inLanguage\":\"fr-FR\"},{\"@type\":\"Organization\",\"@id\":\"https:\\\/\\\/drasanvi.com\\\/fr\\\/#organization\",\"name\":\"Drasanvi\",\"url\":\"https:\\\/\\\/drasanvi.com\\\/fr\\\/\",\"logo\":{\"@type\":\"ImageObject\",\"inLanguage\":\"fr-FR\",\"@id\":\"https:\\\/\\\/drasanvi.com\\\/fr\\\/#\\\/schema\\\/logo\\\/image\\\/\",\"url\":\"https:\\\/\\\/drasanvi.com\\\/wp-content\\\/uploads\\\/sites\\\/7\\\/2021\\\/07\\\/logo-drasanvi.png\",\"contentUrl\":\"https:\\\/\\\/drasanvi.com\\\/wp-content\\\/uploads\\\/sites\\\/7\\\/2021\\\/07\\\/logo-drasanvi.png\",\"width\":900,\"height\":300,\"caption\":\"Drasanvi\"},\"image\":{\"@id\":\"https:\\\/\\\/drasanvi.com\\\/fr\\\/#\\\/schema\\\/logo\\\/image\\\/\"}}]}<\/script>\n<!-- \/ Yoast SEO plugin. -->","yoast_head_json":{"title":"Pack Keto - Drasanvi Francia","robots":{"index":"index","follow":"follow","max-snippet":"max-snippet:-1","max-image-preview":"max-image-preview:large","max-video-preview":"max-video-preview:-1"},"canonical":"https:\/\/drasanvi.com\/fr\/producto\/pack-keto\/","og_locale":"fr_FR","og_type":"article","og_title":"Pack Keto - Drasanvi Francia","og_description":"Ficha t\u00e9cnica","og_url":"https:\/\/drasanvi.com\/fr\/producto\/pack-keto\/","og_site_name":"Drasanvi Francia","article_modified_time":"2022-03-10T12:13:07+00:00","og_image":[{"width":1000,"height":1000,"url":"https:\/\/drasanvi.com\/wp-content\/uploads\/sites\/7\/2022\/02\/032050558.png","type":"image\/png"}],"twitter_card":"summary_large_image","schema":{"@context":"https:\/\/schema.org","@graph":[{"@type":"WebPage","@id":"https:\/\/drasanvi.com\/fr\/producto\/pack-keto\/","url":"https:\/\/drasanvi.com\/fr\/producto\/pack-keto\/","name":"Pack Keto - Drasanvi Francia","isPartOf":{"@id":"https:\/\/drasanvi.com\/fr\/#website"},"primaryImageOfPage":{"@id":"https:\/\/drasanvi.com\/fr\/producto\/pack-keto\/#primaryimage"},"image":{"@id":"https:\/\/drasanvi.com\/fr\/producto\/pack-keto\/#primaryimage"},"thumbnailUrl":"https:\/\/drasanvi.com\/fr\/wp-content\/uploads\/sites\/7\/2022\/02\/032050558.png","datePublished":"2022-02-28T13:13:41+00:00","dateModified":"2022-03-10T12:13:07+00:00","breadcrumb":{"@id":"https:\/\/drasanvi.com\/fr\/producto\/pack-keto\/#breadcrumb"},"inLanguage":"fr-FR","potentialAction":[{"@type":"ReadAction","target":["https:\/\/drasanvi.com\/fr\/producto\/pack-keto\/"]}]},{"@type":"ImageObject","inLanguage":"fr-FR","@id":"https:\/\/drasanvi.com\/fr\/producto\/pack-keto\/#primaryimage","url":"https:\/\/drasanvi.com\/fr\/wp-content\/uploads\/sites\/7\/2022\/02\/032050558.png","contentUrl":"https:\/\/drasanvi.com\/fr\/wp-content\/uploads\/sites\/7\/2022\/02\/032050558.png","width":1000,"height":1000},{"@type":"BreadcrumbList","@id":"https:\/\/drasanvi.com\/fr\/producto\/pack-keto\/#breadcrumb","itemListElement":[{"@type":"ListItem","position":1,"name":"Portada","item":"https:\/\/drasanvi.com\/fr\/"},{"@type":"ListItem","position":2,"name":"Tienda","item":"https:\/\/drasanvi.com\/fr\/tienda\/"},{"@type":"ListItem","position":3,"name":"Pack Keto"}]},{"@type":"WebSite","@id":"https:\/\/drasanvi.com\/fr\/#website","url":"https:\/\/drasanvi.com\/fr\/","name":"Drasanvi Francia","description":"L\u00edder en complementos alimenticios y cosm\u00e9tica natural.","publisher":{"@id":"https:\/\/drasanvi.com\/fr\/#organization"},"potentialAction":[{"@type":"SearchAction","target":{"@type":"EntryPoint","urlTemplate":"https:\/\/drasanvi.com\/fr\/?s={search_term_string}"},"query-input":{"@type":"PropertyValueSpecification","valueRequired":true,"valueName":"search_term_string"}}],"inLanguage":"fr-FR"},{"@type":"Organization","@id":"https:\/\/drasanvi.com\/fr\/#organization","name":"Drasanvi","url":"https:\/\/drasanvi.com\/fr\/","logo":{"@type":"ImageObject","inLanguage":"fr-FR","@id":"https:\/\/drasanvi.com\/fr\/#\/schema\/logo\/image\/","url":"https:\/\/drasanvi.com\/wp-content\/uploads\/sites\/7\/2021\/07\/logo-drasanvi.png","contentUrl":"https:\/\/drasanvi.com\/wp-content\/uploads\/sites\/7\/2021\/07\/logo-drasanvi.png","width":900,"height":300,"caption":"Drasanvi"},"image":{"@id":"https:\/\/drasanvi.com\/fr\/#\/schema\/logo\/image\/"}}]}},"_links":{"self":[{"href":"https:\/\/drasanvi.com\/fr\/wp-json\/wp\/v2\/product\/13250","targetHints":{"allow":["GET"]}}],"collection":[{"href":"https:\/\/drasanvi.com\/fr\/wp-json\/wp\/v2\/product"}],"about":[{"href":"https:\/\/drasanvi.com\/fr\/wp-json\/wp\/v2\/types\/product"}],"version-history":[{"count":0,"href":"https:\/\/drasanvi.com\/fr\/wp-json\/wp\/v2\/product\/13250\/revisions"}],"wp:featuredmedia":[{"embeddable":true,"href":"https:\/\/drasanvi.com\/fr\/wp-json\/wp\/v2\/media\/20501"}],"wp:attachment":[{"href":"https:\/\/drasanvi.com\/fr\/wp-json\/wp\/v2\/media?parent=13250"}],"wp:term":[{"taxonomy":"product_cat","embeddable":true,"href":"https:\/\/drasanvi.com\/fr\/wp-json\/wp\/v2\/product_cat?post=13250"},{"taxonomy":"product_tag","embeddable":true,"href":"https:\/\/drasanvi.com\/fr\/wp-json\/wp\/v2\/product_tag?post=13250"}],"curies":[{"name":"wp","href":"https:\/\/api.w.org\/{rel}","templated":true}]}}