{"id":13226,"date":"2022-02-28T14:59:41","date_gmt":"2022-02-28T12:59:41","guid":{"rendered":"https:\/\/drasanvi.com\/fr\/?post_type=product&#038;p=13226"},"modified":"2022-03-10T14:13:06","modified_gmt":"2022-03-10T12:13:06","slug":"b-life-alkaline-life","status":"publish","type":"product","link":"https:\/\/drasanvi.com\/fr\/producto\/b-life-alkaline-life\/","title":{"rendered":"B-Life Alkaline life"},"content":{"rendered":"<h2>Ingredientes<\/h2>\n<p>Ingredientes  Cantidad dosis diaria      Dihidrogenofosfato de potasioPotasio F\u00f3sforo  630 mg180.18 mg 144.3 mg      Glicerofosfato de magnesioMagnesio F\u00f3sforo  540 mg91.8 mg 70.2 mg       Agua de coco  180 mg       Extracto seco de Brocol\u00ed(Brassica oleracea var. italica)  120 mg       Extracto seco Diente de Le\u00f3n(Taraxacum officinale Weber)  120 mg       Extracto seco de Col Morada  72 mg      Gluconato de ZincZinc  69.6mg10mg       Extracto seco de Aguacate(Persea americana Miller)  60 mg       Extracto seco de Berenjena(Solanum melongena)  60 mg       Extracto seco de Zanahoria Negra(Daucus Dacota)  60 mg       Extracto seco de Pepino(Curcumis sativus)   60 mg       Extracto seco de Apio(Apium graveolens L.)  60 mg      Extracto seco Ar\u00e1ndano(Vaccinium vitis-idaea L.)  24 mg      Otros Ingredientes: Agua, Concentrado de mirtilo y manzana, Aromas de frutas del bosque, Sorbato de Potasio (conservante) y \u00e1cido c\u00edtrico (acidificante)        \u00a0<\/p>\n<h2>Modo de uso<\/h2>\n<p>Consumir 30 ml al d\u00eda, una hora antes o despu\u00e9s de la comida o cena, preferiblemente, por la noche antes de acostarse.<\/p>\n<h3>Presentaci\u00f3n<\/h3>\n<p>Envase de 500 ml (16,91 oz fl)<\/p>\n<h3>Advertencias<\/h3>\n<p>No superar la dosis diaria expresamente recomendada; Los complementos alimenticios no deben utilizarse como sustituto de una dieta equilibrada; Mantener fuera del alcance de los ni&ntilde;os m&aacute;s peque&ntilde;os. Conservar en un lugar fresco y seco.Contiene Apio<\/p>\n<h2>Informaci\u00f3n adicional<\/h2>\n<p>Ingrediente  Descripci\u00f3n  Dosis diaria      Agua  \u00a0  2520 mg       Concentrado de manzana  \u00a0  2400 mg      Concentrado de mirtilo  \u00a0  1800 mg      Dihidrogenofosfato de potasio  (Potasio 57,52%)  630 mg      Glicerofosfato de magnesio  (Fosforo 17,77%)  540 mg      Aroma  (Aroma de frutas del bosque)  180 mg      Agua de coco  \u00a0  180 mg      Extracto seco de Brocol\u00ed  (Brassica oleracea var. italica)  120 mg      Extracto seco Diente de Le\u00f3n  (Taraxacum officinale Weber)  120 mg      Conservador  (Sorbato pot\u00e1sico)   120 mg      Extracto seco de Col Morada  (Brassica oleracea L.)  72 mg      Gluconato de ZInc  (Zinc 14,35%)  69,6 mg      Extracto seco de Aguacate  (Persea americana Miller)  60 mg      Extracto seco de Berenjena  (Solanum melongena)  60 mg      Extracto seco de Zanahoria Negra  (Daucus Dacota)  60 mg      Extracto seco de Pepino  (Curcumis sativus)   60 mg        Extracto seco de Apio    (contiene apio Apium graveolens L.)  60 mg      Acidulante  (\u00c1cido c\u00edtrico)  36 mg      Extracto seco Ar\u00e1ndano  (Vaccinium vitis-idaea L.)  24 mg<\/p>\n<p>por cada 100 g        \u00a0  Por 100 ml  Por dosis diaria (30ml)      Valor energ\u00e9tico  179 KJ (43 Kcal)  53.7 KJ (12.9 Kcal)      Grasas<\/p>\n","protected":false},"excerpt":{"rendered":"<p>Nuestro organismo est\u00e1 formado por numerosas estructuras corporales, rodeadas de disoluciones acuosas. Estas disoluciones est\u00e1n cargadas de electrolitos, \u00a0confiri\u00e9ndole \u00a0a cada uno un nivel de pH diferente (seg\u00fan su grado de acidez o basacidad).Muchos pH son intr\u00ednsecos, pero otros son dependientes de factores externos, como la alimentaci\u00f3n. As\u00ed por ejemplo, las hortalizas de hojas verdes y las verduras son alcalinas, frente a la carne o el az\u00facar, que son \u00e1cidos.Una dieta equilibrada y rica en verduras, puede ayudar a mantener el equilibrio \u00e1cido- base de nuestro organismo.<br \/><a id=\"boton-ficha\" href=\"https:\/\/panel.drasanvi.com\/fichas\/1\/032050341\" target=\"_blank\" rel=\"noopener\">Ficha t\u00e9cnica<\/a><\/p>\n","protected":false},"featured_media":19761,"template":"","meta":{"inline_featured_image":false},"product_cat":[109],"product_tag":[],"class_list":["post-13226","product","type-product","status-publish","has-post-thumbnail","hentry","product_cat-peso-saludable","pa_contiene-altramuces-no","pa_contiene-apio-si","pa_contiene-cacahuetes-no","pa_contiene-crustaceos-no","pa_contiene-frutos-secos-no","pa_contiene-huevo-no","pa_contiene-leche-no","pa_contiene-moluscos-no","pa_contiene-mostaza-no","pa_contiene-pescado-no","pa_contiene-sesamo-no","pa_contiene-soja-no","pa_producto-bio-no","pa_producto-sin-gluten-si","pa_producto-vegano-si","pa_producto-vegetariano-no"],"yoast_head":"<!-- This site is optimized with the Yoast SEO plugin v27.4 - https:\/\/yoast.com\/product\/yoast-seo-wordpress\/ -->\n<title>B-Life Alkaline life - Drasanvi Francia<\/title>\n<meta name=\"robots\" content=\"index, follow, max-snippet:-1, max-image-preview:large, max-video-preview:-1\" \/>\n<link rel=\"canonical\" href=\"https:\/\/drasanvi.com\/fr\/producto\/b-life-alkaline-life\/\" \/>\n<meta property=\"og:locale\" content=\"fr_FR\" \/>\n<meta property=\"og:type\" content=\"article\" \/>\n<meta property=\"og:title\" content=\"B-Life Alkaline life - Drasanvi Francia\" \/>\n<meta property=\"og:description\" content=\"Nuestro organismo est\u00e1 formado por numerosas estructuras corporales, rodeadas de disoluciones acuosas. Estas disoluciones est\u00e1n cargadas de electrolitos, \u00a0confiri\u00e9ndole \u00a0a cada uno un nivel de pH diferente (seg\u00fan su grado de acidez o basacidad).Muchos pH son intr\u00ednsecos, pero otros son dependientes de factores externos, como la alimentaci\u00f3n. As\u00ed por ejemplo, las hortalizas de hojas verdes y las verduras son alcalinas, frente a la carne o el az\u00facar, que son \u00e1cidos.Una dieta equilibrada y rica en verduras, puede ayudar a mantener el equilibrio \u00e1cido- base de nuestro organismo.Ficha t\u00e9cnica\" \/>\n<meta property=\"og:url\" content=\"https:\/\/drasanvi.com\/fr\/producto\/b-life-alkaline-life\/\" \/>\n<meta property=\"og:site_name\" content=\"Drasanvi Francia\" \/>\n<meta property=\"article:modified_time\" content=\"2022-03-10T12:13:06+00:00\" \/>\n<meta property=\"og:image\" content=\"https:\/\/drasanvi.com\/wp-content\/uploads\/sites\/7\/2022\/02\/032050341.png\" \/>\n\t<meta property=\"og:image:width\" content=\"1000\" \/>\n\t<meta property=\"og:image:height\" content=\"1000\" \/>\n\t<meta property=\"og:image:type\" content=\"image\/png\" \/>\n<meta name=\"twitter:card\" content=\"summary_large_image\" \/>\n<script type=\"application\/ld+json\" class=\"yoast-schema-graph\">{\"@context\":\"https:\\\/\\\/schema.org\",\"@graph\":[{\"@type\":\"WebPage\",\"@id\":\"https:\\\/\\\/drasanvi.com\\\/fr\\\/producto\\\/b-life-alkaline-life\\\/\",\"url\":\"https:\\\/\\\/drasanvi.com\\\/fr\\\/producto\\\/b-life-alkaline-life\\\/\",\"name\":\"B-Life Alkaline life - Drasanvi Francia\",\"isPartOf\":{\"@id\":\"https:\\\/\\\/drasanvi.com\\\/fr\\\/#website\"},\"primaryImageOfPage\":{\"@id\":\"https:\\\/\\\/drasanvi.com\\\/fr\\\/producto\\\/b-life-alkaline-life\\\/#primaryimage\"},\"image\":{\"@id\":\"https:\\\/\\\/drasanvi.com\\\/fr\\\/producto\\\/b-life-alkaline-life\\\/#primaryimage\"},\"thumbnailUrl\":\"https:\\\/\\\/drasanvi.com\\\/fr\\\/wp-content\\\/uploads\\\/sites\\\/7\\\/2022\\\/02\\\/032050341.png\",\"datePublished\":\"2022-02-28T12:59:41+00:00\",\"dateModified\":\"2022-03-10T12:13:06+00:00\",\"breadcrumb\":{\"@id\":\"https:\\\/\\\/drasanvi.com\\\/fr\\\/producto\\\/b-life-alkaline-life\\\/#breadcrumb\"},\"inLanguage\":\"fr-FR\",\"potentialAction\":[{\"@type\":\"ReadAction\",\"target\":[\"https:\\\/\\\/drasanvi.com\\\/fr\\\/producto\\\/b-life-alkaline-life\\\/\"]}]},{\"@type\":\"ImageObject\",\"inLanguage\":\"fr-FR\",\"@id\":\"https:\\\/\\\/drasanvi.com\\\/fr\\\/producto\\\/b-life-alkaline-life\\\/#primaryimage\",\"url\":\"https:\\\/\\\/drasanvi.com\\\/fr\\\/wp-content\\\/uploads\\\/sites\\\/7\\\/2022\\\/02\\\/032050341.png\",\"contentUrl\":\"https:\\\/\\\/drasanvi.com\\\/fr\\\/wp-content\\\/uploads\\\/sites\\\/7\\\/2022\\\/02\\\/032050341.png\",\"width\":1000,\"height\":1000},{\"@type\":\"BreadcrumbList\",\"@id\":\"https:\\\/\\\/drasanvi.com\\\/fr\\\/producto\\\/b-life-alkaline-life\\\/#breadcrumb\",\"itemListElement\":[{\"@type\":\"ListItem\",\"position\":1,\"name\":\"Portada\",\"item\":\"https:\\\/\\\/drasanvi.com\\\/fr\\\/\"},{\"@type\":\"ListItem\",\"position\":2,\"name\":\"Tienda\",\"item\":\"https:\\\/\\\/drasanvi.com\\\/fr\\\/tienda\\\/\"},{\"@type\":\"ListItem\",\"position\":3,\"name\":\"B-Life Alkaline life\"}]},{\"@type\":\"WebSite\",\"@id\":\"https:\\\/\\\/drasanvi.com\\\/fr\\\/#website\",\"url\":\"https:\\\/\\\/drasanvi.com\\\/fr\\\/\",\"name\":\"Drasanvi Francia\",\"description\":\"L\u00edder en complementos alimenticios y cosm\u00e9tica natural.\",\"publisher\":{\"@id\":\"https:\\\/\\\/drasanvi.com\\\/fr\\\/#organization\"},\"potentialAction\":[{\"@type\":\"SearchAction\",\"target\":{\"@type\":\"EntryPoint\",\"urlTemplate\":\"https:\\\/\\\/drasanvi.com\\\/fr\\\/?s={search_term_string}\"},\"query-input\":{\"@type\":\"PropertyValueSpecification\",\"valueRequired\":true,\"valueName\":\"search_term_string\"}}],\"inLanguage\":\"fr-FR\"},{\"@type\":\"Organization\",\"@id\":\"https:\\\/\\\/drasanvi.com\\\/fr\\\/#organization\",\"name\":\"Drasanvi\",\"url\":\"https:\\\/\\\/drasanvi.com\\\/fr\\\/\",\"logo\":{\"@type\":\"ImageObject\",\"inLanguage\":\"fr-FR\",\"@id\":\"https:\\\/\\\/drasanvi.com\\\/fr\\\/#\\\/schema\\\/logo\\\/image\\\/\",\"url\":\"https:\\\/\\\/drasanvi.com\\\/wp-content\\\/uploads\\\/sites\\\/7\\\/2021\\\/07\\\/logo-drasanvi.png\",\"contentUrl\":\"https:\\\/\\\/drasanvi.com\\\/wp-content\\\/uploads\\\/sites\\\/7\\\/2021\\\/07\\\/logo-drasanvi.png\",\"width\":900,\"height\":300,\"caption\":\"Drasanvi\"},\"image\":{\"@id\":\"https:\\\/\\\/drasanvi.com\\\/fr\\\/#\\\/schema\\\/logo\\\/image\\\/\"}}]}<\/script>\n<!-- \/ Yoast SEO plugin. -->","yoast_head_json":{"title":"B-Life Alkaline life - Drasanvi Francia","robots":{"index":"index","follow":"follow","max-snippet":"max-snippet:-1","max-image-preview":"max-image-preview:large","max-video-preview":"max-video-preview:-1"},"canonical":"https:\/\/drasanvi.com\/fr\/producto\/b-life-alkaline-life\/","og_locale":"fr_FR","og_type":"article","og_title":"B-Life Alkaline life - Drasanvi Francia","og_description":"Nuestro organismo est\u00e1 formado por numerosas estructuras corporales, rodeadas de disoluciones acuosas. Estas disoluciones est\u00e1n cargadas de electrolitos, \u00a0confiri\u00e9ndole \u00a0a cada uno un nivel de pH diferente (seg\u00fan su grado de acidez o basacidad).Muchos pH son intr\u00ednsecos, pero otros son dependientes de factores externos, como la alimentaci\u00f3n. As\u00ed por ejemplo, las hortalizas de hojas verdes y las verduras son alcalinas, frente a la carne o el az\u00facar, que son \u00e1cidos.Una dieta equilibrada y rica en verduras, puede ayudar a mantener el equilibrio \u00e1cido- base de nuestro organismo.Ficha t\u00e9cnica","og_url":"https:\/\/drasanvi.com\/fr\/producto\/b-life-alkaline-life\/","og_site_name":"Drasanvi Francia","article_modified_time":"2022-03-10T12:13:06+00:00","og_image":[{"width":1000,"height":1000,"url":"https:\/\/drasanvi.com\/wp-content\/uploads\/sites\/7\/2022\/02\/032050341.png","type":"image\/png"}],"twitter_card":"summary_large_image","schema":{"@context":"https:\/\/schema.org","@graph":[{"@type":"WebPage","@id":"https:\/\/drasanvi.com\/fr\/producto\/b-life-alkaline-life\/","url":"https:\/\/drasanvi.com\/fr\/producto\/b-life-alkaline-life\/","name":"B-Life Alkaline life - Drasanvi Francia","isPartOf":{"@id":"https:\/\/drasanvi.com\/fr\/#website"},"primaryImageOfPage":{"@id":"https:\/\/drasanvi.com\/fr\/producto\/b-life-alkaline-life\/#primaryimage"},"image":{"@id":"https:\/\/drasanvi.com\/fr\/producto\/b-life-alkaline-life\/#primaryimage"},"thumbnailUrl":"https:\/\/drasanvi.com\/fr\/wp-content\/uploads\/sites\/7\/2022\/02\/032050341.png","datePublished":"2022-02-28T12:59:41+00:00","dateModified":"2022-03-10T12:13:06+00:00","breadcrumb":{"@id":"https:\/\/drasanvi.com\/fr\/producto\/b-life-alkaline-life\/#breadcrumb"},"inLanguage":"fr-FR","potentialAction":[{"@type":"ReadAction","target":["https:\/\/drasanvi.com\/fr\/producto\/b-life-alkaline-life\/"]}]},{"@type":"ImageObject","inLanguage":"fr-FR","@id":"https:\/\/drasanvi.com\/fr\/producto\/b-life-alkaline-life\/#primaryimage","url":"https:\/\/drasanvi.com\/fr\/wp-content\/uploads\/sites\/7\/2022\/02\/032050341.png","contentUrl":"https:\/\/drasanvi.com\/fr\/wp-content\/uploads\/sites\/7\/2022\/02\/032050341.png","width":1000,"height":1000},{"@type":"BreadcrumbList","@id":"https:\/\/drasanvi.com\/fr\/producto\/b-life-alkaline-life\/#breadcrumb","itemListElement":[{"@type":"ListItem","position":1,"name":"Portada","item":"https:\/\/drasanvi.com\/fr\/"},{"@type":"ListItem","position":2,"name":"Tienda","item":"https:\/\/drasanvi.com\/fr\/tienda\/"},{"@type":"ListItem","position":3,"name":"B-Life Alkaline life"}]},{"@type":"WebSite","@id":"https:\/\/drasanvi.com\/fr\/#website","url":"https:\/\/drasanvi.com\/fr\/","name":"Drasanvi Francia","description":"L\u00edder en complementos alimenticios y cosm\u00e9tica natural.","publisher":{"@id":"https:\/\/drasanvi.com\/fr\/#organization"},"potentialAction":[{"@type":"SearchAction","target":{"@type":"EntryPoint","urlTemplate":"https:\/\/drasanvi.com\/fr\/?s={search_term_string}"},"query-input":{"@type":"PropertyValueSpecification","valueRequired":true,"valueName":"search_term_string"}}],"inLanguage":"fr-FR"},{"@type":"Organization","@id":"https:\/\/drasanvi.com\/fr\/#organization","name":"Drasanvi","url":"https:\/\/drasanvi.com\/fr\/","logo":{"@type":"ImageObject","inLanguage":"fr-FR","@id":"https:\/\/drasanvi.com\/fr\/#\/schema\/logo\/image\/","url":"https:\/\/drasanvi.com\/wp-content\/uploads\/sites\/7\/2021\/07\/logo-drasanvi.png","contentUrl":"https:\/\/drasanvi.com\/wp-content\/uploads\/sites\/7\/2021\/07\/logo-drasanvi.png","width":900,"height":300,"caption":"Drasanvi"},"image":{"@id":"https:\/\/drasanvi.com\/fr\/#\/schema\/logo\/image\/"}}]}},"_links":{"self":[{"href":"https:\/\/drasanvi.com\/fr\/wp-json\/wp\/v2\/product\/13226","targetHints":{"allow":["GET"]}}],"collection":[{"href":"https:\/\/drasanvi.com\/fr\/wp-json\/wp\/v2\/product"}],"about":[{"href":"https:\/\/drasanvi.com\/fr\/wp-json\/wp\/v2\/types\/product"}],"version-history":[{"count":0,"href":"https:\/\/drasanvi.com\/fr\/wp-json\/wp\/v2\/product\/13226\/revisions"}],"wp:featuredmedia":[{"embeddable":true,"href":"https:\/\/drasanvi.com\/fr\/wp-json\/wp\/v2\/media\/19761"}],"wp:attachment":[{"href":"https:\/\/drasanvi.com\/fr\/wp-json\/wp\/v2\/media?parent=13226"}],"wp:term":[{"taxonomy":"product_cat","embeddable":true,"href":"https:\/\/drasanvi.com\/fr\/wp-json\/wp\/v2\/product_cat?post=13226"},{"taxonomy":"product_tag","embeddable":true,"href":"https:\/\/drasanvi.com\/fr\/wp-json\/wp\/v2\/product_tag?post=13226"}],"curies":[{"name":"wp","href":"https:\/\/api.w.org\/{rel}","templated":true}]}}