{"id":13218,"date":"2022-02-28T14:59:41","date_gmt":"2022-02-28T12:59:41","guid":{"rendered":"https:\/\/drasanvi.com\/fr\/?post_type=product&#038;p=13218"},"modified":"2022-03-10T14:13:05","modified_gmt":"2022-03-10T12:13:05","slug":"b-life-green-life","status":"publish","type":"product","link":"https:\/\/drasanvi.com\/fr\/producto\/b-life-green-life\/","title":{"rendered":"B-Life Green life"},"content":{"rendered":"<h2>Ingredientes<\/h2>\n<p>Ingredientes  Cantidad dosis diaria      Concentrado de manzana  7200 mg      Extracto seco de AlcachofaCynara scolymus L.  360 mg      Extracto seco de Cardo MarianoSilybum marianum (L.) Gaertner  240 mg      S-adenosilmetionina  120 mg      Extracto seco de Te VerdeCamellia sinensis (L.) Kuntze  120 mg      Colina  102 mg      Extracto Seco Chou KaleBrassica oleracea L.  60 mg      Extracto seco Esp\u00e1rragoAsparagus officinalis L.  60 mg      Extracto seco Diente de Le\u00f3nTaraxacum officinale Weber  60 mg      Extracto seco BrocoliBrassica oleracea italica  48 mg      KiwiActinidia deliciosa  36 mg      Extracto seco AbedulBetula alba  30 mg      Extracto Seco RemolachaBeta vulgaris L  24 mg      Extracto seco DesmodiumDesmodium ascendens (Sw.) DC  24 mg      Extracto seco Grosellero NegroRibes nigrum L.  21,6 mg      Extracto seco de PapayaCarica papaya L.  21,6 mg      Extracto seco PepinoCucumis sativus L.  21,6 mg      L-Glutation  18 mg      Extracto seco PerejilPetroselinum sativum Hoffm  12 mg      Selenito de sodioSelenio  0,072 mg31.68 \u00b5g      Otros Ingredientes: Agua, Sirope de \u00e1gave, potasio sorbato (conservante), Aroma de limon (Aroma) , Clorofilina (Colorante natural) y \u00e1cido c\u00edtrico (Acidificante)        \u00a0<\/p>\n<h2>Modo de uso<\/h2>\n<p>Consumir 30 ml al d\u00eda, preferiblemente en ayunas. Se puede tomar directamente o bien disuelto en agua, infusiones, zumos o batidos.<\/p>\n<h3>Presentaci\u00f3n<\/h3>\n<p>Envase de 500 ml (16.91 oz fl)<\/p>\n<h3>Advertencias<\/h3>\n<p>Complemento alimenticio a base de frutas, verduras, amino&aacute;cidos, vitaminas y minerales. Los complementos alimenticios no deben utilizarse como sustituto de una dieta equilibrada. No superar la dosis diaria expresamente recomendada. Mantener fuera del alcance de los ni&ntilde;os m&aacute;s peque&ntilde;os. Conservar en un lugar fresco y seco. Una vez abierto conservar en la nevera.<\/p>\n<h2>Informaci\u00f3n adicional<\/h2>\n<p>ingrediente  descripci\u00f3n  dosis diaria      Agua  \u00a0   21600 mg      Concentrado de manzana  \u00a0  7200 mg      Sirope de \u00c1gave  \u00a0  1200 mg      Extracto seco de Alcachofa  (Cynara scolymus L.)  360 mg      Extracto seco de Cardo Mariano  (Silybum marianum (L.) Gaertner)  240 mg      S-adenosil metionina  \u00a0  120 mg      Extracto seco de Te Verde  (Camellia sinensis (L.) Kuntze)  120 mg      Conservador  (Sorbato pot\u00e1sico)   120 mg      Colina  \u00a0  102 mg      Aroma\u00a0  (Aroma de lim\u00f3n)  72 mg      Extracto seco de Chou Kale  (Brassica oleracea L.)  60 mg      Extracto seco de Esp\u00e1rrago  (Asparagus officinalis L.)  60 mg      Extracto seco de Diente de Le\u00f3n  (Taraxacum officinale Weber)  60 mg      Colorante natural  (Clorofilina)   60 mg      Extracto seco de Brocoli  (Brassica oleracea italica)  48 mg      Kiwi  (Actinidia deliciosa)  36 mg      Acidulante  (\u00c1cido c\u00edtrico)  36 mg      Extracto seco de Abedul  (Betula alba)  30 mg      Extracto seco de Remolacha  (Beta vulgaris L.)  24 mg      Extracto seco de Desmodium  (Desmodium ascendens (Sw.) DC)  24 mg      Extracto seco de Grosellero Negro  (Ribes nigrum L.)  21,6 mg      Extracto seco de Papaya  (Carica papaya L.)  21,6 mg      Extracto seco de Pepino  (Cucumis sativus L.)   21,6 \u00a0mg      L-Glutation  \u00a0  18 mg      Extracto seco perejil  (Petroselinum sativum Hoffm)  12 mg      Selenito de Sodio  (Selenio 44%)  0,072 mg<\/p>\n<p>por dosis diaria (30 ml)\u00a0        \u00a0  Por 100 ml  Por dosis diaria (30ml)      Valor energ\u00e9tico  284 KJ (68 Kcal)  115.2 KJ (20.4 Kcal)      Grasas  < 0.5 g  < 0.15 g      De los cuales saturadas  < 0.1 g  < 0.03 g      Hidratos de carbono  16 g  4.8 g      De las cuales az\u00facares  13.7 g  4.11 g      Fibra  < 0.1 g  < 0.03 g      Prote\u00ednas  0.72 g  0.22 g      Sal  0,08 g  0,02 g        % VRN(Valores de Referencia Nutricionales)        Ingrediente  Porcentaje  Cantidad      Selenio  57,6 %  31,68 \u00b5g        % VRN(Valores de Referencia Nutricionales)\n<\/p>\n","protected":false},"excerpt":{"rendered":"<p>El c\u00famulo de toxinas en el organismo es el responsable de numerosos efectos indeseables. Un correcto funcionamiento del h\u00edgado, el \u00f3rgano detoxificante por excelencia, ayuda a mantener el cuerpo limpio.Nuestro concentrado verde combina a la perfecci\u00f3n numerosos ingredientes\u00a0interesantes para la salud hep\u00e1tica y su acci\u00f3n detoxificante.La utilizaci\u00f3n de extractos vegetales ayuda a concentrar, en poca dosis, el efecto de numerosas frutas y verduras ricas en L-glutation y S-Adenosinmetionina.Todo ello, con un agradable y refrescante sabor a lim\u00f3n.<br \/><a id=\"boton-ficha\" href=\"https:\/\/panel.drasanvi.com\/fichas\/1\/032050338\" target=\"_blank\" rel=\"noopener\">Ficha t\u00e9cnica<\/a><\/p>\n","protected":false},"featured_media":19763,"template":"","meta":{"inline_featured_image":false},"product_cat":[109],"product_tag":[],"class_list":["post-13218","product","type-product","status-publish","has-post-thumbnail","hentry","product_cat-peso-saludable","pa_contiene-altramuces-no","pa_contiene-apio-no","pa_contiene-cacahuetes-no","pa_contiene-crustaceos-no","pa_contiene-frutos-secos-no","pa_contiene-huevo-no","pa_contiene-leche-no","pa_contiene-moluscos-no","pa_contiene-mostaza-no","pa_contiene-pescado-no","pa_contiene-sesamo-no","pa_contiene-soja-no","pa_producto-bio-no","pa_producto-sin-gluten-si","pa_producto-vegano-si","pa_producto-vegetariano-no"],"yoast_head":"<!-- This site is optimized with the Yoast SEO plugin v27.5 - https:\/\/yoast.com\/product\/yoast-seo-wordpress\/ -->\n<title>B-Life Green life - Drasanvi Francia<\/title>\n<meta name=\"robots\" content=\"index, follow, max-snippet:-1, max-image-preview:large, max-video-preview:-1\" \/>\n<link rel=\"canonical\" href=\"https:\/\/drasanvi.com\/fr\/producto\/b-life-green-life\/\" \/>\n<meta property=\"og:locale\" content=\"fr_FR\" \/>\n<meta property=\"og:type\" content=\"article\" \/>\n<meta property=\"og:title\" content=\"B-Life Green life - Drasanvi Francia\" \/>\n<meta property=\"og:description\" content=\"El c\u00famulo de toxinas en el organismo es el responsable de numerosos efectos indeseables. Un correcto funcionamiento del h\u00edgado, el \u00f3rgano detoxificante por excelencia, ayuda a mantener el cuerpo limpio.Nuestro concentrado verde combina a la perfecci\u00f3n numerosos ingredientes\u00a0interesantes para la salud hep\u00e1tica y su acci\u00f3n detoxificante.La utilizaci\u00f3n de extractos vegetales ayuda a concentrar, en poca dosis, el efecto de numerosas frutas y verduras ricas en L-glutation y S-Adenosinmetionina.Todo ello, con un agradable y refrescante sabor a lim\u00f3n.Ficha t\u00e9cnica\" \/>\n<meta property=\"og:url\" content=\"https:\/\/drasanvi.com\/fr\/producto\/b-life-green-life\/\" \/>\n<meta property=\"og:site_name\" content=\"Drasanvi Francia\" \/>\n<meta property=\"article:modified_time\" content=\"2022-03-10T12:13:05+00:00\" \/>\n<meta property=\"og:image\" content=\"https:\/\/drasanvi.com\/wp-content\/uploads\/sites\/7\/2022\/02\/032050338.png\" \/>\n\t<meta property=\"og:image:width\" content=\"1000\" \/>\n\t<meta property=\"og:image:height\" content=\"1000\" \/>\n\t<meta property=\"og:image:type\" content=\"image\/png\" \/>\n<meta name=\"twitter:card\" content=\"summary_large_image\" \/>\n<script type=\"application\/ld+json\" class=\"yoast-schema-graph\">{\"@context\":\"https:\\\/\\\/schema.org\",\"@graph\":[{\"@type\":\"WebPage\",\"@id\":\"https:\\\/\\\/drasanvi.com\\\/fr\\\/producto\\\/b-life-green-life\\\/\",\"url\":\"https:\\\/\\\/drasanvi.com\\\/fr\\\/producto\\\/b-life-green-life\\\/\",\"name\":\"B-Life Green life - Drasanvi Francia\",\"isPartOf\":{\"@id\":\"https:\\\/\\\/drasanvi.com\\\/fr\\\/#website\"},\"primaryImageOfPage\":{\"@id\":\"https:\\\/\\\/drasanvi.com\\\/fr\\\/producto\\\/b-life-green-life\\\/#primaryimage\"},\"image\":{\"@id\":\"https:\\\/\\\/drasanvi.com\\\/fr\\\/producto\\\/b-life-green-life\\\/#primaryimage\"},\"thumbnailUrl\":\"https:\\\/\\\/drasanvi.com\\\/fr\\\/wp-content\\\/uploads\\\/sites\\\/7\\\/2022\\\/02\\\/032050338.png\",\"datePublished\":\"2022-02-28T12:59:41+00:00\",\"dateModified\":\"2022-03-10T12:13:05+00:00\",\"breadcrumb\":{\"@id\":\"https:\\\/\\\/drasanvi.com\\\/fr\\\/producto\\\/b-life-green-life\\\/#breadcrumb\"},\"inLanguage\":\"fr-FR\",\"potentialAction\":[{\"@type\":\"ReadAction\",\"target\":[\"https:\\\/\\\/drasanvi.com\\\/fr\\\/producto\\\/b-life-green-life\\\/\"]}]},{\"@type\":\"ImageObject\",\"inLanguage\":\"fr-FR\",\"@id\":\"https:\\\/\\\/drasanvi.com\\\/fr\\\/producto\\\/b-life-green-life\\\/#primaryimage\",\"url\":\"https:\\\/\\\/drasanvi.com\\\/fr\\\/wp-content\\\/uploads\\\/sites\\\/7\\\/2022\\\/02\\\/032050338.png\",\"contentUrl\":\"https:\\\/\\\/drasanvi.com\\\/fr\\\/wp-content\\\/uploads\\\/sites\\\/7\\\/2022\\\/02\\\/032050338.png\",\"width\":1000,\"height\":1000},{\"@type\":\"BreadcrumbList\",\"@id\":\"https:\\\/\\\/drasanvi.com\\\/fr\\\/producto\\\/b-life-green-life\\\/#breadcrumb\",\"itemListElement\":[{\"@type\":\"ListItem\",\"position\":1,\"name\":\"Portada\",\"item\":\"https:\\\/\\\/drasanvi.com\\\/fr\\\/\"},{\"@type\":\"ListItem\",\"position\":2,\"name\":\"Tienda\",\"item\":\"https:\\\/\\\/drasanvi.com\\\/fr\\\/tienda\\\/\"},{\"@type\":\"ListItem\",\"position\":3,\"name\":\"B-Life Green life\"}]},{\"@type\":\"WebSite\",\"@id\":\"https:\\\/\\\/drasanvi.com\\\/fr\\\/#website\",\"url\":\"https:\\\/\\\/drasanvi.com\\\/fr\\\/\",\"name\":\"Drasanvi Francia\",\"description\":\"L\u00edder en complementos alimenticios y cosm\u00e9tica natural.\",\"publisher\":{\"@id\":\"https:\\\/\\\/drasanvi.com\\\/fr\\\/#organization\"},\"potentialAction\":[{\"@type\":\"SearchAction\",\"target\":{\"@type\":\"EntryPoint\",\"urlTemplate\":\"https:\\\/\\\/drasanvi.com\\\/fr\\\/?s={search_term_string}\"},\"query-input\":{\"@type\":\"PropertyValueSpecification\",\"valueRequired\":true,\"valueName\":\"search_term_string\"}}],\"inLanguage\":\"fr-FR\"},{\"@type\":\"Organization\",\"@id\":\"https:\\\/\\\/drasanvi.com\\\/fr\\\/#organization\",\"name\":\"Drasanvi\",\"url\":\"https:\\\/\\\/drasanvi.com\\\/fr\\\/\",\"logo\":{\"@type\":\"ImageObject\",\"inLanguage\":\"fr-FR\",\"@id\":\"https:\\\/\\\/drasanvi.com\\\/fr\\\/#\\\/schema\\\/logo\\\/image\\\/\",\"url\":\"https:\\\/\\\/drasanvi.com\\\/wp-content\\\/uploads\\\/sites\\\/7\\\/2021\\\/07\\\/logo-drasanvi.png\",\"contentUrl\":\"https:\\\/\\\/drasanvi.com\\\/wp-content\\\/uploads\\\/sites\\\/7\\\/2021\\\/07\\\/logo-drasanvi.png\",\"width\":900,\"height\":300,\"caption\":\"Drasanvi\"},\"image\":{\"@id\":\"https:\\\/\\\/drasanvi.com\\\/fr\\\/#\\\/schema\\\/logo\\\/image\\\/\"}}]}<\/script>\n<!-- \/ Yoast SEO plugin. -->","yoast_head_json":{"title":"B-Life Green life - Drasanvi Francia","robots":{"index":"index","follow":"follow","max-snippet":"max-snippet:-1","max-image-preview":"max-image-preview:large","max-video-preview":"max-video-preview:-1"},"canonical":"https:\/\/drasanvi.com\/fr\/producto\/b-life-green-life\/","og_locale":"fr_FR","og_type":"article","og_title":"B-Life Green life - Drasanvi Francia","og_description":"El c\u00famulo de toxinas en el organismo es el responsable de numerosos efectos indeseables. Un correcto funcionamiento del h\u00edgado, el \u00f3rgano detoxificante por excelencia, ayuda a mantener el cuerpo limpio.Nuestro concentrado verde combina a la perfecci\u00f3n numerosos ingredientes\u00a0interesantes para la salud hep\u00e1tica y su acci\u00f3n detoxificante.La utilizaci\u00f3n de extractos vegetales ayuda a concentrar, en poca dosis, el efecto de numerosas frutas y verduras ricas en L-glutation y S-Adenosinmetionina.Todo ello, con un agradable y refrescante sabor a lim\u00f3n.Ficha t\u00e9cnica","og_url":"https:\/\/drasanvi.com\/fr\/producto\/b-life-green-life\/","og_site_name":"Drasanvi Francia","article_modified_time":"2022-03-10T12:13:05+00:00","og_image":[{"width":1000,"height":1000,"url":"https:\/\/drasanvi.com\/wp-content\/uploads\/sites\/7\/2022\/02\/032050338.png","type":"image\/png"}],"twitter_card":"summary_large_image","schema":{"@context":"https:\/\/schema.org","@graph":[{"@type":"WebPage","@id":"https:\/\/drasanvi.com\/fr\/producto\/b-life-green-life\/","url":"https:\/\/drasanvi.com\/fr\/producto\/b-life-green-life\/","name":"B-Life Green life - Drasanvi Francia","isPartOf":{"@id":"https:\/\/drasanvi.com\/fr\/#website"},"primaryImageOfPage":{"@id":"https:\/\/drasanvi.com\/fr\/producto\/b-life-green-life\/#primaryimage"},"image":{"@id":"https:\/\/drasanvi.com\/fr\/producto\/b-life-green-life\/#primaryimage"},"thumbnailUrl":"https:\/\/drasanvi.com\/fr\/wp-content\/uploads\/sites\/7\/2022\/02\/032050338.png","datePublished":"2022-02-28T12:59:41+00:00","dateModified":"2022-03-10T12:13:05+00:00","breadcrumb":{"@id":"https:\/\/drasanvi.com\/fr\/producto\/b-life-green-life\/#breadcrumb"},"inLanguage":"fr-FR","potentialAction":[{"@type":"ReadAction","target":["https:\/\/drasanvi.com\/fr\/producto\/b-life-green-life\/"]}]},{"@type":"ImageObject","inLanguage":"fr-FR","@id":"https:\/\/drasanvi.com\/fr\/producto\/b-life-green-life\/#primaryimage","url":"https:\/\/drasanvi.com\/fr\/wp-content\/uploads\/sites\/7\/2022\/02\/032050338.png","contentUrl":"https:\/\/drasanvi.com\/fr\/wp-content\/uploads\/sites\/7\/2022\/02\/032050338.png","width":1000,"height":1000},{"@type":"BreadcrumbList","@id":"https:\/\/drasanvi.com\/fr\/producto\/b-life-green-life\/#breadcrumb","itemListElement":[{"@type":"ListItem","position":1,"name":"Portada","item":"https:\/\/drasanvi.com\/fr\/"},{"@type":"ListItem","position":2,"name":"Tienda","item":"https:\/\/drasanvi.com\/fr\/tienda\/"},{"@type":"ListItem","position":3,"name":"B-Life Green life"}]},{"@type":"WebSite","@id":"https:\/\/drasanvi.com\/fr\/#website","url":"https:\/\/drasanvi.com\/fr\/","name":"Drasanvi Francia","description":"L\u00edder en complementos alimenticios y cosm\u00e9tica natural.","publisher":{"@id":"https:\/\/drasanvi.com\/fr\/#organization"},"potentialAction":[{"@type":"SearchAction","target":{"@type":"EntryPoint","urlTemplate":"https:\/\/drasanvi.com\/fr\/?s={search_term_string}"},"query-input":{"@type":"PropertyValueSpecification","valueRequired":true,"valueName":"search_term_string"}}],"inLanguage":"fr-FR"},{"@type":"Organization","@id":"https:\/\/drasanvi.com\/fr\/#organization","name":"Drasanvi","url":"https:\/\/drasanvi.com\/fr\/","logo":{"@type":"ImageObject","inLanguage":"fr-FR","@id":"https:\/\/drasanvi.com\/fr\/#\/schema\/logo\/image\/","url":"https:\/\/drasanvi.com\/wp-content\/uploads\/sites\/7\/2021\/07\/logo-drasanvi.png","contentUrl":"https:\/\/drasanvi.com\/wp-content\/uploads\/sites\/7\/2021\/07\/logo-drasanvi.png","width":900,"height":300,"caption":"Drasanvi"},"image":{"@id":"https:\/\/drasanvi.com\/fr\/#\/schema\/logo\/image\/"}}]}},"_links":{"self":[{"href":"https:\/\/drasanvi.com\/fr\/wp-json\/wp\/v2\/product\/13218","targetHints":{"allow":["GET"]}}],"collection":[{"href":"https:\/\/drasanvi.com\/fr\/wp-json\/wp\/v2\/product"}],"about":[{"href":"https:\/\/drasanvi.com\/fr\/wp-json\/wp\/v2\/types\/product"}],"version-history":[{"count":0,"href":"https:\/\/drasanvi.com\/fr\/wp-json\/wp\/v2\/product\/13218\/revisions"}],"wp:featuredmedia":[{"embeddable":true,"href":"https:\/\/drasanvi.com\/fr\/wp-json\/wp\/v2\/media\/19763"}],"wp:attachment":[{"href":"https:\/\/drasanvi.com\/fr\/wp-json\/wp\/v2\/media?parent=13218"}],"wp:term":[{"taxonomy":"product_cat","embeddable":true,"href":"https:\/\/drasanvi.com\/fr\/wp-json\/wp\/v2\/product_cat?post=13218"},{"taxonomy":"product_tag","embeddable":true,"href":"https:\/\/drasanvi.com\/fr\/wp-json\/wp\/v2\/product_tag?post=13218"}],"curies":[{"name":"wp","href":"https:\/\/api.w.org\/{rel}","templated":true}]}}