{"id":13207,"date":"2022-02-28T14:59:41","date_gmt":"2022-02-28T12:59:41","guid":{"rendered":"https:\/\/drasanvi.com\/fr\/?post_type=product&#038;p=13207"},"modified":"2022-03-10T14:13:04","modified_gmt":"2022-03-10T12:13:04","slug":"b-life-red-life","status":"publish","type":"product","link":"https:\/\/drasanvi.com\/fr\/producto\/b-life-red-life\/","title":{"rendered":"B-Life Red Life"},"content":{"rendered":"<h2>Ingredientes<\/h2>\n<p>Ingredientes  mg \/ Dosis diaria      Extracto seco de Nuez de Cola Cola acuminata  180 mg      Extracto seco de Nopal Opuntia ficus-barbarica A. Berger  180 mg      Extracto de Vid Roja Vitis vinifera L.  144 mg      Extracto Naranja Sangunina Citrus \u00d7 sinensis 2   120 mg      Fortskolina Coleus forskohlii  114 mg      Extracto Seco Zanahoria Daucus carota L.  60 mg      Extracto seco de Te Rojo Camellia sinensis  60 mg      Extracto seco Aloe 200:1 Aloe barbadensis  60 mg      Extracto seco Moringa Moringa oleifera  60 mg      Extracto seco de Achicoria Cichorium intybus L.  48 mg      Extracto seco de Remolacha Beta vulgaris L.  36 mg      Extracto seco de Tamarindo Tamarindus indica L  36 mg      Otros Ingredientes: Concentrado de Uva, Mirtilo e Hibisco, Aroma de frutas del bosque, Sorbato pot\u00e1sico (conservante) y \u00e1cido c\u00edtrico (acidificante)        \u00a0<\/p>\n<h2>Modo de uso<\/h2>\n<p>Consumir 30 ml al d\u00eda, preferiblemente en ayunas.Se puede tomar directamente o bien disuelto en agua, infusiones, zumos o batidos.<\/p>\n<h3>Presentaci\u00f3n<\/h3>\n<p>Envase de 500 ml (16,91 oz fl)<\/p>\n<h3>Advertencias<\/h3>\n<p>No superar la dosis diaria expresamente recomendada; Los complementos alimenticios no deben utilizarse como sustituto de una dieta equilibrada; Mantener fuera del alcance de los ni&ntilde;os m&aacute;s peque&ntilde;os. Conservar en un lugar fresco y seco. Una vez abierto conservar en la nevera. No consumir durante el embarazo, la lactancia ni&nbsp; menores de 18 a&ntilde;os.<\/p>\n<h2>Informaci\u00f3n adicional<\/h2>\n<p>Ingrediente  Descripci\u00f3n  Dosis diaria      Concentrado de uva Roja  \u00a0  6000 mg      Concentrado de Mirtilo  \u00a0  1200 mg      Extracto seco de Nuez de Cola  (Cola acuminata)  180 mg      Extracto seco de Nopal  (Opuntia ficus-barbarica A. Berger)  180 mg      Aroma  (Aroma de frutos del bosque)  180 mg       Extracto de Vid Roja  (Vitis vinifera L.)  144 mg      Extracto Naranja Sanguina  (Citrus \u00d7 sinensis)   120 mg      Conservador  (Sorbato pot\u00e1sico)  120 mg       Fortskolina  (Coleus forskohlii)  114 mg      Extracto Seca Zanahoria  (Daucus carota L.)  60 mg      Extracto seco de Te Rojo  (Camellia sinensis)  60 mg      Extracto seco Aloe 200:1  (Aloe barbadensis)  60 mg      Extracto seco Moringa  (Moringa oleifera)  60 mg      Concentrado de Hibisco  \u00a0  60 mg      Extracto seco de Achicoria  (Cichorium intybus L.)  48 mg      Extracto seco de Remolacha  (Beta vulgaris L.)  36 mg      Extracto seco de Tamarindo  (Tamarindus indica L.)  36 mg      Acidulante  (\u00c1cido c\u00edtrico)  36 mg<\/p>\n<p>por cada 100 ml        \u00a0  Por 100 ml  Por dosis diaria      Valor energ\u00e9tico  259 KJ (62 Kcal)  77.7 KJ (18.6 Kcal)      Grasas  < 0.5 g  < 0.15 g      De los cuales saturadas  < 0.1 g  < 0.03 g      Hidratos de carbono  15 g  4.5 g      De las cuales az\u00facares  12.9 g  3.87 g      Fibra  < 0.1 g  < 0.03 g      Prote\u00ednas  < 0.7 g\n<\/p>\n","protected":false},"excerpt":{"rendered":"<p>Durante una dieta de control del peso es clave actuar sobre cuatro factores:    El control del apetito  El metabolismo de las grasas  La liberaci\u00f3n de toxinas  El \u00f3ptimo tr\u00e1nsito intestinal    Nuestro concentrado rojo incorpora ingredientes que act\u00faan a diferentes niveles como apoyo en dietas de adelgazamiento.<br \/><a id=\"boton-ficha\" href=\"https:\/\/panel.drasanvi.com\/fichas\/1\/032050339\" target=\"_blank\" rel=\"noopener\">Ficha t\u00e9cnica<\/a><\/p>\n","protected":false},"featured_media":19765,"template":"","meta":{"inline_featured_image":false},"product_cat":[109],"product_tag":[],"class_list":["post-13207","product","type-product","status-publish","has-post-thumbnail","hentry","product_cat-peso-saludable","pa_contiene-altramuces-no","pa_contiene-apio-no","pa_contiene-cacahuetes-no","pa_contiene-crustaceos-no","pa_contiene-frutos-secos-no","pa_contiene-huevo-no","pa_contiene-leche-no","pa_contiene-moluscos-no","pa_contiene-mostaza-no","pa_contiene-pescado-no","pa_contiene-sesamo-no","pa_contiene-soja-no","pa_producto-bio-no","pa_producto-sin-gluten-si","pa_producto-vegano-si","pa_producto-vegetariano-no"],"yoast_head":"<!-- This site is optimized with the Yoast SEO plugin v27.5 - https:\/\/yoast.com\/product\/yoast-seo-wordpress\/ -->\n<title>B-Life Red Life - Drasanvi Francia<\/title>\n<meta name=\"robots\" content=\"index, follow, max-snippet:-1, max-image-preview:large, max-video-preview:-1\" \/>\n<link rel=\"canonical\" href=\"https:\/\/drasanvi.com\/fr\/producto\/b-life-red-life\/\" \/>\n<meta property=\"og:locale\" content=\"fr_FR\" \/>\n<meta property=\"og:type\" content=\"article\" \/>\n<meta property=\"og:title\" content=\"B-Life Red Life - Drasanvi Francia\" \/>\n<meta property=\"og:description\" content=\"Durante una dieta de control del peso es clave actuar sobre cuatro factores:  El control del apetito El metabolismo de las grasas La liberaci\u00f3n de toxinas El \u00f3ptimo tr\u00e1nsito intestinal  Nuestro concentrado rojo incorpora ingredientes que act\u00faan a diferentes niveles como apoyo en dietas de adelgazamiento.Ficha t\u00e9cnica\" \/>\n<meta property=\"og:url\" content=\"https:\/\/drasanvi.com\/fr\/producto\/b-life-red-life\/\" \/>\n<meta property=\"og:site_name\" content=\"Drasanvi Francia\" \/>\n<meta property=\"article:modified_time\" content=\"2022-03-10T12:13:04+00:00\" \/>\n<meta property=\"og:image\" content=\"https:\/\/drasanvi.com\/wp-content\/uploads\/sites\/7\/2022\/02\/032050339.png\" \/>\n\t<meta property=\"og:image:width\" content=\"1000\" \/>\n\t<meta property=\"og:image:height\" content=\"1000\" \/>\n\t<meta property=\"og:image:type\" content=\"image\/png\" \/>\n<meta name=\"twitter:card\" content=\"summary_large_image\" \/>\n<script type=\"application\/ld+json\" class=\"yoast-schema-graph\">{\"@context\":\"https:\\\/\\\/schema.org\",\"@graph\":[{\"@type\":\"WebPage\",\"@id\":\"https:\\\/\\\/drasanvi.com\\\/fr\\\/producto\\\/b-life-red-life\\\/\",\"url\":\"https:\\\/\\\/drasanvi.com\\\/fr\\\/producto\\\/b-life-red-life\\\/\",\"name\":\"B-Life Red Life - Drasanvi Francia\",\"isPartOf\":{\"@id\":\"https:\\\/\\\/drasanvi.com\\\/fr\\\/#website\"},\"primaryImageOfPage\":{\"@id\":\"https:\\\/\\\/drasanvi.com\\\/fr\\\/producto\\\/b-life-red-life\\\/#primaryimage\"},\"image\":{\"@id\":\"https:\\\/\\\/drasanvi.com\\\/fr\\\/producto\\\/b-life-red-life\\\/#primaryimage\"},\"thumbnailUrl\":\"https:\\\/\\\/drasanvi.com\\\/fr\\\/wp-content\\\/uploads\\\/sites\\\/7\\\/2022\\\/02\\\/032050339.png\",\"datePublished\":\"2022-02-28T12:59:41+00:00\",\"dateModified\":\"2022-03-10T12:13:04+00:00\",\"breadcrumb\":{\"@id\":\"https:\\\/\\\/drasanvi.com\\\/fr\\\/producto\\\/b-life-red-life\\\/#breadcrumb\"},\"inLanguage\":\"fr-FR\",\"potentialAction\":[{\"@type\":\"ReadAction\",\"target\":[\"https:\\\/\\\/drasanvi.com\\\/fr\\\/producto\\\/b-life-red-life\\\/\"]}]},{\"@type\":\"ImageObject\",\"inLanguage\":\"fr-FR\",\"@id\":\"https:\\\/\\\/drasanvi.com\\\/fr\\\/producto\\\/b-life-red-life\\\/#primaryimage\",\"url\":\"https:\\\/\\\/drasanvi.com\\\/fr\\\/wp-content\\\/uploads\\\/sites\\\/7\\\/2022\\\/02\\\/032050339.png\",\"contentUrl\":\"https:\\\/\\\/drasanvi.com\\\/fr\\\/wp-content\\\/uploads\\\/sites\\\/7\\\/2022\\\/02\\\/032050339.png\",\"width\":1000,\"height\":1000},{\"@type\":\"BreadcrumbList\",\"@id\":\"https:\\\/\\\/drasanvi.com\\\/fr\\\/producto\\\/b-life-red-life\\\/#breadcrumb\",\"itemListElement\":[{\"@type\":\"ListItem\",\"position\":1,\"name\":\"Portada\",\"item\":\"https:\\\/\\\/drasanvi.com\\\/fr\\\/\"},{\"@type\":\"ListItem\",\"position\":2,\"name\":\"Tienda\",\"item\":\"https:\\\/\\\/drasanvi.com\\\/fr\\\/tienda\\\/\"},{\"@type\":\"ListItem\",\"position\":3,\"name\":\"B-Life Red Life\"}]},{\"@type\":\"WebSite\",\"@id\":\"https:\\\/\\\/drasanvi.com\\\/fr\\\/#website\",\"url\":\"https:\\\/\\\/drasanvi.com\\\/fr\\\/\",\"name\":\"Drasanvi Francia\",\"description\":\"L\u00edder en complementos alimenticios y cosm\u00e9tica natural.\",\"publisher\":{\"@id\":\"https:\\\/\\\/drasanvi.com\\\/fr\\\/#organization\"},\"potentialAction\":[{\"@type\":\"SearchAction\",\"target\":{\"@type\":\"EntryPoint\",\"urlTemplate\":\"https:\\\/\\\/drasanvi.com\\\/fr\\\/?s={search_term_string}\"},\"query-input\":{\"@type\":\"PropertyValueSpecification\",\"valueRequired\":true,\"valueName\":\"search_term_string\"}}],\"inLanguage\":\"fr-FR\"},{\"@type\":\"Organization\",\"@id\":\"https:\\\/\\\/drasanvi.com\\\/fr\\\/#organization\",\"name\":\"Drasanvi\",\"url\":\"https:\\\/\\\/drasanvi.com\\\/fr\\\/\",\"logo\":{\"@type\":\"ImageObject\",\"inLanguage\":\"fr-FR\",\"@id\":\"https:\\\/\\\/drasanvi.com\\\/fr\\\/#\\\/schema\\\/logo\\\/image\\\/\",\"url\":\"https:\\\/\\\/drasanvi.com\\\/wp-content\\\/uploads\\\/sites\\\/7\\\/2021\\\/07\\\/logo-drasanvi.png\",\"contentUrl\":\"https:\\\/\\\/drasanvi.com\\\/wp-content\\\/uploads\\\/sites\\\/7\\\/2021\\\/07\\\/logo-drasanvi.png\",\"width\":900,\"height\":300,\"caption\":\"Drasanvi\"},\"image\":{\"@id\":\"https:\\\/\\\/drasanvi.com\\\/fr\\\/#\\\/schema\\\/logo\\\/image\\\/\"}}]}<\/script>\n<!-- \/ Yoast SEO plugin. -->","yoast_head_json":{"title":"B-Life Red Life - Drasanvi Francia","robots":{"index":"index","follow":"follow","max-snippet":"max-snippet:-1","max-image-preview":"max-image-preview:large","max-video-preview":"max-video-preview:-1"},"canonical":"https:\/\/drasanvi.com\/fr\/producto\/b-life-red-life\/","og_locale":"fr_FR","og_type":"article","og_title":"B-Life Red Life - Drasanvi Francia","og_description":"Durante una dieta de control del peso es clave actuar sobre cuatro factores:  El control del apetito El metabolismo de las grasas La liberaci\u00f3n de toxinas El \u00f3ptimo tr\u00e1nsito intestinal  Nuestro concentrado rojo incorpora ingredientes que act\u00faan a diferentes niveles como apoyo en dietas de adelgazamiento.Ficha t\u00e9cnica","og_url":"https:\/\/drasanvi.com\/fr\/producto\/b-life-red-life\/","og_site_name":"Drasanvi Francia","article_modified_time":"2022-03-10T12:13:04+00:00","og_image":[{"width":1000,"height":1000,"url":"https:\/\/drasanvi.com\/wp-content\/uploads\/sites\/7\/2022\/02\/032050339.png","type":"image\/png"}],"twitter_card":"summary_large_image","schema":{"@context":"https:\/\/schema.org","@graph":[{"@type":"WebPage","@id":"https:\/\/drasanvi.com\/fr\/producto\/b-life-red-life\/","url":"https:\/\/drasanvi.com\/fr\/producto\/b-life-red-life\/","name":"B-Life Red Life - Drasanvi Francia","isPartOf":{"@id":"https:\/\/drasanvi.com\/fr\/#website"},"primaryImageOfPage":{"@id":"https:\/\/drasanvi.com\/fr\/producto\/b-life-red-life\/#primaryimage"},"image":{"@id":"https:\/\/drasanvi.com\/fr\/producto\/b-life-red-life\/#primaryimage"},"thumbnailUrl":"https:\/\/drasanvi.com\/fr\/wp-content\/uploads\/sites\/7\/2022\/02\/032050339.png","datePublished":"2022-02-28T12:59:41+00:00","dateModified":"2022-03-10T12:13:04+00:00","breadcrumb":{"@id":"https:\/\/drasanvi.com\/fr\/producto\/b-life-red-life\/#breadcrumb"},"inLanguage":"fr-FR","potentialAction":[{"@type":"ReadAction","target":["https:\/\/drasanvi.com\/fr\/producto\/b-life-red-life\/"]}]},{"@type":"ImageObject","inLanguage":"fr-FR","@id":"https:\/\/drasanvi.com\/fr\/producto\/b-life-red-life\/#primaryimage","url":"https:\/\/drasanvi.com\/fr\/wp-content\/uploads\/sites\/7\/2022\/02\/032050339.png","contentUrl":"https:\/\/drasanvi.com\/fr\/wp-content\/uploads\/sites\/7\/2022\/02\/032050339.png","width":1000,"height":1000},{"@type":"BreadcrumbList","@id":"https:\/\/drasanvi.com\/fr\/producto\/b-life-red-life\/#breadcrumb","itemListElement":[{"@type":"ListItem","position":1,"name":"Portada","item":"https:\/\/drasanvi.com\/fr\/"},{"@type":"ListItem","position":2,"name":"Tienda","item":"https:\/\/drasanvi.com\/fr\/tienda\/"},{"@type":"ListItem","position":3,"name":"B-Life Red Life"}]},{"@type":"WebSite","@id":"https:\/\/drasanvi.com\/fr\/#website","url":"https:\/\/drasanvi.com\/fr\/","name":"Drasanvi Francia","description":"L\u00edder en complementos alimenticios y cosm\u00e9tica natural.","publisher":{"@id":"https:\/\/drasanvi.com\/fr\/#organization"},"potentialAction":[{"@type":"SearchAction","target":{"@type":"EntryPoint","urlTemplate":"https:\/\/drasanvi.com\/fr\/?s={search_term_string}"},"query-input":{"@type":"PropertyValueSpecification","valueRequired":true,"valueName":"search_term_string"}}],"inLanguage":"fr-FR"},{"@type":"Organization","@id":"https:\/\/drasanvi.com\/fr\/#organization","name":"Drasanvi","url":"https:\/\/drasanvi.com\/fr\/","logo":{"@type":"ImageObject","inLanguage":"fr-FR","@id":"https:\/\/drasanvi.com\/fr\/#\/schema\/logo\/image\/","url":"https:\/\/drasanvi.com\/wp-content\/uploads\/sites\/7\/2021\/07\/logo-drasanvi.png","contentUrl":"https:\/\/drasanvi.com\/wp-content\/uploads\/sites\/7\/2021\/07\/logo-drasanvi.png","width":900,"height":300,"caption":"Drasanvi"},"image":{"@id":"https:\/\/drasanvi.com\/fr\/#\/schema\/logo\/image\/"}}]}},"_links":{"self":[{"href":"https:\/\/drasanvi.com\/fr\/wp-json\/wp\/v2\/product\/13207","targetHints":{"allow":["GET"]}}],"collection":[{"href":"https:\/\/drasanvi.com\/fr\/wp-json\/wp\/v2\/product"}],"about":[{"href":"https:\/\/drasanvi.com\/fr\/wp-json\/wp\/v2\/types\/product"}],"version-history":[{"count":0,"href":"https:\/\/drasanvi.com\/fr\/wp-json\/wp\/v2\/product\/13207\/revisions"}],"wp:featuredmedia":[{"embeddable":true,"href":"https:\/\/drasanvi.com\/fr\/wp-json\/wp\/v2\/media\/19765"}],"wp:attachment":[{"href":"https:\/\/drasanvi.com\/fr\/wp-json\/wp\/v2\/media?parent=13207"}],"wp:term":[{"taxonomy":"product_cat","embeddable":true,"href":"https:\/\/drasanvi.com\/fr\/wp-json\/wp\/v2\/product_cat?post=13207"},{"taxonomy":"product_tag","embeddable":true,"href":"https:\/\/drasanvi.com\/fr\/wp-json\/wp\/v2\/product_tag?post=13207"}],"curies":[{"name":"wp","href":"https:\/\/api.w.org\/{rel}","templated":true}]}}