{"id":13151,"date":"2022-02-28T15:15:00","date_gmt":"2022-02-28T13:15:00","guid":{"rendered":"https:\/\/drasanvi.com\/fr\/?post_type=product&#038;p=13151"},"modified":"2022-03-15T17:34:36","modified_gmt":"2022-03-15T15:34:36","slug":"pure-emotion-para-ella","status":"publish","type":"product","link":"https:\/\/drasanvi.com\/fr\/producto\/pure-emotion-para-ella\/","title":{"rendered":"Pure emotion para ella"},"content":{"rendered":"<h2>Ingredientes<\/h2>\n<p>Ingredientes Extracto seco de Fenogreco (Alholva) Trigonella foenum-graecum L. con aporte en 4-hidroxiisoleucina (1%) 300 mg 3 mg Extracto seco de Maca Lepidium meyenii Walp. (4:1) Equivalencia en planta 125 mg 500 mg Extracto seco de Damiana Turnera diffusa Willd. var. aphrodisiaca Urb. Con aporte en Flavonoides (1,5%) 125 mg 1,875 mg L-arginina 100 mg Extracto seco de Ang\u00e9lica Angelica archangelica L. con aporte en Ligustilide (1%) 100 mg 1 mg Extracto seco de Ruscus Ruscus aculeatus L. con aporte en saponinas (5%) 100 mg 5 mg Vitamina B6 Como Piridoxina clorhidrato 1,4 mg Otros ingredientes: Hidroxipropilmetilcelulosa, Celulosa microcristalina, Magnesio estearato y Di\u00f3xido de Silicio.<\/p>\n<h2>Modo de uso<\/h2>\n<p>Modo de empleo: Tomar una c\u00e1psula por las ma\u00f1anas y una c\u00e1psula 12 horas despu\u00e9s. Dosis diaria recomendada: 2 c\u00e1psulas al d\u00eda.<\/p>\n<h3>Presentaci\u00f3n<\/h3>\n<p>60 c\u00e1psulas vegetales de 740mg. Peso neto: 44,4g (1.56oz)<\/p>\n<h3>Advertencias<\/h3>\n<p>Complemento alimenticio a base de plantas y vitamina B6. No superar la dosis diaria expresamente recomendada; Los complementos alimenticios no deben utilizarse como sustituto de una dieta equilibrada; Mantener fuera del alcance de los ni\u00f1os m\u00e1s peque\u00f1os. Conservar en un lugar fresco y seco.<\/p>\n<h2>Informaci\u00f3n adicional<\/h2>\n<p>Ingredientes descripcion dosis Extracto seco de Fenogreco\/Alholva (Trigonella foenum-graecum L., 4-hidroxiisoleucina 1%) 300 mg Agente de recubrimiento (Hidroxipropilmetilcelulosa) 260 mg Agente de carga (Celulosa microcristalina) 230 mg Extracto seco de Maca (Lepidium meyenii Walp., ratio(4:1)) 125 mg Extracto seco de Damiana (Turnera diffusa Wild. Ex. Schultn, Flavonoides 1,5%) 125 mg Arginina \u00a0 100 mg Estracto seco de Ang\u00e9lica (Angelica sinensis Diels, Ligustilide 1%) 100 mg Extracto seco de Ruscus (Ruscus acuelatus L., Saponinas 5%) 100 mg Antiaglomerante (Di\u00f3xido de silicio) 70 mg Agente de carga (Estearato de magnesio) 70 mg Vitamina B6 (Piridoxina de clorhidrato) 1,4 mg<\/p>\n<p>Por dosis diaria (2 c\u00e1psulas) Ingrediente Porcentaje cantidad Vitamina B6 100% 1.4 mg % VRN (Valor de Referencia de Nutrientes)<\/p>\n","protected":false},"excerpt":{"rendered":"<p>Nuestro complemento est\u00e1 formado con una serie de extractos vegetales: Fenogreco, Maca, Ang\u00e9lica, Ruscus y Damiana, que contribuye a un buen apetito sexual, as\u00ed como la Arginina, un amino\u00e1cido de gran importancia. Adem\u00e1s, Pure emotion para ella, aporta Vitamina B6, que posee diversas funciones, entre las que destacan: Ayuda a disminuir el cansancio y la fatiga. Contribuye a la funci\u00f3n psicol\u00f3gica normal. Ayuda a regular la actividad hormonal.<br \/>\n<a id=\"boton-ficha\" href=\"https:\/\/panel.drasanvi.com\/fichas\/1\/032050290\" target=\"_blank\" rel=\"noopener\">Ficha t\u00e9cnica<\/a><\/p>\n","protected":false},"featured_media":20570,"template":"","meta":{"inline_featured_image":false},"product_cat":[112],"product_tag":[],"class_list":["post-13151","product","type-product","status-publish","has-post-thumbnail","hentry","product_cat-salud-sexual","pa_contiene-altramuces-no","pa_contiene-apio-no","pa_contiene-cacahuetes-no","pa_contiene-crustaceos-no","pa_contiene-frutos-secos-no","pa_contiene-huevo-no","pa_contiene-leche-no","pa_contiene-moluscos-no","pa_contiene-mostaza-no","pa_contiene-pescado-no","pa_contiene-sesamo-no","pa_contiene-soja-no","pa_producto-bio-no","pa_producto-sin-gluten-si","pa_producto-vegano-si","pa_producto-vegetariano-no"],"yoast_head":"<!-- This site is optimized with the Yoast SEO plugin v27.5 - https:\/\/yoast.com\/product\/yoast-seo-wordpress\/ -->\n<title>Pure emotion para ella - Drasanvi Francia<\/title>\n<meta name=\"robots\" content=\"index, follow, max-snippet:-1, max-image-preview:large, max-video-preview:-1\" \/>\n<link rel=\"canonical\" href=\"https:\/\/drasanvi.com\/fr\/producto\/pure-emotion-para-ella\/\" \/>\n<meta property=\"og:locale\" content=\"fr_FR\" \/>\n<meta property=\"og:type\" content=\"article\" \/>\n<meta property=\"og:title\" content=\"Pure emotion para ella - Drasanvi Francia\" \/>\n<meta property=\"og:description\" content=\"Nuestro complemento est\u00e1 formado con una serie de extractos vegetales: Fenogreco, Maca, Ang\u00e9lica, Ruscus y Damiana, que contribuye a un buen apetito sexual, as\u00ed como la Arginina, un amino\u00e1cido de gran importancia. Adem\u00e1s, Pure emotion para ella, aporta Vitamina B6, que posee diversas funciones, entre las que destacan: Ayuda a disminuir el cansancio y la fatiga. Contribuye a la funci\u00f3n psicol\u00f3gica normal. Ayuda a regular la actividad hormonal. Ficha t\u00e9cnica\" \/>\n<meta property=\"og:url\" content=\"https:\/\/drasanvi.com\/fr\/producto\/pure-emotion-para-ella\/\" \/>\n<meta property=\"og:site_name\" content=\"Drasanvi Francia\" \/>\n<meta property=\"article:modified_time\" content=\"2022-03-15T15:34:36+00:00\" \/>\n<meta property=\"og:image\" content=\"https:\/\/drasanvi.com\/wp-content\/uploads\/sites\/7\/2022\/02\/032050290.png\" \/>\n\t<meta property=\"og:image:width\" content=\"1000\" \/>\n\t<meta property=\"og:image:height\" content=\"1000\" \/>\n\t<meta property=\"og:image:type\" content=\"image\/png\" \/>\n<meta name=\"twitter:card\" content=\"summary_large_image\" \/>\n<script type=\"application\/ld+json\" class=\"yoast-schema-graph\">{\"@context\":\"https:\\\/\\\/schema.org\",\"@graph\":[{\"@type\":\"WebPage\",\"@id\":\"https:\\\/\\\/drasanvi.com\\\/fr\\\/producto\\\/pure-emotion-para-ella\\\/\",\"url\":\"https:\\\/\\\/drasanvi.com\\\/fr\\\/producto\\\/pure-emotion-para-ella\\\/\",\"name\":\"Pure emotion para ella - Drasanvi Francia\",\"isPartOf\":{\"@id\":\"https:\\\/\\\/drasanvi.com\\\/fr\\\/#website\"},\"primaryImageOfPage\":{\"@id\":\"https:\\\/\\\/drasanvi.com\\\/fr\\\/producto\\\/pure-emotion-para-ella\\\/#primaryimage\"},\"image\":{\"@id\":\"https:\\\/\\\/drasanvi.com\\\/fr\\\/producto\\\/pure-emotion-para-ella\\\/#primaryimage\"},\"thumbnailUrl\":\"https:\\\/\\\/drasanvi.com\\\/fr\\\/wp-content\\\/uploads\\\/sites\\\/7\\\/2022\\\/02\\\/032050290.png\",\"datePublished\":\"2022-02-28T13:15:00+00:00\",\"dateModified\":\"2022-03-15T15:34:36+00:00\",\"breadcrumb\":{\"@id\":\"https:\\\/\\\/drasanvi.com\\\/fr\\\/producto\\\/pure-emotion-para-ella\\\/#breadcrumb\"},\"inLanguage\":\"fr-FR\",\"potentialAction\":[{\"@type\":\"ReadAction\",\"target\":[\"https:\\\/\\\/drasanvi.com\\\/fr\\\/producto\\\/pure-emotion-para-ella\\\/\"]}]},{\"@type\":\"ImageObject\",\"inLanguage\":\"fr-FR\",\"@id\":\"https:\\\/\\\/drasanvi.com\\\/fr\\\/producto\\\/pure-emotion-para-ella\\\/#primaryimage\",\"url\":\"https:\\\/\\\/drasanvi.com\\\/fr\\\/wp-content\\\/uploads\\\/sites\\\/7\\\/2022\\\/02\\\/032050290.png\",\"contentUrl\":\"https:\\\/\\\/drasanvi.com\\\/fr\\\/wp-content\\\/uploads\\\/sites\\\/7\\\/2022\\\/02\\\/032050290.png\",\"width\":1000,\"height\":1000},{\"@type\":\"BreadcrumbList\",\"@id\":\"https:\\\/\\\/drasanvi.com\\\/fr\\\/producto\\\/pure-emotion-para-ella\\\/#breadcrumb\",\"itemListElement\":[{\"@type\":\"ListItem\",\"position\":1,\"name\":\"Portada\",\"item\":\"https:\\\/\\\/drasanvi.com\\\/fr\\\/\"},{\"@type\":\"ListItem\",\"position\":2,\"name\":\"Tienda\",\"item\":\"https:\\\/\\\/drasanvi.com\\\/fr\\\/tienda\\\/\"},{\"@type\":\"ListItem\",\"position\":3,\"name\":\"Pure emotion para ella\"}]},{\"@type\":\"WebSite\",\"@id\":\"https:\\\/\\\/drasanvi.com\\\/fr\\\/#website\",\"url\":\"https:\\\/\\\/drasanvi.com\\\/fr\\\/\",\"name\":\"Drasanvi Francia\",\"description\":\"L\u00edder en complementos alimenticios y cosm\u00e9tica natural.\",\"publisher\":{\"@id\":\"https:\\\/\\\/drasanvi.com\\\/fr\\\/#organization\"},\"potentialAction\":[{\"@type\":\"SearchAction\",\"target\":{\"@type\":\"EntryPoint\",\"urlTemplate\":\"https:\\\/\\\/drasanvi.com\\\/fr\\\/?s={search_term_string}\"},\"query-input\":{\"@type\":\"PropertyValueSpecification\",\"valueRequired\":true,\"valueName\":\"search_term_string\"}}],\"inLanguage\":\"fr-FR\"},{\"@type\":\"Organization\",\"@id\":\"https:\\\/\\\/drasanvi.com\\\/fr\\\/#organization\",\"name\":\"Drasanvi\",\"url\":\"https:\\\/\\\/drasanvi.com\\\/fr\\\/\",\"logo\":{\"@type\":\"ImageObject\",\"inLanguage\":\"fr-FR\",\"@id\":\"https:\\\/\\\/drasanvi.com\\\/fr\\\/#\\\/schema\\\/logo\\\/image\\\/\",\"url\":\"https:\\\/\\\/drasanvi.com\\\/wp-content\\\/uploads\\\/sites\\\/7\\\/2021\\\/07\\\/logo-drasanvi.png\",\"contentUrl\":\"https:\\\/\\\/drasanvi.com\\\/wp-content\\\/uploads\\\/sites\\\/7\\\/2021\\\/07\\\/logo-drasanvi.png\",\"width\":900,\"height\":300,\"caption\":\"Drasanvi\"},\"image\":{\"@id\":\"https:\\\/\\\/drasanvi.com\\\/fr\\\/#\\\/schema\\\/logo\\\/image\\\/\"}}]}<\/script>\n<!-- \/ Yoast SEO plugin. -->","yoast_head_json":{"title":"Pure emotion para ella - Drasanvi Francia","robots":{"index":"index","follow":"follow","max-snippet":"max-snippet:-1","max-image-preview":"max-image-preview:large","max-video-preview":"max-video-preview:-1"},"canonical":"https:\/\/drasanvi.com\/fr\/producto\/pure-emotion-para-ella\/","og_locale":"fr_FR","og_type":"article","og_title":"Pure emotion para ella - Drasanvi Francia","og_description":"Nuestro complemento est\u00e1 formado con una serie de extractos vegetales: Fenogreco, Maca, Ang\u00e9lica, Ruscus y Damiana, que contribuye a un buen apetito sexual, as\u00ed como la Arginina, un amino\u00e1cido de gran importancia. Adem\u00e1s, Pure emotion para ella, aporta Vitamina B6, que posee diversas funciones, entre las que destacan: Ayuda a disminuir el cansancio y la fatiga. Contribuye a la funci\u00f3n psicol\u00f3gica normal. Ayuda a regular la actividad hormonal. Ficha t\u00e9cnica","og_url":"https:\/\/drasanvi.com\/fr\/producto\/pure-emotion-para-ella\/","og_site_name":"Drasanvi Francia","article_modified_time":"2022-03-15T15:34:36+00:00","og_image":[{"width":1000,"height":1000,"url":"https:\/\/drasanvi.com\/wp-content\/uploads\/sites\/7\/2022\/02\/032050290.png","type":"image\/png"}],"twitter_card":"summary_large_image","schema":{"@context":"https:\/\/schema.org","@graph":[{"@type":"WebPage","@id":"https:\/\/drasanvi.com\/fr\/producto\/pure-emotion-para-ella\/","url":"https:\/\/drasanvi.com\/fr\/producto\/pure-emotion-para-ella\/","name":"Pure emotion para ella - Drasanvi Francia","isPartOf":{"@id":"https:\/\/drasanvi.com\/fr\/#website"},"primaryImageOfPage":{"@id":"https:\/\/drasanvi.com\/fr\/producto\/pure-emotion-para-ella\/#primaryimage"},"image":{"@id":"https:\/\/drasanvi.com\/fr\/producto\/pure-emotion-para-ella\/#primaryimage"},"thumbnailUrl":"https:\/\/drasanvi.com\/fr\/wp-content\/uploads\/sites\/7\/2022\/02\/032050290.png","datePublished":"2022-02-28T13:15:00+00:00","dateModified":"2022-03-15T15:34:36+00:00","breadcrumb":{"@id":"https:\/\/drasanvi.com\/fr\/producto\/pure-emotion-para-ella\/#breadcrumb"},"inLanguage":"fr-FR","potentialAction":[{"@type":"ReadAction","target":["https:\/\/drasanvi.com\/fr\/producto\/pure-emotion-para-ella\/"]}]},{"@type":"ImageObject","inLanguage":"fr-FR","@id":"https:\/\/drasanvi.com\/fr\/producto\/pure-emotion-para-ella\/#primaryimage","url":"https:\/\/drasanvi.com\/fr\/wp-content\/uploads\/sites\/7\/2022\/02\/032050290.png","contentUrl":"https:\/\/drasanvi.com\/fr\/wp-content\/uploads\/sites\/7\/2022\/02\/032050290.png","width":1000,"height":1000},{"@type":"BreadcrumbList","@id":"https:\/\/drasanvi.com\/fr\/producto\/pure-emotion-para-ella\/#breadcrumb","itemListElement":[{"@type":"ListItem","position":1,"name":"Portada","item":"https:\/\/drasanvi.com\/fr\/"},{"@type":"ListItem","position":2,"name":"Tienda","item":"https:\/\/drasanvi.com\/fr\/tienda\/"},{"@type":"ListItem","position":3,"name":"Pure emotion para ella"}]},{"@type":"WebSite","@id":"https:\/\/drasanvi.com\/fr\/#website","url":"https:\/\/drasanvi.com\/fr\/","name":"Drasanvi Francia","description":"L\u00edder en complementos alimenticios y cosm\u00e9tica natural.","publisher":{"@id":"https:\/\/drasanvi.com\/fr\/#organization"},"potentialAction":[{"@type":"SearchAction","target":{"@type":"EntryPoint","urlTemplate":"https:\/\/drasanvi.com\/fr\/?s={search_term_string}"},"query-input":{"@type":"PropertyValueSpecification","valueRequired":true,"valueName":"search_term_string"}}],"inLanguage":"fr-FR"},{"@type":"Organization","@id":"https:\/\/drasanvi.com\/fr\/#organization","name":"Drasanvi","url":"https:\/\/drasanvi.com\/fr\/","logo":{"@type":"ImageObject","inLanguage":"fr-FR","@id":"https:\/\/drasanvi.com\/fr\/#\/schema\/logo\/image\/","url":"https:\/\/drasanvi.com\/wp-content\/uploads\/sites\/7\/2021\/07\/logo-drasanvi.png","contentUrl":"https:\/\/drasanvi.com\/wp-content\/uploads\/sites\/7\/2021\/07\/logo-drasanvi.png","width":900,"height":300,"caption":"Drasanvi"},"image":{"@id":"https:\/\/drasanvi.com\/fr\/#\/schema\/logo\/image\/"}}]}},"_links":{"self":[{"href":"https:\/\/drasanvi.com\/fr\/wp-json\/wp\/v2\/product\/13151","targetHints":{"allow":["GET"]}}],"collection":[{"href":"https:\/\/drasanvi.com\/fr\/wp-json\/wp\/v2\/product"}],"about":[{"href":"https:\/\/drasanvi.com\/fr\/wp-json\/wp\/v2\/types\/product"}],"version-history":[{"count":0,"href":"https:\/\/drasanvi.com\/fr\/wp-json\/wp\/v2\/product\/13151\/revisions"}],"wp:featuredmedia":[{"embeddable":true,"href":"https:\/\/drasanvi.com\/fr\/wp-json\/wp\/v2\/media\/20570"}],"wp:attachment":[{"href":"https:\/\/drasanvi.com\/fr\/wp-json\/wp\/v2\/media?parent=13151"}],"wp:term":[{"taxonomy":"product_cat","embeddable":true,"href":"https:\/\/drasanvi.com\/fr\/wp-json\/wp\/v2\/product_cat?post=13151"},{"taxonomy":"product_tag","embeddable":true,"href":"https:\/\/drasanvi.com\/fr\/wp-json\/wp\/v2\/product_tag?post=13151"}],"curies":[{"name":"wp","href":"https:\/\/api.w.org\/{rel}","templated":true}]}}