{"id":13119,"date":"2022-02-28T15:05:43","date_gmt":"2022-02-28T13:05:43","guid":{"rendered":"https:\/\/drasanvi.com\/fr\/?post_type=product&#038;p=13119"},"modified":"2022-03-15T16:20:15","modified_gmt":"2022-03-15T14:20:15","slug":"flavogen-silueta-500-ml","status":"publish","type":"product","link":"https:\/\/drasanvi.com\/fr\/producto\/flavogen-silueta-500-ml\/","title":{"rendered":"Flavogen Silueta 500 ml"},"content":{"rendered":"<h2>Ingredientes<\/h2>\n<p>Ingrediente Cantidad \/ dosis diaria Extracto seco de Mango Africano Mangifera Indica L. K\u00f6nig ex L con aporte en Polifenoles (40%) Procede del extracto con estudios cient\u00edficos IGOB 131TM 600 mg. 240 mg Extracto seco de Diente de Le\u00f3n Taraxacum officinale L. con aporte en Flavonoides (&gt;2%) 200 mg. 4 mg Extracto seco de Alcachofa Cynara scolymus L. con aporte en Cinarinas (&gt;2,5%) 200 mg. 5 mg L-Glutamina 200 mg Extracto seco de Lino Linum usitatissimum L. con aporte en Secoisolarieiresinol diglycosido (SDG) &gt;20% 100 mg. 20 mg Extracto seco de Vid Roja Vitis vin\u00edfera L. con aporte en Polifenoles (&gt;5%) 80 mg. 4 mg Zinc En forma de Gluconato de Zinc 69,6 mg Cobre En forma de Gluconato de Cobre 7,2 mg \u00c1cido F\u00f3lico En forma de \u00c1cido Pteroilmonoglut\u00e1mico 200 \u00b5g Otros Ingredientes: Agua, fructosa, sorbato pot\u00e1sico, aroma de ciruela, \u00e1cido c\u00edtrico y gluc\u00f3sidos de steviol (Stevia rebaudiana Bertoni). Sin colorantes<\/p>\n<h2>Modo de uso<\/h2>\n<p>Tomar 15 ml con el desayuno y 15 ml con la comida, usando el vaso dosificador.<\/p>\n<h3>Presentaci\u00f3n<\/h3>\n<p>Envase de 500 ml (15.5 fl oz)<\/p>\n<h3>Advertencias<\/h3>\n<p>Complemento alimenticio a base de plantas y minerales con edulcorante.Los complementos alimenticios no deben utilizarse como sustituto de una dieta equilibrada. No superar la dosis diaria expresamente recomendada. Mantener fuera del alcance de los ni\u00f1os m\u00e1s peque\u00f1os. Conservar en un lugar fresco y seco. Contiene edulcorante natural (gluc\u00f3sidos de esteviol), extra\u00eddos de las hojas de la planta Stevia rebaudiana Bertoni.<\/p>\n<h2>Informaci\u00f3n adicional<\/h2>\n<p>ingredientes descripcion dosis dia Agua desmineralizada \u00a0 20.880 mg Fructosa \u00a0 7.500 mg Extracto seco de Mango Africano (Mangifera indica J. K\u00f6ning ex L. ,Polifenoles 40%) 600 mg Exto seco de Diente de Le\u00f3n (Taraxacum officinale, Flavonoides 2%) 200 mg Extracto seco de Alcachofa (Cynara scolymus L., Cinarina 2,5%) 200 mg L-glutamina \u00a0 200 mg Extracto seco de Lino (Linum usitatissimum L., Secoisolarieiresinol Diglic\u00f3sido 20%) 100 mg Conservador (Sorbato pot\u00e1sico) 90 mg Extracto seco de Vid Roja (Vitis vinifera l.) 80 mg Gluconato de Zinc (Zinc 14,37%) 69,6 mg Aroma (Aroma de ciruela) 60 mg Gluconato de cobre (Cobre 13,89%) 7,2 mg Acidulante (\u00c1cido c\u00edtrico) 7 mg Edulcorante (Glucosidos de steviol) 6 mg \u00c1cido f\u00f3lico (\u00c1cido Pteroilglut\u00e1mico) 0,2 mg<\/p>\n<p>por dosis diaria (30 ml) Ingrediente Porcentaje Cantidad Zinc 100% 10 mg Cobre 100% 1 mg Vitamina B9 100% 200 ?g % CDR (Cantidad Diaria Recomendada)<\/p>\n","protected":false},"excerpt":{"rendered":"<p>Flavogen Silueta 40+ es un complemento alimenticio que incorpora extracto de Lino un con alto porcentaje en fitoestr\u00f3genos. Complementan la acci\u00f3n del Lino los extractos del Mango Africano, el Diente de Le\u00f3n, la Alcachofa, la Vid Roja, el Cobre, el Zinc y el \u00c1cido F\u00f3lico. Su aporte en Zinc contribuye al metabolismo normal de los hidratos de carbono.<br \/>\n<a id=\"boton-ficha\" href=\"https:\/\/panel.drasanvi.com\/fichas\/1\/032050066\" target=\"_blank\" rel=\"noopener\">Ficha t\u00e9cnica<\/a><\/p>\n","protected":false},"featured_media":20087,"template":"","meta":{"inline_featured_image":false},"product_cat":[107,109],"product_tag":[],"class_list":["post-13119","product","type-product","status-publish","has-post-thumbnail","hentry","product_cat-mujer","product_cat-peso-saludable","pa_contiene-altramuces-no","pa_contiene-apio-no","pa_contiene-cacahuetes-no","pa_contiene-crustaceos-no","pa_contiene-frutos-secos-no","pa_contiene-huevo-no","pa_contiene-leche-no","pa_contiene-moluscos-no","pa_contiene-mostaza-no","pa_contiene-pescado-no","pa_contiene-sesamo-no","pa_contiene-soja-no","pa_producto-bio-no","pa_producto-sin-gluten-si","pa_producto-vegano-si","pa_producto-vegetariano-si"],"yoast_head":"<!-- This site is optimized with the Yoast SEO plugin v27.5 - https:\/\/yoast.com\/product\/yoast-seo-wordpress\/ -->\n<title>Flavogen Silueta 500 ml - Drasanvi Francia<\/title>\n<meta name=\"robots\" content=\"index, follow, max-snippet:-1, max-image-preview:large, max-video-preview:-1\" \/>\n<link rel=\"canonical\" href=\"https:\/\/drasanvi.com\/fr\/producto\/flavogen-silueta-500-ml\/\" \/>\n<meta property=\"og:locale\" content=\"fr_FR\" \/>\n<meta property=\"og:type\" content=\"article\" \/>\n<meta property=\"og:title\" content=\"Flavogen Silueta 500 ml - Drasanvi Francia\" \/>\n<meta property=\"og:description\" content=\"Flavogen Silueta 40+ es un complemento alimenticio que incorpora extracto de Lino un con alto porcentaje en fitoestr\u00f3genos. Complementan la acci\u00f3n del Lino los extractos del Mango Africano, el Diente de Le\u00f3n, la Alcachofa, la Vid Roja, el Cobre, el Zinc y el \u00c1cido F\u00f3lico. Su aporte en Zinc contribuye al metabolismo normal de los hidratos de carbono. Ficha t\u00e9cnica\" \/>\n<meta property=\"og:url\" content=\"https:\/\/drasanvi.com\/fr\/producto\/flavogen-silueta-500-ml\/\" \/>\n<meta property=\"og:site_name\" content=\"Drasanvi Francia\" \/>\n<meta property=\"article:modified_time\" content=\"2022-03-15T14:20:15+00:00\" \/>\n<meta property=\"og:image\" content=\"https:\/\/drasanvi.com\/wp-content\/uploads\/sites\/7\/2022\/02\/032050066.png\" \/>\n\t<meta property=\"og:image:width\" content=\"1000\" \/>\n\t<meta property=\"og:image:height\" content=\"1000\" \/>\n\t<meta property=\"og:image:type\" content=\"image\/png\" \/>\n<meta name=\"twitter:card\" content=\"summary_large_image\" \/>\n<script type=\"application\/ld+json\" class=\"yoast-schema-graph\">{\"@context\":\"https:\\\/\\\/schema.org\",\"@graph\":[{\"@type\":\"WebPage\",\"@id\":\"https:\\\/\\\/drasanvi.com\\\/fr\\\/producto\\\/flavogen-silueta-500-ml\\\/\",\"url\":\"https:\\\/\\\/drasanvi.com\\\/fr\\\/producto\\\/flavogen-silueta-500-ml\\\/\",\"name\":\"Flavogen Silueta 500 ml - Drasanvi Francia\",\"isPartOf\":{\"@id\":\"https:\\\/\\\/drasanvi.com\\\/fr\\\/#website\"},\"primaryImageOfPage\":{\"@id\":\"https:\\\/\\\/drasanvi.com\\\/fr\\\/producto\\\/flavogen-silueta-500-ml\\\/#primaryimage\"},\"image\":{\"@id\":\"https:\\\/\\\/drasanvi.com\\\/fr\\\/producto\\\/flavogen-silueta-500-ml\\\/#primaryimage\"},\"thumbnailUrl\":\"https:\\\/\\\/drasanvi.com\\\/fr\\\/wp-content\\\/uploads\\\/sites\\\/7\\\/2022\\\/02\\\/032050066.png\",\"datePublished\":\"2022-02-28T13:05:43+00:00\",\"dateModified\":\"2022-03-15T14:20:15+00:00\",\"breadcrumb\":{\"@id\":\"https:\\\/\\\/drasanvi.com\\\/fr\\\/producto\\\/flavogen-silueta-500-ml\\\/#breadcrumb\"},\"inLanguage\":\"fr-FR\",\"potentialAction\":[{\"@type\":\"ReadAction\",\"target\":[\"https:\\\/\\\/drasanvi.com\\\/fr\\\/producto\\\/flavogen-silueta-500-ml\\\/\"]}]},{\"@type\":\"ImageObject\",\"inLanguage\":\"fr-FR\",\"@id\":\"https:\\\/\\\/drasanvi.com\\\/fr\\\/producto\\\/flavogen-silueta-500-ml\\\/#primaryimage\",\"url\":\"https:\\\/\\\/drasanvi.com\\\/fr\\\/wp-content\\\/uploads\\\/sites\\\/7\\\/2022\\\/02\\\/032050066.png\",\"contentUrl\":\"https:\\\/\\\/drasanvi.com\\\/fr\\\/wp-content\\\/uploads\\\/sites\\\/7\\\/2022\\\/02\\\/032050066.png\",\"width\":1000,\"height\":1000},{\"@type\":\"BreadcrumbList\",\"@id\":\"https:\\\/\\\/drasanvi.com\\\/fr\\\/producto\\\/flavogen-silueta-500-ml\\\/#breadcrumb\",\"itemListElement\":[{\"@type\":\"ListItem\",\"position\":1,\"name\":\"Portada\",\"item\":\"https:\\\/\\\/drasanvi.com\\\/fr\\\/\"},{\"@type\":\"ListItem\",\"position\":2,\"name\":\"Tienda\",\"item\":\"https:\\\/\\\/drasanvi.com\\\/fr\\\/tienda\\\/\"},{\"@type\":\"ListItem\",\"position\":3,\"name\":\"Flavogen Silueta 500 ml\"}]},{\"@type\":\"WebSite\",\"@id\":\"https:\\\/\\\/drasanvi.com\\\/fr\\\/#website\",\"url\":\"https:\\\/\\\/drasanvi.com\\\/fr\\\/\",\"name\":\"Drasanvi Francia\",\"description\":\"L\u00edder en complementos alimenticios y cosm\u00e9tica natural.\",\"publisher\":{\"@id\":\"https:\\\/\\\/drasanvi.com\\\/fr\\\/#organization\"},\"potentialAction\":[{\"@type\":\"SearchAction\",\"target\":{\"@type\":\"EntryPoint\",\"urlTemplate\":\"https:\\\/\\\/drasanvi.com\\\/fr\\\/?s={search_term_string}\"},\"query-input\":{\"@type\":\"PropertyValueSpecification\",\"valueRequired\":true,\"valueName\":\"search_term_string\"}}],\"inLanguage\":\"fr-FR\"},{\"@type\":\"Organization\",\"@id\":\"https:\\\/\\\/drasanvi.com\\\/fr\\\/#organization\",\"name\":\"Drasanvi\",\"url\":\"https:\\\/\\\/drasanvi.com\\\/fr\\\/\",\"logo\":{\"@type\":\"ImageObject\",\"inLanguage\":\"fr-FR\",\"@id\":\"https:\\\/\\\/drasanvi.com\\\/fr\\\/#\\\/schema\\\/logo\\\/image\\\/\",\"url\":\"https:\\\/\\\/drasanvi.com\\\/wp-content\\\/uploads\\\/sites\\\/7\\\/2021\\\/07\\\/logo-drasanvi.png\",\"contentUrl\":\"https:\\\/\\\/drasanvi.com\\\/wp-content\\\/uploads\\\/sites\\\/7\\\/2021\\\/07\\\/logo-drasanvi.png\",\"width\":900,\"height\":300,\"caption\":\"Drasanvi\"},\"image\":{\"@id\":\"https:\\\/\\\/drasanvi.com\\\/fr\\\/#\\\/schema\\\/logo\\\/image\\\/\"}}]}<\/script>\n<!-- \/ Yoast SEO plugin. -->","yoast_head_json":{"title":"Flavogen Silueta 500 ml - Drasanvi Francia","robots":{"index":"index","follow":"follow","max-snippet":"max-snippet:-1","max-image-preview":"max-image-preview:large","max-video-preview":"max-video-preview:-1"},"canonical":"https:\/\/drasanvi.com\/fr\/producto\/flavogen-silueta-500-ml\/","og_locale":"fr_FR","og_type":"article","og_title":"Flavogen Silueta 500 ml - Drasanvi Francia","og_description":"Flavogen Silueta 40+ es un complemento alimenticio que incorpora extracto de Lino un con alto porcentaje en fitoestr\u00f3genos. Complementan la acci\u00f3n del Lino los extractos del Mango Africano, el Diente de Le\u00f3n, la Alcachofa, la Vid Roja, el Cobre, el Zinc y el \u00c1cido F\u00f3lico. Su aporte en Zinc contribuye al metabolismo normal de los hidratos de carbono. Ficha t\u00e9cnica","og_url":"https:\/\/drasanvi.com\/fr\/producto\/flavogen-silueta-500-ml\/","og_site_name":"Drasanvi Francia","article_modified_time":"2022-03-15T14:20:15+00:00","og_image":[{"width":1000,"height":1000,"url":"https:\/\/drasanvi.com\/wp-content\/uploads\/sites\/7\/2022\/02\/032050066.png","type":"image\/png"}],"twitter_card":"summary_large_image","schema":{"@context":"https:\/\/schema.org","@graph":[{"@type":"WebPage","@id":"https:\/\/drasanvi.com\/fr\/producto\/flavogen-silueta-500-ml\/","url":"https:\/\/drasanvi.com\/fr\/producto\/flavogen-silueta-500-ml\/","name":"Flavogen Silueta 500 ml - Drasanvi Francia","isPartOf":{"@id":"https:\/\/drasanvi.com\/fr\/#website"},"primaryImageOfPage":{"@id":"https:\/\/drasanvi.com\/fr\/producto\/flavogen-silueta-500-ml\/#primaryimage"},"image":{"@id":"https:\/\/drasanvi.com\/fr\/producto\/flavogen-silueta-500-ml\/#primaryimage"},"thumbnailUrl":"https:\/\/drasanvi.com\/fr\/wp-content\/uploads\/sites\/7\/2022\/02\/032050066.png","datePublished":"2022-02-28T13:05:43+00:00","dateModified":"2022-03-15T14:20:15+00:00","breadcrumb":{"@id":"https:\/\/drasanvi.com\/fr\/producto\/flavogen-silueta-500-ml\/#breadcrumb"},"inLanguage":"fr-FR","potentialAction":[{"@type":"ReadAction","target":["https:\/\/drasanvi.com\/fr\/producto\/flavogen-silueta-500-ml\/"]}]},{"@type":"ImageObject","inLanguage":"fr-FR","@id":"https:\/\/drasanvi.com\/fr\/producto\/flavogen-silueta-500-ml\/#primaryimage","url":"https:\/\/drasanvi.com\/fr\/wp-content\/uploads\/sites\/7\/2022\/02\/032050066.png","contentUrl":"https:\/\/drasanvi.com\/fr\/wp-content\/uploads\/sites\/7\/2022\/02\/032050066.png","width":1000,"height":1000},{"@type":"BreadcrumbList","@id":"https:\/\/drasanvi.com\/fr\/producto\/flavogen-silueta-500-ml\/#breadcrumb","itemListElement":[{"@type":"ListItem","position":1,"name":"Portada","item":"https:\/\/drasanvi.com\/fr\/"},{"@type":"ListItem","position":2,"name":"Tienda","item":"https:\/\/drasanvi.com\/fr\/tienda\/"},{"@type":"ListItem","position":3,"name":"Flavogen Silueta 500 ml"}]},{"@type":"WebSite","@id":"https:\/\/drasanvi.com\/fr\/#website","url":"https:\/\/drasanvi.com\/fr\/","name":"Drasanvi Francia","description":"L\u00edder en complementos alimenticios y cosm\u00e9tica natural.","publisher":{"@id":"https:\/\/drasanvi.com\/fr\/#organization"},"potentialAction":[{"@type":"SearchAction","target":{"@type":"EntryPoint","urlTemplate":"https:\/\/drasanvi.com\/fr\/?s={search_term_string}"},"query-input":{"@type":"PropertyValueSpecification","valueRequired":true,"valueName":"search_term_string"}}],"inLanguage":"fr-FR"},{"@type":"Organization","@id":"https:\/\/drasanvi.com\/fr\/#organization","name":"Drasanvi","url":"https:\/\/drasanvi.com\/fr\/","logo":{"@type":"ImageObject","inLanguage":"fr-FR","@id":"https:\/\/drasanvi.com\/fr\/#\/schema\/logo\/image\/","url":"https:\/\/drasanvi.com\/wp-content\/uploads\/sites\/7\/2021\/07\/logo-drasanvi.png","contentUrl":"https:\/\/drasanvi.com\/wp-content\/uploads\/sites\/7\/2021\/07\/logo-drasanvi.png","width":900,"height":300,"caption":"Drasanvi"},"image":{"@id":"https:\/\/drasanvi.com\/fr\/#\/schema\/logo\/image\/"}}]}},"_links":{"self":[{"href":"https:\/\/drasanvi.com\/fr\/wp-json\/wp\/v2\/product\/13119","targetHints":{"allow":["GET"]}}],"collection":[{"href":"https:\/\/drasanvi.com\/fr\/wp-json\/wp\/v2\/product"}],"about":[{"href":"https:\/\/drasanvi.com\/fr\/wp-json\/wp\/v2\/types\/product"}],"version-history":[{"count":0,"href":"https:\/\/drasanvi.com\/fr\/wp-json\/wp\/v2\/product\/13119\/revisions"}],"wp:featuredmedia":[{"embeddable":true,"href":"https:\/\/drasanvi.com\/fr\/wp-json\/wp\/v2\/media\/20087"}],"wp:attachment":[{"href":"https:\/\/drasanvi.com\/fr\/wp-json\/wp\/v2\/media?parent=13119"}],"wp:term":[{"taxonomy":"product_cat","embeddable":true,"href":"https:\/\/drasanvi.com\/fr\/wp-json\/wp\/v2\/product_cat?post=13119"},{"taxonomy":"product_tag","embeddable":true,"href":"https:\/\/drasanvi.com\/fr\/wp-json\/wp\/v2\/product_tag?post=13119"}],"curies":[{"name":"wp","href":"https:\/\/api.w.org\/{rel}","templated":true}]}}