{"id":13111,"date":"2022-02-28T15:05:43","date_gmt":"2022-02-28T13:05:43","guid":{"rendered":"https:\/\/drasanvi.com\/fr\/?post_type=product&#038;p=13111"},"modified":"2022-03-15T16:18:57","modified_gmt":"2022-03-15T14:18:57","slug":"flavogen-bifase-i-60-capsulas","status":"publish","type":"product","link":"https:\/\/drasanvi.com\/fr\/producto\/flavogen-bifase-i-60-capsulas\/","title":{"rendered":"Flavogen Bifase I 60 c\u00e1psulas"},"content":{"rendered":"<h2>Ingredientes<\/h2>\n<p>C\u00e1psulas de d\u00eda Ingrediente Cantidad \/ dosis diaria Calcio En forma de Lactato de Calcio 225 mg Aceite de Onagra microencapsulada Oenothera biennis L. con aporte en gamma linoleico (&gt;3,5 %) 150 mg &gt;5,25 mg Extracto seco de Maca Lepidium peruvianum Chacon equivalente a 200 mg de planta (Extracto 4:1) 50 mg Extracto seco de L\u00fapulo Humulus lupulus L. con aporte en s. 8-Prenilnaringenina (0,15-0,25%) Procedente del extracto con estudios cient\u00edficos Lifenol\u00ae 30 mg 0,045-0,075 mg Vitamina B6 En forma de Clorhidrato de Piridoxina 0,7 mg Vitamina A En forma de Acetato de Retinilo 0,4 mg Vitamina D En forma de Colecalciferol 2,5\u00b5g Otros Ingredientes: Gelatina\u00a0 y Colorantes (Agente de recubrimiento), Almid\u00f3n de Ma\u00edz y Estearato de Magnesio. C\u00e1psulas de noche Ingrediente Cantidad \/ dosis diaria Extracto seco de Pasiflora Passsiflora incarnata L. con aporte en Vitexina (3,5%) 300 mg 10,5 mg Extracto seco de Espino Blanco Crataegus laevitaga (Poiret) D.C con aporte en Flavonoides (1,9-2,3 %) 100 mg 1,9-2,3 mg Extracto seco de L\u00fapulo Humulus lupulus L. con aporte en s. 8-Prenilnaringenina (0,15-0,25%) Procedente del extracto con estudios cient\u00edficos Lifenol\u00ae 55 mg 0,0825-0,1375 mg Otros Ingredientes:\u00a0Gelatina\u00a0y Colorantes (c\u00e1psula), Almid\u00f3n de Ma\u00edz y Estearato de Magnesio. Sin az\u00facares a\u00f1adidos, edulcorantes ni colorantes.<\/p>\n<h2>Modo de uso<\/h2>\n<p>Tomar una c\u00e1psula de d\u00eda (color rosa) por las ma\u00f1anas y una c\u00e1psula de noche (color azul) una hora antes de acostarse.<\/p>\n<h3>Presentaci\u00f3n<\/h3>\n<p>Envase de 30 c\u00e1psulas d\u00eda de 580 mg y 30 c\u00e1psulas noche de 580 mg. Peso total: 34,8 g (1.22 oz)<\/p>\n<h3>Advertencias<\/h3>\n<p>Advertencia: Contiene E129 que puede tener efectos no deseables sobre la atenci\u00f3n y la actividad de los ni\u00f1os. No contiene soja.\u00a0No superar la dosis diaria expresamente recomendada; Los complementos alimenticios no deben utilizarse como sustituto de una dieta equilibrada; Mantener fuera del alcance de los ni\u00f1os m\u00e1s peque\u00f1os.. Conservar en un lugar fresco y seco.<\/p>\n<h2>Informaci\u00f3n adicional<\/h2>\n<p>C\u00e1psulas d\u00eda ingredientes d\u00eda descripci\u00f3n dosis Lactato de calcio \u00a0 225 mg Aceite de Onagra microencapsulada (Oenothera biennis L.) con aporte en gamma linoleico (&gt;3,5 %) 150 mg Agente de recubrimiento (Gelatina, colorantes E555, E171 y E129) 95 mg Extracto seco de Maca (Lepidium peruvianum Chacon) 50 mg Extracto seco de L\u00fapulo (Humulus lupulus L con aporte en s. 8-Prenilnaringenina (0,15-0,25%) Procedente del extracto con estudios cient\u00edficos Lifenol\u00ae) 30 mg Agente de carga (Almid\u00f3n de ma\u00edz) 13 mg Agente de carga (Estearato de magnesio) 10 mg Vitamina B6 (Clorhidrato de piridoxina) 0,7 mg Vitamina A (Acetato de retinilo) 0,4 mg Vitamina D (Colecalciferol) 0,0025 mg C\u00e1psulas noche ingredientes noche descripcion dosis Extracto seco de Pasiflora (Passiflora incarnata L. con aporte en Vitexina (3,5%)) 300 mg Extracto seco de Espino blanco (Crataegus laevigata (Poir) DC.) con aporte en Flavonoides (1,9-2,3 %) 100 mg Agente de recubrimiento (Gelatina, Colorantes\u00a0 E 555, E171\u00a0 y E133) 95 mg Extracto seco de L\u00fapulo (Humulus lupulus L con aporte en s. 8-Prenilnaringenina (0,15-0,25%) Procedente del extracto con estudios cient\u00edficos Lifenol\u00ae) 55 mg Agente de carga (Almid\u00f3n de Ma\u00edz) 15 mg Agente de carga (Estearato de Magnesio) 10 mg<\/p>\n<p>Por dosis diaria (1 c\u00e1psula) Ingrediente Porcentaje Cantidad Vitamina B6 50% 0.7 mg Vitamina A 50% 400 \u00b5g Vitamina D 50% 2.5 \u00b5g % CDR (Cantidad Diaria Recomendada)<\/p>\n","protected":false},"excerpt":{"rendered":"<p>Flavogen Bifase I ayuda a regular la actividad hormonal. Flavogen\u00ae Bifase es un complemento alimenticio innovador. Se trata de dos productos en uno: c\u00e1psulas de d\u00eda (color de rosa), que ayudan a disminuir el cansancio y la fatiga; y c\u00e1psulas de noche (color azul), que contribuyen a un mejor descanso. Se trata de un producto libre de soja, que aporta fitoestr\u00f3genos que proceden del l\u00fapulo (8-Prenilnaringenina), complementando su acci\u00f3n con otros ingredientes como la Maca, el Espino blanco, la Pasiflora y Vitaminas B6, A y D.<br \/>\n<a id=\"boton-ficha\" href=\"https:\/\/panel.drasanvi.com\/fichas\/1\/032050067\" target=\"_blank\" rel=\"noopener\">Ficha t\u00e9cnica<\/a><\/p>\n","protected":false},"featured_media":20081,"template":"","meta":{"inline_featured_image":false},"product_cat":[107],"product_tag":[],"class_list":["post-13111","product","type-product","status-publish","has-post-thumbnail","hentry","product_cat-mujer","pa_contiene-altramuces-no","pa_contiene-apio-no","pa_contiene-cacahuetes-no","pa_contiene-crustaceos-no","pa_contiene-frutos-secos-no","pa_contiene-huevo-no","pa_contiene-leche-no","pa_contiene-moluscos-no","pa_contiene-mostaza-no","pa_contiene-pescado-no","pa_contiene-sesamo-no","pa_contiene-soja-no","pa_producto-bio-no","pa_producto-sin-gluten-si","pa_producto-vegano-no","pa_producto-vegetariano-no"],"yoast_head":"<!-- This site is optimized with the Yoast SEO plugin v27.5 - https:\/\/yoast.com\/product\/yoast-seo-wordpress\/ -->\n<title>Flavogen Bifase I 60 c\u00e1psulas - Drasanvi Francia<\/title>\n<meta name=\"robots\" content=\"index, follow, max-snippet:-1, max-image-preview:large, max-video-preview:-1\" \/>\n<link rel=\"canonical\" href=\"https:\/\/drasanvi.com\/fr\/producto\/flavogen-bifase-i-60-capsulas\/\" \/>\n<meta property=\"og:locale\" content=\"fr_FR\" \/>\n<meta property=\"og:type\" content=\"article\" \/>\n<meta property=\"og:title\" content=\"Flavogen Bifase I 60 c\u00e1psulas - Drasanvi Francia\" \/>\n<meta property=\"og:description\" content=\"Flavogen Bifase I ayuda a regular la actividad hormonal. Flavogen\u00ae Bifase es un complemento alimenticio innovador. Se trata de dos productos en uno: c\u00e1psulas de d\u00eda (color de rosa), que ayudan a disminuir el cansancio y la fatiga; y c\u00e1psulas de noche (color azul), que contribuyen a un mejor descanso. Se trata de un producto libre de soja, que aporta fitoestr\u00f3genos que proceden del l\u00fapulo (8-Prenilnaringenina), complementando su acci\u00f3n con otros ingredientes como la Maca, el Espino blanco, la Pasiflora y Vitaminas B6, A y D. Ficha t\u00e9cnica\" \/>\n<meta property=\"og:url\" content=\"https:\/\/drasanvi.com\/fr\/producto\/flavogen-bifase-i-60-capsulas\/\" \/>\n<meta property=\"og:site_name\" content=\"Drasanvi Francia\" \/>\n<meta property=\"article:modified_time\" content=\"2022-03-15T14:18:57+00:00\" \/>\n<meta property=\"og:image\" content=\"https:\/\/drasanvi.com\/wp-content\/uploads\/sites\/7\/2022\/02\/032050067.png\" \/>\n\t<meta property=\"og:image:width\" content=\"1000\" \/>\n\t<meta property=\"og:image:height\" content=\"1000\" \/>\n\t<meta property=\"og:image:type\" content=\"image\/png\" \/>\n<meta name=\"twitter:card\" content=\"summary_large_image\" \/>\n<script type=\"application\/ld+json\" class=\"yoast-schema-graph\">{\"@context\":\"https:\\\/\\\/schema.org\",\"@graph\":[{\"@type\":\"WebPage\",\"@id\":\"https:\\\/\\\/drasanvi.com\\\/fr\\\/producto\\\/flavogen-bifase-i-60-capsulas\\\/\",\"url\":\"https:\\\/\\\/drasanvi.com\\\/fr\\\/producto\\\/flavogen-bifase-i-60-capsulas\\\/\",\"name\":\"Flavogen Bifase I 60 c\u00e1psulas - Drasanvi Francia\",\"isPartOf\":{\"@id\":\"https:\\\/\\\/drasanvi.com\\\/fr\\\/#website\"},\"primaryImageOfPage\":{\"@id\":\"https:\\\/\\\/drasanvi.com\\\/fr\\\/producto\\\/flavogen-bifase-i-60-capsulas\\\/#primaryimage\"},\"image\":{\"@id\":\"https:\\\/\\\/drasanvi.com\\\/fr\\\/producto\\\/flavogen-bifase-i-60-capsulas\\\/#primaryimage\"},\"thumbnailUrl\":\"https:\\\/\\\/drasanvi.com\\\/fr\\\/wp-content\\\/uploads\\\/sites\\\/7\\\/2022\\\/02\\\/032050067.png\",\"datePublished\":\"2022-02-28T13:05:43+00:00\",\"dateModified\":\"2022-03-15T14:18:57+00:00\",\"breadcrumb\":{\"@id\":\"https:\\\/\\\/drasanvi.com\\\/fr\\\/producto\\\/flavogen-bifase-i-60-capsulas\\\/#breadcrumb\"},\"inLanguage\":\"fr-FR\",\"potentialAction\":[{\"@type\":\"ReadAction\",\"target\":[\"https:\\\/\\\/drasanvi.com\\\/fr\\\/producto\\\/flavogen-bifase-i-60-capsulas\\\/\"]}]},{\"@type\":\"ImageObject\",\"inLanguage\":\"fr-FR\",\"@id\":\"https:\\\/\\\/drasanvi.com\\\/fr\\\/producto\\\/flavogen-bifase-i-60-capsulas\\\/#primaryimage\",\"url\":\"https:\\\/\\\/drasanvi.com\\\/fr\\\/wp-content\\\/uploads\\\/sites\\\/7\\\/2022\\\/02\\\/032050067.png\",\"contentUrl\":\"https:\\\/\\\/drasanvi.com\\\/fr\\\/wp-content\\\/uploads\\\/sites\\\/7\\\/2022\\\/02\\\/032050067.png\",\"width\":1000,\"height\":1000},{\"@type\":\"BreadcrumbList\",\"@id\":\"https:\\\/\\\/drasanvi.com\\\/fr\\\/producto\\\/flavogen-bifase-i-60-capsulas\\\/#breadcrumb\",\"itemListElement\":[{\"@type\":\"ListItem\",\"position\":1,\"name\":\"Portada\",\"item\":\"https:\\\/\\\/drasanvi.com\\\/fr\\\/\"},{\"@type\":\"ListItem\",\"position\":2,\"name\":\"Tienda\",\"item\":\"https:\\\/\\\/drasanvi.com\\\/fr\\\/tienda\\\/\"},{\"@type\":\"ListItem\",\"position\":3,\"name\":\"Flavogen Bifase I 60 c\u00e1psulas\"}]},{\"@type\":\"WebSite\",\"@id\":\"https:\\\/\\\/drasanvi.com\\\/fr\\\/#website\",\"url\":\"https:\\\/\\\/drasanvi.com\\\/fr\\\/\",\"name\":\"Drasanvi Francia\",\"description\":\"L\u00edder en complementos alimenticios y cosm\u00e9tica natural.\",\"publisher\":{\"@id\":\"https:\\\/\\\/drasanvi.com\\\/fr\\\/#organization\"},\"potentialAction\":[{\"@type\":\"SearchAction\",\"target\":{\"@type\":\"EntryPoint\",\"urlTemplate\":\"https:\\\/\\\/drasanvi.com\\\/fr\\\/?s={search_term_string}\"},\"query-input\":{\"@type\":\"PropertyValueSpecification\",\"valueRequired\":true,\"valueName\":\"search_term_string\"}}],\"inLanguage\":\"fr-FR\"},{\"@type\":\"Organization\",\"@id\":\"https:\\\/\\\/drasanvi.com\\\/fr\\\/#organization\",\"name\":\"Drasanvi\",\"url\":\"https:\\\/\\\/drasanvi.com\\\/fr\\\/\",\"logo\":{\"@type\":\"ImageObject\",\"inLanguage\":\"fr-FR\",\"@id\":\"https:\\\/\\\/drasanvi.com\\\/fr\\\/#\\\/schema\\\/logo\\\/image\\\/\",\"url\":\"https:\\\/\\\/drasanvi.com\\\/wp-content\\\/uploads\\\/sites\\\/7\\\/2021\\\/07\\\/logo-drasanvi.png\",\"contentUrl\":\"https:\\\/\\\/drasanvi.com\\\/wp-content\\\/uploads\\\/sites\\\/7\\\/2021\\\/07\\\/logo-drasanvi.png\",\"width\":900,\"height\":300,\"caption\":\"Drasanvi\"},\"image\":{\"@id\":\"https:\\\/\\\/drasanvi.com\\\/fr\\\/#\\\/schema\\\/logo\\\/image\\\/\"}}]}<\/script>\n<!-- \/ Yoast SEO plugin. -->","yoast_head_json":{"title":"Flavogen Bifase I 60 c\u00e1psulas - Drasanvi Francia","robots":{"index":"index","follow":"follow","max-snippet":"max-snippet:-1","max-image-preview":"max-image-preview:large","max-video-preview":"max-video-preview:-1"},"canonical":"https:\/\/drasanvi.com\/fr\/producto\/flavogen-bifase-i-60-capsulas\/","og_locale":"fr_FR","og_type":"article","og_title":"Flavogen Bifase I 60 c\u00e1psulas - Drasanvi Francia","og_description":"Flavogen Bifase I ayuda a regular la actividad hormonal. Flavogen\u00ae Bifase es un complemento alimenticio innovador. Se trata de dos productos en uno: c\u00e1psulas de d\u00eda (color de rosa), que ayudan a disminuir el cansancio y la fatiga; y c\u00e1psulas de noche (color azul), que contribuyen a un mejor descanso. Se trata de un producto libre de soja, que aporta fitoestr\u00f3genos que proceden del l\u00fapulo (8-Prenilnaringenina), complementando su acci\u00f3n con otros ingredientes como la Maca, el Espino blanco, la Pasiflora y Vitaminas B6, A y D. Ficha t\u00e9cnica","og_url":"https:\/\/drasanvi.com\/fr\/producto\/flavogen-bifase-i-60-capsulas\/","og_site_name":"Drasanvi Francia","article_modified_time":"2022-03-15T14:18:57+00:00","og_image":[{"width":1000,"height":1000,"url":"https:\/\/drasanvi.com\/wp-content\/uploads\/sites\/7\/2022\/02\/032050067.png","type":"image\/png"}],"twitter_card":"summary_large_image","schema":{"@context":"https:\/\/schema.org","@graph":[{"@type":"WebPage","@id":"https:\/\/drasanvi.com\/fr\/producto\/flavogen-bifase-i-60-capsulas\/","url":"https:\/\/drasanvi.com\/fr\/producto\/flavogen-bifase-i-60-capsulas\/","name":"Flavogen Bifase I 60 c\u00e1psulas - Drasanvi Francia","isPartOf":{"@id":"https:\/\/drasanvi.com\/fr\/#website"},"primaryImageOfPage":{"@id":"https:\/\/drasanvi.com\/fr\/producto\/flavogen-bifase-i-60-capsulas\/#primaryimage"},"image":{"@id":"https:\/\/drasanvi.com\/fr\/producto\/flavogen-bifase-i-60-capsulas\/#primaryimage"},"thumbnailUrl":"https:\/\/drasanvi.com\/fr\/wp-content\/uploads\/sites\/7\/2022\/02\/032050067.png","datePublished":"2022-02-28T13:05:43+00:00","dateModified":"2022-03-15T14:18:57+00:00","breadcrumb":{"@id":"https:\/\/drasanvi.com\/fr\/producto\/flavogen-bifase-i-60-capsulas\/#breadcrumb"},"inLanguage":"fr-FR","potentialAction":[{"@type":"ReadAction","target":["https:\/\/drasanvi.com\/fr\/producto\/flavogen-bifase-i-60-capsulas\/"]}]},{"@type":"ImageObject","inLanguage":"fr-FR","@id":"https:\/\/drasanvi.com\/fr\/producto\/flavogen-bifase-i-60-capsulas\/#primaryimage","url":"https:\/\/drasanvi.com\/fr\/wp-content\/uploads\/sites\/7\/2022\/02\/032050067.png","contentUrl":"https:\/\/drasanvi.com\/fr\/wp-content\/uploads\/sites\/7\/2022\/02\/032050067.png","width":1000,"height":1000},{"@type":"BreadcrumbList","@id":"https:\/\/drasanvi.com\/fr\/producto\/flavogen-bifase-i-60-capsulas\/#breadcrumb","itemListElement":[{"@type":"ListItem","position":1,"name":"Portada","item":"https:\/\/drasanvi.com\/fr\/"},{"@type":"ListItem","position":2,"name":"Tienda","item":"https:\/\/drasanvi.com\/fr\/tienda\/"},{"@type":"ListItem","position":3,"name":"Flavogen Bifase I 60 c\u00e1psulas"}]},{"@type":"WebSite","@id":"https:\/\/drasanvi.com\/fr\/#website","url":"https:\/\/drasanvi.com\/fr\/","name":"Drasanvi Francia","description":"L\u00edder en complementos alimenticios y cosm\u00e9tica natural.","publisher":{"@id":"https:\/\/drasanvi.com\/fr\/#organization"},"potentialAction":[{"@type":"SearchAction","target":{"@type":"EntryPoint","urlTemplate":"https:\/\/drasanvi.com\/fr\/?s={search_term_string}"},"query-input":{"@type":"PropertyValueSpecification","valueRequired":true,"valueName":"search_term_string"}}],"inLanguage":"fr-FR"},{"@type":"Organization","@id":"https:\/\/drasanvi.com\/fr\/#organization","name":"Drasanvi","url":"https:\/\/drasanvi.com\/fr\/","logo":{"@type":"ImageObject","inLanguage":"fr-FR","@id":"https:\/\/drasanvi.com\/fr\/#\/schema\/logo\/image\/","url":"https:\/\/drasanvi.com\/wp-content\/uploads\/sites\/7\/2021\/07\/logo-drasanvi.png","contentUrl":"https:\/\/drasanvi.com\/wp-content\/uploads\/sites\/7\/2021\/07\/logo-drasanvi.png","width":900,"height":300,"caption":"Drasanvi"},"image":{"@id":"https:\/\/drasanvi.com\/fr\/#\/schema\/logo\/image\/"}}]}},"_links":{"self":[{"href":"https:\/\/drasanvi.com\/fr\/wp-json\/wp\/v2\/product\/13111","targetHints":{"allow":["GET"]}}],"collection":[{"href":"https:\/\/drasanvi.com\/fr\/wp-json\/wp\/v2\/product"}],"about":[{"href":"https:\/\/drasanvi.com\/fr\/wp-json\/wp\/v2\/types\/product"}],"version-history":[{"count":0,"href":"https:\/\/drasanvi.com\/fr\/wp-json\/wp\/v2\/product\/13111\/revisions"}],"wp:featuredmedia":[{"embeddable":true,"href":"https:\/\/drasanvi.com\/fr\/wp-json\/wp\/v2\/media\/20081"}],"wp:attachment":[{"href":"https:\/\/drasanvi.com\/fr\/wp-json\/wp\/v2\/media?parent=13111"}],"wp:term":[{"taxonomy":"product_cat","embeddable":true,"href":"https:\/\/drasanvi.com\/fr\/wp-json\/wp\/v2\/product_cat?post=13111"},{"taxonomy":"product_tag","embeddable":true,"href":"https:\/\/drasanvi.com\/fr\/wp-json\/wp\/v2\/product_tag?post=13111"}],"curies":[{"name":"wp","href":"https:\/\/api.w.org\/{rel}","templated":true}]}}