{"id":13095,"date":"2022-02-28T15:14:21","date_gmt":"2022-02-28T13:14:21","guid":{"rendered":"https:\/\/drasanvi.com\/fr\/?post_type=product&#038;p=13095"},"modified":"2022-03-10T14:12:55","modified_gmt":"2022-03-10T12:12:55","slug":"propolis-propolkid","status":"publish","type":"product","link":"https:\/\/drasanvi.com\/fr\/producto\/propolis-propolkid\/","title":{"rendered":"Pr\u00f3polis Propolkid"},"content":{"rendered":"<h2>Ingredientes<\/h2>\n<p>INGREDIENTES  CANTIDAD \/ DOSIS DIARIA      Miel Miel de Azahar  550 mg      Extracto seco de Acerola Malpighia punicifolia con aporte en Vitamina C (50%)  50,4 mg 25,2 mg      Extracto seco de Sol de Oro Helichrysum arenarium (L) Moench aporta Isoquercitina (1,5%)  50,4 mg 0,756 mg      Pr\u00f3polis En forma de extracto seco aporta galangina (12%)  30 mg 3,6 mg      Extracto seco de Equinacea angustifolia Echinacea angustifolia DC con aporte en \u00c1cido chic\u00f3rico (2%) Echinacea angustifolia DC con aporte en Echinacosidos (4%)  10 mg 0,2 mg 0,4 mg      Otros ingredientes: Agua, Sirope de Ma\u00edz, Fructosa, Aroma de Fresa, Sorbato Pot\u00e1sico y \u00c1cido C\u00edtrico.        Sin colorantes<\/p>\n<h2>Modo de uso<\/h2>\n<p>Ni\u00f1os de 3-8 a\u00f1os: Tomar una cucharadita (2 ml) tres veces al d\u00eda. Ni\u00f1os mayores de 8 a\u00f1os: Tomar una cucharada (3 ml) tres veces al d\u00eda.<\/p>\n<h3>Presentaci\u00f3n<\/h3>\n<p>Envase de 150 ml (5.25 fl oz)<\/p>\n<h3>Advertencias<\/h3>\n<p>No superar la dosis diaria expresamente recomendada; Los complementos alimenticios no deben utilizarse como sustituto de una dieta equilibrada; Mantener fuera del alcance de los ni&ntilde;os m&aacute;s peque&ntilde;os. Conservar en un lugar fresco y seco.<\/p>\n<h2>Informaci\u00f3n adicional<\/h2>\n<p>INGREDIENTE  DESCRIPCI\u00d3N  CANTIDAD DOSIS DIARIA      Agua  \u00a0  9.000 mg      Sirope de Ma\u00edz  \u00a0  1.800 mg      Fructosa  \u00a0  1.800 mg      Miel  \u00a0  550,17 mg      Extracto seco de Acerola  (Malpighia punicifolia L., Vitamina C 50%)  50,4 mg      Extracto seco de Sol de Oro  (Helichrysum arenarium (L) Moench, Isoquercitina 1,5%)  50,4 mg      Extracto seco de Pr\u00f3polis  (Galangina 12%)  29,97 mg      Aroma  (Aroma de fresa)  22,5 mg      Conservador  (Sorbato pot\u00e1sico)  18 mg      Extracto seco de Equinacea  (Echinacea angustifolia DC, \u00c1cico Chic\u00f3rico 2%, Equinacosidos 4%)  10,08 mg      Acidulante  (\u00c1cido c\u00edtrico)  9 mg<\/p>\n<p>por dosis diaria (9 ml)        Ingrediente  Porcentaje  Cantidad      Vitamina C  50%  40 mg        % CDR (Cantidad Diaria Recomendada)<\/p>\n","protected":false},"excerpt":{"rendered":"<p>Contribuye al funcionamiento normal del sistema inmunitario. Propolkid es un complemento alimenticio pensado para ni\u00f1os mayores de tres a\u00f1os. En su composici\u00f3n se ha utilizado el Pr\u00f3polis, la Equin\u00e1cea, la Acerola, el Sol de Oro y la Miel.Debido a su importancia en la contribuci\u00f3n al funcionamiento normal del sistema inmunitario, hemos a\u00f1adido Vitamina C natural, proveniente de la Acerola. Este fruto rojo es conocido como la fruta con mayor cantidad de Vitamina C. Propolkid posee un sabor agradable de fresa, muy apreciado por los ni\u00f1os.<br \/><a id=\"boton-ficha\" href=\"https:\/\/panel.drasanvi.com\/fichas\/1\/032050016\" target=\"_blank\" rel=\"noopener\">Ficha t\u00e9cnica<\/a><\/p>\n","protected":false},"featured_media":20552,"template":"","meta":{"inline_featured_image":false},"product_cat":[96,108],"product_tag":[],"class_list":["post-13095","product","type-product","status-publish","has-post-thumbnail","hentry","product_cat-defensa-invierno","product_cat-ninos","pa_contiene-altramuces-no","pa_contiene-apio-no","pa_contiene-cacahuetes-no","pa_contiene-crustaceos-no","pa_contiene-frutos-secos-no","pa_contiene-huevo-no","pa_contiene-leche-no","pa_contiene-moluscos-no","pa_contiene-mostaza-no","pa_contiene-pescado-no","pa_contiene-sesamo-no","pa_contiene-soja-no","pa_producto-bio-no","pa_producto-sin-gluten-si","pa_producto-vegano-no","pa_producto-vegetariano-si"],"yoast_head":"<!-- This site is optimized with the Yoast SEO plugin v27.5 - https:\/\/yoast.com\/product\/yoast-seo-wordpress\/ -->\n<title>Pr\u00f3polis Propolkid - Drasanvi Francia<\/title>\n<meta name=\"robots\" content=\"index, follow, max-snippet:-1, max-image-preview:large, max-video-preview:-1\" \/>\n<link rel=\"canonical\" href=\"https:\/\/drasanvi.com\/fr\/producto\/propolis-propolkid\/\" \/>\n<meta property=\"og:locale\" content=\"fr_FR\" \/>\n<meta property=\"og:type\" content=\"article\" \/>\n<meta property=\"og:title\" content=\"Pr\u00f3polis Propolkid - Drasanvi Francia\" \/>\n<meta property=\"og:description\" content=\"Contribuye al funcionamiento normal del sistema inmunitario. Propolkid es un complemento alimenticio pensado para ni\u00f1os mayores de tres a\u00f1os. En su composici\u00f3n se ha utilizado el Pr\u00f3polis, la Equin\u00e1cea, la Acerola, el Sol de Oro y la Miel.Debido a su importancia en la contribuci\u00f3n al funcionamiento normal del sistema inmunitario, hemos a\u00f1adido Vitamina C natural, proveniente de la Acerola. Este fruto rojo es conocido como la fruta con mayor cantidad de Vitamina C. Propolkid posee un sabor agradable de fresa, muy apreciado por los ni\u00f1os.Ficha t\u00e9cnica\" \/>\n<meta property=\"og:url\" content=\"https:\/\/drasanvi.com\/fr\/producto\/propolis-propolkid\/\" \/>\n<meta property=\"og:site_name\" content=\"Drasanvi Francia\" \/>\n<meta property=\"article:modified_time\" content=\"2022-03-10T12:12:55+00:00\" \/>\n<meta property=\"og:image\" content=\"https:\/\/drasanvi.com\/wp-content\/uploads\/sites\/7\/2022\/02\/032050016.png\" \/>\n\t<meta property=\"og:image:width\" content=\"1000\" \/>\n\t<meta property=\"og:image:height\" content=\"1000\" \/>\n\t<meta property=\"og:image:type\" content=\"image\/png\" \/>\n<meta name=\"twitter:card\" content=\"summary_large_image\" \/>\n<script type=\"application\/ld+json\" class=\"yoast-schema-graph\">{\"@context\":\"https:\\\/\\\/schema.org\",\"@graph\":[{\"@type\":\"WebPage\",\"@id\":\"https:\\\/\\\/drasanvi.com\\\/fr\\\/producto\\\/propolis-propolkid\\\/\",\"url\":\"https:\\\/\\\/drasanvi.com\\\/fr\\\/producto\\\/propolis-propolkid\\\/\",\"name\":\"Pr\u00f3polis Propolkid - Drasanvi Francia\",\"isPartOf\":{\"@id\":\"https:\\\/\\\/drasanvi.com\\\/fr\\\/#website\"},\"primaryImageOfPage\":{\"@id\":\"https:\\\/\\\/drasanvi.com\\\/fr\\\/producto\\\/propolis-propolkid\\\/#primaryimage\"},\"image\":{\"@id\":\"https:\\\/\\\/drasanvi.com\\\/fr\\\/producto\\\/propolis-propolkid\\\/#primaryimage\"},\"thumbnailUrl\":\"https:\\\/\\\/drasanvi.com\\\/fr\\\/wp-content\\\/uploads\\\/sites\\\/7\\\/2022\\\/02\\\/032050016.png\",\"datePublished\":\"2022-02-28T13:14:21+00:00\",\"dateModified\":\"2022-03-10T12:12:55+00:00\",\"breadcrumb\":{\"@id\":\"https:\\\/\\\/drasanvi.com\\\/fr\\\/producto\\\/propolis-propolkid\\\/#breadcrumb\"},\"inLanguage\":\"fr-FR\",\"potentialAction\":[{\"@type\":\"ReadAction\",\"target\":[\"https:\\\/\\\/drasanvi.com\\\/fr\\\/producto\\\/propolis-propolkid\\\/\"]}]},{\"@type\":\"ImageObject\",\"inLanguage\":\"fr-FR\",\"@id\":\"https:\\\/\\\/drasanvi.com\\\/fr\\\/producto\\\/propolis-propolkid\\\/#primaryimage\",\"url\":\"https:\\\/\\\/drasanvi.com\\\/fr\\\/wp-content\\\/uploads\\\/sites\\\/7\\\/2022\\\/02\\\/032050016.png\",\"contentUrl\":\"https:\\\/\\\/drasanvi.com\\\/fr\\\/wp-content\\\/uploads\\\/sites\\\/7\\\/2022\\\/02\\\/032050016.png\",\"width\":1000,\"height\":1000},{\"@type\":\"BreadcrumbList\",\"@id\":\"https:\\\/\\\/drasanvi.com\\\/fr\\\/producto\\\/propolis-propolkid\\\/#breadcrumb\",\"itemListElement\":[{\"@type\":\"ListItem\",\"position\":1,\"name\":\"Portada\",\"item\":\"https:\\\/\\\/drasanvi.com\\\/fr\\\/\"},{\"@type\":\"ListItem\",\"position\":2,\"name\":\"Tienda\",\"item\":\"https:\\\/\\\/drasanvi.com\\\/fr\\\/tienda\\\/\"},{\"@type\":\"ListItem\",\"position\":3,\"name\":\"Pr\u00f3polis Propolkid\"}]},{\"@type\":\"WebSite\",\"@id\":\"https:\\\/\\\/drasanvi.com\\\/fr\\\/#website\",\"url\":\"https:\\\/\\\/drasanvi.com\\\/fr\\\/\",\"name\":\"Drasanvi Francia\",\"description\":\"L\u00edder en complementos alimenticios y cosm\u00e9tica natural.\",\"publisher\":{\"@id\":\"https:\\\/\\\/drasanvi.com\\\/fr\\\/#organization\"},\"potentialAction\":[{\"@type\":\"SearchAction\",\"target\":{\"@type\":\"EntryPoint\",\"urlTemplate\":\"https:\\\/\\\/drasanvi.com\\\/fr\\\/?s={search_term_string}\"},\"query-input\":{\"@type\":\"PropertyValueSpecification\",\"valueRequired\":true,\"valueName\":\"search_term_string\"}}],\"inLanguage\":\"fr-FR\"},{\"@type\":\"Organization\",\"@id\":\"https:\\\/\\\/drasanvi.com\\\/fr\\\/#organization\",\"name\":\"Drasanvi\",\"url\":\"https:\\\/\\\/drasanvi.com\\\/fr\\\/\",\"logo\":{\"@type\":\"ImageObject\",\"inLanguage\":\"fr-FR\",\"@id\":\"https:\\\/\\\/drasanvi.com\\\/fr\\\/#\\\/schema\\\/logo\\\/image\\\/\",\"url\":\"https:\\\/\\\/drasanvi.com\\\/wp-content\\\/uploads\\\/sites\\\/7\\\/2021\\\/07\\\/logo-drasanvi.png\",\"contentUrl\":\"https:\\\/\\\/drasanvi.com\\\/wp-content\\\/uploads\\\/sites\\\/7\\\/2021\\\/07\\\/logo-drasanvi.png\",\"width\":900,\"height\":300,\"caption\":\"Drasanvi\"},\"image\":{\"@id\":\"https:\\\/\\\/drasanvi.com\\\/fr\\\/#\\\/schema\\\/logo\\\/image\\\/\"}}]}<\/script>\n<!-- \/ Yoast SEO plugin. -->","yoast_head_json":{"title":"Pr\u00f3polis Propolkid - Drasanvi Francia","robots":{"index":"index","follow":"follow","max-snippet":"max-snippet:-1","max-image-preview":"max-image-preview:large","max-video-preview":"max-video-preview:-1"},"canonical":"https:\/\/drasanvi.com\/fr\/producto\/propolis-propolkid\/","og_locale":"fr_FR","og_type":"article","og_title":"Pr\u00f3polis Propolkid - Drasanvi Francia","og_description":"Contribuye al funcionamiento normal del sistema inmunitario. Propolkid es un complemento alimenticio pensado para ni\u00f1os mayores de tres a\u00f1os. En su composici\u00f3n se ha utilizado el Pr\u00f3polis, la Equin\u00e1cea, la Acerola, el Sol de Oro y la Miel.Debido a su importancia en la contribuci\u00f3n al funcionamiento normal del sistema inmunitario, hemos a\u00f1adido Vitamina C natural, proveniente de la Acerola. Este fruto rojo es conocido como la fruta con mayor cantidad de Vitamina C. Propolkid posee un sabor agradable de fresa, muy apreciado por los ni\u00f1os.Ficha t\u00e9cnica","og_url":"https:\/\/drasanvi.com\/fr\/producto\/propolis-propolkid\/","og_site_name":"Drasanvi Francia","article_modified_time":"2022-03-10T12:12:55+00:00","og_image":[{"width":1000,"height":1000,"url":"https:\/\/drasanvi.com\/wp-content\/uploads\/sites\/7\/2022\/02\/032050016.png","type":"image\/png"}],"twitter_card":"summary_large_image","schema":{"@context":"https:\/\/schema.org","@graph":[{"@type":"WebPage","@id":"https:\/\/drasanvi.com\/fr\/producto\/propolis-propolkid\/","url":"https:\/\/drasanvi.com\/fr\/producto\/propolis-propolkid\/","name":"Pr\u00f3polis Propolkid - Drasanvi Francia","isPartOf":{"@id":"https:\/\/drasanvi.com\/fr\/#website"},"primaryImageOfPage":{"@id":"https:\/\/drasanvi.com\/fr\/producto\/propolis-propolkid\/#primaryimage"},"image":{"@id":"https:\/\/drasanvi.com\/fr\/producto\/propolis-propolkid\/#primaryimage"},"thumbnailUrl":"https:\/\/drasanvi.com\/fr\/wp-content\/uploads\/sites\/7\/2022\/02\/032050016.png","datePublished":"2022-02-28T13:14:21+00:00","dateModified":"2022-03-10T12:12:55+00:00","breadcrumb":{"@id":"https:\/\/drasanvi.com\/fr\/producto\/propolis-propolkid\/#breadcrumb"},"inLanguage":"fr-FR","potentialAction":[{"@type":"ReadAction","target":["https:\/\/drasanvi.com\/fr\/producto\/propolis-propolkid\/"]}]},{"@type":"ImageObject","inLanguage":"fr-FR","@id":"https:\/\/drasanvi.com\/fr\/producto\/propolis-propolkid\/#primaryimage","url":"https:\/\/drasanvi.com\/fr\/wp-content\/uploads\/sites\/7\/2022\/02\/032050016.png","contentUrl":"https:\/\/drasanvi.com\/fr\/wp-content\/uploads\/sites\/7\/2022\/02\/032050016.png","width":1000,"height":1000},{"@type":"BreadcrumbList","@id":"https:\/\/drasanvi.com\/fr\/producto\/propolis-propolkid\/#breadcrumb","itemListElement":[{"@type":"ListItem","position":1,"name":"Portada","item":"https:\/\/drasanvi.com\/fr\/"},{"@type":"ListItem","position":2,"name":"Tienda","item":"https:\/\/drasanvi.com\/fr\/tienda\/"},{"@type":"ListItem","position":3,"name":"Pr\u00f3polis Propolkid"}]},{"@type":"WebSite","@id":"https:\/\/drasanvi.com\/fr\/#website","url":"https:\/\/drasanvi.com\/fr\/","name":"Drasanvi Francia","description":"L\u00edder en complementos alimenticios y cosm\u00e9tica natural.","publisher":{"@id":"https:\/\/drasanvi.com\/fr\/#organization"},"potentialAction":[{"@type":"SearchAction","target":{"@type":"EntryPoint","urlTemplate":"https:\/\/drasanvi.com\/fr\/?s={search_term_string}"},"query-input":{"@type":"PropertyValueSpecification","valueRequired":true,"valueName":"search_term_string"}}],"inLanguage":"fr-FR"},{"@type":"Organization","@id":"https:\/\/drasanvi.com\/fr\/#organization","name":"Drasanvi","url":"https:\/\/drasanvi.com\/fr\/","logo":{"@type":"ImageObject","inLanguage":"fr-FR","@id":"https:\/\/drasanvi.com\/fr\/#\/schema\/logo\/image\/","url":"https:\/\/drasanvi.com\/wp-content\/uploads\/sites\/7\/2021\/07\/logo-drasanvi.png","contentUrl":"https:\/\/drasanvi.com\/wp-content\/uploads\/sites\/7\/2021\/07\/logo-drasanvi.png","width":900,"height":300,"caption":"Drasanvi"},"image":{"@id":"https:\/\/drasanvi.com\/fr\/#\/schema\/logo\/image\/"}}]}},"_links":{"self":[{"href":"https:\/\/drasanvi.com\/fr\/wp-json\/wp\/v2\/product\/13095","targetHints":{"allow":["GET"]}}],"collection":[{"href":"https:\/\/drasanvi.com\/fr\/wp-json\/wp\/v2\/product"}],"about":[{"href":"https:\/\/drasanvi.com\/fr\/wp-json\/wp\/v2\/types\/product"}],"version-history":[{"count":0,"href":"https:\/\/drasanvi.com\/fr\/wp-json\/wp\/v2\/product\/13095\/revisions"}],"wp:featuredmedia":[{"embeddable":true,"href":"https:\/\/drasanvi.com\/fr\/wp-json\/wp\/v2\/media\/20552"}],"wp:attachment":[{"href":"https:\/\/drasanvi.com\/fr\/wp-json\/wp\/v2\/media?parent=13095"}],"wp:term":[{"taxonomy":"product_cat","embeddable":true,"href":"https:\/\/drasanvi.com\/fr\/wp-json\/wp\/v2\/product_cat?post=13095"},{"taxonomy":"product_tag","embeddable":true,"href":"https:\/\/drasanvi.com\/fr\/wp-json\/wp\/v2\/product_tag?post=13095"}],"curies":[{"name":"wp","href":"https:\/\/api.w.org\/{rel}","templated":true}]}}