{"id":13088,"date":"2022-02-28T15:14:21","date_gmt":"2022-02-28T13:14:21","guid":{"rendered":"https:\/\/drasanvi.com\/fr\/?post_type=product&#038;p=13088"},"modified":"2022-03-10T14:12:55","modified_gmt":"2022-03-10T12:12:55","slug":"propolis-jarabe-balsamico-250ml","status":"publish","type":"product","link":"https:\/\/drasanvi.com\/fr\/producto\/propolis-jarabe-balsamico-250ml\/","title":{"rendered":"Propolis Jarabe Balsamico 250ml"},"content":{"rendered":"<h2>Ingredientes<\/h2>\n<p>Ingrediente  Cantidad \/ dosis diaria      Pr\u00f3polis En forma de extracto fluido  160 mg      Extracto fluido de Malvavisco Althaea officinalis L.  100 mg      Extracto fluido de Tilo Tilia cordata  60 mg      Extracto fluido de Amapola Roja Papaver rhoeas L.  50 mg      Extracto fluido de Gordolobo Verbascum thapsus L.  40 mg      Extracto fluido de Equinacea Echinacea angustifolia DC  40 mg      Extracto seco de Sol de Oro Helichrysum arenarium (L) Moench equivalente a 160 mg de planta (Extracto 4:1)  40 mg      Aceite esencial puro de Pino Pinus sylvestris obtenido por arrastre de vapor de agua, de agujas y puntas de ramas nuevas  20 mg      Aceite esencial puro de Tomillo Thymus vulgaris L. obtenido por arrastre de vapor de agua a partir de flores  7 mg      Aceite esencial puro de Hinojo Foeniculum vulgare Miller obtenida por arrastre de vapor de agua  3, 04 mg      Otros ingredientes: Sirope de Ma\u00edz, Agua, Glicerina (vegetal), Sorbato Pot\u00e1sico y \u00c1cido C\u00edtrico.        Sin az\u00facares a\u00f1adidos ni colorantes.<\/p>\n<h2>Modo de uso<\/h2>\n<p>Agitar antes de usar. Tomar 10 ml por la ma\u00f1ana y 10 ml por la noche.<\/p>\n<h3>Presentaci\u00f3n<\/h3>\n<h3>Advertencias<\/h3>\n<p>Complemtento alimenticio a base de pr&oacute;polis, plantas y vitaminas. No superar la dosis expresamente recomendada; los complementos alimenticios no deben utilizarse como sustituto de una dieta equilibrada; mantener fuera del alcance de los ni&ntilde;os m&aacute;s peque&ntilde;os. Conservar en un lugar fresco y seco.<\/p>\n<h2>Informaci\u00f3n adicional<\/h2>\n<p>ingredientes  descripcion  dosis      Agua  \u00a0  20.000 mg      Sirope de Ma\u00edz  \u00a0  16.000 mg      Extracto fluido de Pr\u00f3polis  (Galangina 8%)  160 mg      Glicerina  \u00a0  100 mg      Extracto fluido de Malvavisco  (Althaea officinalis L.)  100 mg      Extracto fluido de Tilo  (Tilia cordata)  60 mg      Extracto fluido de Amapola Roja  (Papaver rhoeas L.)  50 mg      Extracto fluido de Gordolobo  (Verbascum thapsus L.)  40 mg      Conservador  (Sorbato pot\u00e1sico)  40 mg      Acidulante  (\u00c1cido c\u00edtrico)  40 mg      Extracto fluido de Equinacea  (Echinacea angustifolia DC)  40 mg      Extracto seco de Sol de Oro  (Helichrysum arenarium (L) Moench, ratio 4:1)  40 mg      Aceite esencial de Pino  (Pinus sylvestris)  20 mg      Aceite esencial de Tomillo  (Thymus vulgaris L.)  7 mg      Aceite esencial de Hinojo  (Foeniculum vulgare Miller)  3,04 mg<\/p>\n","protected":false},"excerpt":{"rendered":"<p>Pr\u00f3polis Jarabe Bals\u00e1mico es un complemento alimenticio rico en extractos vegetales y pr\u00f3polis. Los extractos vegetales utilizados son: Amapola roja, Gordolobo, Malvavisco, Helicriso, Tomillo, Pino e Hinojo. Se ha utilizado un pr\u00f3polis de primera calidad. El pr\u00f3polis es una sustancia elaborada por las abejas a partir de componentes resinosos de las plantas. El pr\u00f3polis est\u00e1 formado por resinas, b\u00e1lsamos, aceites esenciales y materia org\u00e1nica, entre las que destacan los flavonoides como la Galangina y la Quercitina. Pr\u00f3polis Jarabe Bals\u00e1mico va acompa\u00f1ado de un vaso dosificador para aportar precisi\u00f3n a la toma del producto.<br \/><a id=\"boton-ficha\" href=\"https:\/\/panel.drasanvi.com\/fichas\/1\/032050017\" target=\"_blank\" rel=\"noopener\">Ficha t\u00e9cnica<\/a><\/p>\n","protected":false},"featured_media":20550,"template":"","meta":{"inline_featured_image":false},"product_cat":[96],"product_tag":[],"class_list":["post-13088","product","type-product","status-publish","has-post-thumbnail","hentry","product_cat-defensa-invierno","pa_contiene-altramuces-no","pa_contiene-apio-no","pa_contiene-cacahuetes-no","pa_contiene-crustaceos-no","pa_contiene-frutos-secos-no","pa_contiene-huevo-no","pa_contiene-leche-no","pa_contiene-moluscos-no","pa_contiene-mostaza-no","pa_contiene-pescado-no","pa_contiene-sesamo-no","pa_contiene-soja-no","pa_producto-bio-no","pa_producto-sin-gluten-si","pa_producto-vegano-no","pa_producto-vegetariano-si"],"yoast_head":"<!-- This site is optimized with the Yoast SEO plugin v27.5 - https:\/\/yoast.com\/product\/yoast-seo-wordpress\/ -->\n<title>Propolis Jarabe Balsamico 250ml - Drasanvi Francia<\/title>\n<meta name=\"robots\" content=\"index, follow, max-snippet:-1, max-image-preview:large, max-video-preview:-1\" \/>\n<link rel=\"canonical\" href=\"https:\/\/drasanvi.com\/fr\/producto\/propolis-jarabe-balsamico-250ml\/\" \/>\n<meta property=\"og:locale\" content=\"fr_FR\" \/>\n<meta property=\"og:type\" content=\"article\" \/>\n<meta property=\"og:title\" content=\"Propolis Jarabe Balsamico 250ml - Drasanvi Francia\" \/>\n<meta property=\"og:description\" content=\"Pr\u00f3polis Jarabe Bals\u00e1mico es un complemento alimenticio rico en extractos vegetales y pr\u00f3polis. Los extractos vegetales utilizados son: Amapola roja, Gordolobo, Malvavisco, Helicriso, Tomillo, Pino e Hinojo. Se ha utilizado un pr\u00f3polis de primera calidad. El pr\u00f3polis es una sustancia elaborada por las abejas a partir de componentes resinosos de las plantas. El pr\u00f3polis est\u00e1 formado por resinas, b\u00e1lsamos, aceites esenciales y materia org\u00e1nica, entre las que destacan los flavonoides como la Galangina y la Quercitina. Pr\u00f3polis Jarabe Bals\u00e1mico va acompa\u00f1ado de un vaso dosificador para aportar precisi\u00f3n a la toma del producto.Ficha t\u00e9cnica\" \/>\n<meta property=\"og:url\" content=\"https:\/\/drasanvi.com\/fr\/producto\/propolis-jarabe-balsamico-250ml\/\" \/>\n<meta property=\"og:site_name\" content=\"Drasanvi Francia\" \/>\n<meta property=\"article:modified_time\" content=\"2022-03-10T12:12:55+00:00\" \/>\n<meta property=\"og:image\" content=\"https:\/\/drasanvi.com\/wp-content\/uploads\/sites\/7\/2022\/02\/032050017.png\" \/>\n\t<meta property=\"og:image:width\" content=\"1000\" \/>\n\t<meta property=\"og:image:height\" content=\"1000\" \/>\n\t<meta property=\"og:image:type\" content=\"image\/png\" \/>\n<meta name=\"twitter:card\" content=\"summary_large_image\" \/>\n<script type=\"application\/ld+json\" class=\"yoast-schema-graph\">{\"@context\":\"https:\\\/\\\/schema.org\",\"@graph\":[{\"@type\":\"WebPage\",\"@id\":\"https:\\\/\\\/drasanvi.com\\\/fr\\\/producto\\\/propolis-jarabe-balsamico-250ml\\\/\",\"url\":\"https:\\\/\\\/drasanvi.com\\\/fr\\\/producto\\\/propolis-jarabe-balsamico-250ml\\\/\",\"name\":\"Propolis Jarabe Balsamico 250ml - Drasanvi Francia\",\"isPartOf\":{\"@id\":\"https:\\\/\\\/drasanvi.com\\\/fr\\\/#website\"},\"primaryImageOfPage\":{\"@id\":\"https:\\\/\\\/drasanvi.com\\\/fr\\\/producto\\\/propolis-jarabe-balsamico-250ml\\\/#primaryimage\"},\"image\":{\"@id\":\"https:\\\/\\\/drasanvi.com\\\/fr\\\/producto\\\/propolis-jarabe-balsamico-250ml\\\/#primaryimage\"},\"thumbnailUrl\":\"https:\\\/\\\/drasanvi.com\\\/fr\\\/wp-content\\\/uploads\\\/sites\\\/7\\\/2022\\\/02\\\/032050017.png\",\"datePublished\":\"2022-02-28T13:14:21+00:00\",\"dateModified\":\"2022-03-10T12:12:55+00:00\",\"breadcrumb\":{\"@id\":\"https:\\\/\\\/drasanvi.com\\\/fr\\\/producto\\\/propolis-jarabe-balsamico-250ml\\\/#breadcrumb\"},\"inLanguage\":\"fr-FR\",\"potentialAction\":[{\"@type\":\"ReadAction\",\"target\":[\"https:\\\/\\\/drasanvi.com\\\/fr\\\/producto\\\/propolis-jarabe-balsamico-250ml\\\/\"]}]},{\"@type\":\"ImageObject\",\"inLanguage\":\"fr-FR\",\"@id\":\"https:\\\/\\\/drasanvi.com\\\/fr\\\/producto\\\/propolis-jarabe-balsamico-250ml\\\/#primaryimage\",\"url\":\"https:\\\/\\\/drasanvi.com\\\/fr\\\/wp-content\\\/uploads\\\/sites\\\/7\\\/2022\\\/02\\\/032050017.png\",\"contentUrl\":\"https:\\\/\\\/drasanvi.com\\\/fr\\\/wp-content\\\/uploads\\\/sites\\\/7\\\/2022\\\/02\\\/032050017.png\",\"width\":1000,\"height\":1000},{\"@type\":\"BreadcrumbList\",\"@id\":\"https:\\\/\\\/drasanvi.com\\\/fr\\\/producto\\\/propolis-jarabe-balsamico-250ml\\\/#breadcrumb\",\"itemListElement\":[{\"@type\":\"ListItem\",\"position\":1,\"name\":\"Portada\",\"item\":\"https:\\\/\\\/drasanvi.com\\\/fr\\\/\"},{\"@type\":\"ListItem\",\"position\":2,\"name\":\"Tienda\",\"item\":\"https:\\\/\\\/drasanvi.com\\\/fr\\\/tienda\\\/\"},{\"@type\":\"ListItem\",\"position\":3,\"name\":\"Propolis Jarabe Balsamico 250ml\"}]},{\"@type\":\"WebSite\",\"@id\":\"https:\\\/\\\/drasanvi.com\\\/fr\\\/#website\",\"url\":\"https:\\\/\\\/drasanvi.com\\\/fr\\\/\",\"name\":\"Drasanvi Francia\",\"description\":\"L\u00edder en complementos alimenticios y cosm\u00e9tica natural.\",\"publisher\":{\"@id\":\"https:\\\/\\\/drasanvi.com\\\/fr\\\/#organization\"},\"potentialAction\":[{\"@type\":\"SearchAction\",\"target\":{\"@type\":\"EntryPoint\",\"urlTemplate\":\"https:\\\/\\\/drasanvi.com\\\/fr\\\/?s={search_term_string}\"},\"query-input\":{\"@type\":\"PropertyValueSpecification\",\"valueRequired\":true,\"valueName\":\"search_term_string\"}}],\"inLanguage\":\"fr-FR\"},{\"@type\":\"Organization\",\"@id\":\"https:\\\/\\\/drasanvi.com\\\/fr\\\/#organization\",\"name\":\"Drasanvi\",\"url\":\"https:\\\/\\\/drasanvi.com\\\/fr\\\/\",\"logo\":{\"@type\":\"ImageObject\",\"inLanguage\":\"fr-FR\",\"@id\":\"https:\\\/\\\/drasanvi.com\\\/fr\\\/#\\\/schema\\\/logo\\\/image\\\/\",\"url\":\"https:\\\/\\\/drasanvi.com\\\/wp-content\\\/uploads\\\/sites\\\/7\\\/2021\\\/07\\\/logo-drasanvi.png\",\"contentUrl\":\"https:\\\/\\\/drasanvi.com\\\/wp-content\\\/uploads\\\/sites\\\/7\\\/2021\\\/07\\\/logo-drasanvi.png\",\"width\":900,\"height\":300,\"caption\":\"Drasanvi\"},\"image\":{\"@id\":\"https:\\\/\\\/drasanvi.com\\\/fr\\\/#\\\/schema\\\/logo\\\/image\\\/\"}}]}<\/script>\n<!-- \/ Yoast SEO plugin. -->","yoast_head_json":{"title":"Propolis Jarabe Balsamico 250ml - Drasanvi Francia","robots":{"index":"index","follow":"follow","max-snippet":"max-snippet:-1","max-image-preview":"max-image-preview:large","max-video-preview":"max-video-preview:-1"},"canonical":"https:\/\/drasanvi.com\/fr\/producto\/propolis-jarabe-balsamico-250ml\/","og_locale":"fr_FR","og_type":"article","og_title":"Propolis Jarabe Balsamico 250ml - Drasanvi Francia","og_description":"Pr\u00f3polis Jarabe Bals\u00e1mico es un complemento alimenticio rico en extractos vegetales y pr\u00f3polis. Los extractos vegetales utilizados son: Amapola roja, Gordolobo, Malvavisco, Helicriso, Tomillo, Pino e Hinojo. Se ha utilizado un pr\u00f3polis de primera calidad. El pr\u00f3polis es una sustancia elaborada por las abejas a partir de componentes resinosos de las plantas. El pr\u00f3polis est\u00e1 formado por resinas, b\u00e1lsamos, aceites esenciales y materia org\u00e1nica, entre las que destacan los flavonoides como la Galangina y la Quercitina. Pr\u00f3polis Jarabe Bals\u00e1mico va acompa\u00f1ado de un vaso dosificador para aportar precisi\u00f3n a la toma del producto.Ficha t\u00e9cnica","og_url":"https:\/\/drasanvi.com\/fr\/producto\/propolis-jarabe-balsamico-250ml\/","og_site_name":"Drasanvi Francia","article_modified_time":"2022-03-10T12:12:55+00:00","og_image":[{"width":1000,"height":1000,"url":"https:\/\/drasanvi.com\/wp-content\/uploads\/sites\/7\/2022\/02\/032050017.png","type":"image\/png"}],"twitter_card":"summary_large_image","schema":{"@context":"https:\/\/schema.org","@graph":[{"@type":"WebPage","@id":"https:\/\/drasanvi.com\/fr\/producto\/propolis-jarabe-balsamico-250ml\/","url":"https:\/\/drasanvi.com\/fr\/producto\/propolis-jarabe-balsamico-250ml\/","name":"Propolis Jarabe Balsamico 250ml - Drasanvi Francia","isPartOf":{"@id":"https:\/\/drasanvi.com\/fr\/#website"},"primaryImageOfPage":{"@id":"https:\/\/drasanvi.com\/fr\/producto\/propolis-jarabe-balsamico-250ml\/#primaryimage"},"image":{"@id":"https:\/\/drasanvi.com\/fr\/producto\/propolis-jarabe-balsamico-250ml\/#primaryimage"},"thumbnailUrl":"https:\/\/drasanvi.com\/fr\/wp-content\/uploads\/sites\/7\/2022\/02\/032050017.png","datePublished":"2022-02-28T13:14:21+00:00","dateModified":"2022-03-10T12:12:55+00:00","breadcrumb":{"@id":"https:\/\/drasanvi.com\/fr\/producto\/propolis-jarabe-balsamico-250ml\/#breadcrumb"},"inLanguage":"fr-FR","potentialAction":[{"@type":"ReadAction","target":["https:\/\/drasanvi.com\/fr\/producto\/propolis-jarabe-balsamico-250ml\/"]}]},{"@type":"ImageObject","inLanguage":"fr-FR","@id":"https:\/\/drasanvi.com\/fr\/producto\/propolis-jarabe-balsamico-250ml\/#primaryimage","url":"https:\/\/drasanvi.com\/fr\/wp-content\/uploads\/sites\/7\/2022\/02\/032050017.png","contentUrl":"https:\/\/drasanvi.com\/fr\/wp-content\/uploads\/sites\/7\/2022\/02\/032050017.png","width":1000,"height":1000},{"@type":"BreadcrumbList","@id":"https:\/\/drasanvi.com\/fr\/producto\/propolis-jarabe-balsamico-250ml\/#breadcrumb","itemListElement":[{"@type":"ListItem","position":1,"name":"Portada","item":"https:\/\/drasanvi.com\/fr\/"},{"@type":"ListItem","position":2,"name":"Tienda","item":"https:\/\/drasanvi.com\/fr\/tienda\/"},{"@type":"ListItem","position":3,"name":"Propolis Jarabe Balsamico 250ml"}]},{"@type":"WebSite","@id":"https:\/\/drasanvi.com\/fr\/#website","url":"https:\/\/drasanvi.com\/fr\/","name":"Drasanvi Francia","description":"L\u00edder en complementos alimenticios y cosm\u00e9tica natural.","publisher":{"@id":"https:\/\/drasanvi.com\/fr\/#organization"},"potentialAction":[{"@type":"SearchAction","target":{"@type":"EntryPoint","urlTemplate":"https:\/\/drasanvi.com\/fr\/?s={search_term_string}"},"query-input":{"@type":"PropertyValueSpecification","valueRequired":true,"valueName":"search_term_string"}}],"inLanguage":"fr-FR"},{"@type":"Organization","@id":"https:\/\/drasanvi.com\/fr\/#organization","name":"Drasanvi","url":"https:\/\/drasanvi.com\/fr\/","logo":{"@type":"ImageObject","inLanguage":"fr-FR","@id":"https:\/\/drasanvi.com\/fr\/#\/schema\/logo\/image\/","url":"https:\/\/drasanvi.com\/wp-content\/uploads\/sites\/7\/2021\/07\/logo-drasanvi.png","contentUrl":"https:\/\/drasanvi.com\/wp-content\/uploads\/sites\/7\/2021\/07\/logo-drasanvi.png","width":900,"height":300,"caption":"Drasanvi"},"image":{"@id":"https:\/\/drasanvi.com\/fr\/#\/schema\/logo\/image\/"}}]}},"_links":{"self":[{"href":"https:\/\/drasanvi.com\/fr\/wp-json\/wp\/v2\/product\/13088","targetHints":{"allow":["GET"]}}],"collection":[{"href":"https:\/\/drasanvi.com\/fr\/wp-json\/wp\/v2\/product"}],"about":[{"href":"https:\/\/drasanvi.com\/fr\/wp-json\/wp\/v2\/types\/product"}],"version-history":[{"count":0,"href":"https:\/\/drasanvi.com\/fr\/wp-json\/wp\/v2\/product\/13088\/revisions"}],"wp:featuredmedia":[{"embeddable":true,"href":"https:\/\/drasanvi.com\/fr\/wp-json\/wp\/v2\/media\/20550"}],"wp:attachment":[{"href":"https:\/\/drasanvi.com\/fr\/wp-json\/wp\/v2\/media?parent=13088"}],"wp:term":[{"taxonomy":"product_cat","embeddable":true,"href":"https:\/\/drasanvi.com\/fr\/wp-json\/wp\/v2\/product_cat?post=13088"},{"taxonomy":"product_tag","embeddable":true,"href":"https:\/\/drasanvi.com\/fr\/wp-json\/wp\/v2\/product_tag?post=13088"}],"curies":[{"name":"wp","href":"https:\/\/api.w.org\/{rel}","templated":true}]}}