{"id":13081,"date":"2022-02-28T15:14:21","date_gmt":"2022-02-28T13:14:21","guid":{"rendered":"https:\/\/drasanvi.com\/fr\/?post_type=product&#038;p=13081"},"modified":"2022-03-10T14:12:54","modified_gmt":"2022-03-10T12:12:54","slug":"propolis-extracto-sin-alcohol","status":"publish","type":"product","link":"https:\/\/drasanvi.com\/fr\/producto\/propolis-extracto-sin-alcohol\/","title":{"rendered":"Pr\u00f3polis Extracto Sin Alcohol"},"content":{"rendered":"<h2>Ingredientes<\/h2>\n<p>Ingredientes  Cantidad \/ dosis diaria      Pr\u00f3polis Aporta bioflavonoides: galangina (8-12%)  240 mg 28,8 mg      Extracto seco de Equinacea angustifolia Echinacea angustifolia DC con aporte en \u00c1cido chic\u00f3rico (2%) Echinacea angustifolia DC con aporte en Echinaceina (4%)  60 mg 1,2 mg 1,4 mg      Otros ingredientes: Agua, Fructosa, Aroma Frutas del Bosque y Sorbato Pot\u00e1sico        Sin colorantes.<\/p>\n<h2>Modo de uso<\/h2>\n<p>Ni\u00f1os menores de 12 a\u00f1os: Tomar 2 ml (30 gotas) 2 veces al d\u00eda. Se puede tomar directamente o diluido en agua. Adultos: Tomar 2 ml (30 gotas) 3 veces al d\u00eda. Se pueden tomar directamente o bien diluido en agua.<\/p>\n<h3>Presentaci\u00f3n<\/h3>\n<p>Envase de 50 ml (1.8 fl oz)<\/p>\n<h3>Advertencias<\/h3>\n<p>Complemento alimenticio a base de plantas y pr&oacute;polis.Los complementos alimenticios no deben utilizarse como sustituto de una dieta equilibrada. No superar la dosis diaria expresamente recomendada. Mantener fuera del alcance de los ni&ntilde;os m&aacute;s peque&ntilde;os. Conservar en un lugar fresco y seco.<\/p>\n<h2>Informaci\u00f3n adicional<\/h2>\n<p>INGREDIENTES  descripcion  Mg\/DOSIS D\u00cdA      Agua  \u00a0  3.600 mg      Fructosa  \u00a0  3.300 mg      Extracto Glicerinado de Pr\u00f3polis  (Galangina 8-12%)  240 mg      Extracto Seco de Equinacea  (Echinacea angustifolia DC, \u00c1cido Chic\u00f3rico 2%, Equin\u00e1cea 4%)  60 mg      Aroma  (Aroma de frutas del bosque)  45 mg      Conservador  (Sorbato pot\u00e1sico)  12 mg<\/p>\n","protected":false},"excerpt":{"rendered":"<p>Pr\u00f3polis extracto concentrado sin alcohol es un complemento alimenticio a base de Pr\u00f3polis puro y Equinacea. Se ha utilizado un Pr\u00f3polis de primera calidad, que se ha a\u00f1adido en forma de extracto seco. De esta manera, podemos asegurar una titulaci\u00f3n cercana al 12% en Galangina (Bioflavonoide). A esta fant\u00e1stica composici\u00f3n, se le ha a\u00f1adido un aroma de frutas del bosque, confiriendo al producto un sabor muy agradable. El Pr\u00f3polis es una sustancia elaborada por las abejas a partir de componentes resinosos de las plantas. El Pr\u00f3polis est\u00e1 formado por resinas, b\u00e1lsamos, aceites esenciales y materia org\u00e1nica, entre las que destacan los flavonoides como la Galangina y la Quercitina. Pr\u00f3polis extracto concentrado sin alcohol se presenta en un c\u00f3modo envase de 50 ml dotado de un gotero, que permite una dosificaci\u00f3n precisa y c\u00f3moda.<br \/><a id=\"boton-ficha\" href=\"https:\/\/panel.drasanvi.com\/fichas\/1\/032050013\" target=\"_blank\" rel=\"noopener\">Ficha t\u00e9cnica<\/a><\/p>\n","protected":false},"featured_media":20545,"template":"","meta":{"inline_featured_image":false},"product_cat":[96,108],"product_tag":[],"class_list":["post-13081","product","type-product","status-publish","has-post-thumbnail","hentry","product_cat-defensa-invierno","product_cat-ninos","pa_contiene-altramuces-no","pa_contiene-apio-no","pa_contiene-cacahuetes-no","pa_contiene-crustaceos-no","pa_contiene-frutos-secos-no","pa_contiene-huevo-no","pa_contiene-leche-no","pa_contiene-moluscos-no","pa_contiene-mostaza-no","pa_contiene-pescado-no","pa_contiene-sesamo-no","pa_contiene-soja-no","pa_producto-bio-no","pa_producto-sin-gluten-si","pa_producto-vegano-no","pa_producto-vegetariano-si"],"yoast_head":"<!-- This site is optimized with the Yoast SEO plugin v27.4 - https:\/\/yoast.com\/product\/yoast-seo-wordpress\/ -->\n<title>Pr\u00f3polis Extracto Sin Alcohol - Drasanvi Francia<\/title>\n<meta name=\"robots\" content=\"index, follow, max-snippet:-1, max-image-preview:large, max-video-preview:-1\" \/>\n<link rel=\"canonical\" href=\"https:\/\/drasanvi.com\/fr\/producto\/propolis-extracto-sin-alcohol\/\" \/>\n<meta property=\"og:locale\" content=\"fr_FR\" \/>\n<meta property=\"og:type\" content=\"article\" \/>\n<meta property=\"og:title\" content=\"Pr\u00f3polis Extracto Sin Alcohol - Drasanvi Francia\" \/>\n<meta property=\"og:description\" content=\"Pr\u00f3polis extracto concentrado sin alcohol es un complemento alimenticio a base de Pr\u00f3polis puro y Equinacea. Se ha utilizado un Pr\u00f3polis de primera calidad, que se ha a\u00f1adido en forma de extracto seco. De esta manera, podemos asegurar una titulaci\u00f3n cercana al 12% en Galangina (Bioflavonoide). A esta fant\u00e1stica composici\u00f3n, se le ha a\u00f1adido un aroma de frutas del bosque, confiriendo al producto un sabor muy agradable. El Pr\u00f3polis es una sustancia elaborada por las abejas a partir de componentes resinosos de las plantas. El Pr\u00f3polis est\u00e1 formado por resinas, b\u00e1lsamos, aceites esenciales y materia org\u00e1nica, entre las que destacan los flavonoides como la Galangina y la Quercitina. Pr\u00f3polis extracto concentrado sin alcohol se presenta en un c\u00f3modo envase de 50 ml dotado de un gotero, que permite una dosificaci\u00f3n precisa y c\u00f3moda.Ficha t\u00e9cnica\" \/>\n<meta property=\"og:url\" content=\"https:\/\/drasanvi.com\/fr\/producto\/propolis-extracto-sin-alcohol\/\" \/>\n<meta property=\"og:site_name\" content=\"Drasanvi Francia\" \/>\n<meta property=\"article:modified_time\" content=\"2022-03-10T12:12:54+00:00\" \/>\n<meta property=\"og:image\" content=\"https:\/\/drasanvi.com\/wp-content\/uploads\/sites\/7\/2022\/02\/032050013.png\" \/>\n\t<meta property=\"og:image:width\" content=\"1000\" \/>\n\t<meta property=\"og:image:height\" content=\"1000\" \/>\n\t<meta property=\"og:image:type\" content=\"image\/png\" \/>\n<meta name=\"twitter:card\" content=\"summary_large_image\" \/>\n<script type=\"application\/ld+json\" class=\"yoast-schema-graph\">{\"@context\":\"https:\\\/\\\/schema.org\",\"@graph\":[{\"@type\":\"WebPage\",\"@id\":\"https:\\\/\\\/drasanvi.com\\\/fr\\\/producto\\\/propolis-extracto-sin-alcohol\\\/\",\"url\":\"https:\\\/\\\/drasanvi.com\\\/fr\\\/producto\\\/propolis-extracto-sin-alcohol\\\/\",\"name\":\"Pr\u00f3polis Extracto Sin Alcohol - Drasanvi Francia\",\"isPartOf\":{\"@id\":\"https:\\\/\\\/drasanvi.com\\\/fr\\\/#website\"},\"primaryImageOfPage\":{\"@id\":\"https:\\\/\\\/drasanvi.com\\\/fr\\\/producto\\\/propolis-extracto-sin-alcohol\\\/#primaryimage\"},\"image\":{\"@id\":\"https:\\\/\\\/drasanvi.com\\\/fr\\\/producto\\\/propolis-extracto-sin-alcohol\\\/#primaryimage\"},\"thumbnailUrl\":\"https:\\\/\\\/drasanvi.com\\\/fr\\\/wp-content\\\/uploads\\\/sites\\\/7\\\/2022\\\/02\\\/032050013.png\",\"datePublished\":\"2022-02-28T13:14:21+00:00\",\"dateModified\":\"2022-03-10T12:12:54+00:00\",\"breadcrumb\":{\"@id\":\"https:\\\/\\\/drasanvi.com\\\/fr\\\/producto\\\/propolis-extracto-sin-alcohol\\\/#breadcrumb\"},\"inLanguage\":\"fr-FR\",\"potentialAction\":[{\"@type\":\"ReadAction\",\"target\":[\"https:\\\/\\\/drasanvi.com\\\/fr\\\/producto\\\/propolis-extracto-sin-alcohol\\\/\"]}]},{\"@type\":\"ImageObject\",\"inLanguage\":\"fr-FR\",\"@id\":\"https:\\\/\\\/drasanvi.com\\\/fr\\\/producto\\\/propolis-extracto-sin-alcohol\\\/#primaryimage\",\"url\":\"https:\\\/\\\/drasanvi.com\\\/fr\\\/wp-content\\\/uploads\\\/sites\\\/7\\\/2022\\\/02\\\/032050013.png\",\"contentUrl\":\"https:\\\/\\\/drasanvi.com\\\/fr\\\/wp-content\\\/uploads\\\/sites\\\/7\\\/2022\\\/02\\\/032050013.png\",\"width\":1000,\"height\":1000},{\"@type\":\"BreadcrumbList\",\"@id\":\"https:\\\/\\\/drasanvi.com\\\/fr\\\/producto\\\/propolis-extracto-sin-alcohol\\\/#breadcrumb\",\"itemListElement\":[{\"@type\":\"ListItem\",\"position\":1,\"name\":\"Portada\",\"item\":\"https:\\\/\\\/drasanvi.com\\\/fr\\\/\"},{\"@type\":\"ListItem\",\"position\":2,\"name\":\"Tienda\",\"item\":\"https:\\\/\\\/drasanvi.com\\\/fr\\\/tienda\\\/\"},{\"@type\":\"ListItem\",\"position\":3,\"name\":\"Pr\u00f3polis Extracto Sin Alcohol\"}]},{\"@type\":\"WebSite\",\"@id\":\"https:\\\/\\\/drasanvi.com\\\/fr\\\/#website\",\"url\":\"https:\\\/\\\/drasanvi.com\\\/fr\\\/\",\"name\":\"Drasanvi Francia\",\"description\":\"L\u00edder en complementos alimenticios y cosm\u00e9tica natural.\",\"publisher\":{\"@id\":\"https:\\\/\\\/drasanvi.com\\\/fr\\\/#organization\"},\"potentialAction\":[{\"@type\":\"SearchAction\",\"target\":{\"@type\":\"EntryPoint\",\"urlTemplate\":\"https:\\\/\\\/drasanvi.com\\\/fr\\\/?s={search_term_string}\"},\"query-input\":{\"@type\":\"PropertyValueSpecification\",\"valueRequired\":true,\"valueName\":\"search_term_string\"}}],\"inLanguage\":\"fr-FR\"},{\"@type\":\"Organization\",\"@id\":\"https:\\\/\\\/drasanvi.com\\\/fr\\\/#organization\",\"name\":\"Drasanvi\",\"url\":\"https:\\\/\\\/drasanvi.com\\\/fr\\\/\",\"logo\":{\"@type\":\"ImageObject\",\"inLanguage\":\"fr-FR\",\"@id\":\"https:\\\/\\\/drasanvi.com\\\/fr\\\/#\\\/schema\\\/logo\\\/image\\\/\",\"url\":\"https:\\\/\\\/drasanvi.com\\\/wp-content\\\/uploads\\\/sites\\\/7\\\/2021\\\/07\\\/logo-drasanvi.png\",\"contentUrl\":\"https:\\\/\\\/drasanvi.com\\\/wp-content\\\/uploads\\\/sites\\\/7\\\/2021\\\/07\\\/logo-drasanvi.png\",\"width\":900,\"height\":300,\"caption\":\"Drasanvi\"},\"image\":{\"@id\":\"https:\\\/\\\/drasanvi.com\\\/fr\\\/#\\\/schema\\\/logo\\\/image\\\/\"}}]}<\/script>\n<!-- \/ Yoast SEO plugin. -->","yoast_head_json":{"title":"Pr\u00f3polis Extracto Sin Alcohol - Drasanvi Francia","robots":{"index":"index","follow":"follow","max-snippet":"max-snippet:-1","max-image-preview":"max-image-preview:large","max-video-preview":"max-video-preview:-1"},"canonical":"https:\/\/drasanvi.com\/fr\/producto\/propolis-extracto-sin-alcohol\/","og_locale":"fr_FR","og_type":"article","og_title":"Pr\u00f3polis Extracto Sin Alcohol - Drasanvi Francia","og_description":"Pr\u00f3polis extracto concentrado sin alcohol es un complemento alimenticio a base de Pr\u00f3polis puro y Equinacea. Se ha utilizado un Pr\u00f3polis de primera calidad, que se ha a\u00f1adido en forma de extracto seco. De esta manera, podemos asegurar una titulaci\u00f3n cercana al 12% en Galangina (Bioflavonoide). A esta fant\u00e1stica composici\u00f3n, se le ha a\u00f1adido un aroma de frutas del bosque, confiriendo al producto un sabor muy agradable. El Pr\u00f3polis es una sustancia elaborada por las abejas a partir de componentes resinosos de las plantas. El Pr\u00f3polis est\u00e1 formado por resinas, b\u00e1lsamos, aceites esenciales y materia org\u00e1nica, entre las que destacan los flavonoides como la Galangina y la Quercitina. Pr\u00f3polis extracto concentrado sin alcohol se presenta en un c\u00f3modo envase de 50 ml dotado de un gotero, que permite una dosificaci\u00f3n precisa y c\u00f3moda.Ficha t\u00e9cnica","og_url":"https:\/\/drasanvi.com\/fr\/producto\/propolis-extracto-sin-alcohol\/","og_site_name":"Drasanvi Francia","article_modified_time":"2022-03-10T12:12:54+00:00","og_image":[{"width":1000,"height":1000,"url":"https:\/\/drasanvi.com\/wp-content\/uploads\/sites\/7\/2022\/02\/032050013.png","type":"image\/png"}],"twitter_card":"summary_large_image","schema":{"@context":"https:\/\/schema.org","@graph":[{"@type":"WebPage","@id":"https:\/\/drasanvi.com\/fr\/producto\/propolis-extracto-sin-alcohol\/","url":"https:\/\/drasanvi.com\/fr\/producto\/propolis-extracto-sin-alcohol\/","name":"Pr\u00f3polis Extracto Sin Alcohol - Drasanvi Francia","isPartOf":{"@id":"https:\/\/drasanvi.com\/fr\/#website"},"primaryImageOfPage":{"@id":"https:\/\/drasanvi.com\/fr\/producto\/propolis-extracto-sin-alcohol\/#primaryimage"},"image":{"@id":"https:\/\/drasanvi.com\/fr\/producto\/propolis-extracto-sin-alcohol\/#primaryimage"},"thumbnailUrl":"https:\/\/drasanvi.com\/fr\/wp-content\/uploads\/sites\/7\/2022\/02\/032050013.png","datePublished":"2022-02-28T13:14:21+00:00","dateModified":"2022-03-10T12:12:54+00:00","breadcrumb":{"@id":"https:\/\/drasanvi.com\/fr\/producto\/propolis-extracto-sin-alcohol\/#breadcrumb"},"inLanguage":"fr-FR","potentialAction":[{"@type":"ReadAction","target":["https:\/\/drasanvi.com\/fr\/producto\/propolis-extracto-sin-alcohol\/"]}]},{"@type":"ImageObject","inLanguage":"fr-FR","@id":"https:\/\/drasanvi.com\/fr\/producto\/propolis-extracto-sin-alcohol\/#primaryimage","url":"https:\/\/drasanvi.com\/fr\/wp-content\/uploads\/sites\/7\/2022\/02\/032050013.png","contentUrl":"https:\/\/drasanvi.com\/fr\/wp-content\/uploads\/sites\/7\/2022\/02\/032050013.png","width":1000,"height":1000},{"@type":"BreadcrumbList","@id":"https:\/\/drasanvi.com\/fr\/producto\/propolis-extracto-sin-alcohol\/#breadcrumb","itemListElement":[{"@type":"ListItem","position":1,"name":"Portada","item":"https:\/\/drasanvi.com\/fr\/"},{"@type":"ListItem","position":2,"name":"Tienda","item":"https:\/\/drasanvi.com\/fr\/tienda\/"},{"@type":"ListItem","position":3,"name":"Pr\u00f3polis Extracto Sin Alcohol"}]},{"@type":"WebSite","@id":"https:\/\/drasanvi.com\/fr\/#website","url":"https:\/\/drasanvi.com\/fr\/","name":"Drasanvi Francia","description":"L\u00edder en complementos alimenticios y cosm\u00e9tica natural.","publisher":{"@id":"https:\/\/drasanvi.com\/fr\/#organization"},"potentialAction":[{"@type":"SearchAction","target":{"@type":"EntryPoint","urlTemplate":"https:\/\/drasanvi.com\/fr\/?s={search_term_string}"},"query-input":{"@type":"PropertyValueSpecification","valueRequired":true,"valueName":"search_term_string"}}],"inLanguage":"fr-FR"},{"@type":"Organization","@id":"https:\/\/drasanvi.com\/fr\/#organization","name":"Drasanvi","url":"https:\/\/drasanvi.com\/fr\/","logo":{"@type":"ImageObject","inLanguage":"fr-FR","@id":"https:\/\/drasanvi.com\/fr\/#\/schema\/logo\/image\/","url":"https:\/\/drasanvi.com\/wp-content\/uploads\/sites\/7\/2021\/07\/logo-drasanvi.png","contentUrl":"https:\/\/drasanvi.com\/wp-content\/uploads\/sites\/7\/2021\/07\/logo-drasanvi.png","width":900,"height":300,"caption":"Drasanvi"},"image":{"@id":"https:\/\/drasanvi.com\/fr\/#\/schema\/logo\/image\/"}}]}},"_links":{"self":[{"href":"https:\/\/drasanvi.com\/fr\/wp-json\/wp\/v2\/product\/13081","targetHints":{"allow":["GET"]}}],"collection":[{"href":"https:\/\/drasanvi.com\/fr\/wp-json\/wp\/v2\/product"}],"about":[{"href":"https:\/\/drasanvi.com\/fr\/wp-json\/wp\/v2\/types\/product"}],"version-history":[{"count":0,"href":"https:\/\/drasanvi.com\/fr\/wp-json\/wp\/v2\/product\/13081\/revisions"}],"wp:featuredmedia":[{"embeddable":true,"href":"https:\/\/drasanvi.com\/fr\/wp-json\/wp\/v2\/media\/20545"}],"wp:attachment":[{"href":"https:\/\/drasanvi.com\/fr\/wp-json\/wp\/v2\/media?parent=13081"}],"wp:term":[{"taxonomy":"product_cat","embeddable":true,"href":"https:\/\/drasanvi.com\/fr\/wp-json\/wp\/v2\/product_cat?post=13081"},{"taxonomy":"product_tag","embeddable":true,"href":"https:\/\/drasanvi.com\/fr\/wp-json\/wp\/v2\/product_tag?post=13081"}],"curies":[{"name":"wp","href":"https:\/\/api.w.org\/{rel}","templated":true}]}}