{"id":13060,"date":"2022-02-28T15:19:51","date_gmt":"2022-02-28T13:19:51","guid":{"rendered":"https:\/\/drasanvi.com\/fr\/?post_type=product&#038;p=13060"},"modified":"2022-03-15T17:23:01","modified_gmt":"2022-03-15T15:23:01","slug":"vitalpur-clasica-7x15-ml","status":"publish","type":"product","link":"https:\/\/drasanvi.com\/fr\/producto\/vitalpur-clasica-7x15-ml\/","title":{"rendered":"Vitalpur Cl\u00e1sica 7&#215;15 ml"},"content":{"rendered":"<h2>Ingredientes<\/h2>\n<p>Ingrediente Cantidad \/ dosis diaria Jalea real 1500 mg Otros ingredientes: Agua, Aroma de Naranja, Sorbato de Potasio, \u00c1cido C\u00edtrico y Stevia. Sin az\u00facares ni colorantes<\/p>\n<h2>Modo de uso<\/h2>\n<p>Se recomienda tomar 1 vial al d\u00eda en ayunas, preferiblemente diluido en agua, leche o zumo de fruta. Se recomienda el consumo de jalea diariamente, preferiblemente, a la hora del desayuno.<\/p>\n<h3>Presentaci\u00f3n<\/h3>\n<p>Envase de 7 viales de 15 ml. Peso total: 105 ml (3.55 fl oz).<\/p>\n<h3>Advertencias<\/h3>\n<p>No superar la dosis diaria expresamente recomendada; Los complementos alimenticios no deben utilizarse como sustituto de una dieta equilibrada; Mantener fuera del alcance de los ni\u00f1os m\u00e1s peque\u00f1os. Conservar en un lugar fresco y seco. Con edulcorante natural: gluc\u00f3sidos de steviol, extra\u00eddos de las hojas de la planta Stevia rebaudiana\u00a0Bertoni<\/p>\n<h2>Informaci\u00f3n adicional<\/h2>\n<p>INGREDIENTE DESCRIPCI\u00d3N CANTIDAD DOSIS DIARIA Agua \u00a0 15.010 mg Jalea Real (10 HDA 4- 5%) 1.500 mg Conservador (Sorbato pot\u00e1sico) 30 mg Aroma (Aroma naranja) 30 mg Acidulante (\u00c1cido c\u00edtrico) 20 mg Edulcorante (Gluc\u00f3sidos de steviol) 3 mg<\/p>\n","protected":false},"excerpt":{"rendered":"<p>Vitalpur Cl\u00e1sica es un complemento alimenticio a base de Jalea Real, que aporta 1.500 mg por dosis diaria. La Jalea Real es una sustancia producida por las abejas, rica en nutrientes como vitaminas, minerales, \u00e1cidos grasos esenciales y amino\u00e1cidos. Vitalpur Cl\u00e1sica, no lleva az\u00facares a\u00f1adidos, s\u00f3lo contiene edulcorante natural (gluc\u00f3sidos de esteviol), extra\u00eddos de las hojas de la planta Stevia rebaudiana bertoni.<br \/>\n<a id=\"boton-ficha\" href=\"https:\/\/panel.drasanvi.com\/fichas\/1\/032050532\" target=\"_blank\" rel=\"noopener\">Ficha t\u00e9cnica<\/a><\/p>\n","protected":false},"featured_media":20865,"template":"","meta":{"inline_featured_image":false},"product_cat":[99,102],"product_tag":[],"class_list":["post-13060","product","type-product","status-publish","has-post-thumbnail","hentry","product_cat-energia-vitalidad","product_cat-jalea-real","pa_contiene-altramuces-no","pa_contiene-apio-no","pa_contiene-cacahuetes-no","pa_contiene-crustaceos-no","pa_contiene-frutos-secos-no","pa_contiene-huevo-no","pa_contiene-leche-no","pa_contiene-moluscos-no","pa_contiene-mostaza-no","pa_contiene-pescado-no","pa_contiene-sesamo-no","pa_contiene-soja-no","pa_producto-bio-no","pa_producto-sin-gluten-si","pa_producto-vegano-no","pa_producto-vegetariano-si"],"yoast_head":"<!-- This site is optimized with the Yoast SEO plugin v27.5 - https:\/\/yoast.com\/product\/yoast-seo-wordpress\/ -->\n<title>Vitalpur Cl\u00e1sica 7x15 ml - Drasanvi Francia<\/title>\n<meta name=\"robots\" content=\"index, follow, max-snippet:-1, max-image-preview:large, max-video-preview:-1\" \/>\n<link rel=\"canonical\" href=\"https:\/\/drasanvi.com\/fr\/producto\/vitalpur-clasica-7x15-ml\/\" \/>\n<meta property=\"og:locale\" content=\"fr_FR\" \/>\n<meta property=\"og:type\" content=\"article\" \/>\n<meta property=\"og:title\" content=\"Vitalpur Cl\u00e1sica 7x15 ml - Drasanvi Francia\" \/>\n<meta property=\"og:description\" content=\"Vitalpur Cl\u00e1sica es un complemento alimenticio a base de Jalea Real, que aporta 1.500 mg por dosis diaria. La Jalea Real es una sustancia producida por las abejas, rica en nutrientes como vitaminas, minerales, \u00e1cidos grasos esenciales y amino\u00e1cidos. Vitalpur Cl\u00e1sica, no lleva az\u00facares a\u00f1adidos, s\u00f3lo contiene edulcorante natural (gluc\u00f3sidos de esteviol), extra\u00eddos de las hojas de la planta Stevia rebaudiana bertoni. Ficha t\u00e9cnica\" \/>\n<meta property=\"og:url\" content=\"https:\/\/drasanvi.com\/fr\/producto\/vitalpur-clasica-7x15-ml\/\" \/>\n<meta property=\"og:site_name\" content=\"Drasanvi Francia\" \/>\n<meta property=\"article:modified_time\" content=\"2022-03-15T15:23:01+00:00\" \/>\n<meta property=\"og:image\" content=\"https:\/\/drasanvi.com\/wp-content\/uploads\/sites\/7\/2022\/02\/032050532.png\" \/>\n\t<meta property=\"og:image:width\" content=\"1000\" \/>\n\t<meta property=\"og:image:height\" content=\"1000\" \/>\n\t<meta property=\"og:image:type\" content=\"image\/png\" \/>\n<meta name=\"twitter:card\" content=\"summary_large_image\" \/>\n<script type=\"application\/ld+json\" class=\"yoast-schema-graph\">{\"@context\":\"https:\\\/\\\/schema.org\",\"@graph\":[{\"@type\":\"WebPage\",\"@id\":\"https:\\\/\\\/drasanvi.com\\\/fr\\\/producto\\\/vitalpur-clasica-7x15-ml\\\/\",\"url\":\"https:\\\/\\\/drasanvi.com\\\/fr\\\/producto\\\/vitalpur-clasica-7x15-ml\\\/\",\"name\":\"Vitalpur Cl\u00e1sica 7x15 ml - Drasanvi Francia\",\"isPartOf\":{\"@id\":\"https:\\\/\\\/drasanvi.com\\\/fr\\\/#website\"},\"primaryImageOfPage\":{\"@id\":\"https:\\\/\\\/drasanvi.com\\\/fr\\\/producto\\\/vitalpur-clasica-7x15-ml\\\/#primaryimage\"},\"image\":{\"@id\":\"https:\\\/\\\/drasanvi.com\\\/fr\\\/producto\\\/vitalpur-clasica-7x15-ml\\\/#primaryimage\"},\"thumbnailUrl\":\"https:\\\/\\\/drasanvi.com\\\/fr\\\/wp-content\\\/uploads\\\/sites\\\/7\\\/2022\\\/02\\\/032050532.png\",\"datePublished\":\"2022-02-28T13:19:51+00:00\",\"dateModified\":\"2022-03-15T15:23:01+00:00\",\"breadcrumb\":{\"@id\":\"https:\\\/\\\/drasanvi.com\\\/fr\\\/producto\\\/vitalpur-clasica-7x15-ml\\\/#breadcrumb\"},\"inLanguage\":\"fr-FR\",\"potentialAction\":[{\"@type\":\"ReadAction\",\"target\":[\"https:\\\/\\\/drasanvi.com\\\/fr\\\/producto\\\/vitalpur-clasica-7x15-ml\\\/\"]}]},{\"@type\":\"ImageObject\",\"inLanguage\":\"fr-FR\",\"@id\":\"https:\\\/\\\/drasanvi.com\\\/fr\\\/producto\\\/vitalpur-clasica-7x15-ml\\\/#primaryimage\",\"url\":\"https:\\\/\\\/drasanvi.com\\\/fr\\\/wp-content\\\/uploads\\\/sites\\\/7\\\/2022\\\/02\\\/032050532.png\",\"contentUrl\":\"https:\\\/\\\/drasanvi.com\\\/fr\\\/wp-content\\\/uploads\\\/sites\\\/7\\\/2022\\\/02\\\/032050532.png\",\"width\":1000,\"height\":1000},{\"@type\":\"BreadcrumbList\",\"@id\":\"https:\\\/\\\/drasanvi.com\\\/fr\\\/producto\\\/vitalpur-clasica-7x15-ml\\\/#breadcrumb\",\"itemListElement\":[{\"@type\":\"ListItem\",\"position\":1,\"name\":\"Portada\",\"item\":\"https:\\\/\\\/drasanvi.com\\\/fr\\\/\"},{\"@type\":\"ListItem\",\"position\":2,\"name\":\"Tienda\",\"item\":\"https:\\\/\\\/drasanvi.com\\\/fr\\\/tienda\\\/\"},{\"@type\":\"ListItem\",\"position\":3,\"name\":\"Vitalpur Cl\u00e1sica 7&#215;15 ml\"}]},{\"@type\":\"WebSite\",\"@id\":\"https:\\\/\\\/drasanvi.com\\\/fr\\\/#website\",\"url\":\"https:\\\/\\\/drasanvi.com\\\/fr\\\/\",\"name\":\"Drasanvi Francia\",\"description\":\"L\u00edder en complementos alimenticios y cosm\u00e9tica natural.\",\"publisher\":{\"@id\":\"https:\\\/\\\/drasanvi.com\\\/fr\\\/#organization\"},\"potentialAction\":[{\"@type\":\"SearchAction\",\"target\":{\"@type\":\"EntryPoint\",\"urlTemplate\":\"https:\\\/\\\/drasanvi.com\\\/fr\\\/?s={search_term_string}\"},\"query-input\":{\"@type\":\"PropertyValueSpecification\",\"valueRequired\":true,\"valueName\":\"search_term_string\"}}],\"inLanguage\":\"fr-FR\"},{\"@type\":\"Organization\",\"@id\":\"https:\\\/\\\/drasanvi.com\\\/fr\\\/#organization\",\"name\":\"Drasanvi\",\"url\":\"https:\\\/\\\/drasanvi.com\\\/fr\\\/\",\"logo\":{\"@type\":\"ImageObject\",\"inLanguage\":\"fr-FR\",\"@id\":\"https:\\\/\\\/drasanvi.com\\\/fr\\\/#\\\/schema\\\/logo\\\/image\\\/\",\"url\":\"https:\\\/\\\/drasanvi.com\\\/wp-content\\\/uploads\\\/sites\\\/7\\\/2021\\\/07\\\/logo-drasanvi.png\",\"contentUrl\":\"https:\\\/\\\/drasanvi.com\\\/wp-content\\\/uploads\\\/sites\\\/7\\\/2021\\\/07\\\/logo-drasanvi.png\",\"width\":900,\"height\":300,\"caption\":\"Drasanvi\"},\"image\":{\"@id\":\"https:\\\/\\\/drasanvi.com\\\/fr\\\/#\\\/schema\\\/logo\\\/image\\\/\"}}]}<\/script>\n<!-- \/ Yoast SEO plugin. -->","yoast_head_json":{"title":"Vitalpur Cl\u00e1sica 7x15 ml - Drasanvi Francia","robots":{"index":"index","follow":"follow","max-snippet":"max-snippet:-1","max-image-preview":"max-image-preview:large","max-video-preview":"max-video-preview:-1"},"canonical":"https:\/\/drasanvi.com\/fr\/producto\/vitalpur-clasica-7x15-ml\/","og_locale":"fr_FR","og_type":"article","og_title":"Vitalpur Cl\u00e1sica 7x15 ml - Drasanvi Francia","og_description":"Vitalpur Cl\u00e1sica es un complemento alimenticio a base de Jalea Real, que aporta 1.500 mg por dosis diaria. La Jalea Real es una sustancia producida por las abejas, rica en nutrientes como vitaminas, minerales, \u00e1cidos grasos esenciales y amino\u00e1cidos. Vitalpur Cl\u00e1sica, no lleva az\u00facares a\u00f1adidos, s\u00f3lo contiene edulcorante natural (gluc\u00f3sidos de esteviol), extra\u00eddos de las hojas de la planta Stevia rebaudiana bertoni. Ficha t\u00e9cnica","og_url":"https:\/\/drasanvi.com\/fr\/producto\/vitalpur-clasica-7x15-ml\/","og_site_name":"Drasanvi Francia","article_modified_time":"2022-03-15T15:23:01+00:00","og_image":[{"width":1000,"height":1000,"url":"https:\/\/drasanvi.com\/wp-content\/uploads\/sites\/7\/2022\/02\/032050532.png","type":"image\/png"}],"twitter_card":"summary_large_image","schema":{"@context":"https:\/\/schema.org","@graph":[{"@type":"WebPage","@id":"https:\/\/drasanvi.com\/fr\/producto\/vitalpur-clasica-7x15-ml\/","url":"https:\/\/drasanvi.com\/fr\/producto\/vitalpur-clasica-7x15-ml\/","name":"Vitalpur Cl\u00e1sica 7x15 ml - Drasanvi Francia","isPartOf":{"@id":"https:\/\/drasanvi.com\/fr\/#website"},"primaryImageOfPage":{"@id":"https:\/\/drasanvi.com\/fr\/producto\/vitalpur-clasica-7x15-ml\/#primaryimage"},"image":{"@id":"https:\/\/drasanvi.com\/fr\/producto\/vitalpur-clasica-7x15-ml\/#primaryimage"},"thumbnailUrl":"https:\/\/drasanvi.com\/fr\/wp-content\/uploads\/sites\/7\/2022\/02\/032050532.png","datePublished":"2022-02-28T13:19:51+00:00","dateModified":"2022-03-15T15:23:01+00:00","breadcrumb":{"@id":"https:\/\/drasanvi.com\/fr\/producto\/vitalpur-clasica-7x15-ml\/#breadcrumb"},"inLanguage":"fr-FR","potentialAction":[{"@type":"ReadAction","target":["https:\/\/drasanvi.com\/fr\/producto\/vitalpur-clasica-7x15-ml\/"]}]},{"@type":"ImageObject","inLanguage":"fr-FR","@id":"https:\/\/drasanvi.com\/fr\/producto\/vitalpur-clasica-7x15-ml\/#primaryimage","url":"https:\/\/drasanvi.com\/fr\/wp-content\/uploads\/sites\/7\/2022\/02\/032050532.png","contentUrl":"https:\/\/drasanvi.com\/fr\/wp-content\/uploads\/sites\/7\/2022\/02\/032050532.png","width":1000,"height":1000},{"@type":"BreadcrumbList","@id":"https:\/\/drasanvi.com\/fr\/producto\/vitalpur-clasica-7x15-ml\/#breadcrumb","itemListElement":[{"@type":"ListItem","position":1,"name":"Portada","item":"https:\/\/drasanvi.com\/fr\/"},{"@type":"ListItem","position":2,"name":"Tienda","item":"https:\/\/drasanvi.com\/fr\/tienda\/"},{"@type":"ListItem","position":3,"name":"Vitalpur Cl\u00e1sica 7&#215;15 ml"}]},{"@type":"WebSite","@id":"https:\/\/drasanvi.com\/fr\/#website","url":"https:\/\/drasanvi.com\/fr\/","name":"Drasanvi Francia","description":"L\u00edder en complementos alimenticios y cosm\u00e9tica natural.","publisher":{"@id":"https:\/\/drasanvi.com\/fr\/#organization"},"potentialAction":[{"@type":"SearchAction","target":{"@type":"EntryPoint","urlTemplate":"https:\/\/drasanvi.com\/fr\/?s={search_term_string}"},"query-input":{"@type":"PropertyValueSpecification","valueRequired":true,"valueName":"search_term_string"}}],"inLanguage":"fr-FR"},{"@type":"Organization","@id":"https:\/\/drasanvi.com\/fr\/#organization","name":"Drasanvi","url":"https:\/\/drasanvi.com\/fr\/","logo":{"@type":"ImageObject","inLanguage":"fr-FR","@id":"https:\/\/drasanvi.com\/fr\/#\/schema\/logo\/image\/","url":"https:\/\/drasanvi.com\/wp-content\/uploads\/sites\/7\/2021\/07\/logo-drasanvi.png","contentUrl":"https:\/\/drasanvi.com\/wp-content\/uploads\/sites\/7\/2021\/07\/logo-drasanvi.png","width":900,"height":300,"caption":"Drasanvi"},"image":{"@id":"https:\/\/drasanvi.com\/fr\/#\/schema\/logo\/image\/"}}]}},"_links":{"self":[{"href":"https:\/\/drasanvi.com\/fr\/wp-json\/wp\/v2\/product\/13060","targetHints":{"allow":["GET"]}}],"collection":[{"href":"https:\/\/drasanvi.com\/fr\/wp-json\/wp\/v2\/product"}],"about":[{"href":"https:\/\/drasanvi.com\/fr\/wp-json\/wp\/v2\/types\/product"}],"version-history":[{"count":0,"href":"https:\/\/drasanvi.com\/fr\/wp-json\/wp\/v2\/product\/13060\/revisions"}],"wp:featuredmedia":[{"embeddable":true,"href":"https:\/\/drasanvi.com\/fr\/wp-json\/wp\/v2\/media\/20865"}],"wp:attachment":[{"href":"https:\/\/drasanvi.com\/fr\/wp-json\/wp\/v2\/media?parent=13060"}],"wp:term":[{"taxonomy":"product_cat","embeddable":true,"href":"https:\/\/drasanvi.com\/fr\/wp-json\/wp\/v2\/product_cat?post=13060"},{"taxonomy":"product_tag","embeddable":true,"href":"https:\/\/drasanvi.com\/fr\/wp-json\/wp\/v2\/product_tag?post=13060"}],"curies":[{"name":"wp","href":"https:\/\/api.w.org\/{rel}","templated":true}]}}