{"id":13044,"date":"2022-02-28T15:19:51","date_gmt":"2022-02-28T13:19:51","guid":{"rendered":"https:\/\/drasanvi.com\/fr\/?post_type=product&#038;p=13044"},"modified":"2022-03-15T17:24:27","modified_gmt":"2022-03-15T15:24:27","slug":"vitalpur-energy-7x15-ml","status":"publish","type":"product","link":"https:\/\/drasanvi.com\/fr\/producto\/vitalpur-energy-7x15-ml\/","title":{"rendered":"Vitalpur Energy 7&#215;15 ml"},"content":{"rendered":"<h2>Ingredientes<\/h2>\n<p>Ingrediente Cantidad \/ dosis diaria Jalea Real 1000 mg Extracto fluido de Ginseng Panax ginseng CA Meyer con aporte ginsen\u00f3sidos RG1 350 mg 3.5 mg Extracto fluido de Eleuterococco Eleutherococcus senticosus (Rupr. Et Maxin) 150 mg Extracto seco de de Guaran\u00e1 Paullina cupana Kunth con aporte en cafe\u00edna 150 mg 15 mg Hierro Como gluconato de hierro 55 mg Vitamina B3 Como Nicotinamida 16 mg Coenzima Q10 15 mg Vitamina B5 Como D-pantotenato de calcio 6 mg Vitamina B6 Como Clorhidrato de piridoxina 1,4 mg Vitamina B2 Riboflavina 1,4 mg Vitamina B1 Como clorhidrato de Tiamina 1,4 mg Otros ingredientes: Agua, Aroma de Naranja, Sorbato de Potasio, \u00c1cido C\u00edtrico y Gluc\u00f3sidos de Steviol (Stevia rebaudiana Bertoni) Sin azucares a\u00f1adidos ni colorantes<\/p>\n<h2>Modo de uso<\/h2>\n<p>Se recomienda tomar 1 vial al d\u00eda en ayunas, preferiblemente, diluido en agua, leche o zumo de fruta.<\/p>\n<h3>Presentaci\u00f3n<\/h3>\n<p>Envase de 7 viales de 15 ml. Peso total: 105 ml (3.55 fl oz).<\/p>\n<h3>Advertencias<\/h3>\n<p>AdvertenciasComplemento alimenticio a base de jalea real, plantas, vitaminas y minerales con edulcorante.Con edulcorante natural: gluc\u00f3sidos de steviol, extra\u00eddos de las hojas de la planta Stevia rebaudiana Bertoni.\u00a0Contiene Cafe\u00edna (15 mg \/d\u00eda), no recomendado para ni\u00f1os ni mujeres embarazadas.No superar la dosis diaria expresamente recomendada; Los complementos alimenticios no deben utilizarse como sustituto de una dieta equilibrada; Mantener fuera del alcance de los ni\u00f1os m\u00e1s peque\u00f1os. Conservar en un lugar fresco y seco.<\/p>\n<h2>Informaci\u00f3n adicional<\/h2>\n<p>INGREDIENTE DESCRIPCI\u00d3N CANTIDAD DOSIS DIARIA Agua \u00a0 14.130 mg Jalea Real (10 HDA 4-5%) 1.000 mg Extracto fluido de Ginseng (Panax ginseng CA Meyer, ginsen\u00f3sidos 1%) 350 mg Extracto fluido de Eleuterococco (Eleutherococcus senticosus, Pupr. Et maxin) 150 mg Extracto seco de Guaran\u00e1 (Paullina cupana Kunth, cafeina 10%) 150 mg Gluconato de Hierro (Hierro 12,5%) 56 mg Aroma (Aroma de naranja) 30 mg Conservador (Sorbato pot\u00e1sico) 30 mg Acidulante (\u00c1cido c\u00edtrico) 20 mg Vitamina B3 (Nicotinamida) 16 mg Coenzima Q10 \u00a0 15 mg Vitamina B5 (D-pantotenato de calcio) 6 mg Edulcorante\u00a0 (Gluc\u00f3sido de steviol) 3 mg Vitamina B6 (Clorhidrato de piridoxina) 1,4 mg Vitamina B2 (Riboflavina) 1,4 mg Vitamina B1 (Clorhidrato de tiamina) 1,1 mg<\/p>\n<p>por dosis diaria (15 ml) Ingrediente Porcentaje Cantidad Vitamina B3 100% 16 mg Vitamina B6 100% 1,4 mg Vitamina B2 100% 1,4 mg Vitamina B1 100% 1,1 mg Vitamina B5 100% 6 mg Hierro 50% 7 mg % VRN (Valores de Referencia de Nutrientes)<\/p>\n","protected":false},"excerpt":{"rendered":"<p>Ayuda a disminuir el cansancio y la fatiga. Vitalpur Energy es un complemento que basa su formulaci\u00f3n en la Jalea Real (1000 mg) reforzada con minerales como el Hierro. El Hierro es un mineral de gran importancia, ya que ayuda a disminuir el cansancio y la fatiga. Complementan la acci\u00f3n la Vitamina B3, Vitamina B5, Vitamina B1, Vitamina B6 (contribuye al metabolismo energ\u00e9tico normal) Vitamina B2 y extractos vegetales como el Ginseng, Eleuterococco y Guaran\u00e1. Vitalpur Energy no lleva az\u00facares a\u00f1adidos y opta por la Stevia (edulcorante extra\u00eddo de las hojas de una planta).<br \/>\n<a id=\"boton-ficha\" href=\"https:\/\/panel.drasanvi.com\/fichas\/1\/032050535\" target=\"_blank\" rel=\"noopener\">Ficha t\u00e9cnica<\/a><\/p>\n","protected":false},"featured_media":20876,"template":"","meta":{"inline_featured_image":false},"product_cat":[99,102],"product_tag":[],"class_list":["post-13044","product","type-product","status-publish","has-post-thumbnail","hentry","product_cat-energia-vitalidad","product_cat-jalea-real","pa_contiene-altramuces-no","pa_contiene-apio-no","pa_contiene-cacahuetes-no","pa_contiene-crustaceos-no","pa_contiene-frutos-secos-no","pa_contiene-huevo-no","pa_contiene-leche-no","pa_contiene-moluscos-no","pa_contiene-mostaza-no","pa_contiene-pescado-no","pa_contiene-sesamo-no","pa_contiene-soja-no","pa_producto-bio-no","pa_producto-sin-gluten-si","pa_producto-vegano-no","pa_producto-vegetariano-si"],"yoast_head":"<!-- This site is optimized with the Yoast SEO plugin v27.4 - https:\/\/yoast.com\/product\/yoast-seo-wordpress\/ -->\n<title>Vitalpur Energy 7x15 ml - Drasanvi Francia<\/title>\n<meta name=\"robots\" content=\"index, follow, max-snippet:-1, max-image-preview:large, max-video-preview:-1\" \/>\n<link rel=\"canonical\" href=\"https:\/\/drasanvi.com\/fr\/producto\/vitalpur-energy-7x15-ml\/\" \/>\n<meta property=\"og:locale\" content=\"fr_FR\" \/>\n<meta property=\"og:type\" content=\"article\" \/>\n<meta property=\"og:title\" content=\"Vitalpur Energy 7x15 ml - Drasanvi Francia\" \/>\n<meta property=\"og:description\" content=\"Ayuda a disminuir el cansancio y la fatiga. Vitalpur Energy es un complemento que basa su formulaci\u00f3n en la Jalea Real (1000 mg) reforzada con minerales como el Hierro. El Hierro es un mineral de gran importancia, ya que ayuda a disminuir el cansancio y la fatiga. Complementan la acci\u00f3n la Vitamina B3, Vitamina B5, Vitamina B1, Vitamina B6 (contribuye al metabolismo energ\u00e9tico normal) Vitamina B2 y extractos vegetales como el Ginseng, Eleuterococco y Guaran\u00e1. Vitalpur Energy no lleva az\u00facares a\u00f1adidos y opta por la Stevia (edulcorante extra\u00eddo de las hojas de una planta). Ficha t\u00e9cnica\" \/>\n<meta property=\"og:url\" content=\"https:\/\/drasanvi.com\/fr\/producto\/vitalpur-energy-7x15-ml\/\" \/>\n<meta property=\"og:site_name\" content=\"Drasanvi Francia\" \/>\n<meta property=\"article:modified_time\" content=\"2022-03-15T15:24:27+00:00\" \/>\n<meta property=\"og:image\" content=\"https:\/\/drasanvi.com\/wp-content\/uploads\/sites\/7\/2022\/02\/032050535.png\" \/>\n\t<meta property=\"og:image:width\" content=\"1000\" \/>\n\t<meta property=\"og:image:height\" content=\"1000\" \/>\n\t<meta property=\"og:image:type\" content=\"image\/png\" \/>\n<meta name=\"twitter:card\" content=\"summary_large_image\" \/>\n<script type=\"application\/ld+json\" class=\"yoast-schema-graph\">{\"@context\":\"https:\\\/\\\/schema.org\",\"@graph\":[{\"@type\":\"WebPage\",\"@id\":\"https:\\\/\\\/drasanvi.com\\\/fr\\\/producto\\\/vitalpur-energy-7x15-ml\\\/\",\"url\":\"https:\\\/\\\/drasanvi.com\\\/fr\\\/producto\\\/vitalpur-energy-7x15-ml\\\/\",\"name\":\"Vitalpur Energy 7x15 ml - Drasanvi Francia\",\"isPartOf\":{\"@id\":\"https:\\\/\\\/drasanvi.com\\\/fr\\\/#website\"},\"primaryImageOfPage\":{\"@id\":\"https:\\\/\\\/drasanvi.com\\\/fr\\\/producto\\\/vitalpur-energy-7x15-ml\\\/#primaryimage\"},\"image\":{\"@id\":\"https:\\\/\\\/drasanvi.com\\\/fr\\\/producto\\\/vitalpur-energy-7x15-ml\\\/#primaryimage\"},\"thumbnailUrl\":\"https:\\\/\\\/drasanvi.com\\\/fr\\\/wp-content\\\/uploads\\\/sites\\\/7\\\/2022\\\/02\\\/032050535.png\",\"datePublished\":\"2022-02-28T13:19:51+00:00\",\"dateModified\":\"2022-03-15T15:24:27+00:00\",\"breadcrumb\":{\"@id\":\"https:\\\/\\\/drasanvi.com\\\/fr\\\/producto\\\/vitalpur-energy-7x15-ml\\\/#breadcrumb\"},\"inLanguage\":\"fr-FR\",\"potentialAction\":[{\"@type\":\"ReadAction\",\"target\":[\"https:\\\/\\\/drasanvi.com\\\/fr\\\/producto\\\/vitalpur-energy-7x15-ml\\\/\"]}]},{\"@type\":\"ImageObject\",\"inLanguage\":\"fr-FR\",\"@id\":\"https:\\\/\\\/drasanvi.com\\\/fr\\\/producto\\\/vitalpur-energy-7x15-ml\\\/#primaryimage\",\"url\":\"https:\\\/\\\/drasanvi.com\\\/fr\\\/wp-content\\\/uploads\\\/sites\\\/7\\\/2022\\\/02\\\/032050535.png\",\"contentUrl\":\"https:\\\/\\\/drasanvi.com\\\/fr\\\/wp-content\\\/uploads\\\/sites\\\/7\\\/2022\\\/02\\\/032050535.png\",\"width\":1000,\"height\":1000},{\"@type\":\"BreadcrumbList\",\"@id\":\"https:\\\/\\\/drasanvi.com\\\/fr\\\/producto\\\/vitalpur-energy-7x15-ml\\\/#breadcrumb\",\"itemListElement\":[{\"@type\":\"ListItem\",\"position\":1,\"name\":\"Portada\",\"item\":\"https:\\\/\\\/drasanvi.com\\\/fr\\\/\"},{\"@type\":\"ListItem\",\"position\":2,\"name\":\"Tienda\",\"item\":\"https:\\\/\\\/drasanvi.com\\\/fr\\\/tienda\\\/\"},{\"@type\":\"ListItem\",\"position\":3,\"name\":\"Vitalpur Energy 7&#215;15 ml\"}]},{\"@type\":\"WebSite\",\"@id\":\"https:\\\/\\\/drasanvi.com\\\/fr\\\/#website\",\"url\":\"https:\\\/\\\/drasanvi.com\\\/fr\\\/\",\"name\":\"Drasanvi Francia\",\"description\":\"L\u00edder en complementos alimenticios y cosm\u00e9tica natural.\",\"publisher\":{\"@id\":\"https:\\\/\\\/drasanvi.com\\\/fr\\\/#organization\"},\"potentialAction\":[{\"@type\":\"SearchAction\",\"target\":{\"@type\":\"EntryPoint\",\"urlTemplate\":\"https:\\\/\\\/drasanvi.com\\\/fr\\\/?s={search_term_string}\"},\"query-input\":{\"@type\":\"PropertyValueSpecification\",\"valueRequired\":true,\"valueName\":\"search_term_string\"}}],\"inLanguage\":\"fr-FR\"},{\"@type\":\"Organization\",\"@id\":\"https:\\\/\\\/drasanvi.com\\\/fr\\\/#organization\",\"name\":\"Drasanvi\",\"url\":\"https:\\\/\\\/drasanvi.com\\\/fr\\\/\",\"logo\":{\"@type\":\"ImageObject\",\"inLanguage\":\"fr-FR\",\"@id\":\"https:\\\/\\\/drasanvi.com\\\/fr\\\/#\\\/schema\\\/logo\\\/image\\\/\",\"url\":\"https:\\\/\\\/drasanvi.com\\\/wp-content\\\/uploads\\\/sites\\\/7\\\/2021\\\/07\\\/logo-drasanvi.png\",\"contentUrl\":\"https:\\\/\\\/drasanvi.com\\\/wp-content\\\/uploads\\\/sites\\\/7\\\/2021\\\/07\\\/logo-drasanvi.png\",\"width\":900,\"height\":300,\"caption\":\"Drasanvi\"},\"image\":{\"@id\":\"https:\\\/\\\/drasanvi.com\\\/fr\\\/#\\\/schema\\\/logo\\\/image\\\/\"}}]}<\/script>\n<!-- \/ Yoast SEO plugin. -->","yoast_head_json":{"title":"Vitalpur Energy 7x15 ml - Drasanvi Francia","robots":{"index":"index","follow":"follow","max-snippet":"max-snippet:-1","max-image-preview":"max-image-preview:large","max-video-preview":"max-video-preview:-1"},"canonical":"https:\/\/drasanvi.com\/fr\/producto\/vitalpur-energy-7x15-ml\/","og_locale":"fr_FR","og_type":"article","og_title":"Vitalpur Energy 7x15 ml - Drasanvi Francia","og_description":"Ayuda a disminuir el cansancio y la fatiga. Vitalpur Energy es un complemento que basa su formulaci\u00f3n en la Jalea Real (1000 mg) reforzada con minerales como el Hierro. El Hierro es un mineral de gran importancia, ya que ayuda a disminuir el cansancio y la fatiga. Complementan la acci\u00f3n la Vitamina B3, Vitamina B5, Vitamina B1, Vitamina B6 (contribuye al metabolismo energ\u00e9tico normal) Vitamina B2 y extractos vegetales como el Ginseng, Eleuterococco y Guaran\u00e1. Vitalpur Energy no lleva az\u00facares a\u00f1adidos y opta por la Stevia (edulcorante extra\u00eddo de las hojas de una planta). Ficha t\u00e9cnica","og_url":"https:\/\/drasanvi.com\/fr\/producto\/vitalpur-energy-7x15-ml\/","og_site_name":"Drasanvi Francia","article_modified_time":"2022-03-15T15:24:27+00:00","og_image":[{"width":1000,"height":1000,"url":"https:\/\/drasanvi.com\/wp-content\/uploads\/sites\/7\/2022\/02\/032050535.png","type":"image\/png"}],"twitter_card":"summary_large_image","schema":{"@context":"https:\/\/schema.org","@graph":[{"@type":"WebPage","@id":"https:\/\/drasanvi.com\/fr\/producto\/vitalpur-energy-7x15-ml\/","url":"https:\/\/drasanvi.com\/fr\/producto\/vitalpur-energy-7x15-ml\/","name":"Vitalpur Energy 7x15 ml - Drasanvi Francia","isPartOf":{"@id":"https:\/\/drasanvi.com\/fr\/#website"},"primaryImageOfPage":{"@id":"https:\/\/drasanvi.com\/fr\/producto\/vitalpur-energy-7x15-ml\/#primaryimage"},"image":{"@id":"https:\/\/drasanvi.com\/fr\/producto\/vitalpur-energy-7x15-ml\/#primaryimage"},"thumbnailUrl":"https:\/\/drasanvi.com\/fr\/wp-content\/uploads\/sites\/7\/2022\/02\/032050535.png","datePublished":"2022-02-28T13:19:51+00:00","dateModified":"2022-03-15T15:24:27+00:00","breadcrumb":{"@id":"https:\/\/drasanvi.com\/fr\/producto\/vitalpur-energy-7x15-ml\/#breadcrumb"},"inLanguage":"fr-FR","potentialAction":[{"@type":"ReadAction","target":["https:\/\/drasanvi.com\/fr\/producto\/vitalpur-energy-7x15-ml\/"]}]},{"@type":"ImageObject","inLanguage":"fr-FR","@id":"https:\/\/drasanvi.com\/fr\/producto\/vitalpur-energy-7x15-ml\/#primaryimage","url":"https:\/\/drasanvi.com\/fr\/wp-content\/uploads\/sites\/7\/2022\/02\/032050535.png","contentUrl":"https:\/\/drasanvi.com\/fr\/wp-content\/uploads\/sites\/7\/2022\/02\/032050535.png","width":1000,"height":1000},{"@type":"BreadcrumbList","@id":"https:\/\/drasanvi.com\/fr\/producto\/vitalpur-energy-7x15-ml\/#breadcrumb","itemListElement":[{"@type":"ListItem","position":1,"name":"Portada","item":"https:\/\/drasanvi.com\/fr\/"},{"@type":"ListItem","position":2,"name":"Tienda","item":"https:\/\/drasanvi.com\/fr\/tienda\/"},{"@type":"ListItem","position":3,"name":"Vitalpur Energy 7&#215;15 ml"}]},{"@type":"WebSite","@id":"https:\/\/drasanvi.com\/fr\/#website","url":"https:\/\/drasanvi.com\/fr\/","name":"Drasanvi Francia","description":"L\u00edder en complementos alimenticios y cosm\u00e9tica natural.","publisher":{"@id":"https:\/\/drasanvi.com\/fr\/#organization"},"potentialAction":[{"@type":"SearchAction","target":{"@type":"EntryPoint","urlTemplate":"https:\/\/drasanvi.com\/fr\/?s={search_term_string}"},"query-input":{"@type":"PropertyValueSpecification","valueRequired":true,"valueName":"search_term_string"}}],"inLanguage":"fr-FR"},{"@type":"Organization","@id":"https:\/\/drasanvi.com\/fr\/#organization","name":"Drasanvi","url":"https:\/\/drasanvi.com\/fr\/","logo":{"@type":"ImageObject","inLanguage":"fr-FR","@id":"https:\/\/drasanvi.com\/fr\/#\/schema\/logo\/image\/","url":"https:\/\/drasanvi.com\/wp-content\/uploads\/sites\/7\/2021\/07\/logo-drasanvi.png","contentUrl":"https:\/\/drasanvi.com\/wp-content\/uploads\/sites\/7\/2021\/07\/logo-drasanvi.png","width":900,"height":300,"caption":"Drasanvi"},"image":{"@id":"https:\/\/drasanvi.com\/fr\/#\/schema\/logo\/image\/"}}]}},"_links":{"self":[{"href":"https:\/\/drasanvi.com\/fr\/wp-json\/wp\/v2\/product\/13044","targetHints":{"allow":["GET"]}}],"collection":[{"href":"https:\/\/drasanvi.com\/fr\/wp-json\/wp\/v2\/product"}],"about":[{"href":"https:\/\/drasanvi.com\/fr\/wp-json\/wp\/v2\/types\/product"}],"version-history":[{"count":0,"href":"https:\/\/drasanvi.com\/fr\/wp-json\/wp\/v2\/product\/13044\/revisions"}],"wp:featuredmedia":[{"embeddable":true,"href":"https:\/\/drasanvi.com\/fr\/wp-json\/wp\/v2\/media\/20876"}],"wp:attachment":[{"href":"https:\/\/drasanvi.com\/fr\/wp-json\/wp\/v2\/media?parent=13044"}],"wp:term":[{"taxonomy":"product_cat","embeddable":true,"href":"https:\/\/drasanvi.com\/fr\/wp-json\/wp\/v2\/product_cat?post=13044"},{"taxonomy":"product_tag","embeddable":true,"href":"https:\/\/drasanvi.com\/fr\/wp-json\/wp\/v2\/product_tag?post=13044"}],"curies":[{"name":"wp","href":"https:\/\/api.w.org\/{rel}","templated":true}]}}