{"id":13028,"date":"2022-02-28T15:20:30","date_gmt":"2022-02-28T13:20:30","guid":{"rendered":"https:\/\/drasanvi.com\/fr\/?post_type=product&#038;p=13028"},"modified":"2022-03-15T17:27:21","modified_gmt":"2022-03-15T15:27:21","slug":"vitalpur-senior-7x15-ml","status":"publish","type":"product","link":"https:\/\/drasanvi.com\/fr\/producto\/vitalpur-senior-7x15-ml\/","title":{"rendered":"Vitalpur Senior 7&#215;15 ml"},"content":{"rendered":"<h2>Ingredientes<\/h2>\n<p>Ingrediente Cantidad \/ dosis diaria Jalea Real 750 mg Magnesio En forma de Citrato de Magnesio 75 mg 630 mg L-Glutamina 250 mg Calcio En forma de Glicerofosfato de Calcio . 175 mg Hierro En forma de Gluconato de Hierro 10,5 mg 84 mg Zinc En forma de Gluconato de Zinc 7,44 mg 52 mg Vitamina B3 En forma de Nicotinamida 16 mg Coenzima Q10 En forma de Ubiquinol 15 mg Lute\u00edna 5 mg Vitamina B12 En forma de Cianocobalamina 2,5 mg Manganeso En forma de Manganeso Sulfato 1,61 mg Vitamina B6 En forma de Piridoxina Clorhidrato 1,4 mg Vitamina B2 En forma de Riboflavina 1,4 mg Vitamina B1 Como clorhidrato de Tiamina Clorhidrato 1,1 mg Selenio En forma de Selenito S\u00f3dico 55 ?g 87 ?g Otros ingredientes: Agua, Aroma de Naranja, Gluc\u00f3sidos de Steviol (Stevia rebaudiana Bertoni), Sorbato de Potasio y \u00c1cido C\u00edtrico. Sin az\u00facares ni colorantes.<\/p>\n<h2>Modo de uso<\/h2>\n<p>Se recomienda tomar 1 vial al d\u00eda en ayunas, preferiblemente, diluido en agua, leche o zumo de fruta.<\/p>\n<h3>Presentaci\u00f3n<\/h3>\n<p>Envase de 7 viales de 15 ml. Peso total: 105 ml (3.55 fl oz).<\/p>\n<h3>Advertencias<\/h3>\n<p>AdvertenciasContiene edulcorante natural (gluc\u00f3sidos de esteviol), extra\u00eddos de las hojas de la planta Stevia rebaudiana bertoniNo superar la dosis diaria expresamente recomendada; Los complementos alimenticios no deben utilizarse como sustituto de una dieta equilibrada; Mantener fuera del alcance de los ni\u00f1os m\u00e1s peque\u00f1os. Conservar en un lugar fresco y seco.<\/p>\n<h2>Informaci\u00f3n adicional<\/h2>\n<p>ingrediente descripcion dosis diaria Agua \u00a0 13.520 mg Jalea Real (10 HDA 4-5%) 750 mg Citrato de magnesio (Magnesio 12%) 630 mg L-glutamina \u00a0 250 mg Glicerofosfato de calcio (Calcio 13,4% 175 mg Gluconato de hierro (Hierro 12,5%) 84 mg Acidulante (\u00c1cido c\u00edtrico) 80 mg Gluconato de Zinc (Zinc 14,3%) 52 mg Aroma (Aroma de naranja) 30 mg Conservador (Sorbato pot\u00e1sico) 30 mg Vitamina B3 (Nicotinamida) 16 mg Coenzima Q10 \u00a0 15 mg Edulcorante (Gluc\u00f3sidos de steviol) 10 mg Luteina \u00a0 5 mg Vitamina B12 (Cianocobalamina 0,1%) 2,5 mg Sulfato de manganeso (Manganeso 31%) 1,61 mg Vitamina B6 (Clorhidrato de Piroxidina) 1,4 mg Vitamina B2 (Riboflavina) 1,4 mg Vitamina B1 (Clorhidrato de tiamina) 1,1 mg Selenito de sodio (Selenio 63,2%) 0,087 mg<\/p>\n<p>por dosis diaria (15 ml) Ingrediente Porcentaje Cantidad Vitamina B3 100% 16 mg Vitamina B6 100% 1,4 mg Vitamina B2 100% 1,4 mg Vitamina B1 100% 1,1 mg Vitamina B12 100% 2.5 ?g Selenio 100% 55 ?g Hierro 75% 10,5 mg Zinc 74.4% 7,44 mg Manganeso 26.26% 0,5 mg Magnesio 20% 75 mg % VRN (Valor de Referencia de Nutrientes)<\/p>\n","protected":false},"excerpt":{"rendered":"<p>Vitalpur Senior es un complemento alimenticio pensado para personas mayores de 50 a\u00f1os. Su ingrediente base es la jalea real (750 mg). La jalea real es un ingrediente creado por la abejas para alimentar a las cr\u00edas y a la abeja reina. Vitalpur Senior incorpora magnesio, que contribuye al correcto funcionamiento de los huesos en condiciones normales; minerales como el hierro, que ayudan a disminuir el cansancio y la fatiga; ingredientes que contribuyen a la protecci\u00f3n de c\u00e9lulas frente al da\u00f1o oxidativo e ingredientes que contribuyen al mantenimiento de la visi\u00f3n en condiciones normales.<br \/>\n<a id=\"boton-ficha\" href=\"https:\/\/panel.drasanvi.com\/fichas\/1\/032050530\" target=\"_blank\" rel=\"noopener\">Ficha t\u00e9cnica<\/a><\/p>\n","protected":false},"featured_media":20890,"template":"","meta":{"inline_featured_image":false},"product_cat":[99,102],"product_tag":[],"class_list":["post-13028","product","type-product","status-publish","has-post-thumbnail","hentry","product_cat-energia-vitalidad","product_cat-jalea-real","pa_contiene-altramuces-no","pa_contiene-apio-no","pa_contiene-cacahuetes-no","pa_contiene-crustaceos-no","pa_contiene-frutos-secos-no","pa_contiene-huevo-no","pa_contiene-leche-no","pa_contiene-moluscos-no","pa_contiene-mostaza-no","pa_contiene-pescado-no","pa_contiene-sesamo-no","pa_contiene-soja-no","pa_producto-bio-no","pa_producto-sin-gluten-si","pa_producto-vegano-no","pa_producto-vegetariano-si"],"yoast_head":"<!-- This site is optimized with the Yoast SEO plugin v27.4 - https:\/\/yoast.com\/product\/yoast-seo-wordpress\/ -->\n<title>Vitalpur Senior 7x15 ml - Drasanvi Francia<\/title>\n<meta name=\"robots\" content=\"index, follow, max-snippet:-1, max-image-preview:large, max-video-preview:-1\" \/>\n<link rel=\"canonical\" href=\"https:\/\/drasanvi.com\/fr\/producto\/vitalpur-senior-7x15-ml\/\" \/>\n<meta property=\"og:locale\" content=\"fr_FR\" \/>\n<meta property=\"og:type\" content=\"article\" \/>\n<meta property=\"og:title\" content=\"Vitalpur Senior 7x15 ml - Drasanvi Francia\" \/>\n<meta property=\"og:description\" content=\"Vitalpur Senior es un complemento alimenticio pensado para personas mayores de 50 a\u00f1os. Su ingrediente base es la jalea real (750 mg). La jalea real es un ingrediente creado por la abejas para alimentar a las cr\u00edas y a la abeja reina. Vitalpur Senior incorpora magnesio, que contribuye al correcto funcionamiento de los huesos en condiciones normales; minerales como el hierro, que ayudan a disminuir el cansancio y la fatiga; ingredientes que contribuyen a la protecci\u00f3n de c\u00e9lulas frente al da\u00f1o oxidativo e ingredientes que contribuyen al mantenimiento de la visi\u00f3n en condiciones normales. Ficha t\u00e9cnica\" \/>\n<meta property=\"og:url\" content=\"https:\/\/drasanvi.com\/fr\/producto\/vitalpur-senior-7x15-ml\/\" \/>\n<meta property=\"og:site_name\" content=\"Drasanvi Francia\" \/>\n<meta property=\"article:modified_time\" content=\"2022-03-15T15:27:21+00:00\" \/>\n<meta property=\"og:image\" content=\"https:\/\/drasanvi.com\/wp-content\/uploads\/sites\/7\/2022\/02\/032050530.png\" \/>\n\t<meta property=\"og:image:width\" content=\"1000\" \/>\n\t<meta property=\"og:image:height\" content=\"1000\" \/>\n\t<meta property=\"og:image:type\" content=\"image\/png\" \/>\n<meta name=\"twitter:card\" content=\"summary_large_image\" \/>\n<script type=\"application\/ld+json\" class=\"yoast-schema-graph\">{\"@context\":\"https:\\\/\\\/schema.org\",\"@graph\":[{\"@type\":\"WebPage\",\"@id\":\"https:\\\/\\\/drasanvi.com\\\/fr\\\/producto\\\/vitalpur-senior-7x15-ml\\\/\",\"url\":\"https:\\\/\\\/drasanvi.com\\\/fr\\\/producto\\\/vitalpur-senior-7x15-ml\\\/\",\"name\":\"Vitalpur Senior 7x15 ml - Drasanvi Francia\",\"isPartOf\":{\"@id\":\"https:\\\/\\\/drasanvi.com\\\/fr\\\/#website\"},\"primaryImageOfPage\":{\"@id\":\"https:\\\/\\\/drasanvi.com\\\/fr\\\/producto\\\/vitalpur-senior-7x15-ml\\\/#primaryimage\"},\"image\":{\"@id\":\"https:\\\/\\\/drasanvi.com\\\/fr\\\/producto\\\/vitalpur-senior-7x15-ml\\\/#primaryimage\"},\"thumbnailUrl\":\"https:\\\/\\\/drasanvi.com\\\/fr\\\/wp-content\\\/uploads\\\/sites\\\/7\\\/2022\\\/02\\\/032050530.png\",\"datePublished\":\"2022-02-28T13:20:30+00:00\",\"dateModified\":\"2022-03-15T15:27:21+00:00\",\"breadcrumb\":{\"@id\":\"https:\\\/\\\/drasanvi.com\\\/fr\\\/producto\\\/vitalpur-senior-7x15-ml\\\/#breadcrumb\"},\"inLanguage\":\"fr-FR\",\"potentialAction\":[{\"@type\":\"ReadAction\",\"target\":[\"https:\\\/\\\/drasanvi.com\\\/fr\\\/producto\\\/vitalpur-senior-7x15-ml\\\/\"]}]},{\"@type\":\"ImageObject\",\"inLanguage\":\"fr-FR\",\"@id\":\"https:\\\/\\\/drasanvi.com\\\/fr\\\/producto\\\/vitalpur-senior-7x15-ml\\\/#primaryimage\",\"url\":\"https:\\\/\\\/drasanvi.com\\\/fr\\\/wp-content\\\/uploads\\\/sites\\\/7\\\/2022\\\/02\\\/032050530.png\",\"contentUrl\":\"https:\\\/\\\/drasanvi.com\\\/fr\\\/wp-content\\\/uploads\\\/sites\\\/7\\\/2022\\\/02\\\/032050530.png\",\"width\":1000,\"height\":1000},{\"@type\":\"BreadcrumbList\",\"@id\":\"https:\\\/\\\/drasanvi.com\\\/fr\\\/producto\\\/vitalpur-senior-7x15-ml\\\/#breadcrumb\",\"itemListElement\":[{\"@type\":\"ListItem\",\"position\":1,\"name\":\"Portada\",\"item\":\"https:\\\/\\\/drasanvi.com\\\/fr\\\/\"},{\"@type\":\"ListItem\",\"position\":2,\"name\":\"Tienda\",\"item\":\"https:\\\/\\\/drasanvi.com\\\/fr\\\/tienda\\\/\"},{\"@type\":\"ListItem\",\"position\":3,\"name\":\"Vitalpur Senior 7&#215;15 ml\"}]},{\"@type\":\"WebSite\",\"@id\":\"https:\\\/\\\/drasanvi.com\\\/fr\\\/#website\",\"url\":\"https:\\\/\\\/drasanvi.com\\\/fr\\\/\",\"name\":\"Drasanvi Francia\",\"description\":\"L\u00edder en complementos alimenticios y cosm\u00e9tica natural.\",\"publisher\":{\"@id\":\"https:\\\/\\\/drasanvi.com\\\/fr\\\/#organization\"},\"potentialAction\":[{\"@type\":\"SearchAction\",\"target\":{\"@type\":\"EntryPoint\",\"urlTemplate\":\"https:\\\/\\\/drasanvi.com\\\/fr\\\/?s={search_term_string}\"},\"query-input\":{\"@type\":\"PropertyValueSpecification\",\"valueRequired\":true,\"valueName\":\"search_term_string\"}}],\"inLanguage\":\"fr-FR\"},{\"@type\":\"Organization\",\"@id\":\"https:\\\/\\\/drasanvi.com\\\/fr\\\/#organization\",\"name\":\"Drasanvi\",\"url\":\"https:\\\/\\\/drasanvi.com\\\/fr\\\/\",\"logo\":{\"@type\":\"ImageObject\",\"inLanguage\":\"fr-FR\",\"@id\":\"https:\\\/\\\/drasanvi.com\\\/fr\\\/#\\\/schema\\\/logo\\\/image\\\/\",\"url\":\"https:\\\/\\\/drasanvi.com\\\/wp-content\\\/uploads\\\/sites\\\/7\\\/2021\\\/07\\\/logo-drasanvi.png\",\"contentUrl\":\"https:\\\/\\\/drasanvi.com\\\/wp-content\\\/uploads\\\/sites\\\/7\\\/2021\\\/07\\\/logo-drasanvi.png\",\"width\":900,\"height\":300,\"caption\":\"Drasanvi\"},\"image\":{\"@id\":\"https:\\\/\\\/drasanvi.com\\\/fr\\\/#\\\/schema\\\/logo\\\/image\\\/\"}}]}<\/script>\n<!-- \/ Yoast SEO plugin. -->","yoast_head_json":{"title":"Vitalpur Senior 7x15 ml - Drasanvi Francia","robots":{"index":"index","follow":"follow","max-snippet":"max-snippet:-1","max-image-preview":"max-image-preview:large","max-video-preview":"max-video-preview:-1"},"canonical":"https:\/\/drasanvi.com\/fr\/producto\/vitalpur-senior-7x15-ml\/","og_locale":"fr_FR","og_type":"article","og_title":"Vitalpur Senior 7x15 ml - Drasanvi Francia","og_description":"Vitalpur Senior es un complemento alimenticio pensado para personas mayores de 50 a\u00f1os. Su ingrediente base es la jalea real (750 mg). La jalea real es un ingrediente creado por la abejas para alimentar a las cr\u00edas y a la abeja reina. Vitalpur Senior incorpora magnesio, que contribuye al correcto funcionamiento de los huesos en condiciones normales; minerales como el hierro, que ayudan a disminuir el cansancio y la fatiga; ingredientes que contribuyen a la protecci\u00f3n de c\u00e9lulas frente al da\u00f1o oxidativo e ingredientes que contribuyen al mantenimiento de la visi\u00f3n en condiciones normales. Ficha t\u00e9cnica","og_url":"https:\/\/drasanvi.com\/fr\/producto\/vitalpur-senior-7x15-ml\/","og_site_name":"Drasanvi Francia","article_modified_time":"2022-03-15T15:27:21+00:00","og_image":[{"width":1000,"height":1000,"url":"https:\/\/drasanvi.com\/wp-content\/uploads\/sites\/7\/2022\/02\/032050530.png","type":"image\/png"}],"twitter_card":"summary_large_image","schema":{"@context":"https:\/\/schema.org","@graph":[{"@type":"WebPage","@id":"https:\/\/drasanvi.com\/fr\/producto\/vitalpur-senior-7x15-ml\/","url":"https:\/\/drasanvi.com\/fr\/producto\/vitalpur-senior-7x15-ml\/","name":"Vitalpur Senior 7x15 ml - Drasanvi Francia","isPartOf":{"@id":"https:\/\/drasanvi.com\/fr\/#website"},"primaryImageOfPage":{"@id":"https:\/\/drasanvi.com\/fr\/producto\/vitalpur-senior-7x15-ml\/#primaryimage"},"image":{"@id":"https:\/\/drasanvi.com\/fr\/producto\/vitalpur-senior-7x15-ml\/#primaryimage"},"thumbnailUrl":"https:\/\/drasanvi.com\/fr\/wp-content\/uploads\/sites\/7\/2022\/02\/032050530.png","datePublished":"2022-02-28T13:20:30+00:00","dateModified":"2022-03-15T15:27:21+00:00","breadcrumb":{"@id":"https:\/\/drasanvi.com\/fr\/producto\/vitalpur-senior-7x15-ml\/#breadcrumb"},"inLanguage":"fr-FR","potentialAction":[{"@type":"ReadAction","target":["https:\/\/drasanvi.com\/fr\/producto\/vitalpur-senior-7x15-ml\/"]}]},{"@type":"ImageObject","inLanguage":"fr-FR","@id":"https:\/\/drasanvi.com\/fr\/producto\/vitalpur-senior-7x15-ml\/#primaryimage","url":"https:\/\/drasanvi.com\/fr\/wp-content\/uploads\/sites\/7\/2022\/02\/032050530.png","contentUrl":"https:\/\/drasanvi.com\/fr\/wp-content\/uploads\/sites\/7\/2022\/02\/032050530.png","width":1000,"height":1000},{"@type":"BreadcrumbList","@id":"https:\/\/drasanvi.com\/fr\/producto\/vitalpur-senior-7x15-ml\/#breadcrumb","itemListElement":[{"@type":"ListItem","position":1,"name":"Portada","item":"https:\/\/drasanvi.com\/fr\/"},{"@type":"ListItem","position":2,"name":"Tienda","item":"https:\/\/drasanvi.com\/fr\/tienda\/"},{"@type":"ListItem","position":3,"name":"Vitalpur Senior 7&#215;15 ml"}]},{"@type":"WebSite","@id":"https:\/\/drasanvi.com\/fr\/#website","url":"https:\/\/drasanvi.com\/fr\/","name":"Drasanvi Francia","description":"L\u00edder en complementos alimenticios y cosm\u00e9tica natural.","publisher":{"@id":"https:\/\/drasanvi.com\/fr\/#organization"},"potentialAction":[{"@type":"SearchAction","target":{"@type":"EntryPoint","urlTemplate":"https:\/\/drasanvi.com\/fr\/?s={search_term_string}"},"query-input":{"@type":"PropertyValueSpecification","valueRequired":true,"valueName":"search_term_string"}}],"inLanguage":"fr-FR"},{"@type":"Organization","@id":"https:\/\/drasanvi.com\/fr\/#organization","name":"Drasanvi","url":"https:\/\/drasanvi.com\/fr\/","logo":{"@type":"ImageObject","inLanguage":"fr-FR","@id":"https:\/\/drasanvi.com\/fr\/#\/schema\/logo\/image\/","url":"https:\/\/drasanvi.com\/wp-content\/uploads\/sites\/7\/2021\/07\/logo-drasanvi.png","contentUrl":"https:\/\/drasanvi.com\/wp-content\/uploads\/sites\/7\/2021\/07\/logo-drasanvi.png","width":900,"height":300,"caption":"Drasanvi"},"image":{"@id":"https:\/\/drasanvi.com\/fr\/#\/schema\/logo\/image\/"}}]}},"_links":{"self":[{"href":"https:\/\/drasanvi.com\/fr\/wp-json\/wp\/v2\/product\/13028","targetHints":{"allow":["GET"]}}],"collection":[{"href":"https:\/\/drasanvi.com\/fr\/wp-json\/wp\/v2\/product"}],"about":[{"href":"https:\/\/drasanvi.com\/fr\/wp-json\/wp\/v2\/types\/product"}],"version-history":[{"count":0,"href":"https:\/\/drasanvi.com\/fr\/wp-json\/wp\/v2\/product\/13028\/revisions"}],"wp:featuredmedia":[{"embeddable":true,"href":"https:\/\/drasanvi.com\/fr\/wp-json\/wp\/v2\/media\/20890"}],"wp:attachment":[{"href":"https:\/\/drasanvi.com\/fr\/wp-json\/wp\/v2\/media?parent=13028"}],"wp:term":[{"taxonomy":"product_cat","embeddable":true,"href":"https:\/\/drasanvi.com\/fr\/wp-json\/wp\/v2\/product_cat?post=13028"},{"taxonomy":"product_tag","embeddable":true,"href":"https:\/\/drasanvi.com\/fr\/wp-json\/wp\/v2\/product_tag?post=13028"}],"curies":[{"name":"wp","href":"https:\/\/api.w.org\/{rel}","templated":true}]}}