{"id":13020,"date":"2022-02-28T15:20:30","date_gmt":"2022-02-28T13:20:30","guid":{"rendered":"https:\/\/drasanvi.com\/fr\/?post_type=product&#038;p=13020"},"modified":"2022-03-15T17:26:33","modified_gmt":"2022-03-15T15:26:33","slug":"vitalpur-junior-7x15-ml","status":"publish","type":"product","link":"https:\/\/drasanvi.com\/fr\/producto\/vitalpur-junior-7x15-ml\/","title":{"rendered":"Vitalpur Junior 7&#215;15 ml"},"content":{"rendered":"<h2>Ingredientes<\/h2>\n<p>Ingrediente Cantidad \/ dosis diaria Miel 1000 mg Jalea Real 600 mg Pr\u00f3polis En forma de extracto glicerinado 500 mg Extracto seco de Acerola Malpighia emarginata L. Con aporte en vitamina C 96 mg 48 mg Polen de Abeja En forma de Extracto Glicerinado 75 mg Otros ingredientes: Agua, Sirope de Arroz, Aroma de Fresa, Sorbato de Potasio y \u00c1cido C\u00edtrico.<\/p>\n<h2>Modo de uso<\/h2>\n<p>Para ni\u00f1os mayores de tres a\u00f1os, se recomienda tomar 1 vial al d\u00eda en ayunas, preferiblemente, diluido en agua, leche o zumo de fruta. Recomendado para ni\u00f1os mayores de tres a\u00f1os, para momentos de m\u00e1xima actividad y durante los cambios de estaci\u00f3n.<\/p>\n<h3>Presentaci\u00f3n<\/h3>\n<p>Envase de 7 viales de 15 ml. Peso total: 105 ml (3.55 fl oz).<\/p>\n<h3>Advertencias<\/h3>\n<p>Complemento alimenticio a base de Jalea real y plantas. No superar la dosis diaria expresamente recomendada; Los complementos alimenticios no deben utilizarse como sustituto de una dieta equilibrada; Mantener fuera del alcance de los ni\u00f1os m\u00e1s peque\u00f1os. Conservar en un lugar fresco y seco.<\/p>\n<h2>Informaci\u00f3n adicional<\/h2>\n<p>ingrediente descripcion dosis diaria Sirope de arroz \u00a0 8000 mg Agua \u00a0 5976 mg Miel \u00a0 1000 mg Jalea real (10 HDA 4- 5%) 600 mg Extracto glicerinado de Pr\u00f3polis \u00a0 500 mg Extracto seco de Acerola (Malpighia prunicifolia, Vitamina C 25%) 96 mg Extracto glicerinado de Polen \u00a0 75 mg Aroma (Aroma de fresa) 60 mg Conservador (Sorbato pot\u00e1sico) 30 mg Acidulante (\u00c1cido c\u00edtrico) 20 mg<\/p>\n<p>Por dosis diaria (15 ml) Ingrediente Porcentaje Cantidad Vitamina C 60% 48 mg % VRN (Valor de Referencia de Nutrientes)<\/p>\n","protected":false},"excerpt":{"rendered":"<p>Vitalpur Junior es un complemento alimenticio pensado para ni\u00f1os mayores de tres a\u00f1os. \u00a0Incorpora en su composici\u00f3n\u00a0 Miel, Jalea Real, Polen y Pr\u00f3polis. Todos estos ingredientes naturales se obtienen de las colmenas de las abejas. Vital Pur Junior contiene, adem\u00e1s, una fuente natural de Vitamina C, procendente de la Acerola, un fruto rojo que destaca precisamente por su alto contenido en esta vitamina. Vitalpur Junior se presenta en viales, unos envases muy c\u00f3modos para ser consumidos f\u00e1cilmente . Adem\u00e1s,\u00a0 su agradable sabor a fresa facilita que los ni\u00f1os lo tomen sin esfuerzo.<br \/>\n<a id=\"boton-ficha\" href=\"https:\/\/panel.drasanvi.com\/fichas\/1\/032050528\" target=\"_blank\" rel=\"noopener\">Ficha t\u00e9cnica<\/a><\/p>\n","protected":false},"featured_media":20886,"template":"","meta":{"inline_featured_image":false},"product_cat":[102,108],"product_tag":[],"class_list":["post-13020","product","type-product","status-publish","has-post-thumbnail","hentry","product_cat-jalea-real","product_cat-ninos","pa_contiene-altramuces-no","pa_contiene-apio-no","pa_contiene-cacahuetes-no","pa_contiene-crustaceos-no","pa_contiene-frutos-secos-no","pa_contiene-huevo-no","pa_contiene-leche-no","pa_contiene-moluscos-no","pa_contiene-mostaza-no","pa_contiene-pescado-no","pa_contiene-sesamo-no","pa_contiene-soja-no","pa_producto-bio-no","pa_producto-sin-gluten-si","pa_producto-vegano-no","pa_producto-vegetariano-si"],"yoast_head":"<!-- This site is optimized with the Yoast SEO plugin v27.5 - https:\/\/yoast.com\/product\/yoast-seo-wordpress\/ -->\n<title>Vitalpur Junior 7x15 ml - Drasanvi Francia<\/title>\n<meta name=\"robots\" content=\"index, follow, max-snippet:-1, max-image-preview:large, max-video-preview:-1\" \/>\n<link rel=\"canonical\" href=\"https:\/\/drasanvi.com\/fr\/producto\/vitalpur-junior-7x15-ml\/\" \/>\n<meta property=\"og:locale\" content=\"fr_FR\" \/>\n<meta property=\"og:type\" content=\"article\" \/>\n<meta property=\"og:title\" content=\"Vitalpur Junior 7x15 ml - Drasanvi Francia\" \/>\n<meta property=\"og:description\" content=\"Vitalpur Junior es un complemento alimenticio pensado para ni\u00f1os mayores de tres a\u00f1os. \u00a0Incorpora en su composici\u00f3n\u00a0 Miel, Jalea Real, Polen y Pr\u00f3polis. Todos estos ingredientes naturales se obtienen de las colmenas de las abejas. Vital Pur Junior contiene, adem\u00e1s, una fuente natural de Vitamina C, procendente de la Acerola, un fruto rojo que destaca precisamente por su alto contenido en esta vitamina. Vitalpur Junior se presenta en viales, unos envases muy c\u00f3modos para ser consumidos f\u00e1cilmente . Adem\u00e1s,\u00a0 su agradable sabor a fresa facilita que los ni\u00f1os lo tomen sin esfuerzo. Ficha t\u00e9cnica\" \/>\n<meta property=\"og:url\" content=\"https:\/\/drasanvi.com\/fr\/producto\/vitalpur-junior-7x15-ml\/\" \/>\n<meta property=\"og:site_name\" content=\"Drasanvi Francia\" \/>\n<meta property=\"article:modified_time\" content=\"2022-03-15T15:26:33+00:00\" \/>\n<meta property=\"og:image\" content=\"https:\/\/drasanvi.com\/wp-content\/uploads\/sites\/7\/2022\/02\/032050528.png\" \/>\n\t<meta property=\"og:image:width\" content=\"1000\" \/>\n\t<meta property=\"og:image:height\" content=\"1000\" \/>\n\t<meta property=\"og:image:type\" content=\"image\/png\" \/>\n<meta name=\"twitter:card\" content=\"summary_large_image\" \/>\n<script type=\"application\/ld+json\" class=\"yoast-schema-graph\">{\"@context\":\"https:\\\/\\\/schema.org\",\"@graph\":[{\"@type\":\"WebPage\",\"@id\":\"https:\\\/\\\/drasanvi.com\\\/fr\\\/producto\\\/vitalpur-junior-7x15-ml\\\/\",\"url\":\"https:\\\/\\\/drasanvi.com\\\/fr\\\/producto\\\/vitalpur-junior-7x15-ml\\\/\",\"name\":\"Vitalpur Junior 7x15 ml - Drasanvi Francia\",\"isPartOf\":{\"@id\":\"https:\\\/\\\/drasanvi.com\\\/fr\\\/#website\"},\"primaryImageOfPage\":{\"@id\":\"https:\\\/\\\/drasanvi.com\\\/fr\\\/producto\\\/vitalpur-junior-7x15-ml\\\/#primaryimage\"},\"image\":{\"@id\":\"https:\\\/\\\/drasanvi.com\\\/fr\\\/producto\\\/vitalpur-junior-7x15-ml\\\/#primaryimage\"},\"thumbnailUrl\":\"https:\\\/\\\/drasanvi.com\\\/fr\\\/wp-content\\\/uploads\\\/sites\\\/7\\\/2022\\\/02\\\/032050528.png\",\"datePublished\":\"2022-02-28T13:20:30+00:00\",\"dateModified\":\"2022-03-15T15:26:33+00:00\",\"breadcrumb\":{\"@id\":\"https:\\\/\\\/drasanvi.com\\\/fr\\\/producto\\\/vitalpur-junior-7x15-ml\\\/#breadcrumb\"},\"inLanguage\":\"fr-FR\",\"potentialAction\":[{\"@type\":\"ReadAction\",\"target\":[\"https:\\\/\\\/drasanvi.com\\\/fr\\\/producto\\\/vitalpur-junior-7x15-ml\\\/\"]}]},{\"@type\":\"ImageObject\",\"inLanguage\":\"fr-FR\",\"@id\":\"https:\\\/\\\/drasanvi.com\\\/fr\\\/producto\\\/vitalpur-junior-7x15-ml\\\/#primaryimage\",\"url\":\"https:\\\/\\\/drasanvi.com\\\/fr\\\/wp-content\\\/uploads\\\/sites\\\/7\\\/2022\\\/02\\\/032050528.png\",\"contentUrl\":\"https:\\\/\\\/drasanvi.com\\\/fr\\\/wp-content\\\/uploads\\\/sites\\\/7\\\/2022\\\/02\\\/032050528.png\",\"width\":1000,\"height\":1000},{\"@type\":\"BreadcrumbList\",\"@id\":\"https:\\\/\\\/drasanvi.com\\\/fr\\\/producto\\\/vitalpur-junior-7x15-ml\\\/#breadcrumb\",\"itemListElement\":[{\"@type\":\"ListItem\",\"position\":1,\"name\":\"Portada\",\"item\":\"https:\\\/\\\/drasanvi.com\\\/fr\\\/\"},{\"@type\":\"ListItem\",\"position\":2,\"name\":\"Tienda\",\"item\":\"https:\\\/\\\/drasanvi.com\\\/fr\\\/tienda\\\/\"},{\"@type\":\"ListItem\",\"position\":3,\"name\":\"Vitalpur Junior 7&#215;15 ml\"}]},{\"@type\":\"WebSite\",\"@id\":\"https:\\\/\\\/drasanvi.com\\\/fr\\\/#website\",\"url\":\"https:\\\/\\\/drasanvi.com\\\/fr\\\/\",\"name\":\"Drasanvi Francia\",\"description\":\"L\u00edder en complementos alimenticios y cosm\u00e9tica natural.\",\"publisher\":{\"@id\":\"https:\\\/\\\/drasanvi.com\\\/fr\\\/#organization\"},\"potentialAction\":[{\"@type\":\"SearchAction\",\"target\":{\"@type\":\"EntryPoint\",\"urlTemplate\":\"https:\\\/\\\/drasanvi.com\\\/fr\\\/?s={search_term_string}\"},\"query-input\":{\"@type\":\"PropertyValueSpecification\",\"valueRequired\":true,\"valueName\":\"search_term_string\"}}],\"inLanguage\":\"fr-FR\"},{\"@type\":\"Organization\",\"@id\":\"https:\\\/\\\/drasanvi.com\\\/fr\\\/#organization\",\"name\":\"Drasanvi\",\"url\":\"https:\\\/\\\/drasanvi.com\\\/fr\\\/\",\"logo\":{\"@type\":\"ImageObject\",\"inLanguage\":\"fr-FR\",\"@id\":\"https:\\\/\\\/drasanvi.com\\\/fr\\\/#\\\/schema\\\/logo\\\/image\\\/\",\"url\":\"https:\\\/\\\/drasanvi.com\\\/wp-content\\\/uploads\\\/sites\\\/7\\\/2021\\\/07\\\/logo-drasanvi.png\",\"contentUrl\":\"https:\\\/\\\/drasanvi.com\\\/wp-content\\\/uploads\\\/sites\\\/7\\\/2021\\\/07\\\/logo-drasanvi.png\",\"width\":900,\"height\":300,\"caption\":\"Drasanvi\"},\"image\":{\"@id\":\"https:\\\/\\\/drasanvi.com\\\/fr\\\/#\\\/schema\\\/logo\\\/image\\\/\"}}]}<\/script>\n<!-- \/ Yoast SEO plugin. -->","yoast_head_json":{"title":"Vitalpur Junior 7x15 ml - Drasanvi Francia","robots":{"index":"index","follow":"follow","max-snippet":"max-snippet:-1","max-image-preview":"max-image-preview:large","max-video-preview":"max-video-preview:-1"},"canonical":"https:\/\/drasanvi.com\/fr\/producto\/vitalpur-junior-7x15-ml\/","og_locale":"fr_FR","og_type":"article","og_title":"Vitalpur Junior 7x15 ml - Drasanvi Francia","og_description":"Vitalpur Junior es un complemento alimenticio pensado para ni\u00f1os mayores de tres a\u00f1os. \u00a0Incorpora en su composici\u00f3n\u00a0 Miel, Jalea Real, Polen y Pr\u00f3polis. Todos estos ingredientes naturales se obtienen de las colmenas de las abejas. Vital Pur Junior contiene, adem\u00e1s, una fuente natural de Vitamina C, procendente de la Acerola, un fruto rojo que destaca precisamente por su alto contenido en esta vitamina. Vitalpur Junior se presenta en viales, unos envases muy c\u00f3modos para ser consumidos f\u00e1cilmente . Adem\u00e1s,\u00a0 su agradable sabor a fresa facilita que los ni\u00f1os lo tomen sin esfuerzo. Ficha t\u00e9cnica","og_url":"https:\/\/drasanvi.com\/fr\/producto\/vitalpur-junior-7x15-ml\/","og_site_name":"Drasanvi Francia","article_modified_time":"2022-03-15T15:26:33+00:00","og_image":[{"width":1000,"height":1000,"url":"https:\/\/drasanvi.com\/wp-content\/uploads\/sites\/7\/2022\/02\/032050528.png","type":"image\/png"}],"twitter_card":"summary_large_image","schema":{"@context":"https:\/\/schema.org","@graph":[{"@type":"WebPage","@id":"https:\/\/drasanvi.com\/fr\/producto\/vitalpur-junior-7x15-ml\/","url":"https:\/\/drasanvi.com\/fr\/producto\/vitalpur-junior-7x15-ml\/","name":"Vitalpur Junior 7x15 ml - Drasanvi Francia","isPartOf":{"@id":"https:\/\/drasanvi.com\/fr\/#website"},"primaryImageOfPage":{"@id":"https:\/\/drasanvi.com\/fr\/producto\/vitalpur-junior-7x15-ml\/#primaryimage"},"image":{"@id":"https:\/\/drasanvi.com\/fr\/producto\/vitalpur-junior-7x15-ml\/#primaryimage"},"thumbnailUrl":"https:\/\/drasanvi.com\/fr\/wp-content\/uploads\/sites\/7\/2022\/02\/032050528.png","datePublished":"2022-02-28T13:20:30+00:00","dateModified":"2022-03-15T15:26:33+00:00","breadcrumb":{"@id":"https:\/\/drasanvi.com\/fr\/producto\/vitalpur-junior-7x15-ml\/#breadcrumb"},"inLanguage":"fr-FR","potentialAction":[{"@type":"ReadAction","target":["https:\/\/drasanvi.com\/fr\/producto\/vitalpur-junior-7x15-ml\/"]}]},{"@type":"ImageObject","inLanguage":"fr-FR","@id":"https:\/\/drasanvi.com\/fr\/producto\/vitalpur-junior-7x15-ml\/#primaryimage","url":"https:\/\/drasanvi.com\/fr\/wp-content\/uploads\/sites\/7\/2022\/02\/032050528.png","contentUrl":"https:\/\/drasanvi.com\/fr\/wp-content\/uploads\/sites\/7\/2022\/02\/032050528.png","width":1000,"height":1000},{"@type":"BreadcrumbList","@id":"https:\/\/drasanvi.com\/fr\/producto\/vitalpur-junior-7x15-ml\/#breadcrumb","itemListElement":[{"@type":"ListItem","position":1,"name":"Portada","item":"https:\/\/drasanvi.com\/fr\/"},{"@type":"ListItem","position":2,"name":"Tienda","item":"https:\/\/drasanvi.com\/fr\/tienda\/"},{"@type":"ListItem","position":3,"name":"Vitalpur Junior 7&#215;15 ml"}]},{"@type":"WebSite","@id":"https:\/\/drasanvi.com\/fr\/#website","url":"https:\/\/drasanvi.com\/fr\/","name":"Drasanvi Francia","description":"L\u00edder en complementos alimenticios y cosm\u00e9tica natural.","publisher":{"@id":"https:\/\/drasanvi.com\/fr\/#organization"},"potentialAction":[{"@type":"SearchAction","target":{"@type":"EntryPoint","urlTemplate":"https:\/\/drasanvi.com\/fr\/?s={search_term_string}"},"query-input":{"@type":"PropertyValueSpecification","valueRequired":true,"valueName":"search_term_string"}}],"inLanguage":"fr-FR"},{"@type":"Organization","@id":"https:\/\/drasanvi.com\/fr\/#organization","name":"Drasanvi","url":"https:\/\/drasanvi.com\/fr\/","logo":{"@type":"ImageObject","inLanguage":"fr-FR","@id":"https:\/\/drasanvi.com\/fr\/#\/schema\/logo\/image\/","url":"https:\/\/drasanvi.com\/wp-content\/uploads\/sites\/7\/2021\/07\/logo-drasanvi.png","contentUrl":"https:\/\/drasanvi.com\/wp-content\/uploads\/sites\/7\/2021\/07\/logo-drasanvi.png","width":900,"height":300,"caption":"Drasanvi"},"image":{"@id":"https:\/\/drasanvi.com\/fr\/#\/schema\/logo\/image\/"}}]}},"_links":{"self":[{"href":"https:\/\/drasanvi.com\/fr\/wp-json\/wp\/v2\/product\/13020","targetHints":{"allow":["GET"]}}],"collection":[{"href":"https:\/\/drasanvi.com\/fr\/wp-json\/wp\/v2\/product"}],"about":[{"href":"https:\/\/drasanvi.com\/fr\/wp-json\/wp\/v2\/types\/product"}],"version-history":[{"count":0,"href":"https:\/\/drasanvi.com\/fr\/wp-json\/wp\/v2\/product\/13020\/revisions"}],"wp:featuredmedia":[{"embeddable":true,"href":"https:\/\/drasanvi.com\/fr\/wp-json\/wp\/v2\/media\/20886"}],"wp:attachment":[{"href":"https:\/\/drasanvi.com\/fr\/wp-json\/wp\/v2\/media?parent=13020"}],"wp:term":[{"taxonomy":"product_cat","embeddable":true,"href":"https:\/\/drasanvi.com\/fr\/wp-json\/wp\/v2\/product_cat?post=13020"},{"taxonomy":"product_tag","embeddable":true,"href":"https:\/\/drasanvi.com\/fr\/wp-json\/wp\/v2\/product_tag?post=13020"}],"curies":[{"name":"wp","href":"https:\/\/api.w.org\/{rel}","templated":true}]}}