{"id":12980,"date":"2022-02-28T15:20:30","date_gmt":"2022-02-28T13:20:30","guid":{"rendered":"https:\/\/drasanvi.com\/fr\/?post_type=product&#038;p=12980"},"modified":"2022-04-12T16:34:51","modified_gmt":"2022-04-12T14:34:51","slug":"vitalpur-estudio-20x15-ml","status":"publish","type":"product","link":"https:\/\/drasanvi.com\/fr\/producto\/vitalpur-estudio-20x15-ml\/","title":{"rendered":"Vitalpur Estudio 20&#215;15 ml"},"content":{"rendered":"<h2>Ingredientes<\/h2>\n<p>Ingrediente Cantidad \/ dosis diaria Jalea Real 750 mg Magnesio Como Citrato de Magnesio 500 mg Extracto seco de de Guaran\u00e1 Paullina cupana Kunth con aporte en cafe\u00edna (10%) 250 mg 25 mg Taurina 200 mg Lecitina 150 mg Extracto de ginkgo Ginkgo biloba L 60 mg Colina 50 mg Hierro Como pirofosfato de hierro 13,5 mg Otros ingredientes: Agua, Sirope de Arroz, Aroma de Naranja, Sorbato de Potasio, \u00c1cido C\u00edtrico y Gluc\u00f3sidos de Steviol (Stevia rebaudiana Bertoni) Sin az\u00facares ni colorantes.<\/p>\n<h2>Modo de uso<\/h2>\n<p>Se recomienda tomar 1 vial al d\u00eda en ayunas, preferiblemente, diluido en agua, leche o zumo de fruta.<\/p>\n<h3>Presentaci\u00f3n<\/h3>\n<p>Envase de 20 viales de 15 ml. Peso total: 300 ml (10.5 fl oz).<\/p>\n<h3>Advertencias<\/h3>\n<p>Complemento alimenticio a base de Jalea real, plantas, amino\u00e1cidos y minerales con edulcorante.Los complementos alimenticios no deben utilizarse como sustituto de una dieta equilibrada. No superar la dosis diaria expresamente recomendada. Mantener fuera del alcance de los ni\u00f1os m\u00e1s peque\u00f1os. Conservar en un lugar fresco y seco. Contiene cafe\u00edna (18,75 mg \/ dosis diaria), no se aconseja su uso en ni\u00f1os, embarazadas o en per\u00edodo de lactancia. Consulte con su m\u00e9dico en caso de toma simult\u00e1nea con anticoagulantes. No tomar durante el embarazo o la lactancia. Contiene soja.<\/p>\n<h2>Informaci\u00f3n adicional<\/h2>\n<p>ingrediente descripcion dosis Agua \u00a0 10.040 mg Sirope de Arroz \u00a0 4.000 mg Jalea Real (10 HDA 4- 5%) 750 mg Citrato de magnesio (Magnesio 37.5%) 500 mg Extracto seco de Guaran\u00e1 (Paullinia cupana Kunth, cafeina 10%) 250 mg L-taurina \u00a0 200 mg Lecitina (Contiene soja) 150 mg Extracto fluido de Ginkgo biloba (Ginkgo biloba L.) 60 mg Aroma (Aroma de naranja) 60 mg Colina \u00a0 50 mg Conservador (Sorbato pot\u00e1sico) 30 mg Acidulante (\u00c1cido c\u00edtrico) 20 mg Pirofosfato de hierro y sodio (Hierro 16%) 13,5 mg Edulcorante (Gluc\u00f3sidos de steviol) 3 mg<\/p>\n<p>Por dosis diaria (15 ml) Ingrediente Porcentaje Cantidad Magnesio 50% 187,5 mg Hierro 15.4% 2,16 mg % VRN (Valor de Referencia de Nutrientes)<\/p>\n","protected":false},"excerpt":{"rendered":"<p>Ayuda a disminuir el cansancio y la fatiga. Vitalpur Estudio es un complemento alimenticio que utiliza la Jalea Real (750 mg) como base del producto.La Jalea Real es una sustancia elaborada por la abejas para alimentar a la abeja reina. Es muy\u00a0rica en vitaminas, minerales y amino\u00e1cidos.Vitalpur Estudio se refuerza con Hierro, Magnesio, Colina, Lecitina y Taurina; adem\u00e1s de los extractos vegetales de Ginkgo Biloba y el Guaran\u00e1.<br \/>\n<a id=\"boton-ficha\" href=\"https:\/\/panel.drasanvi.com\/fichas\/1\/032050077\" target=\"_blank\" rel=\"noopener\">Ficha t\u00e9cnica<\/a><\/p>\n","protected":false},"featured_media":20880,"template":"","meta":{"inline_featured_image":false},"product_cat":[102,106],"product_tag":[],"class_list":["post-12980","product","type-product","status-publish","has-post-thumbnail","hentry","product_cat-jalea-real","product_cat-memoria-rendimiento-mental","pa_contiene-altramuces-no","pa_contiene-apio-no","pa_contiene-cacahuetes-no","pa_contiene-crustaceos-no","pa_contiene-frutos-secos-no","pa_contiene-huevo-no","pa_contiene-leche-no","pa_contiene-moluscos-no","pa_contiene-mostaza-no","pa_contiene-pescado-no","pa_contiene-sesamo-no","pa_contiene-soja-si","pa_producto-bio-no","pa_producto-sin-gluten-si","pa_producto-vegano-no","pa_producto-vegetariano-si"],"yoast_head":"<!-- This site is optimized with the Yoast SEO plugin v27.4 - https:\/\/yoast.com\/product\/yoast-seo-wordpress\/ -->\n<title>Vitalpur Estudio 20x15 ml - Drasanvi Francia<\/title>\n<meta name=\"robots\" content=\"index, follow, max-snippet:-1, max-image-preview:large, max-video-preview:-1\" \/>\n<link rel=\"canonical\" href=\"https:\/\/drasanvi.com\/fr\/producto\/vitalpur-estudio-20x15-ml\/\" \/>\n<meta property=\"og:locale\" content=\"fr_FR\" \/>\n<meta property=\"og:type\" content=\"article\" \/>\n<meta property=\"og:title\" content=\"Vitalpur Estudio 20x15 ml - Drasanvi Francia\" \/>\n<meta property=\"og:description\" content=\"Ayuda a disminuir el cansancio y la fatiga. Vitalpur Estudio es un complemento alimenticio que utiliza la Jalea Real (750 mg) como base del producto.La Jalea Real es una sustancia elaborada por la abejas para alimentar a la abeja reina. Es muy\u00a0rica en vitaminas, minerales y amino\u00e1cidos.Vitalpur Estudio se refuerza con Hierro, Magnesio, Colina, Lecitina y Taurina; adem\u00e1s de los extractos vegetales de Ginkgo Biloba y el Guaran\u00e1. Ficha t\u00e9cnica\" \/>\n<meta property=\"og:url\" content=\"https:\/\/drasanvi.com\/fr\/producto\/vitalpur-estudio-20x15-ml\/\" \/>\n<meta property=\"og:site_name\" content=\"Drasanvi Francia\" \/>\n<meta property=\"article:modified_time\" content=\"2022-04-12T14:34:51+00:00\" \/>\n<meta property=\"og:image\" content=\"https:\/\/drasanvi.com\/wp-content\/uploads\/sites\/7\/2022\/02\/032050077.png\" \/>\n\t<meta property=\"og:image:width\" content=\"1000\" \/>\n\t<meta property=\"og:image:height\" content=\"1000\" \/>\n\t<meta property=\"og:image:type\" content=\"image\/png\" \/>\n<meta name=\"twitter:card\" content=\"summary_large_image\" \/>\n<script type=\"application\/ld+json\" class=\"yoast-schema-graph\">{\"@context\":\"https:\\\/\\\/schema.org\",\"@graph\":[{\"@type\":\"WebPage\",\"@id\":\"https:\\\/\\\/drasanvi.com\\\/fr\\\/producto\\\/vitalpur-estudio-20x15-ml\\\/\",\"url\":\"https:\\\/\\\/drasanvi.com\\\/fr\\\/producto\\\/vitalpur-estudio-20x15-ml\\\/\",\"name\":\"Vitalpur Estudio 20x15 ml - Drasanvi Francia\",\"isPartOf\":{\"@id\":\"https:\\\/\\\/drasanvi.com\\\/fr\\\/#website\"},\"primaryImageOfPage\":{\"@id\":\"https:\\\/\\\/drasanvi.com\\\/fr\\\/producto\\\/vitalpur-estudio-20x15-ml\\\/#primaryimage\"},\"image\":{\"@id\":\"https:\\\/\\\/drasanvi.com\\\/fr\\\/producto\\\/vitalpur-estudio-20x15-ml\\\/#primaryimage\"},\"thumbnailUrl\":\"https:\\\/\\\/drasanvi.com\\\/fr\\\/wp-content\\\/uploads\\\/sites\\\/7\\\/2022\\\/02\\\/032050077.png\",\"datePublished\":\"2022-02-28T13:20:30+00:00\",\"dateModified\":\"2022-04-12T14:34:51+00:00\",\"breadcrumb\":{\"@id\":\"https:\\\/\\\/drasanvi.com\\\/fr\\\/producto\\\/vitalpur-estudio-20x15-ml\\\/#breadcrumb\"},\"inLanguage\":\"fr-FR\",\"potentialAction\":[{\"@type\":\"ReadAction\",\"target\":[\"https:\\\/\\\/drasanvi.com\\\/fr\\\/producto\\\/vitalpur-estudio-20x15-ml\\\/\"]}]},{\"@type\":\"ImageObject\",\"inLanguage\":\"fr-FR\",\"@id\":\"https:\\\/\\\/drasanvi.com\\\/fr\\\/producto\\\/vitalpur-estudio-20x15-ml\\\/#primaryimage\",\"url\":\"https:\\\/\\\/drasanvi.com\\\/fr\\\/wp-content\\\/uploads\\\/sites\\\/7\\\/2022\\\/02\\\/032050077.png\",\"contentUrl\":\"https:\\\/\\\/drasanvi.com\\\/fr\\\/wp-content\\\/uploads\\\/sites\\\/7\\\/2022\\\/02\\\/032050077.png\",\"width\":1000,\"height\":1000},{\"@type\":\"BreadcrumbList\",\"@id\":\"https:\\\/\\\/drasanvi.com\\\/fr\\\/producto\\\/vitalpur-estudio-20x15-ml\\\/#breadcrumb\",\"itemListElement\":[{\"@type\":\"ListItem\",\"position\":1,\"name\":\"Portada\",\"item\":\"https:\\\/\\\/drasanvi.com\\\/fr\\\/\"},{\"@type\":\"ListItem\",\"position\":2,\"name\":\"Tienda\",\"item\":\"https:\\\/\\\/drasanvi.com\\\/fr\\\/tienda\\\/\"},{\"@type\":\"ListItem\",\"position\":3,\"name\":\"Vitalpur Estudio 20&#215;15 ml\"}]},{\"@type\":\"WebSite\",\"@id\":\"https:\\\/\\\/drasanvi.com\\\/fr\\\/#website\",\"url\":\"https:\\\/\\\/drasanvi.com\\\/fr\\\/\",\"name\":\"Drasanvi Francia\",\"description\":\"L\u00edder en complementos alimenticios y cosm\u00e9tica natural.\",\"publisher\":{\"@id\":\"https:\\\/\\\/drasanvi.com\\\/fr\\\/#organization\"},\"potentialAction\":[{\"@type\":\"SearchAction\",\"target\":{\"@type\":\"EntryPoint\",\"urlTemplate\":\"https:\\\/\\\/drasanvi.com\\\/fr\\\/?s={search_term_string}\"},\"query-input\":{\"@type\":\"PropertyValueSpecification\",\"valueRequired\":true,\"valueName\":\"search_term_string\"}}],\"inLanguage\":\"fr-FR\"},{\"@type\":\"Organization\",\"@id\":\"https:\\\/\\\/drasanvi.com\\\/fr\\\/#organization\",\"name\":\"Drasanvi\",\"url\":\"https:\\\/\\\/drasanvi.com\\\/fr\\\/\",\"logo\":{\"@type\":\"ImageObject\",\"inLanguage\":\"fr-FR\",\"@id\":\"https:\\\/\\\/drasanvi.com\\\/fr\\\/#\\\/schema\\\/logo\\\/image\\\/\",\"url\":\"https:\\\/\\\/drasanvi.com\\\/wp-content\\\/uploads\\\/sites\\\/7\\\/2021\\\/07\\\/logo-drasanvi.png\",\"contentUrl\":\"https:\\\/\\\/drasanvi.com\\\/wp-content\\\/uploads\\\/sites\\\/7\\\/2021\\\/07\\\/logo-drasanvi.png\",\"width\":900,\"height\":300,\"caption\":\"Drasanvi\"},\"image\":{\"@id\":\"https:\\\/\\\/drasanvi.com\\\/fr\\\/#\\\/schema\\\/logo\\\/image\\\/\"}}]}<\/script>\n<!-- \/ Yoast SEO plugin. -->","yoast_head_json":{"title":"Vitalpur Estudio 20x15 ml - Drasanvi Francia","robots":{"index":"index","follow":"follow","max-snippet":"max-snippet:-1","max-image-preview":"max-image-preview:large","max-video-preview":"max-video-preview:-1"},"canonical":"https:\/\/drasanvi.com\/fr\/producto\/vitalpur-estudio-20x15-ml\/","og_locale":"fr_FR","og_type":"article","og_title":"Vitalpur Estudio 20x15 ml - Drasanvi Francia","og_description":"Ayuda a disminuir el cansancio y la fatiga. Vitalpur Estudio es un complemento alimenticio que utiliza la Jalea Real (750 mg) como base del producto.La Jalea Real es una sustancia elaborada por la abejas para alimentar a la abeja reina. Es muy\u00a0rica en vitaminas, minerales y amino\u00e1cidos.Vitalpur Estudio se refuerza con Hierro, Magnesio, Colina, Lecitina y Taurina; adem\u00e1s de los extractos vegetales de Ginkgo Biloba y el Guaran\u00e1. Ficha t\u00e9cnica","og_url":"https:\/\/drasanvi.com\/fr\/producto\/vitalpur-estudio-20x15-ml\/","og_site_name":"Drasanvi Francia","article_modified_time":"2022-04-12T14:34:51+00:00","og_image":[{"width":1000,"height":1000,"url":"https:\/\/drasanvi.com\/wp-content\/uploads\/sites\/7\/2022\/02\/032050077.png","type":"image\/png"}],"twitter_card":"summary_large_image","schema":{"@context":"https:\/\/schema.org","@graph":[{"@type":"WebPage","@id":"https:\/\/drasanvi.com\/fr\/producto\/vitalpur-estudio-20x15-ml\/","url":"https:\/\/drasanvi.com\/fr\/producto\/vitalpur-estudio-20x15-ml\/","name":"Vitalpur Estudio 20x15 ml - Drasanvi Francia","isPartOf":{"@id":"https:\/\/drasanvi.com\/fr\/#website"},"primaryImageOfPage":{"@id":"https:\/\/drasanvi.com\/fr\/producto\/vitalpur-estudio-20x15-ml\/#primaryimage"},"image":{"@id":"https:\/\/drasanvi.com\/fr\/producto\/vitalpur-estudio-20x15-ml\/#primaryimage"},"thumbnailUrl":"https:\/\/drasanvi.com\/fr\/wp-content\/uploads\/sites\/7\/2022\/02\/032050077.png","datePublished":"2022-02-28T13:20:30+00:00","dateModified":"2022-04-12T14:34:51+00:00","breadcrumb":{"@id":"https:\/\/drasanvi.com\/fr\/producto\/vitalpur-estudio-20x15-ml\/#breadcrumb"},"inLanguage":"fr-FR","potentialAction":[{"@type":"ReadAction","target":["https:\/\/drasanvi.com\/fr\/producto\/vitalpur-estudio-20x15-ml\/"]}]},{"@type":"ImageObject","inLanguage":"fr-FR","@id":"https:\/\/drasanvi.com\/fr\/producto\/vitalpur-estudio-20x15-ml\/#primaryimage","url":"https:\/\/drasanvi.com\/fr\/wp-content\/uploads\/sites\/7\/2022\/02\/032050077.png","contentUrl":"https:\/\/drasanvi.com\/fr\/wp-content\/uploads\/sites\/7\/2022\/02\/032050077.png","width":1000,"height":1000},{"@type":"BreadcrumbList","@id":"https:\/\/drasanvi.com\/fr\/producto\/vitalpur-estudio-20x15-ml\/#breadcrumb","itemListElement":[{"@type":"ListItem","position":1,"name":"Portada","item":"https:\/\/drasanvi.com\/fr\/"},{"@type":"ListItem","position":2,"name":"Tienda","item":"https:\/\/drasanvi.com\/fr\/tienda\/"},{"@type":"ListItem","position":3,"name":"Vitalpur Estudio 20&#215;15 ml"}]},{"@type":"WebSite","@id":"https:\/\/drasanvi.com\/fr\/#website","url":"https:\/\/drasanvi.com\/fr\/","name":"Drasanvi Francia","description":"L\u00edder en complementos alimenticios y cosm\u00e9tica natural.","publisher":{"@id":"https:\/\/drasanvi.com\/fr\/#organization"},"potentialAction":[{"@type":"SearchAction","target":{"@type":"EntryPoint","urlTemplate":"https:\/\/drasanvi.com\/fr\/?s={search_term_string}"},"query-input":{"@type":"PropertyValueSpecification","valueRequired":true,"valueName":"search_term_string"}}],"inLanguage":"fr-FR"},{"@type":"Organization","@id":"https:\/\/drasanvi.com\/fr\/#organization","name":"Drasanvi","url":"https:\/\/drasanvi.com\/fr\/","logo":{"@type":"ImageObject","inLanguage":"fr-FR","@id":"https:\/\/drasanvi.com\/fr\/#\/schema\/logo\/image\/","url":"https:\/\/drasanvi.com\/wp-content\/uploads\/sites\/7\/2021\/07\/logo-drasanvi.png","contentUrl":"https:\/\/drasanvi.com\/wp-content\/uploads\/sites\/7\/2021\/07\/logo-drasanvi.png","width":900,"height":300,"caption":"Drasanvi"},"image":{"@id":"https:\/\/drasanvi.com\/fr\/#\/schema\/logo\/image\/"}}]}},"_links":{"self":[{"href":"https:\/\/drasanvi.com\/fr\/wp-json\/wp\/v2\/product\/12980","targetHints":{"allow":["GET"]}}],"collection":[{"href":"https:\/\/drasanvi.com\/fr\/wp-json\/wp\/v2\/product"}],"about":[{"href":"https:\/\/drasanvi.com\/fr\/wp-json\/wp\/v2\/types\/product"}],"version-history":[{"count":0,"href":"https:\/\/drasanvi.com\/fr\/wp-json\/wp\/v2\/product\/12980\/revisions"}],"wp:featuredmedia":[{"embeddable":true,"href":"https:\/\/drasanvi.com\/fr\/wp-json\/wp\/v2\/media\/20880"}],"wp:attachment":[{"href":"https:\/\/drasanvi.com\/fr\/wp-json\/wp\/v2\/media?parent=12980"}],"wp:term":[{"taxonomy":"product_cat","embeddable":true,"href":"https:\/\/drasanvi.com\/fr\/wp-json\/wp\/v2\/product_cat?post=12980"},{"taxonomy":"product_tag","embeddable":true,"href":"https:\/\/drasanvi.com\/fr\/wp-json\/wp\/v2\/product_tag?post=12980"}],"curies":[{"name":"wp","href":"https:\/\/api.w.org\/{rel}","templated":true}]}}