{"id":12955,"date":"2022-02-28T15:13:41","date_gmt":"2022-02-28T13:13:41","guid":{"rendered":"https:\/\/drasanvi.com\/fr\/?post_type=product&#038;p=12955"},"modified":"2022-03-15T16:53:49","modified_gmt":"2022-03-15T14:53:49","slug":"oseogen-unguento-balsamico-200ml","status":"publish","type":"product","link":"https:\/\/drasanvi.com\/fr\/producto\/oseogen-unguento-balsamico-200ml\/","title":{"rendered":"Oseogen Ung\u00fcento Bals\u00e1mico 200ml"},"content":{"rendered":"<h2>Ingredientes<\/h2>\n<p>AQUA, DIMETHYL SULFONE, C12-20 ACID PEG-8 ESTER, OLEIC ACID, PARAFFINUM LIQUIDUM, CAPRYLIC\/CAPRIC TRIGLYCERIDE, CETYL ALCOHOL, UREA, LANOLIN, GLUCOSAMINE SULFATE, DIMETHICONE, PROPYLENE GLYCOL, EUGENIA CARYOPHYLLUS BUD OIL, EUGENOL, TOCOPHERYL ACETATE, ARNICA MONTANA FLOWER OIL, PHENOXYETHANOL, SODIUM CHONDROITIN SULFATE, DMDM HYDANTOIN, CAPSICUM FRUTESCENS RESIN, BENZYL SALICYLATE, SALIX ALBA BARK EXTRACT, SYMPHYTUM OFFICINALE ROOT EXTRACT, HARPAGOPHYTUM PROCUMBENS ROOT EXTRACT, ARNICA MONTANA FLOWER EXTRACT, LIMONENE, ISOEUGENOL, LINALOOL.<\/p>\n<h2>Modo de uso<\/h2>\n<p>Aplicar una cantidad generosa en la zona a tratar, efectuando un ligero masaje para facilitar su absorci\u00f3n. Normalmente, usar de dos a tres veces al d\u00eda. Evitar el contacto con los ojos.<\/p>\n<h3>Presentaci\u00f3n<\/h3>\n<p>Envase de 200 ml (6.76 fl oz)<\/p>\n<h3>Advertencias<\/h3>\n<p>Sin perfumes, ni parabenos ni colorantes artificiales. No testado en animales.<\/p>\n<h2>Informaci\u00f3n adicional<\/h2>\n<p>AQUA, DIMETHYL SULFONE, C12-20 ACID PEG-8 ESTER, OLEIC ACID, PARAFFINUM LIQUIDUM, CAPRYLIC\/CAPRIC TRIGLYCERIDE, CETYL ALCOHOL, UREA, LANOLIN, GLUCOSAMINE SULFATE, DIMETHICONE, PROPYLENE GLYCOL, EUGENIA CARYOPHYLLUS BUD OIL, EUGENOL, TOCOPHERYL ACETATE, ARNICA MONTANA FLOWER OIL, PHENOXYETHANOL, SODIUM CHONDROITIN SULFATE, DMDM HYDANTOIN, CAPSICUM FRUTESCENS RESIN, BENZYL SALICYLATE, SALIX ALBA BARK EXTRACT, SYMPHYTUM OFFICINALE ROOT EXTRACT, HARPAGOPHYTUM PROCUMBENS ROOT EXTRACT, ARNICA MONTANA FLOWER EXTRACT, LIMONENE, ISOEUGENOL, LINALOOL.<\/p>\n<p>Componente Acci\u00f3n Efecto Capsicum Estimula los receptores de calor y dolor de la epidermis provocando, as\u00ed, una irrigaci\u00f3n sangu\u00ednea m\u00e1s intensa. Tiene la propiedad de atravesar la pared celular de las neuronas receptoras del dolor e inervarlas, inhibiendo as\u00ed totalmente cualquier dolor, sin afectar al funcionamiento de las otras neuronas. Por este motivo, se puede utilizar como un anest\u00e9sico, que no adormece ni entumece. Consuelda Favorece la cicatrizaci\u00f3n de las heridas y reduce su sangrado, gracias a su riqueza en Alanto\u00edna. La Alanto\u00edna tiene un efecto cicatrizante. Los muc\u00edlagos act\u00faan como demulcentes, hidratantes y antiinflamatorios. Sulfato de Condroitina Ayuda a ralentizar y prevenir el deterioro de los cart\u00edlagos. Inhibe la acci\u00f3n de las enzimas destructivas, hace m\u00e1s lenta la progresi\u00f3n de la osteoartritis, alivia el dolor y otros s\u00edntomas. Cuando se toma junto con glucosamina, puede incluso fomentar el crecimiento del cart\u00edlago da\u00f1ado. Sulfato de Glucosamina Estimula la fabricaci\u00f3n de las sustancias necesarias para una funci\u00f3n articular correcta y ayuda a la reparaci\u00f3n articular. El sulfato de Glucosamina es un precursor de una sustancia natural, la Glucosamina, que es un amino\u00e1cido fabricado a partir de glutamina y az\u00facar, necesario para producir mol\u00e9culas vitales en la conexi\u00f3n de c\u00e9lulas y tejido. Metilsulfonilmetano El metilsulfonilmetano es una fuente natural de Azufre, un elemento mineral cr\u00edtico para el funcionamiento normal y la estructura de nuestro cuerpo. El Azufre es un material importante para la prote\u00edna y el tejido conectivo que forman la masa muscular, para las enzimas que conducen incontables reacciones qu\u00edmicas y para poderosos compuestos naturales que nos protegen contra la toxicidad y el da\u00f1ino estr\u00e9s oxidativo. Harpagofito Ayuda a reducir el dolor articular. Es eficaz en osteoartritis de columna, cadera y rodilla y en lumbalgias al disminuir la inflamaci\u00f3n y el dolor en los reumatismos. \u00a0 \u00a0 \u00a0 \u00c1rnica Tiene propiedades rubefacientes, antiinflamatorias y analg\u00e9sicas. Ayuda a reducir los efectos en contusiones, distensiones, dolores musculares, esguinces , luxaciones y artritis por las propiedades analg\u00e9sicas de la planta. Clavo Contiene sustancias que disminuyen el dolor. Analg\u00e9sico.<\/p>\n","protected":false},"excerpt":{"rendered":"<p>Oseogen ung\u00fcento es una f\u00f3rmula de uso t\u00f3pico espec\u00edficamente formulada para aliviar las molestias producidas en numerosas situaciones cotidianas: Inflamaci\u00f3n, dolor muscular&amp;<br \/>\n<a id=\"boton-ficha\" href=\"https:\/\/panel.drasanvi.com\/fichas\/1\/032060626\" target=\"_blank\" rel=\"noopener\">Ficha t\u00e9cnica<\/a><\/p>\n","protected":false},"featured_media":20497,"template":"","meta":{"inline_featured_image":false},"product_cat":[94,101],"product_tag":[],"class_list":["post-12955","product","type-product","status-publish","has-post-thumbnail","hentry","product_cat-cosmetica","product_cat-huesos-articulaciones","pa_contiene-altramuces-no","pa_contiene-apio-no","pa_contiene-cacahuetes-no","pa_contiene-crustaceos-no","pa_contiene-frutos-secos-no","pa_contiene-huevo-no","pa_contiene-leche-no","pa_contiene-moluscos-no","pa_contiene-mostaza-no","pa_contiene-pescado-no","pa_contiene-sesamo-no","pa_contiene-soja-no","pa_producto-bio-no","pa_producto-sin-gluten-si","pa_producto-vegano-no","pa_producto-vegetariano-no"],"yoast_head":"<!-- This site is optimized with the Yoast SEO plugin v27.5 - https:\/\/yoast.com\/product\/yoast-seo-wordpress\/ -->\n<title>Oseogen Ung\u00fcento Bals\u00e1mico 200ml - Drasanvi Francia<\/title>\n<meta name=\"robots\" content=\"index, follow, max-snippet:-1, max-image-preview:large, max-video-preview:-1\" \/>\n<link rel=\"canonical\" href=\"https:\/\/drasanvi.com\/fr\/producto\/oseogen-unguento-balsamico-200ml\/\" \/>\n<meta property=\"og:locale\" content=\"fr_FR\" \/>\n<meta property=\"og:type\" content=\"article\" \/>\n<meta property=\"og:title\" content=\"Oseogen Ung\u00fcento Bals\u00e1mico 200ml - Drasanvi Francia\" \/>\n<meta property=\"og:description\" content=\"Oseogen ung\u00fcento es una f\u00f3rmula de uso t\u00f3pico espec\u00edficamente formulada para aliviar las molestias producidas en numerosas situaciones cotidianas: Inflamaci\u00f3n, dolor muscular&amp; Ficha t\u00e9cnica\" \/>\n<meta property=\"og:url\" content=\"https:\/\/drasanvi.com\/fr\/producto\/oseogen-unguento-balsamico-200ml\/\" \/>\n<meta property=\"og:site_name\" content=\"Drasanvi Francia\" \/>\n<meta property=\"article:modified_time\" content=\"2022-03-15T14:53:49+00:00\" \/>\n<meta property=\"og:image\" content=\"https:\/\/drasanvi.com\/wp-content\/uploads\/sites\/7\/2022\/02\/032060626.png\" \/>\n\t<meta property=\"og:image:width\" content=\"1000\" \/>\n\t<meta property=\"og:image:height\" content=\"1000\" \/>\n\t<meta property=\"og:image:type\" content=\"image\/png\" \/>\n<meta name=\"twitter:card\" content=\"summary_large_image\" \/>\n<script type=\"application\/ld+json\" class=\"yoast-schema-graph\">{\"@context\":\"https:\\\/\\\/schema.org\",\"@graph\":[{\"@type\":\"WebPage\",\"@id\":\"https:\\\/\\\/drasanvi.com\\\/fr\\\/producto\\\/oseogen-unguento-balsamico-200ml\\\/\",\"url\":\"https:\\\/\\\/drasanvi.com\\\/fr\\\/producto\\\/oseogen-unguento-balsamico-200ml\\\/\",\"name\":\"Oseogen Ung\u00fcento Bals\u00e1mico 200ml - Drasanvi Francia\",\"isPartOf\":{\"@id\":\"https:\\\/\\\/drasanvi.com\\\/fr\\\/#website\"},\"primaryImageOfPage\":{\"@id\":\"https:\\\/\\\/drasanvi.com\\\/fr\\\/producto\\\/oseogen-unguento-balsamico-200ml\\\/#primaryimage\"},\"image\":{\"@id\":\"https:\\\/\\\/drasanvi.com\\\/fr\\\/producto\\\/oseogen-unguento-balsamico-200ml\\\/#primaryimage\"},\"thumbnailUrl\":\"https:\\\/\\\/drasanvi.com\\\/fr\\\/wp-content\\\/uploads\\\/sites\\\/7\\\/2022\\\/02\\\/032060626.png\",\"datePublished\":\"2022-02-28T13:13:41+00:00\",\"dateModified\":\"2022-03-15T14:53:49+00:00\",\"breadcrumb\":{\"@id\":\"https:\\\/\\\/drasanvi.com\\\/fr\\\/producto\\\/oseogen-unguento-balsamico-200ml\\\/#breadcrumb\"},\"inLanguage\":\"fr-FR\",\"potentialAction\":[{\"@type\":\"ReadAction\",\"target\":[\"https:\\\/\\\/drasanvi.com\\\/fr\\\/producto\\\/oseogen-unguento-balsamico-200ml\\\/\"]}]},{\"@type\":\"ImageObject\",\"inLanguage\":\"fr-FR\",\"@id\":\"https:\\\/\\\/drasanvi.com\\\/fr\\\/producto\\\/oseogen-unguento-balsamico-200ml\\\/#primaryimage\",\"url\":\"https:\\\/\\\/drasanvi.com\\\/fr\\\/wp-content\\\/uploads\\\/sites\\\/7\\\/2022\\\/02\\\/032060626.png\",\"contentUrl\":\"https:\\\/\\\/drasanvi.com\\\/fr\\\/wp-content\\\/uploads\\\/sites\\\/7\\\/2022\\\/02\\\/032060626.png\",\"width\":1000,\"height\":1000},{\"@type\":\"BreadcrumbList\",\"@id\":\"https:\\\/\\\/drasanvi.com\\\/fr\\\/producto\\\/oseogen-unguento-balsamico-200ml\\\/#breadcrumb\",\"itemListElement\":[{\"@type\":\"ListItem\",\"position\":1,\"name\":\"Portada\",\"item\":\"https:\\\/\\\/drasanvi.com\\\/fr\\\/\"},{\"@type\":\"ListItem\",\"position\":2,\"name\":\"Tienda\",\"item\":\"https:\\\/\\\/drasanvi.com\\\/fr\\\/tienda\\\/\"},{\"@type\":\"ListItem\",\"position\":3,\"name\":\"Oseogen Ung\u00fcento Bals\u00e1mico 200ml\"}]},{\"@type\":\"WebSite\",\"@id\":\"https:\\\/\\\/drasanvi.com\\\/fr\\\/#website\",\"url\":\"https:\\\/\\\/drasanvi.com\\\/fr\\\/\",\"name\":\"Drasanvi Francia\",\"description\":\"L\u00edder en complementos alimenticios y cosm\u00e9tica natural.\",\"publisher\":{\"@id\":\"https:\\\/\\\/drasanvi.com\\\/fr\\\/#organization\"},\"potentialAction\":[{\"@type\":\"SearchAction\",\"target\":{\"@type\":\"EntryPoint\",\"urlTemplate\":\"https:\\\/\\\/drasanvi.com\\\/fr\\\/?s={search_term_string}\"},\"query-input\":{\"@type\":\"PropertyValueSpecification\",\"valueRequired\":true,\"valueName\":\"search_term_string\"}}],\"inLanguage\":\"fr-FR\"},{\"@type\":\"Organization\",\"@id\":\"https:\\\/\\\/drasanvi.com\\\/fr\\\/#organization\",\"name\":\"Drasanvi\",\"url\":\"https:\\\/\\\/drasanvi.com\\\/fr\\\/\",\"logo\":{\"@type\":\"ImageObject\",\"inLanguage\":\"fr-FR\",\"@id\":\"https:\\\/\\\/drasanvi.com\\\/fr\\\/#\\\/schema\\\/logo\\\/image\\\/\",\"url\":\"https:\\\/\\\/drasanvi.com\\\/wp-content\\\/uploads\\\/sites\\\/7\\\/2021\\\/07\\\/logo-drasanvi.png\",\"contentUrl\":\"https:\\\/\\\/drasanvi.com\\\/wp-content\\\/uploads\\\/sites\\\/7\\\/2021\\\/07\\\/logo-drasanvi.png\",\"width\":900,\"height\":300,\"caption\":\"Drasanvi\"},\"image\":{\"@id\":\"https:\\\/\\\/drasanvi.com\\\/fr\\\/#\\\/schema\\\/logo\\\/image\\\/\"}}]}<\/script>\n<!-- \/ Yoast SEO plugin. -->","yoast_head_json":{"title":"Oseogen Ung\u00fcento Bals\u00e1mico 200ml - Drasanvi Francia","robots":{"index":"index","follow":"follow","max-snippet":"max-snippet:-1","max-image-preview":"max-image-preview:large","max-video-preview":"max-video-preview:-1"},"canonical":"https:\/\/drasanvi.com\/fr\/producto\/oseogen-unguento-balsamico-200ml\/","og_locale":"fr_FR","og_type":"article","og_title":"Oseogen Ung\u00fcento Bals\u00e1mico 200ml - Drasanvi Francia","og_description":"Oseogen ung\u00fcento es una f\u00f3rmula de uso t\u00f3pico espec\u00edficamente formulada para aliviar las molestias producidas en numerosas situaciones cotidianas: Inflamaci\u00f3n, dolor muscular&amp; Ficha t\u00e9cnica","og_url":"https:\/\/drasanvi.com\/fr\/producto\/oseogen-unguento-balsamico-200ml\/","og_site_name":"Drasanvi Francia","article_modified_time":"2022-03-15T14:53:49+00:00","og_image":[{"width":1000,"height":1000,"url":"https:\/\/drasanvi.com\/wp-content\/uploads\/sites\/7\/2022\/02\/032060626.png","type":"image\/png"}],"twitter_card":"summary_large_image","schema":{"@context":"https:\/\/schema.org","@graph":[{"@type":"WebPage","@id":"https:\/\/drasanvi.com\/fr\/producto\/oseogen-unguento-balsamico-200ml\/","url":"https:\/\/drasanvi.com\/fr\/producto\/oseogen-unguento-balsamico-200ml\/","name":"Oseogen Ung\u00fcento Bals\u00e1mico 200ml - Drasanvi Francia","isPartOf":{"@id":"https:\/\/drasanvi.com\/fr\/#website"},"primaryImageOfPage":{"@id":"https:\/\/drasanvi.com\/fr\/producto\/oseogen-unguento-balsamico-200ml\/#primaryimage"},"image":{"@id":"https:\/\/drasanvi.com\/fr\/producto\/oseogen-unguento-balsamico-200ml\/#primaryimage"},"thumbnailUrl":"https:\/\/drasanvi.com\/fr\/wp-content\/uploads\/sites\/7\/2022\/02\/032060626.png","datePublished":"2022-02-28T13:13:41+00:00","dateModified":"2022-03-15T14:53:49+00:00","breadcrumb":{"@id":"https:\/\/drasanvi.com\/fr\/producto\/oseogen-unguento-balsamico-200ml\/#breadcrumb"},"inLanguage":"fr-FR","potentialAction":[{"@type":"ReadAction","target":["https:\/\/drasanvi.com\/fr\/producto\/oseogen-unguento-balsamico-200ml\/"]}]},{"@type":"ImageObject","inLanguage":"fr-FR","@id":"https:\/\/drasanvi.com\/fr\/producto\/oseogen-unguento-balsamico-200ml\/#primaryimage","url":"https:\/\/drasanvi.com\/fr\/wp-content\/uploads\/sites\/7\/2022\/02\/032060626.png","contentUrl":"https:\/\/drasanvi.com\/fr\/wp-content\/uploads\/sites\/7\/2022\/02\/032060626.png","width":1000,"height":1000},{"@type":"BreadcrumbList","@id":"https:\/\/drasanvi.com\/fr\/producto\/oseogen-unguento-balsamico-200ml\/#breadcrumb","itemListElement":[{"@type":"ListItem","position":1,"name":"Portada","item":"https:\/\/drasanvi.com\/fr\/"},{"@type":"ListItem","position":2,"name":"Tienda","item":"https:\/\/drasanvi.com\/fr\/tienda\/"},{"@type":"ListItem","position":3,"name":"Oseogen Ung\u00fcento Bals\u00e1mico 200ml"}]},{"@type":"WebSite","@id":"https:\/\/drasanvi.com\/fr\/#website","url":"https:\/\/drasanvi.com\/fr\/","name":"Drasanvi Francia","description":"L\u00edder en complementos alimenticios y cosm\u00e9tica natural.","publisher":{"@id":"https:\/\/drasanvi.com\/fr\/#organization"},"potentialAction":[{"@type":"SearchAction","target":{"@type":"EntryPoint","urlTemplate":"https:\/\/drasanvi.com\/fr\/?s={search_term_string}"},"query-input":{"@type":"PropertyValueSpecification","valueRequired":true,"valueName":"search_term_string"}}],"inLanguage":"fr-FR"},{"@type":"Organization","@id":"https:\/\/drasanvi.com\/fr\/#organization","name":"Drasanvi","url":"https:\/\/drasanvi.com\/fr\/","logo":{"@type":"ImageObject","inLanguage":"fr-FR","@id":"https:\/\/drasanvi.com\/fr\/#\/schema\/logo\/image\/","url":"https:\/\/drasanvi.com\/wp-content\/uploads\/sites\/7\/2021\/07\/logo-drasanvi.png","contentUrl":"https:\/\/drasanvi.com\/wp-content\/uploads\/sites\/7\/2021\/07\/logo-drasanvi.png","width":900,"height":300,"caption":"Drasanvi"},"image":{"@id":"https:\/\/drasanvi.com\/fr\/#\/schema\/logo\/image\/"}}]}},"_links":{"self":[{"href":"https:\/\/drasanvi.com\/fr\/wp-json\/wp\/v2\/product\/12955","targetHints":{"allow":["GET"]}}],"collection":[{"href":"https:\/\/drasanvi.com\/fr\/wp-json\/wp\/v2\/product"}],"about":[{"href":"https:\/\/drasanvi.com\/fr\/wp-json\/wp\/v2\/types\/product"}],"version-history":[{"count":0,"href":"https:\/\/drasanvi.com\/fr\/wp-json\/wp\/v2\/product\/12955\/revisions"}],"wp:featuredmedia":[{"embeddable":true,"href":"https:\/\/drasanvi.com\/fr\/wp-json\/wp\/v2\/media\/20497"}],"wp:attachment":[{"href":"https:\/\/drasanvi.com\/fr\/wp-json\/wp\/v2\/media?parent=12955"}],"wp:term":[{"taxonomy":"product_cat","embeddable":true,"href":"https:\/\/drasanvi.com\/fr\/wp-json\/wp\/v2\/product_cat?post=12955"},{"taxonomy":"product_tag","embeddable":true,"href":"https:\/\/drasanvi.com\/fr\/wp-json\/wp\/v2\/product_tag?post=12955"}],"curies":[{"name":"wp","href":"https:\/\/api.w.org\/{rel}","templated":true}]}}