{"id":12940,"date":"2022-02-28T15:13:01","date_gmt":"2022-02-28T13:13:01","guid":{"rendered":"https:\/\/drasanvi.com\/fr\/?post_type=product&#038;p=12940"},"modified":"2022-03-15T16:51:57","modified_gmt":"2022-03-15T14:51:57","slug":"oseogen-mobility","status":"publish","type":"product","link":"https:\/\/drasanvi.com\/fr\/producto\/oseogen-mobility\/","title":{"rendered":"Oseogen mobility"},"content":{"rendered":"<h2>Ingredientes<\/h2>\n<p>Ingredientes mg \/ Dosis diaria) Prote\u00edna\u00a0de guisante Pisum sativum 4833 mg CalcioEn forma de citrato de calcio 420 mg2000 mg Col\u00e1geno marino hidrolizado De bajo peso molecular 1900 mg Glucosamina HCL 1500 mg MagnesioEn forma de Carbonato de MagnesioEn forma de Citrato de Magnesio 367.75 mg900 mg50 mg Sulfato de Condroitina De origen marino 500 mg Curcuma Curcuma longa Vahl.\u00a0Curcumina 200 mg.32mg Bromelaina Ananas comosus (L.) Merril 100 mg \u00a0HierroEn forma de Fumarato Ferroso 14 mg44 mg Vitamina C Como \u00c1cido Ascorbico 30 mg Vitamina B3 Como Nicotinamida 16 mg Vitamina B5 Como \u00c1cido pantot\u00e9nico 6 mg Vitamina B12 Como Cianocobalamina 2,50 mg Vitamina D3 Como Colecalciferol 2 mg Vitamina B6 Como Clorhidrato de Piridoxina 1,4 mg Vitamina B2 Como Riboflavina 1,4 mg Vitamina B1 Como Clorhidrato de Tiamina 1,1 mg SelenioEn forma de Selenito s\u00f3dico 55 ?g0,1 mg Otros Ingredientes: Maltodextrina, Edulcorante y Aromas Sin colorantes, conservantes ni az\u00facares a\u00f1adidos.<\/p>\n<h2>Modo de uso<\/h2>\n<p>Tomar 2 cacitos dosificadores (15 g) diluidos en agua o zumo, despu\u00e9s del desayuno.Recomendamos consumir el producto al menos durante 5 meses.<\/p>\n<h3>Presentaci\u00f3n<\/h3>\n<p>Peso neto 300 g (10.58 oz)<\/p>\n<h3>Advertencias<\/h3>\n<p>Complemento alimenticio a base de sulfato de glucosamina, sulfato de condroitina, col\u00e1geno marino, vitaminas y minerales. Contiene una fuente de fenilalanina (no apto para fenilcetonuricos).No superar la dosis diaria expresamente recomendada; Los complementos alimenticios no deben utilizarse como sustituto de una dieta equilibrada; Mantener fuera del alcance de los ni\u00f1os m\u00e1s peque\u00f1os. No debe ser consumido por mujeres embarazadas o en periodo de lactancia, ni ni\u00f1os ni por adolescentes. Conservar en un lugar fresco y seco. Contiene crust\u00e1ceos. Contiene pescado.No consumir simult\u00e1neamente con anticoagulantes<\/p>\n<h2>Informaci\u00f3n adicional<\/h2>\n<p>Ingrediente Descripci\u00f3n Dosis diaria Prote\u00edna de Guisante (Pisum sativum) 4833 mg Citrato de calcio (Calcio 21%) 2000 mg Col\u00e1geno Marino hidrolizado (Contiene pescado) (Bajo peso molecular) 1900 mg Agente de carga (Maltodextrina) 1900 mg Glucosamina HCL (Contiene crust\u00e1ceos) (Proveniente de crust\u00e1ceos) 1500 mg Aroma (Aroma de naranja) 1000 mg Carbonato de magnesio (Magnesio 40%) 900 mg Sulfato de condroitina (Contiene pescado) (Origen marino) 500 mg Extracto de Raiz C\u00farcuma (Curcuma longa Vahl. con 6,25 mg\/g de curcumina soluble) 200 mg Bromelaina (Ananas comosus (L.) Merril) 100 mg Citrato de magnesio (Magnesio 15,5%) 50 mg Fumarato ferroso (Hierro 32%) 44 mg Vitamina C (\u00c1cido asc\u00f3rbico) 30 mg Vitamina B3 (Nicotinamida) 16 mg Edulcorante (Sucralosa) 12 mg Vitamina B5 (\u00c1cido pantot\u00e9nico) 6 mg Vitamina B12 (Cianocobalamina 0,1%) 2,50 mg Vitamina D3 (Colecalciferol 2,5%) 2 mg Vitamina B6 (Clorhidrato de Piridoxina) 1,4 mg Vitamina B2 (Riboflavina) 1,4 mg Vitamina B1 (Clorhidrato de tiamina) 1,1 mg Selenito s\u00f3dico (Selenio 44% ) 0,1 mg<\/p>\n<p>por dosis diaria (15 g) Ingrediente Porcentaje Cantidad Calcio 52.5% 420 mg Magnesio 98% 367.75 mg Hierro 100 % 14 mg Selenio 100 % 55 \u00b5g Vitamina C 37, 5 % 30 mg Vitamina D 100 % 5 \u00b5g Vitamina B1 100 % 1,1 mg Vitamina B2 100 % 1,4 mg Vitamina B3 100 % 16 mg Vitamina B5 100 % 6 mg Vitamina B6 100 % 1,4 mg Vitamina B12 100 % 2,5 \u00b5g % VRN (Valor de Referencia de Nutrientes)<\/p>\n","protected":false},"excerpt":{"rendered":"<p>Oseogen mobility\u00a0 es un complemento alimenticio \u00fanico que incorpora en su composici\u00f3n nutrientes como el Col\u00e1geno Marino, la Condroitina, \u00a0el sulfato de glucosamina y la C\u00farcuma. Disponemos de estudios de biodisponibilidad, que\u00a0garantizan la asimilaci\u00f3n del producto.<br \/>\n<a id=\"boton-ficha\" href=\"https:\/\/panel.drasanvi.com\/fichas\/1\/032050369\" target=\"_blank\" rel=\"noopener\">Ficha t\u00e9cnica<\/a><\/p>\n","protected":false},"featured_media":20487,"template":"","meta":{"inline_featured_image":false},"product_cat":[101],"product_tag":[],"class_list":["post-12940","product","type-product","status-publish","has-post-thumbnail","hentry","product_cat-huesos-articulaciones","pa_contiene-altramuces-no","pa_contiene-apio-no","pa_contiene-cacahuetes-no","pa_contiene-crustaceos-si","pa_contiene-frutos-secos-no","pa_contiene-huevo-no","pa_contiene-leche-no","pa_contiene-moluscos-no","pa_contiene-mostaza-no","pa_contiene-pescado-si","pa_contiene-sesamo-no","pa_contiene-soja-no","pa_producto-bio-no","pa_producto-sin-gluten-si","pa_producto-vegano-no","pa_producto-vegetariano-no"],"yoast_head":"<!-- This site is optimized with the Yoast SEO plugin v27.5 - https:\/\/yoast.com\/product\/yoast-seo-wordpress\/ -->\n<title>Oseogen mobility - Drasanvi Francia<\/title>\n<meta name=\"robots\" content=\"index, follow, max-snippet:-1, max-image-preview:large, max-video-preview:-1\" \/>\n<link rel=\"canonical\" href=\"https:\/\/drasanvi.com\/fr\/producto\/oseogen-mobility\/\" \/>\n<meta property=\"og:locale\" content=\"fr_FR\" \/>\n<meta property=\"og:type\" content=\"article\" \/>\n<meta property=\"og:title\" content=\"Oseogen mobility - Drasanvi Francia\" \/>\n<meta property=\"og:description\" content=\"Oseogen mobility\u00a0 es un complemento alimenticio \u00fanico que incorpora en su composici\u00f3n nutrientes como el Col\u00e1geno Marino, la Condroitina, \u00a0el sulfato de glucosamina y la C\u00farcuma. Disponemos de estudios de biodisponibilidad, que\u00a0garantizan la asimilaci\u00f3n del producto. Ficha t\u00e9cnica\" \/>\n<meta property=\"og:url\" content=\"https:\/\/drasanvi.com\/fr\/producto\/oseogen-mobility\/\" \/>\n<meta property=\"og:site_name\" content=\"Drasanvi Francia\" \/>\n<meta property=\"article:modified_time\" content=\"2022-03-15T14:51:57+00:00\" \/>\n<meta property=\"og:image\" content=\"https:\/\/drasanvi.com\/wp-content\/uploads\/sites\/7\/2022\/02\/032050369.png\" \/>\n\t<meta property=\"og:image:width\" content=\"1000\" \/>\n\t<meta property=\"og:image:height\" content=\"1000\" \/>\n\t<meta property=\"og:image:type\" content=\"image\/png\" \/>\n<meta name=\"twitter:card\" content=\"summary_large_image\" \/>\n<script type=\"application\/ld+json\" class=\"yoast-schema-graph\">{\"@context\":\"https:\\\/\\\/schema.org\",\"@graph\":[{\"@type\":\"WebPage\",\"@id\":\"https:\\\/\\\/drasanvi.com\\\/fr\\\/producto\\\/oseogen-mobility\\\/\",\"url\":\"https:\\\/\\\/drasanvi.com\\\/fr\\\/producto\\\/oseogen-mobility\\\/\",\"name\":\"Oseogen mobility - Drasanvi Francia\",\"isPartOf\":{\"@id\":\"https:\\\/\\\/drasanvi.com\\\/fr\\\/#website\"},\"primaryImageOfPage\":{\"@id\":\"https:\\\/\\\/drasanvi.com\\\/fr\\\/producto\\\/oseogen-mobility\\\/#primaryimage\"},\"image\":{\"@id\":\"https:\\\/\\\/drasanvi.com\\\/fr\\\/producto\\\/oseogen-mobility\\\/#primaryimage\"},\"thumbnailUrl\":\"https:\\\/\\\/drasanvi.com\\\/fr\\\/wp-content\\\/uploads\\\/sites\\\/7\\\/2022\\\/02\\\/032050369.png\",\"datePublished\":\"2022-02-28T13:13:01+00:00\",\"dateModified\":\"2022-03-15T14:51:57+00:00\",\"breadcrumb\":{\"@id\":\"https:\\\/\\\/drasanvi.com\\\/fr\\\/producto\\\/oseogen-mobility\\\/#breadcrumb\"},\"inLanguage\":\"fr-FR\",\"potentialAction\":[{\"@type\":\"ReadAction\",\"target\":[\"https:\\\/\\\/drasanvi.com\\\/fr\\\/producto\\\/oseogen-mobility\\\/\"]}]},{\"@type\":\"ImageObject\",\"inLanguage\":\"fr-FR\",\"@id\":\"https:\\\/\\\/drasanvi.com\\\/fr\\\/producto\\\/oseogen-mobility\\\/#primaryimage\",\"url\":\"https:\\\/\\\/drasanvi.com\\\/fr\\\/wp-content\\\/uploads\\\/sites\\\/7\\\/2022\\\/02\\\/032050369.png\",\"contentUrl\":\"https:\\\/\\\/drasanvi.com\\\/fr\\\/wp-content\\\/uploads\\\/sites\\\/7\\\/2022\\\/02\\\/032050369.png\",\"width\":1000,\"height\":1000},{\"@type\":\"BreadcrumbList\",\"@id\":\"https:\\\/\\\/drasanvi.com\\\/fr\\\/producto\\\/oseogen-mobility\\\/#breadcrumb\",\"itemListElement\":[{\"@type\":\"ListItem\",\"position\":1,\"name\":\"Portada\",\"item\":\"https:\\\/\\\/drasanvi.com\\\/fr\\\/\"},{\"@type\":\"ListItem\",\"position\":2,\"name\":\"Tienda\",\"item\":\"https:\\\/\\\/drasanvi.com\\\/fr\\\/tienda\\\/\"},{\"@type\":\"ListItem\",\"position\":3,\"name\":\"Oseogen mobility\"}]},{\"@type\":\"WebSite\",\"@id\":\"https:\\\/\\\/drasanvi.com\\\/fr\\\/#website\",\"url\":\"https:\\\/\\\/drasanvi.com\\\/fr\\\/\",\"name\":\"Drasanvi Francia\",\"description\":\"L\u00edder en complementos alimenticios y cosm\u00e9tica natural.\",\"publisher\":{\"@id\":\"https:\\\/\\\/drasanvi.com\\\/fr\\\/#organization\"},\"potentialAction\":[{\"@type\":\"SearchAction\",\"target\":{\"@type\":\"EntryPoint\",\"urlTemplate\":\"https:\\\/\\\/drasanvi.com\\\/fr\\\/?s={search_term_string}\"},\"query-input\":{\"@type\":\"PropertyValueSpecification\",\"valueRequired\":true,\"valueName\":\"search_term_string\"}}],\"inLanguage\":\"fr-FR\"},{\"@type\":\"Organization\",\"@id\":\"https:\\\/\\\/drasanvi.com\\\/fr\\\/#organization\",\"name\":\"Drasanvi\",\"url\":\"https:\\\/\\\/drasanvi.com\\\/fr\\\/\",\"logo\":{\"@type\":\"ImageObject\",\"inLanguage\":\"fr-FR\",\"@id\":\"https:\\\/\\\/drasanvi.com\\\/fr\\\/#\\\/schema\\\/logo\\\/image\\\/\",\"url\":\"https:\\\/\\\/drasanvi.com\\\/wp-content\\\/uploads\\\/sites\\\/7\\\/2021\\\/07\\\/logo-drasanvi.png\",\"contentUrl\":\"https:\\\/\\\/drasanvi.com\\\/wp-content\\\/uploads\\\/sites\\\/7\\\/2021\\\/07\\\/logo-drasanvi.png\",\"width\":900,\"height\":300,\"caption\":\"Drasanvi\"},\"image\":{\"@id\":\"https:\\\/\\\/drasanvi.com\\\/fr\\\/#\\\/schema\\\/logo\\\/image\\\/\"}}]}<\/script>\n<!-- \/ Yoast SEO plugin. -->","yoast_head_json":{"title":"Oseogen mobility - Drasanvi Francia","robots":{"index":"index","follow":"follow","max-snippet":"max-snippet:-1","max-image-preview":"max-image-preview:large","max-video-preview":"max-video-preview:-1"},"canonical":"https:\/\/drasanvi.com\/fr\/producto\/oseogen-mobility\/","og_locale":"fr_FR","og_type":"article","og_title":"Oseogen mobility - Drasanvi Francia","og_description":"Oseogen mobility\u00a0 es un complemento alimenticio \u00fanico que incorpora en su composici\u00f3n nutrientes como el Col\u00e1geno Marino, la Condroitina, \u00a0el sulfato de glucosamina y la C\u00farcuma. Disponemos de estudios de biodisponibilidad, que\u00a0garantizan la asimilaci\u00f3n del producto. Ficha t\u00e9cnica","og_url":"https:\/\/drasanvi.com\/fr\/producto\/oseogen-mobility\/","og_site_name":"Drasanvi Francia","article_modified_time":"2022-03-15T14:51:57+00:00","og_image":[{"width":1000,"height":1000,"url":"https:\/\/drasanvi.com\/wp-content\/uploads\/sites\/7\/2022\/02\/032050369.png","type":"image\/png"}],"twitter_card":"summary_large_image","schema":{"@context":"https:\/\/schema.org","@graph":[{"@type":"WebPage","@id":"https:\/\/drasanvi.com\/fr\/producto\/oseogen-mobility\/","url":"https:\/\/drasanvi.com\/fr\/producto\/oseogen-mobility\/","name":"Oseogen mobility - Drasanvi Francia","isPartOf":{"@id":"https:\/\/drasanvi.com\/fr\/#website"},"primaryImageOfPage":{"@id":"https:\/\/drasanvi.com\/fr\/producto\/oseogen-mobility\/#primaryimage"},"image":{"@id":"https:\/\/drasanvi.com\/fr\/producto\/oseogen-mobility\/#primaryimage"},"thumbnailUrl":"https:\/\/drasanvi.com\/fr\/wp-content\/uploads\/sites\/7\/2022\/02\/032050369.png","datePublished":"2022-02-28T13:13:01+00:00","dateModified":"2022-03-15T14:51:57+00:00","breadcrumb":{"@id":"https:\/\/drasanvi.com\/fr\/producto\/oseogen-mobility\/#breadcrumb"},"inLanguage":"fr-FR","potentialAction":[{"@type":"ReadAction","target":["https:\/\/drasanvi.com\/fr\/producto\/oseogen-mobility\/"]}]},{"@type":"ImageObject","inLanguage":"fr-FR","@id":"https:\/\/drasanvi.com\/fr\/producto\/oseogen-mobility\/#primaryimage","url":"https:\/\/drasanvi.com\/fr\/wp-content\/uploads\/sites\/7\/2022\/02\/032050369.png","contentUrl":"https:\/\/drasanvi.com\/fr\/wp-content\/uploads\/sites\/7\/2022\/02\/032050369.png","width":1000,"height":1000},{"@type":"BreadcrumbList","@id":"https:\/\/drasanvi.com\/fr\/producto\/oseogen-mobility\/#breadcrumb","itemListElement":[{"@type":"ListItem","position":1,"name":"Portada","item":"https:\/\/drasanvi.com\/fr\/"},{"@type":"ListItem","position":2,"name":"Tienda","item":"https:\/\/drasanvi.com\/fr\/tienda\/"},{"@type":"ListItem","position":3,"name":"Oseogen mobility"}]},{"@type":"WebSite","@id":"https:\/\/drasanvi.com\/fr\/#website","url":"https:\/\/drasanvi.com\/fr\/","name":"Drasanvi Francia","description":"L\u00edder en complementos alimenticios y cosm\u00e9tica natural.","publisher":{"@id":"https:\/\/drasanvi.com\/fr\/#organization"},"potentialAction":[{"@type":"SearchAction","target":{"@type":"EntryPoint","urlTemplate":"https:\/\/drasanvi.com\/fr\/?s={search_term_string}"},"query-input":{"@type":"PropertyValueSpecification","valueRequired":true,"valueName":"search_term_string"}}],"inLanguage":"fr-FR"},{"@type":"Organization","@id":"https:\/\/drasanvi.com\/fr\/#organization","name":"Drasanvi","url":"https:\/\/drasanvi.com\/fr\/","logo":{"@type":"ImageObject","inLanguage":"fr-FR","@id":"https:\/\/drasanvi.com\/fr\/#\/schema\/logo\/image\/","url":"https:\/\/drasanvi.com\/wp-content\/uploads\/sites\/7\/2021\/07\/logo-drasanvi.png","contentUrl":"https:\/\/drasanvi.com\/wp-content\/uploads\/sites\/7\/2021\/07\/logo-drasanvi.png","width":900,"height":300,"caption":"Drasanvi"},"image":{"@id":"https:\/\/drasanvi.com\/fr\/#\/schema\/logo\/image\/"}}]}},"_links":{"self":[{"href":"https:\/\/drasanvi.com\/fr\/wp-json\/wp\/v2\/product\/12940","targetHints":{"allow":["GET"]}}],"collection":[{"href":"https:\/\/drasanvi.com\/fr\/wp-json\/wp\/v2\/product"}],"about":[{"href":"https:\/\/drasanvi.com\/fr\/wp-json\/wp\/v2\/types\/product"}],"version-history":[{"count":0,"href":"https:\/\/drasanvi.com\/fr\/wp-json\/wp\/v2\/product\/12940\/revisions"}],"wp:featuredmedia":[{"embeddable":true,"href":"https:\/\/drasanvi.com\/fr\/wp-json\/wp\/v2\/media\/20487"}],"wp:attachment":[{"href":"https:\/\/drasanvi.com\/fr\/wp-json\/wp\/v2\/media?parent=12940"}],"wp:term":[{"taxonomy":"product_cat","embeddable":true,"href":"https:\/\/drasanvi.com\/fr\/wp-json\/wp\/v2\/product_cat?post=12940"},{"taxonomy":"product_tag","embeddable":true,"href":"https:\/\/drasanvi.com\/fr\/wp-json\/wp\/v2\/product_tag?post=12940"}],"curies":[{"name":"wp","href":"https:\/\/api.w.org\/{rel}","templated":true}]}}