{"id":12931,"date":"2022-02-28T15:13:01","date_gmt":"2022-02-28T13:13:01","guid":{"rendered":"https:\/\/drasanvi.com\/fr\/?post_type=product&#038;p=12931"},"modified":"2022-03-15T16:53:28","modified_gmt":"2022-03-15T14:53:28","slug":"oseogen-rescue-gel","status":"publish","type":"product","link":"https:\/\/drasanvi.com\/fr\/producto\/oseogen-rescue-gel\/","title":{"rendered":"Oseogen Rescue Gel"},"content":{"rendered":"<h2>Ingredientes<\/h2>\n<p>Aqua,\u00a0Aloe Barbadensis\u00a0leaf extract*, Menthol,\u00a0Chamomilla Recutita\u00a0Extract,\u00a0Salvia Officinalis\u00a0Extract,\u00a0Rosmarinus officinalis\u00a0leaf extract*,\u00a0Olea Europaea\u00a0fruit extract*,\u00a0Cynnamomum zeylanicum\u00a0oil ,\u00a0Harpagophytum procumbens\u00a0extract,\u00a0Arnica montana\u00a0extract and maltodextrin, Triethanolamine, Carbomer, Sodium Dehydroacetate, Sodium Benzoate, Linalool, Limonene, Geraniol.*Ingredientes procedentes de agricultura ecol\u00f3gica.<\/p>\n<h2>Modo de uso<\/h2>\n<p>Aplicar directamente el roll-on sobre la zona a tratar. Masajear hasta su absorci\u00f3n para obtener una inmediata y duradera sensaci\u00f3n de bienestar y ligereza en la piel.<\/p>\n<h3>Presentaci\u00f3n<\/h3>\n<p>Envase de 60 ml (2.11 fl oz)<\/p>\n<h3>Advertencias<\/h3>\n<p>Producto cosm\u00e9tico. Uso externo. No ingerir. Evitar el contacto directo con los ojos. Mantener fuera del alcance de los ni\u00f1os.<\/p>\n<h2>Informaci\u00f3n adicional<\/h2>\n<p>Aqua, Aloe Barbadensis leaf extract*, Menthol, Chamomilla Recutita Extract, Salvia Officinalis Extract, Rosmarinus officinalis leaf extract*, Olea Europaea fruit extract*, Cynnamomum zeylanicum oil , Harpagophytum procumbens extract, Arnica montana extract and maltodextrin, Triethanolamine, Carbomer, Sodium Dehydroacetate, Sodium Benzoate, Linalool, Limonene, Geraniol.*Ingredientes procedentes de agricultura ecol\u00f3gica.<\/p>\n<p>Componente Acci\u00f3n Efecto Manzanilla Efecto analg\u00e9sico Aporta bienestar natural Salvia Propiedades antiinflamatorias Ayuda a aliviar las molestias musculares Romero Sus terpenos activan la circulaci\u00f3n Mejora la circulaci\u00f3n, actuando como analg\u00e9sico Aceite de oliva Hidratante Facilita la distribuci\u00f3n del producto y la asimilaci\u00f3n del mismo Aceite esencial de canela Estimulante del sistema circulatorio Mejora las sobrecargas musculares Harpag\u00f3fito Inhibe la formaci\u00f3n de las prostaglandinas-sintetasa que participan en procesos inflamatorios. Reduce la inflamaci\u00f3n \u00c1rnica Facilita el transporte de la sangre y la acumulaci\u00f3n de flu\u00eddo a trav\u00e9s de la acci\u00f3n de dilatar los capilares sangu\u00edneos subcut\u00e1neos. Mejora los hematomas y edemas<\/p>\n","protected":false},"excerpt":{"rendered":"<p>Oseogen roll-on con \u00e1rnica de Drasanvi\u00ae es un concentrado de extractos vegetales pensado para tratar de proporcionar una sensaci\u00f3n de bienestar natural. La combinaci\u00f3n de sus ingredientes permite obtener una acci\u00f3n localizada fr\u00edo\/calor. Para ello, lleva incorporado un pr\u00e1ctico dispensador en forma de roll-on.<br \/>\n<a id=\"boton-ficha\" href=\"https:\/\/panel.drasanvi.com\/fichas\/1\/032060013\" target=\"_blank\" rel=\"noopener\">Ficha t\u00e9cnica<\/a><\/p>\n","protected":false},"featured_media":20492,"template":"","meta":{"inline_featured_image":false},"product_cat":[94,101],"product_tag":[],"class_list":["post-12931","product","type-product","status-publish","has-post-thumbnail","hentry","product_cat-cosmetica","product_cat-huesos-articulaciones","pa_contiene-altramuces-no","pa_contiene-apio-no","pa_contiene-cacahuetes-no","pa_contiene-crustaceos-no","pa_contiene-frutos-secos-no","pa_contiene-huevo-no","pa_contiene-leche-no","pa_contiene-moluscos-no","pa_contiene-mostaza-no","pa_contiene-pescado-no","pa_contiene-sesamo-no","pa_contiene-soja-no","pa_producto-bio-no","pa_producto-sin-gluten-si","pa_producto-vegano-no","pa_producto-vegetariano-no"],"yoast_head":"<!-- This site is optimized with the Yoast SEO plugin v27.5 - https:\/\/yoast.com\/product\/yoast-seo-wordpress\/ -->\n<title>Oseogen Rescue Gel - Drasanvi Francia<\/title>\n<meta name=\"robots\" content=\"index, follow, max-snippet:-1, max-image-preview:large, max-video-preview:-1\" \/>\n<link rel=\"canonical\" href=\"https:\/\/drasanvi.com\/fr\/producto\/oseogen-rescue-gel\/\" \/>\n<meta property=\"og:locale\" content=\"fr_FR\" \/>\n<meta property=\"og:type\" content=\"article\" \/>\n<meta property=\"og:title\" content=\"Oseogen Rescue Gel - Drasanvi Francia\" \/>\n<meta property=\"og:description\" content=\"Oseogen roll-on con \u00e1rnica de Drasanvi\u00ae es un concentrado de extractos vegetales pensado para tratar de proporcionar una sensaci\u00f3n de bienestar natural. La combinaci\u00f3n de sus ingredientes permite obtener una acci\u00f3n localizada fr\u00edo\/calor. Para ello, lleva incorporado un pr\u00e1ctico dispensador en forma de roll-on. Ficha t\u00e9cnica\" \/>\n<meta property=\"og:url\" content=\"https:\/\/drasanvi.com\/fr\/producto\/oseogen-rescue-gel\/\" \/>\n<meta property=\"og:site_name\" content=\"Drasanvi Francia\" \/>\n<meta property=\"article:modified_time\" content=\"2022-03-15T14:53:28+00:00\" \/>\n<meta property=\"og:image\" content=\"https:\/\/drasanvi.com\/wp-content\/uploads\/sites\/7\/2022\/02\/032060013.png\" \/>\n\t<meta property=\"og:image:width\" content=\"1000\" \/>\n\t<meta property=\"og:image:height\" content=\"1000\" \/>\n\t<meta property=\"og:image:type\" content=\"image\/png\" \/>\n<meta name=\"twitter:card\" content=\"summary_large_image\" \/>\n<script type=\"application\/ld+json\" class=\"yoast-schema-graph\">{\"@context\":\"https:\\\/\\\/schema.org\",\"@graph\":[{\"@type\":\"WebPage\",\"@id\":\"https:\\\/\\\/drasanvi.com\\\/fr\\\/producto\\\/oseogen-rescue-gel\\\/\",\"url\":\"https:\\\/\\\/drasanvi.com\\\/fr\\\/producto\\\/oseogen-rescue-gel\\\/\",\"name\":\"Oseogen Rescue Gel - Drasanvi Francia\",\"isPartOf\":{\"@id\":\"https:\\\/\\\/drasanvi.com\\\/fr\\\/#website\"},\"primaryImageOfPage\":{\"@id\":\"https:\\\/\\\/drasanvi.com\\\/fr\\\/producto\\\/oseogen-rescue-gel\\\/#primaryimage\"},\"image\":{\"@id\":\"https:\\\/\\\/drasanvi.com\\\/fr\\\/producto\\\/oseogen-rescue-gel\\\/#primaryimage\"},\"thumbnailUrl\":\"https:\\\/\\\/drasanvi.com\\\/fr\\\/wp-content\\\/uploads\\\/sites\\\/7\\\/2022\\\/02\\\/032060013.png\",\"datePublished\":\"2022-02-28T13:13:01+00:00\",\"dateModified\":\"2022-03-15T14:53:28+00:00\",\"breadcrumb\":{\"@id\":\"https:\\\/\\\/drasanvi.com\\\/fr\\\/producto\\\/oseogen-rescue-gel\\\/#breadcrumb\"},\"inLanguage\":\"fr-FR\",\"potentialAction\":[{\"@type\":\"ReadAction\",\"target\":[\"https:\\\/\\\/drasanvi.com\\\/fr\\\/producto\\\/oseogen-rescue-gel\\\/\"]}]},{\"@type\":\"ImageObject\",\"inLanguage\":\"fr-FR\",\"@id\":\"https:\\\/\\\/drasanvi.com\\\/fr\\\/producto\\\/oseogen-rescue-gel\\\/#primaryimage\",\"url\":\"https:\\\/\\\/drasanvi.com\\\/fr\\\/wp-content\\\/uploads\\\/sites\\\/7\\\/2022\\\/02\\\/032060013.png\",\"contentUrl\":\"https:\\\/\\\/drasanvi.com\\\/fr\\\/wp-content\\\/uploads\\\/sites\\\/7\\\/2022\\\/02\\\/032060013.png\",\"width\":1000,\"height\":1000},{\"@type\":\"BreadcrumbList\",\"@id\":\"https:\\\/\\\/drasanvi.com\\\/fr\\\/producto\\\/oseogen-rescue-gel\\\/#breadcrumb\",\"itemListElement\":[{\"@type\":\"ListItem\",\"position\":1,\"name\":\"Portada\",\"item\":\"https:\\\/\\\/drasanvi.com\\\/fr\\\/\"},{\"@type\":\"ListItem\",\"position\":2,\"name\":\"Tienda\",\"item\":\"https:\\\/\\\/drasanvi.com\\\/fr\\\/tienda\\\/\"},{\"@type\":\"ListItem\",\"position\":3,\"name\":\"Oseogen Rescue Gel\"}]},{\"@type\":\"WebSite\",\"@id\":\"https:\\\/\\\/drasanvi.com\\\/fr\\\/#website\",\"url\":\"https:\\\/\\\/drasanvi.com\\\/fr\\\/\",\"name\":\"Drasanvi Francia\",\"description\":\"L\u00edder en complementos alimenticios y cosm\u00e9tica natural.\",\"publisher\":{\"@id\":\"https:\\\/\\\/drasanvi.com\\\/fr\\\/#organization\"},\"potentialAction\":[{\"@type\":\"SearchAction\",\"target\":{\"@type\":\"EntryPoint\",\"urlTemplate\":\"https:\\\/\\\/drasanvi.com\\\/fr\\\/?s={search_term_string}\"},\"query-input\":{\"@type\":\"PropertyValueSpecification\",\"valueRequired\":true,\"valueName\":\"search_term_string\"}}],\"inLanguage\":\"fr-FR\"},{\"@type\":\"Organization\",\"@id\":\"https:\\\/\\\/drasanvi.com\\\/fr\\\/#organization\",\"name\":\"Drasanvi\",\"url\":\"https:\\\/\\\/drasanvi.com\\\/fr\\\/\",\"logo\":{\"@type\":\"ImageObject\",\"inLanguage\":\"fr-FR\",\"@id\":\"https:\\\/\\\/drasanvi.com\\\/fr\\\/#\\\/schema\\\/logo\\\/image\\\/\",\"url\":\"https:\\\/\\\/drasanvi.com\\\/wp-content\\\/uploads\\\/sites\\\/7\\\/2021\\\/07\\\/logo-drasanvi.png\",\"contentUrl\":\"https:\\\/\\\/drasanvi.com\\\/wp-content\\\/uploads\\\/sites\\\/7\\\/2021\\\/07\\\/logo-drasanvi.png\",\"width\":900,\"height\":300,\"caption\":\"Drasanvi\"},\"image\":{\"@id\":\"https:\\\/\\\/drasanvi.com\\\/fr\\\/#\\\/schema\\\/logo\\\/image\\\/\"}}]}<\/script>\n<!-- \/ Yoast SEO plugin. -->","yoast_head_json":{"title":"Oseogen Rescue Gel - Drasanvi Francia","robots":{"index":"index","follow":"follow","max-snippet":"max-snippet:-1","max-image-preview":"max-image-preview:large","max-video-preview":"max-video-preview:-1"},"canonical":"https:\/\/drasanvi.com\/fr\/producto\/oseogen-rescue-gel\/","og_locale":"fr_FR","og_type":"article","og_title":"Oseogen Rescue Gel - Drasanvi Francia","og_description":"Oseogen roll-on con \u00e1rnica de Drasanvi\u00ae es un concentrado de extractos vegetales pensado para tratar de proporcionar una sensaci\u00f3n de bienestar natural. La combinaci\u00f3n de sus ingredientes permite obtener una acci\u00f3n localizada fr\u00edo\/calor. Para ello, lleva incorporado un pr\u00e1ctico dispensador en forma de roll-on. Ficha t\u00e9cnica","og_url":"https:\/\/drasanvi.com\/fr\/producto\/oseogen-rescue-gel\/","og_site_name":"Drasanvi Francia","article_modified_time":"2022-03-15T14:53:28+00:00","og_image":[{"width":1000,"height":1000,"url":"https:\/\/drasanvi.com\/wp-content\/uploads\/sites\/7\/2022\/02\/032060013.png","type":"image\/png"}],"twitter_card":"summary_large_image","schema":{"@context":"https:\/\/schema.org","@graph":[{"@type":"WebPage","@id":"https:\/\/drasanvi.com\/fr\/producto\/oseogen-rescue-gel\/","url":"https:\/\/drasanvi.com\/fr\/producto\/oseogen-rescue-gel\/","name":"Oseogen Rescue Gel - Drasanvi Francia","isPartOf":{"@id":"https:\/\/drasanvi.com\/fr\/#website"},"primaryImageOfPage":{"@id":"https:\/\/drasanvi.com\/fr\/producto\/oseogen-rescue-gel\/#primaryimage"},"image":{"@id":"https:\/\/drasanvi.com\/fr\/producto\/oseogen-rescue-gel\/#primaryimage"},"thumbnailUrl":"https:\/\/drasanvi.com\/fr\/wp-content\/uploads\/sites\/7\/2022\/02\/032060013.png","datePublished":"2022-02-28T13:13:01+00:00","dateModified":"2022-03-15T14:53:28+00:00","breadcrumb":{"@id":"https:\/\/drasanvi.com\/fr\/producto\/oseogen-rescue-gel\/#breadcrumb"},"inLanguage":"fr-FR","potentialAction":[{"@type":"ReadAction","target":["https:\/\/drasanvi.com\/fr\/producto\/oseogen-rescue-gel\/"]}]},{"@type":"ImageObject","inLanguage":"fr-FR","@id":"https:\/\/drasanvi.com\/fr\/producto\/oseogen-rescue-gel\/#primaryimage","url":"https:\/\/drasanvi.com\/fr\/wp-content\/uploads\/sites\/7\/2022\/02\/032060013.png","contentUrl":"https:\/\/drasanvi.com\/fr\/wp-content\/uploads\/sites\/7\/2022\/02\/032060013.png","width":1000,"height":1000},{"@type":"BreadcrumbList","@id":"https:\/\/drasanvi.com\/fr\/producto\/oseogen-rescue-gel\/#breadcrumb","itemListElement":[{"@type":"ListItem","position":1,"name":"Portada","item":"https:\/\/drasanvi.com\/fr\/"},{"@type":"ListItem","position":2,"name":"Tienda","item":"https:\/\/drasanvi.com\/fr\/tienda\/"},{"@type":"ListItem","position":3,"name":"Oseogen Rescue Gel"}]},{"@type":"WebSite","@id":"https:\/\/drasanvi.com\/fr\/#website","url":"https:\/\/drasanvi.com\/fr\/","name":"Drasanvi Francia","description":"L\u00edder en complementos alimenticios y cosm\u00e9tica natural.","publisher":{"@id":"https:\/\/drasanvi.com\/fr\/#organization"},"potentialAction":[{"@type":"SearchAction","target":{"@type":"EntryPoint","urlTemplate":"https:\/\/drasanvi.com\/fr\/?s={search_term_string}"},"query-input":{"@type":"PropertyValueSpecification","valueRequired":true,"valueName":"search_term_string"}}],"inLanguage":"fr-FR"},{"@type":"Organization","@id":"https:\/\/drasanvi.com\/fr\/#organization","name":"Drasanvi","url":"https:\/\/drasanvi.com\/fr\/","logo":{"@type":"ImageObject","inLanguage":"fr-FR","@id":"https:\/\/drasanvi.com\/fr\/#\/schema\/logo\/image\/","url":"https:\/\/drasanvi.com\/wp-content\/uploads\/sites\/7\/2021\/07\/logo-drasanvi.png","contentUrl":"https:\/\/drasanvi.com\/wp-content\/uploads\/sites\/7\/2021\/07\/logo-drasanvi.png","width":900,"height":300,"caption":"Drasanvi"},"image":{"@id":"https:\/\/drasanvi.com\/fr\/#\/schema\/logo\/image\/"}}]}},"_links":{"self":[{"href":"https:\/\/drasanvi.com\/fr\/wp-json\/wp\/v2\/product\/12931","targetHints":{"allow":["GET"]}}],"collection":[{"href":"https:\/\/drasanvi.com\/fr\/wp-json\/wp\/v2\/product"}],"about":[{"href":"https:\/\/drasanvi.com\/fr\/wp-json\/wp\/v2\/types\/product"}],"version-history":[{"count":0,"href":"https:\/\/drasanvi.com\/fr\/wp-json\/wp\/v2\/product\/12931\/revisions"}],"wp:featuredmedia":[{"embeddable":true,"href":"https:\/\/drasanvi.com\/fr\/wp-json\/wp\/v2\/media\/20492"}],"wp:attachment":[{"href":"https:\/\/drasanvi.com\/fr\/wp-json\/wp\/v2\/media?parent=12931"}],"wp:term":[{"taxonomy":"product_cat","embeddable":true,"href":"https:\/\/drasanvi.com\/fr\/wp-json\/wp\/v2\/product_cat?post=12931"},{"taxonomy":"product_tag","embeddable":true,"href":"https:\/\/drasanvi.com\/fr\/wp-json\/wp\/v2\/product_tag?post=12931"}],"curies":[{"name":"wp","href":"https:\/\/api.w.org\/{rel}","templated":true}]}}