{"id":12869,"date":"2022-02-28T15:00:22","date_gmt":"2022-02-28T13:00:22","guid":{"rendered":"https:\/\/drasanvi.com\/fr\/?post_type=product&#038;p=12869"},"modified":"2022-03-15T16:33:57","modified_gmt":"2022-03-15T14:33:57","slug":"botanical-bio-harpagofito","status":"publish","type":"product","link":"https:\/\/drasanvi.com\/fr\/producto\/botanical-bio-harpagofito\/","title":{"rendered":"Botanical Bio &#8211; Harpagofito"},"content":{"rendered":"<h2>Ingredientes<\/h2>\n<p>Ingredientes Cantidad\/ dosis diaria Extracto Glicerinado Bio de Harpagofito*Harpagophytum procumbens DC ratio 1:3Harpag\u00f3sidos 3,6 mg 3 ml.10,8mg *Procedente de agricultura ecol\u00f3gica. Sin colorantes, conservantes, edulcorantes, ni az\u00facares a\u00f1adidos.<\/p>\n<h2>Modo de uso<\/h2>\n<p>Tomar 1 ml (aproximadamente, 28 gotas) diluido en agua tres veces al d\u00eda, preferiblemente antes de las principales comidas.<\/p>\n<h3>Presentaci\u00f3n<\/h3>\n<p>Frasco de cristal de 50ml (1,75 fl oz).<\/p>\n<h3>Advertencias<\/h3>\n<p>Debido a su car\u00e1cter Bio, por ende no lleva conservantes, recomendamos una vez abierto, cerrar bien el envase, guardarlo en la nevera y consumir antes de un mes.No superar la dosis diaria expresamente recomendada; Los complementos alimenticios no deben utilizarse como sustituto de una dieta equilibrada; Mantener fuera del alcance de los ni\u00f1os m\u00e1s peque\u00f1os. Conservar en un lugar fresco y seco.<\/p>\n<h2>Informaci\u00f3n adicional<\/h2>\n<p>Ingredientes Descripci\u00f3n Cantidad\/ dosis diaria Extracto Glicerinado Bio de Harpagofito* (Harpagophytum procumbens DC. Ratio 1:3, Harp\u00e1gosidos 3,6 mg) 3 ml *Procedente de agricultura ecol\u00f3gica.<\/p>\n","protected":false},"excerpt":{"rendered":"<p>El Harpagofito (Harpagophytum procumbens) es una planta con hojas dentadas, fruto en forma de garra que se engancha al pelo de los animales para mejorar su dispersi\u00f3n y profundas ra\u00edces que penetran en la tierra, de ah\u00ed que se denomine com\u00fanmente Garra del Diablo. Conocidas son sus propiedades por varias civilizaciones, como los bosquimanos que lo han utilizado durante a\u00f1os. Posteriormente, en 1960 llega a Europa, donde se comienza a utilizar ampliamente. Hemos seleccionado un extracto glicerinado de Harpagofito con un ratio 1:3. Esto significa que por cada gramo de extracto se han utilizado 3 gramos de planta. Nuestro extracto glicerinado de Harpagofito est\u00e1 titulado en Harpag\u00f3sidos 3,6 mg\/ ml, aportando 10,8 mg al d\u00eda.<br \/>\n<a id=\"boton-ficha\" href=\"https:\/\/panel.drasanvi.com\/fichas\/1\/032050198\" target=\"_blank\" rel=\"noopener\">Ficha t\u00e9cnica<\/a><\/p>\n","protected":false},"featured_media":19801,"template":"","meta":{"inline_featured_image":false},"product_cat":[101],"product_tag":[],"class_list":["post-12869","product","type-product","status-publish","has-post-thumbnail","hentry","product_cat-huesos-articulaciones","pa_contiene-altramuces-no","pa_contiene-apio-no","pa_contiene-cacahuetes-no","pa_contiene-crustaceos-no","pa_contiene-frutos-secos-no","pa_contiene-huevo-no","pa_contiene-leche-no","pa_contiene-moluscos-no","pa_contiene-mostaza-no","pa_contiene-pescado-no","pa_contiene-sesamo-no","pa_contiene-soja-no","pa_producto-bio-si","pa_producto-sin-gluten-si","pa_producto-vegano-si","pa_producto-vegetariano-no"],"yoast_head":"<!-- This site is optimized with the Yoast SEO plugin v27.5 - https:\/\/yoast.com\/product\/yoast-seo-wordpress\/ -->\n<title>Botanical Bio - Harpagofito - Drasanvi Francia<\/title>\n<meta name=\"robots\" content=\"index, follow, max-snippet:-1, max-image-preview:large, max-video-preview:-1\" \/>\n<link rel=\"canonical\" href=\"https:\/\/drasanvi.com\/fr\/producto\/botanical-bio-harpagofito\/\" \/>\n<meta property=\"og:locale\" content=\"fr_FR\" \/>\n<meta property=\"og:type\" content=\"article\" \/>\n<meta property=\"og:title\" content=\"Botanical Bio - Harpagofito - Drasanvi Francia\" \/>\n<meta property=\"og:description\" content=\"El Harpagofito (Harpagophytum procumbens) es una planta con hojas dentadas, fruto en forma de garra que se engancha al pelo de los animales para mejorar su dispersi\u00f3n y profundas ra\u00edces que penetran en la tierra, de ah\u00ed que se denomine com\u00fanmente Garra del Diablo. Conocidas son sus propiedades por varias civilizaciones, como los bosquimanos que lo han utilizado durante a\u00f1os. Posteriormente, en 1960 llega a Europa, donde se comienza a utilizar ampliamente. Hemos seleccionado un extracto glicerinado de Harpagofito con un ratio 1:3. Esto significa que por cada gramo de extracto se han utilizado 3 gramos de planta. Nuestro extracto glicerinado de Harpagofito est\u00e1 titulado en Harpag\u00f3sidos 3,6 mg\/ ml, aportando 10,8 mg al d\u00eda. Ficha t\u00e9cnica\" \/>\n<meta property=\"og:url\" content=\"https:\/\/drasanvi.com\/fr\/producto\/botanical-bio-harpagofito\/\" \/>\n<meta property=\"og:site_name\" content=\"Drasanvi Francia\" \/>\n<meta property=\"article:modified_time\" content=\"2022-03-15T14:33:57+00:00\" \/>\n<meta property=\"og:image\" content=\"https:\/\/drasanvi.com\/wp-content\/uploads\/sites\/7\/2022\/02\/032050198.png\" \/>\n\t<meta property=\"og:image:width\" content=\"1000\" \/>\n\t<meta property=\"og:image:height\" content=\"1000\" \/>\n\t<meta property=\"og:image:type\" content=\"image\/png\" \/>\n<meta name=\"twitter:card\" content=\"summary_large_image\" \/>\n<script type=\"application\/ld+json\" class=\"yoast-schema-graph\">{\"@context\":\"https:\\\/\\\/schema.org\",\"@graph\":[{\"@type\":\"WebPage\",\"@id\":\"https:\\\/\\\/drasanvi.com\\\/fr\\\/producto\\\/botanical-bio-harpagofito\\\/\",\"url\":\"https:\\\/\\\/drasanvi.com\\\/fr\\\/producto\\\/botanical-bio-harpagofito\\\/\",\"name\":\"Botanical Bio - Harpagofito - Drasanvi Francia\",\"isPartOf\":{\"@id\":\"https:\\\/\\\/drasanvi.com\\\/fr\\\/#website\"},\"primaryImageOfPage\":{\"@id\":\"https:\\\/\\\/drasanvi.com\\\/fr\\\/producto\\\/botanical-bio-harpagofito\\\/#primaryimage\"},\"image\":{\"@id\":\"https:\\\/\\\/drasanvi.com\\\/fr\\\/producto\\\/botanical-bio-harpagofito\\\/#primaryimage\"},\"thumbnailUrl\":\"https:\\\/\\\/drasanvi.com\\\/fr\\\/wp-content\\\/uploads\\\/sites\\\/7\\\/2022\\\/02\\\/032050198.png\",\"datePublished\":\"2022-02-28T13:00:22+00:00\",\"dateModified\":\"2022-03-15T14:33:57+00:00\",\"breadcrumb\":{\"@id\":\"https:\\\/\\\/drasanvi.com\\\/fr\\\/producto\\\/botanical-bio-harpagofito\\\/#breadcrumb\"},\"inLanguage\":\"fr-FR\",\"potentialAction\":[{\"@type\":\"ReadAction\",\"target\":[\"https:\\\/\\\/drasanvi.com\\\/fr\\\/producto\\\/botanical-bio-harpagofito\\\/\"]}]},{\"@type\":\"ImageObject\",\"inLanguage\":\"fr-FR\",\"@id\":\"https:\\\/\\\/drasanvi.com\\\/fr\\\/producto\\\/botanical-bio-harpagofito\\\/#primaryimage\",\"url\":\"https:\\\/\\\/drasanvi.com\\\/fr\\\/wp-content\\\/uploads\\\/sites\\\/7\\\/2022\\\/02\\\/032050198.png\",\"contentUrl\":\"https:\\\/\\\/drasanvi.com\\\/fr\\\/wp-content\\\/uploads\\\/sites\\\/7\\\/2022\\\/02\\\/032050198.png\",\"width\":1000,\"height\":1000},{\"@type\":\"BreadcrumbList\",\"@id\":\"https:\\\/\\\/drasanvi.com\\\/fr\\\/producto\\\/botanical-bio-harpagofito\\\/#breadcrumb\",\"itemListElement\":[{\"@type\":\"ListItem\",\"position\":1,\"name\":\"Portada\",\"item\":\"https:\\\/\\\/drasanvi.com\\\/fr\\\/\"},{\"@type\":\"ListItem\",\"position\":2,\"name\":\"Tienda\",\"item\":\"https:\\\/\\\/drasanvi.com\\\/fr\\\/tienda\\\/\"},{\"@type\":\"ListItem\",\"position\":3,\"name\":\"Botanical Bio &#8211; Harpagofito\"}]},{\"@type\":\"WebSite\",\"@id\":\"https:\\\/\\\/drasanvi.com\\\/fr\\\/#website\",\"url\":\"https:\\\/\\\/drasanvi.com\\\/fr\\\/\",\"name\":\"Drasanvi Francia\",\"description\":\"L\u00edder en complementos alimenticios y cosm\u00e9tica natural.\",\"publisher\":{\"@id\":\"https:\\\/\\\/drasanvi.com\\\/fr\\\/#organization\"},\"potentialAction\":[{\"@type\":\"SearchAction\",\"target\":{\"@type\":\"EntryPoint\",\"urlTemplate\":\"https:\\\/\\\/drasanvi.com\\\/fr\\\/?s={search_term_string}\"},\"query-input\":{\"@type\":\"PropertyValueSpecification\",\"valueRequired\":true,\"valueName\":\"search_term_string\"}}],\"inLanguage\":\"fr-FR\"},{\"@type\":\"Organization\",\"@id\":\"https:\\\/\\\/drasanvi.com\\\/fr\\\/#organization\",\"name\":\"Drasanvi\",\"url\":\"https:\\\/\\\/drasanvi.com\\\/fr\\\/\",\"logo\":{\"@type\":\"ImageObject\",\"inLanguage\":\"fr-FR\",\"@id\":\"https:\\\/\\\/drasanvi.com\\\/fr\\\/#\\\/schema\\\/logo\\\/image\\\/\",\"url\":\"https:\\\/\\\/drasanvi.com\\\/wp-content\\\/uploads\\\/sites\\\/7\\\/2021\\\/07\\\/logo-drasanvi.png\",\"contentUrl\":\"https:\\\/\\\/drasanvi.com\\\/wp-content\\\/uploads\\\/sites\\\/7\\\/2021\\\/07\\\/logo-drasanvi.png\",\"width\":900,\"height\":300,\"caption\":\"Drasanvi\"},\"image\":{\"@id\":\"https:\\\/\\\/drasanvi.com\\\/fr\\\/#\\\/schema\\\/logo\\\/image\\\/\"}}]}<\/script>\n<!-- \/ Yoast SEO plugin. -->","yoast_head_json":{"title":"Botanical Bio - Harpagofito - Drasanvi Francia","robots":{"index":"index","follow":"follow","max-snippet":"max-snippet:-1","max-image-preview":"max-image-preview:large","max-video-preview":"max-video-preview:-1"},"canonical":"https:\/\/drasanvi.com\/fr\/producto\/botanical-bio-harpagofito\/","og_locale":"fr_FR","og_type":"article","og_title":"Botanical Bio - Harpagofito - Drasanvi Francia","og_description":"El Harpagofito (Harpagophytum procumbens) es una planta con hojas dentadas, fruto en forma de garra que se engancha al pelo de los animales para mejorar su dispersi\u00f3n y profundas ra\u00edces que penetran en la tierra, de ah\u00ed que se denomine com\u00fanmente Garra del Diablo. Conocidas son sus propiedades por varias civilizaciones, como los bosquimanos que lo han utilizado durante a\u00f1os. Posteriormente, en 1960 llega a Europa, donde se comienza a utilizar ampliamente. Hemos seleccionado un extracto glicerinado de Harpagofito con un ratio 1:3. Esto significa que por cada gramo de extracto se han utilizado 3 gramos de planta. Nuestro extracto glicerinado de Harpagofito est\u00e1 titulado en Harpag\u00f3sidos 3,6 mg\/ ml, aportando 10,8 mg al d\u00eda. Ficha t\u00e9cnica","og_url":"https:\/\/drasanvi.com\/fr\/producto\/botanical-bio-harpagofito\/","og_site_name":"Drasanvi Francia","article_modified_time":"2022-03-15T14:33:57+00:00","og_image":[{"width":1000,"height":1000,"url":"https:\/\/drasanvi.com\/wp-content\/uploads\/sites\/7\/2022\/02\/032050198.png","type":"image\/png"}],"twitter_card":"summary_large_image","schema":{"@context":"https:\/\/schema.org","@graph":[{"@type":"WebPage","@id":"https:\/\/drasanvi.com\/fr\/producto\/botanical-bio-harpagofito\/","url":"https:\/\/drasanvi.com\/fr\/producto\/botanical-bio-harpagofito\/","name":"Botanical Bio - Harpagofito - Drasanvi Francia","isPartOf":{"@id":"https:\/\/drasanvi.com\/fr\/#website"},"primaryImageOfPage":{"@id":"https:\/\/drasanvi.com\/fr\/producto\/botanical-bio-harpagofito\/#primaryimage"},"image":{"@id":"https:\/\/drasanvi.com\/fr\/producto\/botanical-bio-harpagofito\/#primaryimage"},"thumbnailUrl":"https:\/\/drasanvi.com\/fr\/wp-content\/uploads\/sites\/7\/2022\/02\/032050198.png","datePublished":"2022-02-28T13:00:22+00:00","dateModified":"2022-03-15T14:33:57+00:00","breadcrumb":{"@id":"https:\/\/drasanvi.com\/fr\/producto\/botanical-bio-harpagofito\/#breadcrumb"},"inLanguage":"fr-FR","potentialAction":[{"@type":"ReadAction","target":["https:\/\/drasanvi.com\/fr\/producto\/botanical-bio-harpagofito\/"]}]},{"@type":"ImageObject","inLanguage":"fr-FR","@id":"https:\/\/drasanvi.com\/fr\/producto\/botanical-bio-harpagofito\/#primaryimage","url":"https:\/\/drasanvi.com\/fr\/wp-content\/uploads\/sites\/7\/2022\/02\/032050198.png","contentUrl":"https:\/\/drasanvi.com\/fr\/wp-content\/uploads\/sites\/7\/2022\/02\/032050198.png","width":1000,"height":1000},{"@type":"BreadcrumbList","@id":"https:\/\/drasanvi.com\/fr\/producto\/botanical-bio-harpagofito\/#breadcrumb","itemListElement":[{"@type":"ListItem","position":1,"name":"Portada","item":"https:\/\/drasanvi.com\/fr\/"},{"@type":"ListItem","position":2,"name":"Tienda","item":"https:\/\/drasanvi.com\/fr\/tienda\/"},{"@type":"ListItem","position":3,"name":"Botanical Bio &#8211; Harpagofito"}]},{"@type":"WebSite","@id":"https:\/\/drasanvi.com\/fr\/#website","url":"https:\/\/drasanvi.com\/fr\/","name":"Drasanvi Francia","description":"L\u00edder en complementos alimenticios y cosm\u00e9tica natural.","publisher":{"@id":"https:\/\/drasanvi.com\/fr\/#organization"},"potentialAction":[{"@type":"SearchAction","target":{"@type":"EntryPoint","urlTemplate":"https:\/\/drasanvi.com\/fr\/?s={search_term_string}"},"query-input":{"@type":"PropertyValueSpecification","valueRequired":true,"valueName":"search_term_string"}}],"inLanguage":"fr-FR"},{"@type":"Organization","@id":"https:\/\/drasanvi.com\/fr\/#organization","name":"Drasanvi","url":"https:\/\/drasanvi.com\/fr\/","logo":{"@type":"ImageObject","inLanguage":"fr-FR","@id":"https:\/\/drasanvi.com\/fr\/#\/schema\/logo\/image\/","url":"https:\/\/drasanvi.com\/wp-content\/uploads\/sites\/7\/2021\/07\/logo-drasanvi.png","contentUrl":"https:\/\/drasanvi.com\/wp-content\/uploads\/sites\/7\/2021\/07\/logo-drasanvi.png","width":900,"height":300,"caption":"Drasanvi"},"image":{"@id":"https:\/\/drasanvi.com\/fr\/#\/schema\/logo\/image\/"}}]}},"_links":{"self":[{"href":"https:\/\/drasanvi.com\/fr\/wp-json\/wp\/v2\/product\/12869","targetHints":{"allow":["GET"]}}],"collection":[{"href":"https:\/\/drasanvi.com\/fr\/wp-json\/wp\/v2\/product"}],"about":[{"href":"https:\/\/drasanvi.com\/fr\/wp-json\/wp\/v2\/types\/product"}],"version-history":[{"count":0,"href":"https:\/\/drasanvi.com\/fr\/wp-json\/wp\/v2\/product\/12869\/revisions"}],"wp:featuredmedia":[{"embeddable":true,"href":"https:\/\/drasanvi.com\/fr\/wp-json\/wp\/v2\/media\/19801"}],"wp:attachment":[{"href":"https:\/\/drasanvi.com\/fr\/wp-json\/wp\/v2\/media?parent=12869"}],"wp:term":[{"taxonomy":"product_cat","embeddable":true,"href":"https:\/\/drasanvi.com\/fr\/wp-json\/wp\/v2\/product_cat?post=12869"},{"taxonomy":"product_tag","embeddable":true,"href":"https:\/\/drasanvi.com\/fr\/wp-json\/wp\/v2\/product_tag?post=12869"}],"curies":[{"name":"wp","href":"https:\/\/api.w.org\/{rel}","templated":true}]}}