{"id":12862,"date":"2022-02-28T15:00:22","date_gmt":"2022-02-28T13:00:22","guid":{"rendered":"https:\/\/drasanvi.com\/fr\/?post_type=product&#038;p=12862"},"modified":"2022-03-15T16:33:44","modified_gmt":"2022-03-15T14:33:44","slug":"botanical-bio-ginkgo","status":"publish","type":"product","link":"https:\/\/drasanvi.com\/fr\/producto\/botanical-bio-ginkgo\/","title":{"rendered":"Botanical Bio &#8211; Ginkgo"},"content":{"rendered":"<h2>Ingredientes<\/h2>\n<p>Ingrediente Cantidad\/ dosis diaria Extracto Glicerinado Bio de Ginkgo Biloba*Ginkgo biloba L. Ratio 1:24 Glic\u00f3sidos de flavonol 5 mg\/ ml 3 ml . 15 mg *Procedente de agricultura ecol\u00f3gica. Sin colorantes, conservantes, edulcorantes ni az\u00facares a\u00f1adidos.<\/p>\n<h2>Modo de uso<\/h2>\n<p>Tomar 1 ml (aproximadamente 28 gotas) diluido en agua tres veces al d\u00eda, preferiblemente, antes de las principales comidas.<\/p>\n<h3>Presentaci\u00f3n<\/h3>\n<p>Frasco de cristal de 50ml (1,75 fl oz).<\/p>\n<h3>Advertencias<\/h3>\n<p>Complemento alimenticio a base de planta. Debido a su car\u00e1cter Bio, por ende no lleva conservantes, recomendamos una vez abierto, cerrar bien el envase, guardarlo en la nevera y consumir antes de un mes. Consulte con su m\u00e9dico en caso de toma simult\u00e1nea de anticoagulantes. No superar la dosis diaria expresamente recomendada; Los complementos alimenticios no deben utilizarse como sustituto de una dieta equilibrada; Mantener fuera del alcance de los ni\u00f1os m\u00e1s peque\u00f1os. Conservar en un lugar fresco y seco.<\/p>\n<h2>Informaci\u00f3n adicional<\/h2>\n<p>Ingrediente Descripci\u00f3n Cantidad\/ dosis diaria Extracto Glicerinado Bio de Gingko* (Gingko biloba. Ratio 1:24, Glic\u00f3sidos de flavonol 5 mg\/ml) 3 ml Procedente de agricultura ecol\u00f3gica.<\/p>\n","protected":false},"excerpt":{"rendered":"<p>El Ginkgo (Ginkgo biloba) es un\u00a0\u00e1rbol exclusivo en el mundo, ya que\u00a0es el \u00fanico representante vivo del orden de las Ginkgoales, un grupo de gimnospermas compuesto por la familia Ginkgoaceae, que data de la era del jur\u00e1sico (270 millones de a\u00f1os atr\u00e1s). Utilizado desde hace siglos en la medicina tradicional china, japonesa e Ind\u00fa. \u00a0Este \u00e1rbol es rico en Glic\u00f3sidos de flavonol y en lactonas.\u00a0 Hemos seleccionado un extracto glicerinado de Ginkgo con un ratio 1:24. Esto significa que por cada gramo de extracto se han utilizado 24 gramos de planta. Nuestro extracto glicerinado de Ginkgo Biloba est\u00e1 titulado en Glic\u00f3sidos de flavonol 5 mg\/ ml, aportando 15 mg al d\u00eda.<br \/>\n<a id=\"boton-ficha\" href=\"https:\/\/panel.drasanvi.com\/fichas\/1\/032050196\" target=\"_blank\" rel=\"noopener\">Ficha t\u00e9cnica<\/a><\/p>\n","protected":false},"featured_media":19796,"template":"","meta":{"inline_featured_image":false},"product_cat":[93],"product_tag":[],"class_list":["post-12862","product","type-product","status-publish","has-post-thumbnail","hentry","product_cat-circulacion","pa_contiene-altramuces-no","pa_contiene-apio-no","pa_contiene-cacahuetes-no","pa_contiene-crustaceos-no","pa_contiene-frutos-secos-no","pa_contiene-huevo-no","pa_contiene-leche-no","pa_contiene-moluscos-no","pa_contiene-mostaza-no","pa_contiene-pescado-no","pa_contiene-sesamo-no","pa_contiene-soja-no","pa_producto-bio-si","pa_producto-sin-gluten-si","pa_producto-vegano-si","pa_producto-vegetariano-no"],"yoast_head":"<!-- This site is optimized with the Yoast SEO plugin v27.5 - https:\/\/yoast.com\/product\/yoast-seo-wordpress\/ -->\n<title>Botanical Bio - Ginkgo - Drasanvi Francia<\/title>\n<meta name=\"robots\" content=\"index, follow, max-snippet:-1, max-image-preview:large, max-video-preview:-1\" \/>\n<link rel=\"canonical\" href=\"https:\/\/drasanvi.com\/fr\/producto\/botanical-bio-ginkgo\/\" \/>\n<meta property=\"og:locale\" content=\"fr_FR\" \/>\n<meta property=\"og:type\" content=\"article\" \/>\n<meta property=\"og:title\" content=\"Botanical Bio - Ginkgo - Drasanvi Francia\" \/>\n<meta property=\"og:description\" content=\"El Ginkgo (Ginkgo biloba) es un\u00a0\u00e1rbol exclusivo en el mundo, ya que\u00a0es el \u00fanico representante vivo del orden de las Ginkgoales, un grupo de gimnospermas compuesto por la familia Ginkgoaceae, que data de la era del jur\u00e1sico (270 millones de a\u00f1os atr\u00e1s). Utilizado desde hace siglos en la medicina tradicional china, japonesa e Ind\u00fa. \u00a0Este \u00e1rbol es rico en Glic\u00f3sidos de flavonol y en lactonas.\u00a0 Hemos seleccionado un extracto glicerinado de Ginkgo con un ratio 1:24. Esto significa que por cada gramo de extracto se han utilizado 24 gramos de planta. Nuestro extracto glicerinado de Ginkgo Biloba est\u00e1 titulado en Glic\u00f3sidos de flavonol 5 mg\/ ml, aportando 15 mg al d\u00eda. Ficha t\u00e9cnica\" \/>\n<meta property=\"og:url\" content=\"https:\/\/drasanvi.com\/fr\/producto\/botanical-bio-ginkgo\/\" \/>\n<meta property=\"og:site_name\" content=\"Drasanvi Francia\" \/>\n<meta property=\"article:modified_time\" content=\"2022-03-15T14:33:44+00:00\" \/>\n<meta property=\"og:image\" content=\"https:\/\/drasanvi.com\/wp-content\/uploads\/sites\/7\/2022\/02\/032050196.png\" \/>\n\t<meta property=\"og:image:width\" content=\"1000\" \/>\n\t<meta property=\"og:image:height\" content=\"1000\" \/>\n\t<meta property=\"og:image:type\" content=\"image\/png\" \/>\n<meta name=\"twitter:card\" content=\"summary_large_image\" \/>\n<script type=\"application\/ld+json\" class=\"yoast-schema-graph\">{\"@context\":\"https:\\\/\\\/schema.org\",\"@graph\":[{\"@type\":\"WebPage\",\"@id\":\"https:\\\/\\\/drasanvi.com\\\/fr\\\/producto\\\/botanical-bio-ginkgo\\\/\",\"url\":\"https:\\\/\\\/drasanvi.com\\\/fr\\\/producto\\\/botanical-bio-ginkgo\\\/\",\"name\":\"Botanical Bio - Ginkgo - Drasanvi Francia\",\"isPartOf\":{\"@id\":\"https:\\\/\\\/drasanvi.com\\\/fr\\\/#website\"},\"primaryImageOfPage\":{\"@id\":\"https:\\\/\\\/drasanvi.com\\\/fr\\\/producto\\\/botanical-bio-ginkgo\\\/#primaryimage\"},\"image\":{\"@id\":\"https:\\\/\\\/drasanvi.com\\\/fr\\\/producto\\\/botanical-bio-ginkgo\\\/#primaryimage\"},\"thumbnailUrl\":\"https:\\\/\\\/drasanvi.com\\\/fr\\\/wp-content\\\/uploads\\\/sites\\\/7\\\/2022\\\/02\\\/032050196.png\",\"datePublished\":\"2022-02-28T13:00:22+00:00\",\"dateModified\":\"2022-03-15T14:33:44+00:00\",\"breadcrumb\":{\"@id\":\"https:\\\/\\\/drasanvi.com\\\/fr\\\/producto\\\/botanical-bio-ginkgo\\\/#breadcrumb\"},\"inLanguage\":\"fr-FR\",\"potentialAction\":[{\"@type\":\"ReadAction\",\"target\":[\"https:\\\/\\\/drasanvi.com\\\/fr\\\/producto\\\/botanical-bio-ginkgo\\\/\"]}]},{\"@type\":\"ImageObject\",\"inLanguage\":\"fr-FR\",\"@id\":\"https:\\\/\\\/drasanvi.com\\\/fr\\\/producto\\\/botanical-bio-ginkgo\\\/#primaryimage\",\"url\":\"https:\\\/\\\/drasanvi.com\\\/fr\\\/wp-content\\\/uploads\\\/sites\\\/7\\\/2022\\\/02\\\/032050196.png\",\"contentUrl\":\"https:\\\/\\\/drasanvi.com\\\/fr\\\/wp-content\\\/uploads\\\/sites\\\/7\\\/2022\\\/02\\\/032050196.png\",\"width\":1000,\"height\":1000},{\"@type\":\"BreadcrumbList\",\"@id\":\"https:\\\/\\\/drasanvi.com\\\/fr\\\/producto\\\/botanical-bio-ginkgo\\\/#breadcrumb\",\"itemListElement\":[{\"@type\":\"ListItem\",\"position\":1,\"name\":\"Portada\",\"item\":\"https:\\\/\\\/drasanvi.com\\\/fr\\\/\"},{\"@type\":\"ListItem\",\"position\":2,\"name\":\"Tienda\",\"item\":\"https:\\\/\\\/drasanvi.com\\\/fr\\\/tienda\\\/\"},{\"@type\":\"ListItem\",\"position\":3,\"name\":\"Botanical Bio &#8211; Ginkgo\"}]},{\"@type\":\"WebSite\",\"@id\":\"https:\\\/\\\/drasanvi.com\\\/fr\\\/#website\",\"url\":\"https:\\\/\\\/drasanvi.com\\\/fr\\\/\",\"name\":\"Drasanvi Francia\",\"description\":\"L\u00edder en complementos alimenticios y cosm\u00e9tica natural.\",\"publisher\":{\"@id\":\"https:\\\/\\\/drasanvi.com\\\/fr\\\/#organization\"},\"potentialAction\":[{\"@type\":\"SearchAction\",\"target\":{\"@type\":\"EntryPoint\",\"urlTemplate\":\"https:\\\/\\\/drasanvi.com\\\/fr\\\/?s={search_term_string}\"},\"query-input\":{\"@type\":\"PropertyValueSpecification\",\"valueRequired\":true,\"valueName\":\"search_term_string\"}}],\"inLanguage\":\"fr-FR\"},{\"@type\":\"Organization\",\"@id\":\"https:\\\/\\\/drasanvi.com\\\/fr\\\/#organization\",\"name\":\"Drasanvi\",\"url\":\"https:\\\/\\\/drasanvi.com\\\/fr\\\/\",\"logo\":{\"@type\":\"ImageObject\",\"inLanguage\":\"fr-FR\",\"@id\":\"https:\\\/\\\/drasanvi.com\\\/fr\\\/#\\\/schema\\\/logo\\\/image\\\/\",\"url\":\"https:\\\/\\\/drasanvi.com\\\/wp-content\\\/uploads\\\/sites\\\/7\\\/2021\\\/07\\\/logo-drasanvi.png\",\"contentUrl\":\"https:\\\/\\\/drasanvi.com\\\/wp-content\\\/uploads\\\/sites\\\/7\\\/2021\\\/07\\\/logo-drasanvi.png\",\"width\":900,\"height\":300,\"caption\":\"Drasanvi\"},\"image\":{\"@id\":\"https:\\\/\\\/drasanvi.com\\\/fr\\\/#\\\/schema\\\/logo\\\/image\\\/\"}}]}<\/script>\n<!-- \/ Yoast SEO plugin. -->","yoast_head_json":{"title":"Botanical Bio - Ginkgo - Drasanvi Francia","robots":{"index":"index","follow":"follow","max-snippet":"max-snippet:-1","max-image-preview":"max-image-preview:large","max-video-preview":"max-video-preview:-1"},"canonical":"https:\/\/drasanvi.com\/fr\/producto\/botanical-bio-ginkgo\/","og_locale":"fr_FR","og_type":"article","og_title":"Botanical Bio - Ginkgo - Drasanvi Francia","og_description":"El Ginkgo (Ginkgo biloba) es un\u00a0\u00e1rbol exclusivo en el mundo, ya que\u00a0es el \u00fanico representante vivo del orden de las Ginkgoales, un grupo de gimnospermas compuesto por la familia Ginkgoaceae, que data de la era del jur\u00e1sico (270 millones de a\u00f1os atr\u00e1s). Utilizado desde hace siglos en la medicina tradicional china, japonesa e Ind\u00fa. \u00a0Este \u00e1rbol es rico en Glic\u00f3sidos de flavonol y en lactonas.\u00a0 Hemos seleccionado un extracto glicerinado de Ginkgo con un ratio 1:24. Esto significa que por cada gramo de extracto se han utilizado 24 gramos de planta. Nuestro extracto glicerinado de Ginkgo Biloba est\u00e1 titulado en Glic\u00f3sidos de flavonol 5 mg\/ ml, aportando 15 mg al d\u00eda. Ficha t\u00e9cnica","og_url":"https:\/\/drasanvi.com\/fr\/producto\/botanical-bio-ginkgo\/","og_site_name":"Drasanvi Francia","article_modified_time":"2022-03-15T14:33:44+00:00","og_image":[{"width":1000,"height":1000,"url":"https:\/\/drasanvi.com\/wp-content\/uploads\/sites\/7\/2022\/02\/032050196.png","type":"image\/png"}],"twitter_card":"summary_large_image","schema":{"@context":"https:\/\/schema.org","@graph":[{"@type":"WebPage","@id":"https:\/\/drasanvi.com\/fr\/producto\/botanical-bio-ginkgo\/","url":"https:\/\/drasanvi.com\/fr\/producto\/botanical-bio-ginkgo\/","name":"Botanical Bio - Ginkgo - Drasanvi Francia","isPartOf":{"@id":"https:\/\/drasanvi.com\/fr\/#website"},"primaryImageOfPage":{"@id":"https:\/\/drasanvi.com\/fr\/producto\/botanical-bio-ginkgo\/#primaryimage"},"image":{"@id":"https:\/\/drasanvi.com\/fr\/producto\/botanical-bio-ginkgo\/#primaryimage"},"thumbnailUrl":"https:\/\/drasanvi.com\/fr\/wp-content\/uploads\/sites\/7\/2022\/02\/032050196.png","datePublished":"2022-02-28T13:00:22+00:00","dateModified":"2022-03-15T14:33:44+00:00","breadcrumb":{"@id":"https:\/\/drasanvi.com\/fr\/producto\/botanical-bio-ginkgo\/#breadcrumb"},"inLanguage":"fr-FR","potentialAction":[{"@type":"ReadAction","target":["https:\/\/drasanvi.com\/fr\/producto\/botanical-bio-ginkgo\/"]}]},{"@type":"ImageObject","inLanguage":"fr-FR","@id":"https:\/\/drasanvi.com\/fr\/producto\/botanical-bio-ginkgo\/#primaryimage","url":"https:\/\/drasanvi.com\/fr\/wp-content\/uploads\/sites\/7\/2022\/02\/032050196.png","contentUrl":"https:\/\/drasanvi.com\/fr\/wp-content\/uploads\/sites\/7\/2022\/02\/032050196.png","width":1000,"height":1000},{"@type":"BreadcrumbList","@id":"https:\/\/drasanvi.com\/fr\/producto\/botanical-bio-ginkgo\/#breadcrumb","itemListElement":[{"@type":"ListItem","position":1,"name":"Portada","item":"https:\/\/drasanvi.com\/fr\/"},{"@type":"ListItem","position":2,"name":"Tienda","item":"https:\/\/drasanvi.com\/fr\/tienda\/"},{"@type":"ListItem","position":3,"name":"Botanical Bio &#8211; Ginkgo"}]},{"@type":"WebSite","@id":"https:\/\/drasanvi.com\/fr\/#website","url":"https:\/\/drasanvi.com\/fr\/","name":"Drasanvi Francia","description":"L\u00edder en complementos alimenticios y cosm\u00e9tica natural.","publisher":{"@id":"https:\/\/drasanvi.com\/fr\/#organization"},"potentialAction":[{"@type":"SearchAction","target":{"@type":"EntryPoint","urlTemplate":"https:\/\/drasanvi.com\/fr\/?s={search_term_string}"},"query-input":{"@type":"PropertyValueSpecification","valueRequired":true,"valueName":"search_term_string"}}],"inLanguage":"fr-FR"},{"@type":"Organization","@id":"https:\/\/drasanvi.com\/fr\/#organization","name":"Drasanvi","url":"https:\/\/drasanvi.com\/fr\/","logo":{"@type":"ImageObject","inLanguage":"fr-FR","@id":"https:\/\/drasanvi.com\/fr\/#\/schema\/logo\/image\/","url":"https:\/\/drasanvi.com\/wp-content\/uploads\/sites\/7\/2021\/07\/logo-drasanvi.png","contentUrl":"https:\/\/drasanvi.com\/wp-content\/uploads\/sites\/7\/2021\/07\/logo-drasanvi.png","width":900,"height":300,"caption":"Drasanvi"},"image":{"@id":"https:\/\/drasanvi.com\/fr\/#\/schema\/logo\/image\/"}}]}},"_links":{"self":[{"href":"https:\/\/drasanvi.com\/fr\/wp-json\/wp\/v2\/product\/12862","targetHints":{"allow":["GET"]}}],"collection":[{"href":"https:\/\/drasanvi.com\/fr\/wp-json\/wp\/v2\/product"}],"about":[{"href":"https:\/\/drasanvi.com\/fr\/wp-json\/wp\/v2\/types\/product"}],"version-history":[{"count":0,"href":"https:\/\/drasanvi.com\/fr\/wp-json\/wp\/v2\/product\/12862\/revisions"}],"wp:featuredmedia":[{"embeddable":true,"href":"https:\/\/drasanvi.com\/fr\/wp-json\/wp\/v2\/media\/19796"}],"wp:attachment":[{"href":"https:\/\/drasanvi.com\/fr\/wp-json\/wp\/v2\/media?parent=12862"}],"wp:term":[{"taxonomy":"product_cat","embeddable":true,"href":"https:\/\/drasanvi.com\/fr\/wp-json\/wp\/v2\/product_cat?post=12862"},{"taxonomy":"product_tag","embeddable":true,"href":"https:\/\/drasanvi.com\/fr\/wp-json\/wp\/v2\/product_tag?post=12862"}],"curies":[{"name":"wp","href":"https:\/\/api.w.org\/{rel}","templated":true}]}}