{"id":12833,"date":"2022-02-28T14:59:41","date_gmt":"2022-02-28T12:59:41","guid":{"rendered":"https:\/\/drasanvi.com\/fr\/?post_type=product&#038;p=12833"},"modified":"2022-03-15T16:31:51","modified_gmt":"2022-03-15T14:31:51","slug":"botanical-bio-cola-de-caballo","status":"publish","type":"product","link":"https:\/\/drasanvi.com\/fr\/producto\/botanical-bio-cola-de-caballo\/","title":{"rendered":"Botanical Bio &#8211; Cola de Caballo"},"content":{"rendered":"<h2>Ingredientes<\/h2>\n<p>ingredientes dosis dia Extracto Glicerinado Bio de Cola de Caballo* Equisetum arvense L. Ratio 1:16 \u00c1cido sil\u00edcico 12 mg\/ml 3 ml . 36 mg *Procedentes de la agricultura ec\u00f3logico. Sin colorantes, conservantes, edulcorantes, ni az\u00facares a\u00f1adidos.<\/p>\n<h2>Modo de uso<\/h2>\n<p>Tomar 1 ml (aproximadamente 28 gotas) diluido en agua tres veces al d\u00eda, preferiblemente antes de las principales comidas.<\/p>\n<h3>Presentaci\u00f3n<\/h3>\n<p>Frasco de cristal de 50ml (1,75 fl oz).<\/p>\n<h3>Advertencias<\/h3>\n<p>Debido a su car\u00e1cter Bio, por ende no lleva conservantes, recomendamos una vez abierto, cerrar bien el envase, guardarlo en la nevera y consumir antes de un mes.No superar la dosis diaria expresamente recomendada; Los complementos alimenticios no deben utilizarse como sustituto de una dieta equilibrada; Mantener fuera del alcance de los ni\u00f1os m\u00e1s peque\u00f1os. Conservar en un lugar fresco y seco.<\/p>\n<h2>Informaci\u00f3n adicional<\/h2>\n<p>Ingrediente Descripci\u00f3n Cantidad\/dosis diaria Extracto Glicerinado Bio de Cola de Caballo (Equisetum arvense L. Ratio 1:16; \u00c1cido sil\u00edcico 12 mg\/ ml) 3 ml *Procedente de agricultura ecol\u00f3gica.<\/p>\n","protected":false},"excerpt":{"rendered":"<p>La Cola de Caballo es una planta que crece en lugares h\u00famedos y su nombre hace referencia a la similitud de su forma con las crines de caballo. Puede llegar a crecer hasta 60 cm y presenta tallos articulados, los cuales pueden ser est\u00e9riles o f\u00e9rtiles. Es rica en muchos oligoelementos, tales como el Silicio, Potasio, Magnesio, Cloro y Sodio, entre otros. Estos est\u00e1n presentes en tallos est\u00e9riles, los cuales son seleccionados para la obtenci\u00f3n de nuestro extracto. La planta tambi\u00e9n es rica en flavonoides. Hemos seleccionado un extracto glicerinado de Cola de Caballo con un ratio 1:16. Esto significa que por cada gramo de Extracto se han utilizado 16 gramos de planta. Nuestro Extracto Glicerinado de Cola de Caballo est\u00e1 titulado en \u00c1cido Sil\u00edcico 12 mg\/ ml, aportando 36 mg al d\u00eda.<br \/>\n<a id=\"boton-ficha\" href=\"https:\/\/panel.drasanvi.com\/fichas\/1\/032050188\" target=\"_blank\" rel=\"noopener\">Ficha t\u00e9cnica<\/a><\/p>\n","protected":false},"featured_media":19777,"template":"","meta":{"inline_featured_image":false},"product_cat":[113,109],"product_tag":[],"class_list":["post-12833","product","type-product","status-publish","has-post-thumbnail","hentry","product_cat-sistema-digestivo-hepatico","product_cat-peso-saludable","pa_contiene-altramuces-no","pa_contiene-apio-no","pa_contiene-cacahuetes-no","pa_contiene-crustaceos-no","pa_contiene-frutos-secos-no","pa_contiene-huevo-no","pa_contiene-leche-no","pa_contiene-moluscos-no","pa_contiene-mostaza-no","pa_contiene-pescado-no","pa_contiene-sesamo-no","pa_contiene-soja-no","pa_producto-bio-si","pa_producto-sin-gluten-si","pa_producto-vegano-si","pa_producto-vegetariano-no"],"yoast_head":"<!-- This site is optimized with the Yoast SEO plugin v27.5 - https:\/\/yoast.com\/product\/yoast-seo-wordpress\/ -->\n<title>Botanical Bio - Cola de Caballo - Drasanvi Francia<\/title>\n<meta name=\"robots\" content=\"index, follow, max-snippet:-1, max-image-preview:large, max-video-preview:-1\" \/>\n<link rel=\"canonical\" href=\"https:\/\/drasanvi.com\/fr\/producto\/botanical-bio-cola-de-caballo\/\" \/>\n<meta property=\"og:locale\" content=\"fr_FR\" \/>\n<meta property=\"og:type\" content=\"article\" \/>\n<meta property=\"og:title\" content=\"Botanical Bio - Cola de Caballo - Drasanvi Francia\" \/>\n<meta property=\"og:description\" content=\"La Cola de Caballo es una planta que crece en lugares h\u00famedos y su nombre hace referencia a la similitud de su forma con las crines de caballo. Puede llegar a crecer hasta 60 cm y presenta tallos articulados, los cuales pueden ser est\u00e9riles o f\u00e9rtiles. Es rica en muchos oligoelementos, tales como el Silicio, Potasio, Magnesio, Cloro y Sodio, entre otros. Estos est\u00e1n presentes en tallos est\u00e9riles, los cuales son seleccionados para la obtenci\u00f3n de nuestro extracto. La planta tambi\u00e9n es rica en flavonoides. Hemos seleccionado un extracto glicerinado de Cola de Caballo con un ratio 1:16. Esto significa que por cada gramo de Extracto se han utilizado 16 gramos de planta. Nuestro Extracto Glicerinado de Cola de Caballo est\u00e1 titulado en \u00c1cido Sil\u00edcico 12 mg\/ ml, aportando 36 mg al d\u00eda. Ficha t\u00e9cnica\" \/>\n<meta property=\"og:url\" content=\"https:\/\/drasanvi.com\/fr\/producto\/botanical-bio-cola-de-caballo\/\" \/>\n<meta property=\"og:site_name\" content=\"Drasanvi Francia\" \/>\n<meta property=\"article:modified_time\" content=\"2022-03-15T14:31:51+00:00\" \/>\n<meta property=\"og:image\" content=\"https:\/\/drasanvi.com\/wp-content\/uploads\/sites\/7\/2022\/02\/032050188.png\" \/>\n\t<meta property=\"og:image:width\" content=\"1000\" \/>\n\t<meta property=\"og:image:height\" content=\"1000\" \/>\n\t<meta property=\"og:image:type\" content=\"image\/png\" \/>\n<meta name=\"twitter:card\" content=\"summary_large_image\" \/>\n<script type=\"application\/ld+json\" class=\"yoast-schema-graph\">{\"@context\":\"https:\\\/\\\/schema.org\",\"@graph\":[{\"@type\":\"WebPage\",\"@id\":\"https:\\\/\\\/drasanvi.com\\\/fr\\\/producto\\\/botanical-bio-cola-de-caballo\\\/\",\"url\":\"https:\\\/\\\/drasanvi.com\\\/fr\\\/producto\\\/botanical-bio-cola-de-caballo\\\/\",\"name\":\"Botanical Bio - Cola de Caballo - Drasanvi Francia\",\"isPartOf\":{\"@id\":\"https:\\\/\\\/drasanvi.com\\\/fr\\\/#website\"},\"primaryImageOfPage\":{\"@id\":\"https:\\\/\\\/drasanvi.com\\\/fr\\\/producto\\\/botanical-bio-cola-de-caballo\\\/#primaryimage\"},\"image\":{\"@id\":\"https:\\\/\\\/drasanvi.com\\\/fr\\\/producto\\\/botanical-bio-cola-de-caballo\\\/#primaryimage\"},\"thumbnailUrl\":\"https:\\\/\\\/drasanvi.com\\\/fr\\\/wp-content\\\/uploads\\\/sites\\\/7\\\/2022\\\/02\\\/032050188.png\",\"datePublished\":\"2022-02-28T12:59:41+00:00\",\"dateModified\":\"2022-03-15T14:31:51+00:00\",\"breadcrumb\":{\"@id\":\"https:\\\/\\\/drasanvi.com\\\/fr\\\/producto\\\/botanical-bio-cola-de-caballo\\\/#breadcrumb\"},\"inLanguage\":\"fr-FR\",\"potentialAction\":[{\"@type\":\"ReadAction\",\"target\":[\"https:\\\/\\\/drasanvi.com\\\/fr\\\/producto\\\/botanical-bio-cola-de-caballo\\\/\"]}]},{\"@type\":\"ImageObject\",\"inLanguage\":\"fr-FR\",\"@id\":\"https:\\\/\\\/drasanvi.com\\\/fr\\\/producto\\\/botanical-bio-cola-de-caballo\\\/#primaryimage\",\"url\":\"https:\\\/\\\/drasanvi.com\\\/fr\\\/wp-content\\\/uploads\\\/sites\\\/7\\\/2022\\\/02\\\/032050188.png\",\"contentUrl\":\"https:\\\/\\\/drasanvi.com\\\/fr\\\/wp-content\\\/uploads\\\/sites\\\/7\\\/2022\\\/02\\\/032050188.png\",\"width\":1000,\"height\":1000},{\"@type\":\"BreadcrumbList\",\"@id\":\"https:\\\/\\\/drasanvi.com\\\/fr\\\/producto\\\/botanical-bio-cola-de-caballo\\\/#breadcrumb\",\"itemListElement\":[{\"@type\":\"ListItem\",\"position\":1,\"name\":\"Portada\",\"item\":\"https:\\\/\\\/drasanvi.com\\\/fr\\\/\"},{\"@type\":\"ListItem\",\"position\":2,\"name\":\"Tienda\",\"item\":\"https:\\\/\\\/drasanvi.com\\\/fr\\\/tienda\\\/\"},{\"@type\":\"ListItem\",\"position\":3,\"name\":\"Botanical Bio &#8211; Cola de Caballo\"}]},{\"@type\":\"WebSite\",\"@id\":\"https:\\\/\\\/drasanvi.com\\\/fr\\\/#website\",\"url\":\"https:\\\/\\\/drasanvi.com\\\/fr\\\/\",\"name\":\"Drasanvi Francia\",\"description\":\"L\u00edder en complementos alimenticios y cosm\u00e9tica natural.\",\"publisher\":{\"@id\":\"https:\\\/\\\/drasanvi.com\\\/fr\\\/#organization\"},\"potentialAction\":[{\"@type\":\"SearchAction\",\"target\":{\"@type\":\"EntryPoint\",\"urlTemplate\":\"https:\\\/\\\/drasanvi.com\\\/fr\\\/?s={search_term_string}\"},\"query-input\":{\"@type\":\"PropertyValueSpecification\",\"valueRequired\":true,\"valueName\":\"search_term_string\"}}],\"inLanguage\":\"fr-FR\"},{\"@type\":\"Organization\",\"@id\":\"https:\\\/\\\/drasanvi.com\\\/fr\\\/#organization\",\"name\":\"Drasanvi\",\"url\":\"https:\\\/\\\/drasanvi.com\\\/fr\\\/\",\"logo\":{\"@type\":\"ImageObject\",\"inLanguage\":\"fr-FR\",\"@id\":\"https:\\\/\\\/drasanvi.com\\\/fr\\\/#\\\/schema\\\/logo\\\/image\\\/\",\"url\":\"https:\\\/\\\/drasanvi.com\\\/wp-content\\\/uploads\\\/sites\\\/7\\\/2021\\\/07\\\/logo-drasanvi.png\",\"contentUrl\":\"https:\\\/\\\/drasanvi.com\\\/wp-content\\\/uploads\\\/sites\\\/7\\\/2021\\\/07\\\/logo-drasanvi.png\",\"width\":900,\"height\":300,\"caption\":\"Drasanvi\"},\"image\":{\"@id\":\"https:\\\/\\\/drasanvi.com\\\/fr\\\/#\\\/schema\\\/logo\\\/image\\\/\"}}]}<\/script>\n<!-- \/ Yoast SEO plugin. -->","yoast_head_json":{"title":"Botanical Bio - Cola de Caballo - Drasanvi Francia","robots":{"index":"index","follow":"follow","max-snippet":"max-snippet:-1","max-image-preview":"max-image-preview:large","max-video-preview":"max-video-preview:-1"},"canonical":"https:\/\/drasanvi.com\/fr\/producto\/botanical-bio-cola-de-caballo\/","og_locale":"fr_FR","og_type":"article","og_title":"Botanical Bio - Cola de Caballo - Drasanvi Francia","og_description":"La Cola de Caballo es una planta que crece en lugares h\u00famedos y su nombre hace referencia a la similitud de su forma con las crines de caballo. Puede llegar a crecer hasta 60 cm y presenta tallos articulados, los cuales pueden ser est\u00e9riles o f\u00e9rtiles. Es rica en muchos oligoelementos, tales como el Silicio, Potasio, Magnesio, Cloro y Sodio, entre otros. Estos est\u00e1n presentes en tallos est\u00e9riles, los cuales son seleccionados para la obtenci\u00f3n de nuestro extracto. La planta tambi\u00e9n es rica en flavonoides. Hemos seleccionado un extracto glicerinado de Cola de Caballo con un ratio 1:16. Esto significa que por cada gramo de Extracto se han utilizado 16 gramos de planta. Nuestro Extracto Glicerinado de Cola de Caballo est\u00e1 titulado en \u00c1cido Sil\u00edcico 12 mg\/ ml, aportando 36 mg al d\u00eda. Ficha t\u00e9cnica","og_url":"https:\/\/drasanvi.com\/fr\/producto\/botanical-bio-cola-de-caballo\/","og_site_name":"Drasanvi Francia","article_modified_time":"2022-03-15T14:31:51+00:00","og_image":[{"width":1000,"height":1000,"url":"https:\/\/drasanvi.com\/wp-content\/uploads\/sites\/7\/2022\/02\/032050188.png","type":"image\/png"}],"twitter_card":"summary_large_image","schema":{"@context":"https:\/\/schema.org","@graph":[{"@type":"WebPage","@id":"https:\/\/drasanvi.com\/fr\/producto\/botanical-bio-cola-de-caballo\/","url":"https:\/\/drasanvi.com\/fr\/producto\/botanical-bio-cola-de-caballo\/","name":"Botanical Bio - Cola de Caballo - Drasanvi Francia","isPartOf":{"@id":"https:\/\/drasanvi.com\/fr\/#website"},"primaryImageOfPage":{"@id":"https:\/\/drasanvi.com\/fr\/producto\/botanical-bio-cola-de-caballo\/#primaryimage"},"image":{"@id":"https:\/\/drasanvi.com\/fr\/producto\/botanical-bio-cola-de-caballo\/#primaryimage"},"thumbnailUrl":"https:\/\/drasanvi.com\/fr\/wp-content\/uploads\/sites\/7\/2022\/02\/032050188.png","datePublished":"2022-02-28T12:59:41+00:00","dateModified":"2022-03-15T14:31:51+00:00","breadcrumb":{"@id":"https:\/\/drasanvi.com\/fr\/producto\/botanical-bio-cola-de-caballo\/#breadcrumb"},"inLanguage":"fr-FR","potentialAction":[{"@type":"ReadAction","target":["https:\/\/drasanvi.com\/fr\/producto\/botanical-bio-cola-de-caballo\/"]}]},{"@type":"ImageObject","inLanguage":"fr-FR","@id":"https:\/\/drasanvi.com\/fr\/producto\/botanical-bio-cola-de-caballo\/#primaryimage","url":"https:\/\/drasanvi.com\/fr\/wp-content\/uploads\/sites\/7\/2022\/02\/032050188.png","contentUrl":"https:\/\/drasanvi.com\/fr\/wp-content\/uploads\/sites\/7\/2022\/02\/032050188.png","width":1000,"height":1000},{"@type":"BreadcrumbList","@id":"https:\/\/drasanvi.com\/fr\/producto\/botanical-bio-cola-de-caballo\/#breadcrumb","itemListElement":[{"@type":"ListItem","position":1,"name":"Portada","item":"https:\/\/drasanvi.com\/fr\/"},{"@type":"ListItem","position":2,"name":"Tienda","item":"https:\/\/drasanvi.com\/fr\/tienda\/"},{"@type":"ListItem","position":3,"name":"Botanical Bio &#8211; Cola de Caballo"}]},{"@type":"WebSite","@id":"https:\/\/drasanvi.com\/fr\/#website","url":"https:\/\/drasanvi.com\/fr\/","name":"Drasanvi Francia","description":"L\u00edder en complementos alimenticios y cosm\u00e9tica natural.","publisher":{"@id":"https:\/\/drasanvi.com\/fr\/#organization"},"potentialAction":[{"@type":"SearchAction","target":{"@type":"EntryPoint","urlTemplate":"https:\/\/drasanvi.com\/fr\/?s={search_term_string}"},"query-input":{"@type":"PropertyValueSpecification","valueRequired":true,"valueName":"search_term_string"}}],"inLanguage":"fr-FR"},{"@type":"Organization","@id":"https:\/\/drasanvi.com\/fr\/#organization","name":"Drasanvi","url":"https:\/\/drasanvi.com\/fr\/","logo":{"@type":"ImageObject","inLanguage":"fr-FR","@id":"https:\/\/drasanvi.com\/fr\/#\/schema\/logo\/image\/","url":"https:\/\/drasanvi.com\/wp-content\/uploads\/sites\/7\/2021\/07\/logo-drasanvi.png","contentUrl":"https:\/\/drasanvi.com\/wp-content\/uploads\/sites\/7\/2021\/07\/logo-drasanvi.png","width":900,"height":300,"caption":"Drasanvi"},"image":{"@id":"https:\/\/drasanvi.com\/fr\/#\/schema\/logo\/image\/"}}]}},"_links":{"self":[{"href":"https:\/\/drasanvi.com\/fr\/wp-json\/wp\/v2\/product\/12833","targetHints":{"allow":["GET"]}}],"collection":[{"href":"https:\/\/drasanvi.com\/fr\/wp-json\/wp\/v2\/product"}],"about":[{"href":"https:\/\/drasanvi.com\/fr\/wp-json\/wp\/v2\/types\/product"}],"version-history":[{"count":0,"href":"https:\/\/drasanvi.com\/fr\/wp-json\/wp\/v2\/product\/12833\/revisions"}],"wp:featuredmedia":[{"embeddable":true,"href":"https:\/\/drasanvi.com\/fr\/wp-json\/wp\/v2\/media\/19777"}],"wp:attachment":[{"href":"https:\/\/drasanvi.com\/fr\/wp-json\/wp\/v2\/media?parent=12833"}],"wp:term":[{"taxonomy":"product_cat","embeddable":true,"href":"https:\/\/drasanvi.com\/fr\/wp-json\/wp\/v2\/product_cat?post=12833"},{"taxonomy":"product_tag","embeddable":true,"href":"https:\/\/drasanvi.com\/fr\/wp-json\/wp\/v2\/product_tag?post=12833"}],"curies":[{"name":"wp","href":"https:\/\/api.w.org\/{rel}","templated":true}]}}