{"id":12788,"date":"2022-02-28T15:07:40","date_gmt":"2022-02-28T13:07:40","guid":{"rendered":"https:\/\/drasanvi.com\/fr\/?post_type=product&#038;p=12788"},"modified":"2022-03-15T16:21:45","modified_gmt":"2022-03-15T14:21:45","slug":"inmunol-viales","status":"publish","type":"product","link":"https:\/\/drasanvi.com\/fr\/producto\/inmunol-viales\/","title":{"rendered":"Inmunol Viales"},"content":{"rendered":"<h2>Ingredientes<\/h2>\n<p>Ingrediente Cantidad \/ dosis diaria Pr\u00f3polis Con aporte en flavonoides (galangina 5%) 400 mg 20 mg Extracto seco de Equinacea purpurea Echinacea purpurea (L) Moench con aporte en Echinacosidos (0,6%) 300 mg 120 mg Extracto seco de Reishi Ganoderma lucidum (Leyss. ex. Fr.) Karst.con aporte en polisac\u00e1ridos (20%) 100 mg 20 mg Extracto fluido de Tomillo Thymus vulgaris L 100 mg Vitamina C Como \u00e1cido asc\u00f3rbico 60 mg Extracto seco de Shitake Lentinula edodes (Berk.) Pegler aporta polifenoles (15%) 40 mg 6 mg Selenio Como levadura primaria .13 mg Cobre Como Gluconato de Cobre .3,5 mg Otros ingredientes: Agua, Sorbato Pot\u00e1sico, \u00c1cido C\u00edtrico y Sucralosa. Sin colorantes.<\/p>\n<h2>Modo de uso<\/h2>\n<p>Tomar 1-2 viales al d\u00eda mezclados con agua o zumo.<\/p>\n<h3>Presentaci\u00f3n<\/h3>\n<p>Envase de 20 viales de 10 ml. Peso total: 200 ml (7 fl oz)<\/p>\n<h3>Advertencias<\/h3>\n<p>Complemento alimenticio a base de pr\u00f3polis, extractos de plantas con edulcorante.Los complementos alimenticios no deben utilizarse como sustituto de una dieta equilibrada. No superar la dosis expresamente recomendada. Mantener fuera del alcance de los ni\u00f1os m\u00e1s peque\u00f1os. Conservar en un lugar fresco y seco. No usar en embarazadas ni en ni\u00f1os menores de 12 a\u00f1os.<\/p>\n<h2>Informaci\u00f3n adicional<\/h2>\n<p>Ingredientes Descripci\u00f3n Cantidad\/ dosis diaria Agua \u00a0 9200 mg Extracto seco Pr\u00f3polis (galangina 5%) 400 mg Extracto seco Echin\u00e1cea purp\u00farea (Echinacea purpurea (L) Moench, Echinac\u00f3sidos 0,6%) 300 mg Extracto seco Reishi (Ganoderma lucidum (Leyss. ex. Fr.) Karst, Polisac\u00e1ridos 20%) 100 mg Extracto fluido Tomillo (Thymus vulgaris L) 100 mg Vitamina C (\u00c1cido Asc\u00f3rbico) 60 mg Extracto seco de Shitake (Lentinula edodes (Berk.) Pegler, Polifenoles 15%) 40 mg Acidulante (\u00c1cido c\u00edtrico) 22 mg Conservador (Sorbato pot\u00e1sico) 22 mg Aroma\u00a0 (Aroma Lim\u00f3n) 15 mg Levadura de selenio (Selenio 0,21%) 13 mg Gluconato de cobre (Cobre 14,28%) 3,5 mg Edulcorante (Sucralosa) 2,5 mg<\/p>\n<p>Por dosis diaria (10 ml) Ingrediente Porcentaje Cantidad Vitamina C 75% 60 mg Selenio 50% 27,5 \u00b5g Cobre 50% 0,5 mg<\/p>\n","protected":false},"excerpt":{"rendered":"<p>Inmunol es un complemento alimenticio formulado con hongos de utilizaci\u00f3n milenaria llamados Reishi y Shiitake; minerales como el Cobre y el Selenio; Tomillo, Equin\u00e1cea, Pr\u00f3polis; y Vitamina C, que contribuye al mantenimiento del sistema inmunitario en condiciones normales.<br \/>\n<a id=\"boton-ficha\" href=\"https:\/\/panel.drasanvi.com\/fichas\/1\/032050001\" target=\"_blank\" rel=\"noopener\">Ficha t\u00e9cnica<\/a><\/p>\n","protected":false},"featured_media":20188,"template":"","meta":{"inline_featured_image":false},"product_cat":[96],"product_tag":[],"class_list":["post-12788","product","type-product","status-publish","has-post-thumbnail","hentry","product_cat-defensa-invierno","pa_contiene-altramuces-no","pa_contiene-apio-no","pa_contiene-cacahuetes-no","pa_contiene-crustaceos-no","pa_contiene-frutos-secos-no","pa_contiene-huevo-no","pa_contiene-leche-no","pa_contiene-moluscos-no","pa_contiene-mostaza-no","pa_contiene-pescado-no","pa_contiene-sesamo-no","pa_contiene-soja-no","pa_producto-bio-no","pa_producto-sin-gluten-si","pa_producto-vegano-no","pa_producto-vegetariano-si"],"yoast_head":"<!-- This site is optimized with the Yoast SEO plugin v27.5 - https:\/\/yoast.com\/product\/yoast-seo-wordpress\/ -->\n<title>Inmunol Viales - Drasanvi Francia<\/title>\n<meta name=\"robots\" content=\"index, follow, max-snippet:-1, max-image-preview:large, max-video-preview:-1\" \/>\n<link rel=\"canonical\" href=\"https:\/\/drasanvi.com\/fr\/producto\/inmunol-viales\/\" \/>\n<meta property=\"og:locale\" content=\"fr_FR\" \/>\n<meta property=\"og:type\" content=\"article\" \/>\n<meta property=\"og:title\" content=\"Inmunol Viales - Drasanvi Francia\" \/>\n<meta property=\"og:description\" content=\"Inmunol es un complemento alimenticio formulado con hongos de utilizaci\u00f3n milenaria llamados Reishi y Shiitake; minerales como el Cobre y el Selenio; Tomillo, Equin\u00e1cea, Pr\u00f3polis; y Vitamina C, que contribuye al mantenimiento del sistema inmunitario en condiciones normales. Ficha t\u00e9cnica\" \/>\n<meta property=\"og:url\" content=\"https:\/\/drasanvi.com\/fr\/producto\/inmunol-viales\/\" \/>\n<meta property=\"og:site_name\" content=\"Drasanvi Francia\" \/>\n<meta property=\"article:modified_time\" content=\"2022-03-15T14:21:45+00:00\" \/>\n<meta property=\"og:image\" content=\"https:\/\/drasanvi.com\/wp-content\/uploads\/sites\/7\/2022\/02\/032050001.png\" \/>\n\t<meta property=\"og:image:width\" content=\"1000\" \/>\n\t<meta property=\"og:image:height\" content=\"1000\" \/>\n\t<meta property=\"og:image:type\" content=\"image\/png\" \/>\n<meta name=\"twitter:card\" content=\"summary_large_image\" \/>\n<script type=\"application\/ld+json\" class=\"yoast-schema-graph\">{\"@context\":\"https:\\\/\\\/schema.org\",\"@graph\":[{\"@type\":\"WebPage\",\"@id\":\"https:\\\/\\\/drasanvi.com\\\/fr\\\/producto\\\/inmunol-viales\\\/\",\"url\":\"https:\\\/\\\/drasanvi.com\\\/fr\\\/producto\\\/inmunol-viales\\\/\",\"name\":\"Inmunol Viales - Drasanvi Francia\",\"isPartOf\":{\"@id\":\"https:\\\/\\\/drasanvi.com\\\/fr\\\/#website\"},\"primaryImageOfPage\":{\"@id\":\"https:\\\/\\\/drasanvi.com\\\/fr\\\/producto\\\/inmunol-viales\\\/#primaryimage\"},\"image\":{\"@id\":\"https:\\\/\\\/drasanvi.com\\\/fr\\\/producto\\\/inmunol-viales\\\/#primaryimage\"},\"thumbnailUrl\":\"https:\\\/\\\/drasanvi.com\\\/fr\\\/wp-content\\\/uploads\\\/sites\\\/7\\\/2022\\\/02\\\/032050001.png\",\"datePublished\":\"2022-02-28T13:07:40+00:00\",\"dateModified\":\"2022-03-15T14:21:45+00:00\",\"breadcrumb\":{\"@id\":\"https:\\\/\\\/drasanvi.com\\\/fr\\\/producto\\\/inmunol-viales\\\/#breadcrumb\"},\"inLanguage\":\"fr-FR\",\"potentialAction\":[{\"@type\":\"ReadAction\",\"target\":[\"https:\\\/\\\/drasanvi.com\\\/fr\\\/producto\\\/inmunol-viales\\\/\"]}]},{\"@type\":\"ImageObject\",\"inLanguage\":\"fr-FR\",\"@id\":\"https:\\\/\\\/drasanvi.com\\\/fr\\\/producto\\\/inmunol-viales\\\/#primaryimage\",\"url\":\"https:\\\/\\\/drasanvi.com\\\/fr\\\/wp-content\\\/uploads\\\/sites\\\/7\\\/2022\\\/02\\\/032050001.png\",\"contentUrl\":\"https:\\\/\\\/drasanvi.com\\\/fr\\\/wp-content\\\/uploads\\\/sites\\\/7\\\/2022\\\/02\\\/032050001.png\",\"width\":1000,\"height\":1000},{\"@type\":\"BreadcrumbList\",\"@id\":\"https:\\\/\\\/drasanvi.com\\\/fr\\\/producto\\\/inmunol-viales\\\/#breadcrumb\",\"itemListElement\":[{\"@type\":\"ListItem\",\"position\":1,\"name\":\"Portada\",\"item\":\"https:\\\/\\\/drasanvi.com\\\/fr\\\/\"},{\"@type\":\"ListItem\",\"position\":2,\"name\":\"Tienda\",\"item\":\"https:\\\/\\\/drasanvi.com\\\/fr\\\/tienda\\\/\"},{\"@type\":\"ListItem\",\"position\":3,\"name\":\"Inmunol Viales\"}]},{\"@type\":\"WebSite\",\"@id\":\"https:\\\/\\\/drasanvi.com\\\/fr\\\/#website\",\"url\":\"https:\\\/\\\/drasanvi.com\\\/fr\\\/\",\"name\":\"Drasanvi Francia\",\"description\":\"L\u00edder en complementos alimenticios y cosm\u00e9tica natural.\",\"publisher\":{\"@id\":\"https:\\\/\\\/drasanvi.com\\\/fr\\\/#organization\"},\"potentialAction\":[{\"@type\":\"SearchAction\",\"target\":{\"@type\":\"EntryPoint\",\"urlTemplate\":\"https:\\\/\\\/drasanvi.com\\\/fr\\\/?s={search_term_string}\"},\"query-input\":{\"@type\":\"PropertyValueSpecification\",\"valueRequired\":true,\"valueName\":\"search_term_string\"}}],\"inLanguage\":\"fr-FR\"},{\"@type\":\"Organization\",\"@id\":\"https:\\\/\\\/drasanvi.com\\\/fr\\\/#organization\",\"name\":\"Drasanvi\",\"url\":\"https:\\\/\\\/drasanvi.com\\\/fr\\\/\",\"logo\":{\"@type\":\"ImageObject\",\"inLanguage\":\"fr-FR\",\"@id\":\"https:\\\/\\\/drasanvi.com\\\/fr\\\/#\\\/schema\\\/logo\\\/image\\\/\",\"url\":\"https:\\\/\\\/drasanvi.com\\\/wp-content\\\/uploads\\\/sites\\\/7\\\/2021\\\/07\\\/logo-drasanvi.png\",\"contentUrl\":\"https:\\\/\\\/drasanvi.com\\\/wp-content\\\/uploads\\\/sites\\\/7\\\/2021\\\/07\\\/logo-drasanvi.png\",\"width\":900,\"height\":300,\"caption\":\"Drasanvi\"},\"image\":{\"@id\":\"https:\\\/\\\/drasanvi.com\\\/fr\\\/#\\\/schema\\\/logo\\\/image\\\/\"}}]}<\/script>\n<!-- \/ Yoast SEO plugin. -->","yoast_head_json":{"title":"Inmunol Viales - Drasanvi Francia","robots":{"index":"index","follow":"follow","max-snippet":"max-snippet:-1","max-image-preview":"max-image-preview:large","max-video-preview":"max-video-preview:-1"},"canonical":"https:\/\/drasanvi.com\/fr\/producto\/inmunol-viales\/","og_locale":"fr_FR","og_type":"article","og_title":"Inmunol Viales - Drasanvi Francia","og_description":"Inmunol es un complemento alimenticio formulado con hongos de utilizaci\u00f3n milenaria llamados Reishi y Shiitake; minerales como el Cobre y el Selenio; Tomillo, Equin\u00e1cea, Pr\u00f3polis; y Vitamina C, que contribuye al mantenimiento del sistema inmunitario en condiciones normales. Ficha t\u00e9cnica","og_url":"https:\/\/drasanvi.com\/fr\/producto\/inmunol-viales\/","og_site_name":"Drasanvi Francia","article_modified_time":"2022-03-15T14:21:45+00:00","og_image":[{"width":1000,"height":1000,"url":"https:\/\/drasanvi.com\/wp-content\/uploads\/sites\/7\/2022\/02\/032050001.png","type":"image\/png"}],"twitter_card":"summary_large_image","schema":{"@context":"https:\/\/schema.org","@graph":[{"@type":"WebPage","@id":"https:\/\/drasanvi.com\/fr\/producto\/inmunol-viales\/","url":"https:\/\/drasanvi.com\/fr\/producto\/inmunol-viales\/","name":"Inmunol Viales - Drasanvi Francia","isPartOf":{"@id":"https:\/\/drasanvi.com\/fr\/#website"},"primaryImageOfPage":{"@id":"https:\/\/drasanvi.com\/fr\/producto\/inmunol-viales\/#primaryimage"},"image":{"@id":"https:\/\/drasanvi.com\/fr\/producto\/inmunol-viales\/#primaryimage"},"thumbnailUrl":"https:\/\/drasanvi.com\/fr\/wp-content\/uploads\/sites\/7\/2022\/02\/032050001.png","datePublished":"2022-02-28T13:07:40+00:00","dateModified":"2022-03-15T14:21:45+00:00","breadcrumb":{"@id":"https:\/\/drasanvi.com\/fr\/producto\/inmunol-viales\/#breadcrumb"},"inLanguage":"fr-FR","potentialAction":[{"@type":"ReadAction","target":["https:\/\/drasanvi.com\/fr\/producto\/inmunol-viales\/"]}]},{"@type":"ImageObject","inLanguage":"fr-FR","@id":"https:\/\/drasanvi.com\/fr\/producto\/inmunol-viales\/#primaryimage","url":"https:\/\/drasanvi.com\/fr\/wp-content\/uploads\/sites\/7\/2022\/02\/032050001.png","contentUrl":"https:\/\/drasanvi.com\/fr\/wp-content\/uploads\/sites\/7\/2022\/02\/032050001.png","width":1000,"height":1000},{"@type":"BreadcrumbList","@id":"https:\/\/drasanvi.com\/fr\/producto\/inmunol-viales\/#breadcrumb","itemListElement":[{"@type":"ListItem","position":1,"name":"Portada","item":"https:\/\/drasanvi.com\/fr\/"},{"@type":"ListItem","position":2,"name":"Tienda","item":"https:\/\/drasanvi.com\/fr\/tienda\/"},{"@type":"ListItem","position":3,"name":"Inmunol Viales"}]},{"@type":"WebSite","@id":"https:\/\/drasanvi.com\/fr\/#website","url":"https:\/\/drasanvi.com\/fr\/","name":"Drasanvi Francia","description":"L\u00edder en complementos alimenticios y cosm\u00e9tica natural.","publisher":{"@id":"https:\/\/drasanvi.com\/fr\/#organization"},"potentialAction":[{"@type":"SearchAction","target":{"@type":"EntryPoint","urlTemplate":"https:\/\/drasanvi.com\/fr\/?s={search_term_string}"},"query-input":{"@type":"PropertyValueSpecification","valueRequired":true,"valueName":"search_term_string"}}],"inLanguage":"fr-FR"},{"@type":"Organization","@id":"https:\/\/drasanvi.com\/fr\/#organization","name":"Drasanvi","url":"https:\/\/drasanvi.com\/fr\/","logo":{"@type":"ImageObject","inLanguage":"fr-FR","@id":"https:\/\/drasanvi.com\/fr\/#\/schema\/logo\/image\/","url":"https:\/\/drasanvi.com\/wp-content\/uploads\/sites\/7\/2021\/07\/logo-drasanvi.png","contentUrl":"https:\/\/drasanvi.com\/wp-content\/uploads\/sites\/7\/2021\/07\/logo-drasanvi.png","width":900,"height":300,"caption":"Drasanvi"},"image":{"@id":"https:\/\/drasanvi.com\/fr\/#\/schema\/logo\/image\/"}}]}},"_links":{"self":[{"href":"https:\/\/drasanvi.com\/fr\/wp-json\/wp\/v2\/product\/12788","targetHints":{"allow":["GET"]}}],"collection":[{"href":"https:\/\/drasanvi.com\/fr\/wp-json\/wp\/v2\/product"}],"about":[{"href":"https:\/\/drasanvi.com\/fr\/wp-json\/wp\/v2\/types\/product"}],"version-history":[{"count":0,"href":"https:\/\/drasanvi.com\/fr\/wp-json\/wp\/v2\/product\/12788\/revisions"}],"wp:featuredmedia":[{"embeddable":true,"href":"https:\/\/drasanvi.com\/fr\/wp-json\/wp\/v2\/media\/20188"}],"wp:attachment":[{"href":"https:\/\/drasanvi.com\/fr\/wp-json\/wp\/v2\/media?parent=12788"}],"wp:term":[{"taxonomy":"product_cat","embeddable":true,"href":"https:\/\/drasanvi.com\/fr\/wp-json\/wp\/v2\/product_cat?post=12788"},{"taxonomy":"product_tag","embeddable":true,"href":"https:\/\/drasanvi.com\/fr\/wp-json\/wp\/v2\/product_tag?post=12788"}],"curies":[{"name":"wp","href":"https:\/\/api.w.org\/{rel}","templated":true}]}}