{"id":12780,"date":"2022-02-28T15:07:40","date_gmt":"2022-02-28T13:07:40","guid":{"rendered":"https:\/\/drasanvi.com\/fr\/?post_type=product&#038;p=12780"},"modified":"2022-03-15T16:22:23","modified_gmt":"2022-03-15T14:22:23","slug":"inmunol-capsulas","status":"publish","type":"product","link":"https:\/\/drasanvi.com\/fr\/producto\/inmunol-capsulas\/","title":{"rendered":"Inmunol C\u00e1psulas"},"content":{"rendered":"<h2>Ingredientes<\/h2>\n<p>Ingredientes Cantidad \/ dosis diaria Fructooligosac\u00e1ridos Procedente de mezcla de frutas y verduras 272 mg Pr\u00f3polis Aporta bioflavonoides (galangina 5%) 62,5 mg3,125 mg Extracto seco de Reishi Ganoderma lucidum (Leyss. ex. Fr.) Karst.con aporte en polisacaridos (20%) 50 mg Extracto seco de Tomillo Thymus vulgaris L. con aporte en timol (2%) 25 mg Fermentos l\u00e1cticos\u00a0(Proviene de 9 cepas diferentes y una matriz de gastroprotecci\u00f3n) Almid\u00f3n de ma\u00edz, Maltodextrina de ma\u00edz, Fructooligosac\u00e1ridos, Inulina, Dextrina de ma\u00edz, Cloruro de potasio, Proteina vegetal hidrolizada, Sulfato de magnesio) cepas bacterianas (Bifidobacterium lactis (2 cepas), Enterococcus faecium, Lactobacillus acidophilus, Lactobacillus paracasei, Lactobacillus plantarum (2 cepas), Lactobacillus salivarius, Lactococcus lactis), Enzima amilasa, Aroma de Vainilla, Sulfato de manganeso. 1 g aporta 1000 millones de c\u00e9lulas vivas. 30 mg Vitamina C Como \u00c1cido asc\u00f3rbico 30 mg Extracto seco de Equinacea purpurea Echinacea purpurea (L) Moench con aporte en Echinacosidos (0,6%) 25 mg0,15 mg Extracto seco de Shitake Lentinula edodes (Berk.) Pegler aporta polisacariodos (10%) 20 mg 2 mg Extracto seco de Equinacea angustifolia Echinacea angustifolia DC con aporte en \u00c1cido chic\u00f3rico (2%) Echinacea angustifolia DC con aporte en Echinaceina (4%) 5 mg 0,1 mg 0,2 mg Cobre Como Gluconato de cobre 1 mg Selenio En forma de Selenito de Sodio 0,1 mg Otros ingredientes: Celulosa Microcristalina, Magnesio Estearato, Di\u00f3xido de Silicio y Hidroxipropilmetilcelulosa (Agente de recubrimiento). \u00a0Sin azucares a\u00f1adidios, ni conservantes ni colorantes. C\u00e1psulas vegetales<\/p>\n<h2>Modo de uso<\/h2>\n<p>Tomar 1-2 c\u00e1psulas al d\u00eda acompa\u00f1adas de agua o zumo.<\/p>\n<h3>Presentaci\u00f3n<\/h3>\n<p>Envase de 36 c\u00e1psulas vegetales de 816 mg. Peso total: 29,38 g (1.03 oz)<\/p>\n<h3>Advertencias<\/h3>\n<p>Complemento alimenticio a base de pr\u00f3polis, fermentos l\u00e1cticos, plantas, vitaminas y minerales.\u00a0\u00a0No superar la dosis diaria expresamente recomendada; Los complementos alimenticios no deben utilizarse como sustituto de una dieta equilibrada; Mantener fuera del alcance de los ni\u00f1os m\u00e1s peque\u00f1os. Conservar en un lugar fresco y seco. No usar en embarazadas ni en menores de 12 a\u00f1os. Un consumo excesivo puede causar malestar intestinal. Evitar el consumo junto con medicamentos y otros complementos alimenticios a base de fibra.<\/p>\n<h2>Informaci\u00f3n adicional<\/h2>\n<p>ingrediente descripcion dosis diaria Fructooligosac\u00e1ridos \u00a0 272 mg Agente de recubrimiento (Hidroxipropilmetilcelulosa) 130 mg Agente de carga (Celulosa microcristalina) 125 mg Extracto seco de Pr\u00f3polis (Galangina 5%) 62,5 mg Extracto seco de Reishi (Ganoderma lucidum (Leyss. ex. Fr.) Karst., polisacaridos 20% ) 50 mg Fermentos l\u00e1cticos (Almid\u00f3n de ma\u00edz, Maltodextrina de ma\u00edz, Fructooligosac\u00e1ridos, Inulina, Dextrina de ma\u00edz, Cloruro de potasio, Proteina vegetal hidrolizada, Sulfato de magnesio), Bifidobacterium lactis (2 cepas), Enterococcus faecium, Lactobacillus acidophilus, Lactobacillus paracasei, Lactobacillus plantarum (2 cepas), Lactobacillus salivarius, Lactococcus lactis, Enzima amilasa, Aroma de Vainilla, Sulfato de manganeso) 30 mg Vitamina C (\u00c1cido Asc\u00f3rbico) 30 mg Antiaglomerante (Estearato de magnesio) 30 mg Extracto seco de Tomillo (Thymus vulgaris L., timol al 2%) 25 mg Extracto seco de Echinacea purpurea (Echinacea purpurea (L) Moench, ratio 3:1) 25 mg Extracto seco de Shitake (Lentinula edodes (Berk.) Pegler, ratio 5:1 polisacaridos 10%) 20 mg Antiaglomerante (Di\u00f3xido de silicio) 10 mg Extracto seco de Echinacea angustifolia (Echinacea angustifolia DC, ratio 3:1) 5 mg Gluconato de cobre (Cobre 12%) 1 mg Selenito de sodio (Selenio 45%) 0,1 mg<\/p>\n<p>Por dosis diaria (2 c\u00e1psulas) Ingrediente Porcentaje Cantidad Selenio 166% 91.3 \u00b5g Vitamina C 75% 60 mg Cobre 24% 0,24 mg % VRN (Valores Recomendados de Nutrientes)<\/p>\n","protected":false},"excerpt":{"rendered":"<p>Contribuye al mantenimiento del sistema inmunitario en condiciones normales. Inmunol es un complemento alimenticio formulado con hongos, de utilizaci\u00f3n milenaria, llamados Reishi y Shiitake, minerales como el cobre y el selenio, vitamina C que contribuyen al mantenimiento del sistema inmunitario en condiciones normales, Tomillo, Equin\u00e1cea y Pr\u00f3polis.<br \/>\n<a id=\"boton-ficha\" href=\"https:\/\/panel.drasanvi.com\/fichas\/1\/032050028\" target=\"_blank\" rel=\"noopener\">Ficha t\u00e9cnica<\/a><\/p>\n","protected":false},"featured_media":20184,"template":"","meta":{"inline_featured_image":false},"product_cat":[96],"product_tag":[],"class_list":["post-12780","product","type-product","status-publish","has-post-thumbnail","hentry","product_cat-defensa-invierno","pa_contiene-altramuces-no","pa_contiene-apio-no","pa_contiene-cacahuetes-no","pa_contiene-crustaceos-no","pa_contiene-frutos-secos-no","pa_contiene-huevo-no","pa_contiene-leche-no","pa_contiene-moluscos-no","pa_contiene-mostaza-no","pa_contiene-pescado-no","pa_contiene-sesamo-no","pa_contiene-soja-no","pa_producto-bio-no","pa_producto-sin-gluten-si","pa_producto-vegano-no","pa_producto-vegetariano-si"],"yoast_head":"<!-- This site is optimized with the Yoast SEO plugin v27.5 - https:\/\/yoast.com\/product\/yoast-seo-wordpress\/ -->\n<title>Inmunol C\u00e1psulas - Drasanvi Francia<\/title>\n<meta name=\"robots\" content=\"index, follow, max-snippet:-1, max-image-preview:large, max-video-preview:-1\" \/>\n<link rel=\"canonical\" href=\"https:\/\/drasanvi.com\/fr\/producto\/inmunol-capsulas\/\" \/>\n<meta property=\"og:locale\" content=\"fr_FR\" \/>\n<meta property=\"og:type\" content=\"article\" \/>\n<meta property=\"og:title\" content=\"Inmunol C\u00e1psulas - Drasanvi Francia\" \/>\n<meta property=\"og:description\" content=\"Contribuye al mantenimiento del sistema inmunitario en condiciones normales. Inmunol es un complemento alimenticio formulado con hongos, de utilizaci\u00f3n milenaria, llamados Reishi y Shiitake, minerales como el cobre y el selenio, vitamina C que contribuyen al mantenimiento del sistema inmunitario en condiciones normales, Tomillo, Equin\u00e1cea y Pr\u00f3polis. Ficha t\u00e9cnica\" \/>\n<meta property=\"og:url\" content=\"https:\/\/drasanvi.com\/fr\/producto\/inmunol-capsulas\/\" \/>\n<meta property=\"og:site_name\" content=\"Drasanvi Francia\" \/>\n<meta property=\"article:modified_time\" content=\"2022-03-15T14:22:23+00:00\" \/>\n<meta property=\"og:image\" content=\"https:\/\/drasanvi.com\/wp-content\/uploads\/sites\/7\/2022\/02\/032050028.png\" \/>\n\t<meta property=\"og:image:width\" content=\"1000\" \/>\n\t<meta property=\"og:image:height\" content=\"1000\" \/>\n\t<meta property=\"og:image:type\" content=\"image\/png\" \/>\n<meta name=\"twitter:card\" content=\"summary_large_image\" \/>\n<script type=\"application\/ld+json\" class=\"yoast-schema-graph\">{\"@context\":\"https:\\\/\\\/schema.org\",\"@graph\":[{\"@type\":\"WebPage\",\"@id\":\"https:\\\/\\\/drasanvi.com\\\/fr\\\/producto\\\/inmunol-capsulas\\\/\",\"url\":\"https:\\\/\\\/drasanvi.com\\\/fr\\\/producto\\\/inmunol-capsulas\\\/\",\"name\":\"Inmunol C\u00e1psulas - Drasanvi Francia\",\"isPartOf\":{\"@id\":\"https:\\\/\\\/drasanvi.com\\\/fr\\\/#website\"},\"primaryImageOfPage\":{\"@id\":\"https:\\\/\\\/drasanvi.com\\\/fr\\\/producto\\\/inmunol-capsulas\\\/#primaryimage\"},\"image\":{\"@id\":\"https:\\\/\\\/drasanvi.com\\\/fr\\\/producto\\\/inmunol-capsulas\\\/#primaryimage\"},\"thumbnailUrl\":\"https:\\\/\\\/drasanvi.com\\\/fr\\\/wp-content\\\/uploads\\\/sites\\\/7\\\/2022\\\/02\\\/032050028.png\",\"datePublished\":\"2022-02-28T13:07:40+00:00\",\"dateModified\":\"2022-03-15T14:22:23+00:00\",\"breadcrumb\":{\"@id\":\"https:\\\/\\\/drasanvi.com\\\/fr\\\/producto\\\/inmunol-capsulas\\\/#breadcrumb\"},\"inLanguage\":\"fr-FR\",\"potentialAction\":[{\"@type\":\"ReadAction\",\"target\":[\"https:\\\/\\\/drasanvi.com\\\/fr\\\/producto\\\/inmunol-capsulas\\\/\"]}]},{\"@type\":\"ImageObject\",\"inLanguage\":\"fr-FR\",\"@id\":\"https:\\\/\\\/drasanvi.com\\\/fr\\\/producto\\\/inmunol-capsulas\\\/#primaryimage\",\"url\":\"https:\\\/\\\/drasanvi.com\\\/fr\\\/wp-content\\\/uploads\\\/sites\\\/7\\\/2022\\\/02\\\/032050028.png\",\"contentUrl\":\"https:\\\/\\\/drasanvi.com\\\/fr\\\/wp-content\\\/uploads\\\/sites\\\/7\\\/2022\\\/02\\\/032050028.png\",\"width\":1000,\"height\":1000},{\"@type\":\"BreadcrumbList\",\"@id\":\"https:\\\/\\\/drasanvi.com\\\/fr\\\/producto\\\/inmunol-capsulas\\\/#breadcrumb\",\"itemListElement\":[{\"@type\":\"ListItem\",\"position\":1,\"name\":\"Portada\",\"item\":\"https:\\\/\\\/drasanvi.com\\\/fr\\\/\"},{\"@type\":\"ListItem\",\"position\":2,\"name\":\"Tienda\",\"item\":\"https:\\\/\\\/drasanvi.com\\\/fr\\\/tienda\\\/\"},{\"@type\":\"ListItem\",\"position\":3,\"name\":\"Inmunol C\u00e1psulas\"}]},{\"@type\":\"WebSite\",\"@id\":\"https:\\\/\\\/drasanvi.com\\\/fr\\\/#website\",\"url\":\"https:\\\/\\\/drasanvi.com\\\/fr\\\/\",\"name\":\"Drasanvi Francia\",\"description\":\"L\u00edder en complementos alimenticios y cosm\u00e9tica natural.\",\"publisher\":{\"@id\":\"https:\\\/\\\/drasanvi.com\\\/fr\\\/#organization\"},\"potentialAction\":[{\"@type\":\"SearchAction\",\"target\":{\"@type\":\"EntryPoint\",\"urlTemplate\":\"https:\\\/\\\/drasanvi.com\\\/fr\\\/?s={search_term_string}\"},\"query-input\":{\"@type\":\"PropertyValueSpecification\",\"valueRequired\":true,\"valueName\":\"search_term_string\"}}],\"inLanguage\":\"fr-FR\"},{\"@type\":\"Organization\",\"@id\":\"https:\\\/\\\/drasanvi.com\\\/fr\\\/#organization\",\"name\":\"Drasanvi\",\"url\":\"https:\\\/\\\/drasanvi.com\\\/fr\\\/\",\"logo\":{\"@type\":\"ImageObject\",\"inLanguage\":\"fr-FR\",\"@id\":\"https:\\\/\\\/drasanvi.com\\\/fr\\\/#\\\/schema\\\/logo\\\/image\\\/\",\"url\":\"https:\\\/\\\/drasanvi.com\\\/wp-content\\\/uploads\\\/sites\\\/7\\\/2021\\\/07\\\/logo-drasanvi.png\",\"contentUrl\":\"https:\\\/\\\/drasanvi.com\\\/wp-content\\\/uploads\\\/sites\\\/7\\\/2021\\\/07\\\/logo-drasanvi.png\",\"width\":900,\"height\":300,\"caption\":\"Drasanvi\"},\"image\":{\"@id\":\"https:\\\/\\\/drasanvi.com\\\/fr\\\/#\\\/schema\\\/logo\\\/image\\\/\"}}]}<\/script>\n<!-- \/ Yoast SEO plugin. -->","yoast_head_json":{"title":"Inmunol C\u00e1psulas - Drasanvi Francia","robots":{"index":"index","follow":"follow","max-snippet":"max-snippet:-1","max-image-preview":"max-image-preview:large","max-video-preview":"max-video-preview:-1"},"canonical":"https:\/\/drasanvi.com\/fr\/producto\/inmunol-capsulas\/","og_locale":"fr_FR","og_type":"article","og_title":"Inmunol C\u00e1psulas - Drasanvi Francia","og_description":"Contribuye al mantenimiento del sistema inmunitario en condiciones normales. Inmunol es un complemento alimenticio formulado con hongos, de utilizaci\u00f3n milenaria, llamados Reishi y Shiitake, minerales como el cobre y el selenio, vitamina C que contribuyen al mantenimiento del sistema inmunitario en condiciones normales, Tomillo, Equin\u00e1cea y Pr\u00f3polis. Ficha t\u00e9cnica","og_url":"https:\/\/drasanvi.com\/fr\/producto\/inmunol-capsulas\/","og_site_name":"Drasanvi Francia","article_modified_time":"2022-03-15T14:22:23+00:00","og_image":[{"width":1000,"height":1000,"url":"https:\/\/drasanvi.com\/wp-content\/uploads\/sites\/7\/2022\/02\/032050028.png","type":"image\/png"}],"twitter_card":"summary_large_image","schema":{"@context":"https:\/\/schema.org","@graph":[{"@type":"WebPage","@id":"https:\/\/drasanvi.com\/fr\/producto\/inmunol-capsulas\/","url":"https:\/\/drasanvi.com\/fr\/producto\/inmunol-capsulas\/","name":"Inmunol C\u00e1psulas - Drasanvi Francia","isPartOf":{"@id":"https:\/\/drasanvi.com\/fr\/#website"},"primaryImageOfPage":{"@id":"https:\/\/drasanvi.com\/fr\/producto\/inmunol-capsulas\/#primaryimage"},"image":{"@id":"https:\/\/drasanvi.com\/fr\/producto\/inmunol-capsulas\/#primaryimage"},"thumbnailUrl":"https:\/\/drasanvi.com\/fr\/wp-content\/uploads\/sites\/7\/2022\/02\/032050028.png","datePublished":"2022-02-28T13:07:40+00:00","dateModified":"2022-03-15T14:22:23+00:00","breadcrumb":{"@id":"https:\/\/drasanvi.com\/fr\/producto\/inmunol-capsulas\/#breadcrumb"},"inLanguage":"fr-FR","potentialAction":[{"@type":"ReadAction","target":["https:\/\/drasanvi.com\/fr\/producto\/inmunol-capsulas\/"]}]},{"@type":"ImageObject","inLanguage":"fr-FR","@id":"https:\/\/drasanvi.com\/fr\/producto\/inmunol-capsulas\/#primaryimage","url":"https:\/\/drasanvi.com\/fr\/wp-content\/uploads\/sites\/7\/2022\/02\/032050028.png","contentUrl":"https:\/\/drasanvi.com\/fr\/wp-content\/uploads\/sites\/7\/2022\/02\/032050028.png","width":1000,"height":1000},{"@type":"BreadcrumbList","@id":"https:\/\/drasanvi.com\/fr\/producto\/inmunol-capsulas\/#breadcrumb","itemListElement":[{"@type":"ListItem","position":1,"name":"Portada","item":"https:\/\/drasanvi.com\/fr\/"},{"@type":"ListItem","position":2,"name":"Tienda","item":"https:\/\/drasanvi.com\/fr\/tienda\/"},{"@type":"ListItem","position":3,"name":"Inmunol C\u00e1psulas"}]},{"@type":"WebSite","@id":"https:\/\/drasanvi.com\/fr\/#website","url":"https:\/\/drasanvi.com\/fr\/","name":"Drasanvi Francia","description":"L\u00edder en complementos alimenticios y cosm\u00e9tica natural.","publisher":{"@id":"https:\/\/drasanvi.com\/fr\/#organization"},"potentialAction":[{"@type":"SearchAction","target":{"@type":"EntryPoint","urlTemplate":"https:\/\/drasanvi.com\/fr\/?s={search_term_string}"},"query-input":{"@type":"PropertyValueSpecification","valueRequired":true,"valueName":"search_term_string"}}],"inLanguage":"fr-FR"},{"@type":"Organization","@id":"https:\/\/drasanvi.com\/fr\/#organization","name":"Drasanvi","url":"https:\/\/drasanvi.com\/fr\/","logo":{"@type":"ImageObject","inLanguage":"fr-FR","@id":"https:\/\/drasanvi.com\/fr\/#\/schema\/logo\/image\/","url":"https:\/\/drasanvi.com\/wp-content\/uploads\/sites\/7\/2021\/07\/logo-drasanvi.png","contentUrl":"https:\/\/drasanvi.com\/wp-content\/uploads\/sites\/7\/2021\/07\/logo-drasanvi.png","width":900,"height":300,"caption":"Drasanvi"},"image":{"@id":"https:\/\/drasanvi.com\/fr\/#\/schema\/logo\/image\/"}}]}},"_links":{"self":[{"href":"https:\/\/drasanvi.com\/fr\/wp-json\/wp\/v2\/product\/12780","targetHints":{"allow":["GET"]}}],"collection":[{"href":"https:\/\/drasanvi.com\/fr\/wp-json\/wp\/v2\/product"}],"about":[{"href":"https:\/\/drasanvi.com\/fr\/wp-json\/wp\/v2\/types\/product"}],"version-history":[{"count":0,"href":"https:\/\/drasanvi.com\/fr\/wp-json\/wp\/v2\/product\/12780\/revisions"}],"wp:featuredmedia":[{"embeddable":true,"href":"https:\/\/drasanvi.com\/fr\/wp-json\/wp\/v2\/media\/20184"}],"wp:attachment":[{"href":"https:\/\/drasanvi.com\/fr\/wp-json\/wp\/v2\/media?parent=12780"}],"wp:term":[{"taxonomy":"product_cat","embeddable":true,"href":"https:\/\/drasanvi.com\/fr\/wp-json\/wp\/v2\/product_cat?post=12780"},{"taxonomy":"product_tag","embeddable":true,"href":"https:\/\/drasanvi.com\/fr\/wp-json\/wp\/v2\/product_tag?post=12780"}],"curies":[{"name":"wp","href":"https:\/\/api.w.org\/{rel}","templated":true}]}}