{"id":12764,"date":"2022-02-28T15:02:59","date_gmt":"2022-02-28T13:02:59","guid":{"rendered":"https:\/\/drasanvi.com\/fr\/?post_type=product&#038;p=12764"},"modified":"2022-03-15T15:58:17","modified_gmt":"2022-03-15T13:58:17","slug":"collmar-comprimidos-masticables-sabor-cereza","status":"publish","type":"product","link":"https:\/\/drasanvi.com\/fr\/producto\/collmar-comprimidos-masticables-sabor-cereza\/","title":{"rendered":"Collmar comprimidos masticables sabor cereza"},"content":{"rendered":"<h2>Ingredientes<\/h2>\n<p>INGREDIENTES CANTIDAD DOSIS DIARIA Col\u00e1geno Marino Hidrolizado enzim\u00e1ticamente (Tipo I) Muy bajo peso molecular 3.900 mg \u00d3xido de Magnesio Con aporte en Magnesio (40%) 562,5 mg 226,56 mg Extracto de Acerola (Malpighia punicifolia\u00a0 al 25% en Vitamina C) 80 mg 20mg\u00a0 \u00c1cido hialur\u00f3nico Procedente de fermentaci\u00f3n bacteriana 10,02 mg Otros ingredientes: D-Manitol, (Agente de carga),\u00a0Almid\u00f3n de ma\u00edz\u00a0(Agente de carga), \u00a0\u00c1cido\u00a0c\u00edtrico (Acidificante), Aroma de cereza,\u00a0Estearato de magnesio (Agente de carga), Di\u00f3xido de Silicio (Antiaglomerante) y Sucralosa (Edulcorante) Sin colorantes, conservantes ni az\u00facares a\u00f1adidos.<\/p>\n<h2>Modo de uso<\/h2>\n<p>Tomar 6 comprimidos a lo largo del d\u00eda, masticados o disueltos directamente en la boca.<\/p>\n<h3>Presentaci\u00f3n<\/h3>\n<p>Envase 180 comprimidos de 1090 mg. Peso total 196 g (7.05 oz)<\/p>\n<h3>Advertencias<\/h3>\n<p>Complemento alimenticio a base de col\u00e1geno, plantas y minerales con edulcorante.Los complementos alimenticios no deben utilizarse como sustituto de una dieta equilibrada. No superar la dosis diaria expresamente recomendada. Mantener fuera del alcance de los ni\u00f1os m\u00e1s peque\u00f1os. Conservar en un lugar fresco y seco. Un consumo excesivo puede producir efectos laxantes. Contiene pescado<\/p>\n<h2>Informaci\u00f3n adicional<\/h2>\n<p>Ingrediente Descripci\u00f3n Dosis diaria Col\u00e1geno Marino Hidrolizado Enzimaticamente (Tipo I, muy bajo peso molecular) 3.900 mg D-Manitol \u00a0Agente de carga \u00a01122,46 mg \u00d3xido de Magnesio (Magnesio 40%) 562,5 mg Almid\u00f3n de ma\u00edz (Agente de carga ) 280,61 mg \u00c1cido c\u00edtrico (Acidificante) 210 mg\u00a0 Aroma de cereza (Aroma) 180 mg\u00a0 Estearato de magnesio (Agente de carga) 144 mg Extracto seco de Acerola (Malpighia punicifolia\u00a0 al 25% en Vitamina C) 80 mg Di\u00f3xido de Silicio (Antiaglomerante) 36 mg Sucralosa (Edulcorante) 14,4 mg \u00c1cido Hialur\u00f3nico \u00a0 10,02 mg<\/p>\n<p>por dosis diaria Ingrediente Porcentaje Cantidad Vitamina C 25% 20 mg Magnesio 61% 226,56 mg % VRN (Cantidad Diaria Recomendada)<\/p>\n","protected":false},"excerpt":{"rendered":"<p>Nuestra l\u00ednea Collmar sigue creciendo, esta vez incorporando comprimidos masticables de sabor cereza con una nueva formulaci\u00f3n que facilita la toma.De esta manera, podr\u00e1 morder o deshacer lentamente los comprimidos en la boca, aportando todos los beneficios del Collmar a cualquier hora del d\u00eda.Un sabor fresco y refrescante acompa\u00f1ar\u00e1 a tu nuevo Collmar, con Col\u00e1geno Marino Hidrolizado enzimaticamente, \u00c1cido hialur\u00f3nico, Magnesio y Vitamina C, que contribuye a la formaci\u00f3n normal de Col\u00e1geno para el funcionamiento normal de cart\u00edlago, huesos y piel.<br \/>\n<a id=\"boton-ficha\" href=\"https:\/\/panel.drasanvi.com\/fichas\/1\/032050376\" target=\"_blank\" rel=\"noopener\">Ficha t\u00e9cnica<\/a><\/p>\n","protected":false},"featured_media":19958,"template":"","meta":{"inline_featured_image":false},"product_cat":[101],"product_tag":[],"class_list":["post-12764","product","type-product","status-publish","has-post-thumbnail","hentry","product_cat-huesos-articulaciones","pa_contiene-altramuces-no","pa_contiene-apio-no","pa_contiene-cacahuetes-no","pa_contiene-crustaceos-no","pa_contiene-frutos-secos-no","pa_contiene-huevo-no","pa_contiene-leche-no","pa_contiene-moluscos-no","pa_contiene-mostaza-no","pa_contiene-pescado-si","pa_contiene-sesamo-no","pa_contiene-soja-no","pa_producto-bio-no","pa_producto-sin-gluten-si","pa_producto-vegano-no","pa_producto-vegetariano-no"],"yoast_head":"<!-- This site is optimized with the Yoast SEO plugin v27.5 - https:\/\/yoast.com\/product\/yoast-seo-wordpress\/ -->\n<title>Collmar comprimidos masticables sabor cereza - Drasanvi Francia<\/title>\n<meta name=\"robots\" content=\"index, follow, max-snippet:-1, max-image-preview:large, max-video-preview:-1\" \/>\n<link rel=\"canonical\" href=\"https:\/\/drasanvi.com\/fr\/producto\/collmar-comprimidos-masticables-sabor-cereza\/\" \/>\n<meta property=\"og:locale\" content=\"fr_FR\" \/>\n<meta property=\"og:type\" content=\"article\" \/>\n<meta property=\"og:title\" content=\"Collmar comprimidos masticables sabor cereza - Drasanvi Francia\" \/>\n<meta property=\"og:description\" content=\"Nuestra l\u00ednea Collmar sigue creciendo, esta vez incorporando comprimidos masticables de sabor cereza con una nueva formulaci\u00f3n que facilita la toma.De esta manera, podr\u00e1 morder o deshacer lentamente los comprimidos en la boca, aportando todos los beneficios del Collmar a cualquier hora del d\u00eda.Un sabor fresco y refrescante acompa\u00f1ar\u00e1 a tu nuevo Collmar, con Col\u00e1geno Marino Hidrolizado enzimaticamente, \u00c1cido hialur\u00f3nico, Magnesio y Vitamina C, que contribuye a la formaci\u00f3n normal de Col\u00e1geno para el funcionamiento normal de cart\u00edlago, huesos y piel. Ficha t\u00e9cnica\" \/>\n<meta property=\"og:url\" content=\"https:\/\/drasanvi.com\/fr\/producto\/collmar-comprimidos-masticables-sabor-cereza\/\" \/>\n<meta property=\"og:site_name\" content=\"Drasanvi Francia\" \/>\n<meta property=\"article:modified_time\" content=\"2022-03-15T13:58:17+00:00\" \/>\n<meta property=\"og:image\" content=\"https:\/\/drasanvi.com\/wp-content\/uploads\/sites\/7\/2022\/02\/032050376.png\" \/>\n\t<meta property=\"og:image:width\" content=\"1000\" \/>\n\t<meta property=\"og:image:height\" content=\"1000\" \/>\n\t<meta property=\"og:image:type\" content=\"image\/png\" \/>\n<meta name=\"twitter:card\" content=\"summary_large_image\" \/>\n<script type=\"application\/ld+json\" class=\"yoast-schema-graph\">{\"@context\":\"https:\\\/\\\/schema.org\",\"@graph\":[{\"@type\":\"WebPage\",\"@id\":\"https:\\\/\\\/drasanvi.com\\\/fr\\\/producto\\\/collmar-comprimidos-masticables-sabor-cereza\\\/\",\"url\":\"https:\\\/\\\/drasanvi.com\\\/fr\\\/producto\\\/collmar-comprimidos-masticables-sabor-cereza\\\/\",\"name\":\"Collmar comprimidos masticables sabor cereza - Drasanvi Francia\",\"isPartOf\":{\"@id\":\"https:\\\/\\\/drasanvi.com\\\/fr\\\/#website\"},\"primaryImageOfPage\":{\"@id\":\"https:\\\/\\\/drasanvi.com\\\/fr\\\/producto\\\/collmar-comprimidos-masticables-sabor-cereza\\\/#primaryimage\"},\"image\":{\"@id\":\"https:\\\/\\\/drasanvi.com\\\/fr\\\/producto\\\/collmar-comprimidos-masticables-sabor-cereza\\\/#primaryimage\"},\"thumbnailUrl\":\"https:\\\/\\\/drasanvi.com\\\/fr\\\/wp-content\\\/uploads\\\/sites\\\/7\\\/2022\\\/02\\\/032050376.png\",\"datePublished\":\"2022-02-28T13:02:59+00:00\",\"dateModified\":\"2022-03-15T13:58:17+00:00\",\"breadcrumb\":{\"@id\":\"https:\\\/\\\/drasanvi.com\\\/fr\\\/producto\\\/collmar-comprimidos-masticables-sabor-cereza\\\/#breadcrumb\"},\"inLanguage\":\"fr-FR\",\"potentialAction\":[{\"@type\":\"ReadAction\",\"target\":[\"https:\\\/\\\/drasanvi.com\\\/fr\\\/producto\\\/collmar-comprimidos-masticables-sabor-cereza\\\/\"]}]},{\"@type\":\"ImageObject\",\"inLanguage\":\"fr-FR\",\"@id\":\"https:\\\/\\\/drasanvi.com\\\/fr\\\/producto\\\/collmar-comprimidos-masticables-sabor-cereza\\\/#primaryimage\",\"url\":\"https:\\\/\\\/drasanvi.com\\\/fr\\\/wp-content\\\/uploads\\\/sites\\\/7\\\/2022\\\/02\\\/032050376.png\",\"contentUrl\":\"https:\\\/\\\/drasanvi.com\\\/fr\\\/wp-content\\\/uploads\\\/sites\\\/7\\\/2022\\\/02\\\/032050376.png\",\"width\":1000,\"height\":1000},{\"@type\":\"BreadcrumbList\",\"@id\":\"https:\\\/\\\/drasanvi.com\\\/fr\\\/producto\\\/collmar-comprimidos-masticables-sabor-cereza\\\/#breadcrumb\",\"itemListElement\":[{\"@type\":\"ListItem\",\"position\":1,\"name\":\"Portada\",\"item\":\"https:\\\/\\\/drasanvi.com\\\/fr\\\/\"},{\"@type\":\"ListItem\",\"position\":2,\"name\":\"Tienda\",\"item\":\"https:\\\/\\\/drasanvi.com\\\/fr\\\/tienda\\\/\"},{\"@type\":\"ListItem\",\"position\":3,\"name\":\"Collmar comprimidos masticables sabor cereza\"}]},{\"@type\":\"WebSite\",\"@id\":\"https:\\\/\\\/drasanvi.com\\\/fr\\\/#website\",\"url\":\"https:\\\/\\\/drasanvi.com\\\/fr\\\/\",\"name\":\"Drasanvi Francia\",\"description\":\"L\u00edder en complementos alimenticios y cosm\u00e9tica natural.\",\"publisher\":{\"@id\":\"https:\\\/\\\/drasanvi.com\\\/fr\\\/#organization\"},\"potentialAction\":[{\"@type\":\"SearchAction\",\"target\":{\"@type\":\"EntryPoint\",\"urlTemplate\":\"https:\\\/\\\/drasanvi.com\\\/fr\\\/?s={search_term_string}\"},\"query-input\":{\"@type\":\"PropertyValueSpecification\",\"valueRequired\":true,\"valueName\":\"search_term_string\"}}],\"inLanguage\":\"fr-FR\"},{\"@type\":\"Organization\",\"@id\":\"https:\\\/\\\/drasanvi.com\\\/fr\\\/#organization\",\"name\":\"Drasanvi\",\"url\":\"https:\\\/\\\/drasanvi.com\\\/fr\\\/\",\"logo\":{\"@type\":\"ImageObject\",\"inLanguage\":\"fr-FR\",\"@id\":\"https:\\\/\\\/drasanvi.com\\\/fr\\\/#\\\/schema\\\/logo\\\/image\\\/\",\"url\":\"https:\\\/\\\/drasanvi.com\\\/wp-content\\\/uploads\\\/sites\\\/7\\\/2021\\\/07\\\/logo-drasanvi.png\",\"contentUrl\":\"https:\\\/\\\/drasanvi.com\\\/wp-content\\\/uploads\\\/sites\\\/7\\\/2021\\\/07\\\/logo-drasanvi.png\",\"width\":900,\"height\":300,\"caption\":\"Drasanvi\"},\"image\":{\"@id\":\"https:\\\/\\\/drasanvi.com\\\/fr\\\/#\\\/schema\\\/logo\\\/image\\\/\"}}]}<\/script>\n<!-- \/ Yoast SEO plugin. -->","yoast_head_json":{"title":"Collmar comprimidos masticables sabor cereza - Drasanvi Francia","robots":{"index":"index","follow":"follow","max-snippet":"max-snippet:-1","max-image-preview":"max-image-preview:large","max-video-preview":"max-video-preview:-1"},"canonical":"https:\/\/drasanvi.com\/fr\/producto\/collmar-comprimidos-masticables-sabor-cereza\/","og_locale":"fr_FR","og_type":"article","og_title":"Collmar comprimidos masticables sabor cereza - Drasanvi Francia","og_description":"Nuestra l\u00ednea Collmar sigue creciendo, esta vez incorporando comprimidos masticables de sabor cereza con una nueva formulaci\u00f3n que facilita la toma.De esta manera, podr\u00e1 morder o deshacer lentamente los comprimidos en la boca, aportando todos los beneficios del Collmar a cualquier hora del d\u00eda.Un sabor fresco y refrescante acompa\u00f1ar\u00e1 a tu nuevo Collmar, con Col\u00e1geno Marino Hidrolizado enzimaticamente, \u00c1cido hialur\u00f3nico, Magnesio y Vitamina C, que contribuye a la formaci\u00f3n normal de Col\u00e1geno para el funcionamiento normal de cart\u00edlago, huesos y piel. Ficha t\u00e9cnica","og_url":"https:\/\/drasanvi.com\/fr\/producto\/collmar-comprimidos-masticables-sabor-cereza\/","og_site_name":"Drasanvi Francia","article_modified_time":"2022-03-15T13:58:17+00:00","og_image":[{"width":1000,"height":1000,"url":"https:\/\/drasanvi.com\/wp-content\/uploads\/sites\/7\/2022\/02\/032050376.png","type":"image\/png"}],"twitter_card":"summary_large_image","schema":{"@context":"https:\/\/schema.org","@graph":[{"@type":"WebPage","@id":"https:\/\/drasanvi.com\/fr\/producto\/collmar-comprimidos-masticables-sabor-cereza\/","url":"https:\/\/drasanvi.com\/fr\/producto\/collmar-comprimidos-masticables-sabor-cereza\/","name":"Collmar comprimidos masticables sabor cereza - Drasanvi Francia","isPartOf":{"@id":"https:\/\/drasanvi.com\/fr\/#website"},"primaryImageOfPage":{"@id":"https:\/\/drasanvi.com\/fr\/producto\/collmar-comprimidos-masticables-sabor-cereza\/#primaryimage"},"image":{"@id":"https:\/\/drasanvi.com\/fr\/producto\/collmar-comprimidos-masticables-sabor-cereza\/#primaryimage"},"thumbnailUrl":"https:\/\/drasanvi.com\/fr\/wp-content\/uploads\/sites\/7\/2022\/02\/032050376.png","datePublished":"2022-02-28T13:02:59+00:00","dateModified":"2022-03-15T13:58:17+00:00","breadcrumb":{"@id":"https:\/\/drasanvi.com\/fr\/producto\/collmar-comprimidos-masticables-sabor-cereza\/#breadcrumb"},"inLanguage":"fr-FR","potentialAction":[{"@type":"ReadAction","target":["https:\/\/drasanvi.com\/fr\/producto\/collmar-comprimidos-masticables-sabor-cereza\/"]}]},{"@type":"ImageObject","inLanguage":"fr-FR","@id":"https:\/\/drasanvi.com\/fr\/producto\/collmar-comprimidos-masticables-sabor-cereza\/#primaryimage","url":"https:\/\/drasanvi.com\/fr\/wp-content\/uploads\/sites\/7\/2022\/02\/032050376.png","contentUrl":"https:\/\/drasanvi.com\/fr\/wp-content\/uploads\/sites\/7\/2022\/02\/032050376.png","width":1000,"height":1000},{"@type":"BreadcrumbList","@id":"https:\/\/drasanvi.com\/fr\/producto\/collmar-comprimidos-masticables-sabor-cereza\/#breadcrumb","itemListElement":[{"@type":"ListItem","position":1,"name":"Portada","item":"https:\/\/drasanvi.com\/fr\/"},{"@type":"ListItem","position":2,"name":"Tienda","item":"https:\/\/drasanvi.com\/fr\/tienda\/"},{"@type":"ListItem","position":3,"name":"Collmar comprimidos masticables sabor cereza"}]},{"@type":"WebSite","@id":"https:\/\/drasanvi.com\/fr\/#website","url":"https:\/\/drasanvi.com\/fr\/","name":"Drasanvi Francia","description":"L\u00edder en complementos alimenticios y cosm\u00e9tica natural.","publisher":{"@id":"https:\/\/drasanvi.com\/fr\/#organization"},"potentialAction":[{"@type":"SearchAction","target":{"@type":"EntryPoint","urlTemplate":"https:\/\/drasanvi.com\/fr\/?s={search_term_string}"},"query-input":{"@type":"PropertyValueSpecification","valueRequired":true,"valueName":"search_term_string"}}],"inLanguage":"fr-FR"},{"@type":"Organization","@id":"https:\/\/drasanvi.com\/fr\/#organization","name":"Drasanvi","url":"https:\/\/drasanvi.com\/fr\/","logo":{"@type":"ImageObject","inLanguage":"fr-FR","@id":"https:\/\/drasanvi.com\/fr\/#\/schema\/logo\/image\/","url":"https:\/\/drasanvi.com\/wp-content\/uploads\/sites\/7\/2021\/07\/logo-drasanvi.png","contentUrl":"https:\/\/drasanvi.com\/wp-content\/uploads\/sites\/7\/2021\/07\/logo-drasanvi.png","width":900,"height":300,"caption":"Drasanvi"},"image":{"@id":"https:\/\/drasanvi.com\/fr\/#\/schema\/logo\/image\/"}}]}},"_links":{"self":[{"href":"https:\/\/drasanvi.com\/fr\/wp-json\/wp\/v2\/product\/12764","targetHints":{"allow":["GET"]}}],"collection":[{"href":"https:\/\/drasanvi.com\/fr\/wp-json\/wp\/v2\/product"}],"about":[{"href":"https:\/\/drasanvi.com\/fr\/wp-json\/wp\/v2\/types\/product"}],"version-history":[{"count":0,"href":"https:\/\/drasanvi.com\/fr\/wp-json\/wp\/v2\/product\/12764\/revisions"}],"wp:featuredmedia":[{"embeddable":true,"href":"https:\/\/drasanvi.com\/fr\/wp-json\/wp\/v2\/media\/19958"}],"wp:attachment":[{"href":"https:\/\/drasanvi.com\/fr\/wp-json\/wp\/v2\/media?parent=12764"}],"wp:term":[{"taxonomy":"product_cat","embeddable":true,"href":"https:\/\/drasanvi.com\/fr\/wp-json\/wp\/v2\/product_cat?post=12764"},{"taxonomy":"product_tag","embeddable":true,"href":"https:\/\/drasanvi.com\/fr\/wp-json\/wp\/v2\/product_tag?post=12764"}],"curies":[{"name":"wp","href":"https:\/\/api.w.org\/{rel}","templated":true}]}}