{"id":12746,"date":"2022-02-28T15:03:43","date_gmt":"2022-02-28T13:03:43","guid":{"rendered":"https:\/\/drasanvi.com\/fr\/?post_type=product&#038;p=12746"},"modified":"2022-04-12T16:38:37","modified_gmt":"2022-04-12T14:38:37","slug":"collmar-cremi-gel-efecto-frio","status":"publish","type":"product","link":"https:\/\/drasanvi.com\/fr\/producto\/collmar-cremi-gel-efecto-frio\/","title":{"rendered":"Collmar cremi-gel efecto fr\u00edo"},"content":{"rendered":"<h2>Ingredientes<\/h2>\n<p>AQUA(DEMINERALIZED WATER), ALCOHOL DENAT, BETAINE, ALOE BARBADENSIS LEAF EXTRACT, MENTHOL, SOLUBLE COLLAGEN, MENTHYL LACTATE, CURCUMA LONGA ROOT OIL, GAULTHERIA FRAGRANTISSIMA LEAF OIL, CAMPHOR, PHENOXYETHANOL, CARBOMER, ETHYLHEXYLGLYCERIN, SODIUM HYDROXIDE, CITRIC ACID, POTASSIUM SORBATE, SODIUM BENZOATE.<\/p>\n<h2>Modo de uso<\/h2>\n<p>Aplicar en cualquier momento del d\u00eda y masajear hasta su completa absorci\u00f3n. A continuaci\u00f3n, lavar las manos con abundante agua.<\/p>\n<h3>Presentaci\u00f3n<\/h3>\n<p>Envase de 75ml<\/p>\n<h3>Advertencias<\/h3>\n<p>Evite el contacto con ojos y \u00a0mucosas.No aplicar sobre llagas o heridas abiertas.<\/p>\n<h2>Informaci\u00f3n adicional<\/h2>\n<p>AQUA(DEMINERALIZED WATER), ALCOHOL DENAT, BETAINE, ALOE BARBADENSIS LEAF EXTRACT, MENTHOL, SOLUBLE COLLAGEN, MENTHYL LACTATE, CURCUMA LONGA ROOT OIL, GAULTHERIA FRAGRANTISSIMA LEAF OIL, CAMPHOR, PHENOXYETHANOL, CARBOMER, ETHYLHEXYLGLYCERIN, SODIUM HYDROXIDE, CITRIC ACID, POTASSIUM SORBATE, SODIUM BENZOATE.<\/p>\n<p>INGREDIENTES ACTIVOS: &#8211; \u00a0ALOE VERA: hidratante, reepitelizante, antiinflamatorio, reparador, ideal para pieles sensibles. &#8211; \u00a0BETAFIN BP-20: hidratante y antiirritante de origen natural. Adem\u00e1s de hidratar en profundidad act\u00faa disminuyendo la posible irritaci\u00f3n que pueda producir alg\u00fan componente de la formulaci\u00f3n.- COL\u00c1GENO MARINO: Contribuye a la mejora de la elasticidad e hidrataci\u00f3n de la piel.- AC. ESS. C\u00daRCUMA:\u00a0Potente antiinflamatorio- AC. ESS. WINTERGREEN:\u00a0Potente antiinflamatorio, antireum\u00e1tico, analg\u00e9sico, antiespasm\u00f3dico . &#8211; MENTHOL: \u00a0se obtiene de los aceites de algunas especies de Menta. Presenta propiedades refrescantes, analg\u00e9sicas y antibacterianas.- ALCANFOR: \u00a0este es absorbido r\u00e1pidamente por la\u00a0piel, dando una sensaci\u00f3n de enfriamiento similar a la del\u00a0mentol, actuando como un\u00a0anest\u00e9sico\u00a0local leve y como antimicrobiano.- MENTHYL LACTATE: \u00a0produce una sensaci\u00f3n de fr\u00edo de larga duraci\u00f3n que potencia el efecto del mentol y el alcanfor haci\u00e9ndolo m\u00e1s duradero en el tiempo.<\/p>\n","protected":false},"excerpt":{"rendered":"<p>Collmar cremi-gel efecto fr\u00edo alivia y reduce las molestias cotidianas. Los ingredientes que contiene su formulaci\u00f3n activan y mejoran la circulaci\u00f3n.Ideal para aliviar y calmar piernas cansadas o cualquier otra parte del cuerpo que sienta pesadez muscular o sensaci\u00f3n de fatiga.Se puede utilizar tanto para la pr\u00e1ctica deportiva (recomendamos despu\u00e9s del ejercicio) c\u00f3mo para el d\u00eda a d\u00eda de cualquier persona que sufra cualquier trastorno leve.Nuestra f\u00f3rmula est\u00e1 enriquecida con Col\u00e1geno Marino y aceites esenciales quimiotipados de Gaulteria y C\u00farcuma.<br \/>\n<a id=\"boton-ficha\" href=\"https:\/\/panel.drasanvi.com\/fichas\/1\/032060627\" target=\"_blank\" rel=\"noopener\">Ficha t\u00e9cnica<\/a><\/p>\n","protected":false},"featured_media":19962,"template":"","meta":{"inline_featured_image":false},"product_cat":[94,101],"product_tag":[],"class_list":["post-12746","product","type-product","status-publish","has-post-thumbnail","hentry","product_cat-cosmetica","product_cat-huesos-articulaciones","pa_contiene-altramuces-no","pa_contiene-apio-no","pa_contiene-cacahuetes-no","pa_contiene-crustaceos-no","pa_contiene-frutos-secos-no","pa_contiene-huevo-no","pa_contiene-leche-no","pa_contiene-moluscos-no","pa_contiene-mostaza-no","pa_contiene-pescado-no","pa_contiene-sesamo-no","pa_contiene-soja-no","pa_producto-bio-no","pa_producto-sin-gluten-si","pa_producto-vegano-no","pa_producto-vegetariano-no"],"yoast_head":"<!-- This site is optimized with the Yoast SEO plugin v27.5 - https:\/\/yoast.com\/product\/yoast-seo-wordpress\/ -->\n<title>Collmar cremi-gel efecto fr\u00edo - Drasanvi Francia<\/title>\n<meta name=\"robots\" content=\"index, follow, max-snippet:-1, max-image-preview:large, max-video-preview:-1\" \/>\n<link rel=\"canonical\" href=\"https:\/\/drasanvi.com\/fr\/producto\/collmar-cremi-gel-efecto-frio\/\" \/>\n<meta property=\"og:locale\" content=\"fr_FR\" \/>\n<meta property=\"og:type\" content=\"article\" \/>\n<meta property=\"og:title\" content=\"Collmar cremi-gel efecto fr\u00edo - Drasanvi Francia\" \/>\n<meta property=\"og:description\" content=\"Collmar cremi-gel efecto fr\u00edo alivia y reduce las molestias cotidianas. Los ingredientes que contiene su formulaci\u00f3n activan y mejoran la circulaci\u00f3n.Ideal para aliviar y calmar piernas cansadas o cualquier otra parte del cuerpo que sienta pesadez muscular o sensaci\u00f3n de fatiga.Se puede utilizar tanto para la pr\u00e1ctica deportiva (recomendamos despu\u00e9s del ejercicio) c\u00f3mo para el d\u00eda a d\u00eda de cualquier persona que sufra cualquier trastorno leve.Nuestra f\u00f3rmula est\u00e1 enriquecida con Col\u00e1geno Marino y aceites esenciales quimiotipados de Gaulteria y C\u00farcuma. Ficha t\u00e9cnica\" \/>\n<meta property=\"og:url\" content=\"https:\/\/drasanvi.com\/fr\/producto\/collmar-cremi-gel-efecto-frio\/\" \/>\n<meta property=\"og:site_name\" content=\"Drasanvi Francia\" \/>\n<meta property=\"article:modified_time\" content=\"2022-04-12T14:38:37+00:00\" \/>\n<meta property=\"og:image\" content=\"https:\/\/drasanvi.com\/wp-content\/uploads\/sites\/7\/2022\/02\/032060627.png\" \/>\n\t<meta property=\"og:image:width\" content=\"1000\" \/>\n\t<meta property=\"og:image:height\" content=\"1000\" \/>\n\t<meta property=\"og:image:type\" content=\"image\/png\" \/>\n<meta name=\"twitter:card\" content=\"summary_large_image\" \/>\n<script type=\"application\/ld+json\" class=\"yoast-schema-graph\">{\"@context\":\"https:\\\/\\\/schema.org\",\"@graph\":[{\"@type\":\"WebPage\",\"@id\":\"https:\\\/\\\/drasanvi.com\\\/fr\\\/producto\\\/collmar-cremi-gel-efecto-frio\\\/\",\"url\":\"https:\\\/\\\/drasanvi.com\\\/fr\\\/producto\\\/collmar-cremi-gel-efecto-frio\\\/\",\"name\":\"Collmar cremi-gel efecto fr\u00edo - Drasanvi Francia\",\"isPartOf\":{\"@id\":\"https:\\\/\\\/drasanvi.com\\\/fr\\\/#website\"},\"primaryImageOfPage\":{\"@id\":\"https:\\\/\\\/drasanvi.com\\\/fr\\\/producto\\\/collmar-cremi-gel-efecto-frio\\\/#primaryimage\"},\"image\":{\"@id\":\"https:\\\/\\\/drasanvi.com\\\/fr\\\/producto\\\/collmar-cremi-gel-efecto-frio\\\/#primaryimage\"},\"thumbnailUrl\":\"https:\\\/\\\/drasanvi.com\\\/fr\\\/wp-content\\\/uploads\\\/sites\\\/7\\\/2022\\\/02\\\/032060627.png\",\"datePublished\":\"2022-02-28T13:03:43+00:00\",\"dateModified\":\"2022-04-12T14:38:37+00:00\",\"breadcrumb\":{\"@id\":\"https:\\\/\\\/drasanvi.com\\\/fr\\\/producto\\\/collmar-cremi-gel-efecto-frio\\\/#breadcrumb\"},\"inLanguage\":\"fr-FR\",\"potentialAction\":[{\"@type\":\"ReadAction\",\"target\":[\"https:\\\/\\\/drasanvi.com\\\/fr\\\/producto\\\/collmar-cremi-gel-efecto-frio\\\/\"]}]},{\"@type\":\"ImageObject\",\"inLanguage\":\"fr-FR\",\"@id\":\"https:\\\/\\\/drasanvi.com\\\/fr\\\/producto\\\/collmar-cremi-gel-efecto-frio\\\/#primaryimage\",\"url\":\"https:\\\/\\\/drasanvi.com\\\/fr\\\/wp-content\\\/uploads\\\/sites\\\/7\\\/2022\\\/02\\\/032060627.png\",\"contentUrl\":\"https:\\\/\\\/drasanvi.com\\\/fr\\\/wp-content\\\/uploads\\\/sites\\\/7\\\/2022\\\/02\\\/032060627.png\",\"width\":1000,\"height\":1000},{\"@type\":\"BreadcrumbList\",\"@id\":\"https:\\\/\\\/drasanvi.com\\\/fr\\\/producto\\\/collmar-cremi-gel-efecto-frio\\\/#breadcrumb\",\"itemListElement\":[{\"@type\":\"ListItem\",\"position\":1,\"name\":\"Portada\",\"item\":\"https:\\\/\\\/drasanvi.com\\\/fr\\\/\"},{\"@type\":\"ListItem\",\"position\":2,\"name\":\"Tienda\",\"item\":\"https:\\\/\\\/drasanvi.com\\\/fr\\\/tienda\\\/\"},{\"@type\":\"ListItem\",\"position\":3,\"name\":\"Collmar cremi-gel efecto fr\u00edo\"}]},{\"@type\":\"WebSite\",\"@id\":\"https:\\\/\\\/drasanvi.com\\\/fr\\\/#website\",\"url\":\"https:\\\/\\\/drasanvi.com\\\/fr\\\/\",\"name\":\"Drasanvi Francia\",\"description\":\"L\u00edder en complementos alimenticios y cosm\u00e9tica natural.\",\"publisher\":{\"@id\":\"https:\\\/\\\/drasanvi.com\\\/fr\\\/#organization\"},\"potentialAction\":[{\"@type\":\"SearchAction\",\"target\":{\"@type\":\"EntryPoint\",\"urlTemplate\":\"https:\\\/\\\/drasanvi.com\\\/fr\\\/?s={search_term_string}\"},\"query-input\":{\"@type\":\"PropertyValueSpecification\",\"valueRequired\":true,\"valueName\":\"search_term_string\"}}],\"inLanguage\":\"fr-FR\"},{\"@type\":\"Organization\",\"@id\":\"https:\\\/\\\/drasanvi.com\\\/fr\\\/#organization\",\"name\":\"Drasanvi\",\"url\":\"https:\\\/\\\/drasanvi.com\\\/fr\\\/\",\"logo\":{\"@type\":\"ImageObject\",\"inLanguage\":\"fr-FR\",\"@id\":\"https:\\\/\\\/drasanvi.com\\\/fr\\\/#\\\/schema\\\/logo\\\/image\\\/\",\"url\":\"https:\\\/\\\/drasanvi.com\\\/wp-content\\\/uploads\\\/sites\\\/7\\\/2021\\\/07\\\/logo-drasanvi.png\",\"contentUrl\":\"https:\\\/\\\/drasanvi.com\\\/wp-content\\\/uploads\\\/sites\\\/7\\\/2021\\\/07\\\/logo-drasanvi.png\",\"width\":900,\"height\":300,\"caption\":\"Drasanvi\"},\"image\":{\"@id\":\"https:\\\/\\\/drasanvi.com\\\/fr\\\/#\\\/schema\\\/logo\\\/image\\\/\"}}]}<\/script>\n<!-- \/ Yoast SEO plugin. -->","yoast_head_json":{"title":"Collmar cremi-gel efecto fr\u00edo - Drasanvi Francia","robots":{"index":"index","follow":"follow","max-snippet":"max-snippet:-1","max-image-preview":"max-image-preview:large","max-video-preview":"max-video-preview:-1"},"canonical":"https:\/\/drasanvi.com\/fr\/producto\/collmar-cremi-gel-efecto-frio\/","og_locale":"fr_FR","og_type":"article","og_title":"Collmar cremi-gel efecto fr\u00edo - Drasanvi Francia","og_description":"Collmar cremi-gel efecto fr\u00edo alivia y reduce las molestias cotidianas. Los ingredientes que contiene su formulaci\u00f3n activan y mejoran la circulaci\u00f3n.Ideal para aliviar y calmar piernas cansadas o cualquier otra parte del cuerpo que sienta pesadez muscular o sensaci\u00f3n de fatiga.Se puede utilizar tanto para la pr\u00e1ctica deportiva (recomendamos despu\u00e9s del ejercicio) c\u00f3mo para el d\u00eda a d\u00eda de cualquier persona que sufra cualquier trastorno leve.Nuestra f\u00f3rmula est\u00e1 enriquecida con Col\u00e1geno Marino y aceites esenciales quimiotipados de Gaulteria y C\u00farcuma. Ficha t\u00e9cnica","og_url":"https:\/\/drasanvi.com\/fr\/producto\/collmar-cremi-gel-efecto-frio\/","og_site_name":"Drasanvi Francia","article_modified_time":"2022-04-12T14:38:37+00:00","og_image":[{"width":1000,"height":1000,"url":"https:\/\/drasanvi.com\/wp-content\/uploads\/sites\/7\/2022\/02\/032060627.png","type":"image\/png"}],"twitter_card":"summary_large_image","schema":{"@context":"https:\/\/schema.org","@graph":[{"@type":"WebPage","@id":"https:\/\/drasanvi.com\/fr\/producto\/collmar-cremi-gel-efecto-frio\/","url":"https:\/\/drasanvi.com\/fr\/producto\/collmar-cremi-gel-efecto-frio\/","name":"Collmar cremi-gel efecto fr\u00edo - Drasanvi Francia","isPartOf":{"@id":"https:\/\/drasanvi.com\/fr\/#website"},"primaryImageOfPage":{"@id":"https:\/\/drasanvi.com\/fr\/producto\/collmar-cremi-gel-efecto-frio\/#primaryimage"},"image":{"@id":"https:\/\/drasanvi.com\/fr\/producto\/collmar-cremi-gel-efecto-frio\/#primaryimage"},"thumbnailUrl":"https:\/\/drasanvi.com\/fr\/wp-content\/uploads\/sites\/7\/2022\/02\/032060627.png","datePublished":"2022-02-28T13:03:43+00:00","dateModified":"2022-04-12T14:38:37+00:00","breadcrumb":{"@id":"https:\/\/drasanvi.com\/fr\/producto\/collmar-cremi-gel-efecto-frio\/#breadcrumb"},"inLanguage":"fr-FR","potentialAction":[{"@type":"ReadAction","target":["https:\/\/drasanvi.com\/fr\/producto\/collmar-cremi-gel-efecto-frio\/"]}]},{"@type":"ImageObject","inLanguage":"fr-FR","@id":"https:\/\/drasanvi.com\/fr\/producto\/collmar-cremi-gel-efecto-frio\/#primaryimage","url":"https:\/\/drasanvi.com\/fr\/wp-content\/uploads\/sites\/7\/2022\/02\/032060627.png","contentUrl":"https:\/\/drasanvi.com\/fr\/wp-content\/uploads\/sites\/7\/2022\/02\/032060627.png","width":1000,"height":1000},{"@type":"BreadcrumbList","@id":"https:\/\/drasanvi.com\/fr\/producto\/collmar-cremi-gel-efecto-frio\/#breadcrumb","itemListElement":[{"@type":"ListItem","position":1,"name":"Portada","item":"https:\/\/drasanvi.com\/fr\/"},{"@type":"ListItem","position":2,"name":"Tienda","item":"https:\/\/drasanvi.com\/fr\/tienda\/"},{"@type":"ListItem","position":3,"name":"Collmar cremi-gel efecto fr\u00edo"}]},{"@type":"WebSite","@id":"https:\/\/drasanvi.com\/fr\/#website","url":"https:\/\/drasanvi.com\/fr\/","name":"Drasanvi Francia","description":"L\u00edder en complementos alimenticios y cosm\u00e9tica natural.","publisher":{"@id":"https:\/\/drasanvi.com\/fr\/#organization"},"potentialAction":[{"@type":"SearchAction","target":{"@type":"EntryPoint","urlTemplate":"https:\/\/drasanvi.com\/fr\/?s={search_term_string}"},"query-input":{"@type":"PropertyValueSpecification","valueRequired":true,"valueName":"search_term_string"}}],"inLanguage":"fr-FR"},{"@type":"Organization","@id":"https:\/\/drasanvi.com\/fr\/#organization","name":"Drasanvi","url":"https:\/\/drasanvi.com\/fr\/","logo":{"@type":"ImageObject","inLanguage":"fr-FR","@id":"https:\/\/drasanvi.com\/fr\/#\/schema\/logo\/image\/","url":"https:\/\/drasanvi.com\/wp-content\/uploads\/sites\/7\/2021\/07\/logo-drasanvi.png","contentUrl":"https:\/\/drasanvi.com\/wp-content\/uploads\/sites\/7\/2021\/07\/logo-drasanvi.png","width":900,"height":300,"caption":"Drasanvi"},"image":{"@id":"https:\/\/drasanvi.com\/fr\/#\/schema\/logo\/image\/"}}]}},"_links":{"self":[{"href":"https:\/\/drasanvi.com\/fr\/wp-json\/wp\/v2\/product\/12746","targetHints":{"allow":["GET"]}}],"collection":[{"href":"https:\/\/drasanvi.com\/fr\/wp-json\/wp\/v2\/product"}],"about":[{"href":"https:\/\/drasanvi.com\/fr\/wp-json\/wp\/v2\/types\/product"}],"version-history":[{"count":0,"href":"https:\/\/drasanvi.com\/fr\/wp-json\/wp\/v2\/product\/12746\/revisions"}],"wp:featuredmedia":[{"embeddable":true,"href":"https:\/\/drasanvi.com\/fr\/wp-json\/wp\/v2\/media\/19962"}],"wp:attachment":[{"href":"https:\/\/drasanvi.com\/fr\/wp-json\/wp\/v2\/media?parent=12746"}],"wp:term":[{"taxonomy":"product_cat","embeddable":true,"href":"https:\/\/drasanvi.com\/fr\/wp-json\/wp\/v2\/product_cat?post=12746"},{"taxonomy":"product_tag","embeddable":true,"href":"https:\/\/drasanvi.com\/fr\/wp-json\/wp\/v2\/product_tag?post=12746"}],"curies":[{"name":"wp","href":"https:\/\/api.w.org\/{rel}","templated":true}]}}