{"id":12706,"date":"2022-02-28T15:03:43","date_gmt":"2022-02-28T13:03:43","guid":{"rendered":"https:\/\/drasanvi.com\/fr\/?post_type=product&#038;p=12706"},"modified":"2022-03-15T16:01:19","modified_gmt":"2022-03-15T14:01:19","slug":"collmar-magnesio-curcuma-vainilla","status":"publish","type":"product","link":"https:\/\/drasanvi.com\/fr\/producto\/collmar-magnesio-curcuma-vainilla\/","title":{"rendered":"Collmar Magnesio C\u00farcuma Vainilla"},"content":{"rendered":"<h2>Ingredientes<\/h2>\n<p>Ingrediente dosis diaria Col\u00e1geno Marino Hidrolizado. Muy bajo Peso Molecular 9.595mg Carbonato de Magnesio 937 mg Extracto seco de C\u00farcuma Curcuma longa Vahl. con 6,25 mg\/g de curcumina soluble. 100 mg Extracto seco de Acerola\u00a0Malpighia punicifolia L., 25% en Vitamina C. 320 mg \u00c1cido Hialur\u00f3nico\u00a0Obtenido por fermentaci\u00f3n bacteriana de Streptococcus zooepidemicus 30 mg Otro Ingrediente: Aroma vainilla Sin colorantes, conservantes ni az\u00facares a\u00f1adidos.<\/p>\n<h2>Modo de uso<\/h2>\n<p>Tomar 11 g, dos cacitos dosificadores al d\u00eda, mezclados en un vaso de agua o zumo.Se recomienda consumir el producto al menos durante tres meses.<\/p>\n<h3>Presentaci\u00f3n<\/h3>\n<p>Envase de 300 g ( 10.58 oz)<\/p>\n<h3>Advertencias<\/h3>\n<p>Complemento alimenticio a base de col\u00e1geno, plantas, magnesio y \u00e1cido hialur\u00f3nico. No superar la dosis diaria expresamente recomendada; Los complementos alimenticios no deben utilizarse como sustituto de una dieta equilibrada; Mantener fuera del alcance de los ni\u00f1os m\u00e1s peque\u00f1os. Conservar en un lugar fresco y seco. Contiene pescado. Consulte con su m\u00e9dico o farmac\u00e9utico en caso de toma simult\u00e1nea con anticoagulantes<\/p>\n<h2>Informaci\u00f3n adicional<\/h2>\n<p>Ingredientes Descripci\u00f3n Dosis diaria Col\u00e1geno Marino Hidrolizado (Contiene pescado,Tipo I, muy bajo peso molecular) 9.595 mg Carbonato de Magnesio (Magnesio 40%) 937 mg Extracto seco de Acerola (Malpighia punicifolia L., 25% en Vitamina C) 320 mg Extracto seco de c\u00farcuma (Curcuma longa Vahl. con 6,25 mg\/g de curcumina soluble.) 100 mg \u00c1cido hialur\u00f3nico \u00a0 30 mg Aroma\u00a0 (Aroma de vainilla) 10 mg<\/p>\n<p>por dosis diaria (11 g) INGREDIENTE PORCENTAJE CANTIDAD Magnesio 100% 375 mg Vitamina C 100% 80 mg % VRN (Valor de Referencia de Nutrientes)<\/p>\n","protected":false},"excerpt":{"rendered":"<p>Collmar\u00ae es un complemento alimenticio a base de Col\u00e1geno Marino, enriquecido con vitamina C\u00a0y Magnesio.La combinaci\u00f3n de estos \u00a0ingredientes permite una acci\u00f3n sin\u00e9rgica que mejora los resultados, \u00a0convirti\u00e9ndolo en un excelente producto para\u00a0optimizar la s\u00edntesis de prote\u00ednas. Prote\u00ednas: Las prote\u00ednas contribuyen aumentar la masa muscular Vitamina C:La vitamina C contribuye a la formaci\u00f3n normal del Col\u00e1geno para el funcionamiento normal de cart\u00edlagos, huesos y piel Magnesio: Contribuye a la s\u00edntesis proteica normal<br \/>\n<a id=\"boton-ficha\" href=\"https:\/\/panel.drasanvi.com\/fichas\/1\/032050323\" target=\"_blank\" rel=\"noopener\">Ficha t\u00e9cnica<\/a><\/p>\n","protected":false},"featured_media":19970,"template":"","meta":{"inline_featured_image":false},"product_cat":[101],"product_tag":[],"class_list":["post-12706","product","type-product","status-publish","has-post-thumbnail","hentry","product_cat-huesos-articulaciones","pa_contiene-altramuces-no","pa_contiene-apio-no","pa_contiene-cacahuetes-no","pa_contiene-crustaceos-no","pa_contiene-frutos-secos-no","pa_contiene-huevo-no","pa_contiene-leche-no","pa_contiene-moluscos-no","pa_contiene-mostaza-no","pa_contiene-pescado-si","pa_contiene-sesamo-no","pa_contiene-soja-no","pa_producto-bio-no","pa_producto-sin-gluten-si","pa_producto-vegano-no","pa_producto-vegetariano-no"],"yoast_head":"<!-- This site is optimized with the Yoast SEO plugin v27.5 - https:\/\/yoast.com\/product\/yoast-seo-wordpress\/ -->\n<title>Collmar Magnesio C\u00farcuma Vainilla - Drasanvi Francia<\/title>\n<meta name=\"robots\" content=\"index, follow, max-snippet:-1, max-image-preview:large, max-video-preview:-1\" \/>\n<link rel=\"canonical\" href=\"https:\/\/drasanvi.com\/fr\/producto\/collmar-magnesio-curcuma-vainilla\/\" \/>\n<meta property=\"og:locale\" content=\"fr_FR\" \/>\n<meta property=\"og:type\" content=\"article\" \/>\n<meta property=\"og:title\" content=\"Collmar Magnesio C\u00farcuma Vainilla - Drasanvi Francia\" \/>\n<meta property=\"og:description\" content=\"Collmar\u00ae es un complemento alimenticio a base de Col\u00e1geno Marino, enriquecido con vitamina C\u00a0y Magnesio.La combinaci\u00f3n de estos \u00a0ingredientes permite una acci\u00f3n sin\u00e9rgica que mejora los resultados, \u00a0convirti\u00e9ndolo en un excelente producto para\u00a0optimizar la s\u00edntesis de prote\u00ednas. Prote\u00ednas: Las prote\u00ednas contribuyen aumentar la masa muscular Vitamina C:La vitamina C contribuye a la formaci\u00f3n normal del Col\u00e1geno para el funcionamiento normal de cart\u00edlagos, huesos y piel Magnesio: Contribuye a la s\u00edntesis proteica normal Ficha t\u00e9cnica\" \/>\n<meta property=\"og:url\" content=\"https:\/\/drasanvi.com\/fr\/producto\/collmar-magnesio-curcuma-vainilla\/\" \/>\n<meta property=\"og:site_name\" content=\"Drasanvi Francia\" \/>\n<meta property=\"article:modified_time\" content=\"2022-03-15T14:01:19+00:00\" \/>\n<meta property=\"og:image\" content=\"https:\/\/drasanvi.com\/wp-content\/uploads\/sites\/7\/2022\/02\/032050323.png\" \/>\n\t<meta property=\"og:image:width\" content=\"1000\" \/>\n\t<meta property=\"og:image:height\" content=\"1000\" \/>\n\t<meta property=\"og:image:type\" content=\"image\/png\" \/>\n<meta name=\"twitter:card\" content=\"summary_large_image\" \/>\n<script type=\"application\/ld+json\" class=\"yoast-schema-graph\">{\"@context\":\"https:\\\/\\\/schema.org\",\"@graph\":[{\"@type\":\"WebPage\",\"@id\":\"https:\\\/\\\/drasanvi.com\\\/fr\\\/producto\\\/collmar-magnesio-curcuma-vainilla\\\/\",\"url\":\"https:\\\/\\\/drasanvi.com\\\/fr\\\/producto\\\/collmar-magnesio-curcuma-vainilla\\\/\",\"name\":\"Collmar Magnesio C\u00farcuma Vainilla - Drasanvi Francia\",\"isPartOf\":{\"@id\":\"https:\\\/\\\/drasanvi.com\\\/fr\\\/#website\"},\"primaryImageOfPage\":{\"@id\":\"https:\\\/\\\/drasanvi.com\\\/fr\\\/producto\\\/collmar-magnesio-curcuma-vainilla\\\/#primaryimage\"},\"image\":{\"@id\":\"https:\\\/\\\/drasanvi.com\\\/fr\\\/producto\\\/collmar-magnesio-curcuma-vainilla\\\/#primaryimage\"},\"thumbnailUrl\":\"https:\\\/\\\/drasanvi.com\\\/fr\\\/wp-content\\\/uploads\\\/sites\\\/7\\\/2022\\\/02\\\/032050323.png\",\"datePublished\":\"2022-02-28T13:03:43+00:00\",\"dateModified\":\"2022-03-15T14:01:19+00:00\",\"breadcrumb\":{\"@id\":\"https:\\\/\\\/drasanvi.com\\\/fr\\\/producto\\\/collmar-magnesio-curcuma-vainilla\\\/#breadcrumb\"},\"inLanguage\":\"fr-FR\",\"potentialAction\":[{\"@type\":\"ReadAction\",\"target\":[\"https:\\\/\\\/drasanvi.com\\\/fr\\\/producto\\\/collmar-magnesio-curcuma-vainilla\\\/\"]}]},{\"@type\":\"ImageObject\",\"inLanguage\":\"fr-FR\",\"@id\":\"https:\\\/\\\/drasanvi.com\\\/fr\\\/producto\\\/collmar-magnesio-curcuma-vainilla\\\/#primaryimage\",\"url\":\"https:\\\/\\\/drasanvi.com\\\/fr\\\/wp-content\\\/uploads\\\/sites\\\/7\\\/2022\\\/02\\\/032050323.png\",\"contentUrl\":\"https:\\\/\\\/drasanvi.com\\\/fr\\\/wp-content\\\/uploads\\\/sites\\\/7\\\/2022\\\/02\\\/032050323.png\",\"width\":1000,\"height\":1000},{\"@type\":\"BreadcrumbList\",\"@id\":\"https:\\\/\\\/drasanvi.com\\\/fr\\\/producto\\\/collmar-magnesio-curcuma-vainilla\\\/#breadcrumb\",\"itemListElement\":[{\"@type\":\"ListItem\",\"position\":1,\"name\":\"Portada\",\"item\":\"https:\\\/\\\/drasanvi.com\\\/fr\\\/\"},{\"@type\":\"ListItem\",\"position\":2,\"name\":\"Tienda\",\"item\":\"https:\\\/\\\/drasanvi.com\\\/fr\\\/tienda\\\/\"},{\"@type\":\"ListItem\",\"position\":3,\"name\":\"Collmar Magnesio C\u00farcuma Vainilla\"}]},{\"@type\":\"WebSite\",\"@id\":\"https:\\\/\\\/drasanvi.com\\\/fr\\\/#website\",\"url\":\"https:\\\/\\\/drasanvi.com\\\/fr\\\/\",\"name\":\"Drasanvi Francia\",\"description\":\"L\u00edder en complementos alimenticios y cosm\u00e9tica natural.\",\"publisher\":{\"@id\":\"https:\\\/\\\/drasanvi.com\\\/fr\\\/#organization\"},\"potentialAction\":[{\"@type\":\"SearchAction\",\"target\":{\"@type\":\"EntryPoint\",\"urlTemplate\":\"https:\\\/\\\/drasanvi.com\\\/fr\\\/?s={search_term_string}\"},\"query-input\":{\"@type\":\"PropertyValueSpecification\",\"valueRequired\":true,\"valueName\":\"search_term_string\"}}],\"inLanguage\":\"fr-FR\"},{\"@type\":\"Organization\",\"@id\":\"https:\\\/\\\/drasanvi.com\\\/fr\\\/#organization\",\"name\":\"Drasanvi\",\"url\":\"https:\\\/\\\/drasanvi.com\\\/fr\\\/\",\"logo\":{\"@type\":\"ImageObject\",\"inLanguage\":\"fr-FR\",\"@id\":\"https:\\\/\\\/drasanvi.com\\\/fr\\\/#\\\/schema\\\/logo\\\/image\\\/\",\"url\":\"https:\\\/\\\/drasanvi.com\\\/wp-content\\\/uploads\\\/sites\\\/7\\\/2021\\\/07\\\/logo-drasanvi.png\",\"contentUrl\":\"https:\\\/\\\/drasanvi.com\\\/wp-content\\\/uploads\\\/sites\\\/7\\\/2021\\\/07\\\/logo-drasanvi.png\",\"width\":900,\"height\":300,\"caption\":\"Drasanvi\"},\"image\":{\"@id\":\"https:\\\/\\\/drasanvi.com\\\/fr\\\/#\\\/schema\\\/logo\\\/image\\\/\"}}]}<\/script>\n<!-- \/ Yoast SEO plugin. -->","yoast_head_json":{"title":"Collmar Magnesio C\u00farcuma Vainilla - Drasanvi Francia","robots":{"index":"index","follow":"follow","max-snippet":"max-snippet:-1","max-image-preview":"max-image-preview:large","max-video-preview":"max-video-preview:-1"},"canonical":"https:\/\/drasanvi.com\/fr\/producto\/collmar-magnesio-curcuma-vainilla\/","og_locale":"fr_FR","og_type":"article","og_title":"Collmar Magnesio C\u00farcuma Vainilla - Drasanvi Francia","og_description":"Collmar\u00ae es un complemento alimenticio a base de Col\u00e1geno Marino, enriquecido con vitamina C\u00a0y Magnesio.La combinaci\u00f3n de estos \u00a0ingredientes permite una acci\u00f3n sin\u00e9rgica que mejora los resultados, \u00a0convirti\u00e9ndolo en un excelente producto para\u00a0optimizar la s\u00edntesis de prote\u00ednas. Prote\u00ednas: Las prote\u00ednas contribuyen aumentar la masa muscular Vitamina C:La vitamina C contribuye a la formaci\u00f3n normal del Col\u00e1geno para el funcionamiento normal de cart\u00edlagos, huesos y piel Magnesio: Contribuye a la s\u00edntesis proteica normal Ficha t\u00e9cnica","og_url":"https:\/\/drasanvi.com\/fr\/producto\/collmar-magnesio-curcuma-vainilla\/","og_site_name":"Drasanvi Francia","article_modified_time":"2022-03-15T14:01:19+00:00","og_image":[{"width":1000,"height":1000,"url":"https:\/\/drasanvi.com\/wp-content\/uploads\/sites\/7\/2022\/02\/032050323.png","type":"image\/png"}],"twitter_card":"summary_large_image","schema":{"@context":"https:\/\/schema.org","@graph":[{"@type":"WebPage","@id":"https:\/\/drasanvi.com\/fr\/producto\/collmar-magnesio-curcuma-vainilla\/","url":"https:\/\/drasanvi.com\/fr\/producto\/collmar-magnesio-curcuma-vainilla\/","name":"Collmar Magnesio C\u00farcuma Vainilla - Drasanvi Francia","isPartOf":{"@id":"https:\/\/drasanvi.com\/fr\/#website"},"primaryImageOfPage":{"@id":"https:\/\/drasanvi.com\/fr\/producto\/collmar-magnesio-curcuma-vainilla\/#primaryimage"},"image":{"@id":"https:\/\/drasanvi.com\/fr\/producto\/collmar-magnesio-curcuma-vainilla\/#primaryimage"},"thumbnailUrl":"https:\/\/drasanvi.com\/fr\/wp-content\/uploads\/sites\/7\/2022\/02\/032050323.png","datePublished":"2022-02-28T13:03:43+00:00","dateModified":"2022-03-15T14:01:19+00:00","breadcrumb":{"@id":"https:\/\/drasanvi.com\/fr\/producto\/collmar-magnesio-curcuma-vainilla\/#breadcrumb"},"inLanguage":"fr-FR","potentialAction":[{"@type":"ReadAction","target":["https:\/\/drasanvi.com\/fr\/producto\/collmar-magnesio-curcuma-vainilla\/"]}]},{"@type":"ImageObject","inLanguage":"fr-FR","@id":"https:\/\/drasanvi.com\/fr\/producto\/collmar-magnesio-curcuma-vainilla\/#primaryimage","url":"https:\/\/drasanvi.com\/fr\/wp-content\/uploads\/sites\/7\/2022\/02\/032050323.png","contentUrl":"https:\/\/drasanvi.com\/fr\/wp-content\/uploads\/sites\/7\/2022\/02\/032050323.png","width":1000,"height":1000},{"@type":"BreadcrumbList","@id":"https:\/\/drasanvi.com\/fr\/producto\/collmar-magnesio-curcuma-vainilla\/#breadcrumb","itemListElement":[{"@type":"ListItem","position":1,"name":"Portada","item":"https:\/\/drasanvi.com\/fr\/"},{"@type":"ListItem","position":2,"name":"Tienda","item":"https:\/\/drasanvi.com\/fr\/tienda\/"},{"@type":"ListItem","position":3,"name":"Collmar Magnesio C\u00farcuma Vainilla"}]},{"@type":"WebSite","@id":"https:\/\/drasanvi.com\/fr\/#website","url":"https:\/\/drasanvi.com\/fr\/","name":"Drasanvi Francia","description":"L\u00edder en complementos alimenticios y cosm\u00e9tica natural.","publisher":{"@id":"https:\/\/drasanvi.com\/fr\/#organization"},"potentialAction":[{"@type":"SearchAction","target":{"@type":"EntryPoint","urlTemplate":"https:\/\/drasanvi.com\/fr\/?s={search_term_string}"},"query-input":{"@type":"PropertyValueSpecification","valueRequired":true,"valueName":"search_term_string"}}],"inLanguage":"fr-FR"},{"@type":"Organization","@id":"https:\/\/drasanvi.com\/fr\/#organization","name":"Drasanvi","url":"https:\/\/drasanvi.com\/fr\/","logo":{"@type":"ImageObject","inLanguage":"fr-FR","@id":"https:\/\/drasanvi.com\/fr\/#\/schema\/logo\/image\/","url":"https:\/\/drasanvi.com\/wp-content\/uploads\/sites\/7\/2021\/07\/logo-drasanvi.png","contentUrl":"https:\/\/drasanvi.com\/wp-content\/uploads\/sites\/7\/2021\/07\/logo-drasanvi.png","width":900,"height":300,"caption":"Drasanvi"},"image":{"@id":"https:\/\/drasanvi.com\/fr\/#\/schema\/logo\/image\/"}}]}},"_links":{"self":[{"href":"https:\/\/drasanvi.com\/fr\/wp-json\/wp\/v2\/product\/12706","targetHints":{"allow":["GET"]}}],"collection":[{"href":"https:\/\/drasanvi.com\/fr\/wp-json\/wp\/v2\/product"}],"about":[{"href":"https:\/\/drasanvi.com\/fr\/wp-json\/wp\/v2\/types\/product"}],"version-history":[{"count":0,"href":"https:\/\/drasanvi.com\/fr\/wp-json\/wp\/v2\/product\/12706\/revisions"}],"wp:featuredmedia":[{"embeddable":true,"href":"https:\/\/drasanvi.com\/fr\/wp-json\/wp\/v2\/media\/19970"}],"wp:attachment":[{"href":"https:\/\/drasanvi.com\/fr\/wp-json\/wp\/v2\/media?parent=12706"}],"wp:term":[{"taxonomy":"product_cat","embeddable":true,"href":"https:\/\/drasanvi.com\/fr\/wp-json\/wp\/v2\/product_cat?post=12706"},{"taxonomy":"product_tag","embeddable":true,"href":"https:\/\/drasanvi.com\/fr\/wp-json\/wp\/v2\/product_tag?post=12706"}],"curies":[{"name":"wp","href":"https:\/\/api.w.org\/{rel}","templated":true}]}}