{"id":12655,"date":"2022-02-28T15:02:59","date_gmt":"2022-02-28T13:02:59","guid":{"rendered":"https:\/\/drasanvi.com\/fr\/?post_type=product&#038;p=12655"},"modified":"2022-03-15T15:54:52","modified_gmt":"2022-03-15T13:54:52","slug":"collmar-beauty-granada-275g","status":"publish","type":"product","link":"https:\/\/drasanvi.com\/fr\/producto\/collmar-beauty-granada-275g\/","title":{"rendered":"Collmar Beauty Granada 275g"},"content":{"rendered":"<h2>Ingredientes<\/h2>\n<p>Ingrediente Cantidad \/ dosis diaria Col\u00e1geno marino hidrolizado enzimaticamente (Tipo I) Muy bajo peso molecular 8686 mg Aceite de Onagra Oenothera biennis L. 250mg Granada Punica granatum L. 200mg Aceite de Borraja Borago officinalis L. 100mg Extracto seco de Acerola (Malpighia punicifolia, Vitamina C al 25%) 320mg Remolacha Beta vulgaris L. 50mg \u00c1cido Hialur\u00f3nico Obtenido por fermentaci\u00f3n bacteriana de Streptococcus zooepidemicus 10mg Biotina En forma de D-Biotina 0,1mg Otros ingredientes:Aromas Sin az\u00facares a\u00f1adidos, edulcorantes ni conservantes<\/p>\n<h2>Modo de uso<\/h2>\n<p>Tomar 10 g (2 vasitos dosificadores) mezclados en un vaso de agua o zumo. Recomendamos consumir el producto al menos durante 3 meses.<\/p>\n<h3>Presentaci\u00f3n<\/h3>\n<p>Envase de 275 g (9.70 oz)<\/p>\n<h3>Advertencias<\/h3>\n<p>Complemento alimenticio a base de col\u00e1geno, plantas, \u00e1cido hialur\u00f3nico y biotina. Los complementos alimenticios no deben utilizarse como sustitutivos de una dieta equilibrada. No superar la dosis diaria expresamente recomendada. Mantener fuera del alcance de los ni\u00f1os m\u00e1s peque\u00f1os.\u00a0Conservar en un lugar fresco y seco. Contiene pescado. Sin colorantes. Sin conservantes. Sin az\u00facares a\u00f1adidos. Sin gluten.<\/p>\n<h2>Informaci\u00f3n adicional<\/h2>\n<p>Colageno Marino Hidrolizado Enzim\u00e1ticamente, Aceite de Onagra microencapsulada, Aceite de Borraja, Vitamina C, \u00c1cido Hialur\u00f3nico.<\/p>\n<p>Ingredientes Descripci\u00f3n Dosis diaria Col\u00e1geno Marino Hidrolizado Enzimaticamente (Contiene pescado,Tipo I. muy bajo peso molecular) 8686 mg Aroma (Aroma granada) 383,9 mg Extracto seco de Acerola (Malpighia punicifolia, Vitamina C al 25%) 320 mg Aceite de Onagra microencapsulada (Oenothera biennis L.) 250 mg Zumo concentrado de Granada (Punica granatum L.) 200 mg Aceite de Borraja microencapsulada (Borago officinalis L.) 100 mg Remolacha (Beta vulgaris L.) 50 mg \u00c1cido Hialur\u00f3nico \u00a0 10 mg D- Biotina (Biotina) 100 \u00b5g<\/p>\n<p>por dosis diaria (10 g) Ingrediente Porcentaje Cantidad Biotina 200% 100 \u00b5g Vitamina C 100% 80 mg %VRN (Valores de Referencia de Nutrientes)<\/p>\n","protected":false},"excerpt":{"rendered":"<p>Collmar Beauty contribuye al mantenimiento de la piel en condiciones normales por su contenido en Biotina.<br \/>\n<a id=\"boton-ficha\" href=\"https:\/\/panel.drasanvi.com\/fichas\/1\/032050113\" target=\"_blank\" rel=\"noopener\">Ficha t\u00e9cnica<\/a><\/p>\n","protected":false},"featured_media":19949,"template":"","meta":{"inline_featured_image":false},"product_cat":[91],"product_tag":[],"class_list":["post-12655","product","type-product","status-publish","has-post-thumbnail","hentry","product_cat-cabello-piel-unas","pa_contiene-altramuces-no","pa_contiene-apio-no","pa_contiene-cacahuetes-no","pa_contiene-crustaceos-no","pa_contiene-frutos-secos-no","pa_contiene-huevo-no","pa_contiene-leche-no","pa_contiene-moluscos-no","pa_contiene-mostaza-no","pa_contiene-pescado-si","pa_contiene-sesamo-no","pa_contiene-soja-no","pa_producto-bio-no","pa_producto-sin-gluten-si","pa_producto-vegano-no","pa_producto-vegetariano-no"],"yoast_head":"<!-- This site is optimized with the Yoast SEO plugin v27.5 - https:\/\/yoast.com\/product\/yoast-seo-wordpress\/ -->\n<title>Collmar Beauty Granada 275g - Drasanvi Francia<\/title>\n<meta name=\"robots\" content=\"index, follow, max-snippet:-1, max-image-preview:large, max-video-preview:-1\" \/>\n<link rel=\"canonical\" href=\"https:\/\/drasanvi.com\/fr\/producto\/collmar-beauty-granada-275g\/\" \/>\n<meta property=\"og:locale\" content=\"fr_FR\" \/>\n<meta property=\"og:type\" content=\"article\" \/>\n<meta property=\"og:title\" content=\"Collmar Beauty Granada 275g - Drasanvi Francia\" \/>\n<meta property=\"og:description\" content=\"Collmar Beauty contribuye al mantenimiento de la piel en condiciones normales por su contenido en Biotina. Ficha t\u00e9cnica\" \/>\n<meta property=\"og:url\" content=\"https:\/\/drasanvi.com\/fr\/producto\/collmar-beauty-granada-275g\/\" \/>\n<meta property=\"og:site_name\" content=\"Drasanvi Francia\" \/>\n<meta property=\"article:modified_time\" content=\"2022-03-15T13:54:52+00:00\" \/>\n<meta property=\"og:image\" content=\"https:\/\/drasanvi.com\/wp-content\/uploads\/sites\/7\/2022\/02\/032050113.png\" \/>\n\t<meta property=\"og:image:width\" content=\"1000\" \/>\n\t<meta property=\"og:image:height\" content=\"1000\" \/>\n\t<meta property=\"og:image:type\" content=\"image\/png\" \/>\n<meta name=\"twitter:card\" content=\"summary_large_image\" \/>\n<script type=\"application\/ld+json\" class=\"yoast-schema-graph\">{\"@context\":\"https:\\\/\\\/schema.org\",\"@graph\":[{\"@type\":\"WebPage\",\"@id\":\"https:\\\/\\\/drasanvi.com\\\/fr\\\/producto\\\/collmar-beauty-granada-275g\\\/\",\"url\":\"https:\\\/\\\/drasanvi.com\\\/fr\\\/producto\\\/collmar-beauty-granada-275g\\\/\",\"name\":\"Collmar Beauty Granada 275g - Drasanvi Francia\",\"isPartOf\":{\"@id\":\"https:\\\/\\\/drasanvi.com\\\/fr\\\/#website\"},\"primaryImageOfPage\":{\"@id\":\"https:\\\/\\\/drasanvi.com\\\/fr\\\/producto\\\/collmar-beauty-granada-275g\\\/#primaryimage\"},\"image\":{\"@id\":\"https:\\\/\\\/drasanvi.com\\\/fr\\\/producto\\\/collmar-beauty-granada-275g\\\/#primaryimage\"},\"thumbnailUrl\":\"https:\\\/\\\/drasanvi.com\\\/fr\\\/wp-content\\\/uploads\\\/sites\\\/7\\\/2022\\\/02\\\/032050113.png\",\"datePublished\":\"2022-02-28T13:02:59+00:00\",\"dateModified\":\"2022-03-15T13:54:52+00:00\",\"breadcrumb\":{\"@id\":\"https:\\\/\\\/drasanvi.com\\\/fr\\\/producto\\\/collmar-beauty-granada-275g\\\/#breadcrumb\"},\"inLanguage\":\"fr-FR\",\"potentialAction\":[{\"@type\":\"ReadAction\",\"target\":[\"https:\\\/\\\/drasanvi.com\\\/fr\\\/producto\\\/collmar-beauty-granada-275g\\\/\"]}]},{\"@type\":\"ImageObject\",\"inLanguage\":\"fr-FR\",\"@id\":\"https:\\\/\\\/drasanvi.com\\\/fr\\\/producto\\\/collmar-beauty-granada-275g\\\/#primaryimage\",\"url\":\"https:\\\/\\\/drasanvi.com\\\/fr\\\/wp-content\\\/uploads\\\/sites\\\/7\\\/2022\\\/02\\\/032050113.png\",\"contentUrl\":\"https:\\\/\\\/drasanvi.com\\\/fr\\\/wp-content\\\/uploads\\\/sites\\\/7\\\/2022\\\/02\\\/032050113.png\",\"width\":1000,\"height\":1000},{\"@type\":\"BreadcrumbList\",\"@id\":\"https:\\\/\\\/drasanvi.com\\\/fr\\\/producto\\\/collmar-beauty-granada-275g\\\/#breadcrumb\",\"itemListElement\":[{\"@type\":\"ListItem\",\"position\":1,\"name\":\"Portada\",\"item\":\"https:\\\/\\\/drasanvi.com\\\/fr\\\/\"},{\"@type\":\"ListItem\",\"position\":2,\"name\":\"Tienda\",\"item\":\"https:\\\/\\\/drasanvi.com\\\/fr\\\/tienda\\\/\"},{\"@type\":\"ListItem\",\"position\":3,\"name\":\"Collmar Beauty Granada 275g\"}]},{\"@type\":\"WebSite\",\"@id\":\"https:\\\/\\\/drasanvi.com\\\/fr\\\/#website\",\"url\":\"https:\\\/\\\/drasanvi.com\\\/fr\\\/\",\"name\":\"Drasanvi Francia\",\"description\":\"L\u00edder en complementos alimenticios y cosm\u00e9tica natural.\",\"publisher\":{\"@id\":\"https:\\\/\\\/drasanvi.com\\\/fr\\\/#organization\"},\"potentialAction\":[{\"@type\":\"SearchAction\",\"target\":{\"@type\":\"EntryPoint\",\"urlTemplate\":\"https:\\\/\\\/drasanvi.com\\\/fr\\\/?s={search_term_string}\"},\"query-input\":{\"@type\":\"PropertyValueSpecification\",\"valueRequired\":true,\"valueName\":\"search_term_string\"}}],\"inLanguage\":\"fr-FR\"},{\"@type\":\"Organization\",\"@id\":\"https:\\\/\\\/drasanvi.com\\\/fr\\\/#organization\",\"name\":\"Drasanvi\",\"url\":\"https:\\\/\\\/drasanvi.com\\\/fr\\\/\",\"logo\":{\"@type\":\"ImageObject\",\"inLanguage\":\"fr-FR\",\"@id\":\"https:\\\/\\\/drasanvi.com\\\/fr\\\/#\\\/schema\\\/logo\\\/image\\\/\",\"url\":\"https:\\\/\\\/drasanvi.com\\\/wp-content\\\/uploads\\\/sites\\\/7\\\/2021\\\/07\\\/logo-drasanvi.png\",\"contentUrl\":\"https:\\\/\\\/drasanvi.com\\\/wp-content\\\/uploads\\\/sites\\\/7\\\/2021\\\/07\\\/logo-drasanvi.png\",\"width\":900,\"height\":300,\"caption\":\"Drasanvi\"},\"image\":{\"@id\":\"https:\\\/\\\/drasanvi.com\\\/fr\\\/#\\\/schema\\\/logo\\\/image\\\/\"}}]}<\/script>\n<!-- \/ Yoast SEO plugin. -->","yoast_head_json":{"title":"Collmar Beauty Granada 275g - Drasanvi Francia","robots":{"index":"index","follow":"follow","max-snippet":"max-snippet:-1","max-image-preview":"max-image-preview:large","max-video-preview":"max-video-preview:-1"},"canonical":"https:\/\/drasanvi.com\/fr\/producto\/collmar-beauty-granada-275g\/","og_locale":"fr_FR","og_type":"article","og_title":"Collmar Beauty Granada 275g - Drasanvi Francia","og_description":"Collmar Beauty contribuye al mantenimiento de la piel en condiciones normales por su contenido en Biotina. Ficha t\u00e9cnica","og_url":"https:\/\/drasanvi.com\/fr\/producto\/collmar-beauty-granada-275g\/","og_site_name":"Drasanvi Francia","article_modified_time":"2022-03-15T13:54:52+00:00","og_image":[{"width":1000,"height":1000,"url":"https:\/\/drasanvi.com\/wp-content\/uploads\/sites\/7\/2022\/02\/032050113.png","type":"image\/png"}],"twitter_card":"summary_large_image","schema":{"@context":"https:\/\/schema.org","@graph":[{"@type":"WebPage","@id":"https:\/\/drasanvi.com\/fr\/producto\/collmar-beauty-granada-275g\/","url":"https:\/\/drasanvi.com\/fr\/producto\/collmar-beauty-granada-275g\/","name":"Collmar Beauty Granada 275g - Drasanvi Francia","isPartOf":{"@id":"https:\/\/drasanvi.com\/fr\/#website"},"primaryImageOfPage":{"@id":"https:\/\/drasanvi.com\/fr\/producto\/collmar-beauty-granada-275g\/#primaryimage"},"image":{"@id":"https:\/\/drasanvi.com\/fr\/producto\/collmar-beauty-granada-275g\/#primaryimage"},"thumbnailUrl":"https:\/\/drasanvi.com\/fr\/wp-content\/uploads\/sites\/7\/2022\/02\/032050113.png","datePublished":"2022-02-28T13:02:59+00:00","dateModified":"2022-03-15T13:54:52+00:00","breadcrumb":{"@id":"https:\/\/drasanvi.com\/fr\/producto\/collmar-beauty-granada-275g\/#breadcrumb"},"inLanguage":"fr-FR","potentialAction":[{"@type":"ReadAction","target":["https:\/\/drasanvi.com\/fr\/producto\/collmar-beauty-granada-275g\/"]}]},{"@type":"ImageObject","inLanguage":"fr-FR","@id":"https:\/\/drasanvi.com\/fr\/producto\/collmar-beauty-granada-275g\/#primaryimage","url":"https:\/\/drasanvi.com\/fr\/wp-content\/uploads\/sites\/7\/2022\/02\/032050113.png","contentUrl":"https:\/\/drasanvi.com\/fr\/wp-content\/uploads\/sites\/7\/2022\/02\/032050113.png","width":1000,"height":1000},{"@type":"BreadcrumbList","@id":"https:\/\/drasanvi.com\/fr\/producto\/collmar-beauty-granada-275g\/#breadcrumb","itemListElement":[{"@type":"ListItem","position":1,"name":"Portada","item":"https:\/\/drasanvi.com\/fr\/"},{"@type":"ListItem","position":2,"name":"Tienda","item":"https:\/\/drasanvi.com\/fr\/tienda\/"},{"@type":"ListItem","position":3,"name":"Collmar Beauty Granada 275g"}]},{"@type":"WebSite","@id":"https:\/\/drasanvi.com\/fr\/#website","url":"https:\/\/drasanvi.com\/fr\/","name":"Drasanvi Francia","description":"L\u00edder en complementos alimenticios y cosm\u00e9tica natural.","publisher":{"@id":"https:\/\/drasanvi.com\/fr\/#organization"},"potentialAction":[{"@type":"SearchAction","target":{"@type":"EntryPoint","urlTemplate":"https:\/\/drasanvi.com\/fr\/?s={search_term_string}"},"query-input":{"@type":"PropertyValueSpecification","valueRequired":true,"valueName":"search_term_string"}}],"inLanguage":"fr-FR"},{"@type":"Organization","@id":"https:\/\/drasanvi.com\/fr\/#organization","name":"Drasanvi","url":"https:\/\/drasanvi.com\/fr\/","logo":{"@type":"ImageObject","inLanguage":"fr-FR","@id":"https:\/\/drasanvi.com\/fr\/#\/schema\/logo\/image\/","url":"https:\/\/drasanvi.com\/wp-content\/uploads\/sites\/7\/2021\/07\/logo-drasanvi.png","contentUrl":"https:\/\/drasanvi.com\/wp-content\/uploads\/sites\/7\/2021\/07\/logo-drasanvi.png","width":900,"height":300,"caption":"Drasanvi"},"image":{"@id":"https:\/\/drasanvi.com\/fr\/#\/schema\/logo\/image\/"}}]}},"_links":{"self":[{"href":"https:\/\/drasanvi.com\/fr\/wp-json\/wp\/v2\/product\/12655","targetHints":{"allow":["GET"]}}],"collection":[{"href":"https:\/\/drasanvi.com\/fr\/wp-json\/wp\/v2\/product"}],"about":[{"href":"https:\/\/drasanvi.com\/fr\/wp-json\/wp\/v2\/types\/product"}],"version-history":[{"count":0,"href":"https:\/\/drasanvi.com\/fr\/wp-json\/wp\/v2\/product\/12655\/revisions"}],"wp:featuredmedia":[{"embeddable":true,"href":"https:\/\/drasanvi.com\/fr\/wp-json\/wp\/v2\/media\/19949"}],"wp:attachment":[{"href":"https:\/\/drasanvi.com\/fr\/wp-json\/wp\/v2\/media?parent=12655"}],"wp:term":[{"taxonomy":"product_cat","embeddable":true,"href":"https:\/\/drasanvi.com\/fr\/wp-json\/wp\/v2\/product_cat?post=12655"},{"taxonomy":"product_tag","embeddable":true,"href":"https:\/\/drasanvi.com\/fr\/wp-json\/wp\/v2\/product_tag?post=12655"}],"curies":[{"name":"wp","href":"https:\/\/api.w.org\/{rel}","templated":true}]}}