{"id":12634,"date":"2022-02-28T15:00:22","date_gmt":"2022-02-28T13:00:22","guid":{"rendered":"https:\/\/drasanvi.com\/fr\/?post_type=product&#038;p=12634"},"modified":"2022-03-10T14:12:27","modified_gmt":"2022-03-10T12:12:27","slug":"caja-barrita-sustitutiva-chocolate-4-unidades-4x35-g-zero-remordimientos","status":"publish","type":"product","link":"https:\/\/drasanvi.com\/fr\/producto\/caja-barrita-sustitutiva-chocolate-4-unidades-4x35-g-zero-remordimientos\/","title":{"rendered":"Caja barrita sustitutiva chocolate 4 unidades 4&#215;35 g  Zero remordimientos"},"content":{"rendered":"<h2>Ingredientes<\/h2>\n<p>Prote\u00edna L\u00c1CTEA, jarabe de glucosa, cobertura de chocolate negro 60% cacao (17 %)[pasta de cacao, az\u00facar, manteca de cacao, emulgente: lecitina de SOJA, aroma, emulsionante: polirricinoleato de poliglicerol], jarabe de fructosa, inulina (polvo), mezcla de minerales[citrato de potasio, fosfato de calcio (sal c\u00e1lcica del \u00e1cido ortofosf\u00f3rico), citrato de sodio, \u00f3xido de magnesio, maltodextrina, fumarato ferroso, sulfato de cinc, sulfato de manganeso, sulfato c\u00faprico, yoduro de potasio, seleniato de sodio], LECHE desnatada en polvo, humectante: jarabe de sorbitol, aceite de girasol, aroma, cacao en polvo, mezcla de vitaminas[maltodextrina, \u00e1cido L-asc\u00f3rbico, acetato de DL-alfa-tocoferilo, nicotinamida, acetato de retinilo, D-pantotenato c\u00e1lcico, clorhidrato de piridoxina, fitoquinona, riboflavina, clorhidrato de tiamina, \u00e1cido pteroilmonoglut\u00e1mico, D-biotina, colecalciferol, cianocobalamina].<\/p>\n<h2>Modo de uso<\/h2>\n<p>El consumo de dos barritas sustituye una comida. Se recomienda tomar un vaso de agua despu\u00e9s de la ingesta de las barritas<\/p>\n<h3>Presentaci\u00f3n<\/h3>\n<p>Caja con 4 barritas de 35 g (peso neto 140 g)<\/p>\n<h3>Advertencias<\/h3>\n<p>Contiene leche y soja.Puede contener trazas de gluten, huevo, cacahuete, frutos de c\u00e1scara,\u00a0 sulfitos, s\u00e9samo y\/o derivados de los mismos.Los productos sustitutivos de una comida deben consumirse dentro del marco de una dieta variada y equilibrada y un estilo de vida saludable.Es importante mantener una ingesta adecuada de l\u00edquido, entre 1,5 y 2 litros al d\u00eda.Los productos sustitutivos de comida \u00fanicamente sirven para el fin que van destinados (o sea, la perdida de peso y su mantenimiento posterior), como parte de una dieta de bajo valor energ\u00e9tico, y esta dieta debe necesariamente completarse con el consumo de otros alimentos.Para conseguir el objetivo de perder peso es necesario sustituir dos comidas principales al d\u00eda con un sustitutivo de la comida.<\/p>\n<h2>Informaci\u00f3n adicional<\/h2>\n<p>por dosis diaria        Ingrediente  por 100 g  %VRN  por porci\u00f3n 70 g  %VRN      Vitamina A  426 \u00b5g  53%  300 \u00b5g  38%      Vitamina D  2,7 \u00b5g  53%  1,8 \u00b5g  38%      Vitamina E  6,4 mg  53%  4,6 mg  38%      Vitamina K  40,8 \u00b5g  53%  28,8 \u00b5g  38%      Vitamina C  42,6 mg  53%  30 mg  38%      Tiamina (Vit B1)  0,6 mg  53%  0,4 mg  38%      Riboflavina (Vit B2)  0,7 mg  53%  0,6 mg  38%      Niacina (Vit B3)  8,5 mg  53%  6 mg  38%      Vitamina B6  0,7 mg  53%  0,6 mg  38%      \u00c1cido F\u00f3lico  106,5 \u00b5g  53%  75 \u00b5g  38%      Vitamina B12  1,3 \u00b5g  53%  1 \u00b5g  38%      Biotina  26,6 \u00b5g  53%  18,8 \u00b5g  38%      \u00c1cido Pantot\u00e9nico  3,2 mg  53%  2,2 mg  38%      Potasio  715,3 mg  37%  500 mg  26%      Calcio  383,4 mg  49%  268 mg  34%      F\u00f3sforo  300,4 mg  43%  210 mg  30%      Magnesio  161,1 mg  43%  112,6 mg  30%      Hierro  6,0 mg  43%  4,2 mg  30%      Zinc  4,3 mg  43%  3 mg  30%      Cobre  0,4 mg  43%  0,4 mg  30%      Manganeso  0,9 mg  43%  0,6 mg  30%      Selenio  23,7 \u00b5g  43%  16,6 \u00b5g  30%      Yodo  64,4\u00a0 \u00b5g  43%  45 \u00b5g  30%        % VRN\u00a0 (Valor Referencia Nutricional)por cada 100 g        \u00a0  Por 100 g  Por porci\u00f3n 70 g      Valor energ\u00e9tico  1499 KJ (357 Kcal)  1050 KJ (250 Kcal)      Grasas  9,7 g  6,8 g      De las cuales\u00a0 saturadas  4,7 g  3,4 g      Hidratos de carbono  40,7 g  28,6 g      De las cuales az\u00facares  34,5 g  24,2 g      De los cuales polialcoholes  2,4 g  1,6 g      Fibra  10,8 g  7,6 g      Prote\u00ednas  22,3 g  15,6 g      Sal  0,81 g  0,56 g        \u00a0\u00a0<\/p>\n","protected":false},"excerpt":{"rendered":"<p>La Barrita sustitutiva sabor chocolate de DRASANVI ha sido dise\u00f1ada como sustitutivo de una o dos de las comidas principales para ayudarte en el control de peso.Una porci\u00f3n, equivalente a la toma de dos barritas, te aportar\u00e1 todos los nutrientes que necesitas en una comida principal, dentro de una dieta hipocal\u00f3rica.Las barritas sustitutivas de una comida de DRASANVI son ricas en prote\u00ednas y alto contenido en fibra.Adem\u00e1s, son multivitam\u00ednicas. Te proporcionar\u00e1n 13 de las vitaminas y 12 de los minerales (f\u00f3sforo, calcio&#8230;) que necesitas para tu jornada diaria.<br \/><a id=\"boton-ficha\" href=\"https:\/\/panel.drasanvi.com\/fichas\/1\/032010102\" target=\"_blank\" rel=\"noopener\">Ficha t\u00e9cnica<\/a><\/p>\n","protected":false},"featured_media":19830,"template":"","meta":{"inline_featured_image":false},"product_cat":[89,109],"product_tag":[],"class_list":["post-12634","product","type-product","status-publish","has-post-thumbnail","hentry","product_cat-alimentation","product_cat-peso-saludable","pa_contiene-altramuces-no","pa_contiene-apio-no","pa_contiene-cacahuetes-si","pa_contiene-crustaceos-no","pa_contiene-frutos-secos-si","pa_contiene-huevo-si","pa_contiene-leche-si","pa_contiene-moluscos-no","pa_contiene-mostaza-no","pa_contiene-pescado-no","pa_contiene-sesamo-si","pa_contiene-soja-si","pa_producto-bio-no","pa_producto-sin-gluten-no","pa_producto-vegano-no","pa_producto-vegetariano-no"],"yoast_head":"<!-- This site is optimized with the Yoast SEO plugin v27.4 - https:\/\/yoast.com\/product\/yoast-seo-wordpress\/ -->\n<title>Caja barrita sustitutiva chocolate 4 unidades 4x35 g Zero remordimientos - Drasanvi Francia<\/title>\n<meta name=\"robots\" content=\"index, follow, max-snippet:-1, max-image-preview:large, max-video-preview:-1\" \/>\n<link rel=\"canonical\" href=\"https:\/\/drasanvi.com\/fr\/producto\/caja-barrita-sustitutiva-chocolate-4-unidades-4x35-g-zero-remordimientos\/\" \/>\n<meta property=\"og:locale\" content=\"fr_FR\" \/>\n<meta property=\"og:type\" content=\"article\" \/>\n<meta property=\"og:title\" content=\"Caja barrita sustitutiva chocolate 4 unidades 4x35 g Zero remordimientos - Drasanvi Francia\" \/>\n<meta property=\"og:description\" content=\"La Barrita sustitutiva sabor chocolate de DRASANVI ha sido dise\u00f1ada como sustitutivo de una o dos de las comidas principales para ayudarte en el control de peso.Una porci\u00f3n, equivalente a la toma de dos barritas, te aportar\u00e1 todos los nutrientes que necesitas en una comida principal, dentro de una dieta hipocal\u00f3rica.Las barritas sustitutivas de una comida de DRASANVI son ricas en prote\u00ednas y alto contenido en fibra.Adem\u00e1s, son multivitam\u00ednicas. Te proporcionar\u00e1n 13 de las vitaminas y 12 de los minerales (f\u00f3sforo, calcio...) que necesitas para tu jornada diaria.Ficha t\u00e9cnica\" \/>\n<meta property=\"og:url\" content=\"https:\/\/drasanvi.com\/fr\/producto\/caja-barrita-sustitutiva-chocolate-4-unidades-4x35-g-zero-remordimientos\/\" \/>\n<meta property=\"og:site_name\" content=\"Drasanvi Francia\" \/>\n<meta property=\"article:modified_time\" content=\"2022-03-10T12:12:27+00:00\" \/>\n<meta property=\"og:image\" content=\"https:\/\/drasanvi.com\/wp-content\/uploads\/sites\/7\/2022\/02\/032010102.png\" \/>\n\t<meta property=\"og:image:width\" content=\"1000\" \/>\n\t<meta property=\"og:image:height\" content=\"1000\" \/>\n\t<meta property=\"og:image:type\" content=\"image\/png\" \/>\n<meta name=\"twitter:card\" content=\"summary_large_image\" \/>\n<script type=\"application\/ld+json\" class=\"yoast-schema-graph\">{\"@context\":\"https:\\\/\\\/schema.org\",\"@graph\":[{\"@type\":\"WebPage\",\"@id\":\"https:\\\/\\\/drasanvi.com\\\/fr\\\/producto\\\/caja-barrita-sustitutiva-chocolate-4-unidades-4x35-g-zero-remordimientos\\\/\",\"url\":\"https:\\\/\\\/drasanvi.com\\\/fr\\\/producto\\\/caja-barrita-sustitutiva-chocolate-4-unidades-4x35-g-zero-remordimientos\\\/\",\"name\":\"Caja barrita sustitutiva chocolate 4 unidades 4x35 g Zero remordimientos - Drasanvi Francia\",\"isPartOf\":{\"@id\":\"https:\\\/\\\/drasanvi.com\\\/fr\\\/#website\"},\"primaryImageOfPage\":{\"@id\":\"https:\\\/\\\/drasanvi.com\\\/fr\\\/producto\\\/caja-barrita-sustitutiva-chocolate-4-unidades-4x35-g-zero-remordimientos\\\/#primaryimage\"},\"image\":{\"@id\":\"https:\\\/\\\/drasanvi.com\\\/fr\\\/producto\\\/caja-barrita-sustitutiva-chocolate-4-unidades-4x35-g-zero-remordimientos\\\/#primaryimage\"},\"thumbnailUrl\":\"https:\\\/\\\/drasanvi.com\\\/fr\\\/wp-content\\\/uploads\\\/sites\\\/7\\\/2022\\\/02\\\/032010102.png\",\"datePublished\":\"2022-02-28T13:00:22+00:00\",\"dateModified\":\"2022-03-10T12:12:27+00:00\",\"breadcrumb\":{\"@id\":\"https:\\\/\\\/drasanvi.com\\\/fr\\\/producto\\\/caja-barrita-sustitutiva-chocolate-4-unidades-4x35-g-zero-remordimientos\\\/#breadcrumb\"},\"inLanguage\":\"fr-FR\",\"potentialAction\":[{\"@type\":\"ReadAction\",\"target\":[\"https:\\\/\\\/drasanvi.com\\\/fr\\\/producto\\\/caja-barrita-sustitutiva-chocolate-4-unidades-4x35-g-zero-remordimientos\\\/\"]}]},{\"@type\":\"ImageObject\",\"inLanguage\":\"fr-FR\",\"@id\":\"https:\\\/\\\/drasanvi.com\\\/fr\\\/producto\\\/caja-barrita-sustitutiva-chocolate-4-unidades-4x35-g-zero-remordimientos\\\/#primaryimage\",\"url\":\"https:\\\/\\\/drasanvi.com\\\/fr\\\/wp-content\\\/uploads\\\/sites\\\/7\\\/2022\\\/02\\\/032010102.png\",\"contentUrl\":\"https:\\\/\\\/drasanvi.com\\\/fr\\\/wp-content\\\/uploads\\\/sites\\\/7\\\/2022\\\/02\\\/032010102.png\",\"width\":1000,\"height\":1000},{\"@type\":\"BreadcrumbList\",\"@id\":\"https:\\\/\\\/drasanvi.com\\\/fr\\\/producto\\\/caja-barrita-sustitutiva-chocolate-4-unidades-4x35-g-zero-remordimientos\\\/#breadcrumb\",\"itemListElement\":[{\"@type\":\"ListItem\",\"position\":1,\"name\":\"Portada\",\"item\":\"https:\\\/\\\/drasanvi.com\\\/fr\\\/\"},{\"@type\":\"ListItem\",\"position\":2,\"name\":\"Tienda\",\"item\":\"https:\\\/\\\/drasanvi.com\\\/fr\\\/tienda\\\/\"},{\"@type\":\"ListItem\",\"position\":3,\"name\":\"Caja barrita sustitutiva chocolate 4 unidades 4&#215;35 g Zero remordimientos\"}]},{\"@type\":\"WebSite\",\"@id\":\"https:\\\/\\\/drasanvi.com\\\/fr\\\/#website\",\"url\":\"https:\\\/\\\/drasanvi.com\\\/fr\\\/\",\"name\":\"Drasanvi Francia\",\"description\":\"L\u00edder en complementos alimenticios y cosm\u00e9tica natural.\",\"publisher\":{\"@id\":\"https:\\\/\\\/drasanvi.com\\\/fr\\\/#organization\"},\"potentialAction\":[{\"@type\":\"SearchAction\",\"target\":{\"@type\":\"EntryPoint\",\"urlTemplate\":\"https:\\\/\\\/drasanvi.com\\\/fr\\\/?s={search_term_string}\"},\"query-input\":{\"@type\":\"PropertyValueSpecification\",\"valueRequired\":true,\"valueName\":\"search_term_string\"}}],\"inLanguage\":\"fr-FR\"},{\"@type\":\"Organization\",\"@id\":\"https:\\\/\\\/drasanvi.com\\\/fr\\\/#organization\",\"name\":\"Drasanvi\",\"url\":\"https:\\\/\\\/drasanvi.com\\\/fr\\\/\",\"logo\":{\"@type\":\"ImageObject\",\"inLanguage\":\"fr-FR\",\"@id\":\"https:\\\/\\\/drasanvi.com\\\/fr\\\/#\\\/schema\\\/logo\\\/image\\\/\",\"url\":\"https:\\\/\\\/drasanvi.com\\\/wp-content\\\/uploads\\\/sites\\\/7\\\/2021\\\/07\\\/logo-drasanvi.png\",\"contentUrl\":\"https:\\\/\\\/drasanvi.com\\\/wp-content\\\/uploads\\\/sites\\\/7\\\/2021\\\/07\\\/logo-drasanvi.png\",\"width\":900,\"height\":300,\"caption\":\"Drasanvi\"},\"image\":{\"@id\":\"https:\\\/\\\/drasanvi.com\\\/fr\\\/#\\\/schema\\\/logo\\\/image\\\/\"}}]}<\/script>\n<!-- \/ Yoast SEO plugin. -->","yoast_head_json":{"title":"Caja barrita sustitutiva chocolate 4 unidades 4x35 g Zero remordimientos - Drasanvi Francia","robots":{"index":"index","follow":"follow","max-snippet":"max-snippet:-1","max-image-preview":"max-image-preview:large","max-video-preview":"max-video-preview:-1"},"canonical":"https:\/\/drasanvi.com\/fr\/producto\/caja-barrita-sustitutiva-chocolate-4-unidades-4x35-g-zero-remordimientos\/","og_locale":"fr_FR","og_type":"article","og_title":"Caja barrita sustitutiva chocolate 4 unidades 4x35 g Zero remordimientos - Drasanvi Francia","og_description":"La Barrita sustitutiva sabor chocolate de DRASANVI ha sido dise\u00f1ada como sustitutivo de una o dos de las comidas principales para ayudarte en el control de peso.Una porci\u00f3n, equivalente a la toma de dos barritas, te aportar\u00e1 todos los nutrientes que necesitas en una comida principal, dentro de una dieta hipocal\u00f3rica.Las barritas sustitutivas de una comida de DRASANVI son ricas en prote\u00ednas y alto contenido en fibra.Adem\u00e1s, son multivitam\u00ednicas. Te proporcionar\u00e1n 13 de las vitaminas y 12 de los minerales (f\u00f3sforo, calcio...) que necesitas para tu jornada diaria.Ficha t\u00e9cnica","og_url":"https:\/\/drasanvi.com\/fr\/producto\/caja-barrita-sustitutiva-chocolate-4-unidades-4x35-g-zero-remordimientos\/","og_site_name":"Drasanvi Francia","article_modified_time":"2022-03-10T12:12:27+00:00","og_image":[{"width":1000,"height":1000,"url":"https:\/\/drasanvi.com\/wp-content\/uploads\/sites\/7\/2022\/02\/032010102.png","type":"image\/png"}],"twitter_card":"summary_large_image","schema":{"@context":"https:\/\/schema.org","@graph":[{"@type":"WebPage","@id":"https:\/\/drasanvi.com\/fr\/producto\/caja-barrita-sustitutiva-chocolate-4-unidades-4x35-g-zero-remordimientos\/","url":"https:\/\/drasanvi.com\/fr\/producto\/caja-barrita-sustitutiva-chocolate-4-unidades-4x35-g-zero-remordimientos\/","name":"Caja barrita sustitutiva chocolate 4 unidades 4x35 g Zero remordimientos - Drasanvi Francia","isPartOf":{"@id":"https:\/\/drasanvi.com\/fr\/#website"},"primaryImageOfPage":{"@id":"https:\/\/drasanvi.com\/fr\/producto\/caja-barrita-sustitutiva-chocolate-4-unidades-4x35-g-zero-remordimientos\/#primaryimage"},"image":{"@id":"https:\/\/drasanvi.com\/fr\/producto\/caja-barrita-sustitutiva-chocolate-4-unidades-4x35-g-zero-remordimientos\/#primaryimage"},"thumbnailUrl":"https:\/\/drasanvi.com\/fr\/wp-content\/uploads\/sites\/7\/2022\/02\/032010102.png","datePublished":"2022-02-28T13:00:22+00:00","dateModified":"2022-03-10T12:12:27+00:00","breadcrumb":{"@id":"https:\/\/drasanvi.com\/fr\/producto\/caja-barrita-sustitutiva-chocolate-4-unidades-4x35-g-zero-remordimientos\/#breadcrumb"},"inLanguage":"fr-FR","potentialAction":[{"@type":"ReadAction","target":["https:\/\/drasanvi.com\/fr\/producto\/caja-barrita-sustitutiva-chocolate-4-unidades-4x35-g-zero-remordimientos\/"]}]},{"@type":"ImageObject","inLanguage":"fr-FR","@id":"https:\/\/drasanvi.com\/fr\/producto\/caja-barrita-sustitutiva-chocolate-4-unidades-4x35-g-zero-remordimientos\/#primaryimage","url":"https:\/\/drasanvi.com\/fr\/wp-content\/uploads\/sites\/7\/2022\/02\/032010102.png","contentUrl":"https:\/\/drasanvi.com\/fr\/wp-content\/uploads\/sites\/7\/2022\/02\/032010102.png","width":1000,"height":1000},{"@type":"BreadcrumbList","@id":"https:\/\/drasanvi.com\/fr\/producto\/caja-barrita-sustitutiva-chocolate-4-unidades-4x35-g-zero-remordimientos\/#breadcrumb","itemListElement":[{"@type":"ListItem","position":1,"name":"Portada","item":"https:\/\/drasanvi.com\/fr\/"},{"@type":"ListItem","position":2,"name":"Tienda","item":"https:\/\/drasanvi.com\/fr\/tienda\/"},{"@type":"ListItem","position":3,"name":"Caja barrita sustitutiva chocolate 4 unidades 4&#215;35 g Zero remordimientos"}]},{"@type":"WebSite","@id":"https:\/\/drasanvi.com\/fr\/#website","url":"https:\/\/drasanvi.com\/fr\/","name":"Drasanvi Francia","description":"L\u00edder en complementos alimenticios y cosm\u00e9tica natural.","publisher":{"@id":"https:\/\/drasanvi.com\/fr\/#organization"},"potentialAction":[{"@type":"SearchAction","target":{"@type":"EntryPoint","urlTemplate":"https:\/\/drasanvi.com\/fr\/?s={search_term_string}"},"query-input":{"@type":"PropertyValueSpecification","valueRequired":true,"valueName":"search_term_string"}}],"inLanguage":"fr-FR"},{"@type":"Organization","@id":"https:\/\/drasanvi.com\/fr\/#organization","name":"Drasanvi","url":"https:\/\/drasanvi.com\/fr\/","logo":{"@type":"ImageObject","inLanguage":"fr-FR","@id":"https:\/\/drasanvi.com\/fr\/#\/schema\/logo\/image\/","url":"https:\/\/drasanvi.com\/wp-content\/uploads\/sites\/7\/2021\/07\/logo-drasanvi.png","contentUrl":"https:\/\/drasanvi.com\/wp-content\/uploads\/sites\/7\/2021\/07\/logo-drasanvi.png","width":900,"height":300,"caption":"Drasanvi"},"image":{"@id":"https:\/\/drasanvi.com\/fr\/#\/schema\/logo\/image\/"}}]}},"_links":{"self":[{"href":"https:\/\/drasanvi.com\/fr\/wp-json\/wp\/v2\/product\/12634","targetHints":{"allow":["GET"]}}],"collection":[{"href":"https:\/\/drasanvi.com\/fr\/wp-json\/wp\/v2\/product"}],"about":[{"href":"https:\/\/drasanvi.com\/fr\/wp-json\/wp\/v2\/types\/product"}],"version-history":[{"count":0,"href":"https:\/\/drasanvi.com\/fr\/wp-json\/wp\/v2\/product\/12634\/revisions"}],"wp:featuredmedia":[{"embeddable":true,"href":"https:\/\/drasanvi.com\/fr\/wp-json\/wp\/v2\/media\/19830"}],"wp:attachment":[{"href":"https:\/\/drasanvi.com\/fr\/wp-json\/wp\/v2\/media?parent=12634"}],"wp:term":[{"taxonomy":"product_cat","embeddable":true,"href":"https:\/\/drasanvi.com\/fr\/wp-json\/wp\/v2\/product_cat?post=12634"},{"taxonomy":"product_tag","embeddable":true,"href":"https:\/\/drasanvi.com\/fr\/wp-json\/wp\/v2\/product_tag?post=12634"}],"curies":[{"name":"wp","href":"https:\/\/api.w.org\/{rel}","templated":true}]}}